{"id":28656,"date":"2024-07-31T14:42:31","date_gmt":"2024-07-31T12:42:31","guid":{"rendered":"https:\/\/samarali.com\/product\/set-de-yoga-classique-avance\/"},"modified":"2025-01-06T13:43:43","modified_gmt":"2025-01-06T12:43:43","slug":"set-de-yoga-classique-avance","status":"publish","type":"product","link":"https:\/\/samarali.com\/fr\/produit\/set-de-yoga-classique-avance\/","title":{"rendered":"Set de Yoga Classique Avanc\u00e9"},"content":{"rendered":"<p>Le set de yoga classique avanc\u00e9 offre tout ce dont vous avez besoin pour commencer votre voyage de yoga ou am\u00e9liorer votre pratique. Ce set comprend notre tapis de yoga en li\u00e8ge avec une sangle en coton, deux blocs de yoga en li\u00e8ge et un sac de transport pratique. Parfait pour les d\u00e9butants comme pour les yogis chevronn\u00e9s, cet ensemble allie qualit\u00e9, confort et style pour soutenir votre pratique \u00e0 chaque \u00e9tape.<\/p>\n<p><strong>Tapis de yoga en li\u00e8ge<\/strong><br \/>\nNotre tapis de yoga en li\u00e8ge est fabriqu\u00e9 \u00e0 partir de mat\u00e9riaux \u00e9cologiques de haute qualit\u00e9, notamment du li\u00e8ge naturel et du caoutchouc. Il constitue une alternative \u00e9cologique aux tapis synth\u00e9tiques et offre une surface respirante, douce et respectueuse de la peau. Gr\u00e2ce \u00e0 ses propri\u00e9t\u00e9s antimicrobiennes, il traite efficacement la transpiration et les odeurs, ce qui le rend id\u00e9al pour les s\u00e9ances de yoga intenses. Avec une excellente adh\u00e9rence, surtout lorsqu&rsquo;il est mouill\u00e9, ce tapis est parfait pour le yoga actif et le yoga chaud.<\/p>\n<p><strong>Courroie de transport<\/strong><br \/>\nLe tapis est livr\u00e9 avec une sangle de transport pratique, qui vous permet d&#8217;emmener votre tapis de yoga partout sans probl\u00e8me.<\/p>\n<p><strong>Bloc de yoga<\/strong><br \/>\nLe bloc de yoga est un accessoire essentiel pour le yoga et le Pilates, car il apporte un soutien vital dans les diff\u00e9rentes positions. Notre bloc de yoga est con\u00e7u avec une large surface pour la stabilit\u00e9 dans les \u00e9quilibres de bras et le soutien du dos pendant les exercices en position couch\u00e9e. L\u00e9ger, avec une surface antid\u00e9rapante et des bords arrondis, il tient confortablement dans votre main, \u00e9vitant les points de pression.<\/p>\n<p><strong>Sac de transport pour tapis de yoga<\/strong><br \/>\nNotre sac de transport pour tapis de yoga est fabriqu\u00e9 en li\u00e8ge portugais de premi\u00e8re qualit\u00e9, connu pour sa durabilit\u00e9 et ses qualit\u00e9s de faible entretien. La texture naturelle du li\u00e8ge ajoute une touche de style \u00e0 vos v\u00eatements de sport. Doux, l\u00e9ger et exceptionnellement confortable, ce sac est parfait pour transporter votre tapis au studio ou m\u00eame en voyage. De plus, il est totalement imperm\u00e9able, ce qui garantit que votre tapis reste sec m\u00eame par temps de pluie.<\/p>\n","protected":false},"excerpt":{"rendered":"<p>Commencez ou am\u00e9liorez votre pratique du yoga avec l&rsquo;ensemble de yoga Classic Advanced, qui comprend un tapis de yoga en li\u00e8ge, une sangle en coton, deux blocs en li\u00e8ge et un sac de transport imperm\u00e9able. Respectueux de l&rsquo;environnement, durable et parfait pour tous les niveaux.<\/p>\n<div id=\"gtx-trans\" style=\"position: absolute;left: -67px;top: -8.8px\">\n<div class=\"gtx-trans-icon\"><\/div>\n<\/div>\n","protected":false},"featured_media":17508,"comment_status":"open","ping_status":"closed","template":"","meta":{"_acf_changed":false,"_improvement_type_select":"improve_an_existing","_thumb_yes_seoaic":false,"_frame_yes_seoaic":false,"seoaic_generate_description":"","seoaic_improve_instructions_prompt":"","seoaic_rollback_content_improvement":"","seoaic_idea_thumbnail_generator":"","thumbnail_generated":false,"thumbnail_generate_prompt":"","seoaic_article_description":"","inline_featured_image":false},"product_cat":[326,325],"product_tag":[],"class_list":{"0":"post-28656","1":"product","2":"type-product","3":"status-publish","4":"has-post-thumbnail","6":"product_cat-ensembles-de-yoga","7":"product_cat-yoga-fr","9":"first","10":"instock","11":"shipping-taxable","12":"purchasable","13":"product-type-simple"},"acf":[],"yoast_head":"<!-- This site is optimized with the Yoast SEO Premium plugin v27.3 (Yoast SEO v27.3) - https:\/\/yoast.com\/product\/yoast-seo-premium-wordpress\/ -->\n<title>Set de Yoga Classique Avanc\u00e9 - Samarali<\/title>\n<meta name=\"description\" content=\"Am\u00e9liorez votre pratique du yoga avec l&#039;ensemble de yoga Classic Advanced, qui comprend un tapis de yoga en li\u00e8ge, une sangle en coton, deux blocs en li\u00e8ge et un sac de transport imperm\u00e9able.\" \/>\n<meta name=\"robots\" content=\"index, follow, max-snippet:-1, max-image-preview:large, max-video-preview:-1\" \/>\n<link rel=\"canonical\" href=\"https:\/\/samarali.com\/fr\/produit\/set-de-yoga-classique-avance\/\" \/>\n<meta property=\"og:locale\" content=\"fr_FR\" \/>\n<meta property=\"og:type\" content=\"article\" \/>\n<meta property=\"og:title\" content=\"Set de Yoga Classique Avanc\u00e9 - Samarali\" \/>\n<meta property=\"og:description\" content=\"Am\u00e9liorez votre pratique du yoga avec l&#039;ensemble de yoga Classic Advanced, qui comprend un tapis de yoga en li\u00e8ge, une sangle en coton, deux blocs en li\u00e8ge et un sac de transport imperm\u00e9able.\" \/>\n<meta property=\"og:url\" content=\"https:\/\/samarali.com\/fr\/produit\/set-de-yoga-classique-avance\/\" \/>\n<meta property=\"og:site_name\" content=\"Samarali\" \/>\n<meta property=\"article:publisher\" content=\"https:\/\/www.facebook.com\/samaraliyoga\" \/>\n<meta property=\"article:modified_time\" content=\"2025-01-06T12:43:43+00:00\" \/>\n<meta property=\"og:image\" content=\"https:\/\/samarali.com\/wp-content\/uploads\/2024\/07\/Classic-advanced-yoga-set.jpg\" \/>\n\t<meta property=\"og:image:width\" content=\"1000\" \/>\n\t<meta property=\"og:image:height\" content=\"1000\" \/>\n\t<meta property=\"og:image:type\" content=\"image\/jpeg\" \/>\n<meta name=\"twitter:card\" content=\"summary_large_image\" \/>\n<meta name=\"twitter:label1\" content=\"Prix\" \/>\n\t<meta name=\"twitter:data1\" content=\"&euro;&nbsp;165,00\" \/>\n\t<meta name=\"twitter:label2\" content=\"Disponibilit\u00e9\" \/>\n\t<meta name=\"twitter:data2\" content=\"En stock\" \/>\n<script type=\"application\/ld+json\" class=\"yoast-schema-graph\">{\"@context\":\"https:\\\/\\\/schema.org\",\"@graph\":[{\"@type\":\"WebPage\",\"@id\":\"https:\\\/\\\/samarali.com\\\/fr\\\/produit\\\/set-de-yoga-classique-avance\\\/\",\"url\":\"https:\\\/\\\/samarali.com\\\/fr\\\/produit\\\/set-de-yoga-classique-avance\\\/\",\"name\":\"Set de Yoga Classique Avanc\u00e9 - Samarali\",\"isPartOf\":{\"@id\":\"https:\\\/\\\/samarali.com\\\/fr\\\/#website\"},\"primaryImageOfPage\":{\"@id\":\"https:\\\/\\\/samarali.com\\\/fr\\\/produit\\\/set-de-yoga-classique-avance\\\/#primaryimage\"},\"image\":{\"@id\":\"https:\\\/\\\/samarali.com\\\/fr\\\/produit\\\/set-de-yoga-classique-avance\\\/#primaryimage\"},\"thumbnailUrl\":\"https:\\\/\\\/samarali.com\\\/wp-content\\\/uploads\\\/2024\\\/07\\\/Classic-advanced-yoga-set.jpg\",\"datePublished\":\"2024-07-31T12:42:31+00:00\",\"dateModified\":\"2025-01-06T12:43:43+00:00\",\"description\":\"Am\u00e9liorez votre pratique du yoga avec l'ensemble de yoga Classic Advanced, qui comprend un tapis de yoga en li\u00e8ge, une sangle en coton, deux blocs en li\u00e8ge et un sac de transport imperm\u00e9able.\",\"breadcrumb\":{\"@id\":\"https:\\\/\\\/samarali.com\\\/fr\\\/produit\\\/set-de-yoga-classique-avance\\\/#breadcrumb\"},\"inLanguage\":\"fr-FR\",\"potentialAction\":[{\"@type\":\"ReadAction\",\"target\":[\"https:\\\/\\\/samarali.com\\\/fr\\\/produit\\\/set-de-yoga-classique-avance\\\/\"]}]},{\"@type\":\"ImageObject\",\"inLanguage\":\"fr-FR\",\"@id\":\"https:\\\/\\\/samarali.com\\\/fr\\\/produit\\\/set-de-yoga-classique-avance\\\/#primaryimage\",\"url\":\"https:\\\/\\\/samarali.com\\\/wp-content\\\/uploads\\\/2024\\\/07\\\/Classic-advanced-yoga-set.jpg\",\"contentUrl\":\"https:\\\/\\\/samarali.com\\\/wp-content\\\/uploads\\\/2024\\\/07\\\/Classic-advanced-yoga-set.jpg\",\"width\":1000,\"height\":1000,\"caption\":\"Ensemble classique de yoga avanc\u00e9\"},{\"@type\":\"BreadcrumbList\",\"@id\":\"https:\\\/\\\/samarali.com\\\/fr\\\/produit\\\/set-de-yoga-classique-avance\\\/#breadcrumb\",\"itemListElement\":[{\"@type\":\"ListItem\",\"position\":1,\"name\":\"Accueil\",\"item\":\"https:\\\/\\\/samarali.com\\\/fr\\\/accueil\\\/\"},{\"@type\":\"ListItem\",\"position\":2,\"name\":\"Boutique\",\"item\":\"https:\\\/\\\/samarali.com\\\/fr\\\/boutique\\\/\"},{\"@type\":\"ListItem\",\"position\":3,\"name\":\"Set de Yoga Classique Avanc\u00e9\"}]},{\"@type\":\"WebSite\",\"@id\":\"https:\\\/\\\/samarali.com\\\/fr\\\/#website\",\"url\":\"https:\\\/\\\/samarali.com\\\/fr\\\/\",\"name\":\"Samarali\",\"description\":\"Samarali est une marque de yoga et de style de vie durable bas\u00e9e aux Pays-Bas.\",\"publisher\":{\"@id\":\"https:\\\/\\\/samarali.com\\\/fr\\\/#organization\"},\"potentialAction\":[{\"@type\":\"SearchAction\",\"target\":{\"@type\":\"EntryPoint\",\"urlTemplate\":\"https:\\\/\\\/samarali.com\\\/fr\\\/?s={search_term_string}\"},\"query-input\":{\"@type\":\"PropertyValueSpecification\",\"valueRequired\":true,\"valueName\":\"search_term_string\"}}],\"inLanguage\":\"fr-FR\"},{\"@type\":\"Organization\",\"@id\":\"https:\\\/\\\/samarali.com\\\/fr\\\/#organization\",\"name\":\"Samarali\",\"url\":\"https:\\\/\\\/samarali.com\\\/fr\\\/\",\"logo\":{\"@type\":\"ImageObject\",\"inLanguage\":\"fr-FR\",\"@id\":\"https:\\\/\\\/samarali.com\\\/fr\\\/#\\\/schema\\\/logo\\\/image\\\/\",\"url\":\"https:\\\/\\\/samarali.com\\\/wp-content\\\/uploads\\\/2024\\\/05\\\/cropped-samarali-icon.png\",\"contentUrl\":\"https:\\\/\\\/samarali.com\\\/wp-content\\\/uploads\\\/2024\\\/05\\\/cropped-samarali-icon.png\",\"width\":512,\"height\":512,\"caption\":\"Samarali\"},\"image\":{\"@id\":\"https:\\\/\\\/samarali.com\\\/fr\\\/#\\\/schema\\\/logo\\\/image\\\/\"},\"sameAs\":[\"https:\\\/\\\/www.facebook.com\\\/samaraliyoga\",\"https:\\\/\\\/www.linkedin.com\\\/company\\\/69563155\\\/\",\"https:\\\/\\\/www.instagram.com\\\/samaraliyoga\\\/\",\"https:\\\/\\\/nl.pinterest.com\\\/Samaraliyoga\\\/\"],\"description\":\"Samarali is a sustainable yoga and lifestyle brand based in the Netherlands\",\"email\":\"info@samarali.com\",\"legalName\":\"Samarali B.V.\",\"vatID\":\"NL859820324B01\",\"numberOfEmployees\":{\"@type\":\"QuantitativeValue\",\"minValue\":\"1\",\"maxValue\":\"10\"}}]}<\/script>\n<meta property=\"product:price:amount\" content=\"165.00\" \/>\n<meta property=\"product:price:currency\" content=\"EUR\" \/>\n<meta property=\"og:availability\" content=\"instock\" \/>\n<meta property=\"product:availability\" content=\"instock\" \/>\n<meta property=\"product:retailer_item_id\" content=\"11120\" \/>\n<meta property=\"product:condition\" content=\"new\" \/>\n<!-- \/ Yoast SEO Premium plugin. -->","yoast_head_json":{"title":"Set de Yoga Classique Avanc\u00e9 - Samarali","description":"Am\u00e9liorez votre pratique du yoga avec l'ensemble de yoga Classic Advanced, qui comprend un tapis de yoga en li\u00e8ge, une sangle en coton, deux blocs en li\u00e8ge et un sac de transport imperm\u00e9able.","robots":{"index":"index","follow":"follow","max-snippet":"max-snippet:-1","max-image-preview":"max-image-preview:large","max-video-preview":"max-video-preview:-1"},"canonical":"https:\/\/samarali.com\/fr\/produit\/set-de-yoga-classique-avance\/","og_locale":"fr_FR","og_type":"article","og_title":"Set de Yoga Classique Avanc\u00e9 - Samarali","og_description":"Am\u00e9liorez votre pratique du yoga avec l'ensemble de yoga Classic Advanced, qui comprend un tapis de yoga en li\u00e8ge, une sangle en coton, deux blocs en li\u00e8ge et un sac de transport imperm\u00e9able.","og_url":"https:\/\/samarali.com\/fr\/produit\/set-de-yoga-classique-avance\/","og_site_name":"Samarali","article_publisher":"https:\/\/www.facebook.com\/samaraliyoga","article_modified_time":"2025-01-06T12:43:43+00:00","og_image":[{"width":1000,"height":1000,"url":"https:\/\/samarali.com\/wp-content\/uploads\/2024\/07\/Classic-advanced-yoga-set.jpg","type":"image\/jpeg"}],"twitter_card":"summary_large_image","twitter_misc":{"Prix":"&euro;&nbsp;165,00","Disponibilit\u00e9":"En stock"},"schema":{"@context":"https:\/\/schema.org","@graph":[{"@type":"WebPage","@id":"https:\/\/samarali.com\/fr\/produit\/set-de-yoga-classique-avance\/","url":"https:\/\/samarali.com\/fr\/produit\/set-de-yoga-classique-avance\/","name":"Set de Yoga Classique Avanc\u00e9 - Samarali","isPartOf":{"@id":"https:\/\/samarali.com\/fr\/#website"},"primaryImageOfPage":{"@id":"https:\/\/samarali.com\/fr\/produit\/set-de-yoga-classique-avance\/#primaryimage"},"image":{"@id":"https:\/\/samarali.com\/fr\/produit\/set-de-yoga-classique-avance\/#primaryimage"},"thumbnailUrl":"https:\/\/samarali.com\/wp-content\/uploads\/2024\/07\/Classic-advanced-yoga-set.jpg","datePublished":"2024-07-31T12:42:31+00:00","dateModified":"2025-01-06T12:43:43+00:00","description":"Am\u00e9liorez votre pratique du yoga avec l'ensemble de yoga Classic Advanced, qui comprend un tapis de yoga en li\u00e8ge, une sangle en coton, deux blocs en li\u00e8ge et un sac de transport imperm\u00e9able.","breadcrumb":{"@id":"https:\/\/samarali.com\/fr\/produit\/set-de-yoga-classique-avance\/#breadcrumb"},"inLanguage":"fr-FR","potentialAction":[{"@type":"ReadAction","target":["https:\/\/samarali.com\/fr\/produit\/set-de-yoga-classique-avance\/"]}]},{"@type":"ImageObject","inLanguage":"fr-FR","@id":"https:\/\/samarali.com\/fr\/produit\/set-de-yoga-classique-avance\/#primaryimage","url":"https:\/\/samarali.com\/wp-content\/uploads\/2024\/07\/Classic-advanced-yoga-set.jpg","contentUrl":"https:\/\/samarali.com\/wp-content\/uploads\/2024\/07\/Classic-advanced-yoga-set.jpg","width":1000,"height":1000,"caption":"Ensemble classique de yoga avanc\u00e9"},{"@type":"BreadcrumbList","@id":"https:\/\/samarali.com\/fr\/produit\/set-de-yoga-classique-avance\/#breadcrumb","itemListElement":[{"@type":"ListItem","position":1,"name":"Accueil","item":"https:\/\/samarali.com\/fr\/accueil\/"},{"@type":"ListItem","position":2,"name":"Boutique","item":"https:\/\/samarali.com\/fr\/boutique\/"},{"@type":"ListItem","position":3,"name":"Set de Yoga Classique Avanc\u00e9"}]},{"@type":"WebSite","@id":"https:\/\/samarali.com\/fr\/#website","url":"https:\/\/samarali.com\/fr\/","name":"Samarali","description":"Samarali est une marque de yoga et de style de vie durable bas\u00e9e aux Pays-Bas.","publisher":{"@id":"https:\/\/samarali.com\/fr\/#organization"},"potentialAction":[{"@type":"SearchAction","target":{"@type":"EntryPoint","urlTemplate":"https:\/\/samarali.com\/fr\/?s={search_term_string}"},"query-input":{"@type":"PropertyValueSpecification","valueRequired":true,"valueName":"search_term_string"}}],"inLanguage":"fr-FR"},{"@type":"Organization","@id":"https:\/\/samarali.com\/fr\/#organization","name":"Samarali","url":"https:\/\/samarali.com\/fr\/","logo":{"@type":"ImageObject","inLanguage":"fr-FR","@id":"https:\/\/samarali.com\/fr\/#\/schema\/logo\/image\/","url":"https:\/\/samarali.com\/wp-content\/uploads\/2024\/05\/cropped-samarali-icon.png","contentUrl":"https:\/\/samarali.com\/wp-content\/uploads\/2024\/05\/cropped-samarali-icon.png","width":512,"height":512,"caption":"Samarali"},"image":{"@id":"https:\/\/samarali.com\/fr\/#\/schema\/logo\/image\/"},"sameAs":["https:\/\/www.facebook.com\/samaraliyoga","https:\/\/www.linkedin.com\/company\/69563155\/","https:\/\/www.instagram.com\/samaraliyoga\/","https:\/\/nl.pinterest.com\/Samaraliyoga\/"],"description":"Samarali is a sustainable yoga and lifestyle brand based in the Netherlands","email":"info@samarali.com","legalName":"Samarali B.V.","vatID":"NL859820324B01","numberOfEmployees":{"@type":"QuantitativeValue","minValue":"1","maxValue":"10"}}]},"product_price_amount":"165.00","product_price_currency":"EUR","og_availability":"instock","product_availability":"instock","product_retailer_item_id":"11120","product_condition":"new"},"jetpack_sharing_enabled":true,"_links":{"self":[{"href":"https:\/\/samarali.com\/fr\/wp-json\/wp\/v2\/product\/28656","targetHints":{"allow":["GET"]}}],"collection":[{"href":"https:\/\/samarali.com\/fr\/wp-json\/wp\/v2\/product"}],"about":[{"href":"https:\/\/samarali.com\/fr\/wp-json\/wp\/v2\/types\/product"}],"replies":[{"embeddable":true,"href":"https:\/\/samarali.com\/fr\/wp-json\/wp\/v2\/comments?post=28656"}],"version-history":[{"count":1,"href":"https:\/\/samarali.com\/fr\/wp-json\/wp\/v2\/product\/28656\/revisions"}],"predecessor-version":[{"id":32878,"href":"https:\/\/samarali.com\/fr\/wp-json\/wp\/v2\/product\/28656\/revisions\/32878"}],"wp:featuredmedia":[{"embeddable":true,"href":"https:\/\/samarali.com\/fr\/wp-json\/wp\/v2\/media\/17508"}],"wp:attachment":[{"href":"https:\/\/samarali.com\/fr\/wp-json\/wp\/v2\/media?parent=28656"}],"wp:term":[{"taxonomy":"product_cat","embeddable":true,"href":"https:\/\/samarali.com\/fr\/wp-json\/wp\/v2\/product_cat?post=28656"},{"taxonomy":"product_tag","embeddable":true,"href":"https:\/\/samarali.com\/fr\/wp-json\/wp\/v2\/product_tag?post=28656"}],"curies":[{"name":"wp","href":"https:\/\/api.w.org\/{rel}","templated":true}]}}