{"id":28650,"date":"2024-07-31T13:35:22","date_gmt":"2024-07-31T11:35:22","guid":{"rendered":"https:\/\/samarali.com\/product\/tapis-de-yoga-eclipse-de-soleil\/"},"modified":"2025-01-06T13:43:03","modified_gmt":"2025-01-06T12:43:03","slug":"tapis-de-yoga-eclipse-de-soleil","status":"publish","type":"product","link":"https:\/\/samarali.com\/fr\/produit\/tapis-de-yoga-eclipse-de-soleil\/","title":{"rendered":"Tapis de yoga \u00e9clipse de soleil"},"content":{"rendered":"<p>Appr\u00e9ciez vos asanas avec notre tapis de yoga en li\u00e8ge Sun Eclipse, \u00e9cologique et de haute qualit\u00e9.<br \/>\nCon\u00e7u pour soutenir vos exercices et \u00e9lever votre pratique, ce tapis offre le m\u00e9lange parfait de confort, de stabilit\u00e9 et de durabilit\u00e9 pour vous aider \u00e0 faire passer votre yoga au niveau sup\u00e9rieur.<br \/>\nLe tapis de yoga Sun Eclipse en li\u00e8ge \u00e9limine naturellement les germes, les bact\u00e9ries et les odeurs gr\u00e2ce aux propri\u00e9t\u00e9s antibact\u00e9riennes inh\u00e9rentes au li\u00e8ge, ce qui signifie que vous n&rsquo;avez pas besoin de le nettoyer apr\u00e8s chaque entra\u00eenement.<br \/>\nIl est donc id\u00e9al pour les s\u00e9ances d&rsquo;entra\u00eenement \u00e0 domicile, car il ne laissera pas d&rsquo;odeurs d\u00e9sagr\u00e9ables sur votre sol ou votre moquette.<br \/>\nCependant, un entretien occasionnel est recommand\u00e9 : il suffit de le vaporiser avec un m\u00e9lange d&rsquo;eau et de vinaigre de cidre de pomme pour le garder frais.<br \/>\nLa surface en li\u00e8ge du tapis offre une adh\u00e9rence exceptionnelle, surtout en pr\u00e9sence d&rsquo;humidit\u00e9.<br \/>\nLorsque vous transpirez, le li\u00e8ge lib\u00e8re de la sub\u00e9rine, une substance cireuse qui am\u00e9liore l&rsquo;adh\u00e9rence.<br \/>\nQue vous suiviez un cours de yoga chaud ou d&rsquo;ashtanga, le tapis ne deviendra pas glissant.<br \/>\nEn fait, vous pouvez optimiser l&rsquo;adh\u00e9rence en vaporisant l\u00e9g\u00e8rement de l&rsquo;eau sur vos mains et vos pieds avant la s\u00e9ance.<br \/>\nAvec une \u00e9paisseur de 4 mm, ce tapis de yoga offre un amorti optimal pour vos genoux, vos pieds et vos articulations.<br \/>\nLa structure mol\u00e9culaire unique du li\u00e8ge absorbe les chocs et reprend rapidement sa forme initiale, offrant un \u00e9quilibre parfait entre stabilit\u00e9 et flexibilit\u00e9.<br \/>\nLe design du tapis est imprim\u00e9 au laser, ce qui le rend exempt de produits chimiques tout en garantissant que le design reste intact et ne s&rsquo;estompe pas avec le temps. <\/p>\n","protected":false},"excerpt":{"rendered":"<p>Am\u00e9liorez votre pratique avec le tapis de yoga en li\u00e8ge Sun Eclipse, respectueux de l&rsquo;environnement. Dot\u00e9 de propri\u00e9t\u00e9s antibact\u00e9riennes naturelles et d&rsquo;une meilleure adh\u00e9rence en cas de transpiration, ce tapis de 4 mm d&rsquo;\u00e9paisseur offre stabilit\u00e9, confort et durabilit\u00e9 pour toutes vos s\u00e9ances.<\/p>\n","protected":false},"featured_media":17419,"comment_status":"open","ping_status":"closed","template":"","meta":{"_acf_changed":false,"_improvement_type_select":"improve_an_existing","_thumb_yes_seoaic":false,"_frame_yes_seoaic":false,"seoaic_generate_description":"","seoaic_improve_instructions_prompt":"","seoaic_rollback_content_improvement":"","seoaic_idea_thumbnail_generator":"","thumbnail_generated":false,"thumbnail_generate_prompt":"","seoaic_article_description":"","inline_featured_image":false},"product_cat":[337,325],"product_tag":[],"class_list":{"0":"post-28650","1":"product","2":"type-product","3":"status-publish","4":"has-post-thumbnail","6":"product_cat-tapis-de-yoga","7":"product_cat-yoga-fr","9":"first","10":"instock","11":"shipping-taxable","12":"purchasable","13":"product-type-simple"},"acf":[],"yoast_head":"<!-- This site is optimized with the Yoast SEO Premium plugin v27.3 (Yoast SEO v27.3) - https:\/\/yoast.com\/product\/yoast-seo-premium-wordpress\/ -->\n<title>Tapis de yoga en li\u00e8ge \u00e9co-responsable Sun Eclipse pour le confort<\/title>\n<meta name=\"description\" content=\"Am\u00e9liorez votre pratique du yoga avec notre tapis en li\u00e8ge Sun Eclipse. Profitez de la stabilit\u00e9, du confort et des propri\u00e9t\u00e9s antibact\u00e9riennes naturelles pour un entra\u00eenement frais.\" \/>\n<meta name=\"robots\" content=\"index, follow, max-snippet:-1, max-image-preview:large, max-video-preview:-1\" \/>\n<link rel=\"canonical\" href=\"https:\/\/samarali.com\/fr\/produit\/tapis-de-yoga-eclipse-de-soleil\/\" \/>\n<meta property=\"og:locale\" content=\"fr_FR\" \/>\n<meta property=\"og:type\" content=\"article\" \/>\n<meta property=\"og:title\" content=\"Tapis de yoga en li\u00e8ge Sun Eclipse : Confort et stabilit\u00e9\" \/>\n<meta property=\"og:description\" content=\"Am\u00e9liorez vos s\u00e9ances de yoga avec notre tapis en li\u00e8ge \u00e9cologique.\" \/>\n<meta property=\"og:url\" content=\"https:\/\/samarali.com\/fr\/produit\/tapis-de-yoga-eclipse-de-soleil\/\" \/>\n<meta property=\"og:site_name\" content=\"Samarali\" \/>\n<meta property=\"article:publisher\" content=\"https:\/\/www.facebook.com\/samaraliyoga\" \/>\n<meta property=\"article:modified_time\" content=\"2025-01-06T12:43:03+00:00\" \/>\n<meta property=\"og:image\" content=\"https:\/\/samarali.com\/wp-content\/uploads\/2024\/07\/sam-sun-eclipse-yoga-mat-01.jpg\" \/>\n\t<meta property=\"og:image:width\" content=\"830\" \/>\n\t<meta property=\"og:image:height\" content=\"830\" \/>\n\t<meta property=\"og:image:type\" content=\"image\/jpeg\" \/>\n<meta name=\"twitter:card\" content=\"summary_large_image\" \/>\n<meta name=\"twitter:title\" content=\"Tapis de yoga en li\u00e8ge Sun Eclipse : Confort et stabilit\u00e9\" \/>\n<meta name=\"twitter:description\" content=\"Am\u00e9liorez vos s\u00e9ances de yoga avec notre tapis en li\u00e8ge \u00e9cologique.\" \/>\n<meta name=\"twitter:label1\" content=\"Prix\" \/>\n\t<meta name=\"twitter:data1\" content=\"&euro;&nbsp;79,00\" \/>\n\t<meta name=\"twitter:label2\" content=\"Disponibilit\u00e9\" \/>\n\t<meta name=\"twitter:data2\" content=\"En stock\" \/>\n<script type=\"application\/ld+json\" class=\"yoast-schema-graph\">{\"@context\":\"https:\\\/\\\/schema.org\",\"@graph\":[{\"@type\":\"WebPage\",\"@id\":\"https:\\\/\\\/samarali.com\\\/fr\\\/produit\\\/tapis-de-yoga-eclipse-de-soleil\\\/\",\"url\":\"https:\\\/\\\/samarali.com\\\/fr\\\/produit\\\/tapis-de-yoga-eclipse-de-soleil\\\/\",\"name\":\"Tapis de yoga en li\u00e8ge \u00e9co-responsable Sun Eclipse pour le confort\",\"isPartOf\":{\"@id\":\"https:\\\/\\\/samarali.com\\\/fr\\\/#website\"},\"primaryImageOfPage\":{\"@id\":\"https:\\\/\\\/samarali.com\\\/fr\\\/produit\\\/tapis-de-yoga-eclipse-de-soleil\\\/#primaryimage\"},\"image\":{\"@id\":\"https:\\\/\\\/samarali.com\\\/fr\\\/produit\\\/tapis-de-yoga-eclipse-de-soleil\\\/#primaryimage\"},\"thumbnailUrl\":\"https:\\\/\\\/samarali.com\\\/wp-content\\\/uploads\\\/2024\\\/07\\\/sam-sun-eclipse-yoga-mat-01.jpg\",\"datePublished\":\"2024-07-31T11:35:22+00:00\",\"dateModified\":\"2025-01-06T12:43:03+00:00\",\"description\":\"Am\u00e9liorez votre pratique du yoga avec notre tapis en li\u00e8ge Sun Eclipse. Profitez de la stabilit\u00e9, du confort et des propri\u00e9t\u00e9s antibact\u00e9riennes naturelles pour un entra\u00eenement frais.\",\"breadcrumb\":{\"@id\":\"https:\\\/\\\/samarali.com\\\/fr\\\/produit\\\/tapis-de-yoga-eclipse-de-soleil\\\/#breadcrumb\"},\"inLanguage\":\"fr-FR\",\"potentialAction\":[{\"@type\":\"ReadAction\",\"target\":[\"https:\\\/\\\/samarali.com\\\/fr\\\/produit\\\/tapis-de-yoga-eclipse-de-soleil\\\/\"]}]},{\"@type\":\"ImageObject\",\"inLanguage\":\"fr-FR\",\"@id\":\"https:\\\/\\\/samarali.com\\\/fr\\\/produit\\\/tapis-de-yoga-eclipse-de-soleil\\\/#primaryimage\",\"url\":\"https:\\\/\\\/samarali.com\\\/wp-content\\\/uploads\\\/2024\\\/07\\\/sam-sun-eclipse-yoga-mat-01.jpg\",\"contentUrl\":\"https:\\\/\\\/samarali.com\\\/wp-content\\\/uploads\\\/2024\\\/07\\\/sam-sun-eclipse-yoga-mat-01.jpg\",\"width\":830,\"height\":830,\"caption\":\"sam sun eclipse yoga mat 01\"},{\"@type\":\"BreadcrumbList\",\"@id\":\"https:\\\/\\\/samarali.com\\\/fr\\\/produit\\\/tapis-de-yoga-eclipse-de-soleil\\\/#breadcrumb\",\"itemListElement\":[{\"@type\":\"ListItem\",\"position\":1,\"name\":\"Accueil\",\"item\":\"https:\\\/\\\/samarali.com\\\/fr\\\/accueil\\\/\"},{\"@type\":\"ListItem\",\"position\":2,\"name\":\"Boutique\",\"item\":\"https:\\\/\\\/samarali.com\\\/fr\\\/boutique\\\/\"},{\"@type\":\"ListItem\",\"position\":3,\"name\":\"Tapis de yoga \u00e9clipse de soleil\"}]},{\"@type\":\"WebSite\",\"@id\":\"https:\\\/\\\/samarali.com\\\/fr\\\/#website\",\"url\":\"https:\\\/\\\/samarali.com\\\/fr\\\/\",\"name\":\"Samarali\",\"description\":\"Samarali est une marque de yoga et de style de vie durable bas\u00e9e aux Pays-Bas.\",\"publisher\":{\"@id\":\"https:\\\/\\\/samarali.com\\\/fr\\\/#organization\"},\"potentialAction\":[{\"@type\":\"SearchAction\",\"target\":{\"@type\":\"EntryPoint\",\"urlTemplate\":\"https:\\\/\\\/samarali.com\\\/fr\\\/?s={search_term_string}\"},\"query-input\":{\"@type\":\"PropertyValueSpecification\",\"valueRequired\":true,\"valueName\":\"search_term_string\"}}],\"inLanguage\":\"fr-FR\"},{\"@type\":\"Organization\",\"@id\":\"https:\\\/\\\/samarali.com\\\/fr\\\/#organization\",\"name\":\"Samarali\",\"url\":\"https:\\\/\\\/samarali.com\\\/fr\\\/\",\"logo\":{\"@type\":\"ImageObject\",\"inLanguage\":\"fr-FR\",\"@id\":\"https:\\\/\\\/samarali.com\\\/fr\\\/#\\\/schema\\\/logo\\\/image\\\/\",\"url\":\"https:\\\/\\\/samarali.com\\\/wp-content\\\/uploads\\\/2024\\\/05\\\/cropped-samarali-icon.png\",\"contentUrl\":\"https:\\\/\\\/samarali.com\\\/wp-content\\\/uploads\\\/2024\\\/05\\\/cropped-samarali-icon.png\",\"width\":512,\"height\":512,\"caption\":\"Samarali\"},\"image\":{\"@id\":\"https:\\\/\\\/samarali.com\\\/fr\\\/#\\\/schema\\\/logo\\\/image\\\/\"},\"sameAs\":[\"https:\\\/\\\/www.facebook.com\\\/samaraliyoga\",\"https:\\\/\\\/www.linkedin.com\\\/company\\\/69563155\\\/\",\"https:\\\/\\\/www.instagram.com\\\/samaraliyoga\\\/\",\"https:\\\/\\\/nl.pinterest.com\\\/Samaraliyoga\\\/\"],\"description\":\"Samarali is a sustainable yoga and lifestyle brand based in the Netherlands\",\"email\":\"info@samarali.com\",\"legalName\":\"Samarali B.V.\",\"vatID\":\"NL859820324B01\",\"numberOfEmployees\":{\"@type\":\"QuantitativeValue\",\"minValue\":\"1\",\"maxValue\":\"10\"}}]}<\/script>\n<meta property=\"product:price:amount\" content=\"79.00\" \/>\n<meta property=\"product:price:currency\" content=\"EUR\" \/>\n<meta property=\"og:availability\" content=\"instock\" \/>\n<meta property=\"product:availability\" content=\"instock\" \/>\n<meta property=\"product:retailer_item_id\" content=\"11112\" \/>\n<meta property=\"product:condition\" content=\"new\" \/>\n<!-- \/ Yoast SEO Premium plugin. -->","yoast_head_json":{"title":"Tapis de yoga en li\u00e8ge \u00e9co-responsable Sun Eclipse pour le confort","description":"Am\u00e9liorez votre pratique du yoga avec notre tapis en li\u00e8ge Sun Eclipse. Profitez de la stabilit\u00e9, du confort et des propri\u00e9t\u00e9s antibact\u00e9riennes naturelles pour un entra\u00eenement frais.","robots":{"index":"index","follow":"follow","max-snippet":"max-snippet:-1","max-image-preview":"max-image-preview:large","max-video-preview":"max-video-preview:-1"},"canonical":"https:\/\/samarali.com\/fr\/produit\/tapis-de-yoga-eclipse-de-soleil\/","og_locale":"fr_FR","og_type":"article","og_title":"Tapis de yoga en li\u00e8ge Sun Eclipse : Confort et stabilit\u00e9","og_description":"Am\u00e9liorez vos s\u00e9ances de yoga avec notre tapis en li\u00e8ge \u00e9cologique.","og_url":"https:\/\/samarali.com\/fr\/produit\/tapis-de-yoga-eclipse-de-soleil\/","og_site_name":"Samarali","article_publisher":"https:\/\/www.facebook.com\/samaraliyoga","article_modified_time":"2025-01-06T12:43:03+00:00","og_image":[{"width":830,"height":830,"url":"https:\/\/samarali.com\/wp-content\/uploads\/2024\/07\/sam-sun-eclipse-yoga-mat-01.jpg","type":"image\/jpeg"}],"twitter_card":"summary_large_image","twitter_title":"Tapis de yoga en li\u00e8ge Sun Eclipse : Confort et stabilit\u00e9","twitter_description":"Am\u00e9liorez vos s\u00e9ances de yoga avec notre tapis en li\u00e8ge \u00e9cologique.","twitter_misc":{"Prix":"&euro;&nbsp;79,00","Disponibilit\u00e9":"En stock"},"schema":{"@context":"https:\/\/schema.org","@graph":[{"@type":"WebPage","@id":"https:\/\/samarali.com\/fr\/produit\/tapis-de-yoga-eclipse-de-soleil\/","url":"https:\/\/samarali.com\/fr\/produit\/tapis-de-yoga-eclipse-de-soleil\/","name":"Tapis de yoga en li\u00e8ge \u00e9co-responsable Sun Eclipse pour le confort","isPartOf":{"@id":"https:\/\/samarali.com\/fr\/#website"},"primaryImageOfPage":{"@id":"https:\/\/samarali.com\/fr\/produit\/tapis-de-yoga-eclipse-de-soleil\/#primaryimage"},"image":{"@id":"https:\/\/samarali.com\/fr\/produit\/tapis-de-yoga-eclipse-de-soleil\/#primaryimage"},"thumbnailUrl":"https:\/\/samarali.com\/wp-content\/uploads\/2024\/07\/sam-sun-eclipse-yoga-mat-01.jpg","datePublished":"2024-07-31T11:35:22+00:00","dateModified":"2025-01-06T12:43:03+00:00","description":"Am\u00e9liorez votre pratique du yoga avec notre tapis en li\u00e8ge Sun Eclipse. Profitez de la stabilit\u00e9, du confort et des propri\u00e9t\u00e9s antibact\u00e9riennes naturelles pour un entra\u00eenement frais.","breadcrumb":{"@id":"https:\/\/samarali.com\/fr\/produit\/tapis-de-yoga-eclipse-de-soleil\/#breadcrumb"},"inLanguage":"fr-FR","potentialAction":[{"@type":"ReadAction","target":["https:\/\/samarali.com\/fr\/produit\/tapis-de-yoga-eclipse-de-soleil\/"]}]},{"@type":"ImageObject","inLanguage":"fr-FR","@id":"https:\/\/samarali.com\/fr\/produit\/tapis-de-yoga-eclipse-de-soleil\/#primaryimage","url":"https:\/\/samarali.com\/wp-content\/uploads\/2024\/07\/sam-sun-eclipse-yoga-mat-01.jpg","contentUrl":"https:\/\/samarali.com\/wp-content\/uploads\/2024\/07\/sam-sun-eclipse-yoga-mat-01.jpg","width":830,"height":830,"caption":"sam sun eclipse yoga mat 01"},{"@type":"BreadcrumbList","@id":"https:\/\/samarali.com\/fr\/produit\/tapis-de-yoga-eclipse-de-soleil\/#breadcrumb","itemListElement":[{"@type":"ListItem","position":1,"name":"Accueil","item":"https:\/\/samarali.com\/fr\/accueil\/"},{"@type":"ListItem","position":2,"name":"Boutique","item":"https:\/\/samarali.com\/fr\/boutique\/"},{"@type":"ListItem","position":3,"name":"Tapis de yoga \u00e9clipse de soleil"}]},{"@type":"WebSite","@id":"https:\/\/samarali.com\/fr\/#website","url":"https:\/\/samarali.com\/fr\/","name":"Samarali","description":"Samarali est une marque de yoga et de style de vie durable bas\u00e9e aux Pays-Bas.","publisher":{"@id":"https:\/\/samarali.com\/fr\/#organization"},"potentialAction":[{"@type":"SearchAction","target":{"@type":"EntryPoint","urlTemplate":"https:\/\/samarali.com\/fr\/?s={search_term_string}"},"query-input":{"@type":"PropertyValueSpecification","valueRequired":true,"valueName":"search_term_string"}}],"inLanguage":"fr-FR"},{"@type":"Organization","@id":"https:\/\/samarali.com\/fr\/#organization","name":"Samarali","url":"https:\/\/samarali.com\/fr\/","logo":{"@type":"ImageObject","inLanguage":"fr-FR","@id":"https:\/\/samarali.com\/fr\/#\/schema\/logo\/image\/","url":"https:\/\/samarali.com\/wp-content\/uploads\/2024\/05\/cropped-samarali-icon.png","contentUrl":"https:\/\/samarali.com\/wp-content\/uploads\/2024\/05\/cropped-samarali-icon.png","width":512,"height":512,"caption":"Samarali"},"image":{"@id":"https:\/\/samarali.com\/fr\/#\/schema\/logo\/image\/"},"sameAs":["https:\/\/www.facebook.com\/samaraliyoga","https:\/\/www.linkedin.com\/company\/69563155\/","https:\/\/www.instagram.com\/samaraliyoga\/","https:\/\/nl.pinterest.com\/Samaraliyoga\/"],"description":"Samarali is a sustainable yoga and lifestyle brand based in the Netherlands","email":"info@samarali.com","legalName":"Samarali B.V.","vatID":"NL859820324B01","numberOfEmployees":{"@type":"QuantitativeValue","minValue":"1","maxValue":"10"}}]},"product_price_amount":"79.00","product_price_currency":"EUR","og_availability":"instock","product_availability":"instock","product_retailer_item_id":"11112","product_condition":"new"},"jetpack_sharing_enabled":true,"_links":{"self":[{"href":"https:\/\/samarali.com\/fr\/wp-json\/wp\/v2\/product\/28650","targetHints":{"allow":["GET"]}}],"collection":[{"href":"https:\/\/samarali.com\/fr\/wp-json\/wp\/v2\/product"}],"about":[{"href":"https:\/\/samarali.com\/fr\/wp-json\/wp\/v2\/types\/product"}],"replies":[{"embeddable":true,"href":"https:\/\/samarali.com\/fr\/wp-json\/wp\/v2\/comments?post=28650"}],"version-history":[{"count":1,"href":"https:\/\/samarali.com\/fr\/wp-json\/wp\/v2\/product\/28650\/revisions"}],"predecessor-version":[{"id":32837,"href":"https:\/\/samarali.com\/fr\/wp-json\/wp\/v2\/product\/28650\/revisions\/32837"}],"wp:featuredmedia":[{"embeddable":true,"href":"https:\/\/samarali.com\/fr\/wp-json\/wp\/v2\/media\/17419"}],"wp:attachment":[{"href":"https:\/\/samarali.com\/fr\/wp-json\/wp\/v2\/media?parent=28650"}],"wp:term":[{"taxonomy":"product_cat","embeddable":true,"href":"https:\/\/samarali.com\/fr\/wp-json\/wp\/v2\/product_cat?post=28650"},{"taxonomy":"product_tag","embeddable":true,"href":"https:\/\/samarali.com\/fr\/wp-json\/wp\/v2\/product_tag?post=28650"}],"curies":[{"name":"wp","href":"https:\/\/api.w.org\/{rel}","templated":true}]}}