{"id":28646,"date":"2024-07-31T14:20:11","date_gmt":"2024-07-31T12:20:11","guid":{"rendered":"https:\/\/samarali.com\/product\/ensemble-de-yoga-classique\/"},"modified":"2025-01-06T13:43:04","modified_gmt":"2025-01-06T12:43:04","slug":"ensemble-de-yoga-classique","status":"publish","type":"product","link":"https:\/\/samarali.com\/fr\/produit\/ensemble-de-yoga-classique\/","title":{"rendered":"Ensemble de yoga classique"},"content":{"rendered":"<p>Notre set de yoga classique contient tout l&rsquo;\u00e9quipement essentiel pour d\u00e9marrer votre programme de yoga ou de Pilates. Il est parfait pour les d\u00e9butants comme pour les pratiquants confirm\u00e9s.<\/p>\n<div class=\"et_pb_row et_pb_row_9\">\n<div class=\"et_pb_column et_pb_column_4_4 et_pb_column_17 et_pb_css_mix_blend_mode_passthrough et-last-child\">\n<div class=\"et_pb_with_border et_pb_module et_pb_wc_tabs et_pb_wc_tabs_1 et_pb_tabs \">\n<div class=\"et_pb_all_tabs\">\n<div class=\"et_pb_tab clearfix et_pb_active_content et-pb-active-slide\">\n<div class=\"et_pb_tab_content\">\n<p>Tous nos produits sont fabriqu\u00e9s exclusivement \u00e0 partir de mat\u00e9riaux respectueux de l&rsquo;environnement. Nos tapis de yoga sont dot\u00e9s d&rsquo;une surface en li\u00e8ge biod\u00e9gradable et d&rsquo;une base en caoutchouc recyclable, ce qui les rend respirants, souples et doux pour la peau.<span style=\"color: var(--rz-text-color);font-family: var(--rz-font-family-primary)\">Les blocs de yoga sont un outil essentiel pour am\u00e9liorer votre pratique, car ils offrent un soutien suffisant pour les exercices d&rsquo;\u00e9quilibre des bras et pour le bas du dos lors des poses en d\u00e9cubitus dorsal.<br \/>\nL\u00e9gers, ils sont dot\u00e9s d&rsquo;une surface antid\u00e9rapante et de bords arrondis pour une prise en main confortable qui \u00e9vite les points de pression.<br \/>\nNous avons \u00e9galement inclus une sangle de transport pour transporter facilement votre tapis de yoga o\u00f9 que vous alliez.  <\/span><\/p>\n<\/div>\n<\/div>\n<\/div>\n<\/div>\n<\/div>\n<\/div>\n","protected":false},"excerpt":{"rendered":"<p>D\u00e9marrez votre programme de yoga ou de Pilates avec notre ensemble de yoga classique respectueux de l&rsquo;environnement. Compos\u00e9 d&rsquo;un tapis de yoga en li\u00e8ge, de blocs de soutien et d&rsquo;une sangle de transport, cet ensemble est parfait pour tous les niveaux, alliant confort et durabilit\u00e9.<\/p>\n","protected":false},"featured_media":17459,"comment_status":"open","ping_status":"closed","template":"","meta":{"_acf_changed":false,"_improvement_type_select":"improve_an_existing","_thumb_yes_seoaic":false,"_frame_yes_seoaic":false,"seoaic_generate_description":"","seoaic_improve_instructions_prompt":"","seoaic_rollback_content_improvement":"","seoaic_idea_thumbnail_generator":"","thumbnail_generated":false,"thumbnail_generate_prompt":"","seoaic_article_description":"","inline_featured_image":false},"product_cat":[326,325],"product_tag":[],"class_list":{"0":"post-28646","1":"product","2":"type-product","3":"status-publish","4":"has-post-thumbnail","6":"product_cat-ensembles-de-yoga","7":"product_cat-yoga-fr","9":"first","10":"instock","11":"shipping-taxable","12":"purchasable","13":"product-type-simple"},"acf":[],"yoast_head":"<!-- This site is optimized with the Yoast SEO Premium plugin v27.3 (Yoast SEO v27.3) - https:\/\/yoast.com\/product\/yoast-seo-premium-wordpress\/ -->\n<title>Ensemble de yoga classique - Samarali<\/title>\n<meta name=\"description\" content=\"D\u00e9marrez votre programme de yoga ou de Pilates avec notre ensemble de yoga classique respectueux de l&#039;environnement. Comprend un tapis de yoga en li\u00e8ge, des blocs de soutien et une sangle de transport.\" \/>\n<meta name=\"robots\" content=\"index, follow, max-snippet:-1, max-image-preview:large, max-video-preview:-1\" \/>\n<link rel=\"canonical\" href=\"https:\/\/samarali.com\/fr\/produit\/ensemble-de-yoga-classique\/\" \/>\n<meta property=\"og:locale\" content=\"fr_FR\" \/>\n<meta property=\"og:type\" content=\"article\" \/>\n<meta property=\"og:title\" content=\"Ensemble de yoga classique - Samarali\" \/>\n<meta property=\"og:description\" content=\"D\u00e9marrez votre programme de yoga ou de Pilates avec notre ensemble de yoga classique respectueux de l&#039;environnement. Comprend un tapis de yoga en li\u00e8ge, des blocs de soutien et une sangle de transport.\" \/>\n<meta property=\"og:url\" content=\"https:\/\/samarali.com\/fr\/produit\/ensemble-de-yoga-classique\/\" \/>\n<meta property=\"og:site_name\" content=\"Samarali\" \/>\n<meta property=\"article:publisher\" content=\"https:\/\/www.facebook.com\/samaraliyoga\" \/>\n<meta property=\"article:modified_time\" content=\"2025-01-06T12:43:04+00:00\" \/>\n<meta property=\"og:image\" content=\"https:\/\/samarali.com\/wp-content\/uploads\/2024\/07\/Untitled-4.jpg\" \/>\n\t<meta property=\"og:image:width\" content=\"1200\" \/>\n\t<meta property=\"og:image:height\" content=\"1200\" \/>\n\t<meta property=\"og:image:type\" content=\"image\/jpeg\" \/>\n<meta name=\"twitter:card\" content=\"summary_large_image\" \/>\n<meta name=\"twitter:label1\" content=\"Prix\" \/>\n\t<meta name=\"twitter:data1\" content=\"&euro;&nbsp;99,00\" \/>\n\t<meta name=\"twitter:label2\" content=\"Disponibilit\u00e9\" \/>\n\t<meta name=\"twitter:data2\" content=\"En stock\" \/>\n<script type=\"application\/ld+json\" class=\"yoast-schema-graph\">{\"@context\":\"https:\\\/\\\/schema.org\",\"@graph\":[{\"@type\":\"WebPage\",\"@id\":\"https:\\\/\\\/samarali.com\\\/fr\\\/produit\\\/ensemble-de-yoga-classique\\\/\",\"url\":\"https:\\\/\\\/samarali.com\\\/fr\\\/produit\\\/ensemble-de-yoga-classique\\\/\",\"name\":\"Ensemble de yoga classique - Samarali\",\"isPartOf\":{\"@id\":\"https:\\\/\\\/samarali.com\\\/fr\\\/#website\"},\"primaryImageOfPage\":{\"@id\":\"https:\\\/\\\/samarali.com\\\/fr\\\/produit\\\/ensemble-de-yoga-classique\\\/#primaryimage\"},\"image\":{\"@id\":\"https:\\\/\\\/samarali.com\\\/fr\\\/produit\\\/ensemble-de-yoga-classique\\\/#primaryimage\"},\"thumbnailUrl\":\"https:\\\/\\\/samarali.com\\\/wp-content\\\/uploads\\\/2024\\\/07\\\/Untitled-4.jpg\",\"datePublished\":\"2024-07-31T12:20:11+00:00\",\"dateModified\":\"2025-01-06T12:43:04+00:00\",\"description\":\"D\u00e9marrez votre programme de yoga ou de Pilates avec notre ensemble de yoga classique respectueux de l'environnement. Comprend un tapis de yoga en li\u00e8ge, des blocs de soutien et une sangle de transport.\",\"breadcrumb\":{\"@id\":\"https:\\\/\\\/samarali.com\\\/fr\\\/produit\\\/ensemble-de-yoga-classique\\\/#breadcrumb\"},\"inLanguage\":\"fr-FR\",\"potentialAction\":[{\"@type\":\"ReadAction\",\"target\":[\"https:\\\/\\\/samarali.com\\\/fr\\\/produit\\\/ensemble-de-yoga-classique\\\/\"]}]},{\"@type\":\"ImageObject\",\"inLanguage\":\"fr-FR\",\"@id\":\"https:\\\/\\\/samarali.com\\\/fr\\\/produit\\\/ensemble-de-yoga-classique\\\/#primaryimage\",\"url\":\"https:\\\/\\\/samarali.com\\\/wp-content\\\/uploads\\\/2024\\\/07\\\/Untitled-4.jpg\",\"contentUrl\":\"https:\\\/\\\/samarali.com\\\/wp-content\\\/uploads\\\/2024\\\/07\\\/Untitled-4.jpg\",\"width\":1200,\"height\":1200,\"caption\":\"Sans titre 4\"},{\"@type\":\"BreadcrumbList\",\"@id\":\"https:\\\/\\\/samarali.com\\\/fr\\\/produit\\\/ensemble-de-yoga-classique\\\/#breadcrumb\",\"itemListElement\":[{\"@type\":\"ListItem\",\"position\":1,\"name\":\"Accueil\",\"item\":\"https:\\\/\\\/samarali.com\\\/fr\\\/accueil\\\/\"},{\"@type\":\"ListItem\",\"position\":2,\"name\":\"Boutique\",\"item\":\"https:\\\/\\\/samarali.com\\\/fr\\\/boutique\\\/\"},{\"@type\":\"ListItem\",\"position\":3,\"name\":\"Ensemble de yoga classique\"}]},{\"@type\":\"WebSite\",\"@id\":\"https:\\\/\\\/samarali.com\\\/fr\\\/#website\",\"url\":\"https:\\\/\\\/samarali.com\\\/fr\\\/\",\"name\":\"Samarali\",\"description\":\"Samarali est une marque de yoga et de style de vie durable bas\u00e9e aux Pays-Bas.\",\"publisher\":{\"@id\":\"https:\\\/\\\/samarali.com\\\/fr\\\/#organization\"},\"potentialAction\":[{\"@type\":\"SearchAction\",\"target\":{\"@type\":\"EntryPoint\",\"urlTemplate\":\"https:\\\/\\\/samarali.com\\\/fr\\\/?s={search_term_string}\"},\"query-input\":{\"@type\":\"PropertyValueSpecification\",\"valueRequired\":true,\"valueName\":\"search_term_string\"}}],\"inLanguage\":\"fr-FR\"},{\"@type\":\"Organization\",\"@id\":\"https:\\\/\\\/samarali.com\\\/fr\\\/#organization\",\"name\":\"Samarali\",\"url\":\"https:\\\/\\\/samarali.com\\\/fr\\\/\",\"logo\":{\"@type\":\"ImageObject\",\"inLanguage\":\"fr-FR\",\"@id\":\"https:\\\/\\\/samarali.com\\\/fr\\\/#\\\/schema\\\/logo\\\/image\\\/\",\"url\":\"https:\\\/\\\/samarali.com\\\/wp-content\\\/uploads\\\/2024\\\/05\\\/cropped-samarali-icon.png\",\"contentUrl\":\"https:\\\/\\\/samarali.com\\\/wp-content\\\/uploads\\\/2024\\\/05\\\/cropped-samarali-icon.png\",\"width\":512,\"height\":512,\"caption\":\"Samarali\"},\"image\":{\"@id\":\"https:\\\/\\\/samarali.com\\\/fr\\\/#\\\/schema\\\/logo\\\/image\\\/\"},\"sameAs\":[\"https:\\\/\\\/www.facebook.com\\\/samaraliyoga\",\"https:\\\/\\\/www.linkedin.com\\\/company\\\/69563155\\\/\",\"https:\\\/\\\/www.instagram.com\\\/samaraliyoga\\\/\",\"https:\\\/\\\/nl.pinterest.com\\\/Samaraliyoga\\\/\"],\"description\":\"Samarali is a sustainable yoga and lifestyle brand based in the Netherlands\",\"email\":\"info@samarali.com\",\"legalName\":\"Samarali B.V.\",\"vatID\":\"NL859820324B01\",\"numberOfEmployees\":{\"@type\":\"QuantitativeValue\",\"minValue\":\"1\",\"maxValue\":\"10\"}}]}<\/script>\n<meta property=\"product:price:amount\" content=\"99.00\" \/>\n<meta property=\"product:price:currency\" content=\"EUR\" \/>\n<meta property=\"og:availability\" content=\"instock\" \/>\n<meta property=\"product:availability\" content=\"instock\" \/>\n<meta property=\"product:retailer_item_id\" content=\"11119\" \/>\n<meta property=\"product:condition\" content=\"new\" \/>\n<!-- \/ Yoast SEO Premium plugin. -->","yoast_head_json":{"title":"Ensemble de yoga classique - Samarali","description":"D\u00e9marrez votre programme de yoga ou de Pilates avec notre ensemble de yoga classique respectueux de l'environnement. Comprend un tapis de yoga en li\u00e8ge, des blocs de soutien et une sangle de transport.","robots":{"index":"index","follow":"follow","max-snippet":"max-snippet:-1","max-image-preview":"max-image-preview:large","max-video-preview":"max-video-preview:-1"},"canonical":"https:\/\/samarali.com\/fr\/produit\/ensemble-de-yoga-classique\/","og_locale":"fr_FR","og_type":"article","og_title":"Ensemble de yoga classique - Samarali","og_description":"D\u00e9marrez votre programme de yoga ou de Pilates avec notre ensemble de yoga classique respectueux de l'environnement. Comprend un tapis de yoga en li\u00e8ge, des blocs de soutien et une sangle de transport.","og_url":"https:\/\/samarali.com\/fr\/produit\/ensemble-de-yoga-classique\/","og_site_name":"Samarali","article_publisher":"https:\/\/www.facebook.com\/samaraliyoga","article_modified_time":"2025-01-06T12:43:04+00:00","og_image":[{"width":1200,"height":1200,"url":"https:\/\/samarali.com\/wp-content\/uploads\/2024\/07\/Untitled-4.jpg","type":"image\/jpeg"}],"twitter_card":"summary_large_image","twitter_misc":{"Prix":"&euro;&nbsp;99,00","Disponibilit\u00e9":"En stock"},"schema":{"@context":"https:\/\/schema.org","@graph":[{"@type":"WebPage","@id":"https:\/\/samarali.com\/fr\/produit\/ensemble-de-yoga-classique\/","url":"https:\/\/samarali.com\/fr\/produit\/ensemble-de-yoga-classique\/","name":"Ensemble de yoga classique - Samarali","isPartOf":{"@id":"https:\/\/samarali.com\/fr\/#website"},"primaryImageOfPage":{"@id":"https:\/\/samarali.com\/fr\/produit\/ensemble-de-yoga-classique\/#primaryimage"},"image":{"@id":"https:\/\/samarali.com\/fr\/produit\/ensemble-de-yoga-classique\/#primaryimage"},"thumbnailUrl":"https:\/\/samarali.com\/wp-content\/uploads\/2024\/07\/Untitled-4.jpg","datePublished":"2024-07-31T12:20:11+00:00","dateModified":"2025-01-06T12:43:04+00:00","description":"D\u00e9marrez votre programme de yoga ou de Pilates avec notre ensemble de yoga classique respectueux de l'environnement. Comprend un tapis de yoga en li\u00e8ge, des blocs de soutien et une sangle de transport.","breadcrumb":{"@id":"https:\/\/samarali.com\/fr\/produit\/ensemble-de-yoga-classique\/#breadcrumb"},"inLanguage":"fr-FR","potentialAction":[{"@type":"ReadAction","target":["https:\/\/samarali.com\/fr\/produit\/ensemble-de-yoga-classique\/"]}]},{"@type":"ImageObject","inLanguage":"fr-FR","@id":"https:\/\/samarali.com\/fr\/produit\/ensemble-de-yoga-classique\/#primaryimage","url":"https:\/\/samarali.com\/wp-content\/uploads\/2024\/07\/Untitled-4.jpg","contentUrl":"https:\/\/samarali.com\/wp-content\/uploads\/2024\/07\/Untitled-4.jpg","width":1200,"height":1200,"caption":"Sans titre 4"},{"@type":"BreadcrumbList","@id":"https:\/\/samarali.com\/fr\/produit\/ensemble-de-yoga-classique\/#breadcrumb","itemListElement":[{"@type":"ListItem","position":1,"name":"Accueil","item":"https:\/\/samarali.com\/fr\/accueil\/"},{"@type":"ListItem","position":2,"name":"Boutique","item":"https:\/\/samarali.com\/fr\/boutique\/"},{"@type":"ListItem","position":3,"name":"Ensemble de yoga classique"}]},{"@type":"WebSite","@id":"https:\/\/samarali.com\/fr\/#website","url":"https:\/\/samarali.com\/fr\/","name":"Samarali","description":"Samarali est une marque de yoga et de style de vie durable bas\u00e9e aux Pays-Bas.","publisher":{"@id":"https:\/\/samarali.com\/fr\/#organization"},"potentialAction":[{"@type":"SearchAction","target":{"@type":"EntryPoint","urlTemplate":"https:\/\/samarali.com\/fr\/?s={search_term_string}"},"query-input":{"@type":"PropertyValueSpecification","valueRequired":true,"valueName":"search_term_string"}}],"inLanguage":"fr-FR"},{"@type":"Organization","@id":"https:\/\/samarali.com\/fr\/#organization","name":"Samarali","url":"https:\/\/samarali.com\/fr\/","logo":{"@type":"ImageObject","inLanguage":"fr-FR","@id":"https:\/\/samarali.com\/fr\/#\/schema\/logo\/image\/","url":"https:\/\/samarali.com\/wp-content\/uploads\/2024\/05\/cropped-samarali-icon.png","contentUrl":"https:\/\/samarali.com\/wp-content\/uploads\/2024\/05\/cropped-samarali-icon.png","width":512,"height":512,"caption":"Samarali"},"image":{"@id":"https:\/\/samarali.com\/fr\/#\/schema\/logo\/image\/"},"sameAs":["https:\/\/www.facebook.com\/samaraliyoga","https:\/\/www.linkedin.com\/company\/69563155\/","https:\/\/www.instagram.com\/samaraliyoga\/","https:\/\/nl.pinterest.com\/Samaraliyoga\/"],"description":"Samarali is a sustainable yoga and lifestyle brand based in the Netherlands","email":"info@samarali.com","legalName":"Samarali B.V.","vatID":"NL859820324B01","numberOfEmployees":{"@type":"QuantitativeValue","minValue":"1","maxValue":"10"}}]},"product_price_amount":"99.00","product_price_currency":"EUR","og_availability":"instock","product_availability":"instock","product_retailer_item_id":"11119","product_condition":"new"},"jetpack_sharing_enabled":true,"_links":{"self":[{"href":"https:\/\/samarali.com\/fr\/wp-json\/wp\/v2\/product\/28646","targetHints":{"allow":["GET"]}}],"collection":[{"href":"https:\/\/samarali.com\/fr\/wp-json\/wp\/v2\/product"}],"about":[{"href":"https:\/\/samarali.com\/fr\/wp-json\/wp\/v2\/types\/product"}],"replies":[{"embeddable":true,"href":"https:\/\/samarali.com\/fr\/wp-json\/wp\/v2\/comments?post=28646"}],"version-history":[{"count":1,"href":"https:\/\/samarali.com\/fr\/wp-json\/wp\/v2\/product\/28646\/revisions"}],"predecessor-version":[{"id":32839,"href":"https:\/\/samarali.com\/fr\/wp-json\/wp\/v2\/product\/28646\/revisions\/32839"}],"wp:featuredmedia":[{"embeddable":true,"href":"https:\/\/samarali.com\/fr\/wp-json\/wp\/v2\/media\/17459"}],"wp:attachment":[{"href":"https:\/\/samarali.com\/fr\/wp-json\/wp\/v2\/media?parent=28646"}],"wp:term":[{"taxonomy":"product_cat","embeddable":true,"href":"https:\/\/samarali.com\/fr\/wp-json\/wp\/v2\/product_cat?post=28646"},{"taxonomy":"product_tag","embeddable":true,"href":"https:\/\/samarali.com\/fr\/wp-json\/wp\/v2\/product_tag?post=28646"}],"curies":[{"name":"wp","href":"https:\/\/api.w.org\/{rel}","templated":true}]}}