{"id":28633,"date":"2024-07-31T08:41:03","date_gmt":"2024-07-31T06:41:03","guid":{"rendered":"https:\/\/samarali.com\/product\/tapis-de-yoga-en-caoutchouc-naturel\/"},"modified":"2025-02-11T00:11:32","modified_gmt":"2025-02-10T23:11:32","slug":"tapis-de-yoga-en-caoutchouc-naturel","status":"publish","type":"product","link":"https:\/\/samarali.com\/fr\/produit\/tapis-de-yoga-en-caoutchouc-naturel\/","title":{"rendered":"Tapis de yoga en caoutchouc naturel"},"content":{"rendered":"<p>Profitez de la libert\u00e9 de mouvement gr\u00e2ce \u00e0 nos tout nouveaux tapis de yoga en caoutchouc naturel.<br \/>\nParfaits pour les d\u00e9butants comme pour les yogis exp\u00e9riment\u00e9s, ces tapis offrent une excellente adh\u00e9rence pendant les asanas.<br \/>\nCe tapis de yoga est fabriqu\u00e9 en caoutchouc naturel et offre une solution \u00e9cologique pour votre pratique.<br \/>\nIl allie praticit\u00e9, stabilit\u00e9 et confort, ce qui le rend id\u00e9al pour tous les yogis.<br \/>\nL\u00e9ger et facile \u00e0 transporter, ce tapis pr\u00e9sente une surface sup\u00e9rieure et une surface inf\u00e9rieure fabriqu\u00e9es dans le m\u00eame mat\u00e9riau, ce qui vous permet de pratiquer des deux c\u00f4t\u00e9s pour une stabilit\u00e9 et une durabilit\u00e9 accrues.<br \/>\nIl offre un excellent amorti et un soutien solide pour vos genoux et vos hanches pendant la pratique.<br \/>\nPour nettoyer votre tapis de yoga en caoutchouc naturel, utilisez un chiffon humide ou un nettoyant \u00e0 base de vinaigre dilu\u00e9 dans de l\u2019eau.<br \/>\nLaissez le tapis s\u00e9cher compl\u00e8tement avant de le rouler dans sa forme originale.<br \/>\nNe le mettez pas dans la machine \u00e0 laver et n\u2019utilisez pas de savon pour le nettoyer.<br \/>\nEn outre, conservez-le \u00e0 l\u2019abri de la lumi\u00e8re directe du soleil.<br \/>\nVeuillez noter qu\u2019en raison du caoutchouc naturel utilis\u00e9 dans la fabrication de ces tapis, une l\u00e9g\u00e8re odeur peut se d\u00e9gager au d\u00e9but, mais elle se dissipera avec le temps. <\/p>\n","protected":false},"excerpt":{"rendered":"<p>Faites l&rsquo;exp\u00e9rience de la libert\u00e9 de mouvement avec notre tapis de yoga en caoutchouc naturel, parfait pour tous les niveaux. Offrant une excellente adh\u00e9rence et un bon amorti, il est respectueux de l&rsquo;environnement, durable et facile \u00e0 nettoyer, id\u00e9al pour toute pratique de yoga.<\/p>\n","protected":false},"featured_media":17393,"comment_status":"open","ping_status":"closed","template":"","meta":{"_acf_changed":false,"_improvement_type_select":"improve_an_existing","_thumb_yes_seoaic":false,"_frame_yes_seoaic":false,"seoaic_generate_description":"","seoaic_improve_instructions_prompt":"","seoaic_rollback_content_improvement":"","seoaic_idea_thumbnail_generator":"","thumbnail_generated":false,"thumbnail_generate_prompt":"","seoaic_article_description":"","inline_featured_image":false},"product_cat":[337,325],"product_tag":[],"class_list":{"0":"post-28633","1":"product","2":"type-product","3":"status-publish","4":"has-post-thumbnail","6":"product_cat-tapis-de-yoga","7":"product_cat-yoga-fr","9":"first","10":"instock","11":"shipping-taxable","12":"purchasable","13":"product-type-variable"},"acf":[],"yoast_head":"<!-- This site is optimized with the Yoast SEO Premium plugin v27.5 (Yoast SEO v27.5) - https:\/\/yoast.com\/product\/yoast-seo-premium-wordpress\/ -->\n<title>Tapis de yoga en caoutchouc naturel - Samarali<\/title>\n<meta name=\"description\" content=\"Faites l&#039;exp\u00e9rience de la libert\u00e9 de mouvement avec notre tapis de yoga en caoutchouc naturel, parfait pour tous les niveaux. Offrant une excellente adh\u00e9rence et un bon amortissement, il est respectueux de l&#039;environnement et durable.\" \/>\n<meta name=\"robots\" content=\"index, follow, max-snippet:-1, max-image-preview:large, max-video-preview:-1\" \/>\n<link rel=\"canonical\" href=\"https:\/\/samarali.com\/fr\/produit\/tapis-de-yoga-en-caoutchouc-naturel\/\" \/>\n<meta property=\"og:locale\" content=\"fr_FR\" \/>\n<meta property=\"og:type\" content=\"article\" \/>\n<meta property=\"og:title\" content=\"Tapis de yoga en caoutchouc naturel - Samarali\" \/>\n<meta property=\"og:description\" content=\"Faites l&#039;exp\u00e9rience de la libert\u00e9 de mouvement avec notre tapis de yoga en caoutchouc naturel, parfait pour tous les niveaux. Offrant une excellente adh\u00e9rence et un bon amortissement, il est respectueux de l&#039;environnement et durable.\" \/>\n<meta property=\"og:url\" content=\"https:\/\/samarali.com\/fr\/produit\/tapis-de-yoga-en-caoutchouc-naturel\/\" \/>\n<meta property=\"og:site_name\" content=\"Samarali\" \/>\n<meta property=\"article:publisher\" content=\"https:\/\/www.facebook.com\/samaraliyoga\" \/>\n<meta property=\"article:modified_time\" content=\"2025-02-10T23:11:32+00:00\" \/>\n<meta property=\"og:image\" content=\"https:\/\/samarali.com\/wp-content\/uploads\/2024\/07\/Rabber-mat-Dark-green_8.jpg\" \/>\n\t<meta property=\"og:image:width\" content=\"1000\" \/>\n\t<meta property=\"og:image:height\" content=\"1000\" \/>\n\t<meta property=\"og:image:type\" content=\"image\/jpeg\" \/>\n<meta name=\"twitter:card\" content=\"summary_large_image\" \/>\n<meta name=\"twitter:label1\" content=\"Disponibilit\u00e9\" \/>\n\t<meta name=\"twitter:data1\" content=\"En stock\" \/>\n<script type=\"application\/ld+json\" class=\"yoast-schema-graph\">{\"@context\":\"https:\\\/\\\/schema.org\",\"@graph\":[{\"@type\":\"WebPage\",\"@id\":\"https:\\\/\\\/samarali.com\\\/fr\\\/produit\\\/tapis-de-yoga-en-caoutchouc-naturel\\\/\",\"url\":\"https:\\\/\\\/samarali.com\\\/fr\\\/produit\\\/tapis-de-yoga-en-caoutchouc-naturel\\\/\",\"name\":\"Tapis de yoga en caoutchouc naturel - Samarali\",\"isPartOf\":{\"@id\":\"https:\\\/\\\/samarali.com\\\/fr\\\/#website\"},\"primaryImageOfPage\":{\"@id\":\"https:\\\/\\\/samarali.com\\\/fr\\\/produit\\\/tapis-de-yoga-en-caoutchouc-naturel\\\/#primaryimage\"},\"image\":{\"@id\":\"https:\\\/\\\/samarali.com\\\/fr\\\/produit\\\/tapis-de-yoga-en-caoutchouc-naturel\\\/#primaryimage\"},\"thumbnailUrl\":\"https:\\\/\\\/samarali.com\\\/wp-content\\\/uploads\\\/2024\\\/07\\\/Rabber-mat-Dark-green_8.jpg\",\"datePublished\":\"2024-07-31T06:41:03+00:00\",\"dateModified\":\"2025-02-10T23:11:32+00:00\",\"description\":\"Faites l'exp\u00e9rience de la libert\u00e9 de mouvement avec notre tapis de yoga en caoutchouc naturel, parfait pour tous les niveaux. Offrant une excellente adh\u00e9rence et un bon amortissement, il est respectueux de l'environnement et durable.\",\"breadcrumb\":{\"@id\":\"https:\\\/\\\/samarali.com\\\/fr\\\/produit\\\/tapis-de-yoga-en-caoutchouc-naturel\\\/#breadcrumb\"},\"inLanguage\":\"fr-FR\",\"potentialAction\":[{\"@type\":\"ReadAction\",\"target\":[\"https:\\\/\\\/samarali.com\\\/fr\\\/produit\\\/tapis-de-yoga-en-caoutchouc-naturel\\\/\"]}]},{\"@type\":\"ImageObject\",\"inLanguage\":\"fr-FR\",\"@id\":\"https:\\\/\\\/samarali.com\\\/fr\\\/produit\\\/tapis-de-yoga-en-caoutchouc-naturel\\\/#primaryimage\",\"url\":\"https:\\\/\\\/samarali.com\\\/wp-content\\\/uploads\\\/2024\\\/07\\\/Rabber-mat-Dark-green_8.jpg\",\"contentUrl\":\"https:\\\/\\\/samarali.com\\\/wp-content\\\/uploads\\\/2024\\\/07\\\/Rabber-mat-Dark-green_8.jpg\",\"width\":1000,\"height\":1000,\"caption\":\"Rabber mat Dark green 8\"},{\"@type\":\"BreadcrumbList\",\"@id\":\"https:\\\/\\\/samarali.com\\\/fr\\\/produit\\\/tapis-de-yoga-en-caoutchouc-naturel\\\/#breadcrumb\",\"itemListElement\":[{\"@type\":\"ListItem\",\"position\":1,\"name\":\"Accueil\",\"item\":\"https:\\\/\\\/samarali.com\\\/fr\\\/accueil\\\/\"},{\"@type\":\"ListItem\",\"position\":2,\"name\":\"Boutique\",\"item\":\"https:\\\/\\\/samarali.com\\\/fr\\\/boutique\\\/\"},{\"@type\":\"ListItem\",\"position\":3,\"name\":\"Tapis de yoga en caoutchouc naturel\"}]},{\"@type\":\"WebSite\",\"@id\":\"https:\\\/\\\/samarali.com\\\/fr\\\/#website\",\"url\":\"https:\\\/\\\/samarali.com\\\/fr\\\/\",\"name\":\"Samarali\",\"description\":\"Samarali est une marque de yoga et de style de vie durable bas\u00e9e aux Pays-Bas.\",\"publisher\":{\"@id\":\"https:\\\/\\\/samarali.com\\\/fr\\\/#organization\"},\"potentialAction\":[{\"@type\":\"SearchAction\",\"target\":{\"@type\":\"EntryPoint\",\"urlTemplate\":\"https:\\\/\\\/samarali.com\\\/fr\\\/?s={search_term_string}\"},\"query-input\":{\"@type\":\"PropertyValueSpecification\",\"valueRequired\":true,\"valueName\":\"search_term_string\"}}],\"inLanguage\":\"fr-FR\"},{\"@type\":\"Organization\",\"@id\":\"https:\\\/\\\/samarali.com\\\/fr\\\/#organization\",\"name\":\"Samarali\",\"url\":\"https:\\\/\\\/samarali.com\\\/fr\\\/\",\"logo\":{\"@type\":\"ImageObject\",\"inLanguage\":\"fr-FR\",\"@id\":\"https:\\\/\\\/samarali.com\\\/fr\\\/#\\\/schema\\\/logo\\\/image\\\/\",\"url\":\"https:\\\/\\\/samarali.com\\\/wp-content\\\/uploads\\\/2024\\\/05\\\/cropped-samarali-icon.png\",\"contentUrl\":\"https:\\\/\\\/samarali.com\\\/wp-content\\\/uploads\\\/2024\\\/05\\\/cropped-samarali-icon.png\",\"width\":512,\"height\":512,\"caption\":\"Samarali\"},\"image\":{\"@id\":\"https:\\\/\\\/samarali.com\\\/fr\\\/#\\\/schema\\\/logo\\\/image\\\/\"},\"sameAs\":[\"https:\\\/\\\/www.facebook.com\\\/samaraliyoga\",\"https:\\\/\\\/www.linkedin.com\\\/company\\\/69563155\\\/\",\"https:\\\/\\\/www.instagram.com\\\/samaraliyoga\\\/\",\"https:\\\/\\\/nl.pinterest.com\\\/Samaraliyoga\\\/\"],\"description\":\"Samarali is a sustainable yoga and lifestyle brand based in the Netherlands\",\"email\":\"info@samarali.com\",\"legalName\":\"Samarali B.V.\",\"vatID\":\"NL859820324B01\",\"numberOfEmployees\":{\"@type\":\"QuantitativeValue\",\"minValue\":\"1\",\"maxValue\":\"10\"}}]}<\/script>\n<meta property=\"og:availability\" content=\"instock\" \/>\n<meta property=\"product:availability\" content=\"instock\" \/>\n<meta property=\"product:condition\" content=\"new\" \/>\n<!-- \/ Yoast SEO Premium plugin. -->","yoast_head_json":{"title":"Tapis de yoga en caoutchouc naturel - Samarali","description":"Faites l'exp\u00e9rience de la libert\u00e9 de mouvement avec notre tapis de yoga en caoutchouc naturel, parfait pour tous les niveaux. Offrant une excellente adh\u00e9rence et un bon amortissement, il est respectueux de l'environnement et durable.","robots":{"index":"index","follow":"follow","max-snippet":"max-snippet:-1","max-image-preview":"max-image-preview:large","max-video-preview":"max-video-preview:-1"},"canonical":"https:\/\/samarali.com\/fr\/produit\/tapis-de-yoga-en-caoutchouc-naturel\/","og_locale":"fr_FR","og_type":"article","og_title":"Tapis de yoga en caoutchouc naturel - Samarali","og_description":"Faites l'exp\u00e9rience de la libert\u00e9 de mouvement avec notre tapis de yoga en caoutchouc naturel, parfait pour tous les niveaux. Offrant une excellente adh\u00e9rence et un bon amortissement, il est respectueux de l'environnement et durable.","og_url":"https:\/\/samarali.com\/fr\/produit\/tapis-de-yoga-en-caoutchouc-naturel\/","og_site_name":"Samarali","article_publisher":"https:\/\/www.facebook.com\/samaraliyoga","article_modified_time":"2025-02-10T23:11:32+00:00","og_image":[{"width":1000,"height":1000,"url":"https:\/\/samarali.com\/wp-content\/uploads\/2024\/07\/Rabber-mat-Dark-green_8.jpg","type":"image\/jpeg"}],"twitter_card":"summary_large_image","twitter_misc":{"Disponibilit\u00e9":"En stock"},"schema":{"@context":"https:\/\/schema.org","@graph":[{"@type":"WebPage","@id":"https:\/\/samarali.com\/fr\/produit\/tapis-de-yoga-en-caoutchouc-naturel\/","url":"https:\/\/samarali.com\/fr\/produit\/tapis-de-yoga-en-caoutchouc-naturel\/","name":"Tapis de yoga en caoutchouc naturel - Samarali","isPartOf":{"@id":"https:\/\/samarali.com\/fr\/#website"},"primaryImageOfPage":{"@id":"https:\/\/samarali.com\/fr\/produit\/tapis-de-yoga-en-caoutchouc-naturel\/#primaryimage"},"image":{"@id":"https:\/\/samarali.com\/fr\/produit\/tapis-de-yoga-en-caoutchouc-naturel\/#primaryimage"},"thumbnailUrl":"https:\/\/samarali.com\/wp-content\/uploads\/2024\/07\/Rabber-mat-Dark-green_8.jpg","datePublished":"2024-07-31T06:41:03+00:00","dateModified":"2025-02-10T23:11:32+00:00","description":"Faites l'exp\u00e9rience de la libert\u00e9 de mouvement avec notre tapis de yoga en caoutchouc naturel, parfait pour tous les niveaux. Offrant une excellente adh\u00e9rence et un bon amortissement, il est respectueux de l'environnement et durable.","breadcrumb":{"@id":"https:\/\/samarali.com\/fr\/produit\/tapis-de-yoga-en-caoutchouc-naturel\/#breadcrumb"},"inLanguage":"fr-FR","potentialAction":[{"@type":"ReadAction","target":["https:\/\/samarali.com\/fr\/produit\/tapis-de-yoga-en-caoutchouc-naturel\/"]}]},{"@type":"ImageObject","inLanguage":"fr-FR","@id":"https:\/\/samarali.com\/fr\/produit\/tapis-de-yoga-en-caoutchouc-naturel\/#primaryimage","url":"https:\/\/samarali.com\/wp-content\/uploads\/2024\/07\/Rabber-mat-Dark-green_8.jpg","contentUrl":"https:\/\/samarali.com\/wp-content\/uploads\/2024\/07\/Rabber-mat-Dark-green_8.jpg","width":1000,"height":1000,"caption":"Rabber mat Dark green 8"},{"@type":"BreadcrumbList","@id":"https:\/\/samarali.com\/fr\/produit\/tapis-de-yoga-en-caoutchouc-naturel\/#breadcrumb","itemListElement":[{"@type":"ListItem","position":1,"name":"Accueil","item":"https:\/\/samarali.com\/fr\/accueil\/"},{"@type":"ListItem","position":2,"name":"Boutique","item":"https:\/\/samarali.com\/fr\/boutique\/"},{"@type":"ListItem","position":3,"name":"Tapis de yoga en caoutchouc naturel"}]},{"@type":"WebSite","@id":"https:\/\/samarali.com\/fr\/#website","url":"https:\/\/samarali.com\/fr\/","name":"Samarali","description":"Samarali est une marque de yoga et de style de vie durable bas\u00e9e aux Pays-Bas.","publisher":{"@id":"https:\/\/samarali.com\/fr\/#organization"},"potentialAction":[{"@type":"SearchAction","target":{"@type":"EntryPoint","urlTemplate":"https:\/\/samarali.com\/fr\/?s={search_term_string}"},"query-input":{"@type":"PropertyValueSpecification","valueRequired":true,"valueName":"search_term_string"}}],"inLanguage":"fr-FR"},{"@type":"Organization","@id":"https:\/\/samarali.com\/fr\/#organization","name":"Samarali","url":"https:\/\/samarali.com\/fr\/","logo":{"@type":"ImageObject","inLanguage":"fr-FR","@id":"https:\/\/samarali.com\/fr\/#\/schema\/logo\/image\/","url":"https:\/\/samarali.com\/wp-content\/uploads\/2024\/05\/cropped-samarali-icon.png","contentUrl":"https:\/\/samarali.com\/wp-content\/uploads\/2024\/05\/cropped-samarali-icon.png","width":512,"height":512,"caption":"Samarali"},"image":{"@id":"https:\/\/samarali.com\/fr\/#\/schema\/logo\/image\/"},"sameAs":["https:\/\/www.facebook.com\/samaraliyoga","https:\/\/www.linkedin.com\/company\/69563155\/","https:\/\/www.instagram.com\/samaraliyoga\/","https:\/\/nl.pinterest.com\/Samaraliyoga\/"],"description":"Samarali is a sustainable yoga and lifestyle brand based in the Netherlands","email":"info@samarali.com","legalName":"Samarali B.V.","vatID":"NL859820324B01","numberOfEmployees":{"@type":"QuantitativeValue","minValue":"1","maxValue":"10"}}]},"og_availability":"instock","product_availability":"instock","product_condition":"new"},"jetpack_sharing_enabled":true,"_links":{"self":[{"href":"https:\/\/samarali.com\/fr\/wp-json\/wp\/v2\/product\/28633","targetHints":{"allow":["GET"]}}],"collection":[{"href":"https:\/\/samarali.com\/fr\/wp-json\/wp\/v2\/product"}],"about":[{"href":"https:\/\/samarali.com\/fr\/wp-json\/wp\/v2\/types\/product"}],"replies":[{"embeddable":true,"href":"https:\/\/samarali.com\/fr\/wp-json\/wp\/v2\/comments?post=28633"}],"version-history":[{"count":1,"href":"https:\/\/samarali.com\/fr\/wp-json\/wp\/v2\/product\/28633\/revisions"}],"predecessor-version":[{"id":32870,"href":"https:\/\/samarali.com\/fr\/wp-json\/wp\/v2\/product\/28633\/revisions\/32870"}],"wp:featuredmedia":[{"embeddable":true,"href":"https:\/\/samarali.com\/fr\/wp-json\/wp\/v2\/media\/17393"}],"wp:attachment":[{"href":"https:\/\/samarali.com\/fr\/wp-json\/wp\/v2\/media?parent=28633"}],"wp:term":[{"taxonomy":"product_cat","embeddable":true,"href":"https:\/\/samarali.com\/fr\/wp-json\/wp\/v2\/product_cat?post=28633"},{"taxonomy":"product_tag","embeddable":true,"href":"https:\/\/samarali.com\/fr\/wp-json\/wp\/v2\/product_tag?post=28633"}],"curies":[{"name":"wp","href":"https:\/\/api.w.org\/{rel}","templated":true}]}}