{"id":28627,"date":"2020-12-28T11:00:41","date_gmt":"2020-12-28T10:00:41","guid":{"rendered":"https:\/\/samarali.com\/product\/tapis-de-yoga-en-coton\/"},"modified":"2024-12-02T00:03:31","modified_gmt":"2024-12-01T23:03:31","slug":"tapis-de-yoga-en-coton","status":"publish","type":"product","link":"https:\/\/samarali.com\/fr\/produit\/tapis-de-yoga-en-coton\/","title":{"rendered":"Tapis de yoga en coton"},"content":{"rendered":"<p>Notre tapis de yoga en coton est con\u00e7u pour offrir confort et d\u00e9tente, ce qui en fait le choix id\u00e9al pour ceux qui ont besoin d&rsquo;un bon amorti pendant leur pratique.<br \/>\nFabriqu\u00e9 \u00e0 partir de coton issu de l&rsquo;agriculture biologique, ce tapis est id\u00e9al pour le yoga restaurateur, le yoga Nidra, la m\u00e9ditation et le Yin yoga.<br \/>\nLe tapis en coton est parfait pour votre pratique et id\u00e9al pour les voyages et la relaxation.<br \/>\nSon \u00e9paisseur offre un excellent amorti, garantissant que vos exercices de yoga lent sont \u00e0 la fois confortables et agr\u00e9ables.<br \/>\nLorsqu&rsquo;il est utilis\u00e9 \u00e0 l&rsquo;ext\u00e9rieur, le rembourrage int\u00e9rieur en laine dense absorbe efficacement toutes les irr\u00e9gularit\u00e9s, de sorte que vous sentez \u00e0 peine les bosses sous vos pieds.<br \/>\nCe tapis est donc le compagnon id\u00e9al pour le yoga, la m\u00e9ditation, les voyages et les activit\u00e9s de plein air. <strong>Couches du tapis de coton<\/strong> Ce tapis de yoga en coton est compos\u00e9 de deux couches.<br \/>\nLa couche ext\u00e9rieure est une \u00e9paisse toile de coton biologique, douce pour la peau, durable et r\u00e9sistante aux d\u00e9chirures.<br \/>\nPour faciliter l&rsquo;entretien, la housse est munie d&rsquo;une fermeture \u00e9clair qui vous permet de retirer le tapis int\u00e9rieur, ce qui facilite le lavage de la housse ou l&rsquo;a\u00e9ration du tapis en laine.<br \/>\nLa couche int\u00e9rieure est constitu\u00e9e de laine molletonn\u00e9e, offrant un \u00e9quilibre entre douceur et fermet\u00e9.<br \/>\nDe plus, le rembourrage en laine g\u00e8re efficacement les odeurs et l&rsquo;humidit\u00e9, am\u00e9liorant ainsi votre exp\u00e9rience globale. <strong>Boucles de transport<\/strong> Ce tapis de yoga a deux cordes attach\u00e9es \u00e0 une extr\u00e9mit\u00e9, ce qui le rend pratique pour le voyage ou le stockage.<br \/>\nLorsque vous \u00eates pr\u00eat \u00e0 changer d&rsquo;endroit, il vous suffit d&rsquo;enrouler le tapis et vous pouvez facilement fixer les boucles autour du tapis enroul\u00e9.<br \/>\nCes boucles int\u00e9gr\u00e9es \u00e9liminent le besoin de sangles de transport suppl\u00e9mentaires, garantissant que tout ce dont vous avez besoin est d\u00e9j\u00e0 int\u00e9gr\u00e9 au tapis lui-m\u00eame.           <\/p>\n","protected":false},"excerpt":{"rendered":"<p>Notre tapis de yoga en coton est con\u00e7u pour offrir confort et d\u00e9tente, ce qui en fait le choix id\u00e9al pour ceux qui ont besoin d&rsquo;un bon amorti pendant leur pratique. Fabriqu\u00e9 \u00e0 partir de coton issu de l&rsquo;agriculture biologique, ce tapis est id\u00e9al pour le yoga restaurateur, le yoga Nidra, la m\u00e9ditation et le [&hellip;]<\/p>\n","protected":false},"featured_media":13678,"comment_status":"open","ping_status":"closed","template":"","meta":{"_acf_changed":false,"_improvement_type_select":"improve_an_existing","_thumb_yes_seoaic":false,"_frame_yes_seoaic":false,"seoaic_generate_description":"","seoaic_improve_instructions_prompt":"","seoaic_rollback_content_improvement":"","seoaic_idea_thumbnail_generator":"","thumbnail_generated":false,"thumbnail_generate_prompt":"","seoaic_article_description":"","inline_featured_image":false},"product_cat":[337,325],"product_tag":[],"class_list":{"0":"post-28627","1":"product","2":"type-product","3":"status-publish","4":"has-post-thumbnail","6":"product_cat-tapis-de-yoga","7":"product_cat-yoga-fr","9":"first","10":"instock","11":"shipping-taxable","12":"purchasable","13":"product-type-variable"},"acf":[],"yoast_head":"<!-- This site is optimized with the Yoast SEO Premium plugin v27.3 (Yoast SEO v27.3) - https:\/\/yoast.com\/product\/yoast-seo-premium-wordpress\/ -->\n<title>Tapis de yoga en coton - Samarali<\/title>\n<meta name=\"robots\" content=\"index, follow, max-snippet:-1, max-image-preview:large, max-video-preview:-1\" \/>\n<link rel=\"canonical\" href=\"https:\/\/samarali.com\/fr\/produit\/tapis-de-yoga-en-coton\/\" \/>\n<meta property=\"og:locale\" content=\"fr_FR\" \/>\n<meta property=\"og:type\" content=\"article\" \/>\n<meta property=\"og:title\" content=\"Tapis de yoga en coton - Samarali\" \/>\n<meta property=\"og:description\" content=\"Notre tapis de yoga en coton est con\u00e7u pour offrir confort et d\u00e9tente, ce qui en fait le choix id\u00e9al pour ceux qui ont besoin d&rsquo;un bon amorti pendant leur pratique. Fabriqu\u00e9 \u00e0 partir de coton issu de l&rsquo;agriculture biologique, ce tapis est id\u00e9al pour le yoga restaurateur, le yoga Nidra, la m\u00e9ditation et le [&hellip;]\" \/>\n<meta property=\"og:url\" content=\"https:\/\/samarali.com\/fr\/produit\/tapis-de-yoga-en-coton\/\" \/>\n<meta property=\"og:site_name\" content=\"Samarali\" \/>\n<meta property=\"article:publisher\" content=\"https:\/\/www.facebook.com\/samaraliyoga\" \/>\n<meta property=\"article:modified_time\" content=\"2024-12-01T23:03:31+00:00\" \/>\n<meta property=\"og:image\" content=\"https:\/\/samarali.com\/wp-content\/uploads\/2020\/12\/Cotton-mat_Chateau-grey_01.jpg\" \/>\n\t<meta property=\"og:image:width\" content=\"1000\" \/>\n\t<meta property=\"og:image:height\" content=\"1000\" \/>\n\t<meta property=\"og:image:type\" content=\"image\/jpeg\" \/>\n<meta name=\"twitter:card\" content=\"summary_large_image\" \/>\n<meta name=\"twitter:label1\" content=\"Disponibilit\u00e9\" \/>\n\t<meta name=\"twitter:data1\" content=\"En stock\" \/>\n<script type=\"application\/ld+json\" class=\"yoast-schema-graph\">{\"@context\":\"https:\\\/\\\/schema.org\",\"@graph\":[{\"@type\":\"WebPage\",\"@id\":\"https:\\\/\\\/samarali.com\\\/fr\\\/produit\\\/tapis-de-yoga-en-coton\\\/\",\"url\":\"https:\\\/\\\/samarali.com\\\/fr\\\/produit\\\/tapis-de-yoga-en-coton\\\/\",\"name\":\"Tapis de yoga en coton - Samarali\",\"isPartOf\":{\"@id\":\"https:\\\/\\\/samarali.com\\\/fr\\\/#website\"},\"primaryImageOfPage\":{\"@id\":\"https:\\\/\\\/samarali.com\\\/fr\\\/produit\\\/tapis-de-yoga-en-coton\\\/#primaryimage\"},\"image\":{\"@id\":\"https:\\\/\\\/samarali.com\\\/fr\\\/produit\\\/tapis-de-yoga-en-coton\\\/#primaryimage\"},\"thumbnailUrl\":\"https:\\\/\\\/samarali.com\\\/wp-content\\\/uploads\\\/2020\\\/12\\\/Cotton-mat_Chateau-grey_01.jpg\",\"datePublished\":\"2020-12-28T10:00:41+00:00\",\"dateModified\":\"2024-12-01T23:03:31+00:00\",\"breadcrumb\":{\"@id\":\"https:\\\/\\\/samarali.com\\\/fr\\\/produit\\\/tapis-de-yoga-en-coton\\\/#breadcrumb\"},\"inLanguage\":\"fr-FR\",\"potentialAction\":[{\"@type\":\"ReadAction\",\"target\":[\"https:\\\/\\\/samarali.com\\\/fr\\\/produit\\\/tapis-de-yoga-en-coton\\\/\"]}]},{\"@type\":\"ImageObject\",\"inLanguage\":\"fr-FR\",\"@id\":\"https:\\\/\\\/samarali.com\\\/fr\\\/produit\\\/tapis-de-yoga-en-coton\\\/#primaryimage\",\"url\":\"https:\\\/\\\/samarali.com\\\/wp-content\\\/uploads\\\/2020\\\/12\\\/Cotton-mat_Chateau-grey_01.jpg\",\"contentUrl\":\"https:\\\/\\\/samarali.com\\\/wp-content\\\/uploads\\\/2020\\\/12\\\/Cotton-mat_Chateau-grey_01.jpg\",\"width\":1000,\"height\":1000,\"caption\":\"Cotton mat Chateau grey 01\"},{\"@type\":\"BreadcrumbList\",\"@id\":\"https:\\\/\\\/samarali.com\\\/fr\\\/produit\\\/tapis-de-yoga-en-coton\\\/#breadcrumb\",\"itemListElement\":[{\"@type\":\"ListItem\",\"position\":1,\"name\":\"Accueil\",\"item\":\"https:\\\/\\\/samarali.com\\\/fr\\\/accueil\\\/\"},{\"@type\":\"ListItem\",\"position\":2,\"name\":\"Boutique\",\"item\":\"https:\\\/\\\/samarali.com\\\/fr\\\/boutique\\\/\"},{\"@type\":\"ListItem\",\"position\":3,\"name\":\"Tapis de yoga en coton\"}]},{\"@type\":\"WebSite\",\"@id\":\"https:\\\/\\\/samarali.com\\\/fr\\\/#website\",\"url\":\"https:\\\/\\\/samarali.com\\\/fr\\\/\",\"name\":\"Samarali\",\"description\":\"Samarali est une marque de yoga et de style de vie durable bas\u00e9e aux Pays-Bas.\",\"publisher\":{\"@id\":\"https:\\\/\\\/samarali.com\\\/fr\\\/#organization\"},\"potentialAction\":[{\"@type\":\"SearchAction\",\"target\":{\"@type\":\"EntryPoint\",\"urlTemplate\":\"https:\\\/\\\/samarali.com\\\/fr\\\/?s={search_term_string}\"},\"query-input\":{\"@type\":\"PropertyValueSpecification\",\"valueRequired\":true,\"valueName\":\"search_term_string\"}}],\"inLanguage\":\"fr-FR\"},{\"@type\":\"Organization\",\"@id\":\"https:\\\/\\\/samarali.com\\\/fr\\\/#organization\",\"name\":\"Samarali\",\"url\":\"https:\\\/\\\/samarali.com\\\/fr\\\/\",\"logo\":{\"@type\":\"ImageObject\",\"inLanguage\":\"fr-FR\",\"@id\":\"https:\\\/\\\/samarali.com\\\/fr\\\/#\\\/schema\\\/logo\\\/image\\\/\",\"url\":\"https:\\\/\\\/samarali.com\\\/wp-content\\\/uploads\\\/2024\\\/05\\\/cropped-samarali-icon.png\",\"contentUrl\":\"https:\\\/\\\/samarali.com\\\/wp-content\\\/uploads\\\/2024\\\/05\\\/cropped-samarali-icon.png\",\"width\":512,\"height\":512,\"caption\":\"Samarali\"},\"image\":{\"@id\":\"https:\\\/\\\/samarali.com\\\/fr\\\/#\\\/schema\\\/logo\\\/image\\\/\"},\"sameAs\":[\"https:\\\/\\\/www.facebook.com\\\/samaraliyoga\",\"https:\\\/\\\/www.linkedin.com\\\/company\\\/69563155\\\/\",\"https:\\\/\\\/www.instagram.com\\\/samaraliyoga\\\/\",\"https:\\\/\\\/nl.pinterest.com\\\/Samaraliyoga\\\/\"],\"description\":\"Samarali is a sustainable yoga and lifestyle brand based in the Netherlands\",\"email\":\"info@samarali.com\",\"legalName\":\"Samarali B.V.\",\"vatID\":\"NL859820324B01\",\"numberOfEmployees\":{\"@type\":\"QuantitativeValue\",\"minValue\":\"1\",\"maxValue\":\"10\"}}]}<\/script>\n<meta property=\"og:availability\" content=\"instock\" \/>\n<meta property=\"product:availability\" content=\"instock\" \/>\n<meta property=\"product:condition\" content=\"new\" \/>\n<!-- \/ Yoast SEO Premium plugin. -->","yoast_head_json":{"title":"Tapis de yoga en coton - Samarali","robots":{"index":"index","follow":"follow","max-snippet":"max-snippet:-1","max-image-preview":"max-image-preview:large","max-video-preview":"max-video-preview:-1"},"canonical":"https:\/\/samarali.com\/fr\/produit\/tapis-de-yoga-en-coton\/","og_locale":"fr_FR","og_type":"article","og_title":"Tapis de yoga en coton - Samarali","og_description":"Notre tapis de yoga en coton est con\u00e7u pour offrir confort et d\u00e9tente, ce qui en fait le choix id\u00e9al pour ceux qui ont besoin d&rsquo;un bon amorti pendant leur pratique. Fabriqu\u00e9 \u00e0 partir de coton issu de l&rsquo;agriculture biologique, ce tapis est id\u00e9al pour le yoga restaurateur, le yoga Nidra, la m\u00e9ditation et le [&hellip;]","og_url":"https:\/\/samarali.com\/fr\/produit\/tapis-de-yoga-en-coton\/","og_site_name":"Samarali","article_publisher":"https:\/\/www.facebook.com\/samaraliyoga","article_modified_time":"2024-12-01T23:03:31+00:00","og_image":[{"width":1000,"height":1000,"url":"https:\/\/samarali.com\/wp-content\/uploads\/2020\/12\/Cotton-mat_Chateau-grey_01.jpg","type":"image\/jpeg"}],"twitter_card":"summary_large_image","twitter_misc":{"Disponibilit\u00e9":"En stock"},"schema":{"@context":"https:\/\/schema.org","@graph":[{"@type":"WebPage","@id":"https:\/\/samarali.com\/fr\/produit\/tapis-de-yoga-en-coton\/","url":"https:\/\/samarali.com\/fr\/produit\/tapis-de-yoga-en-coton\/","name":"Tapis de yoga en coton - Samarali","isPartOf":{"@id":"https:\/\/samarali.com\/fr\/#website"},"primaryImageOfPage":{"@id":"https:\/\/samarali.com\/fr\/produit\/tapis-de-yoga-en-coton\/#primaryimage"},"image":{"@id":"https:\/\/samarali.com\/fr\/produit\/tapis-de-yoga-en-coton\/#primaryimage"},"thumbnailUrl":"https:\/\/samarali.com\/wp-content\/uploads\/2020\/12\/Cotton-mat_Chateau-grey_01.jpg","datePublished":"2020-12-28T10:00:41+00:00","dateModified":"2024-12-01T23:03:31+00:00","breadcrumb":{"@id":"https:\/\/samarali.com\/fr\/produit\/tapis-de-yoga-en-coton\/#breadcrumb"},"inLanguage":"fr-FR","potentialAction":[{"@type":"ReadAction","target":["https:\/\/samarali.com\/fr\/produit\/tapis-de-yoga-en-coton\/"]}]},{"@type":"ImageObject","inLanguage":"fr-FR","@id":"https:\/\/samarali.com\/fr\/produit\/tapis-de-yoga-en-coton\/#primaryimage","url":"https:\/\/samarali.com\/wp-content\/uploads\/2020\/12\/Cotton-mat_Chateau-grey_01.jpg","contentUrl":"https:\/\/samarali.com\/wp-content\/uploads\/2020\/12\/Cotton-mat_Chateau-grey_01.jpg","width":1000,"height":1000,"caption":"Cotton mat Chateau grey 01"},{"@type":"BreadcrumbList","@id":"https:\/\/samarali.com\/fr\/produit\/tapis-de-yoga-en-coton\/#breadcrumb","itemListElement":[{"@type":"ListItem","position":1,"name":"Accueil","item":"https:\/\/samarali.com\/fr\/accueil\/"},{"@type":"ListItem","position":2,"name":"Boutique","item":"https:\/\/samarali.com\/fr\/boutique\/"},{"@type":"ListItem","position":3,"name":"Tapis de yoga en coton"}]},{"@type":"WebSite","@id":"https:\/\/samarali.com\/fr\/#website","url":"https:\/\/samarali.com\/fr\/","name":"Samarali","description":"Samarali est une marque de yoga et de style de vie durable bas\u00e9e aux Pays-Bas.","publisher":{"@id":"https:\/\/samarali.com\/fr\/#organization"},"potentialAction":[{"@type":"SearchAction","target":{"@type":"EntryPoint","urlTemplate":"https:\/\/samarali.com\/fr\/?s={search_term_string}"},"query-input":{"@type":"PropertyValueSpecification","valueRequired":true,"valueName":"search_term_string"}}],"inLanguage":"fr-FR"},{"@type":"Organization","@id":"https:\/\/samarali.com\/fr\/#organization","name":"Samarali","url":"https:\/\/samarali.com\/fr\/","logo":{"@type":"ImageObject","inLanguage":"fr-FR","@id":"https:\/\/samarali.com\/fr\/#\/schema\/logo\/image\/","url":"https:\/\/samarali.com\/wp-content\/uploads\/2024\/05\/cropped-samarali-icon.png","contentUrl":"https:\/\/samarali.com\/wp-content\/uploads\/2024\/05\/cropped-samarali-icon.png","width":512,"height":512,"caption":"Samarali"},"image":{"@id":"https:\/\/samarali.com\/fr\/#\/schema\/logo\/image\/"},"sameAs":["https:\/\/www.facebook.com\/samaraliyoga","https:\/\/www.linkedin.com\/company\/69563155\/","https:\/\/www.instagram.com\/samaraliyoga\/","https:\/\/nl.pinterest.com\/Samaraliyoga\/"],"description":"Samarali is a sustainable yoga and lifestyle brand based in the Netherlands","email":"info@samarali.com","legalName":"Samarali B.V.","vatID":"NL859820324B01","numberOfEmployees":{"@type":"QuantitativeValue","minValue":"1","maxValue":"10"}}]},"og_availability":"instock","product_availability":"instock","product_condition":"new"},"jetpack_sharing_enabled":true,"_links":{"self":[{"href":"https:\/\/samarali.com\/fr\/wp-json\/wp\/v2\/product\/28627","targetHints":{"allow":["GET"]}}],"collection":[{"href":"https:\/\/samarali.com\/fr\/wp-json\/wp\/v2\/product"}],"about":[{"href":"https:\/\/samarali.com\/fr\/wp-json\/wp\/v2\/types\/product"}],"replies":[{"embeddable":true,"href":"https:\/\/samarali.com\/fr\/wp-json\/wp\/v2\/comments?post=28627"}],"version-history":[{"count":0,"href":"https:\/\/samarali.com\/fr\/wp-json\/wp\/v2\/product\/28627\/revisions"}],"wp:featuredmedia":[{"embeddable":true,"href":"https:\/\/samarali.com\/fr\/wp-json\/wp\/v2\/media\/13678"}],"wp:attachment":[{"href":"https:\/\/samarali.com\/fr\/wp-json\/wp\/v2\/media?parent=28627"}],"wp:term":[{"taxonomy":"product_cat","embeddable":true,"href":"https:\/\/samarali.com\/fr\/wp-json\/wp\/v2\/product_cat?post=28627"},{"taxonomy":"product_tag","embeddable":true,"href":"https:\/\/samarali.com\/fr\/wp-json\/wp\/v2\/product_tag?post=28627"}],"curies":[{"name":"wp","href":"https:\/\/api.w.org\/{rel}","templated":true}]}}