{"id":28609,"date":"2024-07-31T09:44:43","date_gmt":"2024-07-31T07:44:43","guid":{"rendered":"https:\/\/samarali.com\/product\/tapis-de-yoga-eclipse-de-lune\/"},"modified":"2025-09-24T17:07:49","modified_gmt":"2025-09-24T15:07:49","slug":"tapis-de-yoga-eclipse-de-lune","status":"publish","type":"product","link":"https:\/\/samarali.com\/fr\/produit\/tapis-de-yoga-eclipse-de-lune\/","title":{"rendered":"Tapis de yoga \u00e9clipse de lune"},"content":{"rendered":"<p>Le tapis de yoga en li\u00e8ge Moon Eclipse est r\u00e9put\u00e9 pour ses qualit\u00e9s antimicrobiennes, qui le rendent autonettoyant et r\u00e9sistant au d\u00e9veloppement de moisissures, de bact\u00e9ries et d&rsquo;odeurs. Son excellente adh\u00e9rence, qui s&rsquo;am\u00e9liore lorsqu&rsquo;il est mouill\u00e9, le rend id\u00e9al pour les pratiques de yoga actives et chaudes. Avec une \u00e9paisseur et une densit\u00e9 \u00e9lev\u00e9es qui assurent \u00e0 la fois la s\u00e9curit\u00e9 et la douceur, ce tapis convient aussi bien aux d\u00e9butants qu&rsquo;aux yogis confirm\u00e9s.<\/p>\n<p><strong>Respect de l&rsquo;environnement<\/strong><\/p>\n<p>Le tapis de yoga Moon Eclipse est un choix \u00e9cologique, enti\u00e8rement fabriqu\u00e9 \u00e0 partir de mat\u00e9riaux organiques et naturels. La couche de li\u00e8ge est biod\u00e9gradable et la sous-couche de caoutchouc est recyclable, ce qui fait de ce tapis une alternative durable aux options synth\u00e9tiques. Il est \u00e9galement respirant, souple et doux pour la peau, ce qui am\u00e9liore votre exp\u00e9rience du yoga tout en minimisant l&rsquo;impact sur l&rsquo;environnement.<\/p>\n<p><strong>Propri\u00e9t\u00e9s antimicrobiennes<\/strong><\/p>\n<p>Ce tapis de yoga poss\u00e8de des propri\u00e9t\u00e9s autonettoyantes, ce qui le rend naturellement antimicrobien. Il r\u00e9siste aux bact\u00e9ries et \u00e0 la pourriture, et g\u00e8re efficacement la transpiration et les odeurs, m\u00eame apr\u00e8s des s\u00e9ances d&rsquo;entra\u00eenement intensives. Cela permet \u00e0 votre tapis de rester frais et hygi\u00e9nique au fil du temps.<\/p>\n<p><strong>Poign\u00e9e<\/strong><\/p>\n<p>Le tapis Moon Eclipse offre une adh\u00e9rence sup\u00e9rieure, en particulier lorsque vous transpirez. La surface en li\u00e8ge devient plus adh\u00e9rente avec l&rsquo;humidit\u00e9, ce qui permet de maintenir une bonne prise tout au long de votre pratique. En outre, les propri\u00e9t\u00e9s amortissantes du tapis absorbent la pression au lieu de la d\u00e9placer, ce qui vous offre un confort et un plaisir accrus pendant vos exercices.<\/p>\n","protected":false},"excerpt":{"rendered":"<p>Am\u00e9liorez votre pratique du yoga avec le tapis de yoga en li\u00e8ge Moon Eclipse, dot\u00e9 de propri\u00e9t\u00e9s antimicrobiennes et autonettoyantes et d&rsquo;une adh\u00e9rence exceptionnelle qui s&rsquo;am\u00e9liore lorsqu&rsquo;il est mouill\u00e9. Fabriqu\u00e9 \u00e0 partir de mat\u00e9riaux organiques, il est respectueux de l&rsquo;environnement, durable et offre un amortissement sup\u00e9rieur pour le confort et la stabilit\u00e9.<\/p>\n","protected":false},"featured_media":17126,"comment_status":"open","ping_status":"closed","template":"","meta":{"_acf_changed":false,"_improvement_type_select":"improve_an_existing","_thumb_yes_seoaic":false,"_frame_yes_seoaic":false,"seoaic_generate_description":"","seoaic_improve_instructions_prompt":"","seoaic_rollback_content_improvement":"","seoaic_idea_thumbnail_generator":"","thumbnail_generated":false,"thumbnail_generate_prompt":"","seoaic_article_description":"","inline_featured_image":false},"product_cat":[337,325],"product_tag":[],"class_list":{"0":"post-28609","1":"product","2":"type-product","3":"status-publish","4":"has-post-thumbnail","6":"product_cat-tapis-de-yoga","7":"product_cat-yoga-fr","9":"first","10":"instock","11":"shipping-taxable","12":"purchasable","13":"product-type-simple"},"acf":[],"yoast_head":"<!-- This site is optimized with the Yoast SEO Premium plugin v27.3 (Yoast SEO v27.3) - https:\/\/yoast.com\/product\/yoast-seo-premium-wordpress\/ -->\n<title>Tapis de yoga \u00e9clipse de lune - Samarali<\/title>\n<meta name=\"description\" content=\"Tapis de yoga \u00e9clipse de lune, dot\u00e9 de propri\u00e9t\u00e9s antimicrobiennes et autonettoyantes et d&#039;une adh\u00e9rence exceptionnelle qui s&#039;am\u00e9liore lorsqu&#039;il est mouill\u00e9. il est respectueux de l&#039;environnement.\" \/>\n<meta name=\"robots\" content=\"index, follow, max-snippet:-1, max-image-preview:large, max-video-preview:-1\" \/>\n<link rel=\"canonical\" href=\"https:\/\/samarali.com\/fr\/produit\/tapis-de-yoga-eclipse-de-lune\/\" \/>\n<meta property=\"og:locale\" content=\"fr_FR\" \/>\n<meta property=\"og:type\" content=\"article\" \/>\n<meta property=\"og:title\" content=\"Tapis de yoga \u00e9clipse de lune - Samarali\" \/>\n<meta property=\"og:description\" content=\"Tapis de yoga \u00e9clipse de lune, dot\u00e9 de propri\u00e9t\u00e9s antimicrobiennes et autonettoyantes et d&#039;une adh\u00e9rence exceptionnelle qui s&#039;am\u00e9liore lorsqu&#039;il est mouill\u00e9. il est respectueux de l&#039;environnement.\" \/>\n<meta property=\"og:url\" content=\"https:\/\/samarali.com\/fr\/produit\/tapis-de-yoga-eclipse-de-lune\/\" \/>\n<meta property=\"og:site_name\" content=\"Samarali\" \/>\n<meta property=\"article:publisher\" content=\"https:\/\/www.facebook.com\/samaraliyoga\" \/>\n<meta property=\"article:modified_time\" content=\"2025-09-24T15:07:49+00:00\" \/>\n<meta property=\"og:image\" content=\"https:\/\/samarali.com\/wp-content\/uploads\/2024\/07\/sam-moon-eclipse-yoga-mat-01.jpg\" \/>\n\t<meta property=\"og:image:width\" content=\"830\" \/>\n\t<meta property=\"og:image:height\" content=\"830\" \/>\n\t<meta property=\"og:image:type\" content=\"image\/jpeg\" \/>\n<meta name=\"twitter:card\" content=\"summary_large_image\" \/>\n<meta name=\"twitter:label1\" content=\"Prix\" \/>\n\t<meta name=\"twitter:data1\" content=\"&euro;&nbsp;79,00\" \/>\n\t<meta name=\"twitter:label2\" content=\"Disponibilit\u00e9\" \/>\n\t<meta name=\"twitter:data2\" content=\"En stock\" \/>\n<script type=\"application\/ld+json\" class=\"yoast-schema-graph\">{\"@context\":\"https:\\\/\\\/schema.org\",\"@graph\":[{\"@type\":\"WebPage\",\"@id\":\"https:\\\/\\\/samarali.com\\\/fr\\\/produit\\\/tapis-de-yoga-eclipse-de-lune\\\/\",\"url\":\"https:\\\/\\\/samarali.com\\\/fr\\\/produit\\\/tapis-de-yoga-eclipse-de-lune\\\/\",\"name\":\"Tapis de yoga \u00e9clipse de lune - Samarali\",\"isPartOf\":{\"@id\":\"https:\\\/\\\/samarali.com\\\/fr\\\/#website\"},\"primaryImageOfPage\":{\"@id\":\"https:\\\/\\\/samarali.com\\\/fr\\\/produit\\\/tapis-de-yoga-eclipse-de-lune\\\/#primaryimage\"},\"image\":{\"@id\":\"https:\\\/\\\/samarali.com\\\/fr\\\/produit\\\/tapis-de-yoga-eclipse-de-lune\\\/#primaryimage\"},\"thumbnailUrl\":\"https:\\\/\\\/samarali.com\\\/wp-content\\\/uploads\\\/2024\\\/07\\\/sam-moon-eclipse-yoga-mat-01.jpg\",\"datePublished\":\"2024-07-31T07:44:43+00:00\",\"dateModified\":\"2025-09-24T15:07:49+00:00\",\"description\":\"Tapis de yoga \u00e9clipse de lune, dot\u00e9 de propri\u00e9t\u00e9s antimicrobiennes et autonettoyantes et d'une adh\u00e9rence exceptionnelle qui s'am\u00e9liore lorsqu'il est mouill\u00e9. il est respectueux de l'environnement.\",\"breadcrumb\":{\"@id\":\"https:\\\/\\\/samarali.com\\\/fr\\\/produit\\\/tapis-de-yoga-eclipse-de-lune\\\/#breadcrumb\"},\"inLanguage\":\"fr-FR\",\"potentialAction\":[{\"@type\":\"ReadAction\",\"target\":[\"https:\\\/\\\/samarali.com\\\/fr\\\/produit\\\/tapis-de-yoga-eclipse-de-lune\\\/\"]}]},{\"@type\":\"ImageObject\",\"inLanguage\":\"fr-FR\",\"@id\":\"https:\\\/\\\/samarali.com\\\/fr\\\/produit\\\/tapis-de-yoga-eclipse-de-lune\\\/#primaryimage\",\"url\":\"https:\\\/\\\/samarali.com\\\/wp-content\\\/uploads\\\/2024\\\/07\\\/sam-moon-eclipse-yoga-mat-01.jpg\",\"contentUrl\":\"https:\\\/\\\/samarali.com\\\/wp-content\\\/uploads\\\/2024\\\/07\\\/sam-moon-eclipse-yoga-mat-01.jpg\",\"width\":830,\"height\":830,\"caption\":\"sam moon eclipse yoga mat 01\"},{\"@type\":\"BreadcrumbList\",\"@id\":\"https:\\\/\\\/samarali.com\\\/fr\\\/produit\\\/tapis-de-yoga-eclipse-de-lune\\\/#breadcrumb\",\"itemListElement\":[{\"@type\":\"ListItem\",\"position\":1,\"name\":\"Accueil\",\"item\":\"https:\\\/\\\/samarali.com\\\/fr\\\/accueil\\\/\"},{\"@type\":\"ListItem\",\"position\":2,\"name\":\"Boutique\",\"item\":\"https:\\\/\\\/samarali.com\\\/fr\\\/boutique\\\/\"},{\"@type\":\"ListItem\",\"position\":3,\"name\":\"Tapis de yoga \u00e9clipse de lune\"}]},{\"@type\":\"WebSite\",\"@id\":\"https:\\\/\\\/samarali.com\\\/fr\\\/#website\",\"url\":\"https:\\\/\\\/samarali.com\\\/fr\\\/\",\"name\":\"Samarali\",\"description\":\"Samarali est une marque de yoga et de style de vie durable bas\u00e9e aux Pays-Bas.\",\"publisher\":{\"@id\":\"https:\\\/\\\/samarali.com\\\/fr\\\/#organization\"},\"potentialAction\":[{\"@type\":\"SearchAction\",\"target\":{\"@type\":\"EntryPoint\",\"urlTemplate\":\"https:\\\/\\\/samarali.com\\\/fr\\\/?s={search_term_string}\"},\"query-input\":{\"@type\":\"PropertyValueSpecification\",\"valueRequired\":true,\"valueName\":\"search_term_string\"}}],\"inLanguage\":\"fr-FR\"},{\"@type\":\"Organization\",\"@id\":\"https:\\\/\\\/samarali.com\\\/fr\\\/#organization\",\"name\":\"Samarali\",\"url\":\"https:\\\/\\\/samarali.com\\\/fr\\\/\",\"logo\":{\"@type\":\"ImageObject\",\"inLanguage\":\"fr-FR\",\"@id\":\"https:\\\/\\\/samarali.com\\\/fr\\\/#\\\/schema\\\/logo\\\/image\\\/\",\"url\":\"https:\\\/\\\/samarali.com\\\/wp-content\\\/uploads\\\/2024\\\/05\\\/cropped-samarali-icon.png\",\"contentUrl\":\"https:\\\/\\\/samarali.com\\\/wp-content\\\/uploads\\\/2024\\\/05\\\/cropped-samarali-icon.png\",\"width\":512,\"height\":512,\"caption\":\"Samarali\"},\"image\":{\"@id\":\"https:\\\/\\\/samarali.com\\\/fr\\\/#\\\/schema\\\/logo\\\/image\\\/\"},\"sameAs\":[\"https:\\\/\\\/www.facebook.com\\\/samaraliyoga\",\"https:\\\/\\\/www.linkedin.com\\\/company\\\/69563155\\\/\",\"https:\\\/\\\/www.instagram.com\\\/samaraliyoga\\\/\",\"https:\\\/\\\/nl.pinterest.com\\\/Samaraliyoga\\\/\"],\"description\":\"Samarali is a sustainable yoga and lifestyle brand based in the Netherlands\",\"email\":\"info@samarali.com\",\"legalName\":\"Samarali B.V.\",\"vatID\":\"NL859820324B01\",\"numberOfEmployees\":{\"@type\":\"QuantitativeValue\",\"minValue\":\"1\",\"maxValue\":\"10\"}}]}<\/script>\n<meta property=\"product:price:amount\" content=\"79.00\" \/>\n<meta property=\"product:price:currency\" content=\"EUR\" \/>\n<meta property=\"og:availability\" content=\"instock\" \/>\n<meta property=\"product:availability\" content=\"instock\" \/>\n<meta property=\"product:retailer_item_id\" content=\"11111\" \/>\n<meta property=\"product:condition\" content=\"new\" \/>\n<!-- \/ Yoast SEO Premium plugin. -->","yoast_head_json":{"title":"Tapis de yoga \u00e9clipse de lune - Samarali","description":"Tapis de yoga \u00e9clipse de lune, dot\u00e9 de propri\u00e9t\u00e9s antimicrobiennes et autonettoyantes et d'une adh\u00e9rence exceptionnelle qui s'am\u00e9liore lorsqu'il est mouill\u00e9. il est respectueux de l'environnement.","robots":{"index":"index","follow":"follow","max-snippet":"max-snippet:-1","max-image-preview":"max-image-preview:large","max-video-preview":"max-video-preview:-1"},"canonical":"https:\/\/samarali.com\/fr\/produit\/tapis-de-yoga-eclipse-de-lune\/","og_locale":"fr_FR","og_type":"article","og_title":"Tapis de yoga \u00e9clipse de lune - Samarali","og_description":"Tapis de yoga \u00e9clipse de lune, dot\u00e9 de propri\u00e9t\u00e9s antimicrobiennes et autonettoyantes et d'une adh\u00e9rence exceptionnelle qui s'am\u00e9liore lorsqu'il est mouill\u00e9. il est respectueux de l'environnement.","og_url":"https:\/\/samarali.com\/fr\/produit\/tapis-de-yoga-eclipse-de-lune\/","og_site_name":"Samarali","article_publisher":"https:\/\/www.facebook.com\/samaraliyoga","article_modified_time":"2025-09-24T15:07:49+00:00","og_image":[{"width":830,"height":830,"url":"https:\/\/samarali.com\/wp-content\/uploads\/2024\/07\/sam-moon-eclipse-yoga-mat-01.jpg","type":"image\/jpeg"}],"twitter_card":"summary_large_image","twitter_misc":{"Prix":"&euro;&nbsp;79,00","Disponibilit\u00e9":"En stock"},"schema":{"@context":"https:\/\/schema.org","@graph":[{"@type":"WebPage","@id":"https:\/\/samarali.com\/fr\/produit\/tapis-de-yoga-eclipse-de-lune\/","url":"https:\/\/samarali.com\/fr\/produit\/tapis-de-yoga-eclipse-de-lune\/","name":"Tapis de yoga \u00e9clipse de lune - Samarali","isPartOf":{"@id":"https:\/\/samarali.com\/fr\/#website"},"primaryImageOfPage":{"@id":"https:\/\/samarali.com\/fr\/produit\/tapis-de-yoga-eclipse-de-lune\/#primaryimage"},"image":{"@id":"https:\/\/samarali.com\/fr\/produit\/tapis-de-yoga-eclipse-de-lune\/#primaryimage"},"thumbnailUrl":"https:\/\/samarali.com\/wp-content\/uploads\/2024\/07\/sam-moon-eclipse-yoga-mat-01.jpg","datePublished":"2024-07-31T07:44:43+00:00","dateModified":"2025-09-24T15:07:49+00:00","description":"Tapis de yoga \u00e9clipse de lune, dot\u00e9 de propri\u00e9t\u00e9s antimicrobiennes et autonettoyantes et d'une adh\u00e9rence exceptionnelle qui s'am\u00e9liore lorsqu'il est mouill\u00e9. il est respectueux de l'environnement.","breadcrumb":{"@id":"https:\/\/samarali.com\/fr\/produit\/tapis-de-yoga-eclipse-de-lune\/#breadcrumb"},"inLanguage":"fr-FR","potentialAction":[{"@type":"ReadAction","target":["https:\/\/samarali.com\/fr\/produit\/tapis-de-yoga-eclipse-de-lune\/"]}]},{"@type":"ImageObject","inLanguage":"fr-FR","@id":"https:\/\/samarali.com\/fr\/produit\/tapis-de-yoga-eclipse-de-lune\/#primaryimage","url":"https:\/\/samarali.com\/wp-content\/uploads\/2024\/07\/sam-moon-eclipse-yoga-mat-01.jpg","contentUrl":"https:\/\/samarali.com\/wp-content\/uploads\/2024\/07\/sam-moon-eclipse-yoga-mat-01.jpg","width":830,"height":830,"caption":"sam moon eclipse yoga mat 01"},{"@type":"BreadcrumbList","@id":"https:\/\/samarali.com\/fr\/produit\/tapis-de-yoga-eclipse-de-lune\/#breadcrumb","itemListElement":[{"@type":"ListItem","position":1,"name":"Accueil","item":"https:\/\/samarali.com\/fr\/accueil\/"},{"@type":"ListItem","position":2,"name":"Boutique","item":"https:\/\/samarali.com\/fr\/boutique\/"},{"@type":"ListItem","position":3,"name":"Tapis de yoga \u00e9clipse de lune"}]},{"@type":"WebSite","@id":"https:\/\/samarali.com\/fr\/#website","url":"https:\/\/samarali.com\/fr\/","name":"Samarali","description":"Samarali est une marque de yoga et de style de vie durable bas\u00e9e aux Pays-Bas.","publisher":{"@id":"https:\/\/samarali.com\/fr\/#organization"},"potentialAction":[{"@type":"SearchAction","target":{"@type":"EntryPoint","urlTemplate":"https:\/\/samarali.com\/fr\/?s={search_term_string}"},"query-input":{"@type":"PropertyValueSpecification","valueRequired":true,"valueName":"search_term_string"}}],"inLanguage":"fr-FR"},{"@type":"Organization","@id":"https:\/\/samarali.com\/fr\/#organization","name":"Samarali","url":"https:\/\/samarali.com\/fr\/","logo":{"@type":"ImageObject","inLanguage":"fr-FR","@id":"https:\/\/samarali.com\/fr\/#\/schema\/logo\/image\/","url":"https:\/\/samarali.com\/wp-content\/uploads\/2024\/05\/cropped-samarali-icon.png","contentUrl":"https:\/\/samarali.com\/wp-content\/uploads\/2024\/05\/cropped-samarali-icon.png","width":512,"height":512,"caption":"Samarali"},"image":{"@id":"https:\/\/samarali.com\/fr\/#\/schema\/logo\/image\/"},"sameAs":["https:\/\/www.facebook.com\/samaraliyoga","https:\/\/www.linkedin.com\/company\/69563155\/","https:\/\/www.instagram.com\/samaraliyoga\/","https:\/\/nl.pinterest.com\/Samaraliyoga\/"],"description":"Samarali is a sustainable yoga and lifestyle brand based in the Netherlands","email":"info@samarali.com","legalName":"Samarali B.V.","vatID":"NL859820324B01","numberOfEmployees":{"@type":"QuantitativeValue","minValue":"1","maxValue":"10"}}]},"product_price_amount":"79.00","product_price_currency":"EUR","og_availability":"instock","product_availability":"instock","product_retailer_item_id":"11111","product_condition":"new"},"jetpack_sharing_enabled":true,"_links":{"self":[{"href":"https:\/\/samarali.com\/fr\/wp-json\/wp\/v2\/product\/28609","targetHints":{"allow":["GET"]}}],"collection":[{"href":"https:\/\/samarali.com\/fr\/wp-json\/wp\/v2\/product"}],"about":[{"href":"https:\/\/samarali.com\/fr\/wp-json\/wp\/v2\/types\/product"}],"replies":[{"embeddable":true,"href":"https:\/\/samarali.com\/fr\/wp-json\/wp\/v2\/comments?post=28609"}],"version-history":[{"count":1,"href":"https:\/\/samarali.com\/fr\/wp-json\/wp\/v2\/product\/28609\/revisions"}],"predecessor-version":[{"id":32867,"href":"https:\/\/samarali.com\/fr\/wp-json\/wp\/v2\/product\/28609\/revisions\/32867"}],"wp:featuredmedia":[{"embeddable":true,"href":"https:\/\/samarali.com\/fr\/wp-json\/wp\/v2\/media\/17126"}],"wp:attachment":[{"href":"https:\/\/samarali.com\/fr\/wp-json\/wp\/v2\/media?parent=28609"}],"wp:term":[{"taxonomy":"product_cat","embeddable":true,"href":"https:\/\/samarali.com\/fr\/wp-json\/wp\/v2\/product_cat?post=28609"},{"taxonomy":"product_tag","embeddable":true,"href":"https:\/\/samarali.com\/fr\/wp-json\/wp\/v2\/product_tag?post=28609"}],"curies":[{"name":"wp","href":"https:\/\/api.w.org\/{rel}","templated":true}]}}