{"id":28604,"date":"2024-07-30T21:23:21","date_gmt":"2024-07-30T19:23:21","guid":{"rendered":"https:\/\/samarali.com\/product\/tapis-de-yoga-classique-en-liege\/"},"modified":"2025-10-15T09:31:53","modified_gmt":"2025-10-15T07:31:53","slug":"tapis-de-yoga-classique-en-liege","status":"publish","type":"product","link":"https:\/\/samarali.com\/fr\/produit\/tapis-de-yoga-classique-en-liege\/","title":{"rendered":"Tapis de yoga classique en li\u00e8ge"},"content":{"rendered":"<p>Si vous \u00eates \u00e0 la recherche d&rsquo;un substitut durable \u00e0 votre tapis de yoga actuel, vous avez trouv\u00e9 l&rsquo;endroit id\u00e9al.<br \/>\nNotre tapis de yoga en li\u00e8ge est fabriqu\u00e9 \u00e0 partir de mat\u00e9riaux de haute qualit\u00e9 tels que le li\u00e8ge et le caoutchouc naturel, offrant de nombreux avantages.<br \/>\nCon\u00e7u pour am\u00e9liorer votre pratique, ce tapis est parfait pour les d\u00e9butants et les yogis confirm\u00e9s.<br \/>\nNotre tapis de yoga est enti\u00e8rement fabriqu\u00e9 \u00e0 partir de mat\u00e9riaux naturels et durables, sans aucun produit artificiel.<br \/>\nIl est compos\u00e9 d&rsquo;une couche sup\u00e9rieure en li\u00e8ge biod\u00e9gradable, d&rsquo;une couche inf\u00e9rieure en caoutchouc naturel recyclable et d&rsquo;un motif grav\u00e9 au laser.<br \/>\nCe tapis et nos autres produits ne contiennent pas de PVC, de peinture ou de compos\u00e9s nocifs comme le plomb.<br \/>\nLe mat\u00e9riau en li\u00e8ge est naturellement autonettoyant, emp\u00eachant l&rsquo;accumulation de sueur et d&rsquo;odeurs m\u00eame apr\u00e8s une utilisation prolong\u00e9e.<br \/>\nCette propri\u00e9t\u00e9 autonettoyante aide \u00e9galement \u00e0 pr\u00e9venir la croissance bact\u00e9rienne, ce qui permet \u00e0 votre tapis de rester frais et hygi\u00e9nique.<br \/>\nCe tapis en li\u00e8ge est id\u00e9al pour les s\u00e9ances de yoga chaudes.<br \/>\nFabriqu\u00e9 en li\u00e8ge naturel, le tapis est r\u00e9sistant \u00e0 l&rsquo;eau et devient plus adh\u00e9rent au fur et \u00e0 mesure que vous transpirez, ce qui am\u00e9liore votre stabilit\u00e9 pendant les s\u00e9ances intenses.<br \/>\nLa fonction antid\u00e9rapante int\u00e9gr\u00e9e au mat\u00e9riau en li\u00e8ge vous donne la confiance dont vous avez besoin pour progresser dans votre entra\u00eenement de yoga, en vous assurant une exp\u00e9rience s\u00fbre et confortable, m\u00eame dans les conditions de transpiration les plus intenses.<br \/>\nNous nous engageons \u00e9galement en faveur d&rsquo;un emballage respectueux de l&rsquo;environnement.<br \/>\nTous nos produits sont emball\u00e9s dans du papier et exp\u00e9di\u00e9s dans des emballages en papier, ce qui renforce notre engagement en faveur du d\u00e9veloppement durable.<br \/>\nPour minimiser notre empreinte carbone et tendre vers la neutralit\u00e9 carbone, nous vous encourageons \u00e0 tout recycler.<br \/>\nChaque composant, du tapis \u00e0 l&#8217;emballage, est parfaitement recyclable, conform\u00e9ment \u00e0 notre objectif de r\u00e9duction des d\u00e9chets et de protection de l&rsquo;environnement.              <\/p>\n","protected":false},"excerpt":{"rendered":"<p>Si vous \u00eates \u00e0 la recherche d&rsquo;un substitut durable \u00e0 votre tapis de yoga actuel, vous avez trouv\u00e9 l&rsquo;endroit id\u00e9al. Notre tapis de yoga en li\u00e8ge est fabriqu\u00e9 \u00e0 partir de mat\u00e9riaux de haute qualit\u00e9 tels que le li\u00e8ge et le caoutchouc naturel, offrant de nombreux avantages. Con\u00e7u pour am\u00e9liorer votre pratique, ce tapis est [&hellip;]<\/p>\n","protected":false},"featured_media":17081,"comment_status":"open","ping_status":"closed","template":"","meta":{"_acf_changed":false,"_improvement_type_select":"improve_an_existing","_thumb_yes_seoaic":false,"_frame_yes_seoaic":false,"seoaic_generate_description":"","seoaic_improve_instructions_prompt":"","seoaic_rollback_content_improvement":"","seoaic_idea_thumbnail_generator":"","thumbnail_generated":false,"thumbnail_generate_prompt":"","seoaic_article_description":"","inline_featured_image":false},"product_cat":[325,337],"product_tag":[],"class_list":{"0":"post-28604","1":"product","2":"type-product","3":"status-publish","4":"has-post-thumbnail","6":"product_cat-yoga-fr","7":"product_cat-tapis-de-yoga","9":"first","10":"instock","11":"shipping-taxable","12":"purchasable","13":"product-type-simple"},"acf":[],"yoast_head":"<!-- This site is optimized with the Yoast SEO Premium plugin v27.3 (Yoast SEO v27.3) - https:\/\/yoast.com\/product\/yoast-seo-premium-wordpress\/ -->\n<title>Tapis de yoga classique en li\u00e8ge - Samarali<\/title>\n<meta name=\"robots\" content=\"index, follow, max-snippet:-1, max-image-preview:large, max-video-preview:-1\" \/>\n<link rel=\"canonical\" href=\"https:\/\/samarali.com\/fr\/produit\/tapis-de-yoga-classique-en-liege\/\" \/>\n<meta property=\"og:locale\" content=\"fr_FR\" \/>\n<meta property=\"og:type\" content=\"article\" \/>\n<meta property=\"og:title\" content=\"Tapis de yoga classique en li\u00e8ge - Samarali\" \/>\n<meta property=\"og:description\" content=\"Si vous \u00eates \u00e0 la recherche d&rsquo;un substitut durable \u00e0 votre tapis de yoga actuel, vous avez trouv\u00e9 l&rsquo;endroit id\u00e9al. Notre tapis de yoga en li\u00e8ge est fabriqu\u00e9 \u00e0 partir de mat\u00e9riaux de haute qualit\u00e9 tels que le li\u00e8ge et le caoutchouc naturel, offrant de nombreux avantages. Con\u00e7u pour am\u00e9liorer votre pratique, ce tapis est [&hellip;]\" \/>\n<meta property=\"og:url\" content=\"https:\/\/samarali.com\/fr\/produit\/tapis-de-yoga-classique-en-liege\/\" \/>\n<meta property=\"og:site_name\" content=\"Samarali\" \/>\n<meta property=\"article:publisher\" content=\"https:\/\/www.facebook.com\/samaraliyoga\" \/>\n<meta property=\"article:modified_time\" content=\"2025-10-15T07:31:53+00:00\" \/>\n<meta property=\"og:image\" content=\"https:\/\/samarali.com\/wp-content\/uploads\/2024\/07\/sam-cork-yoga-01b.jpg\" \/>\n\t<meta property=\"og:image:width\" content=\"830\" \/>\n\t<meta property=\"og:image:height\" content=\"830\" \/>\n\t<meta property=\"og:image:type\" content=\"image\/jpeg\" \/>\n<meta name=\"twitter:card\" content=\"summary_large_image\" \/>\n<meta name=\"twitter:label1\" content=\"Prix\" \/>\n\t<meta name=\"twitter:data1\" content=\"&euro;&nbsp;79,00\" \/>\n\t<meta name=\"twitter:label2\" content=\"Disponibilit\u00e9\" \/>\n\t<meta name=\"twitter:data2\" content=\"En stock\" \/>\n<script type=\"application\/ld+json\" class=\"yoast-schema-graph\">{\"@context\":\"https:\\\/\\\/schema.org\",\"@graph\":[{\"@type\":\"WebPage\",\"@id\":\"https:\\\/\\\/samarali.com\\\/fr\\\/produit\\\/tapis-de-yoga-classique-en-liege\\\/\",\"url\":\"https:\\\/\\\/samarali.com\\\/fr\\\/produit\\\/tapis-de-yoga-classique-en-liege\\\/\",\"name\":\"Tapis de yoga classique en li\u00e8ge - Samarali\",\"isPartOf\":{\"@id\":\"https:\\\/\\\/samarali.com\\\/fr\\\/#website\"},\"primaryImageOfPage\":{\"@id\":\"https:\\\/\\\/samarali.com\\\/fr\\\/produit\\\/tapis-de-yoga-classique-en-liege\\\/#primaryimage\"},\"image\":{\"@id\":\"https:\\\/\\\/samarali.com\\\/fr\\\/produit\\\/tapis-de-yoga-classique-en-liege\\\/#primaryimage\"},\"thumbnailUrl\":\"https:\\\/\\\/samarali.com\\\/wp-content\\\/uploads\\\/2024\\\/07\\\/sam-cork-yoga-01b.jpg\",\"datePublished\":\"2024-07-30T19:23:21+00:00\",\"dateModified\":\"2025-10-15T07:31:53+00:00\",\"breadcrumb\":{\"@id\":\"https:\\\/\\\/samarali.com\\\/fr\\\/produit\\\/tapis-de-yoga-classique-en-liege\\\/#breadcrumb\"},\"inLanguage\":\"fr-FR\",\"potentialAction\":[{\"@type\":\"ReadAction\",\"target\":[\"https:\\\/\\\/samarali.com\\\/fr\\\/produit\\\/tapis-de-yoga-classique-en-liege\\\/\"]}]},{\"@type\":\"ImageObject\",\"inLanguage\":\"fr-FR\",\"@id\":\"https:\\\/\\\/samarali.com\\\/fr\\\/produit\\\/tapis-de-yoga-classique-en-liege\\\/#primaryimage\",\"url\":\"https:\\\/\\\/samarali.com\\\/wp-content\\\/uploads\\\/2024\\\/07\\\/sam-cork-yoga-01b.jpg\",\"contentUrl\":\"https:\\\/\\\/samarali.com\\\/wp-content\\\/uploads\\\/2024\\\/07\\\/sam-cork-yoga-01b.jpg\",\"width\":830,\"height\":830,\"caption\":\"sam cork yoga 01b\"},{\"@type\":\"BreadcrumbList\",\"@id\":\"https:\\\/\\\/samarali.com\\\/fr\\\/produit\\\/tapis-de-yoga-classique-en-liege\\\/#breadcrumb\",\"itemListElement\":[{\"@type\":\"ListItem\",\"position\":1,\"name\":\"Accueil\",\"item\":\"https:\\\/\\\/samarali.com\\\/fr\\\/accueil\\\/\"},{\"@type\":\"ListItem\",\"position\":2,\"name\":\"Boutique\",\"item\":\"https:\\\/\\\/samarali.com\\\/fr\\\/boutique\\\/\"},{\"@type\":\"ListItem\",\"position\":3,\"name\":\"Tapis de yoga classique en li\u00e8ge\"}]},{\"@type\":\"WebSite\",\"@id\":\"https:\\\/\\\/samarali.com\\\/fr\\\/#website\",\"url\":\"https:\\\/\\\/samarali.com\\\/fr\\\/\",\"name\":\"Samarali\",\"description\":\"Samarali est une marque de yoga et de style de vie durable bas\u00e9e aux Pays-Bas.\",\"publisher\":{\"@id\":\"https:\\\/\\\/samarali.com\\\/fr\\\/#organization\"},\"potentialAction\":[{\"@type\":\"SearchAction\",\"target\":{\"@type\":\"EntryPoint\",\"urlTemplate\":\"https:\\\/\\\/samarali.com\\\/fr\\\/?s={search_term_string}\"},\"query-input\":{\"@type\":\"PropertyValueSpecification\",\"valueRequired\":true,\"valueName\":\"search_term_string\"}}],\"inLanguage\":\"fr-FR\"},{\"@type\":\"Organization\",\"@id\":\"https:\\\/\\\/samarali.com\\\/fr\\\/#organization\",\"name\":\"Samarali\",\"url\":\"https:\\\/\\\/samarali.com\\\/fr\\\/\",\"logo\":{\"@type\":\"ImageObject\",\"inLanguage\":\"fr-FR\",\"@id\":\"https:\\\/\\\/samarali.com\\\/fr\\\/#\\\/schema\\\/logo\\\/image\\\/\",\"url\":\"https:\\\/\\\/samarali.com\\\/wp-content\\\/uploads\\\/2024\\\/05\\\/cropped-samarali-icon.png\",\"contentUrl\":\"https:\\\/\\\/samarali.com\\\/wp-content\\\/uploads\\\/2024\\\/05\\\/cropped-samarali-icon.png\",\"width\":512,\"height\":512,\"caption\":\"Samarali\"},\"image\":{\"@id\":\"https:\\\/\\\/samarali.com\\\/fr\\\/#\\\/schema\\\/logo\\\/image\\\/\"},\"sameAs\":[\"https:\\\/\\\/www.facebook.com\\\/samaraliyoga\",\"https:\\\/\\\/www.linkedin.com\\\/company\\\/69563155\\\/\",\"https:\\\/\\\/www.instagram.com\\\/samaraliyoga\\\/\",\"https:\\\/\\\/nl.pinterest.com\\\/Samaraliyoga\\\/\"],\"description\":\"Samarali is a sustainable yoga and lifestyle brand based in the Netherlands\",\"email\":\"info@samarali.com\",\"legalName\":\"Samarali B.V.\",\"vatID\":\"NL859820324B01\",\"numberOfEmployees\":{\"@type\":\"QuantitativeValue\",\"minValue\":\"1\",\"maxValue\":\"10\"}}]}<\/script>\n<meta property=\"product:price:amount\" content=\"79.00\" \/>\n<meta property=\"product:price:currency\" content=\"EUR\" \/>\n<meta property=\"og:availability\" content=\"instock\" \/>\n<meta property=\"product:availability\" content=\"instock\" \/>\n<meta property=\"product:retailer_item_id\" content=\"11113\" \/>\n<meta property=\"product:condition\" content=\"new\" \/>\n<!-- \/ Yoast SEO Premium plugin. -->","yoast_head_json":{"title":"Tapis de yoga classique en li\u00e8ge - Samarali","robots":{"index":"index","follow":"follow","max-snippet":"max-snippet:-1","max-image-preview":"max-image-preview:large","max-video-preview":"max-video-preview:-1"},"canonical":"https:\/\/samarali.com\/fr\/produit\/tapis-de-yoga-classique-en-liege\/","og_locale":"fr_FR","og_type":"article","og_title":"Tapis de yoga classique en li\u00e8ge - Samarali","og_description":"Si vous \u00eates \u00e0 la recherche d&rsquo;un substitut durable \u00e0 votre tapis de yoga actuel, vous avez trouv\u00e9 l&rsquo;endroit id\u00e9al. Notre tapis de yoga en li\u00e8ge est fabriqu\u00e9 \u00e0 partir de mat\u00e9riaux de haute qualit\u00e9 tels que le li\u00e8ge et le caoutchouc naturel, offrant de nombreux avantages. Con\u00e7u pour am\u00e9liorer votre pratique, ce tapis est [&hellip;]","og_url":"https:\/\/samarali.com\/fr\/produit\/tapis-de-yoga-classique-en-liege\/","og_site_name":"Samarali","article_publisher":"https:\/\/www.facebook.com\/samaraliyoga","article_modified_time":"2025-10-15T07:31:53+00:00","og_image":[{"width":830,"height":830,"url":"https:\/\/samarali.com\/wp-content\/uploads\/2024\/07\/sam-cork-yoga-01b.jpg","type":"image\/jpeg"}],"twitter_card":"summary_large_image","twitter_misc":{"Prix":"&euro;&nbsp;79,00","Disponibilit\u00e9":"En stock"},"schema":{"@context":"https:\/\/schema.org","@graph":[{"@type":"WebPage","@id":"https:\/\/samarali.com\/fr\/produit\/tapis-de-yoga-classique-en-liege\/","url":"https:\/\/samarali.com\/fr\/produit\/tapis-de-yoga-classique-en-liege\/","name":"Tapis de yoga classique en li\u00e8ge - Samarali","isPartOf":{"@id":"https:\/\/samarali.com\/fr\/#website"},"primaryImageOfPage":{"@id":"https:\/\/samarali.com\/fr\/produit\/tapis-de-yoga-classique-en-liege\/#primaryimage"},"image":{"@id":"https:\/\/samarali.com\/fr\/produit\/tapis-de-yoga-classique-en-liege\/#primaryimage"},"thumbnailUrl":"https:\/\/samarali.com\/wp-content\/uploads\/2024\/07\/sam-cork-yoga-01b.jpg","datePublished":"2024-07-30T19:23:21+00:00","dateModified":"2025-10-15T07:31:53+00:00","breadcrumb":{"@id":"https:\/\/samarali.com\/fr\/produit\/tapis-de-yoga-classique-en-liege\/#breadcrumb"},"inLanguage":"fr-FR","potentialAction":[{"@type":"ReadAction","target":["https:\/\/samarali.com\/fr\/produit\/tapis-de-yoga-classique-en-liege\/"]}]},{"@type":"ImageObject","inLanguage":"fr-FR","@id":"https:\/\/samarali.com\/fr\/produit\/tapis-de-yoga-classique-en-liege\/#primaryimage","url":"https:\/\/samarali.com\/wp-content\/uploads\/2024\/07\/sam-cork-yoga-01b.jpg","contentUrl":"https:\/\/samarali.com\/wp-content\/uploads\/2024\/07\/sam-cork-yoga-01b.jpg","width":830,"height":830,"caption":"sam cork yoga 01b"},{"@type":"BreadcrumbList","@id":"https:\/\/samarali.com\/fr\/produit\/tapis-de-yoga-classique-en-liege\/#breadcrumb","itemListElement":[{"@type":"ListItem","position":1,"name":"Accueil","item":"https:\/\/samarali.com\/fr\/accueil\/"},{"@type":"ListItem","position":2,"name":"Boutique","item":"https:\/\/samarali.com\/fr\/boutique\/"},{"@type":"ListItem","position":3,"name":"Tapis de yoga classique en li\u00e8ge"}]},{"@type":"WebSite","@id":"https:\/\/samarali.com\/fr\/#website","url":"https:\/\/samarali.com\/fr\/","name":"Samarali","description":"Samarali est une marque de yoga et de style de vie durable bas\u00e9e aux Pays-Bas.","publisher":{"@id":"https:\/\/samarali.com\/fr\/#organization"},"potentialAction":[{"@type":"SearchAction","target":{"@type":"EntryPoint","urlTemplate":"https:\/\/samarali.com\/fr\/?s={search_term_string}"},"query-input":{"@type":"PropertyValueSpecification","valueRequired":true,"valueName":"search_term_string"}}],"inLanguage":"fr-FR"},{"@type":"Organization","@id":"https:\/\/samarali.com\/fr\/#organization","name":"Samarali","url":"https:\/\/samarali.com\/fr\/","logo":{"@type":"ImageObject","inLanguage":"fr-FR","@id":"https:\/\/samarali.com\/fr\/#\/schema\/logo\/image\/","url":"https:\/\/samarali.com\/wp-content\/uploads\/2024\/05\/cropped-samarali-icon.png","contentUrl":"https:\/\/samarali.com\/wp-content\/uploads\/2024\/05\/cropped-samarali-icon.png","width":512,"height":512,"caption":"Samarali"},"image":{"@id":"https:\/\/samarali.com\/fr\/#\/schema\/logo\/image\/"},"sameAs":["https:\/\/www.facebook.com\/samaraliyoga","https:\/\/www.linkedin.com\/company\/69563155\/","https:\/\/www.instagram.com\/samaraliyoga\/","https:\/\/nl.pinterest.com\/Samaraliyoga\/"],"description":"Samarali is a sustainable yoga and lifestyle brand based in the Netherlands","email":"info@samarali.com","legalName":"Samarali B.V.","vatID":"NL859820324B01","numberOfEmployees":{"@type":"QuantitativeValue","minValue":"1","maxValue":"10"}}]},"product_price_amount":"79.00","product_price_currency":"EUR","og_availability":"instock","product_availability":"instock","product_retailer_item_id":"11113","product_condition":"new"},"jetpack_sharing_enabled":true,"_links":{"self":[{"href":"https:\/\/samarali.com\/fr\/wp-json\/wp\/v2\/product\/28604","targetHints":{"allow":["GET"]}}],"collection":[{"href":"https:\/\/samarali.com\/fr\/wp-json\/wp\/v2\/product"}],"about":[{"href":"https:\/\/samarali.com\/fr\/wp-json\/wp\/v2\/types\/product"}],"replies":[{"embeddable":true,"href":"https:\/\/samarali.com\/fr\/wp-json\/wp\/v2\/comments?post=28604"}],"version-history":[{"count":1,"href":"https:\/\/samarali.com\/fr\/wp-json\/wp\/v2\/product\/28604\/revisions"}],"predecessor-version":[{"id":32627,"href":"https:\/\/samarali.com\/fr\/wp-json\/wp\/v2\/product\/28604\/revisions\/32627"}],"wp:featuredmedia":[{"embeddable":true,"href":"https:\/\/samarali.com\/fr\/wp-json\/wp\/v2\/media\/17081"}],"wp:attachment":[{"href":"https:\/\/samarali.com\/fr\/wp-json\/wp\/v2\/media?parent=28604"}],"wp:term":[{"taxonomy":"product_cat","embeddable":true,"href":"https:\/\/samarali.com\/fr\/wp-json\/wp\/v2\/product_cat?post=28604"},{"taxonomy":"product_tag","embeddable":true,"href":"https:\/\/samarali.com\/fr\/wp-json\/wp\/v2\/product_tag?post=28604"}],"curies":[{"name":"wp","href":"https:\/\/api.w.org\/{rel}","templated":true}]}}