{"id":28576,"date":"2024-08-01T11:16:22","date_gmt":"2024-08-01T09:16:22","guid":{"rendered":"https:\/\/samarali.com\/product\/set-de-yin-yoga-lune\/"},"modified":"2025-01-06T13:44:05","modified_gmt":"2025-01-06T12:44:05","slug":"set-de-yin-yoga-lune","status":"publish","type":"product","link":"https:\/\/samarali.com\/fr\/produit\/set-de-yin-yoga-lune\/","title":{"rendered":"Set de Yin yoga &#8211; Lune"},"content":{"rendered":"<p>Notre set de Yin Yoga est con\u00e7u de mani\u00e8re experte pour offrir les \u00e9tirements profonds et le confort dont vous avez besoin, vous aidant ainsi \u00e0 atteindre un profond sentiment d&rsquo;aisance et de tranquillit\u00e9.<br \/>\nCet ensemble bien pens\u00e9 comprend des articles de haute qualit\u00e9 qui am\u00e9liorent votre pratique, en vous offrant un soutien exceptionnel et en vous aidant \u00e0 vous d\u00e9tendre pour une exp\u00e9rience vraiment r\u00e9paratrice.<br \/>\nLe Yin Yoga met l&rsquo;accent sur les \u00e9tirements profonds et les poses de longue dur\u00e9e qui ciblent les tissus conjonctifs tels que les ligaments et les fascias.<br \/>\nNotre set de Yin Yoga est parfait pour am\u00e9liorer la flexibilit\u00e9, promouvoir la relaxation et calmer l&rsquo;esprit.<br \/>\nGr\u00e2ce \u00e0 ces composants de haute qualit\u00e9, votre pratique sera \u00e9lev\u00e9e, offrant un confort et une fonctionnalit\u00e9 in\u00e9gal\u00e9s pour soutenir votre voyage vers la paix int\u00e9rieure et le bien-\u00eatre. <\/p>\n","protected":false},"excerpt":{"rendered":"<p>Am\u00e9liorez votre pratique du Yin Yoga avec notre ensemble con\u00e7u par des experts, offrant un soutien exceptionnel pour les \u00e9tirements profonds et la relaxation. Parfait pour favoriser la flexibilit\u00e9 et la paix int\u00e9rieure, il apporte confort et tranquillit\u00e9 \u00e0 chaque s\u00e9ance.<\/p>\n","protected":false},"featured_media":18129,"comment_status":"open","ping_status":"closed","template":"","meta":{"_acf_changed":false,"_improvement_type_select":"improve_an_existing","_thumb_yes_seoaic":false,"_frame_yes_seoaic":false,"seoaic_generate_description":"","seoaic_improve_instructions_prompt":"","seoaic_rollback_content_improvement":"","seoaic_idea_thumbnail_generator":"","thumbnail_generated":false,"thumbnail_generate_prompt":"","seoaic_article_description":"","inline_featured_image":false},"product_cat":[333,325],"product_tag":[],"class_list":{"0":"post-28576","1":"product","2":"type-product","3":"status-publish","4":"has-post-thumbnail","6":"product_cat-ensembles-de-yin-yoga","7":"product_cat-yoga-fr","9":"first","10":"instock","11":"shipping-taxable","12":"purchasable","13":"product-type-variable"},"acf":[],"yoast_head":"<!-- This site is optimized with the Yoast SEO Premium plugin v27.3 (Yoast SEO v27.3) - https:\/\/yoast.com\/product\/yoast-seo-premium-wordpress\/ -->\n<title>Set de Yin yoga - Lune - Samarali<\/title>\n<meta name=\"description\" content=\"Ensemble de yoga Yin, offrant un soutien exceptionnel pour les \u00e9tirements profonds et la relaxation. Parfait pour favoriser la flexibilit\u00e9 et la paix int\u00e9rieure.\" \/>\n<meta name=\"robots\" content=\"index, follow, max-snippet:-1, max-image-preview:large, max-video-preview:-1\" \/>\n<link rel=\"canonical\" href=\"https:\/\/samarali.com\/fr\/produit\/set-de-yin-yoga-lune\/\" \/>\n<meta property=\"og:locale\" content=\"fr_FR\" \/>\n<meta property=\"og:type\" content=\"article\" \/>\n<meta property=\"og:title\" content=\"Set de Yin yoga - Lune - Samarali\" \/>\n<meta property=\"og:description\" content=\"Ensemble de yoga Yin, offrant un soutien exceptionnel pour les \u00e9tirements profonds et la relaxation. Parfait pour favoriser la flexibilit\u00e9 et la paix int\u00e9rieure.\" \/>\n<meta property=\"og:url\" content=\"https:\/\/samarali.com\/fr\/produit\/set-de-yin-yoga-lune\/\" \/>\n<meta property=\"og:site_name\" content=\"Samarali\" \/>\n<meta property=\"article:publisher\" content=\"https:\/\/www.facebook.com\/samaraliyoga\" \/>\n<meta property=\"article:modified_time\" content=\"2025-01-06T12:44:05+00:00\" \/>\n<meta property=\"og:image\" content=\"https:\/\/samarali.com\/wp-content\/uploads\/2024\/08\/Yin-yoga-set_Moon_Navy-Blue.jpg\" \/>\n\t<meta property=\"og:image:width\" content=\"830\" \/>\n\t<meta property=\"og:image:height\" content=\"830\" \/>\n\t<meta property=\"og:image:type\" content=\"image\/jpeg\" \/>\n<meta name=\"twitter:card\" content=\"summary_large_image\" \/>\n<meta name=\"twitter:label1\" content=\"Disponibilit\u00e9\" \/>\n\t<meta name=\"twitter:data1\" content=\"En stock\" \/>\n<script type=\"application\/ld+json\" class=\"yoast-schema-graph\">{\"@context\":\"https:\\\/\\\/schema.org\",\"@graph\":[{\"@type\":\"WebPage\",\"@id\":\"https:\\\/\\\/samarali.com\\\/fr\\\/produit\\\/set-de-yin-yoga-lune\\\/\",\"url\":\"https:\\\/\\\/samarali.com\\\/fr\\\/produit\\\/set-de-yin-yoga-lune\\\/\",\"name\":\"Set de Yin yoga - Lune - Samarali\",\"isPartOf\":{\"@id\":\"https:\\\/\\\/samarali.com\\\/fr\\\/#website\"},\"primaryImageOfPage\":{\"@id\":\"https:\\\/\\\/samarali.com\\\/fr\\\/produit\\\/set-de-yin-yoga-lune\\\/#primaryimage\"},\"image\":{\"@id\":\"https:\\\/\\\/samarali.com\\\/fr\\\/produit\\\/set-de-yin-yoga-lune\\\/#primaryimage\"},\"thumbnailUrl\":\"https:\\\/\\\/samarali.com\\\/wp-content\\\/uploads\\\/2024\\\/08\\\/Yin-yoga-set_Moon_Navy-Blue.jpg\",\"datePublished\":\"2024-08-01T09:16:22+00:00\",\"dateModified\":\"2025-01-06T12:44:05+00:00\",\"description\":\"Ensemble de yoga Yin, offrant un soutien exceptionnel pour les \u00e9tirements profonds et la relaxation. Parfait pour favoriser la flexibilit\u00e9 et la paix int\u00e9rieure.\",\"breadcrumb\":{\"@id\":\"https:\\\/\\\/samarali.com\\\/fr\\\/produit\\\/set-de-yin-yoga-lune\\\/#breadcrumb\"},\"inLanguage\":\"fr-FR\",\"potentialAction\":[{\"@type\":\"ReadAction\",\"target\":[\"https:\\\/\\\/samarali.com\\\/fr\\\/produit\\\/set-de-yin-yoga-lune\\\/\"]}]},{\"@type\":\"ImageObject\",\"inLanguage\":\"fr-FR\",\"@id\":\"https:\\\/\\\/samarali.com\\\/fr\\\/produit\\\/set-de-yin-yoga-lune\\\/#primaryimage\",\"url\":\"https:\\\/\\\/samarali.com\\\/wp-content\\\/uploads\\\/2024\\\/08\\\/Yin-yoga-set_Moon_Navy-Blue.jpg\",\"contentUrl\":\"https:\\\/\\\/samarali.com\\\/wp-content\\\/uploads\\\/2024\\\/08\\\/Yin-yoga-set_Moon_Navy-Blue.jpg\",\"width\":830,\"height\":830,\"caption\":\"Ensemble de yin yoga Moon Navy Blue\"},{\"@type\":\"BreadcrumbList\",\"@id\":\"https:\\\/\\\/samarali.com\\\/fr\\\/produit\\\/set-de-yin-yoga-lune\\\/#breadcrumb\",\"itemListElement\":[{\"@type\":\"ListItem\",\"position\":1,\"name\":\"Accueil\",\"item\":\"https:\\\/\\\/samarali.com\\\/fr\\\/accueil\\\/\"},{\"@type\":\"ListItem\",\"position\":2,\"name\":\"Boutique\",\"item\":\"https:\\\/\\\/samarali.com\\\/fr\\\/boutique\\\/\"},{\"@type\":\"ListItem\",\"position\":3,\"name\":\"Set de Yin yoga &#8211; Lune\"}]},{\"@type\":\"WebSite\",\"@id\":\"https:\\\/\\\/samarali.com\\\/fr\\\/#website\",\"url\":\"https:\\\/\\\/samarali.com\\\/fr\\\/\",\"name\":\"Samarali\",\"description\":\"Samarali est une marque de yoga et de style de vie durable bas\u00e9e aux Pays-Bas.\",\"publisher\":{\"@id\":\"https:\\\/\\\/samarali.com\\\/fr\\\/#organization\"},\"potentialAction\":[{\"@type\":\"SearchAction\",\"target\":{\"@type\":\"EntryPoint\",\"urlTemplate\":\"https:\\\/\\\/samarali.com\\\/fr\\\/?s={search_term_string}\"},\"query-input\":{\"@type\":\"PropertyValueSpecification\",\"valueRequired\":true,\"valueName\":\"search_term_string\"}}],\"inLanguage\":\"fr-FR\"},{\"@type\":\"Organization\",\"@id\":\"https:\\\/\\\/samarali.com\\\/fr\\\/#organization\",\"name\":\"Samarali\",\"url\":\"https:\\\/\\\/samarali.com\\\/fr\\\/\",\"logo\":{\"@type\":\"ImageObject\",\"inLanguage\":\"fr-FR\",\"@id\":\"https:\\\/\\\/samarali.com\\\/fr\\\/#\\\/schema\\\/logo\\\/image\\\/\",\"url\":\"https:\\\/\\\/samarali.com\\\/wp-content\\\/uploads\\\/2024\\\/05\\\/cropped-samarali-icon.png\",\"contentUrl\":\"https:\\\/\\\/samarali.com\\\/wp-content\\\/uploads\\\/2024\\\/05\\\/cropped-samarali-icon.png\",\"width\":512,\"height\":512,\"caption\":\"Samarali\"},\"image\":{\"@id\":\"https:\\\/\\\/samarali.com\\\/fr\\\/#\\\/schema\\\/logo\\\/image\\\/\"},\"sameAs\":[\"https:\\\/\\\/www.facebook.com\\\/samaraliyoga\",\"https:\\\/\\\/www.linkedin.com\\\/company\\\/69563155\\\/\",\"https:\\\/\\\/www.instagram.com\\\/samaraliyoga\\\/\",\"https:\\\/\\\/nl.pinterest.com\\\/Samaraliyoga\\\/\"],\"description\":\"Samarali is a sustainable yoga and lifestyle brand based in the Netherlands\",\"email\":\"info@samarali.com\",\"legalName\":\"Samarali B.V.\",\"vatID\":\"NL859820324B01\",\"numberOfEmployees\":{\"@type\":\"QuantitativeValue\",\"minValue\":\"1\",\"maxValue\":\"10\"}}]}<\/script>\n<meta property=\"og:availability\" content=\"instock\" \/>\n<meta property=\"product:availability\" content=\"instock\" \/>\n<meta property=\"product:condition\" content=\"new\" \/>\n<!-- \/ Yoast SEO Premium plugin. -->","yoast_head_json":{"title":"Set de Yin yoga - Lune - Samarali","description":"Ensemble de yoga Yin, offrant un soutien exceptionnel pour les \u00e9tirements profonds et la relaxation. Parfait pour favoriser la flexibilit\u00e9 et la paix int\u00e9rieure.","robots":{"index":"index","follow":"follow","max-snippet":"max-snippet:-1","max-image-preview":"max-image-preview:large","max-video-preview":"max-video-preview:-1"},"canonical":"https:\/\/samarali.com\/fr\/produit\/set-de-yin-yoga-lune\/","og_locale":"fr_FR","og_type":"article","og_title":"Set de Yin yoga - Lune - Samarali","og_description":"Ensemble de yoga Yin, offrant un soutien exceptionnel pour les \u00e9tirements profonds et la relaxation. Parfait pour favoriser la flexibilit\u00e9 et la paix int\u00e9rieure.","og_url":"https:\/\/samarali.com\/fr\/produit\/set-de-yin-yoga-lune\/","og_site_name":"Samarali","article_publisher":"https:\/\/www.facebook.com\/samaraliyoga","article_modified_time":"2025-01-06T12:44:05+00:00","og_image":[{"width":830,"height":830,"url":"https:\/\/samarali.com\/wp-content\/uploads\/2024\/08\/Yin-yoga-set_Moon_Navy-Blue.jpg","type":"image\/jpeg"}],"twitter_card":"summary_large_image","twitter_misc":{"Disponibilit\u00e9":"En stock"},"schema":{"@context":"https:\/\/schema.org","@graph":[{"@type":"WebPage","@id":"https:\/\/samarali.com\/fr\/produit\/set-de-yin-yoga-lune\/","url":"https:\/\/samarali.com\/fr\/produit\/set-de-yin-yoga-lune\/","name":"Set de Yin yoga - Lune - Samarali","isPartOf":{"@id":"https:\/\/samarali.com\/fr\/#website"},"primaryImageOfPage":{"@id":"https:\/\/samarali.com\/fr\/produit\/set-de-yin-yoga-lune\/#primaryimage"},"image":{"@id":"https:\/\/samarali.com\/fr\/produit\/set-de-yin-yoga-lune\/#primaryimage"},"thumbnailUrl":"https:\/\/samarali.com\/wp-content\/uploads\/2024\/08\/Yin-yoga-set_Moon_Navy-Blue.jpg","datePublished":"2024-08-01T09:16:22+00:00","dateModified":"2025-01-06T12:44:05+00:00","description":"Ensemble de yoga Yin, offrant un soutien exceptionnel pour les \u00e9tirements profonds et la relaxation. Parfait pour favoriser la flexibilit\u00e9 et la paix int\u00e9rieure.","breadcrumb":{"@id":"https:\/\/samarali.com\/fr\/produit\/set-de-yin-yoga-lune\/#breadcrumb"},"inLanguage":"fr-FR","potentialAction":[{"@type":"ReadAction","target":["https:\/\/samarali.com\/fr\/produit\/set-de-yin-yoga-lune\/"]}]},{"@type":"ImageObject","inLanguage":"fr-FR","@id":"https:\/\/samarali.com\/fr\/produit\/set-de-yin-yoga-lune\/#primaryimage","url":"https:\/\/samarali.com\/wp-content\/uploads\/2024\/08\/Yin-yoga-set_Moon_Navy-Blue.jpg","contentUrl":"https:\/\/samarali.com\/wp-content\/uploads\/2024\/08\/Yin-yoga-set_Moon_Navy-Blue.jpg","width":830,"height":830,"caption":"Ensemble de yin yoga Moon Navy Blue"},{"@type":"BreadcrumbList","@id":"https:\/\/samarali.com\/fr\/produit\/set-de-yin-yoga-lune\/#breadcrumb","itemListElement":[{"@type":"ListItem","position":1,"name":"Accueil","item":"https:\/\/samarali.com\/fr\/accueil\/"},{"@type":"ListItem","position":2,"name":"Boutique","item":"https:\/\/samarali.com\/fr\/boutique\/"},{"@type":"ListItem","position":3,"name":"Set de Yin yoga &#8211; Lune"}]},{"@type":"WebSite","@id":"https:\/\/samarali.com\/fr\/#website","url":"https:\/\/samarali.com\/fr\/","name":"Samarali","description":"Samarali est une marque de yoga et de style de vie durable bas\u00e9e aux Pays-Bas.","publisher":{"@id":"https:\/\/samarali.com\/fr\/#organization"},"potentialAction":[{"@type":"SearchAction","target":{"@type":"EntryPoint","urlTemplate":"https:\/\/samarali.com\/fr\/?s={search_term_string}"},"query-input":{"@type":"PropertyValueSpecification","valueRequired":true,"valueName":"search_term_string"}}],"inLanguage":"fr-FR"},{"@type":"Organization","@id":"https:\/\/samarali.com\/fr\/#organization","name":"Samarali","url":"https:\/\/samarali.com\/fr\/","logo":{"@type":"ImageObject","inLanguage":"fr-FR","@id":"https:\/\/samarali.com\/fr\/#\/schema\/logo\/image\/","url":"https:\/\/samarali.com\/wp-content\/uploads\/2024\/05\/cropped-samarali-icon.png","contentUrl":"https:\/\/samarali.com\/wp-content\/uploads\/2024\/05\/cropped-samarali-icon.png","width":512,"height":512,"caption":"Samarali"},"image":{"@id":"https:\/\/samarali.com\/fr\/#\/schema\/logo\/image\/"},"sameAs":["https:\/\/www.facebook.com\/samaraliyoga","https:\/\/www.linkedin.com\/company\/69563155\/","https:\/\/www.instagram.com\/samaraliyoga\/","https:\/\/nl.pinterest.com\/Samaraliyoga\/"],"description":"Samarali is a sustainable yoga and lifestyle brand based in the Netherlands","email":"info@samarali.com","legalName":"Samarali B.V.","vatID":"NL859820324B01","numberOfEmployees":{"@type":"QuantitativeValue","minValue":"1","maxValue":"10"}}]},"og_availability":"instock","product_availability":"instock","product_condition":"new"},"jetpack_sharing_enabled":true,"_links":{"self":[{"href":"https:\/\/samarali.com\/fr\/wp-json\/wp\/v2\/product\/28576","targetHints":{"allow":["GET"]}}],"collection":[{"href":"https:\/\/samarali.com\/fr\/wp-json\/wp\/v2\/product"}],"about":[{"href":"https:\/\/samarali.com\/fr\/wp-json\/wp\/v2\/types\/product"}],"replies":[{"embeddable":true,"href":"https:\/\/samarali.com\/fr\/wp-json\/wp\/v2\/comments?post=28576"}],"version-history":[{"count":1,"href":"https:\/\/samarali.com\/fr\/wp-json\/wp\/v2\/product\/28576\/revisions"}],"predecessor-version":[{"id":32891,"href":"https:\/\/samarali.com\/fr\/wp-json\/wp\/v2\/product\/28576\/revisions\/32891"}],"wp:featuredmedia":[{"embeddable":true,"href":"https:\/\/samarali.com\/fr\/wp-json\/wp\/v2\/media\/18129"}],"wp:attachment":[{"href":"https:\/\/samarali.com\/fr\/wp-json\/wp\/v2\/media?parent=28576"}],"wp:term":[{"taxonomy":"product_cat","embeddable":true,"href":"https:\/\/samarali.com\/fr\/wp-json\/wp\/v2\/product_cat?post=28576"},{"taxonomy":"product_tag","embeddable":true,"href":"https:\/\/samarali.com\/fr\/wp-json\/wp\/v2\/product_tag?post=28576"}],"curies":[{"name":"wp","href":"https:\/\/api.w.org\/{rel}","templated":true}]}}