{"id":28459,"date":"2024-07-31T15:35:05","date_gmt":"2024-07-31T13:35:05","guid":{"rendered":"https:\/\/samarali.com\/product\/ensemble-de-yoga-sunlight\/"},"modified":"2024-11-28T22:10:25","modified_gmt":"2024-11-28T21:10:25","slug":"ensemble-de-yoga-sunlight","status":"publish","type":"product","link":"https:\/\/samarali.com\/fr\/produit\/ensemble-de-yoga-sunlight\/","title":{"rendered":"Ensemble de yoga Sunlight"},"content":{"rendered":"<p>Am\u00e9liorez vos routines de yoga et de Pilates avec notre ensemble de yoga \u00e9tendu, une collection compl\u00e8te con\u00e7ue pour r\u00e9pondre \u00e0 tous vos besoins en mati\u00e8re d\u2019entra\u00eenement.<br \/>\nCet ensemble comprend un tapis de yoga en li\u00e8ge durable, des blocs de yoga de soutien et un sac de yoga en li\u00e8ge de premi\u00e8re qualit\u00e9.<br \/>\nId\u00e9al pour les pratiquants de tous niveaux, il offre une combinaison parfaite de confort et de fonctionnalit\u00e9. <strong>Tapis de yoga en li\u00e8ge<\/strong> Notre tapis de yoga en li\u00e8ge est fabriqu\u00e9 \u00e0 partir de mat\u00e9riaux \u00e9cologiques de haute qualit\u00e9, combinant le li\u00e8ge naturel et le caoutchouc pour une alternative durable aux tapis synth\u00e9tiques.<br \/>\nSa surface respirante, douce et respectueuse de la peau est parfaite pour les s\u00e9ances de yoga intenses.<br \/>\nGr\u00e2ce \u00e0 ses propri\u00e9t\u00e9s antimicrobiennes, le tapis g\u00e8re efficacement la transpiration et les odeurs.<br \/>\nSon adh\u00e9rence exceptionnelle, surtout lorsqu\u2019il est mouill\u00e9, le rend id\u00e9al pour le yoga actif et chaud. <strong>Sangle de transport<\/strong> Le tapis est livr\u00e9 avec une sangle de transport pratique, qui vous permet d\u2019emmener facilement votre tapis de yoga o\u00f9 que vous alliez. <strong>Bloc<\/strong> de <strong>yoga<\/strong> Un bloc de yoga est un accessoire indispensable pour le yoga et le Pilates, car il offre un soutien essentiel dans une grande vari\u00e9t\u00e9 de poses.<br \/>\nNotre bloc de yoga est dot\u00e9 d\u2019une large surface pour assurer la stabilit\u00e9 des \u00e9quilibres avec les bras et soutenir le dos lors des exercices en position couch\u00e9e.<br \/>\nIl est l\u00e9ger, avec une surface antid\u00e9rapante et des bords arrondis, assurant une prise en main confortable et \u00e9vitant les points de pression. <strong>Sac de transport pour tapis de<\/strong> yoga Notre sac de transport pour tapis de yoga est fabriqu\u00e9 en li\u00e8ge portugais de premi\u00e8re qualit\u00e9, connu pour sa durabilit\u00e9 et sa facilit\u00e9 d\u2019entretien.<br \/>\nLa texture naturelle du li\u00e8ge ajoute une touche \u00e9l\u00e9gante \u00e0 vos v\u00eatements de sport.<br \/>\nL\u00e9ger et exceptionnellement confortable, ce sac est parfait pour transporter votre tapis au studio ou en voyage.<br \/>\nDe plus, il est compl\u00e8tement imperm\u00e9able, ce qui permet \u00e0 votre tapis de rester au sec m\u00eame par temps de pluie.          <\/p>\n","protected":false},"excerpt":{"rendered":"<p>Am\u00e9liorez vos routines de yoga et de Pilates avec notre ensemble de yoga \u00e9tendu, une collection compl\u00e8te con\u00e7ue pour r\u00e9pondre \u00e0 tous vos besoins en mati\u00e8re d\u2019entra\u00eenement. Cet ensemble comprend un tapis de yoga en li\u00e8ge durable, des blocs de yoga de soutien et un sac de yoga en li\u00e8ge de premi\u00e8re qualit\u00e9. Id\u00e9al pour [&hellip;]<\/p>\n","protected":false},"featured_media":17593,"comment_status":"open","ping_status":"closed","template":"","meta":{"_acf_changed":false,"inline_featured_image":false},"product_cat":[326,325],"product_tag":[],"class_list":{"0":"post-28459","1":"product","2":"type-product","3":"status-publish","4":"has-post-thumbnail","6":"product_cat-ensembles-de-yoga","7":"product_cat-yoga-fr","9":"first","10":"instock","11":"shipping-taxable","12":"purchasable","13":"product-type-simple"},"acf":[],"yoast_head":"<!-- This site is optimized with the Yoast SEO Premium plugin v27.5 (Yoast SEO v27.5) - https:\/\/yoast.com\/product\/yoast-seo-premium-wordpress\/ -->\n<title>Ensemble de yoga Sunlight - Samarali<\/title>\n<meta name=\"robots\" content=\"index, follow, max-snippet:-1, max-image-preview:large, max-video-preview:-1\" \/>\n<link rel=\"canonical\" href=\"https:\/\/samarali.com\/fr\/produit\/ensemble-de-yoga-sunlight\/\" \/>\n<meta property=\"og:locale\" content=\"fr_FR\" \/>\n<meta property=\"og:type\" content=\"article\" \/>\n<meta property=\"og:title\" content=\"Ensemble de yoga Sunlight - Samarali\" \/>\n<meta property=\"og:description\" content=\"Am\u00e9liorez vos routines de yoga et de Pilates avec notre ensemble de yoga \u00e9tendu, une collection compl\u00e8te con\u00e7ue pour r\u00e9pondre \u00e0 tous vos besoins en mati\u00e8re d\u2019entra\u00eenement. Cet ensemble comprend un tapis de yoga en li\u00e8ge durable, des blocs de yoga de soutien et un sac de yoga en li\u00e8ge de premi\u00e8re qualit\u00e9. Id\u00e9al pour [&hellip;]\" \/>\n<meta property=\"og:url\" content=\"https:\/\/samarali.com\/fr\/produit\/ensemble-de-yoga-sunlight\/\" \/>\n<meta property=\"og:site_name\" content=\"Samarali\" \/>\n<meta property=\"article:publisher\" content=\"https:\/\/www.facebook.com\/samaraliyoga\" \/>\n<meta property=\"article:modified_time\" content=\"2024-11-28T21:10:25+00:00\" \/>\n<meta property=\"og:image\" content=\"https:\/\/samarali.com\/wp-content\/uploads\/2024\/07\/Sunlight-yoga-set.jpg\" \/>\n\t<meta property=\"og:image:width\" content=\"1000\" \/>\n\t<meta property=\"og:image:height\" content=\"1000\" \/>\n\t<meta property=\"og:image:type\" content=\"image\/jpeg\" \/>\n<meta name=\"twitter:card\" content=\"summary_large_image\" \/>\n<meta name=\"twitter:label1\" content=\"Prix\" \/>\n\t<meta name=\"twitter:data1\" content=\"&euro;&nbsp;165,00\" \/>\n\t<meta name=\"twitter:label2\" content=\"Disponibilit\u00e9\" \/>\n\t<meta name=\"twitter:data2\" content=\"En stock\" \/>\n<script type=\"application\/ld+json\" class=\"yoast-schema-graph\">{\"@context\":\"https:\\\/\\\/schema.org\",\"@graph\":[{\"@type\":\"WebPage\",\"@id\":\"https:\\\/\\\/samarali.com\\\/fr\\\/produit\\\/ensemble-de-yoga-sunlight\\\/\",\"url\":\"https:\\\/\\\/samarali.com\\\/fr\\\/produit\\\/ensemble-de-yoga-sunlight\\\/\",\"name\":\"Ensemble de yoga Sunlight - Samarali\",\"isPartOf\":{\"@id\":\"https:\\\/\\\/samarali.com\\\/fr\\\/#website\"},\"primaryImageOfPage\":{\"@id\":\"https:\\\/\\\/samarali.com\\\/fr\\\/produit\\\/ensemble-de-yoga-sunlight\\\/#primaryimage\"},\"image\":{\"@id\":\"https:\\\/\\\/samarali.com\\\/fr\\\/produit\\\/ensemble-de-yoga-sunlight\\\/#primaryimage\"},\"thumbnailUrl\":\"https:\\\/\\\/samarali.com\\\/wp-content\\\/uploads\\\/2024\\\/07\\\/Sunlight-yoga-set.jpg\",\"datePublished\":\"2024-07-31T13:35:05+00:00\",\"dateModified\":\"2024-11-28T21:10:25+00:00\",\"breadcrumb\":{\"@id\":\"https:\\\/\\\/samarali.com\\\/fr\\\/produit\\\/ensemble-de-yoga-sunlight\\\/#breadcrumb\"},\"inLanguage\":\"fr-FR\",\"potentialAction\":[{\"@type\":\"ReadAction\",\"target\":[\"https:\\\/\\\/samarali.com\\\/fr\\\/produit\\\/ensemble-de-yoga-sunlight\\\/\"]}]},{\"@type\":\"ImageObject\",\"inLanguage\":\"fr-FR\",\"@id\":\"https:\\\/\\\/samarali.com\\\/fr\\\/produit\\\/ensemble-de-yoga-sunlight\\\/#primaryimage\",\"url\":\"https:\\\/\\\/samarali.com\\\/wp-content\\\/uploads\\\/2024\\\/07\\\/Sunlight-yoga-set.jpg\",\"contentUrl\":\"https:\\\/\\\/samarali.com\\\/wp-content\\\/uploads\\\/2024\\\/07\\\/Sunlight-yoga-set.jpg\",\"width\":1000,\"height\":1000,\"caption\":\"Sunlight yoga set\"},{\"@type\":\"BreadcrumbList\",\"@id\":\"https:\\\/\\\/samarali.com\\\/fr\\\/produit\\\/ensemble-de-yoga-sunlight\\\/#breadcrumb\",\"itemListElement\":[{\"@type\":\"ListItem\",\"position\":1,\"name\":\"Accueil\",\"item\":\"https:\\\/\\\/samarali.com\\\/fr\\\/accueil\\\/\"},{\"@type\":\"ListItem\",\"position\":2,\"name\":\"Boutique\",\"item\":\"https:\\\/\\\/samarali.com\\\/fr\\\/boutique\\\/\"},{\"@type\":\"ListItem\",\"position\":3,\"name\":\"Ensemble de yoga Sunlight\"}]},{\"@type\":\"WebSite\",\"@id\":\"https:\\\/\\\/samarali.com\\\/fr\\\/#website\",\"url\":\"https:\\\/\\\/samarali.com\\\/fr\\\/\",\"name\":\"Samarali\",\"description\":\"Samarali est une marque de yoga et de style de vie durable bas\u00e9e aux Pays-Bas.\",\"publisher\":{\"@id\":\"https:\\\/\\\/samarali.com\\\/fr\\\/#organization\"},\"potentialAction\":[{\"@type\":\"SearchAction\",\"target\":{\"@type\":\"EntryPoint\",\"urlTemplate\":\"https:\\\/\\\/samarali.com\\\/fr\\\/?s={search_term_string}\"},\"query-input\":{\"@type\":\"PropertyValueSpecification\",\"valueRequired\":true,\"valueName\":\"search_term_string\"}}],\"inLanguage\":\"fr-FR\"},{\"@type\":\"Organization\",\"@id\":\"https:\\\/\\\/samarali.com\\\/fr\\\/#organization\",\"name\":\"Samarali\",\"url\":\"https:\\\/\\\/samarali.com\\\/fr\\\/\",\"logo\":{\"@type\":\"ImageObject\",\"inLanguage\":\"fr-FR\",\"@id\":\"https:\\\/\\\/samarali.com\\\/fr\\\/#\\\/schema\\\/logo\\\/image\\\/\",\"url\":\"https:\\\/\\\/samarali.com\\\/wp-content\\\/uploads\\\/2024\\\/05\\\/cropped-samarali-icon.png\",\"contentUrl\":\"https:\\\/\\\/samarali.com\\\/wp-content\\\/uploads\\\/2024\\\/05\\\/cropped-samarali-icon.png\",\"width\":512,\"height\":512,\"caption\":\"Samarali\"},\"image\":{\"@id\":\"https:\\\/\\\/samarali.com\\\/fr\\\/#\\\/schema\\\/logo\\\/image\\\/\"},\"sameAs\":[\"https:\\\/\\\/www.facebook.com\\\/samaraliyoga\",\"https:\\\/\\\/www.linkedin.com\\\/company\\\/69563155\\\/\",\"https:\\\/\\\/www.instagram.com\\\/samaraliyoga\\\/\",\"https:\\\/\\\/nl.pinterest.com\\\/Samaraliyoga\\\/\"],\"description\":\"Samarali is a sustainable yoga and lifestyle brand based in the Netherlands\",\"email\":\"info@samarali.com\",\"legalName\":\"Samarali B.V.\",\"vatID\":\"NL859820324B01\",\"numberOfEmployees\":{\"@type\":\"QuantitativeValue\",\"minValue\":\"1\",\"maxValue\":\"10\"}}]}<\/script>\n<meta property=\"product:price:amount\" content=\"165.00\" \/>\n<meta property=\"product:price:currency\" content=\"EUR\" \/>\n<meta property=\"og:availability\" content=\"instock\" \/>\n<meta property=\"product:availability\" content=\"instock\" \/>\n<meta property=\"product:retailer_item_id\" content=\"11122\" \/>\n<meta property=\"product:condition\" content=\"new\" \/>\n<!-- \/ Yoast SEO Premium plugin. -->","yoast_head_json":{"title":"Ensemble de yoga Sunlight - Samarali","robots":{"index":"index","follow":"follow","max-snippet":"max-snippet:-1","max-image-preview":"max-image-preview:large","max-video-preview":"max-video-preview:-1"},"canonical":"https:\/\/samarali.com\/fr\/produit\/ensemble-de-yoga-sunlight\/","og_locale":"fr_FR","og_type":"article","og_title":"Ensemble de yoga Sunlight - Samarali","og_description":"Am\u00e9liorez vos routines de yoga et de Pilates avec notre ensemble de yoga \u00e9tendu, une collection compl\u00e8te con\u00e7ue pour r\u00e9pondre \u00e0 tous vos besoins en mati\u00e8re d\u2019entra\u00eenement. Cet ensemble comprend un tapis de yoga en li\u00e8ge durable, des blocs de yoga de soutien et un sac de yoga en li\u00e8ge de premi\u00e8re qualit\u00e9. Id\u00e9al pour [&hellip;]","og_url":"https:\/\/samarali.com\/fr\/produit\/ensemble-de-yoga-sunlight\/","og_site_name":"Samarali","article_publisher":"https:\/\/www.facebook.com\/samaraliyoga","article_modified_time":"2024-11-28T21:10:25+00:00","og_image":[{"width":1000,"height":1000,"url":"https:\/\/samarali.com\/wp-content\/uploads\/2024\/07\/Sunlight-yoga-set.jpg","type":"image\/jpeg"}],"twitter_card":"summary_large_image","twitter_misc":{"Prix":"&euro;&nbsp;165,00","Disponibilit\u00e9":"En stock"},"schema":{"@context":"https:\/\/schema.org","@graph":[{"@type":"WebPage","@id":"https:\/\/samarali.com\/fr\/produit\/ensemble-de-yoga-sunlight\/","url":"https:\/\/samarali.com\/fr\/produit\/ensemble-de-yoga-sunlight\/","name":"Ensemble de yoga Sunlight - Samarali","isPartOf":{"@id":"https:\/\/samarali.com\/fr\/#website"},"primaryImageOfPage":{"@id":"https:\/\/samarali.com\/fr\/produit\/ensemble-de-yoga-sunlight\/#primaryimage"},"image":{"@id":"https:\/\/samarali.com\/fr\/produit\/ensemble-de-yoga-sunlight\/#primaryimage"},"thumbnailUrl":"https:\/\/samarali.com\/wp-content\/uploads\/2024\/07\/Sunlight-yoga-set.jpg","datePublished":"2024-07-31T13:35:05+00:00","dateModified":"2024-11-28T21:10:25+00:00","breadcrumb":{"@id":"https:\/\/samarali.com\/fr\/produit\/ensemble-de-yoga-sunlight\/#breadcrumb"},"inLanguage":"fr-FR","potentialAction":[{"@type":"ReadAction","target":["https:\/\/samarali.com\/fr\/produit\/ensemble-de-yoga-sunlight\/"]}]},{"@type":"ImageObject","inLanguage":"fr-FR","@id":"https:\/\/samarali.com\/fr\/produit\/ensemble-de-yoga-sunlight\/#primaryimage","url":"https:\/\/samarali.com\/wp-content\/uploads\/2024\/07\/Sunlight-yoga-set.jpg","contentUrl":"https:\/\/samarali.com\/wp-content\/uploads\/2024\/07\/Sunlight-yoga-set.jpg","width":1000,"height":1000,"caption":"Sunlight yoga set"},{"@type":"BreadcrumbList","@id":"https:\/\/samarali.com\/fr\/produit\/ensemble-de-yoga-sunlight\/#breadcrumb","itemListElement":[{"@type":"ListItem","position":1,"name":"Accueil","item":"https:\/\/samarali.com\/fr\/accueil\/"},{"@type":"ListItem","position":2,"name":"Boutique","item":"https:\/\/samarali.com\/fr\/boutique\/"},{"@type":"ListItem","position":3,"name":"Ensemble de yoga Sunlight"}]},{"@type":"WebSite","@id":"https:\/\/samarali.com\/fr\/#website","url":"https:\/\/samarali.com\/fr\/","name":"Samarali","description":"Samarali est une marque de yoga et de style de vie durable bas\u00e9e aux Pays-Bas.","publisher":{"@id":"https:\/\/samarali.com\/fr\/#organization"},"potentialAction":[{"@type":"SearchAction","target":{"@type":"EntryPoint","urlTemplate":"https:\/\/samarali.com\/fr\/?s={search_term_string}"},"query-input":{"@type":"PropertyValueSpecification","valueRequired":true,"valueName":"search_term_string"}}],"inLanguage":"fr-FR"},{"@type":"Organization","@id":"https:\/\/samarali.com\/fr\/#organization","name":"Samarali","url":"https:\/\/samarali.com\/fr\/","logo":{"@type":"ImageObject","inLanguage":"fr-FR","@id":"https:\/\/samarali.com\/fr\/#\/schema\/logo\/image\/","url":"https:\/\/samarali.com\/wp-content\/uploads\/2024\/05\/cropped-samarali-icon.png","contentUrl":"https:\/\/samarali.com\/wp-content\/uploads\/2024\/05\/cropped-samarali-icon.png","width":512,"height":512,"caption":"Samarali"},"image":{"@id":"https:\/\/samarali.com\/fr\/#\/schema\/logo\/image\/"},"sameAs":["https:\/\/www.facebook.com\/samaraliyoga","https:\/\/www.linkedin.com\/company\/69563155\/","https:\/\/www.instagram.com\/samaraliyoga\/","https:\/\/nl.pinterest.com\/Samaraliyoga\/"],"description":"Samarali is a sustainable yoga and lifestyle brand based in the Netherlands","email":"info@samarali.com","legalName":"Samarali B.V.","vatID":"NL859820324B01","numberOfEmployees":{"@type":"QuantitativeValue","minValue":"1","maxValue":"10"}}]},"product_price_amount":"165.00","product_price_currency":"EUR","og_availability":"instock","product_availability":"instock","product_retailer_item_id":"11122","product_condition":"new"},"jetpack_sharing_enabled":true,"_links":{"self":[{"href":"https:\/\/samarali.com\/fr\/wp-json\/wp\/v2\/product\/28459","targetHints":{"allow":["GET"]}}],"collection":[{"href":"https:\/\/samarali.com\/fr\/wp-json\/wp\/v2\/product"}],"about":[{"href":"https:\/\/samarali.com\/fr\/wp-json\/wp\/v2\/types\/product"}],"replies":[{"embeddable":true,"href":"https:\/\/samarali.com\/fr\/wp-json\/wp\/v2\/comments?post=28459"}],"version-history":[{"count":1,"href":"https:\/\/samarali.com\/fr\/wp-json\/wp\/v2\/product\/28459\/revisions"}],"predecessor-version":[{"id":32633,"href":"https:\/\/samarali.com\/fr\/wp-json\/wp\/v2\/product\/28459\/revisions\/32633"}],"wp:featuredmedia":[{"embeddable":true,"href":"https:\/\/samarali.com\/fr\/wp-json\/wp\/v2\/media\/17593"}],"wp:attachment":[{"href":"https:\/\/samarali.com\/fr\/wp-json\/wp\/v2\/media?parent=28459"}],"wp:term":[{"taxonomy":"product_cat","embeddable":true,"href":"https:\/\/samarali.com\/fr\/wp-json\/wp\/v2\/product_cat?post=28459"},{"taxonomy":"product_tag","embeddable":true,"href":"https:\/\/samarali.com\/fr\/wp-json\/wp\/v2\/product_tag?post=28459"}],"curies":[{"name":"wp","href":"https:\/\/api.w.org\/{rel}","templated":true}]}}