{"id":28458,"date":"2024-08-01T07:47:43","date_gmt":"2024-08-01T05:47:43","guid":{"rendered":"https:\/\/samarali.com\/product\/ensemble-de-yoga-pour-le-lever-de-la-lune\/"},"modified":"2024-11-28T22:10:21","modified_gmt":"2024-11-28T21:10:21","slug":"ensemble-de-yoga-pour-le-lever-de-la-lune","status":"publish","type":"product","link":"https:\/\/samarali.com\/fr\/produit\/ensemble-de-yoga-pour-le-lever-de-la-lune\/","title":{"rendered":"Ensemble de yoga pour le lever de la lune"},"content":{"rendered":"<p>Transformez vos s\u00e9ances de yoga ou de fitness avec l&rsquo;ensemble de yoga Moonrise, con\u00e7u pour rendre chaque s\u00e9ance inoubliable.<br \/>\nCet ensemble est non seulement antimicrobien, mais aussi incroyablement doux pour la peau, ce qui garantit un confort maximal.<br \/>\nCet ensemble comprend un tapis de yoga en li\u00e8ge durable et des blocs de yoga de soutien, ce qui le rend parfait pour les pratiquants de tous niveaux.<br \/>\nIl offre une combinaison id\u00e9ale de confort et de fonctionnalit\u00e9. <strong>Tapis de yoga en li\u00e8ge<\/strong> Notre tapis de yoga en li\u00e8ge est fabriqu\u00e9 \u00e0 partir de mat\u00e9riaux \u00e9cologiques de haute qualit\u00e9, m\u00e9langeant le li\u00e8ge naturel et le caoutchouc pour une alternative \u00e9cologique aux tapis synth\u00e9tiques.<br \/>\nIl offre une surface respirante, douce et respectueuse de la peau, id\u00e9ale pour les s\u00e9ances de yoga intenses.<br \/>\nLes propri\u00e9t\u00e9s antimicrobiennes du tapis g\u00e8rent efficacement la transpiration et les odeurs, tandis que son excellente adh\u00e9rence, surtout lorsqu&rsquo;il est mouill\u00e9, le rend parfait pour le yoga actif et chaud. <strong>Courroie de transport<\/strong> Une courroie de transport pratique est incluse dans l&rsquo;ensemble, vous permettant d&#8217;emporter votre tapis de yoga partout avec vous, sans effort. <strong>Bloc de yoga<\/strong> Accessoire essentiel pour le yoga et le Pilates, notre bloc de yoga offre un soutien vital dans les diff\u00e9rentes postures.<br \/>\nCon\u00e7u avec une large surface, il am\u00e9liore la stabilit\u00e9 dans les \u00e9quilibres de bras et soutient le dos pendant les diff\u00e9rents exercices.<br \/>\nCe bloc l\u00e9ger pr\u00e9sente une surface antid\u00e9rapante et des bords arrondis, assurant une prise en main confortable et \u00e9vitant les points de pression.       <\/p>\n","protected":false},"excerpt":{"rendered":"<p>Transformez vos s\u00e9ances de yoga ou de fitness avec l&rsquo;ensemble de yoga Moonrise, con\u00e7u pour rendre chaque s\u00e9ance inoubliable. Cet ensemble est non seulement antimicrobien, mais aussi incroyablement doux pour la peau, ce qui garantit un confort maximal. Cet ensemble comprend un tapis de yoga en li\u00e8ge durable et des blocs de yoga de soutien, [&hellip;]<\/p>\n","protected":false},"featured_media":17608,"comment_status":"open","ping_status":"closed","template":"","meta":{"_acf_changed":false,"_improvement_type_select":"improve_an_existing","_thumb_yes_seoaic":false,"_frame_yes_seoaic":false,"seoaic_generate_description":"","seoaic_improve_instructions_prompt":"","seoaic_rollback_content_improvement":"","seoaic_idea_thumbnail_generator":"","thumbnail_generated":false,"thumbnail_generate_prompt":"","seoaic_article_description":"","inline_featured_image":false},"product_cat":[326,325],"product_tag":[],"class_list":{"0":"post-28458","1":"product","2":"type-product","3":"status-publish","4":"has-post-thumbnail","6":"product_cat-ensembles-de-yoga","7":"product_cat-yoga-fr","9":"first","10":"instock","11":"shipping-taxable","12":"purchasable","13":"product-type-simple"},"acf":[],"yoast_head":"<!-- This site is optimized with the Yoast SEO Premium plugin v27.3 (Yoast SEO v27.3) - https:\/\/yoast.com\/product\/yoast-seo-premium-wordpress\/ -->\n<title>Ensemble de yoga pour le lever de la lune - Samarali<\/title>\n<meta name=\"robots\" content=\"index, follow, max-snippet:-1, max-image-preview:large, max-video-preview:-1\" \/>\n<link rel=\"canonical\" href=\"https:\/\/samarali.com\/fr\/produit\/ensemble-de-yoga-pour-le-lever-de-la-lune\/\" \/>\n<meta property=\"og:locale\" content=\"fr_FR\" \/>\n<meta property=\"og:type\" content=\"article\" \/>\n<meta property=\"og:title\" content=\"Ensemble de yoga pour le lever de la lune - Samarali\" \/>\n<meta property=\"og:description\" content=\"Transformez vos s\u00e9ances de yoga ou de fitness avec l&rsquo;ensemble de yoga Moonrise, con\u00e7u pour rendre chaque s\u00e9ance inoubliable. Cet ensemble est non seulement antimicrobien, mais aussi incroyablement doux pour la peau, ce qui garantit un confort maximal. Cet ensemble comprend un tapis de yoga en li\u00e8ge durable et des blocs de yoga de soutien, [&hellip;]\" \/>\n<meta property=\"og:url\" content=\"https:\/\/samarali.com\/fr\/produit\/ensemble-de-yoga-pour-le-lever-de-la-lune\/\" \/>\n<meta property=\"og:site_name\" content=\"Samarali\" \/>\n<meta property=\"article:publisher\" content=\"https:\/\/www.facebook.com\/samaraliyoga\" \/>\n<meta property=\"article:modified_time\" content=\"2024-11-28T21:10:21+00:00\" \/>\n<meta property=\"og:image\" content=\"https:\/\/samarali.com\/wp-content\/uploads\/2024\/08\/Untitled-1.jpg\" \/>\n\t<meta property=\"og:image:width\" content=\"1200\" \/>\n\t<meta property=\"og:image:height\" content=\"1200\" \/>\n\t<meta property=\"og:image:type\" content=\"image\/jpeg\" \/>\n<meta name=\"twitter:card\" content=\"summary_large_image\" \/>\n<meta name=\"twitter:label1\" content=\"Prix\" \/>\n\t<meta name=\"twitter:data1\" content=\"&euro;&nbsp;99,00\" \/>\n\t<meta name=\"twitter:label2\" content=\"Disponibilit\u00e9\" \/>\n\t<meta name=\"twitter:data2\" content=\"En stock\" \/>\n<script type=\"application\/ld+json\" class=\"yoast-schema-graph\">{\"@context\":\"https:\\\/\\\/schema.org\",\"@graph\":[{\"@type\":\"WebPage\",\"@id\":\"https:\\\/\\\/samarali.com\\\/fr\\\/produit\\\/ensemble-de-yoga-pour-le-lever-de-la-lune\\\/\",\"url\":\"https:\\\/\\\/samarali.com\\\/fr\\\/produit\\\/ensemble-de-yoga-pour-le-lever-de-la-lune\\\/\",\"name\":\"Ensemble de yoga pour le lever de la lune - Samarali\",\"isPartOf\":{\"@id\":\"https:\\\/\\\/samarali.com\\\/fr\\\/#website\"},\"primaryImageOfPage\":{\"@id\":\"https:\\\/\\\/samarali.com\\\/fr\\\/produit\\\/ensemble-de-yoga-pour-le-lever-de-la-lune\\\/#primaryimage\"},\"image\":{\"@id\":\"https:\\\/\\\/samarali.com\\\/fr\\\/produit\\\/ensemble-de-yoga-pour-le-lever-de-la-lune\\\/#primaryimage\"},\"thumbnailUrl\":\"https:\\\/\\\/samarali.com\\\/wp-content\\\/uploads\\\/2024\\\/08\\\/Untitled-1.jpg\",\"datePublished\":\"2024-08-01T05:47:43+00:00\",\"dateModified\":\"2024-11-28T21:10:21+00:00\",\"breadcrumb\":{\"@id\":\"https:\\\/\\\/samarali.com\\\/fr\\\/produit\\\/ensemble-de-yoga-pour-le-lever-de-la-lune\\\/#breadcrumb\"},\"inLanguage\":\"fr-FR\",\"potentialAction\":[{\"@type\":\"ReadAction\",\"target\":[\"https:\\\/\\\/samarali.com\\\/fr\\\/produit\\\/ensemble-de-yoga-pour-le-lever-de-la-lune\\\/\"]}]},{\"@type\":\"ImageObject\",\"inLanguage\":\"fr-FR\",\"@id\":\"https:\\\/\\\/samarali.com\\\/fr\\\/produit\\\/ensemble-de-yoga-pour-le-lever-de-la-lune\\\/#primaryimage\",\"url\":\"https:\\\/\\\/samarali.com\\\/wp-content\\\/uploads\\\/2024\\\/08\\\/Untitled-1.jpg\",\"contentUrl\":\"https:\\\/\\\/samarali.com\\\/wp-content\\\/uploads\\\/2024\\\/08\\\/Untitled-1.jpg\",\"width\":1200,\"height\":1200,\"caption\":\"Untitled 1\"},{\"@type\":\"BreadcrumbList\",\"@id\":\"https:\\\/\\\/samarali.com\\\/fr\\\/produit\\\/ensemble-de-yoga-pour-le-lever-de-la-lune\\\/#breadcrumb\",\"itemListElement\":[{\"@type\":\"ListItem\",\"position\":1,\"name\":\"Accueil\",\"item\":\"https:\\\/\\\/samarali.com\\\/fr\\\/accueil\\\/\"},{\"@type\":\"ListItem\",\"position\":2,\"name\":\"Boutique\",\"item\":\"https:\\\/\\\/samarali.com\\\/fr\\\/boutique\\\/\"},{\"@type\":\"ListItem\",\"position\":3,\"name\":\"Ensemble de yoga pour le lever de la lune\"}]},{\"@type\":\"WebSite\",\"@id\":\"https:\\\/\\\/samarali.com\\\/fr\\\/#website\",\"url\":\"https:\\\/\\\/samarali.com\\\/fr\\\/\",\"name\":\"Samarali\",\"description\":\"Samarali est une marque de yoga et de style de vie durable bas\u00e9e aux Pays-Bas.\",\"publisher\":{\"@id\":\"https:\\\/\\\/samarali.com\\\/fr\\\/#organization\"},\"potentialAction\":[{\"@type\":\"SearchAction\",\"target\":{\"@type\":\"EntryPoint\",\"urlTemplate\":\"https:\\\/\\\/samarali.com\\\/fr\\\/?s={search_term_string}\"},\"query-input\":{\"@type\":\"PropertyValueSpecification\",\"valueRequired\":true,\"valueName\":\"search_term_string\"}}],\"inLanguage\":\"fr-FR\"},{\"@type\":\"Organization\",\"@id\":\"https:\\\/\\\/samarali.com\\\/fr\\\/#organization\",\"name\":\"Samarali\",\"url\":\"https:\\\/\\\/samarali.com\\\/fr\\\/\",\"logo\":{\"@type\":\"ImageObject\",\"inLanguage\":\"fr-FR\",\"@id\":\"https:\\\/\\\/samarali.com\\\/fr\\\/#\\\/schema\\\/logo\\\/image\\\/\",\"url\":\"https:\\\/\\\/samarali.com\\\/wp-content\\\/uploads\\\/2024\\\/05\\\/cropped-samarali-icon.png\",\"contentUrl\":\"https:\\\/\\\/samarali.com\\\/wp-content\\\/uploads\\\/2024\\\/05\\\/cropped-samarali-icon.png\",\"width\":512,\"height\":512,\"caption\":\"Samarali\"},\"image\":{\"@id\":\"https:\\\/\\\/samarali.com\\\/fr\\\/#\\\/schema\\\/logo\\\/image\\\/\"},\"sameAs\":[\"https:\\\/\\\/www.facebook.com\\\/samaraliyoga\",\"https:\\\/\\\/www.linkedin.com\\\/company\\\/69563155\\\/\",\"https:\\\/\\\/www.instagram.com\\\/samaraliyoga\\\/\",\"https:\\\/\\\/nl.pinterest.com\\\/Samaraliyoga\\\/\"],\"description\":\"Samarali is a sustainable yoga and lifestyle brand based in the Netherlands\",\"email\":\"info@samarali.com\",\"legalName\":\"Samarali B.V.\",\"vatID\":\"NL859820324B01\",\"numberOfEmployees\":{\"@type\":\"QuantitativeValue\",\"minValue\":\"1\",\"maxValue\":\"10\"}}]}<\/script>\n<meta property=\"product:price:amount\" content=\"99.00\" \/>\n<meta property=\"product:price:currency\" content=\"EUR\" \/>\n<meta property=\"og:availability\" content=\"instock\" \/>\n<meta property=\"product:availability\" content=\"instock\" \/>\n<meta property=\"product:retailer_item_id\" content=\"11123\" \/>\n<meta property=\"product:condition\" content=\"new\" \/>\n<!-- \/ Yoast SEO Premium plugin. -->","yoast_head_json":{"title":"Ensemble de yoga pour le lever de la lune - Samarali","robots":{"index":"index","follow":"follow","max-snippet":"max-snippet:-1","max-image-preview":"max-image-preview:large","max-video-preview":"max-video-preview:-1"},"canonical":"https:\/\/samarali.com\/fr\/produit\/ensemble-de-yoga-pour-le-lever-de-la-lune\/","og_locale":"fr_FR","og_type":"article","og_title":"Ensemble de yoga pour le lever de la lune - Samarali","og_description":"Transformez vos s\u00e9ances de yoga ou de fitness avec l&rsquo;ensemble de yoga Moonrise, con\u00e7u pour rendre chaque s\u00e9ance inoubliable. Cet ensemble est non seulement antimicrobien, mais aussi incroyablement doux pour la peau, ce qui garantit un confort maximal. Cet ensemble comprend un tapis de yoga en li\u00e8ge durable et des blocs de yoga de soutien, [&hellip;]","og_url":"https:\/\/samarali.com\/fr\/produit\/ensemble-de-yoga-pour-le-lever-de-la-lune\/","og_site_name":"Samarali","article_publisher":"https:\/\/www.facebook.com\/samaraliyoga","article_modified_time":"2024-11-28T21:10:21+00:00","og_image":[{"width":1200,"height":1200,"url":"https:\/\/samarali.com\/wp-content\/uploads\/2024\/08\/Untitled-1.jpg","type":"image\/jpeg"}],"twitter_card":"summary_large_image","twitter_misc":{"Prix":"&euro;&nbsp;99,00","Disponibilit\u00e9":"En stock"},"schema":{"@context":"https:\/\/schema.org","@graph":[{"@type":"WebPage","@id":"https:\/\/samarali.com\/fr\/produit\/ensemble-de-yoga-pour-le-lever-de-la-lune\/","url":"https:\/\/samarali.com\/fr\/produit\/ensemble-de-yoga-pour-le-lever-de-la-lune\/","name":"Ensemble de yoga pour le lever de la lune - Samarali","isPartOf":{"@id":"https:\/\/samarali.com\/fr\/#website"},"primaryImageOfPage":{"@id":"https:\/\/samarali.com\/fr\/produit\/ensemble-de-yoga-pour-le-lever-de-la-lune\/#primaryimage"},"image":{"@id":"https:\/\/samarali.com\/fr\/produit\/ensemble-de-yoga-pour-le-lever-de-la-lune\/#primaryimage"},"thumbnailUrl":"https:\/\/samarali.com\/wp-content\/uploads\/2024\/08\/Untitled-1.jpg","datePublished":"2024-08-01T05:47:43+00:00","dateModified":"2024-11-28T21:10:21+00:00","breadcrumb":{"@id":"https:\/\/samarali.com\/fr\/produit\/ensemble-de-yoga-pour-le-lever-de-la-lune\/#breadcrumb"},"inLanguage":"fr-FR","potentialAction":[{"@type":"ReadAction","target":["https:\/\/samarali.com\/fr\/produit\/ensemble-de-yoga-pour-le-lever-de-la-lune\/"]}]},{"@type":"ImageObject","inLanguage":"fr-FR","@id":"https:\/\/samarali.com\/fr\/produit\/ensemble-de-yoga-pour-le-lever-de-la-lune\/#primaryimage","url":"https:\/\/samarali.com\/wp-content\/uploads\/2024\/08\/Untitled-1.jpg","contentUrl":"https:\/\/samarali.com\/wp-content\/uploads\/2024\/08\/Untitled-1.jpg","width":1200,"height":1200,"caption":"Untitled 1"},{"@type":"BreadcrumbList","@id":"https:\/\/samarali.com\/fr\/produit\/ensemble-de-yoga-pour-le-lever-de-la-lune\/#breadcrumb","itemListElement":[{"@type":"ListItem","position":1,"name":"Accueil","item":"https:\/\/samarali.com\/fr\/accueil\/"},{"@type":"ListItem","position":2,"name":"Boutique","item":"https:\/\/samarali.com\/fr\/boutique\/"},{"@type":"ListItem","position":3,"name":"Ensemble de yoga pour le lever de la lune"}]},{"@type":"WebSite","@id":"https:\/\/samarali.com\/fr\/#website","url":"https:\/\/samarali.com\/fr\/","name":"Samarali","description":"Samarali est une marque de yoga et de style de vie durable bas\u00e9e aux Pays-Bas.","publisher":{"@id":"https:\/\/samarali.com\/fr\/#organization"},"potentialAction":[{"@type":"SearchAction","target":{"@type":"EntryPoint","urlTemplate":"https:\/\/samarali.com\/fr\/?s={search_term_string}"},"query-input":{"@type":"PropertyValueSpecification","valueRequired":true,"valueName":"search_term_string"}}],"inLanguage":"fr-FR"},{"@type":"Organization","@id":"https:\/\/samarali.com\/fr\/#organization","name":"Samarali","url":"https:\/\/samarali.com\/fr\/","logo":{"@type":"ImageObject","inLanguage":"fr-FR","@id":"https:\/\/samarali.com\/fr\/#\/schema\/logo\/image\/","url":"https:\/\/samarali.com\/wp-content\/uploads\/2024\/05\/cropped-samarali-icon.png","contentUrl":"https:\/\/samarali.com\/wp-content\/uploads\/2024\/05\/cropped-samarali-icon.png","width":512,"height":512,"caption":"Samarali"},"image":{"@id":"https:\/\/samarali.com\/fr\/#\/schema\/logo\/image\/"},"sameAs":["https:\/\/www.facebook.com\/samaraliyoga","https:\/\/www.linkedin.com\/company\/69563155\/","https:\/\/www.instagram.com\/samaraliyoga\/","https:\/\/nl.pinterest.com\/Samaraliyoga\/"],"description":"Samarali is a sustainable yoga and lifestyle brand based in the Netherlands","email":"info@samarali.com","legalName":"Samarali B.V.","vatID":"NL859820324B01","numberOfEmployees":{"@type":"QuantitativeValue","minValue":"1","maxValue":"10"}}]},"product_price_amount":"99.00","product_price_currency":"EUR","og_availability":"instock","product_availability":"instock","product_retailer_item_id":"11123","product_condition":"new"},"jetpack_sharing_enabled":true,"_links":{"self":[{"href":"https:\/\/samarali.com\/fr\/wp-json\/wp\/v2\/product\/28458","targetHints":{"allow":["GET"]}}],"collection":[{"href":"https:\/\/samarali.com\/fr\/wp-json\/wp\/v2\/product"}],"about":[{"href":"https:\/\/samarali.com\/fr\/wp-json\/wp\/v2\/types\/product"}],"replies":[{"embeddable":true,"href":"https:\/\/samarali.com\/fr\/wp-json\/wp\/v2\/comments?post=28458"}],"version-history":[{"count":1,"href":"https:\/\/samarali.com\/fr\/wp-json\/wp\/v2\/product\/28458\/revisions"}],"predecessor-version":[{"id":32631,"href":"https:\/\/samarali.com\/fr\/wp-json\/wp\/v2\/product\/28458\/revisions\/32631"}],"wp:featuredmedia":[{"embeddable":true,"href":"https:\/\/samarali.com\/fr\/wp-json\/wp\/v2\/media\/17608"}],"wp:attachment":[{"href":"https:\/\/samarali.com\/fr\/wp-json\/wp\/v2\/media?parent=28458"}],"wp:term":[{"taxonomy":"product_cat","embeddable":true,"href":"https:\/\/samarali.com\/fr\/wp-json\/wp\/v2\/product_cat?post=28458"},{"taxonomy":"product_tag","embeddable":true,"href":"https:\/\/samarali.com\/fr\/wp-json\/wp\/v2\/product_tag?post=28458"}],"curies":[{"name":"wp","href":"https:\/\/api.w.org\/{rel}","templated":true}]}}