{"id":28414,"date":"2024-08-07T08:13:00","date_gmt":"2024-08-07T08:13:00","guid":{"rendered":"https:\/\/samarali.com\/product\/zafu-zabuton-set-with-wedge-cushion-ensemble-zabuton-zafu-avec-coussin-cale\/"},"modified":"2026-02-12T19:48:01","modified_gmt":"2026-02-12T18:48:01","slug":"zafu-zabuton-set-with-wedge-cushion-ensemble-zabuton-zafu-avec-coussin-cale","status":"publish","type":"product","link":"https:\/\/samarali.com\/fr\/produit\/zafu-zabuton-set-with-wedge-cushion-ensemble-zabuton-zafu-avec-coussin-cale\/","title":{"rendered":"Zafu Zabuton Set with Wedge Cushion (Ensemble Zabuton Zafu avec coussin cale)"},"content":{"rendered":"<p data-start=\"153\" data-end=\"418\">L&rsquo;ensemble Zafu Zabuton est con\u00e7u de mani\u00e8re experte pour \u00e9lever votre pratique de la m\u00e9ditation gr\u00e2ce \u00e0 un confort, un soutien et une durabilit\u00e9 exceptionnels. S&rsquo;asseoir pendant de longues p\u00e9riodes peut s&rsquo;av\u00e9rer difficile, c&rsquo;est pourquoi ce set offre le rembourrage ergonomique dont vous avez besoin pour une m\u00e9ditation plus profonde et plus concentr\u00e9e.<\/p>\n<p data-start=\"420\" data-end=\"686\">L&rsquo;ensemble comprend un tapis de m\u00e9ditation Zabuton et un coussin cun\u00e9iforme Zafu qui favorisent une bonne posture, r\u00e9duisent les tensions dans le bas du dos et aident \u00e0 pr\u00e9venir les douleurs au genou, les tensions musculaires et les crampes. Ce confort suppl\u00e9mentaire favorise des s\u00e9ances de m\u00e9ditation plus longues et plus r\u00e9guli\u00e8res.<\/p>\n<p data-start=\"688\" data-end=\"990\">Le tapis Zabuton est rempli de laine recycl\u00e9e, de coton, de polyester et de fibres acryliques pour un soutien ferme et stable, tandis que sa housse \u00e0 deux couches est fabriqu\u00e9e \u00e0 partir de coton biologique certifi\u00e9 GOTS \u00e0 100 %. Le coussin cun\u00e9iforme Zafu est rempli d&rsquo;\u00e9cales de sarrasin, offrant un \u00e9quilibre id\u00e9al entre douceur et structure.<\/p>\n<p data-start=\"992\" data-end=\"1271\">L\u00e9ger, durable et fabriqu\u00e9 \u00e0 partir de mat\u00e9riaux de haute qualit\u00e9, cet ensemble de coussins de m\u00e9ditation est parfait pour la pratique \u00e0 domicile, les studios de yoga et les espaces de pleine conscience. C&rsquo;est un outil essentiel pour tous ceux qui cherchent \u00e0 am\u00e9liorer leur posture et leur confort, et \u00e0 vivre une exp\u00e9rience de m\u00e9ditation plus enrichissante.<\/p>\n","protected":false},"excerpt":{"rendered":"<p>\u00c9levez votre m\u00e9ditation avec l&rsquo;ensemble Zafu Zabuton et son coussin coussin de soutien con\u00e7u pour un confort et une relaxation durables.<\/p>\n","protected":false},"featured_media":21058,"comment_status":"open","ping_status":"closed","template":"","meta":{"_acf_changed":false,"_improvement_type_select":"improve_an_existing","_thumb_yes_seoaic":false,"_frame_yes_seoaic":false,"seoaic_generate_description":"","seoaic_improve_instructions_prompt":"","seoaic_rollback_content_improvement":"","seoaic_idea_thumbnail_generator":"","thumbnail_generated":false,"thumbnail_generate_prompt":"","seoaic_article_description":"","inline_featured_image":false},"product_cat":[308,271],"product_tag":[],"class_list":{"0":"post-28414","1":"product","2":"type-product","3":"status-publish","4":"has-post-thumbnail","6":"product_cat-coffrets-de-meditation","7":"product_cat-meditation-fr","9":"first","10":"instock","11":"shipping-taxable","12":"purchasable","13":"product-type-variable"},"acf":[],"yoast_head":"<!-- This site is optimized with the Yoast SEO Premium plugin v27.3 (Yoast SEO v27.3) - https:\/\/yoast.com\/product\/yoast-seo-premium-wordpress\/ -->\n<title>Zafu Zabuton Set with Wedge Cushion (Ensemble Zabuton Zafu avec coussin cale) - Samarali<\/title>\n<meta name=\"description\" content=\"M\u00e9ditez avec l&#039;ensemble Zafu Zabuton, compos\u00e9 d&#039;un coussin de soutien et d&#039;un tapis \u00e9cologique fabriqu\u00e9 \u00e0 partir de mat\u00e9riaux organiques et con\u00e7u pour le confort.\" \/>\n<meta name=\"robots\" content=\"index, follow, max-snippet:-1, max-image-preview:large, max-video-preview:-1\" \/>\n<link rel=\"canonical\" href=\"https:\/\/samarali.com\/fr\/produit\/zafu-zabuton-set-with-wedge-cushion-ensemble-zabuton-zafu-avec-coussin-cale\/\" \/>\n<meta property=\"og:locale\" content=\"fr_FR\" \/>\n<meta property=\"og:type\" content=\"article\" \/>\n<meta property=\"og:title\" content=\"Zafu Zabuton Set with Wedge Cushion (Ensemble Zabuton Zafu avec coussin cale) - Samarali\" \/>\n<meta property=\"og:description\" content=\"M\u00e9ditez avec l&#039;ensemble Zafu Zabuton, compos\u00e9 d&#039;un coussin de soutien et d&#039;un tapis \u00e9cologique fabriqu\u00e9 \u00e0 partir de mat\u00e9riaux organiques et con\u00e7u pour le confort.\" \/>\n<meta property=\"og:url\" content=\"https:\/\/samarali.com\/fr\/produit\/zafu-zabuton-set-with-wedge-cushion-ensemble-zabuton-zafu-avec-coussin-cale\/\" \/>\n<meta property=\"og:site_name\" content=\"Samarali\" \/>\n<meta property=\"article:publisher\" content=\"https:\/\/www.facebook.com\/samaraliyoga\" \/>\n<meta property=\"article:modified_time\" content=\"2026-02-12T18:48:01+00:00\" \/>\n<meta property=\"og:image\" content=\"https:\/\/samarali.com\/wp-content\/uploads\/2024\/08\/Med-set-with-cushion-Wedge_Chateau-grey_02.jpg\" \/>\n\t<meta property=\"og:image:width\" content=\"1000\" \/>\n\t<meta property=\"og:image:height\" content=\"1000\" \/>\n\t<meta property=\"og:image:type\" content=\"image\/jpeg\" \/>\n<meta name=\"twitter:card\" content=\"summary_large_image\" \/>\n<meta name=\"twitter:label1\" content=\"Disponibilit\u00e9\" \/>\n\t<meta name=\"twitter:data1\" content=\"En stock\" \/>\n<script type=\"application\/ld+json\" class=\"yoast-schema-graph\">{\"@context\":\"https:\\\/\\\/schema.org\",\"@graph\":[{\"@type\":\"WebPage\",\"@id\":\"https:\\\/\\\/samarali.com\\\/fr\\\/produit\\\/zafu-zabuton-set-with-wedge-cushion-ensemble-zabuton-zafu-avec-coussin-cale\\\/\",\"url\":\"https:\\\/\\\/samarali.com\\\/fr\\\/produit\\\/zafu-zabuton-set-with-wedge-cushion-ensemble-zabuton-zafu-avec-coussin-cale\\\/\",\"name\":\"Zafu Zabuton Set with Wedge Cushion (Ensemble Zabuton Zafu avec coussin cale) - Samarali\",\"isPartOf\":{\"@id\":\"https:\\\/\\\/samarali.com\\\/fr\\\/#website\"},\"primaryImageOfPage\":{\"@id\":\"https:\\\/\\\/samarali.com\\\/fr\\\/produit\\\/zafu-zabuton-set-with-wedge-cushion-ensemble-zabuton-zafu-avec-coussin-cale\\\/#primaryimage\"},\"image\":{\"@id\":\"https:\\\/\\\/samarali.com\\\/fr\\\/produit\\\/zafu-zabuton-set-with-wedge-cushion-ensemble-zabuton-zafu-avec-coussin-cale\\\/#primaryimage\"},\"thumbnailUrl\":\"https:\\\/\\\/samarali.com\\\/wp-content\\\/uploads\\\/2024\\\/08\\\/Med-set-with-cushion-Wedge_Chateau-grey_02.jpg\",\"datePublished\":\"2024-08-07T08:13:00+00:00\",\"dateModified\":\"2026-02-12T18:48:01+00:00\",\"description\":\"M\u00e9ditez avec l'ensemble Zafu Zabuton, compos\u00e9 d'un coussin de soutien et d'un tapis \u00e9cologique fabriqu\u00e9 \u00e0 partir de mat\u00e9riaux organiques et con\u00e7u pour le confort.\",\"breadcrumb\":{\"@id\":\"https:\\\/\\\/samarali.com\\\/fr\\\/produit\\\/zafu-zabuton-set-with-wedge-cushion-ensemble-zabuton-zafu-avec-coussin-cale\\\/#breadcrumb\"},\"inLanguage\":\"fr-FR\",\"potentialAction\":[{\"@type\":\"ReadAction\",\"target\":[\"https:\\\/\\\/samarali.com\\\/fr\\\/produit\\\/zafu-zabuton-set-with-wedge-cushion-ensemble-zabuton-zafu-avec-coussin-cale\\\/\"]}]},{\"@type\":\"ImageObject\",\"inLanguage\":\"fr-FR\",\"@id\":\"https:\\\/\\\/samarali.com\\\/fr\\\/produit\\\/zafu-zabuton-set-with-wedge-cushion-ensemble-zabuton-zafu-avec-coussin-cale\\\/#primaryimage\",\"url\":\"https:\\\/\\\/samarali.com\\\/wp-content\\\/uploads\\\/2024\\\/08\\\/Med-set-with-cushion-Wedge_Chateau-grey_02.jpg\",\"contentUrl\":\"https:\\\/\\\/samarali.com\\\/wp-content\\\/uploads\\\/2024\\\/08\\\/Med-set-with-cushion-Wedge_Chateau-grey_02.jpg\",\"width\":1000,\"height\":1000,\"caption\":\"Med set avec coussin Wedge Chateau grey 02\"},{\"@type\":\"BreadcrumbList\",\"@id\":\"https:\\\/\\\/samarali.com\\\/fr\\\/produit\\\/zafu-zabuton-set-with-wedge-cushion-ensemble-zabuton-zafu-avec-coussin-cale\\\/#breadcrumb\",\"itemListElement\":[{\"@type\":\"ListItem\",\"position\":1,\"name\":\"Accueil\",\"item\":\"https:\\\/\\\/samarali.com\\\/fr\\\/accueil\\\/\"},{\"@type\":\"ListItem\",\"position\":2,\"name\":\"Boutique\",\"item\":\"https:\\\/\\\/samarali.com\\\/fr\\\/boutique\\\/\"},{\"@type\":\"ListItem\",\"position\":3,\"name\":\"Zafu Zabuton Set with Wedge Cushion (Ensemble Zabuton Zafu avec coussin cale)\"}]},{\"@type\":\"WebSite\",\"@id\":\"https:\\\/\\\/samarali.com\\\/fr\\\/#website\",\"url\":\"https:\\\/\\\/samarali.com\\\/fr\\\/\",\"name\":\"Samarali\",\"description\":\"Samarali est une marque de yoga et de style de vie durable bas\u00e9e aux Pays-Bas.\",\"publisher\":{\"@id\":\"https:\\\/\\\/samarali.com\\\/fr\\\/#organization\"},\"potentialAction\":[{\"@type\":\"SearchAction\",\"target\":{\"@type\":\"EntryPoint\",\"urlTemplate\":\"https:\\\/\\\/samarali.com\\\/fr\\\/?s={search_term_string}\"},\"query-input\":{\"@type\":\"PropertyValueSpecification\",\"valueRequired\":true,\"valueName\":\"search_term_string\"}}],\"inLanguage\":\"fr-FR\"},{\"@type\":\"Organization\",\"@id\":\"https:\\\/\\\/samarali.com\\\/fr\\\/#organization\",\"name\":\"Samarali\",\"url\":\"https:\\\/\\\/samarali.com\\\/fr\\\/\",\"logo\":{\"@type\":\"ImageObject\",\"inLanguage\":\"fr-FR\",\"@id\":\"https:\\\/\\\/samarali.com\\\/fr\\\/#\\\/schema\\\/logo\\\/image\\\/\",\"url\":\"https:\\\/\\\/samarali.com\\\/wp-content\\\/uploads\\\/2024\\\/05\\\/cropped-samarali-icon.png\",\"contentUrl\":\"https:\\\/\\\/samarali.com\\\/wp-content\\\/uploads\\\/2024\\\/05\\\/cropped-samarali-icon.png\",\"width\":512,\"height\":512,\"caption\":\"Samarali\"},\"image\":{\"@id\":\"https:\\\/\\\/samarali.com\\\/fr\\\/#\\\/schema\\\/logo\\\/image\\\/\"},\"sameAs\":[\"https:\\\/\\\/www.facebook.com\\\/samaraliyoga\",\"https:\\\/\\\/www.linkedin.com\\\/company\\\/69563155\\\/\",\"https:\\\/\\\/www.instagram.com\\\/samaraliyoga\\\/\",\"https:\\\/\\\/nl.pinterest.com\\\/Samaraliyoga\\\/\"],\"description\":\"Samarali is a sustainable yoga and lifestyle brand based in the Netherlands\",\"email\":\"info@samarali.com\",\"legalName\":\"Samarali B.V.\",\"vatID\":\"NL859820324B01\",\"numberOfEmployees\":{\"@type\":\"QuantitativeValue\",\"minValue\":\"1\",\"maxValue\":\"10\"}}]}<\/script>\n<meta property=\"og:availability\" content=\"instock\" \/>\n<meta property=\"product:availability\" content=\"instock\" \/>\n<meta property=\"product:condition\" content=\"new\" \/>\n<!-- \/ Yoast SEO Premium plugin. -->","yoast_head_json":{"title":"Zafu Zabuton Set with Wedge Cushion (Ensemble Zabuton Zafu avec coussin cale) - Samarali","description":"M\u00e9ditez avec l'ensemble Zafu Zabuton, compos\u00e9 d'un coussin de soutien et d'un tapis \u00e9cologique fabriqu\u00e9 \u00e0 partir de mat\u00e9riaux organiques et con\u00e7u pour le confort.","robots":{"index":"index","follow":"follow","max-snippet":"max-snippet:-1","max-image-preview":"max-image-preview:large","max-video-preview":"max-video-preview:-1"},"canonical":"https:\/\/samarali.com\/fr\/produit\/zafu-zabuton-set-with-wedge-cushion-ensemble-zabuton-zafu-avec-coussin-cale\/","og_locale":"fr_FR","og_type":"article","og_title":"Zafu Zabuton Set with Wedge Cushion (Ensemble Zabuton Zafu avec coussin cale) - Samarali","og_description":"M\u00e9ditez avec l'ensemble Zafu Zabuton, compos\u00e9 d'un coussin de soutien et d'un tapis \u00e9cologique fabriqu\u00e9 \u00e0 partir de mat\u00e9riaux organiques et con\u00e7u pour le confort.","og_url":"https:\/\/samarali.com\/fr\/produit\/zafu-zabuton-set-with-wedge-cushion-ensemble-zabuton-zafu-avec-coussin-cale\/","og_site_name":"Samarali","article_publisher":"https:\/\/www.facebook.com\/samaraliyoga","article_modified_time":"2026-02-12T18:48:01+00:00","og_image":[{"width":1000,"height":1000,"url":"https:\/\/samarali.com\/wp-content\/uploads\/2024\/08\/Med-set-with-cushion-Wedge_Chateau-grey_02.jpg","type":"image\/jpeg"}],"twitter_card":"summary_large_image","twitter_misc":{"Disponibilit\u00e9":"En stock"},"schema":{"@context":"https:\/\/schema.org","@graph":[{"@type":"WebPage","@id":"https:\/\/samarali.com\/fr\/produit\/zafu-zabuton-set-with-wedge-cushion-ensemble-zabuton-zafu-avec-coussin-cale\/","url":"https:\/\/samarali.com\/fr\/produit\/zafu-zabuton-set-with-wedge-cushion-ensemble-zabuton-zafu-avec-coussin-cale\/","name":"Zafu Zabuton Set with Wedge Cushion (Ensemble Zabuton Zafu avec coussin cale) - Samarali","isPartOf":{"@id":"https:\/\/samarali.com\/fr\/#website"},"primaryImageOfPage":{"@id":"https:\/\/samarali.com\/fr\/produit\/zafu-zabuton-set-with-wedge-cushion-ensemble-zabuton-zafu-avec-coussin-cale\/#primaryimage"},"image":{"@id":"https:\/\/samarali.com\/fr\/produit\/zafu-zabuton-set-with-wedge-cushion-ensemble-zabuton-zafu-avec-coussin-cale\/#primaryimage"},"thumbnailUrl":"https:\/\/samarali.com\/wp-content\/uploads\/2024\/08\/Med-set-with-cushion-Wedge_Chateau-grey_02.jpg","datePublished":"2024-08-07T08:13:00+00:00","dateModified":"2026-02-12T18:48:01+00:00","description":"M\u00e9ditez avec l'ensemble Zafu Zabuton, compos\u00e9 d'un coussin de soutien et d'un tapis \u00e9cologique fabriqu\u00e9 \u00e0 partir de mat\u00e9riaux organiques et con\u00e7u pour le confort.","breadcrumb":{"@id":"https:\/\/samarali.com\/fr\/produit\/zafu-zabuton-set-with-wedge-cushion-ensemble-zabuton-zafu-avec-coussin-cale\/#breadcrumb"},"inLanguage":"fr-FR","potentialAction":[{"@type":"ReadAction","target":["https:\/\/samarali.com\/fr\/produit\/zafu-zabuton-set-with-wedge-cushion-ensemble-zabuton-zafu-avec-coussin-cale\/"]}]},{"@type":"ImageObject","inLanguage":"fr-FR","@id":"https:\/\/samarali.com\/fr\/produit\/zafu-zabuton-set-with-wedge-cushion-ensemble-zabuton-zafu-avec-coussin-cale\/#primaryimage","url":"https:\/\/samarali.com\/wp-content\/uploads\/2024\/08\/Med-set-with-cushion-Wedge_Chateau-grey_02.jpg","contentUrl":"https:\/\/samarali.com\/wp-content\/uploads\/2024\/08\/Med-set-with-cushion-Wedge_Chateau-grey_02.jpg","width":1000,"height":1000,"caption":"Med set avec coussin Wedge Chateau grey 02"},{"@type":"BreadcrumbList","@id":"https:\/\/samarali.com\/fr\/produit\/zafu-zabuton-set-with-wedge-cushion-ensemble-zabuton-zafu-avec-coussin-cale\/#breadcrumb","itemListElement":[{"@type":"ListItem","position":1,"name":"Accueil","item":"https:\/\/samarali.com\/fr\/accueil\/"},{"@type":"ListItem","position":2,"name":"Boutique","item":"https:\/\/samarali.com\/fr\/boutique\/"},{"@type":"ListItem","position":3,"name":"Zafu Zabuton Set with Wedge Cushion (Ensemble Zabuton Zafu avec coussin cale)"}]},{"@type":"WebSite","@id":"https:\/\/samarali.com\/fr\/#website","url":"https:\/\/samarali.com\/fr\/","name":"Samarali","description":"Samarali est une marque de yoga et de style de vie durable bas\u00e9e aux Pays-Bas.","publisher":{"@id":"https:\/\/samarali.com\/fr\/#organization"},"potentialAction":[{"@type":"SearchAction","target":{"@type":"EntryPoint","urlTemplate":"https:\/\/samarali.com\/fr\/?s={search_term_string}"},"query-input":{"@type":"PropertyValueSpecification","valueRequired":true,"valueName":"search_term_string"}}],"inLanguage":"fr-FR"},{"@type":"Organization","@id":"https:\/\/samarali.com\/fr\/#organization","name":"Samarali","url":"https:\/\/samarali.com\/fr\/","logo":{"@type":"ImageObject","inLanguage":"fr-FR","@id":"https:\/\/samarali.com\/fr\/#\/schema\/logo\/image\/","url":"https:\/\/samarali.com\/wp-content\/uploads\/2024\/05\/cropped-samarali-icon.png","contentUrl":"https:\/\/samarali.com\/wp-content\/uploads\/2024\/05\/cropped-samarali-icon.png","width":512,"height":512,"caption":"Samarali"},"image":{"@id":"https:\/\/samarali.com\/fr\/#\/schema\/logo\/image\/"},"sameAs":["https:\/\/www.facebook.com\/samaraliyoga","https:\/\/www.linkedin.com\/company\/69563155\/","https:\/\/www.instagram.com\/samaraliyoga\/","https:\/\/nl.pinterest.com\/Samaraliyoga\/"],"description":"Samarali is a sustainable yoga and lifestyle brand based in the Netherlands","email":"info@samarali.com","legalName":"Samarali B.V.","vatID":"NL859820324B01","numberOfEmployees":{"@type":"QuantitativeValue","minValue":"1","maxValue":"10"}}]},"og_availability":"instock","product_availability":"instock","product_condition":"new"},"jetpack_sharing_enabled":true,"_links":{"self":[{"href":"https:\/\/samarali.com\/fr\/wp-json\/wp\/v2\/product\/28414","targetHints":{"allow":["GET"]}}],"collection":[{"href":"https:\/\/samarali.com\/fr\/wp-json\/wp\/v2\/product"}],"about":[{"href":"https:\/\/samarali.com\/fr\/wp-json\/wp\/v2\/types\/product"}],"replies":[{"embeddable":true,"href":"https:\/\/samarali.com\/fr\/wp-json\/wp\/v2\/comments?post=28414"}],"version-history":[{"count":2,"href":"https:\/\/samarali.com\/fr\/wp-json\/wp\/v2\/product\/28414\/revisions"}],"predecessor-version":[{"id":35252,"href":"https:\/\/samarali.com\/fr\/wp-json\/wp\/v2\/product\/28414\/revisions\/35252"}],"wp:featuredmedia":[{"embeddable":true,"href":"https:\/\/samarali.com\/fr\/wp-json\/wp\/v2\/media\/21058"}],"wp:attachment":[{"href":"https:\/\/samarali.com\/fr\/wp-json\/wp\/v2\/media?parent=28414"}],"wp:term":[{"taxonomy":"product_cat","embeddable":true,"href":"https:\/\/samarali.com\/fr\/wp-json\/wp\/v2\/product_cat?post=28414"},{"taxonomy":"product_tag","embeddable":true,"href":"https:\/\/samarali.com\/fr\/wp-json\/wp\/v2\/product_tag?post=28414"}],"curies":[{"name":"wp","href":"https:\/\/api.w.org\/{rel}","templated":true}]}}