{"id":28412,"date":"2024-08-07T08:29:26","date_gmt":"2024-08-07T06:29:26","guid":{"rendered":"https:\/\/samarali.com\/product\/tapis-de-meditation-zabuton\/"},"modified":"2026-02-04T20:38:01","modified_gmt":"2026-02-04T19:38:01","slug":"tapis-de-meditation-zabuton","status":"publish","type":"product","link":"https:\/\/samarali.com\/fr\/produit\/tapis-de-meditation-zabuton\/","title":{"rendered":"Tapis de m\u00e9ditation zabuton"},"content":{"rendered":"<p>Le tapis Zabuton est un compl\u00e9ment polyvalent \u00e0 votre pratique de la m\u00e9ditation.<br \/>\nUtilis\u00e9 seul, il offre une surface confortable pour s&rsquo;asseoir les jambes crois\u00e9es. Associ\u00e9 \u00e0 d&rsquo;autres accessoires de m\u00e9ditation, il am\u00e9liore le confort g\u00e9n\u00e9ral.<br \/>\nLe tapis Zabuton offre un soutien suppl\u00e9mentaire \u00e0 vos genoux, \u00e0 la partie inf\u00e9rieure de vos jambes et \u00e0 vos chevilles, ce qui rend les s\u00e9ances d&rsquo;assise prolong\u00e9es plus confortables.<br \/>\nIl contribue \u00e9galement \u00e0 cr\u00e9er un environnement de m\u00e9ditation serein en ajoutant une touche esth\u00e9tique \u00e0 votre espace.<br \/>\nAssoci\u00e9 \u00e0 un coussin Zafu, le tapis Zabuton cr\u00e9e une assise optimale.<br \/>\nIl amortit vos pieds et vos chevilles, les emp\u00eachant d&rsquo;appuyer sur un sol dur et offrant une isolation suppl\u00e9mentaire si le sol est froid.<br \/>\nNos tapis de m\u00e9ditation sont remplis de feuilles de feutre fabriqu\u00e9es \u00e0 partir de fibres de laine recycl\u00e9es.<br \/>\nLa laine est connue pour son confort et son \u00e9lasticit\u00e9, offrant une excellente isolation et emp\u00eachant vos jambes et vos pieds de s&rsquo;endormir pendant la m\u00e9ditation.<br \/>\nSon ondulation naturelle agit comme un ressort, conservant sa forme au fil du temps, et elle est \u00e0 la fois l\u00e9g\u00e8re et durable.<br \/>\nLes tissus ext\u00e9rieurs et int\u00e9rieurs de nos tapis Zabuton sont fabriqu\u00e9s \u00e0 partir de coton biologique certifi\u00e9 GOTS \u00e0 100 %, ce qui garantit un produit de haute qualit\u00e9 et respectueux de l&rsquo;environnement.   <\/p>\n","protected":false},"excerpt":{"rendered":"<p>Am\u00e9liorez votre pratique de la m\u00e9ditation gr\u00e2ce \u00e0 un tapis zabuton confortable et porteur. Cr\u00e9ez un environnement de m\u00e9ditation serein gr\u00e2ce \u00e0 cet ajout esth\u00e9tique \u00e0 votre espace.<\/p>\n","protected":false},"featured_media":21175,"comment_status":"open","ping_status":"closed","template":"","meta":{"_acf_changed":false,"_improvement_type_select":"improve_an_existing","_thumb_yes_seoaic":false,"_frame_yes_seoaic":false,"seoaic_generate_description":"","seoaic_improve_instructions_prompt":"","seoaic_rollback_content_improvement":"","seoaic_idea_thumbnail_generator":"","thumbnail_generated":false,"thumbnail_generate_prompt":"","seoaic_article_description":"","inline_featured_image":false},"product_cat":[271,310],"product_tag":[],"class_list":{"0":"post-28412","1":"product","2":"type-product","3":"status-publish","4":"has-post-thumbnail","6":"product_cat-meditation-fr","7":"product_cat-tapis-de-meditation","9":"first","10":"instock","11":"shipping-taxable","12":"purchasable","13":"product-type-variable"},"acf":[],"yoast_head":"<!-- This site is optimized with the Yoast SEO Premium plugin v27.4 (Yoast SEO v27.4) - https:\/\/yoast.com\/product\/yoast-seo-premium-wordpress\/ -->\n<title>Tapis de m\u00e9ditation zabuton - Samarali<\/title>\n<meta name=\"description\" content=\"Tapis de zabuton confortable et souple. Cr\u00e9ez un environnement de m\u00e9ditation serein gr\u00e2ce \u00e0 cet ajout esth\u00e9tique \u00e0 votre espace.\" \/>\n<meta name=\"robots\" content=\"index, follow, max-snippet:-1, max-image-preview:large, max-video-preview:-1\" \/>\n<link rel=\"canonical\" href=\"https:\/\/samarali.com\/fr\/produit\/tapis-de-meditation-zabuton\/\" \/>\n<meta property=\"og:locale\" content=\"fr_FR\" \/>\n<meta property=\"og:type\" content=\"article\" \/>\n<meta property=\"og:title\" content=\"Tapis de m\u00e9ditation zabuton - Samarali\" \/>\n<meta property=\"og:description\" content=\"Tapis de zabuton confortable et souple. Cr\u00e9ez un environnement de m\u00e9ditation serein gr\u00e2ce \u00e0 cet ajout esth\u00e9tique \u00e0 votre espace.\" \/>\n<meta property=\"og:url\" content=\"https:\/\/samarali.com\/fr\/produit\/tapis-de-meditation-zabuton\/\" \/>\n<meta property=\"og:site_name\" content=\"Samarali\" \/>\n<meta property=\"article:publisher\" content=\"https:\/\/www.facebook.com\/samaraliyoga\" \/>\n<meta property=\"article:modified_time\" content=\"2026-02-04T19:38:01+00:00\" \/>\n<meta property=\"og:image\" content=\"https:\/\/samarali.com\/wp-content\/uploads\/2024\/08\/meditation-mat_purple4.jpg\" \/>\n\t<meta property=\"og:image:width\" content=\"1000\" \/>\n\t<meta property=\"og:image:height\" content=\"1000\" \/>\n\t<meta property=\"og:image:type\" content=\"image\/jpeg\" \/>\n<meta name=\"twitter:card\" content=\"summary_large_image\" \/>\n<meta name=\"twitter:label1\" content=\"Disponibilit\u00e9\" \/>\n\t<meta name=\"twitter:data1\" content=\"En stock\" \/>\n<script type=\"application\/ld+json\" class=\"yoast-schema-graph\">{\"@context\":\"https:\\\/\\\/schema.org\",\"@graph\":[{\"@type\":\"WebPage\",\"@id\":\"https:\\\/\\\/samarali.com\\\/fr\\\/produit\\\/tapis-de-meditation-zabuton\\\/\",\"url\":\"https:\\\/\\\/samarali.com\\\/fr\\\/produit\\\/tapis-de-meditation-zabuton\\\/\",\"name\":\"Tapis de m\u00e9ditation zabuton - Samarali\",\"isPartOf\":{\"@id\":\"https:\\\/\\\/samarali.com\\\/fr\\\/#website\"},\"primaryImageOfPage\":{\"@id\":\"https:\\\/\\\/samarali.com\\\/fr\\\/produit\\\/tapis-de-meditation-zabuton\\\/#primaryimage\"},\"image\":{\"@id\":\"https:\\\/\\\/samarali.com\\\/fr\\\/produit\\\/tapis-de-meditation-zabuton\\\/#primaryimage\"},\"thumbnailUrl\":\"https:\\\/\\\/samarali.com\\\/wp-content\\\/uploads\\\/2024\\\/08\\\/meditation-mat_purple4.jpg\",\"datePublished\":\"2024-08-07T06:29:26+00:00\",\"dateModified\":\"2026-02-04T19:38:01+00:00\",\"description\":\"Tapis de zabuton confortable et souple. Cr\u00e9ez un environnement de m\u00e9ditation serein gr\u00e2ce \u00e0 cet ajout esth\u00e9tique \u00e0 votre espace.\",\"breadcrumb\":{\"@id\":\"https:\\\/\\\/samarali.com\\\/fr\\\/produit\\\/tapis-de-meditation-zabuton\\\/#breadcrumb\"},\"inLanguage\":\"fr-FR\",\"potentialAction\":[{\"@type\":\"ReadAction\",\"target\":[\"https:\\\/\\\/samarali.com\\\/fr\\\/produit\\\/tapis-de-meditation-zabuton\\\/\"]}]},{\"@type\":\"ImageObject\",\"inLanguage\":\"fr-FR\",\"@id\":\"https:\\\/\\\/samarali.com\\\/fr\\\/produit\\\/tapis-de-meditation-zabuton\\\/#primaryimage\",\"url\":\"https:\\\/\\\/samarali.com\\\/wp-content\\\/uploads\\\/2024\\\/08\\\/meditation-mat_purple4.jpg\",\"contentUrl\":\"https:\\\/\\\/samarali.com\\\/wp-content\\\/uploads\\\/2024\\\/08\\\/meditation-mat_purple4.jpg\",\"width\":1000,\"height\":1000,\"caption\":\"tapis de m\u00e9ditation violet4\"},{\"@type\":\"BreadcrumbList\",\"@id\":\"https:\\\/\\\/samarali.com\\\/fr\\\/produit\\\/tapis-de-meditation-zabuton\\\/#breadcrumb\",\"itemListElement\":[{\"@type\":\"ListItem\",\"position\":1,\"name\":\"Accueil\",\"item\":\"https:\\\/\\\/samarali.com\\\/fr\\\/accueil\\\/\"},{\"@type\":\"ListItem\",\"position\":2,\"name\":\"Boutique\",\"item\":\"https:\\\/\\\/samarali.com\\\/fr\\\/boutique\\\/\"},{\"@type\":\"ListItem\",\"position\":3,\"name\":\"Tapis de m\u00e9ditation zabuton\"}]},{\"@type\":\"WebSite\",\"@id\":\"https:\\\/\\\/samarali.com\\\/fr\\\/#website\",\"url\":\"https:\\\/\\\/samarali.com\\\/fr\\\/\",\"name\":\"Samarali\",\"description\":\"Samarali est une marque de yoga et de style de vie durable bas\u00e9e aux Pays-Bas.\",\"publisher\":{\"@id\":\"https:\\\/\\\/samarali.com\\\/fr\\\/#organization\"},\"potentialAction\":[{\"@type\":\"SearchAction\",\"target\":{\"@type\":\"EntryPoint\",\"urlTemplate\":\"https:\\\/\\\/samarali.com\\\/fr\\\/?s={search_term_string}\"},\"query-input\":{\"@type\":\"PropertyValueSpecification\",\"valueRequired\":true,\"valueName\":\"search_term_string\"}}],\"inLanguage\":\"fr-FR\"},{\"@type\":\"Organization\",\"@id\":\"https:\\\/\\\/samarali.com\\\/fr\\\/#organization\",\"name\":\"Samarali\",\"url\":\"https:\\\/\\\/samarali.com\\\/fr\\\/\",\"logo\":{\"@type\":\"ImageObject\",\"inLanguage\":\"fr-FR\",\"@id\":\"https:\\\/\\\/samarali.com\\\/fr\\\/#\\\/schema\\\/logo\\\/image\\\/\",\"url\":\"https:\\\/\\\/samarali.com\\\/wp-content\\\/uploads\\\/2024\\\/05\\\/cropped-samarali-icon.png\",\"contentUrl\":\"https:\\\/\\\/samarali.com\\\/wp-content\\\/uploads\\\/2024\\\/05\\\/cropped-samarali-icon.png\",\"width\":512,\"height\":512,\"caption\":\"Samarali\"},\"image\":{\"@id\":\"https:\\\/\\\/samarali.com\\\/fr\\\/#\\\/schema\\\/logo\\\/image\\\/\"},\"sameAs\":[\"https:\\\/\\\/www.facebook.com\\\/samaraliyoga\",\"https:\\\/\\\/www.linkedin.com\\\/company\\\/69563155\\\/\",\"https:\\\/\\\/www.instagram.com\\\/samaraliyoga\\\/\",\"https:\\\/\\\/nl.pinterest.com\\\/Samaraliyoga\\\/\"],\"description\":\"Samarali is a sustainable yoga and lifestyle brand based in the Netherlands\",\"email\":\"info@samarali.com\",\"legalName\":\"Samarali B.V.\",\"vatID\":\"NL859820324B01\",\"numberOfEmployees\":{\"@type\":\"QuantitativeValue\",\"minValue\":\"1\",\"maxValue\":\"10\"}}]}<\/script>\n<meta property=\"og:availability\" content=\"instock\" \/>\n<meta property=\"product:availability\" content=\"instock\" \/>\n<meta property=\"product:condition\" content=\"new\" \/>\n<!-- \/ Yoast SEO Premium plugin. -->","yoast_head_json":{"title":"Tapis de m\u00e9ditation zabuton - Samarali","description":"Tapis de zabuton confortable et souple. Cr\u00e9ez un environnement de m\u00e9ditation serein gr\u00e2ce \u00e0 cet ajout esth\u00e9tique \u00e0 votre espace.","robots":{"index":"index","follow":"follow","max-snippet":"max-snippet:-1","max-image-preview":"max-image-preview:large","max-video-preview":"max-video-preview:-1"},"canonical":"https:\/\/samarali.com\/fr\/produit\/tapis-de-meditation-zabuton\/","og_locale":"fr_FR","og_type":"article","og_title":"Tapis de m\u00e9ditation zabuton - Samarali","og_description":"Tapis de zabuton confortable et souple. Cr\u00e9ez un environnement de m\u00e9ditation serein gr\u00e2ce \u00e0 cet ajout esth\u00e9tique \u00e0 votre espace.","og_url":"https:\/\/samarali.com\/fr\/produit\/tapis-de-meditation-zabuton\/","og_site_name":"Samarali","article_publisher":"https:\/\/www.facebook.com\/samaraliyoga","article_modified_time":"2026-02-04T19:38:01+00:00","og_image":[{"width":1000,"height":1000,"url":"https:\/\/samarali.com\/wp-content\/uploads\/2024\/08\/meditation-mat_purple4.jpg","type":"image\/jpeg"}],"twitter_card":"summary_large_image","twitter_misc":{"Disponibilit\u00e9":"En stock"},"schema":{"@context":"https:\/\/schema.org","@graph":[{"@type":"WebPage","@id":"https:\/\/samarali.com\/fr\/produit\/tapis-de-meditation-zabuton\/","url":"https:\/\/samarali.com\/fr\/produit\/tapis-de-meditation-zabuton\/","name":"Tapis de m\u00e9ditation zabuton - Samarali","isPartOf":{"@id":"https:\/\/samarali.com\/fr\/#website"},"primaryImageOfPage":{"@id":"https:\/\/samarali.com\/fr\/produit\/tapis-de-meditation-zabuton\/#primaryimage"},"image":{"@id":"https:\/\/samarali.com\/fr\/produit\/tapis-de-meditation-zabuton\/#primaryimage"},"thumbnailUrl":"https:\/\/samarali.com\/wp-content\/uploads\/2024\/08\/meditation-mat_purple4.jpg","datePublished":"2024-08-07T06:29:26+00:00","dateModified":"2026-02-04T19:38:01+00:00","description":"Tapis de zabuton confortable et souple. Cr\u00e9ez un environnement de m\u00e9ditation serein gr\u00e2ce \u00e0 cet ajout esth\u00e9tique \u00e0 votre espace.","breadcrumb":{"@id":"https:\/\/samarali.com\/fr\/produit\/tapis-de-meditation-zabuton\/#breadcrumb"},"inLanguage":"fr-FR","potentialAction":[{"@type":"ReadAction","target":["https:\/\/samarali.com\/fr\/produit\/tapis-de-meditation-zabuton\/"]}]},{"@type":"ImageObject","inLanguage":"fr-FR","@id":"https:\/\/samarali.com\/fr\/produit\/tapis-de-meditation-zabuton\/#primaryimage","url":"https:\/\/samarali.com\/wp-content\/uploads\/2024\/08\/meditation-mat_purple4.jpg","contentUrl":"https:\/\/samarali.com\/wp-content\/uploads\/2024\/08\/meditation-mat_purple4.jpg","width":1000,"height":1000,"caption":"tapis de m\u00e9ditation violet4"},{"@type":"BreadcrumbList","@id":"https:\/\/samarali.com\/fr\/produit\/tapis-de-meditation-zabuton\/#breadcrumb","itemListElement":[{"@type":"ListItem","position":1,"name":"Accueil","item":"https:\/\/samarali.com\/fr\/accueil\/"},{"@type":"ListItem","position":2,"name":"Boutique","item":"https:\/\/samarali.com\/fr\/boutique\/"},{"@type":"ListItem","position":3,"name":"Tapis de m\u00e9ditation zabuton"}]},{"@type":"WebSite","@id":"https:\/\/samarali.com\/fr\/#website","url":"https:\/\/samarali.com\/fr\/","name":"Samarali","description":"Samarali est une marque de yoga et de style de vie durable bas\u00e9e aux Pays-Bas.","publisher":{"@id":"https:\/\/samarali.com\/fr\/#organization"},"potentialAction":[{"@type":"SearchAction","target":{"@type":"EntryPoint","urlTemplate":"https:\/\/samarali.com\/fr\/?s={search_term_string}"},"query-input":{"@type":"PropertyValueSpecification","valueRequired":true,"valueName":"search_term_string"}}],"inLanguage":"fr-FR"},{"@type":"Organization","@id":"https:\/\/samarali.com\/fr\/#organization","name":"Samarali","url":"https:\/\/samarali.com\/fr\/","logo":{"@type":"ImageObject","inLanguage":"fr-FR","@id":"https:\/\/samarali.com\/fr\/#\/schema\/logo\/image\/","url":"https:\/\/samarali.com\/wp-content\/uploads\/2024\/05\/cropped-samarali-icon.png","contentUrl":"https:\/\/samarali.com\/wp-content\/uploads\/2024\/05\/cropped-samarali-icon.png","width":512,"height":512,"caption":"Samarali"},"image":{"@id":"https:\/\/samarali.com\/fr\/#\/schema\/logo\/image\/"},"sameAs":["https:\/\/www.facebook.com\/samaraliyoga","https:\/\/www.linkedin.com\/company\/69563155\/","https:\/\/www.instagram.com\/samaraliyoga\/","https:\/\/nl.pinterest.com\/Samaraliyoga\/"],"description":"Samarali is a sustainable yoga and lifestyle brand based in the Netherlands","email":"info@samarali.com","legalName":"Samarali B.V.","vatID":"NL859820324B01","numberOfEmployees":{"@type":"QuantitativeValue","minValue":"1","maxValue":"10"}}]},"og_availability":"instock","product_availability":"instock","product_condition":"new"},"jetpack_sharing_enabled":true,"_links":{"self":[{"href":"https:\/\/samarali.com\/fr\/wp-json\/wp\/v2\/product\/28412","targetHints":{"allow":["GET"]}}],"collection":[{"href":"https:\/\/samarali.com\/fr\/wp-json\/wp\/v2\/product"}],"about":[{"href":"https:\/\/samarali.com\/fr\/wp-json\/wp\/v2\/types\/product"}],"replies":[{"embeddable":true,"href":"https:\/\/samarali.com\/fr\/wp-json\/wp\/v2\/comments?post=28412"}],"version-history":[{"count":1,"href":"https:\/\/samarali.com\/fr\/wp-json\/wp\/v2\/product\/28412\/revisions"}],"predecessor-version":[{"id":32858,"href":"https:\/\/samarali.com\/fr\/wp-json\/wp\/v2\/product\/28412\/revisions\/32858"}],"wp:featuredmedia":[{"embeddable":true,"href":"https:\/\/samarali.com\/fr\/wp-json\/wp\/v2\/media\/21175"}],"wp:attachment":[{"href":"https:\/\/samarali.com\/fr\/wp-json\/wp\/v2\/media?parent=28412"}],"wp:term":[{"taxonomy":"product_cat","embeddable":true,"href":"https:\/\/samarali.com\/fr\/wp-json\/wp\/v2\/product_cat?post=28412"},{"taxonomy":"product_tag","embeddable":true,"href":"https:\/\/samarali.com\/fr\/wp-json\/wp\/v2\/product_tag?post=28412"}],"curies":[{"name":"wp","href":"https:\/\/api.w.org\/{rel}","templated":true}]}}