{"id":28382,"date":"2024-08-02T11:51:59","date_gmt":"2024-08-02T11:51:59","guid":{"rendered":"https:\/\/samarali.com\/product\/set-de-meditation-avec-coussin-zafu\/"},"modified":"2026-03-20T17:33:05","modified_gmt":"2026-03-20T16:33:05","slug":"set-de-meditation-avec-coussin-zafu","status":"publish","type":"product","link":"https:\/\/samarali.com\/fr\/produit\/set-de-meditation-avec-coussin-zafu\/","title":{"rendered":"Set de m\u00e9ditation avec coussin zafu"},"content":{"rendered":"<p>Cet ensemble tapis de m\u00e9ditation et coussin en deux parties est m\u00e9ticuleusement con\u00e7u pour am\u00e9liorer l&rsquo;ensemble de votre pratique, offrant un confort et un soutien in\u00e9gal\u00e9s. Chaque ensemble comprend un coussin Zafu rond et un tapis Zabuton rectangulaire, tous deux soigneusement con\u00e7us pour rendre vos s\u00e9ances de m\u00e9ditation plus agr\u00e9ables et plus efficaces.<\/p>\n<p>Le tapis Zabuton est rempli de feuilles de feutre fabriqu\u00e9es \u00e0 partir de fibres mixtes recycl\u00e9es, notamment de la laine, du coton et d&rsquo;autres mat\u00e9riaux. Ces fibres sont r\u00e9utilis\u00e9es \u00e0 partir de restes de tissus, de bouts de tissus ou de d\u00e9chets de coupe collect\u00e9s dans diverses usines en Inde, ce qui leur \u00e9vite de contribuer \u00e0 la pollution de l&rsquo;environnement. La laine, mat\u00e9riau traditionnel recommand\u00e9 par les yogis, est particuli\u00e8rement int\u00e9ressante pour les tapis de m\u00e9ditation en raison de ses excellentes propri\u00e9t\u00e9s isolantes. Il favorise une meilleure circulation et \u00e9vite que vos jambes et vos pieds ne s&rsquo;engourdissent lors de s\u00e9ances de m\u00e9ditation prolong\u00e9es. En outre, le tapis Zabuton offre une surface douce et rembourr\u00e9e pour vos genoux et le bas de vos jambes, soulageant la pression et am\u00e9liorant le confort pendant une m\u00e9ditation prolong\u00e9e. Au-del\u00e0 de ses avantages fonctionnels, le tapis Zabuton am\u00e9liore \u00e9galement l&rsquo;atmosph\u00e8re de votre espace de m\u00e9ditation, cr\u00e9ant un environnement serein et accueillant qui favorise une concentration et un calme plus profonds.<\/p>\n<p>Le coussin Zafu est rempli d&rsquo;\u00e9cales de sarrasin, qui offrent un soutien exceptionnel \u00e0 vos hanches, ce qui vous permet de maintenir une posture correcte tout au long de votre pratique de la m\u00e9ditation. En sur\u00e9levant vos hanches, le coussin Zafu vous aide \u00e0 aligner correctement votre colonne vert\u00e9brale. Cette combinaison de coussins Zabuton et Zafu garantit que votre exp\u00e9rience de m\u00e9ditation est \u00e0 la fois confortable et agr\u00e9able.<\/p>\n<p>Tous les tissus utilis\u00e9s dans ce set sont fabriqu\u00e9s \u00e0 partir de coton 100 % biologique, certifi\u00e9 par le Global Organic Textile Standard (GOTS). Cette certification garantit que les mat\u00e9riaux sont produits dans le respect de l&rsquo;environnement et de mani\u00e8re socialement responsable, en accord avec les valeurs de la vie consciente. Gr\u00e2ce aux diff\u00e9rentes options de couleurs disponibles, vous pouvez choisir un ensemble qui compl\u00e8te l&rsquo;ambiance paisible et harmonieuse de votre espace de m\u00e9ditation, le rendant \u00e0 la fois beau et fonctionnel.<\/p>\n","protected":false},"excerpt":{"rendered":"<p>Faites l&rsquo;exp\u00e9rience du confort ultime avec notre ensemble de m\u00e9ditation Zafu et Zabuton, compos\u00e9 de deux pi\u00e8ces et fabriqu\u00e9 \u00e0 partir de coton 100 % biologique. Rempli de mat\u00e9riaux \u00e9cologiques tels que la laine recycl\u00e9e et les \u00e9cales de sarrasin, il est parfait pour la posture et le soutien.<\/p>\n","protected":false},"featured_media":20543,"comment_status":"open","ping_status":"closed","template":"","meta":{"_acf_changed":false,"_improvement_type_select":"improve_an_existing","_thumb_yes_seoaic":false,"_frame_yes_seoaic":false,"seoaic_generate_description":"","seoaic_improve_instructions_prompt":"","seoaic_rollback_content_improvement":"","seoaic_idea_thumbnail_generator":"","thumbnail_generated":false,"thumbnail_generate_prompt":"","seoaic_article_description":"","inline_featured_image":false},"product_cat":[308,271],"product_tag":[],"class_list":{"0":"post-28382","1":"product","2":"type-product","3":"status-publish","4":"has-post-thumbnail","6":"product_cat-coffrets-de-meditation","7":"product_cat-meditation-fr","9":"first","10":"instock","11":"shipping-taxable","12":"purchasable","13":"product-type-variable"},"acf":[],"yoast_head":"<!-- This site is optimized with the Yoast SEO Premium plugin v27.3 (Yoast SEO v27.3) - https:\/\/yoast.com\/product\/yoast-seo-premium-wordpress\/ -->\n<title>Set de m\u00e9ditation avec coussin zafu - Samarali<\/title>\n<meta name=\"description\" content=\"Set de m\u00e9ditation Zafu et Zabuton, en coton 100% biologique. Rempli de mat\u00e9riaux \u00e9cologiques tels que la laine recycl\u00e9e et les \u00e9cales de sarrasin.\" \/>\n<meta name=\"robots\" content=\"index, follow, max-snippet:-1, max-image-preview:large, max-video-preview:-1\" \/>\n<link rel=\"canonical\" href=\"https:\/\/samarali.com\/fr\/produit\/set-de-meditation-avec-coussin-zafu\/\" \/>\n<meta property=\"og:locale\" content=\"fr_FR\" \/>\n<meta property=\"og:type\" content=\"article\" \/>\n<meta property=\"og:title\" content=\"Set de m\u00e9ditation avec coussin zafu - Samarali\" \/>\n<meta property=\"og:description\" content=\"Set de m\u00e9ditation Zafu et Zabuton, en coton 100% biologique. Rempli de mat\u00e9riaux \u00e9cologiques tels que la laine recycl\u00e9e et les \u00e9cales de sarrasin.\" \/>\n<meta property=\"og:url\" content=\"https:\/\/samarali.com\/fr\/produit\/set-de-meditation-avec-coussin-zafu\/\" \/>\n<meta property=\"og:site_name\" content=\"Samarali\" \/>\n<meta property=\"article:publisher\" content=\"https:\/\/www.facebook.com\/samaraliyoga\" \/>\n<meta property=\"article:modified_time\" content=\"2026-03-20T16:33:05+00:00\" \/>\n<meta property=\"og:image\" content=\"https:\/\/samarali.com\/wp-content\/uploads\/2024\/08\/Red_meditation-set_pilled_1.jpg\" \/>\n\t<meta property=\"og:image:width\" content=\"1080\" \/>\n\t<meta property=\"og:image:height\" content=\"1080\" \/>\n\t<meta property=\"og:image:type\" content=\"image\/jpeg\" \/>\n<meta name=\"twitter:card\" content=\"summary_large_image\" \/>\n<meta name=\"twitter:label1\" content=\"Disponibilit\u00e9\" \/>\n\t<meta name=\"twitter:data1\" content=\"En stock\" \/>\n<script type=\"application\/ld+json\" class=\"yoast-schema-graph\">{\"@context\":\"https:\\\/\\\/schema.org\",\"@graph\":[{\"@type\":\"WebPage\",\"@id\":\"https:\\\/\\\/samarali.com\\\/fr\\\/produit\\\/set-de-meditation-avec-coussin-zafu\\\/\",\"url\":\"https:\\\/\\\/samarali.com\\\/fr\\\/produit\\\/set-de-meditation-avec-coussin-zafu\\\/\",\"name\":\"Set de m\u00e9ditation avec coussin zafu - Samarali\",\"isPartOf\":{\"@id\":\"https:\\\/\\\/samarali.com\\\/fr\\\/#website\"},\"primaryImageOfPage\":{\"@id\":\"https:\\\/\\\/samarali.com\\\/fr\\\/produit\\\/set-de-meditation-avec-coussin-zafu\\\/#primaryimage\"},\"image\":{\"@id\":\"https:\\\/\\\/samarali.com\\\/fr\\\/produit\\\/set-de-meditation-avec-coussin-zafu\\\/#primaryimage\"},\"thumbnailUrl\":\"https:\\\/\\\/samarali.com\\\/wp-content\\\/uploads\\\/2024\\\/08\\\/Red_meditation-set_pilled_1.jpg\",\"datePublished\":\"2024-08-02T11:51:59+00:00\",\"dateModified\":\"2026-03-20T16:33:05+00:00\",\"description\":\"Set de m\u00e9ditation Zafu et Zabuton, en coton 100% biologique. Rempli de mat\u00e9riaux \u00e9cologiques tels que la laine recycl\u00e9e et les \u00e9cales de sarrasin.\",\"breadcrumb\":{\"@id\":\"https:\\\/\\\/samarali.com\\\/fr\\\/produit\\\/set-de-meditation-avec-coussin-zafu\\\/#breadcrumb\"},\"inLanguage\":\"fr-FR\",\"potentialAction\":[{\"@type\":\"ReadAction\",\"target\":[\"https:\\\/\\\/samarali.com\\\/fr\\\/produit\\\/set-de-meditation-avec-coussin-zafu\\\/\"]}]},{\"@type\":\"ImageObject\",\"inLanguage\":\"fr-FR\",\"@id\":\"https:\\\/\\\/samarali.com\\\/fr\\\/produit\\\/set-de-meditation-avec-coussin-zafu\\\/#primaryimage\",\"url\":\"https:\\\/\\\/samarali.com\\\/wp-content\\\/uploads\\\/2024\\\/08\\\/Red_meditation-set_pilled_1.jpg\",\"contentUrl\":\"https:\\\/\\\/samarali.com\\\/wp-content\\\/uploads\\\/2024\\\/08\\\/Red_meditation-set_pilled_1.jpg\",\"width\":1080,\"height\":1080,\"caption\":\"Ensemble de m\u00e9ditation rouge perl\u00e9 1\"},{\"@type\":\"BreadcrumbList\",\"@id\":\"https:\\\/\\\/samarali.com\\\/fr\\\/produit\\\/set-de-meditation-avec-coussin-zafu\\\/#breadcrumb\",\"itemListElement\":[{\"@type\":\"ListItem\",\"position\":1,\"name\":\"Accueil\",\"item\":\"https:\\\/\\\/samarali.com\\\/fr\\\/accueil\\\/\"},{\"@type\":\"ListItem\",\"position\":2,\"name\":\"Boutique\",\"item\":\"https:\\\/\\\/samarali.com\\\/fr\\\/boutique\\\/\"},{\"@type\":\"ListItem\",\"position\":3,\"name\":\"Set de m\u00e9ditation avec coussin zafu\"}]},{\"@type\":\"WebSite\",\"@id\":\"https:\\\/\\\/samarali.com\\\/fr\\\/#website\",\"url\":\"https:\\\/\\\/samarali.com\\\/fr\\\/\",\"name\":\"Samarali\",\"description\":\"Samarali est une marque de yoga et de style de vie durable bas\u00e9e aux Pays-Bas.\",\"publisher\":{\"@id\":\"https:\\\/\\\/samarali.com\\\/fr\\\/#organization\"},\"potentialAction\":[{\"@type\":\"SearchAction\",\"target\":{\"@type\":\"EntryPoint\",\"urlTemplate\":\"https:\\\/\\\/samarali.com\\\/fr\\\/?s={search_term_string}\"},\"query-input\":{\"@type\":\"PropertyValueSpecification\",\"valueRequired\":true,\"valueName\":\"search_term_string\"}}],\"inLanguage\":\"fr-FR\"},{\"@type\":\"Organization\",\"@id\":\"https:\\\/\\\/samarali.com\\\/fr\\\/#organization\",\"name\":\"Samarali\",\"url\":\"https:\\\/\\\/samarali.com\\\/fr\\\/\",\"logo\":{\"@type\":\"ImageObject\",\"inLanguage\":\"fr-FR\",\"@id\":\"https:\\\/\\\/samarali.com\\\/fr\\\/#\\\/schema\\\/logo\\\/image\\\/\",\"url\":\"https:\\\/\\\/samarali.com\\\/wp-content\\\/uploads\\\/2024\\\/05\\\/cropped-samarali-icon.png\",\"contentUrl\":\"https:\\\/\\\/samarali.com\\\/wp-content\\\/uploads\\\/2024\\\/05\\\/cropped-samarali-icon.png\",\"width\":512,\"height\":512,\"caption\":\"Samarali\"},\"image\":{\"@id\":\"https:\\\/\\\/samarali.com\\\/fr\\\/#\\\/schema\\\/logo\\\/image\\\/\"},\"sameAs\":[\"https:\\\/\\\/www.facebook.com\\\/samaraliyoga\",\"https:\\\/\\\/www.linkedin.com\\\/company\\\/69563155\\\/\",\"https:\\\/\\\/www.instagram.com\\\/samaraliyoga\\\/\",\"https:\\\/\\\/nl.pinterest.com\\\/Samaraliyoga\\\/\"],\"description\":\"Samarali is a sustainable yoga and lifestyle brand based in the Netherlands\",\"email\":\"info@samarali.com\",\"legalName\":\"Samarali B.V.\",\"vatID\":\"NL859820324B01\",\"numberOfEmployees\":{\"@type\":\"QuantitativeValue\",\"minValue\":\"1\",\"maxValue\":\"10\"}}]}<\/script>\n<meta property=\"og:availability\" content=\"instock\" \/>\n<meta property=\"product:availability\" content=\"instock\" \/>\n<meta property=\"product:condition\" content=\"new\" \/>\n<!-- \/ Yoast SEO Premium plugin. -->","yoast_head_json":{"title":"Set de m\u00e9ditation avec coussin zafu - Samarali","description":"Set de m\u00e9ditation Zafu et Zabuton, en coton 100% biologique. Rempli de mat\u00e9riaux \u00e9cologiques tels que la laine recycl\u00e9e et les \u00e9cales de sarrasin.","robots":{"index":"index","follow":"follow","max-snippet":"max-snippet:-1","max-image-preview":"max-image-preview:large","max-video-preview":"max-video-preview:-1"},"canonical":"https:\/\/samarali.com\/fr\/produit\/set-de-meditation-avec-coussin-zafu\/","og_locale":"fr_FR","og_type":"article","og_title":"Set de m\u00e9ditation avec coussin zafu - Samarali","og_description":"Set de m\u00e9ditation Zafu et Zabuton, en coton 100% biologique. Rempli de mat\u00e9riaux \u00e9cologiques tels que la laine recycl\u00e9e et les \u00e9cales de sarrasin.","og_url":"https:\/\/samarali.com\/fr\/produit\/set-de-meditation-avec-coussin-zafu\/","og_site_name":"Samarali","article_publisher":"https:\/\/www.facebook.com\/samaraliyoga","article_modified_time":"2026-03-20T16:33:05+00:00","og_image":[{"width":1080,"height":1080,"url":"https:\/\/samarali.com\/wp-content\/uploads\/2024\/08\/Red_meditation-set_pilled_1.jpg","type":"image\/jpeg"}],"twitter_card":"summary_large_image","twitter_misc":{"Disponibilit\u00e9":"En stock"},"schema":{"@context":"https:\/\/schema.org","@graph":[{"@type":"WebPage","@id":"https:\/\/samarali.com\/fr\/produit\/set-de-meditation-avec-coussin-zafu\/","url":"https:\/\/samarali.com\/fr\/produit\/set-de-meditation-avec-coussin-zafu\/","name":"Set de m\u00e9ditation avec coussin zafu - Samarali","isPartOf":{"@id":"https:\/\/samarali.com\/fr\/#website"},"primaryImageOfPage":{"@id":"https:\/\/samarali.com\/fr\/produit\/set-de-meditation-avec-coussin-zafu\/#primaryimage"},"image":{"@id":"https:\/\/samarali.com\/fr\/produit\/set-de-meditation-avec-coussin-zafu\/#primaryimage"},"thumbnailUrl":"https:\/\/samarali.com\/wp-content\/uploads\/2024\/08\/Red_meditation-set_pilled_1.jpg","datePublished":"2024-08-02T11:51:59+00:00","dateModified":"2026-03-20T16:33:05+00:00","description":"Set de m\u00e9ditation Zafu et Zabuton, en coton 100% biologique. Rempli de mat\u00e9riaux \u00e9cologiques tels que la laine recycl\u00e9e et les \u00e9cales de sarrasin.","breadcrumb":{"@id":"https:\/\/samarali.com\/fr\/produit\/set-de-meditation-avec-coussin-zafu\/#breadcrumb"},"inLanguage":"fr-FR","potentialAction":[{"@type":"ReadAction","target":["https:\/\/samarali.com\/fr\/produit\/set-de-meditation-avec-coussin-zafu\/"]}]},{"@type":"ImageObject","inLanguage":"fr-FR","@id":"https:\/\/samarali.com\/fr\/produit\/set-de-meditation-avec-coussin-zafu\/#primaryimage","url":"https:\/\/samarali.com\/wp-content\/uploads\/2024\/08\/Red_meditation-set_pilled_1.jpg","contentUrl":"https:\/\/samarali.com\/wp-content\/uploads\/2024\/08\/Red_meditation-set_pilled_1.jpg","width":1080,"height":1080,"caption":"Ensemble de m\u00e9ditation rouge perl\u00e9 1"},{"@type":"BreadcrumbList","@id":"https:\/\/samarali.com\/fr\/produit\/set-de-meditation-avec-coussin-zafu\/#breadcrumb","itemListElement":[{"@type":"ListItem","position":1,"name":"Accueil","item":"https:\/\/samarali.com\/fr\/accueil\/"},{"@type":"ListItem","position":2,"name":"Boutique","item":"https:\/\/samarali.com\/fr\/boutique\/"},{"@type":"ListItem","position":3,"name":"Set de m\u00e9ditation avec coussin zafu"}]},{"@type":"WebSite","@id":"https:\/\/samarali.com\/fr\/#website","url":"https:\/\/samarali.com\/fr\/","name":"Samarali","description":"Samarali est une marque de yoga et de style de vie durable bas\u00e9e aux Pays-Bas.","publisher":{"@id":"https:\/\/samarali.com\/fr\/#organization"},"potentialAction":[{"@type":"SearchAction","target":{"@type":"EntryPoint","urlTemplate":"https:\/\/samarali.com\/fr\/?s={search_term_string}"},"query-input":{"@type":"PropertyValueSpecification","valueRequired":true,"valueName":"search_term_string"}}],"inLanguage":"fr-FR"},{"@type":"Organization","@id":"https:\/\/samarali.com\/fr\/#organization","name":"Samarali","url":"https:\/\/samarali.com\/fr\/","logo":{"@type":"ImageObject","inLanguage":"fr-FR","@id":"https:\/\/samarali.com\/fr\/#\/schema\/logo\/image\/","url":"https:\/\/samarali.com\/wp-content\/uploads\/2024\/05\/cropped-samarali-icon.png","contentUrl":"https:\/\/samarali.com\/wp-content\/uploads\/2024\/05\/cropped-samarali-icon.png","width":512,"height":512,"caption":"Samarali"},"image":{"@id":"https:\/\/samarali.com\/fr\/#\/schema\/logo\/image\/"},"sameAs":["https:\/\/www.facebook.com\/samaraliyoga","https:\/\/www.linkedin.com\/company\/69563155\/","https:\/\/www.instagram.com\/samaraliyoga\/","https:\/\/nl.pinterest.com\/Samaraliyoga\/"],"description":"Samarali is a sustainable yoga and lifestyle brand based in the Netherlands","email":"info@samarali.com","legalName":"Samarali B.V.","vatID":"NL859820324B01","numberOfEmployees":{"@type":"QuantitativeValue","minValue":"1","maxValue":"10"}}]},"og_availability":"instock","product_availability":"instock","product_condition":"new"},"jetpack_sharing_enabled":true,"_links":{"self":[{"href":"https:\/\/samarali.com\/fr\/wp-json\/wp\/v2\/product\/28382","targetHints":{"allow":["GET"]}}],"collection":[{"href":"https:\/\/samarali.com\/fr\/wp-json\/wp\/v2\/product"}],"about":[{"href":"https:\/\/samarali.com\/fr\/wp-json\/wp\/v2\/types\/product"}],"replies":[{"embeddable":true,"href":"https:\/\/samarali.com\/fr\/wp-json\/wp\/v2\/comments?post=28382"}],"version-history":[{"count":2,"href":"https:\/\/samarali.com\/fr\/wp-json\/wp\/v2\/product\/28382\/revisions"}],"predecessor-version":[{"id":35243,"href":"https:\/\/samarali.com\/fr\/wp-json\/wp\/v2\/product\/28382\/revisions\/35243"}],"wp:featuredmedia":[{"embeddable":true,"href":"https:\/\/samarali.com\/fr\/wp-json\/wp\/v2\/media\/20543"}],"wp:attachment":[{"href":"https:\/\/samarali.com\/fr\/wp-json\/wp\/v2\/media?parent=28382"}],"wp:term":[{"taxonomy":"product_cat","embeddable":true,"href":"https:\/\/samarali.com\/fr\/wp-json\/wp\/v2\/product_cat?post=28382"},{"taxonomy":"product_tag","embeddable":true,"href":"https:\/\/samarali.com\/fr\/wp-json\/wp\/v2\/product_tag?post=28382"}],"curies":[{"name":"wp","href":"https:\/\/api.w.org\/{rel}","templated":true}]}}