{"id":28354,"date":"2024-08-07T07:50:35","date_gmt":"2024-08-07T07:50:35","guid":{"rendered":"https:\/\/samarali.com\/product\/ensemble-zafu-et-zabuton-avec-oreiller-rond-lotus\/"},"modified":"2025-12-06T12:22:43","modified_gmt":"2025-12-06T11:22:43","slug":"ensemble-zafu-et-zabuton-avec-oreiller-rond-lotus","status":"publish","type":"product","link":"https:\/\/samarali.com\/fr\/produit\/ensemble-zafu-et-zabuton-avec-oreiller-rond-lotus\/","title":{"rendered":"Ensemble Zafu et Zabuton avec oreiller rond Lotus"},"content":{"rendered":"<p>L&rsquo;ensemble Zafu et Zabuton est fabriqu\u00e9 de mani\u00e8re experte pour offrir un maximum de confort et de soutien pendant votre pratique de la m\u00e9ditation.<\/p>\n<p>Le tapis Zabuton offre un excellent soutien et un grand confort pour vos jambes, en particulier pour vos chevilles et vos genoux, qui peuvent devenir raides pendant des p\u00e9riodes prolong\u00e9es en position assise jambes crois\u00e9es. Si les avantages du tapis Zabuton sont perceptibles d\u00e8s la premi\u00e8re utilisation, le confort ultime est atteint lorsqu&rsquo;il est associ\u00e9 \u00e0 notre oreiller rond Zafu de premi\u00e8re qualit\u00e9. Le Zafu sur\u00e9l\u00e8ve vos hanches, favorisant une posture droite sans tension. Cet oreiller est r\u00e9glable en fonction de votre taille et de vos pr\u00e9f\u00e9rences, ce qui vous permet de m\u00e9diter confortablement. Gr\u00e2ce \u00e0 sa taille compacte, l&rsquo;ensemble est facile \u00e0 d\u00e9placer et \u00e0 ranger, ce qui le rend encore plus pratique.<\/p>\n<p>Les housses du tapis de m\u00e9ditation et du coussin sont fabriqu\u00e9es en coton 100 % biologique et sont certifi\u00e9es GOTS. Le coussin Zafu est rempli d&rsquo;\u00e9cales de sarrasin, tandis que le tapis Zabuton est rempli de laine recycl\u00e9e et d&rsquo;autres restes de tissus provenant de diverses usines. Ces mat\u00e9riaux, qui auraient pu contribuer \u00e0 la pollution de l&rsquo;environnement, sont r\u00e9utilis\u00e9s pour donner une nouvelle vie au produit.<\/p>\n<p>\u00c0 Samarali, notre mission est d&rsquo;offrir un confort et des soins exceptionnels \u00e0 ceux qui s&rsquo;engagent dans des pratiques r\u00e9paratrices, en les guidant dans leur voyage vers la paix et la conscience de soi. L&rsquo;ensemble Zafu et Zabuton change v\u00e9ritablement la donne. Il est con\u00e7u pour que votre pratique de la m\u00e9ditation se fasse sans effort et soit profond\u00e9ment gratifiante, m\u00eame lorsque votre esprit est en pleine effervescence.<\/p>\n","protected":false},"excerpt":{"rendered":"<p>Am\u00e9liorez votre exp\u00e9rience de la m\u00e9ditation avec notre ensemble Zafu et Zabuton, con\u00e7u pour le confort, l&rsquo;alignement de la posture et l&rsquo;int\u00e9gration harmonieuse dans tout espace.<\/p>\n","protected":false},"featured_media":20928,"comment_status":"open","ping_status":"closed","template":"","meta":{"_acf_changed":false,"_improvement_type_select":"improve_an_existing","_thumb_yes_seoaic":false,"_frame_yes_seoaic":false,"seoaic_generate_description":"","seoaic_improve_instructions_prompt":"","seoaic_rollback_content_improvement":"","seoaic_idea_thumbnail_generator":"","thumbnail_generated":false,"thumbnail_generate_prompt":"","seoaic_article_description":"","inline_featured_image":false},"product_cat":[308,271],"product_tag":[],"class_list":{"0":"post-28354","1":"product","2":"type-product","3":"status-publish","4":"has-post-thumbnail","6":"product_cat-coffrets-de-meditation","7":"product_cat-meditation-fr","9":"first","10":"instock","11":"shipping-taxable","12":"purchasable","13":"product-type-variable"},"acf":[],"yoast_head":"<!-- This site is optimized with the Yoast SEO Premium plugin v27.3 (Yoast SEO v27.3) - https:\/\/yoast.com\/product\/yoast-seo-premium-wordpress\/ -->\n<title>Ensemble Zafu et Zabuton avec oreiller rond Lotus - Samarali<\/title>\n<meta name=\"description\" content=\"Ensemble Zafu et Zabuton, fabriqu\u00e9 en coton biologique et rempli de mat\u00e9riaux respectueux de l&#039;environnement. Con\u00e7u pour le confort et le soutien de la posture, il est parfait pour tout espace.\" \/>\n<meta name=\"robots\" content=\"index, follow, max-snippet:-1, max-image-preview:large, max-video-preview:-1\" \/>\n<link rel=\"canonical\" href=\"https:\/\/samarali.com\/fr\/produit\/ensemble-zafu-et-zabuton-avec-oreiller-rond-lotus\/\" \/>\n<meta property=\"og:locale\" content=\"fr_FR\" \/>\n<meta property=\"og:type\" content=\"article\" \/>\n<meta property=\"og:title\" content=\"Ensemble Zafu et Zabuton avec oreiller rond Lotus - Samarali\" \/>\n<meta property=\"og:description\" content=\"Ensemble Zafu et Zabuton, fabriqu\u00e9 en coton biologique et rempli de mat\u00e9riaux respectueux de l&#039;environnement. Con\u00e7u pour le confort et le soutien de la posture, il est parfait pour tout espace.\" \/>\n<meta property=\"og:url\" content=\"https:\/\/samarali.com\/fr\/produit\/ensemble-zafu-et-zabuton-avec-oreiller-rond-lotus\/\" \/>\n<meta property=\"og:site_name\" content=\"Samarali\" \/>\n<meta property=\"article:publisher\" content=\"https:\/\/www.facebook.com\/samaraliyoga\" \/>\n<meta property=\"article:modified_time\" content=\"2025-12-06T11:22:43+00:00\" \/>\n<meta property=\"og:image\" content=\"https:\/\/samarali.com\/wp-content\/uploads\/2024\/08\/Med-set-with-cushion-Round_Chateau-grey_04.jpg\" \/>\n\t<meta property=\"og:image:width\" content=\"1000\" \/>\n\t<meta property=\"og:image:height\" content=\"1000\" \/>\n\t<meta property=\"og:image:type\" content=\"image\/jpeg\" \/>\n<meta name=\"twitter:card\" content=\"summary_large_image\" \/>\n<meta name=\"twitter:label1\" content=\"Disponibilit\u00e9\" \/>\n\t<meta name=\"twitter:data1\" content=\"En stock\" \/>\n<script type=\"application\/ld+json\" class=\"yoast-schema-graph\">{\"@context\":\"https:\\\/\\\/schema.org\",\"@graph\":[{\"@type\":\"WebPage\",\"@id\":\"https:\\\/\\\/samarali.com\\\/fr\\\/produit\\\/ensemble-zafu-et-zabuton-avec-oreiller-rond-lotus\\\/\",\"url\":\"https:\\\/\\\/samarali.com\\\/fr\\\/produit\\\/ensemble-zafu-et-zabuton-avec-oreiller-rond-lotus\\\/\",\"name\":\"Ensemble Zafu et Zabuton avec oreiller rond Lotus - Samarali\",\"isPartOf\":{\"@id\":\"https:\\\/\\\/samarali.com\\\/fr\\\/#website\"},\"primaryImageOfPage\":{\"@id\":\"https:\\\/\\\/samarali.com\\\/fr\\\/produit\\\/ensemble-zafu-et-zabuton-avec-oreiller-rond-lotus\\\/#primaryimage\"},\"image\":{\"@id\":\"https:\\\/\\\/samarali.com\\\/fr\\\/produit\\\/ensemble-zafu-et-zabuton-avec-oreiller-rond-lotus\\\/#primaryimage\"},\"thumbnailUrl\":\"https:\\\/\\\/samarali.com\\\/wp-content\\\/uploads\\\/2024\\\/08\\\/Med-set-with-cushion-Round_Chateau-grey_04.jpg\",\"datePublished\":\"2024-08-07T07:50:35+00:00\",\"dateModified\":\"2025-12-06T11:22:43+00:00\",\"description\":\"Ensemble Zafu et Zabuton, fabriqu\u00e9 en coton biologique et rempli de mat\u00e9riaux respectueux de l'environnement. Con\u00e7u pour le confort et le soutien de la posture, il est parfait pour tout espace.\",\"breadcrumb\":{\"@id\":\"https:\\\/\\\/samarali.com\\\/fr\\\/produit\\\/ensemble-zafu-et-zabuton-avec-oreiller-rond-lotus\\\/#breadcrumb\"},\"inLanguage\":\"fr-FR\",\"potentialAction\":[{\"@type\":\"ReadAction\",\"target\":[\"https:\\\/\\\/samarali.com\\\/fr\\\/produit\\\/ensemble-zafu-et-zabuton-avec-oreiller-rond-lotus\\\/\"]}]},{\"@type\":\"ImageObject\",\"inLanguage\":\"fr-FR\",\"@id\":\"https:\\\/\\\/samarali.com\\\/fr\\\/produit\\\/ensemble-zafu-et-zabuton-avec-oreiller-rond-lotus\\\/#primaryimage\",\"url\":\"https:\\\/\\\/samarali.com\\\/wp-content\\\/uploads\\\/2024\\\/08\\\/Med-set-with-cushion-Round_Chateau-grey_04.jpg\",\"contentUrl\":\"https:\\\/\\\/samarali.com\\\/wp-content\\\/uploads\\\/2024\\\/08\\\/Med-set-with-cushion-Round_Chateau-grey_04.jpg\",\"width\":1000,\"height\":1000,\"caption\":\"Ensemble Med avec coussin Rond Chateau gris 04\"},{\"@type\":\"BreadcrumbList\",\"@id\":\"https:\\\/\\\/samarali.com\\\/fr\\\/produit\\\/ensemble-zafu-et-zabuton-avec-oreiller-rond-lotus\\\/#breadcrumb\",\"itemListElement\":[{\"@type\":\"ListItem\",\"position\":1,\"name\":\"Accueil\",\"item\":\"https:\\\/\\\/samarali.com\\\/fr\\\/accueil\\\/\"},{\"@type\":\"ListItem\",\"position\":2,\"name\":\"Boutique\",\"item\":\"https:\\\/\\\/samarali.com\\\/fr\\\/boutique\\\/\"},{\"@type\":\"ListItem\",\"position\":3,\"name\":\"Ensemble Zafu et Zabuton avec oreiller rond Lotus\"}]},{\"@type\":\"WebSite\",\"@id\":\"https:\\\/\\\/samarali.com\\\/fr\\\/#website\",\"url\":\"https:\\\/\\\/samarali.com\\\/fr\\\/\",\"name\":\"Samarali\",\"description\":\"Samarali est une marque de yoga et de style de vie durable bas\u00e9e aux Pays-Bas.\",\"publisher\":{\"@id\":\"https:\\\/\\\/samarali.com\\\/fr\\\/#organization\"},\"potentialAction\":[{\"@type\":\"SearchAction\",\"target\":{\"@type\":\"EntryPoint\",\"urlTemplate\":\"https:\\\/\\\/samarali.com\\\/fr\\\/?s={search_term_string}\"},\"query-input\":{\"@type\":\"PropertyValueSpecification\",\"valueRequired\":true,\"valueName\":\"search_term_string\"}}],\"inLanguage\":\"fr-FR\"},{\"@type\":\"Organization\",\"@id\":\"https:\\\/\\\/samarali.com\\\/fr\\\/#organization\",\"name\":\"Samarali\",\"url\":\"https:\\\/\\\/samarali.com\\\/fr\\\/\",\"logo\":{\"@type\":\"ImageObject\",\"inLanguage\":\"fr-FR\",\"@id\":\"https:\\\/\\\/samarali.com\\\/fr\\\/#\\\/schema\\\/logo\\\/image\\\/\",\"url\":\"https:\\\/\\\/samarali.com\\\/wp-content\\\/uploads\\\/2024\\\/05\\\/cropped-samarali-icon.png\",\"contentUrl\":\"https:\\\/\\\/samarali.com\\\/wp-content\\\/uploads\\\/2024\\\/05\\\/cropped-samarali-icon.png\",\"width\":512,\"height\":512,\"caption\":\"Samarali\"},\"image\":{\"@id\":\"https:\\\/\\\/samarali.com\\\/fr\\\/#\\\/schema\\\/logo\\\/image\\\/\"},\"sameAs\":[\"https:\\\/\\\/www.facebook.com\\\/samaraliyoga\",\"https:\\\/\\\/www.linkedin.com\\\/company\\\/69563155\\\/\",\"https:\\\/\\\/www.instagram.com\\\/samaraliyoga\\\/\",\"https:\\\/\\\/nl.pinterest.com\\\/Samaraliyoga\\\/\"],\"description\":\"Samarali is a sustainable yoga and lifestyle brand based in the Netherlands\",\"email\":\"info@samarali.com\",\"legalName\":\"Samarali B.V.\",\"vatID\":\"NL859820324B01\",\"numberOfEmployees\":{\"@type\":\"QuantitativeValue\",\"minValue\":\"1\",\"maxValue\":\"10\"}}]}<\/script>\n<meta property=\"og:availability\" content=\"instock\" \/>\n<meta property=\"product:availability\" content=\"instock\" \/>\n<meta property=\"product:condition\" content=\"new\" \/>\n<!-- \/ Yoast SEO Premium plugin. -->","yoast_head_json":{"title":"Ensemble Zafu et Zabuton avec oreiller rond Lotus - Samarali","description":"Ensemble Zafu et Zabuton, fabriqu\u00e9 en coton biologique et rempli de mat\u00e9riaux respectueux de l'environnement. Con\u00e7u pour le confort et le soutien de la posture, il est parfait pour tout espace.","robots":{"index":"index","follow":"follow","max-snippet":"max-snippet:-1","max-image-preview":"max-image-preview:large","max-video-preview":"max-video-preview:-1"},"canonical":"https:\/\/samarali.com\/fr\/produit\/ensemble-zafu-et-zabuton-avec-oreiller-rond-lotus\/","og_locale":"fr_FR","og_type":"article","og_title":"Ensemble Zafu et Zabuton avec oreiller rond Lotus - Samarali","og_description":"Ensemble Zafu et Zabuton, fabriqu\u00e9 en coton biologique et rempli de mat\u00e9riaux respectueux de l'environnement. Con\u00e7u pour le confort et le soutien de la posture, il est parfait pour tout espace.","og_url":"https:\/\/samarali.com\/fr\/produit\/ensemble-zafu-et-zabuton-avec-oreiller-rond-lotus\/","og_site_name":"Samarali","article_publisher":"https:\/\/www.facebook.com\/samaraliyoga","article_modified_time":"2025-12-06T11:22:43+00:00","og_image":[{"width":1000,"height":1000,"url":"https:\/\/samarali.com\/wp-content\/uploads\/2024\/08\/Med-set-with-cushion-Round_Chateau-grey_04.jpg","type":"image\/jpeg"}],"twitter_card":"summary_large_image","twitter_misc":{"Disponibilit\u00e9":"En stock"},"schema":{"@context":"https:\/\/schema.org","@graph":[{"@type":"WebPage","@id":"https:\/\/samarali.com\/fr\/produit\/ensemble-zafu-et-zabuton-avec-oreiller-rond-lotus\/","url":"https:\/\/samarali.com\/fr\/produit\/ensemble-zafu-et-zabuton-avec-oreiller-rond-lotus\/","name":"Ensemble Zafu et Zabuton avec oreiller rond Lotus - Samarali","isPartOf":{"@id":"https:\/\/samarali.com\/fr\/#website"},"primaryImageOfPage":{"@id":"https:\/\/samarali.com\/fr\/produit\/ensemble-zafu-et-zabuton-avec-oreiller-rond-lotus\/#primaryimage"},"image":{"@id":"https:\/\/samarali.com\/fr\/produit\/ensemble-zafu-et-zabuton-avec-oreiller-rond-lotus\/#primaryimage"},"thumbnailUrl":"https:\/\/samarali.com\/wp-content\/uploads\/2024\/08\/Med-set-with-cushion-Round_Chateau-grey_04.jpg","datePublished":"2024-08-07T07:50:35+00:00","dateModified":"2025-12-06T11:22:43+00:00","description":"Ensemble Zafu et Zabuton, fabriqu\u00e9 en coton biologique et rempli de mat\u00e9riaux respectueux de l'environnement. Con\u00e7u pour le confort et le soutien de la posture, il est parfait pour tout espace.","breadcrumb":{"@id":"https:\/\/samarali.com\/fr\/produit\/ensemble-zafu-et-zabuton-avec-oreiller-rond-lotus\/#breadcrumb"},"inLanguage":"fr-FR","potentialAction":[{"@type":"ReadAction","target":["https:\/\/samarali.com\/fr\/produit\/ensemble-zafu-et-zabuton-avec-oreiller-rond-lotus\/"]}]},{"@type":"ImageObject","inLanguage":"fr-FR","@id":"https:\/\/samarali.com\/fr\/produit\/ensemble-zafu-et-zabuton-avec-oreiller-rond-lotus\/#primaryimage","url":"https:\/\/samarali.com\/wp-content\/uploads\/2024\/08\/Med-set-with-cushion-Round_Chateau-grey_04.jpg","contentUrl":"https:\/\/samarali.com\/wp-content\/uploads\/2024\/08\/Med-set-with-cushion-Round_Chateau-grey_04.jpg","width":1000,"height":1000,"caption":"Ensemble Med avec coussin Rond Chateau gris 04"},{"@type":"BreadcrumbList","@id":"https:\/\/samarali.com\/fr\/produit\/ensemble-zafu-et-zabuton-avec-oreiller-rond-lotus\/#breadcrumb","itemListElement":[{"@type":"ListItem","position":1,"name":"Accueil","item":"https:\/\/samarali.com\/fr\/accueil\/"},{"@type":"ListItem","position":2,"name":"Boutique","item":"https:\/\/samarali.com\/fr\/boutique\/"},{"@type":"ListItem","position":3,"name":"Ensemble Zafu et Zabuton avec oreiller rond Lotus"}]},{"@type":"WebSite","@id":"https:\/\/samarali.com\/fr\/#website","url":"https:\/\/samarali.com\/fr\/","name":"Samarali","description":"Samarali est une marque de yoga et de style de vie durable bas\u00e9e aux Pays-Bas.","publisher":{"@id":"https:\/\/samarali.com\/fr\/#organization"},"potentialAction":[{"@type":"SearchAction","target":{"@type":"EntryPoint","urlTemplate":"https:\/\/samarali.com\/fr\/?s={search_term_string}"},"query-input":{"@type":"PropertyValueSpecification","valueRequired":true,"valueName":"search_term_string"}}],"inLanguage":"fr-FR"},{"@type":"Organization","@id":"https:\/\/samarali.com\/fr\/#organization","name":"Samarali","url":"https:\/\/samarali.com\/fr\/","logo":{"@type":"ImageObject","inLanguage":"fr-FR","@id":"https:\/\/samarali.com\/fr\/#\/schema\/logo\/image\/","url":"https:\/\/samarali.com\/wp-content\/uploads\/2024\/05\/cropped-samarali-icon.png","contentUrl":"https:\/\/samarali.com\/wp-content\/uploads\/2024\/05\/cropped-samarali-icon.png","width":512,"height":512,"caption":"Samarali"},"image":{"@id":"https:\/\/samarali.com\/fr\/#\/schema\/logo\/image\/"},"sameAs":["https:\/\/www.facebook.com\/samaraliyoga","https:\/\/www.linkedin.com\/company\/69563155\/","https:\/\/www.instagram.com\/samaraliyoga\/","https:\/\/nl.pinterest.com\/Samaraliyoga\/"],"description":"Samarali is a sustainable yoga and lifestyle brand based in the Netherlands","email":"info@samarali.com","legalName":"Samarali B.V.","vatID":"NL859820324B01","numberOfEmployees":{"@type":"QuantitativeValue","minValue":"1","maxValue":"10"}}]},"og_availability":"instock","product_availability":"instock","product_condition":"new"},"jetpack_sharing_enabled":true,"_links":{"self":[{"href":"https:\/\/samarali.com\/fr\/wp-json\/wp\/v2\/product\/28354","targetHints":{"allow":["GET"]}}],"collection":[{"href":"https:\/\/samarali.com\/fr\/wp-json\/wp\/v2\/product"}],"about":[{"href":"https:\/\/samarali.com\/fr\/wp-json\/wp\/v2\/types\/product"}],"replies":[{"embeddable":true,"href":"https:\/\/samarali.com\/fr\/wp-json\/wp\/v2\/comments?post=28354"}],"version-history":[{"count":2,"href":"https:\/\/samarali.com\/fr\/wp-json\/wp\/v2\/product\/28354\/revisions"}],"predecessor-version":[{"id":35249,"href":"https:\/\/samarali.com\/fr\/wp-json\/wp\/v2\/product\/28354\/revisions\/35249"}],"wp:featuredmedia":[{"embeddable":true,"href":"https:\/\/samarali.com\/fr\/wp-json\/wp\/v2\/media\/20928"}],"wp:attachment":[{"href":"https:\/\/samarali.com\/fr\/wp-json\/wp\/v2\/media?parent=28354"}],"wp:term":[{"taxonomy":"product_cat","embeddable":true,"href":"https:\/\/samarali.com\/fr\/wp-json\/wp\/v2\/product_cat?post=28354"},{"taxonomy":"product_tag","embeddable":true,"href":"https:\/\/samarali.com\/fr\/wp-json\/wp\/v2\/product_tag?post=28354"}],"curies":[{"name":"wp","href":"https:\/\/api.w.org\/{rel}","templated":true}]}}