{"id":28316,"date":"2024-08-02T10:24:48","date_gmt":"2024-08-02T10:24:48","guid":{"rendered":"https:\/\/samarali.com\/product\/set-de-meditation-avec-coussin-croissant\/"},"modified":"2026-02-20T17:35:29","modified_gmt":"2026-02-20T16:35:29","slug":"set-de-meditation-avec-coussin-croissant","status":"publish","type":"product","link":"https:\/\/samarali.com\/fr\/produit\/set-de-meditation-avec-coussin-croissant\/","title":{"rendered":"Set de m\u00e9ditation avec coussin croissant"},"content":{"rendered":"<p>Notre set de m\u00e9ditation avec coussin en forme de croissant est con\u00e7u pour am\u00e9liorer votre exp\u00e9rience de la m\u00e9ditation. Cet ensemble bien pens\u00e9 comprend un coussin de m\u00e9ditation en forme de croissant, rempli d&rsquo;\u00e9cales de sarrasin, et un tapis de m\u00e9ditation Zabuton, rempli d&rsquo;un m\u00e9lange de fibres recycl\u00e9es telles que la laine, le coton, le polyester, la soie et le nylon. Ces fibres proviennent de diverses usines en Inde, transformant ainsi des d\u00e9chets potentiels en une ressource pr\u00e9cieuse et durable.<\/p>\n<p>Le coussin en forme de croissant offre un soutien optimal pour maintenir une posture correcte et une colonne vert\u00e9brale droite pendant la m\u00e9ditation, tandis que sa forme unique assure un confort suppl\u00e9mentaire pour vos hanches et vos jambes. Le tapis Zabuton am\u00e9liore votre pratique en offrant un excellent amorti, en r\u00e9partissant votre poids uniform\u00e9ment sans le comprimer et en r\u00e9duisant la pression sur vos genoux et vos chevilles. Ce set est donc particuli\u00e8rement adapt\u00e9 aux longues s\u00e9ances de m\u00e9ditation, o\u00f9 le confort est essentiel pour maintenir la concentration et atteindre la paix int\u00e9rieure.<\/p>\n<p>Les housses du coussin et du tapis sont fabriqu\u00e9es \u00e0 partir de coton 100 % biologique et sont produites de mani\u00e8re \u00e9thique avec un engagement \u00e0 minimiser l&rsquo;impact sur l&rsquo;environnement. Le confort suppl\u00e9mentaire et la durabilit\u00e9 de nos tapis et coussins de m\u00e9ditation font de ce set l&rsquo;outil id\u00e9al pour les pratiquants assidus qui recherchent une pratique plus profonde et plus paisible.<\/p>\n","protected":false},"excerpt":{"rendered":"<p>Am\u00e9liorez votre m\u00e9ditation avec notre ensemble de coussins et de zabutons en forme de croissant, fabriqu\u00e9s en coton 100 % biologique et remplis de mat\u00e9riaux respectueux de l&rsquo;environnement. Con\u00e7u pour le confort et la durabilit\u00e9, il est parfait pour les sessions plus longues.<\/p>\n","protected":false},"featured_media":20202,"comment_status":"open","ping_status":"closed","template":"","meta":{"_acf_changed":false,"_improvement_type_select":"improve_an_existing","_thumb_yes_seoaic":false,"_frame_yes_seoaic":false,"seoaic_generate_description":"","seoaic_improve_instructions_prompt":"","seoaic_rollback_content_improvement":"","seoaic_idea_thumbnail_generator":"","thumbnail_generated":false,"thumbnail_generate_prompt":"","seoaic_article_description":"","inline_featured_image":false},"product_cat":[308,271],"product_tag":[],"class_list":{"0":"post-28316","1":"product","2":"type-product","3":"status-publish","4":"has-post-thumbnail","6":"product_cat-coffrets-de-meditation","7":"product_cat-meditation-fr","9":"first","10":"instock","11":"shipping-taxable","12":"purchasable","13":"product-type-variable"},"acf":[],"yoast_head":"<!-- This site is optimized with the Yoast SEO Premium plugin v27.4 (Yoast SEO v27.4) - https:\/\/yoast.com\/product\/yoast-seo-premium-wordpress\/ -->\n<title>Set de m\u00e9ditation avec coussin croissant - Samarali<\/title>\n<meta name=\"description\" content=\"Ensemble de coussins et de zabutons en forme de croissant, fabriqu\u00e9s en coton 100 % biologique et remplis de mat\u00e9riaux respectueux de l&#039;environnement. Con\u00e7u pour le confort et la durabilit\u00e9.\" \/>\n<meta name=\"robots\" content=\"index, follow, max-snippet:-1, max-image-preview:large, max-video-preview:-1\" \/>\n<link rel=\"canonical\" href=\"https:\/\/samarali.com\/fr\/produit\/set-de-meditation-avec-coussin-croissant\/\" \/>\n<meta property=\"og:locale\" content=\"fr_FR\" \/>\n<meta property=\"og:type\" content=\"article\" \/>\n<meta property=\"og:title\" content=\"Set de m\u00e9ditation avec coussin croissant - Samarali\" \/>\n<meta property=\"og:description\" content=\"Ensemble de coussins et de zabutons en forme de croissant, fabriqu\u00e9s en coton 100 % biologique et remplis de mat\u00e9riaux respectueux de l&#039;environnement. Con\u00e7u pour le confort et la durabilit\u00e9.\" \/>\n<meta property=\"og:url\" content=\"https:\/\/samarali.com\/fr\/produit\/set-de-meditation-avec-coussin-croissant\/\" \/>\n<meta property=\"og:site_name\" content=\"Samarali\" \/>\n<meta property=\"article:publisher\" content=\"https:\/\/www.facebook.com\/samaraliyoga\" \/>\n<meta property=\"article:modified_time\" content=\"2026-02-20T16:35:29+00:00\" \/>\n<meta property=\"og:image\" content=\"https:\/\/samarali.com\/wp-content\/uploads\/2024\/08\/Meditation-set-with-creascent-pillow-green_1.jpg\" \/>\n\t<meta property=\"og:image:width\" content=\"1000\" \/>\n\t<meta property=\"og:image:height\" content=\"1000\" \/>\n\t<meta property=\"og:image:type\" content=\"image\/jpeg\" \/>\n<meta name=\"twitter:card\" content=\"summary_large_image\" \/>\n<meta name=\"twitter:label1\" content=\"Disponibilit\u00e9\" \/>\n\t<meta name=\"twitter:data1\" content=\"En stock\" \/>\n<script type=\"application\/ld+json\" class=\"yoast-schema-graph\">{\"@context\":\"https:\\\/\\\/schema.org\",\"@graph\":[{\"@type\":\"WebPage\",\"@id\":\"https:\\\/\\\/samarali.com\\\/fr\\\/produit\\\/set-de-meditation-avec-coussin-croissant\\\/\",\"url\":\"https:\\\/\\\/samarali.com\\\/fr\\\/produit\\\/set-de-meditation-avec-coussin-croissant\\\/\",\"name\":\"Set de m\u00e9ditation avec coussin croissant - Samarali\",\"isPartOf\":{\"@id\":\"https:\\\/\\\/samarali.com\\\/fr\\\/#website\"},\"primaryImageOfPage\":{\"@id\":\"https:\\\/\\\/samarali.com\\\/fr\\\/produit\\\/set-de-meditation-avec-coussin-croissant\\\/#primaryimage\"},\"image\":{\"@id\":\"https:\\\/\\\/samarali.com\\\/fr\\\/produit\\\/set-de-meditation-avec-coussin-croissant\\\/#primaryimage\"},\"thumbnailUrl\":\"https:\\\/\\\/samarali.com\\\/wp-content\\\/uploads\\\/2024\\\/08\\\/Meditation-set-with-creascent-pillow-green_1.jpg\",\"datePublished\":\"2024-08-02T10:24:48+00:00\",\"dateModified\":\"2026-02-20T16:35:29+00:00\",\"description\":\"Ensemble de coussins et de zabutons en forme de croissant, fabriqu\u00e9s en coton 100 % biologique et remplis de mat\u00e9riaux respectueux de l'environnement. Con\u00e7u pour le confort et la durabilit\u00e9.\",\"breadcrumb\":{\"@id\":\"https:\\\/\\\/samarali.com\\\/fr\\\/produit\\\/set-de-meditation-avec-coussin-croissant\\\/#breadcrumb\"},\"inLanguage\":\"fr-FR\",\"potentialAction\":[{\"@type\":\"ReadAction\",\"target\":[\"https:\\\/\\\/samarali.com\\\/fr\\\/produit\\\/set-de-meditation-avec-coussin-croissant\\\/\"]}]},{\"@type\":\"ImageObject\",\"inLanguage\":\"fr-FR\",\"@id\":\"https:\\\/\\\/samarali.com\\\/fr\\\/produit\\\/set-de-meditation-avec-coussin-croissant\\\/#primaryimage\",\"url\":\"https:\\\/\\\/samarali.com\\\/wp-content\\\/uploads\\\/2024\\\/08\\\/Meditation-set-with-creascent-pillow-green_1.jpg\",\"contentUrl\":\"https:\\\/\\\/samarali.com\\\/wp-content\\\/uploads\\\/2024\\\/08\\\/Meditation-set-with-creascent-pillow-green_1.jpg\",\"width\":1000,\"height\":1000,\"caption\":\"Ensemble de m\u00e9ditation avec oreiller cr\u00e9ascent vert 1\"},{\"@type\":\"BreadcrumbList\",\"@id\":\"https:\\\/\\\/samarali.com\\\/fr\\\/produit\\\/set-de-meditation-avec-coussin-croissant\\\/#breadcrumb\",\"itemListElement\":[{\"@type\":\"ListItem\",\"position\":1,\"name\":\"Accueil\",\"item\":\"https:\\\/\\\/samarali.com\\\/fr\\\/accueil\\\/\"},{\"@type\":\"ListItem\",\"position\":2,\"name\":\"Boutique\",\"item\":\"https:\\\/\\\/samarali.com\\\/fr\\\/boutique\\\/\"},{\"@type\":\"ListItem\",\"position\":3,\"name\":\"Set de m\u00e9ditation avec coussin croissant\"}]},{\"@type\":\"WebSite\",\"@id\":\"https:\\\/\\\/samarali.com\\\/fr\\\/#website\",\"url\":\"https:\\\/\\\/samarali.com\\\/fr\\\/\",\"name\":\"Samarali\",\"description\":\"Samarali est une marque de yoga et de style de vie durable bas\u00e9e aux Pays-Bas.\",\"publisher\":{\"@id\":\"https:\\\/\\\/samarali.com\\\/fr\\\/#organization\"},\"potentialAction\":[{\"@type\":\"SearchAction\",\"target\":{\"@type\":\"EntryPoint\",\"urlTemplate\":\"https:\\\/\\\/samarali.com\\\/fr\\\/?s={search_term_string}\"},\"query-input\":{\"@type\":\"PropertyValueSpecification\",\"valueRequired\":true,\"valueName\":\"search_term_string\"}}],\"inLanguage\":\"fr-FR\"},{\"@type\":\"Organization\",\"@id\":\"https:\\\/\\\/samarali.com\\\/fr\\\/#organization\",\"name\":\"Samarali\",\"url\":\"https:\\\/\\\/samarali.com\\\/fr\\\/\",\"logo\":{\"@type\":\"ImageObject\",\"inLanguage\":\"fr-FR\",\"@id\":\"https:\\\/\\\/samarali.com\\\/fr\\\/#\\\/schema\\\/logo\\\/image\\\/\",\"url\":\"https:\\\/\\\/samarali.com\\\/wp-content\\\/uploads\\\/2024\\\/05\\\/cropped-samarali-icon.png\",\"contentUrl\":\"https:\\\/\\\/samarali.com\\\/wp-content\\\/uploads\\\/2024\\\/05\\\/cropped-samarali-icon.png\",\"width\":512,\"height\":512,\"caption\":\"Samarali\"},\"image\":{\"@id\":\"https:\\\/\\\/samarali.com\\\/fr\\\/#\\\/schema\\\/logo\\\/image\\\/\"},\"sameAs\":[\"https:\\\/\\\/www.facebook.com\\\/samaraliyoga\",\"https:\\\/\\\/www.linkedin.com\\\/company\\\/69563155\\\/\",\"https:\\\/\\\/www.instagram.com\\\/samaraliyoga\\\/\",\"https:\\\/\\\/nl.pinterest.com\\\/Samaraliyoga\\\/\"],\"description\":\"Samarali is a sustainable yoga and lifestyle brand based in the Netherlands\",\"email\":\"info@samarali.com\",\"legalName\":\"Samarali B.V.\",\"vatID\":\"NL859820324B01\",\"numberOfEmployees\":{\"@type\":\"QuantitativeValue\",\"minValue\":\"1\",\"maxValue\":\"10\"}}]}<\/script>\n<meta property=\"og:availability\" content=\"instock\" \/>\n<meta property=\"product:availability\" content=\"instock\" \/>\n<meta property=\"product:condition\" content=\"new\" \/>\n<!-- \/ Yoast SEO Premium plugin. -->","yoast_head_json":{"title":"Set de m\u00e9ditation avec coussin croissant - Samarali","description":"Ensemble de coussins et de zabutons en forme de croissant, fabriqu\u00e9s en coton 100 % biologique et remplis de mat\u00e9riaux respectueux de l'environnement. Con\u00e7u pour le confort et la durabilit\u00e9.","robots":{"index":"index","follow":"follow","max-snippet":"max-snippet:-1","max-image-preview":"max-image-preview:large","max-video-preview":"max-video-preview:-1"},"canonical":"https:\/\/samarali.com\/fr\/produit\/set-de-meditation-avec-coussin-croissant\/","og_locale":"fr_FR","og_type":"article","og_title":"Set de m\u00e9ditation avec coussin croissant - Samarali","og_description":"Ensemble de coussins et de zabutons en forme de croissant, fabriqu\u00e9s en coton 100 % biologique et remplis de mat\u00e9riaux respectueux de l'environnement. Con\u00e7u pour le confort et la durabilit\u00e9.","og_url":"https:\/\/samarali.com\/fr\/produit\/set-de-meditation-avec-coussin-croissant\/","og_site_name":"Samarali","article_publisher":"https:\/\/www.facebook.com\/samaraliyoga","article_modified_time":"2026-02-20T16:35:29+00:00","og_image":[{"width":1000,"height":1000,"url":"https:\/\/samarali.com\/wp-content\/uploads\/2024\/08\/Meditation-set-with-creascent-pillow-green_1.jpg","type":"image\/jpeg"}],"twitter_card":"summary_large_image","twitter_misc":{"Disponibilit\u00e9":"En stock"},"schema":{"@context":"https:\/\/schema.org","@graph":[{"@type":"WebPage","@id":"https:\/\/samarali.com\/fr\/produit\/set-de-meditation-avec-coussin-croissant\/","url":"https:\/\/samarali.com\/fr\/produit\/set-de-meditation-avec-coussin-croissant\/","name":"Set de m\u00e9ditation avec coussin croissant - Samarali","isPartOf":{"@id":"https:\/\/samarali.com\/fr\/#website"},"primaryImageOfPage":{"@id":"https:\/\/samarali.com\/fr\/produit\/set-de-meditation-avec-coussin-croissant\/#primaryimage"},"image":{"@id":"https:\/\/samarali.com\/fr\/produit\/set-de-meditation-avec-coussin-croissant\/#primaryimage"},"thumbnailUrl":"https:\/\/samarali.com\/wp-content\/uploads\/2024\/08\/Meditation-set-with-creascent-pillow-green_1.jpg","datePublished":"2024-08-02T10:24:48+00:00","dateModified":"2026-02-20T16:35:29+00:00","description":"Ensemble de coussins et de zabutons en forme de croissant, fabriqu\u00e9s en coton 100 % biologique et remplis de mat\u00e9riaux respectueux de l'environnement. Con\u00e7u pour le confort et la durabilit\u00e9.","breadcrumb":{"@id":"https:\/\/samarali.com\/fr\/produit\/set-de-meditation-avec-coussin-croissant\/#breadcrumb"},"inLanguage":"fr-FR","potentialAction":[{"@type":"ReadAction","target":["https:\/\/samarali.com\/fr\/produit\/set-de-meditation-avec-coussin-croissant\/"]}]},{"@type":"ImageObject","inLanguage":"fr-FR","@id":"https:\/\/samarali.com\/fr\/produit\/set-de-meditation-avec-coussin-croissant\/#primaryimage","url":"https:\/\/samarali.com\/wp-content\/uploads\/2024\/08\/Meditation-set-with-creascent-pillow-green_1.jpg","contentUrl":"https:\/\/samarali.com\/wp-content\/uploads\/2024\/08\/Meditation-set-with-creascent-pillow-green_1.jpg","width":1000,"height":1000,"caption":"Ensemble de m\u00e9ditation avec oreiller cr\u00e9ascent vert 1"},{"@type":"BreadcrumbList","@id":"https:\/\/samarali.com\/fr\/produit\/set-de-meditation-avec-coussin-croissant\/#breadcrumb","itemListElement":[{"@type":"ListItem","position":1,"name":"Accueil","item":"https:\/\/samarali.com\/fr\/accueil\/"},{"@type":"ListItem","position":2,"name":"Boutique","item":"https:\/\/samarali.com\/fr\/boutique\/"},{"@type":"ListItem","position":3,"name":"Set de m\u00e9ditation avec coussin croissant"}]},{"@type":"WebSite","@id":"https:\/\/samarali.com\/fr\/#website","url":"https:\/\/samarali.com\/fr\/","name":"Samarali","description":"Samarali est une marque de yoga et de style de vie durable bas\u00e9e aux Pays-Bas.","publisher":{"@id":"https:\/\/samarali.com\/fr\/#organization"},"potentialAction":[{"@type":"SearchAction","target":{"@type":"EntryPoint","urlTemplate":"https:\/\/samarali.com\/fr\/?s={search_term_string}"},"query-input":{"@type":"PropertyValueSpecification","valueRequired":true,"valueName":"search_term_string"}}],"inLanguage":"fr-FR"},{"@type":"Organization","@id":"https:\/\/samarali.com\/fr\/#organization","name":"Samarali","url":"https:\/\/samarali.com\/fr\/","logo":{"@type":"ImageObject","inLanguage":"fr-FR","@id":"https:\/\/samarali.com\/fr\/#\/schema\/logo\/image\/","url":"https:\/\/samarali.com\/wp-content\/uploads\/2024\/05\/cropped-samarali-icon.png","contentUrl":"https:\/\/samarali.com\/wp-content\/uploads\/2024\/05\/cropped-samarali-icon.png","width":512,"height":512,"caption":"Samarali"},"image":{"@id":"https:\/\/samarali.com\/fr\/#\/schema\/logo\/image\/"},"sameAs":["https:\/\/www.facebook.com\/samaraliyoga","https:\/\/www.linkedin.com\/company\/69563155\/","https:\/\/www.instagram.com\/samaraliyoga\/","https:\/\/nl.pinterest.com\/Samaraliyoga\/"],"description":"Samarali is a sustainable yoga and lifestyle brand based in the Netherlands","email":"info@samarali.com","legalName":"Samarali B.V.","vatID":"NL859820324B01","numberOfEmployees":{"@type":"QuantitativeValue","minValue":"1","maxValue":"10"}}]},"og_availability":"instock","product_availability":"instock","product_condition":"new"},"jetpack_sharing_enabled":true,"_links":{"self":[{"href":"https:\/\/samarali.com\/fr\/wp-json\/wp\/v2\/product\/28316","targetHints":{"allow":["GET"]}}],"collection":[{"href":"https:\/\/samarali.com\/fr\/wp-json\/wp\/v2\/product"}],"about":[{"href":"https:\/\/samarali.com\/fr\/wp-json\/wp\/v2\/types\/product"}],"replies":[{"embeddable":true,"href":"https:\/\/samarali.com\/fr\/wp-json\/wp\/v2\/comments?post=28316"}],"version-history":[{"count":2,"href":"https:\/\/samarali.com\/fr\/wp-json\/wp\/v2\/product\/28316\/revisions"}],"predecessor-version":[{"id":35240,"href":"https:\/\/samarali.com\/fr\/wp-json\/wp\/v2\/product\/28316\/revisions\/35240"}],"wp:featuredmedia":[{"embeddable":true,"href":"https:\/\/samarali.com\/fr\/wp-json\/wp\/v2\/media\/20202"}],"wp:attachment":[{"href":"https:\/\/samarali.com\/fr\/wp-json\/wp\/v2\/media?parent=28316"}],"wp:term":[{"taxonomy":"product_cat","embeddable":true,"href":"https:\/\/samarali.com\/fr\/wp-json\/wp\/v2\/product_cat?post=28316"},{"taxonomy":"product_tag","embeddable":true,"href":"https:\/\/samarali.com\/fr\/wp-json\/wp\/v2\/product_tag?post=28316"}],"curies":[{"name":"wp","href":"https:\/\/api.w.org\/{rel}","templated":true}]}}