{"id":28184,"date":"2024-08-02T08:11:10","date_gmt":"2024-08-02T08:11:10","guid":{"rendered":"https:\/\/samarali.com\/product\/oreiller-de-meditation\/"},"modified":"2025-12-03T17:14:17","modified_gmt":"2025-12-03T16:14:17","slug":"oreiller-de-meditation","status":"publish","type":"product","link":"https:\/\/samarali.com\/fr\/produit\/oreiller-de-meditation\/","title":{"rendered":"Oreiller de m\u00e9ditation"},"content":{"rendered":"<p>Le coussin Wedge est con\u00e7u pour soutenir vos hanches et vos jambes, ce qui le rend id\u00e9al pour maintenir l&rsquo;alignement de la colonne vert\u00e9brale et am\u00e9liorer le confort.<br \/>\nSa forme incurv\u00e9e permet une l\u00e9g\u00e8re \u00e9l\u00e9vation, ce qui contribue \u00e0 maintenir votre colonne vert\u00e9brale droite pendant la m\u00e9ditation, en position assise ou lors d&rsquo;autres activit\u00e9s.<br \/>\nAu-del\u00e0 de la m\u00e9ditation, le coussin Wedge est suffisamment polyvalent et peut \u00eatre utilis\u00e9 \u00e0 d&rsquo;autres fins, comme le soutien du dos en position assise ou la correction de la posture.<br \/>\nSa conception pratique en fait un compl\u00e9ment pr\u00e9cieux \u00e0 votre programme de bien-\u00eatre.<br \/>\nChaque coussin est dot\u00e9 d&rsquo;une poign\u00e9e sur la couche ext\u00e9rieure, ce qui facilite son transport.<br \/>\nLa poign\u00e9e est orn\u00e9e d&rsquo;une broderie qui refl\u00e8te nos valeurs et notre h\u00e9ritage, ajoutant une touche de signification culturelle.<br \/>\nLe coussin Wedge est livr\u00e9 avec deux housses amovibles, toutes deux \u00e9quip\u00e9es de fermetures \u00e0 glissi\u00e8re.<br \/>\nCette conception permet d&rsquo;enlever et de laver facilement la housse ext\u00e9rieure \u00e0 30\u00b0C.<br \/>\nEn outre, les fermetures \u00e9clair facilitent le r\u00e9glage du rembourrage en sarrasin, ce qui vous permet d&rsquo;adapter la hauteur et la fermet\u00e9 du coussin \u00e0 vos pr\u00e9f\u00e9rences.<br \/>\nLes instructions d&rsquo;entretien se trouvent sur la face int\u00e9rieure des housses pour faciliter l&rsquo;entretien, ce qui vous permet de conserver votre coussin en excellent \u00e9tat avec un minimum d&rsquo;efforts.   <\/p>\n","protected":false},"excerpt":{"rendered":"<p>Con\u00e7u pour l&rsquo;alignement de la colonne vert\u00e9brale et le confort, notre coussin polyvalent Wedge pr\u00e9sente une forme incurv\u00e9e, un rembourrage r\u00e9glable en sarrasin et des housses lavables. Facile \u00e0 transporter, il est parfait pour la m\u00e9ditation ou le soutien \u00e0 la posture.<\/p>\n","protected":false},"featured_media":19784,"comment_status":"open","ping_status":"closed","template":"","meta":{"_acf_changed":false,"_improvement_type_select":"improve_an_existing","_thumb_yes_seoaic":false,"_frame_yes_seoaic":false,"seoaic_generate_description":"","seoaic_improve_instructions_prompt":"","seoaic_rollback_content_improvement":"","seoaic_idea_thumbnail_generator":"","thumbnail_generated":false,"thumbnail_generate_prompt":"","seoaic_article_description":"","inline_featured_image":false},"product_cat":[272,271],"product_tag":[],"class_list":{"0":"post-28184","1":"product","2":"type-product","3":"status-publish","4":"has-post-thumbnail","6":"product_cat-coussins-de-meditation","7":"product_cat-meditation-fr","9":"first","10":"instock","11":"shipping-taxable","12":"purchasable","13":"product-type-variable"},"acf":[],"yoast_head":"<!-- This site is optimized with the Yoast SEO Premium plugin v27.3 (Yoast SEO v27.3) - https:\/\/yoast.com\/product\/yoast-seo-premium-wordpress\/ -->\n<title>Oreiller de m\u00e9ditation - Samarali<\/title>\n<meta name=\"description\" content=\"L&#039;oreiller de m\u00e9ditation Wedge a une forme incurv\u00e9e, un rembourrage r\u00e9glable en sarrasin et des housses lavables. Facile \u00e0 transporter, il est parfait pour la m\u00e9ditation.\" \/>\n<meta name=\"robots\" content=\"index, follow, max-snippet:-1, max-image-preview:large, max-video-preview:-1\" \/>\n<link rel=\"canonical\" href=\"https:\/\/samarali.com\/fr\/produit\/oreiller-de-meditation\/\" \/>\n<meta property=\"og:locale\" content=\"fr_FR\" \/>\n<meta property=\"og:type\" content=\"article\" \/>\n<meta property=\"og:title\" content=\"Oreiller de m\u00e9ditation - Samarali\" \/>\n<meta property=\"og:description\" content=\"L&#039;oreiller de m\u00e9ditation Wedge a une forme incurv\u00e9e, un rembourrage r\u00e9glable en sarrasin et des housses lavables. Facile \u00e0 transporter, il est parfait pour la m\u00e9ditation.\" \/>\n<meta property=\"og:url\" content=\"https:\/\/samarali.com\/fr\/produit\/oreiller-de-meditation\/\" \/>\n<meta property=\"og:site_name\" content=\"Samarali\" \/>\n<meta property=\"article:publisher\" content=\"https:\/\/www.facebook.com\/samaraliyoga\" \/>\n<meta property=\"article:modified_time\" content=\"2025-12-03T16:14:17+00:00\" \/>\n<meta property=\"og:image\" content=\"https:\/\/samarali.com\/wp-content\/uploads\/2024\/08\/Wedge-cushion_Chateau-grey_03.jpg\" \/>\n\t<meta property=\"og:image:width\" content=\"1000\" \/>\n\t<meta property=\"og:image:height\" content=\"1000\" \/>\n\t<meta property=\"og:image:type\" content=\"image\/jpeg\" \/>\n<meta name=\"twitter:card\" content=\"summary_large_image\" \/>\n<meta name=\"twitter:label1\" content=\"Disponibilit\u00e9\" \/>\n\t<meta name=\"twitter:data1\" content=\"En stock\" \/>\n<script type=\"application\/ld+json\" class=\"yoast-schema-graph\">{\"@context\":\"https:\\\/\\\/schema.org\",\"@graph\":[{\"@type\":\"WebPage\",\"@id\":\"https:\\\/\\\/samarali.com\\\/fr\\\/produit\\\/oreiller-de-meditation\\\/\",\"url\":\"https:\\\/\\\/samarali.com\\\/fr\\\/produit\\\/oreiller-de-meditation\\\/\",\"name\":\"Oreiller de m\u00e9ditation - Samarali\",\"isPartOf\":{\"@id\":\"https:\\\/\\\/samarali.com\\\/fr\\\/#website\"},\"primaryImageOfPage\":{\"@id\":\"https:\\\/\\\/samarali.com\\\/fr\\\/produit\\\/oreiller-de-meditation\\\/#primaryimage\"},\"image\":{\"@id\":\"https:\\\/\\\/samarali.com\\\/fr\\\/produit\\\/oreiller-de-meditation\\\/#primaryimage\"},\"thumbnailUrl\":\"https:\\\/\\\/samarali.com\\\/wp-content\\\/uploads\\\/2024\\\/08\\\/Wedge-cushion_Chateau-grey_03.jpg\",\"datePublished\":\"2024-08-02T08:11:10+00:00\",\"dateModified\":\"2025-12-03T16:14:17+00:00\",\"description\":\"L'oreiller de m\u00e9ditation Wedge a une forme incurv\u00e9e, un rembourrage r\u00e9glable en sarrasin et des housses lavables. Facile \u00e0 transporter, il est parfait pour la m\u00e9ditation.\",\"breadcrumb\":{\"@id\":\"https:\\\/\\\/samarali.com\\\/fr\\\/produit\\\/oreiller-de-meditation\\\/#breadcrumb\"},\"inLanguage\":\"fr-FR\",\"potentialAction\":[{\"@type\":\"ReadAction\",\"target\":[\"https:\\\/\\\/samarali.com\\\/fr\\\/produit\\\/oreiller-de-meditation\\\/\"]}]},{\"@type\":\"ImageObject\",\"inLanguage\":\"fr-FR\",\"@id\":\"https:\\\/\\\/samarali.com\\\/fr\\\/produit\\\/oreiller-de-meditation\\\/#primaryimage\",\"url\":\"https:\\\/\\\/samarali.com\\\/wp-content\\\/uploads\\\/2024\\\/08\\\/Wedge-cushion_Chateau-grey_03.jpg\",\"contentUrl\":\"https:\\\/\\\/samarali.com\\\/wp-content\\\/uploads\\\/2024\\\/08\\\/Wedge-cushion_Chateau-grey_03.jpg\",\"width\":1000,\"height\":1000,\"caption\":\"Coussin cale Chateau grey 03\"},{\"@type\":\"BreadcrumbList\",\"@id\":\"https:\\\/\\\/samarali.com\\\/fr\\\/produit\\\/oreiller-de-meditation\\\/#breadcrumb\",\"itemListElement\":[{\"@type\":\"ListItem\",\"position\":1,\"name\":\"Accueil\",\"item\":\"https:\\\/\\\/samarali.com\\\/fr\\\/accueil\\\/\"},{\"@type\":\"ListItem\",\"position\":2,\"name\":\"Boutique\",\"item\":\"https:\\\/\\\/samarali.com\\\/fr\\\/boutique\\\/\"},{\"@type\":\"ListItem\",\"position\":3,\"name\":\"Oreiller de m\u00e9ditation\"}]},{\"@type\":\"WebSite\",\"@id\":\"https:\\\/\\\/samarali.com\\\/fr\\\/#website\",\"url\":\"https:\\\/\\\/samarali.com\\\/fr\\\/\",\"name\":\"Samarali\",\"description\":\"Samarali est une marque de yoga et de style de vie durable bas\u00e9e aux Pays-Bas.\",\"publisher\":{\"@id\":\"https:\\\/\\\/samarali.com\\\/fr\\\/#organization\"},\"potentialAction\":[{\"@type\":\"SearchAction\",\"target\":{\"@type\":\"EntryPoint\",\"urlTemplate\":\"https:\\\/\\\/samarali.com\\\/fr\\\/?s={search_term_string}\"},\"query-input\":{\"@type\":\"PropertyValueSpecification\",\"valueRequired\":true,\"valueName\":\"search_term_string\"}}],\"inLanguage\":\"fr-FR\"},{\"@type\":\"Organization\",\"@id\":\"https:\\\/\\\/samarali.com\\\/fr\\\/#organization\",\"name\":\"Samarali\",\"url\":\"https:\\\/\\\/samarali.com\\\/fr\\\/\",\"logo\":{\"@type\":\"ImageObject\",\"inLanguage\":\"fr-FR\",\"@id\":\"https:\\\/\\\/samarali.com\\\/fr\\\/#\\\/schema\\\/logo\\\/image\\\/\",\"url\":\"https:\\\/\\\/samarali.com\\\/wp-content\\\/uploads\\\/2024\\\/05\\\/cropped-samarali-icon.png\",\"contentUrl\":\"https:\\\/\\\/samarali.com\\\/wp-content\\\/uploads\\\/2024\\\/05\\\/cropped-samarali-icon.png\",\"width\":512,\"height\":512,\"caption\":\"Samarali\"},\"image\":{\"@id\":\"https:\\\/\\\/samarali.com\\\/fr\\\/#\\\/schema\\\/logo\\\/image\\\/\"},\"sameAs\":[\"https:\\\/\\\/www.facebook.com\\\/samaraliyoga\",\"https:\\\/\\\/www.linkedin.com\\\/company\\\/69563155\\\/\",\"https:\\\/\\\/www.instagram.com\\\/samaraliyoga\\\/\",\"https:\\\/\\\/nl.pinterest.com\\\/Samaraliyoga\\\/\"],\"description\":\"Samarali is a sustainable yoga and lifestyle brand based in the Netherlands\",\"email\":\"info@samarali.com\",\"legalName\":\"Samarali B.V.\",\"vatID\":\"NL859820324B01\",\"numberOfEmployees\":{\"@type\":\"QuantitativeValue\",\"minValue\":\"1\",\"maxValue\":\"10\"}}]}<\/script>\n<meta property=\"og:availability\" content=\"instock\" \/>\n<meta property=\"product:availability\" content=\"instock\" \/>\n<meta property=\"product:condition\" content=\"new\" \/>\n<!-- \/ Yoast SEO Premium plugin. -->","yoast_head_json":{"title":"Oreiller de m\u00e9ditation - Samarali","description":"L'oreiller de m\u00e9ditation Wedge a une forme incurv\u00e9e, un rembourrage r\u00e9glable en sarrasin et des housses lavables. Facile \u00e0 transporter, il est parfait pour la m\u00e9ditation.","robots":{"index":"index","follow":"follow","max-snippet":"max-snippet:-1","max-image-preview":"max-image-preview:large","max-video-preview":"max-video-preview:-1"},"canonical":"https:\/\/samarali.com\/fr\/produit\/oreiller-de-meditation\/","og_locale":"fr_FR","og_type":"article","og_title":"Oreiller de m\u00e9ditation - Samarali","og_description":"L'oreiller de m\u00e9ditation Wedge a une forme incurv\u00e9e, un rembourrage r\u00e9glable en sarrasin et des housses lavables. Facile \u00e0 transporter, il est parfait pour la m\u00e9ditation.","og_url":"https:\/\/samarali.com\/fr\/produit\/oreiller-de-meditation\/","og_site_name":"Samarali","article_publisher":"https:\/\/www.facebook.com\/samaraliyoga","article_modified_time":"2025-12-03T16:14:17+00:00","og_image":[{"width":1000,"height":1000,"url":"https:\/\/samarali.com\/wp-content\/uploads\/2024\/08\/Wedge-cushion_Chateau-grey_03.jpg","type":"image\/jpeg"}],"twitter_card":"summary_large_image","twitter_misc":{"Disponibilit\u00e9":"En stock"},"schema":{"@context":"https:\/\/schema.org","@graph":[{"@type":"WebPage","@id":"https:\/\/samarali.com\/fr\/produit\/oreiller-de-meditation\/","url":"https:\/\/samarali.com\/fr\/produit\/oreiller-de-meditation\/","name":"Oreiller de m\u00e9ditation - Samarali","isPartOf":{"@id":"https:\/\/samarali.com\/fr\/#website"},"primaryImageOfPage":{"@id":"https:\/\/samarali.com\/fr\/produit\/oreiller-de-meditation\/#primaryimage"},"image":{"@id":"https:\/\/samarali.com\/fr\/produit\/oreiller-de-meditation\/#primaryimage"},"thumbnailUrl":"https:\/\/samarali.com\/wp-content\/uploads\/2024\/08\/Wedge-cushion_Chateau-grey_03.jpg","datePublished":"2024-08-02T08:11:10+00:00","dateModified":"2025-12-03T16:14:17+00:00","description":"L'oreiller de m\u00e9ditation Wedge a une forme incurv\u00e9e, un rembourrage r\u00e9glable en sarrasin et des housses lavables. Facile \u00e0 transporter, il est parfait pour la m\u00e9ditation.","breadcrumb":{"@id":"https:\/\/samarali.com\/fr\/produit\/oreiller-de-meditation\/#breadcrumb"},"inLanguage":"fr-FR","potentialAction":[{"@type":"ReadAction","target":["https:\/\/samarali.com\/fr\/produit\/oreiller-de-meditation\/"]}]},{"@type":"ImageObject","inLanguage":"fr-FR","@id":"https:\/\/samarali.com\/fr\/produit\/oreiller-de-meditation\/#primaryimage","url":"https:\/\/samarali.com\/wp-content\/uploads\/2024\/08\/Wedge-cushion_Chateau-grey_03.jpg","contentUrl":"https:\/\/samarali.com\/wp-content\/uploads\/2024\/08\/Wedge-cushion_Chateau-grey_03.jpg","width":1000,"height":1000,"caption":"Coussin cale Chateau grey 03"},{"@type":"BreadcrumbList","@id":"https:\/\/samarali.com\/fr\/produit\/oreiller-de-meditation\/#breadcrumb","itemListElement":[{"@type":"ListItem","position":1,"name":"Accueil","item":"https:\/\/samarali.com\/fr\/accueil\/"},{"@type":"ListItem","position":2,"name":"Boutique","item":"https:\/\/samarali.com\/fr\/boutique\/"},{"@type":"ListItem","position":3,"name":"Oreiller de m\u00e9ditation"}]},{"@type":"WebSite","@id":"https:\/\/samarali.com\/fr\/#website","url":"https:\/\/samarali.com\/fr\/","name":"Samarali","description":"Samarali est une marque de yoga et de style de vie durable bas\u00e9e aux Pays-Bas.","publisher":{"@id":"https:\/\/samarali.com\/fr\/#organization"},"potentialAction":[{"@type":"SearchAction","target":{"@type":"EntryPoint","urlTemplate":"https:\/\/samarali.com\/fr\/?s={search_term_string}"},"query-input":{"@type":"PropertyValueSpecification","valueRequired":true,"valueName":"search_term_string"}}],"inLanguage":"fr-FR"},{"@type":"Organization","@id":"https:\/\/samarali.com\/fr\/#organization","name":"Samarali","url":"https:\/\/samarali.com\/fr\/","logo":{"@type":"ImageObject","inLanguage":"fr-FR","@id":"https:\/\/samarali.com\/fr\/#\/schema\/logo\/image\/","url":"https:\/\/samarali.com\/wp-content\/uploads\/2024\/05\/cropped-samarali-icon.png","contentUrl":"https:\/\/samarali.com\/wp-content\/uploads\/2024\/05\/cropped-samarali-icon.png","width":512,"height":512,"caption":"Samarali"},"image":{"@id":"https:\/\/samarali.com\/fr\/#\/schema\/logo\/image\/"},"sameAs":["https:\/\/www.facebook.com\/samaraliyoga","https:\/\/www.linkedin.com\/company\/69563155\/","https:\/\/www.instagram.com\/samaraliyoga\/","https:\/\/nl.pinterest.com\/Samaraliyoga\/"],"description":"Samarali is a sustainable yoga and lifestyle brand based in the Netherlands","email":"info@samarali.com","legalName":"Samarali B.V.","vatID":"NL859820324B01","numberOfEmployees":{"@type":"QuantitativeValue","minValue":"1","maxValue":"10"}}]},"og_availability":"instock","product_availability":"instock","product_condition":"new"},"jetpack_sharing_enabled":true,"_links":{"self":[{"href":"https:\/\/samarali.com\/fr\/wp-json\/wp\/v2\/product\/28184","targetHints":{"allow":["GET"]}}],"collection":[{"href":"https:\/\/samarali.com\/fr\/wp-json\/wp\/v2\/product"}],"about":[{"href":"https:\/\/samarali.com\/fr\/wp-json\/wp\/v2\/types\/product"}],"replies":[{"embeddable":true,"href":"https:\/\/samarali.com\/fr\/wp-json\/wp\/v2\/comments?post=28184"}],"version-history":[{"count":1,"href":"https:\/\/samarali.com\/fr\/wp-json\/wp\/v2\/product\/28184\/revisions"}],"predecessor-version":[{"id":32696,"href":"https:\/\/samarali.com\/fr\/wp-json\/wp\/v2\/product\/28184\/revisions\/32696"}],"wp:featuredmedia":[{"embeddable":true,"href":"https:\/\/samarali.com\/fr\/wp-json\/wp\/v2\/media\/19784"}],"wp:attachment":[{"href":"https:\/\/samarali.com\/fr\/wp-json\/wp\/v2\/media?parent=28184"}],"wp:term":[{"taxonomy":"product_cat","embeddable":true,"href":"https:\/\/samarali.com\/fr\/wp-json\/wp\/v2\/product_cat?post=28184"},{"taxonomy":"product_tag","embeddable":true,"href":"https:\/\/samarali.com\/fr\/wp-json\/wp\/v2\/product_tag?post=28184"}],"curies":[{"name":"wp","href":"https:\/\/api.w.org\/{rel}","templated":true}]}}