{"id":28175,"date":"2024-08-02T08:26:29","date_gmt":"2024-08-02T08:26:29","guid":{"rendered":"https:\/\/samarali.com\/product\/oreiller-de-meditation-rond-lotus\/"},"modified":"2025-12-06T12:34:39","modified_gmt":"2025-12-06T11:34:39","slug":"oreiller-de-meditation-rond-lotus","status":"publish","type":"product","link":"https:\/\/samarali.com\/fr\/produit\/oreiller-de-meditation-rond-lotus\/","title":{"rendered":"Oreiller de m\u00e9ditation rond Lotus"},"content":{"rendered":"<p>Le coussin rond est con\u00e7u pour am\u00e9liorer votre posture et vous offrir un confort exceptionnel tout en soutenant votre colonne vert\u00e9brale et en maintenant sa courbe naturelle. Fabriqu\u00e9 de mani\u00e8re \u00e9thique en Inde et dont le tissu est certifi\u00e9 par la norme GOTS (Global Organic Textile Standard), ce coussin est un choix durable pour vos besoins en mati\u00e8re de m\u00e9ditation ou d&rsquo;assise. Il est rempli d&rsquo;\u00e9cales de sarrasin, qui \u00e9pousent la forme de votre corps et offrent un excellent soutien, garantissant ainsi une exp\u00e9rience confortable et pleine d&rsquo;attention.<\/p>\n<p>Notre oreiller de m\u00e9ditation rond allie fonctionnalit\u00e9 et design soign\u00e9. Il est dot\u00e9 d&rsquo;une poign\u00e9e sur la couche ext\u00e9rieure pour faciliter le transport et est orn\u00e9 de broderies qui refl\u00e8tent nos valeurs et notre h\u00e9ritage. L&rsquo;oreiller comprend deux housses \u00e0 fermeture \u00e9clair : la housse ext\u00e9rieure est amovible et lavable, tandis que la housse int\u00e9rieure garantit que le rembourrage en sarrasin reste en place. La quantit\u00e9 de sarrasin peut \u00eatre ajust\u00e9e en fonction de vos besoins de confort. Les deux couvertures sont produites de mani\u00e8re \u00e9thique en Inde, et des instructions d&rsquo;entretien d\u00e9taill\u00e9es sont fournies sur la face int\u00e9rieure des couvertures.<\/p>\n","protected":false},"excerpt":{"rendered":"<p>Faites l&rsquo;exp\u00e9rience du confort et du soutien avec notre coussin de m\u00e9ditation rond en coton biologique, rempli d&rsquo;\u00e9cales de sarrasin. Fabriqu\u00e9 de mani\u00e8re \u00e9thique en Inde, il est dot\u00e9 de housses lavables, d&rsquo;un rembourrage r\u00e9glable et d&rsquo;une poign\u00e9e pratique.<\/p>\n","protected":false},"featured_media":19906,"comment_status":"open","ping_status":"closed","template":"","meta":{"_acf_changed":false,"_improvement_type_select":"improve_an_existing","_thumb_yes_seoaic":false,"_frame_yes_seoaic":false,"seoaic_generate_description":"","seoaic_improve_instructions_prompt":"","seoaic_rollback_content_improvement":"","seoaic_idea_thumbnail_generator":"","thumbnail_generated":false,"thumbnail_generate_prompt":"","seoaic_article_description":"","inline_featured_image":false},"product_cat":[272,271],"product_tag":[],"class_list":{"0":"post-28175","1":"product","2":"type-product","3":"status-publish","4":"has-post-thumbnail","6":"product_cat-coussins-de-meditation","7":"product_cat-meditation-fr","9":"first","10":"instock","11":"shipping-taxable","12":"purchasable","13":"product-type-variable"},"acf":[],"yoast_head":"<!-- This site is optimized with the Yoast SEO Premium plugin v27.3 (Yoast SEO v27.3) - https:\/\/yoast.com\/product\/yoast-seo-premium-wordpress\/ -->\n<title>Oreiller de m\u00e9ditation rond Lotus - Samarali<\/title>\n<meta name=\"description\" content=\"Coussin de m\u00e9ditation rond certifi\u00e9 GOTS, rempli d&#039;\u00e9cales de sarrasin bio. Fabriqu\u00e9 de mani\u00e8re \u00e9thique en Inde, il est dot\u00e9 de housses lavables et d&#039;un rembourrage r\u00e9glable.\" \/>\n<meta name=\"robots\" content=\"index, follow, max-snippet:-1, max-image-preview:large, max-video-preview:-1\" \/>\n<link rel=\"canonical\" href=\"https:\/\/samarali.com\/fr\/produit\/oreiller-de-meditation-rond-lotus\/\" \/>\n<meta property=\"og:locale\" content=\"fr_FR\" \/>\n<meta property=\"og:type\" content=\"article\" \/>\n<meta property=\"og:title\" content=\"Oreiller de m\u00e9ditation rond Lotus - Samarali\" \/>\n<meta property=\"og:description\" content=\"Coussin de m\u00e9ditation rond certifi\u00e9 GOTS, rempli d&#039;\u00e9cales de sarrasin bio. Fabriqu\u00e9 de mani\u00e8re \u00e9thique en Inde, il est dot\u00e9 de housses lavables et d&#039;un rembourrage r\u00e9glable.\" \/>\n<meta property=\"og:url\" content=\"https:\/\/samarali.com\/fr\/produit\/oreiller-de-meditation-rond-lotus\/\" \/>\n<meta property=\"og:site_name\" content=\"Samarali\" \/>\n<meta property=\"article:publisher\" content=\"https:\/\/www.facebook.com\/samaraliyoga\" \/>\n<meta property=\"article:modified_time\" content=\"2025-12-06T11:34:39+00:00\" \/>\n<meta property=\"og:image\" content=\"https:\/\/samarali.com\/wp-content\/uploads\/2024\/08\/Round-pillow_Navy-Blue_5.jpg\" \/>\n\t<meta property=\"og:image:width\" content=\"1000\" \/>\n\t<meta property=\"og:image:height\" content=\"1000\" \/>\n\t<meta property=\"og:image:type\" content=\"image\/jpeg\" \/>\n<meta name=\"twitter:card\" content=\"summary_large_image\" \/>\n<meta name=\"twitter:label1\" content=\"Disponibilit\u00e9\" \/>\n\t<meta name=\"twitter:data1\" content=\"En stock\" \/>\n<script type=\"application\/ld+json\" class=\"yoast-schema-graph\">{\"@context\":\"https:\\\/\\\/schema.org\",\"@graph\":[{\"@type\":\"WebPage\",\"@id\":\"https:\\\/\\\/samarali.com\\\/fr\\\/produit\\\/oreiller-de-meditation-rond-lotus\\\/\",\"url\":\"https:\\\/\\\/samarali.com\\\/fr\\\/produit\\\/oreiller-de-meditation-rond-lotus\\\/\",\"name\":\"Oreiller de m\u00e9ditation rond Lotus - Samarali\",\"isPartOf\":{\"@id\":\"https:\\\/\\\/samarali.com\\\/fr\\\/#website\"},\"primaryImageOfPage\":{\"@id\":\"https:\\\/\\\/samarali.com\\\/fr\\\/produit\\\/oreiller-de-meditation-rond-lotus\\\/#primaryimage\"},\"image\":{\"@id\":\"https:\\\/\\\/samarali.com\\\/fr\\\/produit\\\/oreiller-de-meditation-rond-lotus\\\/#primaryimage\"},\"thumbnailUrl\":\"https:\\\/\\\/samarali.com\\\/wp-content\\\/uploads\\\/2024\\\/08\\\/Round-pillow_Navy-Blue_5.jpg\",\"datePublished\":\"2024-08-02T08:26:29+00:00\",\"dateModified\":\"2025-12-06T11:34:39+00:00\",\"description\":\"Coussin de m\u00e9ditation rond certifi\u00e9 GOTS, rempli d'\u00e9cales de sarrasin bio. Fabriqu\u00e9 de mani\u00e8re \u00e9thique en Inde, il est dot\u00e9 de housses lavables et d'un rembourrage r\u00e9glable.\",\"breadcrumb\":{\"@id\":\"https:\\\/\\\/samarali.com\\\/fr\\\/produit\\\/oreiller-de-meditation-rond-lotus\\\/#breadcrumb\"},\"inLanguage\":\"fr-FR\",\"potentialAction\":[{\"@type\":\"ReadAction\",\"target\":[\"https:\\\/\\\/samarali.com\\\/fr\\\/produit\\\/oreiller-de-meditation-rond-lotus\\\/\"]}]},{\"@type\":\"ImageObject\",\"inLanguage\":\"fr-FR\",\"@id\":\"https:\\\/\\\/samarali.com\\\/fr\\\/produit\\\/oreiller-de-meditation-rond-lotus\\\/#primaryimage\",\"url\":\"https:\\\/\\\/samarali.com\\\/wp-content\\\/uploads\\\/2024\\\/08\\\/Round-pillow_Navy-Blue_5.jpg\",\"contentUrl\":\"https:\\\/\\\/samarali.com\\\/wp-content\\\/uploads\\\/2024\\\/08\\\/Round-pillow_Navy-Blue_5.jpg\",\"width\":1000,\"height\":1000,\"caption\":\"Coussin rond bleu marine 5\"},{\"@type\":\"BreadcrumbList\",\"@id\":\"https:\\\/\\\/samarali.com\\\/fr\\\/produit\\\/oreiller-de-meditation-rond-lotus\\\/#breadcrumb\",\"itemListElement\":[{\"@type\":\"ListItem\",\"position\":1,\"name\":\"Accueil\",\"item\":\"https:\\\/\\\/samarali.com\\\/fr\\\/accueil\\\/\"},{\"@type\":\"ListItem\",\"position\":2,\"name\":\"Boutique\",\"item\":\"https:\\\/\\\/samarali.com\\\/fr\\\/boutique\\\/\"},{\"@type\":\"ListItem\",\"position\":3,\"name\":\"Oreiller de m\u00e9ditation rond Lotus\"}]},{\"@type\":\"WebSite\",\"@id\":\"https:\\\/\\\/samarali.com\\\/fr\\\/#website\",\"url\":\"https:\\\/\\\/samarali.com\\\/fr\\\/\",\"name\":\"Samarali\",\"description\":\"Samarali est une marque de yoga et de style de vie durable bas\u00e9e aux Pays-Bas.\",\"publisher\":{\"@id\":\"https:\\\/\\\/samarali.com\\\/fr\\\/#organization\"},\"potentialAction\":[{\"@type\":\"SearchAction\",\"target\":{\"@type\":\"EntryPoint\",\"urlTemplate\":\"https:\\\/\\\/samarali.com\\\/fr\\\/?s={search_term_string}\"},\"query-input\":{\"@type\":\"PropertyValueSpecification\",\"valueRequired\":true,\"valueName\":\"search_term_string\"}}],\"inLanguage\":\"fr-FR\"},{\"@type\":\"Organization\",\"@id\":\"https:\\\/\\\/samarali.com\\\/fr\\\/#organization\",\"name\":\"Samarali\",\"url\":\"https:\\\/\\\/samarali.com\\\/fr\\\/\",\"logo\":{\"@type\":\"ImageObject\",\"inLanguage\":\"fr-FR\",\"@id\":\"https:\\\/\\\/samarali.com\\\/fr\\\/#\\\/schema\\\/logo\\\/image\\\/\",\"url\":\"https:\\\/\\\/samarali.com\\\/wp-content\\\/uploads\\\/2024\\\/05\\\/cropped-samarali-icon.png\",\"contentUrl\":\"https:\\\/\\\/samarali.com\\\/wp-content\\\/uploads\\\/2024\\\/05\\\/cropped-samarali-icon.png\",\"width\":512,\"height\":512,\"caption\":\"Samarali\"},\"image\":{\"@id\":\"https:\\\/\\\/samarali.com\\\/fr\\\/#\\\/schema\\\/logo\\\/image\\\/\"},\"sameAs\":[\"https:\\\/\\\/www.facebook.com\\\/samaraliyoga\",\"https:\\\/\\\/www.linkedin.com\\\/company\\\/69563155\\\/\",\"https:\\\/\\\/www.instagram.com\\\/samaraliyoga\\\/\",\"https:\\\/\\\/nl.pinterest.com\\\/Samaraliyoga\\\/\"],\"description\":\"Samarali is a sustainable yoga and lifestyle brand based in the Netherlands\",\"email\":\"info@samarali.com\",\"legalName\":\"Samarali B.V.\",\"vatID\":\"NL859820324B01\",\"numberOfEmployees\":{\"@type\":\"QuantitativeValue\",\"minValue\":\"1\",\"maxValue\":\"10\"}}]}<\/script>\n<meta property=\"og:availability\" content=\"instock\" \/>\n<meta property=\"product:availability\" content=\"instock\" \/>\n<meta property=\"product:condition\" content=\"new\" \/>\n<!-- \/ Yoast SEO Premium plugin. -->","yoast_head_json":{"title":"Oreiller de m\u00e9ditation rond Lotus - Samarali","description":"Coussin de m\u00e9ditation rond certifi\u00e9 GOTS, rempli d'\u00e9cales de sarrasin bio. Fabriqu\u00e9 de mani\u00e8re \u00e9thique en Inde, il est dot\u00e9 de housses lavables et d'un rembourrage r\u00e9glable.","robots":{"index":"index","follow":"follow","max-snippet":"max-snippet:-1","max-image-preview":"max-image-preview:large","max-video-preview":"max-video-preview:-1"},"canonical":"https:\/\/samarali.com\/fr\/produit\/oreiller-de-meditation-rond-lotus\/","og_locale":"fr_FR","og_type":"article","og_title":"Oreiller de m\u00e9ditation rond Lotus - Samarali","og_description":"Coussin de m\u00e9ditation rond certifi\u00e9 GOTS, rempli d'\u00e9cales de sarrasin bio. Fabriqu\u00e9 de mani\u00e8re \u00e9thique en Inde, il est dot\u00e9 de housses lavables et d'un rembourrage r\u00e9glable.","og_url":"https:\/\/samarali.com\/fr\/produit\/oreiller-de-meditation-rond-lotus\/","og_site_name":"Samarali","article_publisher":"https:\/\/www.facebook.com\/samaraliyoga","article_modified_time":"2025-12-06T11:34:39+00:00","og_image":[{"width":1000,"height":1000,"url":"https:\/\/samarali.com\/wp-content\/uploads\/2024\/08\/Round-pillow_Navy-Blue_5.jpg","type":"image\/jpeg"}],"twitter_card":"summary_large_image","twitter_misc":{"Disponibilit\u00e9":"En stock"},"schema":{"@context":"https:\/\/schema.org","@graph":[{"@type":"WebPage","@id":"https:\/\/samarali.com\/fr\/produit\/oreiller-de-meditation-rond-lotus\/","url":"https:\/\/samarali.com\/fr\/produit\/oreiller-de-meditation-rond-lotus\/","name":"Oreiller de m\u00e9ditation rond Lotus - Samarali","isPartOf":{"@id":"https:\/\/samarali.com\/fr\/#website"},"primaryImageOfPage":{"@id":"https:\/\/samarali.com\/fr\/produit\/oreiller-de-meditation-rond-lotus\/#primaryimage"},"image":{"@id":"https:\/\/samarali.com\/fr\/produit\/oreiller-de-meditation-rond-lotus\/#primaryimage"},"thumbnailUrl":"https:\/\/samarali.com\/wp-content\/uploads\/2024\/08\/Round-pillow_Navy-Blue_5.jpg","datePublished":"2024-08-02T08:26:29+00:00","dateModified":"2025-12-06T11:34:39+00:00","description":"Coussin de m\u00e9ditation rond certifi\u00e9 GOTS, rempli d'\u00e9cales de sarrasin bio. Fabriqu\u00e9 de mani\u00e8re \u00e9thique en Inde, il est dot\u00e9 de housses lavables et d'un rembourrage r\u00e9glable.","breadcrumb":{"@id":"https:\/\/samarali.com\/fr\/produit\/oreiller-de-meditation-rond-lotus\/#breadcrumb"},"inLanguage":"fr-FR","potentialAction":[{"@type":"ReadAction","target":["https:\/\/samarali.com\/fr\/produit\/oreiller-de-meditation-rond-lotus\/"]}]},{"@type":"ImageObject","inLanguage":"fr-FR","@id":"https:\/\/samarali.com\/fr\/produit\/oreiller-de-meditation-rond-lotus\/#primaryimage","url":"https:\/\/samarali.com\/wp-content\/uploads\/2024\/08\/Round-pillow_Navy-Blue_5.jpg","contentUrl":"https:\/\/samarali.com\/wp-content\/uploads\/2024\/08\/Round-pillow_Navy-Blue_5.jpg","width":1000,"height":1000,"caption":"Coussin rond bleu marine 5"},{"@type":"BreadcrumbList","@id":"https:\/\/samarali.com\/fr\/produit\/oreiller-de-meditation-rond-lotus\/#breadcrumb","itemListElement":[{"@type":"ListItem","position":1,"name":"Accueil","item":"https:\/\/samarali.com\/fr\/accueil\/"},{"@type":"ListItem","position":2,"name":"Boutique","item":"https:\/\/samarali.com\/fr\/boutique\/"},{"@type":"ListItem","position":3,"name":"Oreiller de m\u00e9ditation rond Lotus"}]},{"@type":"WebSite","@id":"https:\/\/samarali.com\/fr\/#website","url":"https:\/\/samarali.com\/fr\/","name":"Samarali","description":"Samarali est une marque de yoga et de style de vie durable bas\u00e9e aux Pays-Bas.","publisher":{"@id":"https:\/\/samarali.com\/fr\/#organization"},"potentialAction":[{"@type":"SearchAction","target":{"@type":"EntryPoint","urlTemplate":"https:\/\/samarali.com\/fr\/?s={search_term_string}"},"query-input":{"@type":"PropertyValueSpecification","valueRequired":true,"valueName":"search_term_string"}}],"inLanguage":"fr-FR"},{"@type":"Organization","@id":"https:\/\/samarali.com\/fr\/#organization","name":"Samarali","url":"https:\/\/samarali.com\/fr\/","logo":{"@type":"ImageObject","inLanguage":"fr-FR","@id":"https:\/\/samarali.com\/fr\/#\/schema\/logo\/image\/","url":"https:\/\/samarali.com\/wp-content\/uploads\/2024\/05\/cropped-samarali-icon.png","contentUrl":"https:\/\/samarali.com\/wp-content\/uploads\/2024\/05\/cropped-samarali-icon.png","width":512,"height":512,"caption":"Samarali"},"image":{"@id":"https:\/\/samarali.com\/fr\/#\/schema\/logo\/image\/"},"sameAs":["https:\/\/www.facebook.com\/samaraliyoga","https:\/\/www.linkedin.com\/company\/69563155\/","https:\/\/www.instagram.com\/samaraliyoga\/","https:\/\/nl.pinterest.com\/Samaraliyoga\/"],"description":"Samarali is a sustainable yoga and lifestyle brand based in the Netherlands","email":"info@samarali.com","legalName":"Samarali B.V.","vatID":"NL859820324B01","numberOfEmployees":{"@type":"QuantitativeValue","minValue":"1","maxValue":"10"}}]},"og_availability":"instock","product_availability":"instock","product_condition":"new"},"jetpack_sharing_enabled":true,"_links":{"self":[{"href":"https:\/\/samarali.com\/fr\/wp-json\/wp\/v2\/product\/28175","targetHints":{"allow":["GET"]}}],"collection":[{"href":"https:\/\/samarali.com\/fr\/wp-json\/wp\/v2\/product"}],"about":[{"href":"https:\/\/samarali.com\/fr\/wp-json\/wp\/v2\/types\/product"}],"replies":[{"embeddable":true,"href":"https:\/\/samarali.com\/fr\/wp-json\/wp\/v2\/comments?post=28175"}],"version-history":[{"count":2,"href":"https:\/\/samarali.com\/fr\/wp-json\/wp\/v2\/product\/28175\/revisions"}],"predecessor-version":[{"id":35260,"href":"https:\/\/samarali.com\/fr\/wp-json\/wp\/v2\/product\/28175\/revisions\/35260"}],"wp:featuredmedia":[{"embeddable":true,"href":"https:\/\/samarali.com\/fr\/wp-json\/wp\/v2\/media\/19906"}],"wp:attachment":[{"href":"https:\/\/samarali.com\/fr\/wp-json\/wp\/v2\/media?parent=28175"}],"wp:term":[{"taxonomy":"product_cat","embeddable":true,"href":"https:\/\/samarali.com\/fr\/wp-json\/wp\/v2\/product_cat?post=28175"},{"taxonomy":"product_tag","embeddable":true,"href":"https:\/\/samarali.com\/fr\/wp-json\/wp\/v2\/product_tag?post=28175"}],"curies":[{"name":"wp","href":"https:\/\/api.w.org\/{rel}","templated":true}]}}