{"id":27909,"date":"2024-08-08T13:13:22","date_gmt":"2024-08-08T11:13:22","guid":{"rendered":"https:\/\/samarali.com\/product\/combinaison-courte-jupiter\/"},"modified":"2024-12-03T11:04:47","modified_gmt":"2024-12-03T10:04:47","slug":"combinaison-courte-jupiter","status":"publish","type":"product","link":"https:\/\/samarali.com\/fr\/produit\/combinaison-courte-jupiter\/","title":{"rendered":"Combinaison courte Jupiter"},"content":{"rendered":"<p>Nos combinaisons sont sp\u00e9cialement con\u00e7ues pour le yoga, mais suffisamment polyvalentes pour \u00eatre port\u00e9es \u00e0 l&rsquo;ext\u00e9rieur. Produites de mani\u00e8re \u00e9thique en Ukraine et fabriqu\u00e9es \u00e0 partir de mat\u00e9riaux certifi\u00e9s OEKO-Tex, ces combinaisons t\u00e9moignent de notre engagement en faveur de la qualit\u00e9 et de la durabilit\u00e9. Pour s&rsquo;assurer qu&rsquo;ils r\u00e9pondent \u00e0 nos exigences \u00e9lev\u00e9es, notre \u00e9quipe et notre communaut\u00e9 de yogis les ont minutieusement test\u00e9s. Faites l&rsquo;exp\u00e9rience d&rsquo;un confort et d&rsquo;un style ultimes avec notre combinaison courte Jupiter.<\/p>\n<p>L&rsquo;inclusion est au c\u0153ur de notre philosophie de conception, car nous pensons qu&rsquo;il n&rsquo;existe pas un seul type de corps id\u00e9al. C&rsquo;est pourquoi notre combinaison courte, baptis\u00e9e Jupiter, est con\u00e7ue pour offrir un confort et un style exceptionnels \u00e0 tous. La combinaison Jupiter n&rsquo;est pas seulement performante, elle fait aussi tourner les t\u00eates. Si vous \u00eates \u00e0 la recherche d&rsquo;un v\u00eatement polyvalent pour vos s\u00e9ances de yoga, ne cherchez pas plus loin que la combinaison Jupiter !<\/p>\n<p>Fabriqu\u00e9e en Ukraine dans un tissu riche en coton, la combinaison Jupiter est ultra-douce et confortable. Sa polyvalence vous surprendra : vous pouvez facilement le porter pour une journ\u00e9e d\u00e9contract\u00e9e ou, si vous vous sentez d&rsquo;humeur audacieuse, l&rsquo;\u00e9lever au niveau d&rsquo;un look haut de gamme.<\/p>\n<p><strong>Les tailles des mod\u00e8les sur les photos :<\/strong><\/p>\n<ul>\n<li>Pour la taille XL : taille 170, 106 x 87 x 115 (buste x taille x hanches)<\/li>\n<li>Pour la taille XS : taille 165, 88 x 60 x 90 (buste x taille x hanches)<\/li>\n<\/ul>\n<p><strong>Les lignes directrices en mati\u00e8re de soins :<\/strong><\/p>\n<ul>\n<li>Laver avec des couleurs similaires<\/li>\n<li>Laver \u00e0 l&rsquo;eau froide (jusqu&rsquo;\u00e0 30\u00b0C) sur un cycle d\u00e9licat.<\/li>\n<\/ul>\n","protected":false},"excerpt":{"rendered":"<p>\u00c9levez votre pratique du yoga avec notre combinaison courte Jupiter, produite de mani\u00e8re \u00e9thique. Fabriqu\u00e9 \u00e0 partir de mat\u00e9riaux certifi\u00e9s OEKO-Tex, il est parfait pour une pratique attentive.<\/p>\n","protected":false},"featured_media":24027,"comment_status":"open","ping_status":"closed","template":"","meta":{"_acf_changed":false,"_improvement_type_select":"improve_an_existing","_thumb_yes_seoaic":false,"_frame_yes_seoaic":false,"seoaic_generate_description":"","seoaic_improve_instructions_prompt":"","seoaic_rollback_content_improvement":"","seoaic_idea_thumbnail_generator":"","thumbnail_generated":false,"thumbnail_generate_prompt":"","seoaic_article_description":"","inline_featured_image":false},"product_cat":[236],"product_tag":[],"class_list":{"0":"post-27909","1":"product","2":"type-product","3":"status-publish","4":"has-post-thumbnail","6":"product_cat-vetements","8":"first","9":"instock","10":"shipping-taxable","11":"purchasable","12":"product-type-variable"},"acf":[],"yoast_head":"<!-- This site is optimized with the Yoast SEO Premium plugin v27.3 (Yoast SEO v27.3) - https:\/\/yoast.com\/product\/yoast-seo-premium-wordpress\/ -->\n<title>Combinaison Courte Jupiter: Confort et Style pour le Yoga<\/title>\n<meta name=\"description\" content=\"\u00c9levez votre pratique du yoga avec notre combinaison courte Jupiter, produite de mani\u00e8re \u00e9thique. Fabriqu\u00e9 \u00e0 partir de mat\u00e9riaux certifi\u00e9s OEKO-Tex, il est parfait pour une pratique attentive.\" \/>\n<meta name=\"robots\" content=\"index, follow, max-snippet:-1, max-image-preview:large, max-video-preview:-1\" \/>\n<link rel=\"canonical\" href=\"https:\/\/samarali.com\/fr\/produit\/combinaison-courte-jupiter\/\" \/>\n<meta property=\"og:locale\" content=\"fr_FR\" \/>\n<meta property=\"og:type\" content=\"article\" \/>\n<meta property=\"og:title\" content=\"Combinaison Jupiter: Style et Confort pour Tous\" \/>\n<meta property=\"og:description\" content=\"Optez pour la combinaison Jupiter, parfaite pour le yoga et au-del\u00e0.\" \/>\n<meta property=\"og:url\" content=\"https:\/\/samarali.com\/fr\/produit\/combinaison-courte-jupiter\/\" \/>\n<meta property=\"og:site_name\" content=\"Samarali\" \/>\n<meta property=\"article:publisher\" content=\"https:\/\/www.facebook.com\/samaraliyoga\" \/>\n<meta property=\"article:modified_time\" content=\"2024-12-03T10:04:47+00:00\" \/>\n<meta property=\"og:image\" content=\"https:\/\/samarali.com\/wp-content\/uploads\/2024\/08\/Jumpsuit-Grace-XS-M-9.jpg\" \/>\n\t<meta property=\"og:image:width\" content=\"830\" \/>\n\t<meta property=\"og:image:height\" content=\"830\" \/>\n\t<meta property=\"og:image:type\" content=\"image\/jpeg\" \/>\n<meta name=\"twitter:card\" content=\"summary_large_image\" \/>\n<meta name=\"twitter:title\" content=\"Combinaison Jupiter: Style et Confort pour Tous\" \/>\n<meta name=\"twitter:description\" content=\"Optez pour la combinaison Jupiter, parfaite pour le yoga et au-del\u00e0.\" \/>\n<meta name=\"twitter:label1\" content=\"Disponibilit\u00e9\" \/>\n\t<meta name=\"twitter:data1\" content=\"En stock\" \/>\n<script type=\"application\/ld+json\" class=\"yoast-schema-graph\">{\"@context\":\"https:\\\/\\\/schema.org\",\"@graph\":[{\"@type\":\"WebPage\",\"@id\":\"https:\\\/\\\/samarali.com\\\/fr\\\/produit\\\/combinaison-courte-jupiter\\\/\",\"url\":\"https:\\\/\\\/samarali.com\\\/fr\\\/produit\\\/combinaison-courte-jupiter\\\/\",\"name\":\"Combinaison Courte Jupiter: Confort et Style pour le Yoga\",\"isPartOf\":{\"@id\":\"https:\\\/\\\/samarali.com\\\/fr\\\/#website\"},\"primaryImageOfPage\":{\"@id\":\"https:\\\/\\\/samarali.com\\\/fr\\\/produit\\\/combinaison-courte-jupiter\\\/#primaryimage\"},\"image\":{\"@id\":\"https:\\\/\\\/samarali.com\\\/fr\\\/produit\\\/combinaison-courte-jupiter\\\/#primaryimage\"},\"thumbnailUrl\":\"https:\\\/\\\/samarali.com\\\/wp-content\\\/uploads\\\/2024\\\/08\\\/Jumpsuit-Grace-XS-M-9.jpg\",\"datePublished\":\"2024-08-08T11:13:22+00:00\",\"dateModified\":\"2024-12-03T10:04:47+00:00\",\"description\":\"\u00c9levez votre pratique du yoga avec notre combinaison courte Jupiter, produite de mani\u00e8re \u00e9thique. Fabriqu\u00e9 \u00e0 partir de mat\u00e9riaux certifi\u00e9s OEKO-Tex, il est parfait pour une pratique attentive.\",\"breadcrumb\":{\"@id\":\"https:\\\/\\\/samarali.com\\\/fr\\\/produit\\\/combinaison-courte-jupiter\\\/#breadcrumb\"},\"inLanguage\":\"fr-FR\",\"potentialAction\":[{\"@type\":\"ReadAction\",\"target\":[\"https:\\\/\\\/samarali.com\\\/fr\\\/produit\\\/combinaison-courte-jupiter\\\/\"]}]},{\"@type\":\"ImageObject\",\"inLanguage\":\"fr-FR\",\"@id\":\"https:\\\/\\\/samarali.com\\\/fr\\\/produit\\\/combinaison-courte-jupiter\\\/#primaryimage\",\"url\":\"https:\\\/\\\/samarali.com\\\/wp-content\\\/uploads\\\/2024\\\/08\\\/Jumpsuit-Grace-XS-M-9.jpg\",\"contentUrl\":\"https:\\\/\\\/samarali.com\\\/wp-content\\\/uploads\\\/2024\\\/08\\\/Jumpsuit-Grace-XS-M-9.jpg\",\"width\":830,\"height\":830,\"caption\":\"Combinaison Grace XS M 9\"},{\"@type\":\"BreadcrumbList\",\"@id\":\"https:\\\/\\\/samarali.com\\\/fr\\\/produit\\\/combinaison-courte-jupiter\\\/#breadcrumb\",\"itemListElement\":[{\"@type\":\"ListItem\",\"position\":1,\"name\":\"Accueil\",\"item\":\"https:\\\/\\\/samarali.com\\\/fr\\\/accueil\\\/\"},{\"@type\":\"ListItem\",\"position\":2,\"name\":\"Boutique\",\"item\":\"https:\\\/\\\/samarali.com\\\/fr\\\/boutique\\\/\"},{\"@type\":\"ListItem\",\"position\":3,\"name\":\"Combinaison courte Jupiter\"}]},{\"@type\":\"WebSite\",\"@id\":\"https:\\\/\\\/samarali.com\\\/fr\\\/#website\",\"url\":\"https:\\\/\\\/samarali.com\\\/fr\\\/\",\"name\":\"Samarali\",\"description\":\"Samarali est une marque de yoga et de style de vie durable bas\u00e9e aux Pays-Bas.\",\"publisher\":{\"@id\":\"https:\\\/\\\/samarali.com\\\/fr\\\/#organization\"},\"potentialAction\":[{\"@type\":\"SearchAction\",\"target\":{\"@type\":\"EntryPoint\",\"urlTemplate\":\"https:\\\/\\\/samarali.com\\\/fr\\\/?s={search_term_string}\"},\"query-input\":{\"@type\":\"PropertyValueSpecification\",\"valueRequired\":true,\"valueName\":\"search_term_string\"}}],\"inLanguage\":\"fr-FR\"},{\"@type\":\"Organization\",\"@id\":\"https:\\\/\\\/samarali.com\\\/fr\\\/#organization\",\"name\":\"Samarali\",\"url\":\"https:\\\/\\\/samarali.com\\\/fr\\\/\",\"logo\":{\"@type\":\"ImageObject\",\"inLanguage\":\"fr-FR\",\"@id\":\"https:\\\/\\\/samarali.com\\\/fr\\\/#\\\/schema\\\/logo\\\/image\\\/\",\"url\":\"https:\\\/\\\/samarali.com\\\/wp-content\\\/uploads\\\/2024\\\/05\\\/cropped-samarali-icon.png\",\"contentUrl\":\"https:\\\/\\\/samarali.com\\\/wp-content\\\/uploads\\\/2024\\\/05\\\/cropped-samarali-icon.png\",\"width\":512,\"height\":512,\"caption\":\"Samarali\"},\"image\":{\"@id\":\"https:\\\/\\\/samarali.com\\\/fr\\\/#\\\/schema\\\/logo\\\/image\\\/\"},\"sameAs\":[\"https:\\\/\\\/www.facebook.com\\\/samaraliyoga\",\"https:\\\/\\\/www.linkedin.com\\\/company\\\/69563155\\\/\",\"https:\\\/\\\/www.instagram.com\\\/samaraliyoga\\\/\",\"https:\\\/\\\/nl.pinterest.com\\\/Samaraliyoga\\\/\"],\"description\":\"Samarali is a sustainable yoga and lifestyle brand based in the Netherlands\",\"email\":\"info@samarali.com\",\"legalName\":\"Samarali B.V.\",\"vatID\":\"NL859820324B01\",\"numberOfEmployees\":{\"@type\":\"QuantitativeValue\",\"minValue\":\"1\",\"maxValue\":\"10\"}}]}<\/script>\n<meta property=\"og:availability\" content=\"instock\" \/>\n<meta property=\"product:availability\" content=\"instock\" \/>\n<meta property=\"product:condition\" content=\"new\" \/>\n<!-- \/ Yoast SEO Premium plugin. -->","yoast_head_json":{"title":"Combinaison Courte Jupiter: Confort et Style pour le Yoga","description":"\u00c9levez votre pratique du yoga avec notre combinaison courte Jupiter, produite de mani\u00e8re \u00e9thique. Fabriqu\u00e9 \u00e0 partir de mat\u00e9riaux certifi\u00e9s OEKO-Tex, il est parfait pour une pratique attentive.","robots":{"index":"index","follow":"follow","max-snippet":"max-snippet:-1","max-image-preview":"max-image-preview:large","max-video-preview":"max-video-preview:-1"},"canonical":"https:\/\/samarali.com\/fr\/produit\/combinaison-courte-jupiter\/","og_locale":"fr_FR","og_type":"article","og_title":"Combinaison Jupiter: Style et Confort pour Tous","og_description":"Optez pour la combinaison Jupiter, parfaite pour le yoga et au-del\u00e0.","og_url":"https:\/\/samarali.com\/fr\/produit\/combinaison-courte-jupiter\/","og_site_name":"Samarali","article_publisher":"https:\/\/www.facebook.com\/samaraliyoga","article_modified_time":"2024-12-03T10:04:47+00:00","og_image":[{"width":830,"height":830,"url":"https:\/\/samarali.com\/wp-content\/uploads\/2024\/08\/Jumpsuit-Grace-XS-M-9.jpg","type":"image\/jpeg"}],"twitter_card":"summary_large_image","twitter_title":"Combinaison Jupiter: Style et Confort pour Tous","twitter_description":"Optez pour la combinaison Jupiter, parfaite pour le yoga et au-del\u00e0.","twitter_misc":{"Disponibilit\u00e9":"En stock"},"schema":{"@context":"https:\/\/schema.org","@graph":[{"@type":"WebPage","@id":"https:\/\/samarali.com\/fr\/produit\/combinaison-courte-jupiter\/","url":"https:\/\/samarali.com\/fr\/produit\/combinaison-courte-jupiter\/","name":"Combinaison Courte Jupiter: Confort et Style pour le Yoga","isPartOf":{"@id":"https:\/\/samarali.com\/fr\/#website"},"primaryImageOfPage":{"@id":"https:\/\/samarali.com\/fr\/produit\/combinaison-courte-jupiter\/#primaryimage"},"image":{"@id":"https:\/\/samarali.com\/fr\/produit\/combinaison-courte-jupiter\/#primaryimage"},"thumbnailUrl":"https:\/\/samarali.com\/wp-content\/uploads\/2024\/08\/Jumpsuit-Grace-XS-M-9.jpg","datePublished":"2024-08-08T11:13:22+00:00","dateModified":"2024-12-03T10:04:47+00:00","description":"\u00c9levez votre pratique du yoga avec notre combinaison courte Jupiter, produite de mani\u00e8re \u00e9thique. Fabriqu\u00e9 \u00e0 partir de mat\u00e9riaux certifi\u00e9s OEKO-Tex, il est parfait pour une pratique attentive.","breadcrumb":{"@id":"https:\/\/samarali.com\/fr\/produit\/combinaison-courte-jupiter\/#breadcrumb"},"inLanguage":"fr-FR","potentialAction":[{"@type":"ReadAction","target":["https:\/\/samarali.com\/fr\/produit\/combinaison-courte-jupiter\/"]}]},{"@type":"ImageObject","inLanguage":"fr-FR","@id":"https:\/\/samarali.com\/fr\/produit\/combinaison-courte-jupiter\/#primaryimage","url":"https:\/\/samarali.com\/wp-content\/uploads\/2024\/08\/Jumpsuit-Grace-XS-M-9.jpg","contentUrl":"https:\/\/samarali.com\/wp-content\/uploads\/2024\/08\/Jumpsuit-Grace-XS-M-9.jpg","width":830,"height":830,"caption":"Combinaison Grace XS M 9"},{"@type":"BreadcrumbList","@id":"https:\/\/samarali.com\/fr\/produit\/combinaison-courte-jupiter\/#breadcrumb","itemListElement":[{"@type":"ListItem","position":1,"name":"Accueil","item":"https:\/\/samarali.com\/fr\/accueil\/"},{"@type":"ListItem","position":2,"name":"Boutique","item":"https:\/\/samarali.com\/fr\/boutique\/"},{"@type":"ListItem","position":3,"name":"Combinaison courte Jupiter"}]},{"@type":"WebSite","@id":"https:\/\/samarali.com\/fr\/#website","url":"https:\/\/samarali.com\/fr\/","name":"Samarali","description":"Samarali est une marque de yoga et de style de vie durable bas\u00e9e aux Pays-Bas.","publisher":{"@id":"https:\/\/samarali.com\/fr\/#organization"},"potentialAction":[{"@type":"SearchAction","target":{"@type":"EntryPoint","urlTemplate":"https:\/\/samarali.com\/fr\/?s={search_term_string}"},"query-input":{"@type":"PropertyValueSpecification","valueRequired":true,"valueName":"search_term_string"}}],"inLanguage":"fr-FR"},{"@type":"Organization","@id":"https:\/\/samarali.com\/fr\/#organization","name":"Samarali","url":"https:\/\/samarali.com\/fr\/","logo":{"@type":"ImageObject","inLanguage":"fr-FR","@id":"https:\/\/samarali.com\/fr\/#\/schema\/logo\/image\/","url":"https:\/\/samarali.com\/wp-content\/uploads\/2024\/05\/cropped-samarali-icon.png","contentUrl":"https:\/\/samarali.com\/wp-content\/uploads\/2024\/05\/cropped-samarali-icon.png","width":512,"height":512,"caption":"Samarali"},"image":{"@id":"https:\/\/samarali.com\/fr\/#\/schema\/logo\/image\/"},"sameAs":["https:\/\/www.facebook.com\/samaraliyoga","https:\/\/www.linkedin.com\/company\/69563155\/","https:\/\/www.instagram.com\/samaraliyoga\/","https:\/\/nl.pinterest.com\/Samaraliyoga\/"],"description":"Samarali is a sustainable yoga and lifestyle brand based in the Netherlands","email":"info@samarali.com","legalName":"Samarali B.V.","vatID":"NL859820324B01","numberOfEmployees":{"@type":"QuantitativeValue","minValue":"1","maxValue":"10"}}]},"og_availability":"instock","product_availability":"instock","product_condition":"new"},"jetpack_sharing_enabled":true,"_links":{"self":[{"href":"https:\/\/samarali.com\/fr\/wp-json\/wp\/v2\/product\/27909","targetHints":{"allow":["GET"]}}],"collection":[{"href":"https:\/\/samarali.com\/fr\/wp-json\/wp\/v2\/product"}],"about":[{"href":"https:\/\/samarali.com\/fr\/wp-json\/wp\/v2\/types\/product"}],"replies":[{"embeddable":true,"href":"https:\/\/samarali.com\/fr\/wp-json\/wp\/v2\/comments?post=27909"}],"version-history":[{"count":1,"href":"https:\/\/samarali.com\/fr\/wp-json\/wp\/v2\/product\/27909\/revisions"}],"predecessor-version":[{"id":32651,"href":"https:\/\/samarali.com\/fr\/wp-json\/wp\/v2\/product\/27909\/revisions\/32651"}],"wp:featuredmedia":[{"embeddable":true,"href":"https:\/\/samarali.com\/fr\/wp-json\/wp\/v2\/media\/24027"}],"wp:attachment":[{"href":"https:\/\/samarali.com\/fr\/wp-json\/wp\/v2\/media?parent=27909"}],"wp:term":[{"taxonomy":"product_cat","embeddable":true,"href":"https:\/\/samarali.com\/fr\/wp-json\/wp\/v2\/product_cat?post=27909"},{"taxonomy":"product_tag","embeddable":true,"href":"https:\/\/samarali.com\/fr\/wp-json\/wp\/v2\/product_tag?post=27909"}],"curies":[{"name":"wp","href":"https:\/\/api.w.org\/{rel}","templated":true}]}}