{"id":27886,"date":"2024-08-08T10:24:42","date_gmt":"2024-08-08T10:24:42","guid":{"rendered":"https:\/\/samarali.com\/product\/leggings\/"},"modified":"2025-01-01T00:04:37","modified_gmt":"2024-12-31T23:04:37","slug":"leggings","status":"publish","type":"product","link":"https:\/\/samarali.com\/fr\/produit\/leggings\/","title":{"rendered":"Leggings"},"content":{"rendered":"<div>\n<div>\n<p>Les leggings sont devenus un \u00e9l\u00e9ment essentiel de presque toutes les garde-robes, qu&rsquo;ils soient port\u00e9s pour le sport ou pour la vie de tous les jours. Nos leggings sont fabriqu\u00e9s dans un tissu de haute qualit\u00e9, respirant, \u00e0 la texture velout\u00e9e et certifi\u00e9 OEKO-Tex. Une fois que vous aurez commenc\u00e9 \u00e0 les porter, ils deviendront certainement l&rsquo;un de vos v\u00eatements pr\u00e9f\u00e9r\u00e9s !<\/p>\n<p>Le tissu n&rsquo;est pas transparent, ce qui lui permet de rester opaque m\u00eame lors d&rsquo;\u00e9tirements profonds. Con\u00e7us avec une taille haute, ces leggings sont parfaits pour le yoga, le fitness et les activit\u00e9s quotidiennes. La douceur de la mati\u00e8re offre un confort maximal pour vos asanas, et ils sont tout aussi confortables pour se pr\u00e9lasser \u00e0 la maison que pour se promener.<\/p>\n<\/div>\n<div><strong>Les lignes directrices en mati\u00e8re de soins :<\/strong><\/div>\n<div>\n<ul>\n<li>Laver avec des couleurs similaires<\/li>\n<li>Laver \u00e0 l&rsquo;eau froide (jusqu&rsquo;\u00e0 30\u00b0C) sur un cycle d\u00e9licat.<\/li>\n<\/ul>\n<\/div>\n<\/div>\n<div><strong>Tailles de nos mod\u00e8les :<\/strong><\/div>\n<ul>\n<li>XS : taille 169 cm, buste x taille x hanches : 81 x59 x 88 cm<\/li>\n<li>S : taille 170 cm, buste x taille x hanches : 82 x59 x 90 cm<\/li>\n<li>M : taille : 169 cm, buste x taille x hanches : 85 x63 x 95 cm<\/li>\n<li>L : taille : 179 cm, buste x taille x hanches : 96 x 76 x 106 cm.<\/li>\n<\/ul>\n","protected":false},"excerpt":{"rendered":"<p>Faites l&rsquo;exp\u00e9rience d&rsquo;un confort et d&rsquo;un style ultimes avec nos leggings \u00e0 la texture velout\u00e9e. Ces leggings sont indispensables \u00e0 toute personne soucieuse de la mode. Fabriqu\u00e9 en tissu non transparent de haute qualit\u00e9.<\/p>\n","protected":false},"featured_media":23784,"comment_status":"open","ping_status":"closed","template":"","meta":{"_acf_changed":false,"_improvement_type_select":"improve_an_existing","_thumb_yes_seoaic":false,"_frame_yes_seoaic":false,"seoaic_generate_description":"","seoaic_improve_instructions_prompt":"","seoaic_rollback_content_improvement":"","seoaic_idea_thumbnail_generator":"","thumbnail_generated":false,"thumbnail_generate_prompt":"","seoaic_article_description":"","inline_featured_image":false},"product_cat":[236],"product_tag":[],"class_list":{"0":"post-27886","1":"product","2":"type-product","3":"status-publish","4":"has-post-thumbnail","6":"product_cat-vetements","8":"first","9":"instock","10":"shipping-taxable","11":"purchasable","12":"product-type-variable"},"acf":[],"yoast_head":"<!-- This site is optimized with the Yoast SEO Premium plugin v27.3 (Yoast SEO v27.3) - https:\/\/yoast.com\/product\/yoast-seo-premium-wordpress\/ -->\n<title>Leggings - Samarali<\/title>\n<meta name=\"description\" content=\"Faites l&#039;exp\u00e9rience d&#039;un confort et d&#039;un style ultimes avec nos leggings \u00e0 la texture velout\u00e9e. Ces leggings sont indispensables \u00e0 toute personne soucieuse de la mode. Achetez maintenant !\" \/>\n<meta name=\"robots\" content=\"index, follow, max-snippet:-1, max-image-preview:large, max-video-preview:-1\" \/>\n<link rel=\"canonical\" href=\"https:\/\/samarali.com\/fr\/produit\/leggings\/\" \/>\n<meta property=\"og:locale\" content=\"fr_FR\" \/>\n<meta property=\"og:type\" content=\"article\" \/>\n<meta property=\"og:title\" content=\"Leggings - Samarali\" \/>\n<meta property=\"og:description\" content=\"Faites l&#039;exp\u00e9rience d&#039;un confort et d&#039;un style ultimes avec nos leggings \u00e0 la texture velout\u00e9e. Ces leggings sont indispensables \u00e0 toute personne soucieuse de la mode. Achetez maintenant !\" \/>\n<meta property=\"og:url\" content=\"https:\/\/samarali.com\/fr\/produit\/leggings\/\" \/>\n<meta property=\"og:site_name\" content=\"Samarali\" \/>\n<meta property=\"article:publisher\" content=\"https:\/\/www.facebook.com\/samaraliyoga\" \/>\n<meta property=\"article:modified_time\" content=\"2024-12-31T23:04:37+00:00\" \/>\n<meta property=\"og:image\" content=\"https:\/\/samarali.com\/wp-content\/uploads\/2024\/08\/Yoga-legging-1.jpg\" \/>\n\t<meta property=\"og:image:width\" content=\"830\" \/>\n\t<meta property=\"og:image:height\" content=\"830\" \/>\n\t<meta property=\"og:image:type\" content=\"image\/jpeg\" \/>\n<meta name=\"twitter:card\" content=\"summary_large_image\" \/>\n<meta name=\"twitter:label1\" content=\"Disponibilit\u00e9\" \/>\n\t<meta name=\"twitter:data1\" content=\"En stock\" \/>\n<script type=\"application\/ld+json\" class=\"yoast-schema-graph\">{\"@context\":\"https:\\\/\\\/schema.org\",\"@graph\":[{\"@type\":\"WebPage\",\"@id\":\"https:\\\/\\\/samarali.com\\\/fr\\\/produit\\\/leggings\\\/\",\"url\":\"https:\\\/\\\/samarali.com\\\/fr\\\/produit\\\/leggings\\\/\",\"name\":\"Leggings - Samarali\",\"isPartOf\":{\"@id\":\"https:\\\/\\\/samarali.com\\\/fr\\\/#website\"},\"primaryImageOfPage\":{\"@id\":\"https:\\\/\\\/samarali.com\\\/fr\\\/produit\\\/leggings\\\/#primaryimage\"},\"image\":{\"@id\":\"https:\\\/\\\/samarali.com\\\/fr\\\/produit\\\/leggings\\\/#primaryimage\"},\"thumbnailUrl\":\"https:\\\/\\\/samarali.com\\\/wp-content\\\/uploads\\\/2024\\\/08\\\/Legging-top-Blue-13-1.jpg\",\"datePublished\":\"2024-08-08T10:24:42+00:00\",\"dateModified\":\"2024-12-31T23:04:37+00:00\",\"description\":\"Faites l'exp\u00e9rience d'un confort et d'un style ultimes avec nos leggings \u00e0 la texture velout\u00e9e. Ces leggings sont indispensables \u00e0 toute personne soucieuse de la mode. Achetez maintenant !\",\"breadcrumb\":{\"@id\":\"https:\\\/\\\/samarali.com\\\/fr\\\/produit\\\/leggings\\\/#breadcrumb\"},\"inLanguage\":\"fr-FR\",\"potentialAction\":[{\"@type\":\"ReadAction\",\"target\":[\"https:\\\/\\\/samarali.com\\\/fr\\\/produit\\\/leggings\\\/\"]}]},{\"@type\":\"ImageObject\",\"inLanguage\":\"fr-FR\",\"@id\":\"https:\\\/\\\/samarali.com\\\/fr\\\/produit\\\/leggings\\\/#primaryimage\",\"url\":\"https:\\\/\\\/samarali.com\\\/wp-content\\\/uploads\\\/2024\\\/08\\\/Legging-top-Blue-13-1.jpg\",\"contentUrl\":\"https:\\\/\\\/samarali.com\\\/wp-content\\\/uploads\\\/2024\\\/08\\\/Legging-top-Blue-13-1.jpg\",\"width\":1000,\"height\":1000,\"caption\":\"Haut de jambe Bleu 13 1\"},{\"@type\":\"BreadcrumbList\",\"@id\":\"https:\\\/\\\/samarali.com\\\/fr\\\/produit\\\/leggings\\\/#breadcrumb\",\"itemListElement\":[{\"@type\":\"ListItem\",\"position\":1,\"name\":\"Accueil\",\"item\":\"https:\\\/\\\/samarali.com\\\/fr\\\/accueil\\\/\"},{\"@type\":\"ListItem\",\"position\":2,\"name\":\"Boutique\",\"item\":\"https:\\\/\\\/samarali.com\\\/fr\\\/boutique\\\/\"},{\"@type\":\"ListItem\",\"position\":3,\"name\":\"Leggings\"}]},{\"@type\":\"WebSite\",\"@id\":\"https:\\\/\\\/samarali.com\\\/fr\\\/#website\",\"url\":\"https:\\\/\\\/samarali.com\\\/fr\\\/\",\"name\":\"Samarali\",\"description\":\"Samarali est une marque de yoga et de style de vie durable bas\u00e9e aux Pays-Bas.\",\"publisher\":{\"@id\":\"https:\\\/\\\/samarali.com\\\/fr\\\/#organization\"},\"potentialAction\":[{\"@type\":\"SearchAction\",\"target\":{\"@type\":\"EntryPoint\",\"urlTemplate\":\"https:\\\/\\\/samarali.com\\\/fr\\\/?s={search_term_string}\"},\"query-input\":{\"@type\":\"PropertyValueSpecification\",\"valueRequired\":true,\"valueName\":\"search_term_string\"}}],\"inLanguage\":\"fr-FR\"},{\"@type\":\"Organization\",\"@id\":\"https:\\\/\\\/samarali.com\\\/fr\\\/#organization\",\"name\":\"Samarali\",\"url\":\"https:\\\/\\\/samarali.com\\\/fr\\\/\",\"logo\":{\"@type\":\"ImageObject\",\"inLanguage\":\"fr-FR\",\"@id\":\"https:\\\/\\\/samarali.com\\\/fr\\\/#\\\/schema\\\/logo\\\/image\\\/\",\"url\":\"https:\\\/\\\/samarali.com\\\/wp-content\\\/uploads\\\/2024\\\/05\\\/cropped-samarali-icon.png\",\"contentUrl\":\"https:\\\/\\\/samarali.com\\\/wp-content\\\/uploads\\\/2024\\\/05\\\/cropped-samarali-icon.png\",\"width\":512,\"height\":512,\"caption\":\"Samarali\"},\"image\":{\"@id\":\"https:\\\/\\\/samarali.com\\\/fr\\\/#\\\/schema\\\/logo\\\/image\\\/\"},\"sameAs\":[\"https:\\\/\\\/www.facebook.com\\\/samaraliyoga\",\"https:\\\/\\\/www.linkedin.com\\\/company\\\/69563155\\\/\",\"https:\\\/\\\/www.instagram.com\\\/samaraliyoga\\\/\",\"https:\\\/\\\/nl.pinterest.com\\\/Samaraliyoga\\\/\"],\"description\":\"Samarali is a sustainable yoga and lifestyle brand based in the Netherlands\",\"email\":\"info@samarali.com\",\"legalName\":\"Samarali B.V.\",\"vatID\":\"NL859820324B01\",\"numberOfEmployees\":{\"@type\":\"QuantitativeValue\",\"minValue\":\"1\",\"maxValue\":\"10\"}}]}<\/script>\n<meta property=\"og:availability\" content=\"instock\" \/>\n<meta property=\"product:availability\" content=\"instock\" \/>\n<meta property=\"product:condition\" content=\"new\" \/>\n<!-- \/ Yoast SEO Premium plugin. -->","yoast_head_json":{"title":"Leggings - Samarali","description":"Faites l'exp\u00e9rience d'un confort et d'un style ultimes avec nos leggings \u00e0 la texture velout\u00e9e. Ces leggings sont indispensables \u00e0 toute personne soucieuse de la mode. Achetez maintenant !","robots":{"index":"index","follow":"follow","max-snippet":"max-snippet:-1","max-image-preview":"max-image-preview:large","max-video-preview":"max-video-preview:-1"},"canonical":"https:\/\/samarali.com\/fr\/produit\/leggings\/","og_locale":"fr_FR","og_type":"article","og_title":"Leggings - Samarali","og_description":"Faites l'exp\u00e9rience d'un confort et d'un style ultimes avec nos leggings \u00e0 la texture velout\u00e9e. Ces leggings sont indispensables \u00e0 toute personne soucieuse de la mode. Achetez maintenant !","og_url":"https:\/\/samarali.com\/fr\/produit\/leggings\/","og_site_name":"Samarali","article_publisher":"https:\/\/www.facebook.com\/samaraliyoga","article_modified_time":"2024-12-31T23:04:37+00:00","og_image":[{"width":830,"height":830,"url":"https:\/\/samarali.com\/wp-content\/uploads\/2024\/08\/Yoga-legging-1.jpg","type":"image\/jpeg"}],"twitter_card":"summary_large_image","twitter_misc":{"Disponibilit\u00e9":"En stock"},"schema":{"@context":"https:\/\/schema.org","@graph":[{"@type":"WebPage","@id":"https:\/\/samarali.com\/fr\/produit\/leggings\/","url":"https:\/\/samarali.com\/fr\/produit\/leggings\/","name":"Leggings - Samarali","isPartOf":{"@id":"https:\/\/samarali.com\/fr\/#website"},"primaryImageOfPage":{"@id":"https:\/\/samarali.com\/fr\/produit\/leggings\/#primaryimage"},"image":{"@id":"https:\/\/samarali.com\/fr\/produit\/leggings\/#primaryimage"},"thumbnailUrl":"https:\/\/samarali.com\/wp-content\/uploads\/2024\/08\/Legging-top-Blue-13-1.jpg","datePublished":"2024-08-08T10:24:42+00:00","dateModified":"2024-12-31T23:04:37+00:00","description":"Faites l'exp\u00e9rience d'un confort et d'un style ultimes avec nos leggings \u00e0 la texture velout\u00e9e. Ces leggings sont indispensables \u00e0 toute personne soucieuse de la mode. Achetez maintenant !","breadcrumb":{"@id":"https:\/\/samarali.com\/fr\/produit\/leggings\/#breadcrumb"},"inLanguage":"fr-FR","potentialAction":[{"@type":"ReadAction","target":["https:\/\/samarali.com\/fr\/produit\/leggings\/"]}]},{"@type":"ImageObject","inLanguage":"fr-FR","@id":"https:\/\/samarali.com\/fr\/produit\/leggings\/#primaryimage","url":"https:\/\/samarali.com\/wp-content\/uploads\/2024\/08\/Legging-top-Blue-13-1.jpg","contentUrl":"https:\/\/samarali.com\/wp-content\/uploads\/2024\/08\/Legging-top-Blue-13-1.jpg","width":1000,"height":1000,"caption":"Haut de jambe Bleu 13 1"},{"@type":"BreadcrumbList","@id":"https:\/\/samarali.com\/fr\/produit\/leggings\/#breadcrumb","itemListElement":[{"@type":"ListItem","position":1,"name":"Accueil","item":"https:\/\/samarali.com\/fr\/accueil\/"},{"@type":"ListItem","position":2,"name":"Boutique","item":"https:\/\/samarali.com\/fr\/boutique\/"},{"@type":"ListItem","position":3,"name":"Leggings"}]},{"@type":"WebSite","@id":"https:\/\/samarali.com\/fr\/#website","url":"https:\/\/samarali.com\/fr\/","name":"Samarali","description":"Samarali est une marque de yoga et de style de vie durable bas\u00e9e aux Pays-Bas.","publisher":{"@id":"https:\/\/samarali.com\/fr\/#organization"},"potentialAction":[{"@type":"SearchAction","target":{"@type":"EntryPoint","urlTemplate":"https:\/\/samarali.com\/fr\/?s={search_term_string}"},"query-input":{"@type":"PropertyValueSpecification","valueRequired":true,"valueName":"search_term_string"}}],"inLanguage":"fr-FR"},{"@type":"Organization","@id":"https:\/\/samarali.com\/fr\/#organization","name":"Samarali","url":"https:\/\/samarali.com\/fr\/","logo":{"@type":"ImageObject","inLanguage":"fr-FR","@id":"https:\/\/samarali.com\/fr\/#\/schema\/logo\/image\/","url":"https:\/\/samarali.com\/wp-content\/uploads\/2024\/05\/cropped-samarali-icon.png","contentUrl":"https:\/\/samarali.com\/wp-content\/uploads\/2024\/05\/cropped-samarali-icon.png","width":512,"height":512,"caption":"Samarali"},"image":{"@id":"https:\/\/samarali.com\/fr\/#\/schema\/logo\/image\/"},"sameAs":["https:\/\/www.facebook.com\/samaraliyoga","https:\/\/www.linkedin.com\/company\/69563155\/","https:\/\/www.instagram.com\/samaraliyoga\/","https:\/\/nl.pinterest.com\/Samaraliyoga\/"],"description":"Samarali is a sustainable yoga and lifestyle brand based in the Netherlands","email":"info@samarali.com","legalName":"Samarali B.V.","vatID":"NL859820324B01","numberOfEmployees":{"@type":"QuantitativeValue","minValue":"1","maxValue":"10"}}]},"og_availability":"instock","product_availability":"instock","product_condition":"new"},"jetpack_sharing_enabled":true,"_links":{"self":[{"href":"https:\/\/samarali.com\/fr\/wp-json\/wp\/v2\/product\/27886","targetHints":{"allow":["GET"]}}],"collection":[{"href":"https:\/\/samarali.com\/fr\/wp-json\/wp\/v2\/product"}],"about":[{"href":"https:\/\/samarali.com\/fr\/wp-json\/wp\/v2\/types\/product"}],"replies":[{"embeddable":true,"href":"https:\/\/samarali.com\/fr\/wp-json\/wp\/v2\/comments?post=27886"}],"version-history":[{"count":1,"href":"https:\/\/samarali.com\/fr\/wp-json\/wp\/v2\/product\/27886\/revisions"}],"predecessor-version":[{"id":32674,"href":"https:\/\/samarali.com\/fr\/wp-json\/wp\/v2\/product\/27886\/revisions\/32674"}],"wp:featuredmedia":[{"embeddable":true,"href":"https:\/\/samarali.com\/fr\/wp-json\/wp\/v2\/media\/23784"}],"wp:attachment":[{"href":"https:\/\/samarali.com\/fr\/wp-json\/wp\/v2\/media?parent=27886"}],"wp:term":[{"taxonomy":"product_cat","embeddable":true,"href":"https:\/\/samarali.com\/fr\/wp-json\/wp\/v2\/product_cat?post=27886"},{"taxonomy":"product_tag","embeddable":true,"href":"https:\/\/samarali.com\/fr\/wp-json\/wp\/v2\/product_tag?post=27886"}],"curies":[{"name":"wp","href":"https:\/\/api.w.org\/{rel}","templated":true}]}}