{"id":37116,"date":"2026-02-16T14:09:19","date_gmt":"2026-02-16T13:09:19","guid":{"rendered":"https:\/\/samarali.com\/postes-dinvites\/"},"modified":"2026-02-16T14:35:54","modified_gmt":"2026-02-16T13:35:54","slug":"postes-dinvites","status":"publish","type":"page","link":"https:\/\/samarali.com\/fr\/postes-dinvites\/","title":{"rendered":"Postes d&rsquo;invit\u00e9s exclusifs chez Samarali"},"content":{"rendered":"\t\t<div data-elementor-type=\"wp-page\" data-elementor-id=\"37116\" class=\"elementor elementor-37116 elementor-37111\">\n\t\t\t\t<div class=\"elementor-element elementor-element-5d67f91d e-flex e-con-boxed e-con e-parent\" data-id=\"5d67f91d\" data-element_type=\"container\">\n\t\t\t\t\t<div class=\"e-con-inner\">\n\t\t\t\t<div class=\"elementor-element elementor-element-69ba2c7 elementor-widget elementor-widget-text-editor\" data-id=\"69ba2c7\" data-element_type=\"widget\" data-widget_type=\"text-editor.default\">\n\t\t\t\t<div class=\"elementor-widget-container\">\n\t\t\t\t\t\t\t\t\t<p>\nSamarali accepte des contributions d&rsquo;invit\u00e9s exclusives et de haute qualit\u00e9 pour son site web.  \nNous donnons la priorit\u00e9 \u00e0 un contenu original et bien document\u00e9 qui apporte une v\u00e9ritable valeur ajout\u00e9e \u00e0 notre public.\n<\/p>\n\n<h3>Lignes directrices pour la soumission<\/h3>\n<p>\nToutes les soumissions doivent\n<\/p>\n\n<ul>\n  <li>\u00catre original et r\u00e9dig\u00e9 de mani\u00e8re professionnelle en anglais (autres langues facultatives : FR, DE, SE, NL).<\/li>\n  <li>Proposer un contenu pertinent et bien document\u00e9<\/li>\n  <li>Soyez pertinent, informatif, cr\u00e9dible et non promotionnel.<\/li>\n  <li>Respecter nos normes \u00e9ditoriales et nos r\u00e8gles de mise en forme<\/li>\n  <li>Inclure des sources cr\u00e9dibles et dignes de confiance<\/li>\n<\/ul>\n\n<p>\nLes propositions sont examin\u00e9es par notre \u00e9quipe \u00e9ditoriale. Nous nous r\u00e9servons le droit de modifier ou de rejeter les contenus qui ne r\u00e9pondent pas \u00e0 nos normes.  \nLa publication n&rsquo;est confirm\u00e9e qu&rsquo;apr\u00e8s approbation et r\u00e9ception du paiement.\n<\/p>\n\n<h3>Investissement et placement<\/h3>\n\n<table style=\"width:100%; border-collapse: collapse;\">\n  <thead>\n    <tr>\n      <th style=\"border:1px solid #ddd; padding:10px; text-align:left;\">Service<\/th>\n      <th style=\"border:1px solid #ddd; padding:10px; text-align:left;\">Frais (hors TVA)<\/th>\n    <\/tr>\n  <\/thead>\n  <tbody>\n    <tr>\n      <td style=\"border:1px solid #ddd; padding:10px;\">\n  Publiez du contenu invit\u00e9 en anglais avec 1 lien retour\n      <\/td>\n      <td style=\"border:1px solid #ddd; padding:10px;\">\n  \u20ac250\n      <\/td>\n    <\/tr>\n    <tr>\n      <td style=\"border:1px solid #ddd; padding:10px;\">\n  Publier dans une autre langue avec 1 backlink\n      <\/td>\n      <td style=\"border:1px solid #ddd; padding:10px;\">\n  + 150 \u20ac par langue\n      <\/td>\n    <\/tr>\n    <tr>\n      <td style=\"border:1px solid #ddd; padding:10px;\">\n  Ajoutez un lien retour au contenu existant\n      <\/td>\n      <td style=\"border:1px solid #ddd; padding:10px;\">\n  \u20ac100\n      <\/td>\n    <\/tr>\n  <\/tbody>\n<\/table>\n\n<ul>\n  <li>La TVA sera incluse dans la facture.<\/li>\n  <li>Les backlinks doivent pointer vers des sites originaux et de qualit\u00e9 ; les contenus spammy ou dupliqu\u00e9s ne sont pas accept\u00e9s.<\/li>\n  <li>Le contenu publi\u00e9 et les backlinks restent sur Samarali aussi longtemps que le site existe.<\/li>\n<\/ul>\n\n<h3>Comment postuler<\/h3>\n<p>\nFournir :\n<\/p>\n\n<ul>\n  <li>Sujet ou URL propos\u00e9 pour le lien retour<\/li>\n  <li>R\u00e9f\u00e9rences de l&rsquo;auteur<\/li>\n  <li>Toute langue suppl\u00e9mentaire demand\u00e9e<\/li>\n<\/ul>\n\n<p>\nNotre \u00e9quipe \u00e9ditoriale \u00e9valuera votre soumission et confirmera le placement, en veillant \u00e0 ce que chaque contribution r\u00e9ponde \u00e0 nos normes de qualit\u00e9.  \nPour toute question ou demande suppl\u00e9mentaire, envoyez un courriel \u00e0  \n<a href=\"mailto:info@samarali.com\">info@samarali.com.<\/a>\n<\/p>\t\t\t\t\t\t\t\t<\/div>\n\t\t\t\t<\/div>\n\t\t\t\t\t<\/div>\n\t\t\t\t<\/div>\n\t\t\t\t<\/div>\n\t\t","protected":false},"excerpt":{"rendered":"<p>Samarali accepte des contributions d&rsquo;invit\u00e9s exclusives et de haute qualit\u00e9 pour son site web. Nous donnons la priorit\u00e9 \u00e0 un contenu original et bien document\u00e9 qui apporte une v\u00e9ritable valeur ajout\u00e9e \u00e0 notre public. Lignes directrices pour la soumission Toutes les soumissions doivent \u00catre original et r\u00e9dig\u00e9 de mani\u00e8re professionnelle en anglais (autres langues facultatives [&hellip;]<\/p>\n","protected":false},"author":4,"featured_media":0,"parent":0,"menu_order":0,"comment_status":"closed","ping_status":"closed","template":"","meta":{"_acf_changed":false,"_improvement_type_select":"improve_an_existing","_thumb_yes_seoaic":false,"_frame_yes_seoaic":false,"seoaic_generate_description":"","seoaic_improve_instructions_prompt":"","seoaic_rollback_content_improvement":"","seoaic_idea_thumbnail_generator":"","thumbnail_generated":false,"thumbnail_generate_prompt":"","seoaic_article_description":"","inline_featured_image":false,"footnotes":""},"class_list":["post-37116","page","type-page","status-publish","hentry"],"acf":[],"yoast_head":"<!-- This site is optimized with the Yoast SEO Premium plugin v27.4 (Yoast SEO v27.4) - https:\/\/yoast.com\/product\/yoast-seo-premium-wordpress\/ -->\n<title>Postes d&#039;invit\u00e9s exclusifs chez Samarali - Samarali<\/title>\n<meta name=\"robots\" content=\"index, follow, max-snippet:-1, max-image-preview:large, max-video-preview:-1\" \/>\n<link rel=\"canonical\" href=\"https:\/\/samarali.com\/fr\/postes-dinvites\/\" \/>\n<meta property=\"og:locale\" content=\"fr_FR\" \/>\n<meta property=\"og:type\" content=\"article\" \/>\n<meta property=\"og:title\" content=\"Postes d&#039;invit\u00e9s exclusifs chez Samarali\" \/>\n<meta property=\"og:description\" content=\"Samarali accepte des contributions d&rsquo;invit\u00e9s exclusives et de haute qualit\u00e9 pour son site web. Nous donnons la priorit\u00e9 \u00e0 un contenu original et bien document\u00e9 qui apporte une v\u00e9ritable valeur ajout\u00e9e \u00e0 notre public. Lignes directrices pour la soumission Toutes les soumissions doivent \u00catre original et r\u00e9dig\u00e9 de mani\u00e8re professionnelle en anglais (autres langues facultatives [&hellip;]\" \/>\n<meta property=\"og:url\" content=\"https:\/\/samarali.com\/fr\/postes-dinvites\/\" \/>\n<meta property=\"og:site_name\" content=\"Samarali\" \/>\n<meta property=\"article:publisher\" content=\"https:\/\/www.facebook.com\/samaraliyoga\" \/>\n<meta property=\"article:modified_time\" content=\"2026-02-16T13:35:54+00:00\" \/>\n<meta property=\"og:image\" content=\"https:\/\/samarali.com\/wp-content\/uploads\/2024\/09\/Natural-rubber-yoga-mats-prune-and-dark-green_16.jpg\" \/>\n\t<meta property=\"og:image:width\" content=\"1000\" \/>\n\t<meta property=\"og:image:height\" content=\"1000\" \/>\n\t<meta property=\"og:image:type\" content=\"image\/jpeg\" \/>\n<meta name=\"twitter:card\" content=\"summary_large_image\" \/>\n<meta name=\"twitter:label1\" content=\"Dur\u00e9e de lecture estim\u00e9e\" \/>\n\t<meta name=\"twitter:data1\" content=\"1 minute\" \/>\n<script type=\"application\/ld+json\" class=\"yoast-schema-graph\">{\"@context\":\"https:\\\/\\\/schema.org\",\"@graph\":[{\"@type\":\"WebPage\",\"@id\":\"https:\\\/\\\/samarali.com\\\/fr\\\/postes-dinvites\\\/\",\"url\":\"https:\\\/\\\/samarali.com\\\/fr\\\/postes-dinvites\\\/\",\"name\":\"Postes d'invit\u00e9s exclusifs chez Samarali - Samarali\",\"isPartOf\":{\"@id\":\"https:\\\/\\\/samarali.com\\\/fr\\\/#website\"},\"datePublished\":\"2026-02-16T13:09:19+00:00\",\"dateModified\":\"2026-02-16T13:35:54+00:00\",\"breadcrumb\":{\"@id\":\"https:\\\/\\\/samarali.com\\\/fr\\\/postes-dinvites\\\/#breadcrumb\"},\"inLanguage\":\"fr-FR\",\"potentialAction\":[{\"@type\":\"ReadAction\",\"target\":[\"https:\\\/\\\/samarali.com\\\/fr\\\/postes-dinvites\\\/\"]}]},{\"@type\":\"BreadcrumbList\",\"@id\":\"https:\\\/\\\/samarali.com\\\/fr\\\/postes-dinvites\\\/#breadcrumb\",\"itemListElement\":[{\"@type\":\"ListItem\",\"position\":1,\"name\":\"Accueil\",\"item\":\"https:\\\/\\\/samarali.com\\\/fr\\\/accueil\\\/\"},{\"@type\":\"ListItem\",\"position\":2,\"name\":\"Postes d&#8217;invit\u00e9s exclusifs chez Samarali\"}]},{\"@type\":\"WebSite\",\"@id\":\"https:\\\/\\\/samarali.com\\\/fr\\\/#website\",\"url\":\"https:\\\/\\\/samarali.com\\\/fr\\\/\",\"name\":\"Samarali\",\"description\":\"Samarali est une marque de yoga et de style de vie durable bas\u00e9e aux Pays-Bas.\",\"publisher\":{\"@id\":\"https:\\\/\\\/samarali.com\\\/fr\\\/#organization\"},\"potentialAction\":[{\"@type\":\"SearchAction\",\"target\":{\"@type\":\"EntryPoint\",\"urlTemplate\":\"https:\\\/\\\/samarali.com\\\/fr\\\/?s={search_term_string}\"},\"query-input\":{\"@type\":\"PropertyValueSpecification\",\"valueRequired\":true,\"valueName\":\"search_term_string\"}}],\"inLanguage\":\"fr-FR\"},{\"@type\":\"Organization\",\"@id\":\"https:\\\/\\\/samarali.com\\\/fr\\\/#organization\",\"name\":\"Samarali\",\"url\":\"https:\\\/\\\/samarali.com\\\/fr\\\/\",\"logo\":{\"@type\":\"ImageObject\",\"inLanguage\":\"fr-FR\",\"@id\":\"https:\\\/\\\/samarali.com\\\/fr\\\/#\\\/schema\\\/logo\\\/image\\\/\",\"url\":\"https:\\\/\\\/samarali.com\\\/wp-content\\\/uploads\\\/2024\\\/05\\\/cropped-samarali-icon.png\",\"contentUrl\":\"https:\\\/\\\/samarali.com\\\/wp-content\\\/uploads\\\/2024\\\/05\\\/cropped-samarali-icon.png\",\"width\":512,\"height\":512,\"caption\":\"Samarali\"},\"image\":{\"@id\":\"https:\\\/\\\/samarali.com\\\/fr\\\/#\\\/schema\\\/logo\\\/image\\\/\"},\"sameAs\":[\"https:\\\/\\\/www.facebook.com\\\/samaraliyoga\",\"https:\\\/\\\/www.linkedin.com\\\/company\\\/69563155\\\/\",\"https:\\\/\\\/www.instagram.com\\\/samaraliyoga\\\/\",\"https:\\\/\\\/nl.pinterest.com\\\/Samaraliyoga\\\/\"],\"description\":\"Samarali is a sustainable yoga and lifestyle brand based in the Netherlands\",\"email\":\"info@samarali.com\",\"legalName\":\"Samarali B.V.\",\"vatID\":\"NL859820324B01\",\"numberOfEmployees\":{\"@type\":\"QuantitativeValue\",\"minValue\":\"1\",\"maxValue\":\"10\"}}]}<\/script>\n<!-- \/ Yoast SEO Premium plugin. -->","yoast_head_json":{"title":"Postes d'invit\u00e9s exclusifs chez Samarali - Samarali","robots":{"index":"index","follow":"follow","max-snippet":"max-snippet:-1","max-image-preview":"max-image-preview:large","max-video-preview":"max-video-preview:-1"},"canonical":"https:\/\/samarali.com\/fr\/postes-dinvites\/","og_locale":"fr_FR","og_type":"article","og_title":"Postes d'invit\u00e9s exclusifs chez Samarali","og_description":"Samarali accepte des contributions d&rsquo;invit\u00e9s exclusives et de haute qualit\u00e9 pour son site web. Nous donnons la priorit\u00e9 \u00e0 un contenu original et bien document\u00e9 qui apporte une v\u00e9ritable valeur ajout\u00e9e \u00e0 notre public. Lignes directrices pour la soumission Toutes les soumissions doivent \u00catre original et r\u00e9dig\u00e9 de mani\u00e8re professionnelle en anglais (autres langues facultatives [&hellip;]","og_url":"https:\/\/samarali.com\/fr\/postes-dinvites\/","og_site_name":"Samarali","article_publisher":"https:\/\/www.facebook.com\/samaraliyoga","article_modified_time":"2026-02-16T13:35:54+00:00","og_image":[{"width":1000,"height":1000,"url":"https:\/\/samarali.com\/wp-content\/uploads\/2024\/09\/Natural-rubber-yoga-mats-prune-and-dark-green_16.jpg","type":"image\/jpeg"}],"twitter_card":"summary_large_image","twitter_misc":{"Dur\u00e9e de lecture estim\u00e9e":"1 minute"},"schema":{"@context":"https:\/\/schema.org","@graph":[{"@type":"WebPage","@id":"https:\/\/samarali.com\/fr\/postes-dinvites\/","url":"https:\/\/samarali.com\/fr\/postes-dinvites\/","name":"Postes d'invit\u00e9s exclusifs chez Samarali - Samarali","isPartOf":{"@id":"https:\/\/samarali.com\/fr\/#website"},"datePublished":"2026-02-16T13:09:19+00:00","dateModified":"2026-02-16T13:35:54+00:00","breadcrumb":{"@id":"https:\/\/samarali.com\/fr\/postes-dinvites\/#breadcrumb"},"inLanguage":"fr-FR","potentialAction":[{"@type":"ReadAction","target":["https:\/\/samarali.com\/fr\/postes-dinvites\/"]}]},{"@type":"BreadcrumbList","@id":"https:\/\/samarali.com\/fr\/postes-dinvites\/#breadcrumb","itemListElement":[{"@type":"ListItem","position":1,"name":"Accueil","item":"https:\/\/samarali.com\/fr\/accueil\/"},{"@type":"ListItem","position":2,"name":"Postes d&#8217;invit\u00e9s exclusifs chez Samarali"}]},{"@type":"WebSite","@id":"https:\/\/samarali.com\/fr\/#website","url":"https:\/\/samarali.com\/fr\/","name":"Samarali","description":"Samarali est une marque de yoga et de style de vie durable bas\u00e9e aux Pays-Bas.","publisher":{"@id":"https:\/\/samarali.com\/fr\/#organization"},"potentialAction":[{"@type":"SearchAction","target":{"@type":"EntryPoint","urlTemplate":"https:\/\/samarali.com\/fr\/?s={search_term_string}"},"query-input":{"@type":"PropertyValueSpecification","valueRequired":true,"valueName":"search_term_string"}}],"inLanguage":"fr-FR"},{"@type":"Organization","@id":"https:\/\/samarali.com\/fr\/#organization","name":"Samarali","url":"https:\/\/samarali.com\/fr\/","logo":{"@type":"ImageObject","inLanguage":"fr-FR","@id":"https:\/\/samarali.com\/fr\/#\/schema\/logo\/image\/","url":"https:\/\/samarali.com\/wp-content\/uploads\/2024\/05\/cropped-samarali-icon.png","contentUrl":"https:\/\/samarali.com\/wp-content\/uploads\/2024\/05\/cropped-samarali-icon.png","width":512,"height":512,"caption":"Samarali"},"image":{"@id":"https:\/\/samarali.com\/fr\/#\/schema\/logo\/image\/"},"sameAs":["https:\/\/www.facebook.com\/samaraliyoga","https:\/\/www.linkedin.com\/company\/69563155\/","https:\/\/www.instagram.com\/samaraliyoga\/","https:\/\/nl.pinterest.com\/Samaraliyoga\/"],"description":"Samarali is a sustainable yoga and lifestyle brand based in the Netherlands","email":"info@samarali.com","legalName":"Samarali B.V.","vatID":"NL859820324B01","numberOfEmployees":{"@type":"QuantitativeValue","minValue":"1","maxValue":"10"}}]}},"jetpack_sharing_enabled":true,"_links":{"self":[{"href":"https:\/\/samarali.com\/fr\/wp-json\/wp\/v2\/pages\/37116","targetHints":{"allow":["GET"]}}],"collection":[{"href":"https:\/\/samarali.com\/fr\/wp-json\/wp\/v2\/pages"}],"about":[{"href":"https:\/\/samarali.com\/fr\/wp-json\/wp\/v2\/types\/page"}],"author":[{"embeddable":true,"href":"https:\/\/samarali.com\/fr\/wp-json\/wp\/v2\/users\/4"}],"replies":[{"embeddable":true,"href":"https:\/\/samarali.com\/fr\/wp-json\/wp\/v2\/comments?post=37116"}],"version-history":[{"count":3,"href":"https:\/\/samarali.com\/fr\/wp-json\/wp\/v2\/pages\/37116\/revisions"}],"predecessor-version":[{"id":37136,"href":"https:\/\/samarali.com\/fr\/wp-json\/wp\/v2\/pages\/37116\/revisions\/37136"}],"wp:attachment":[{"href":"https:\/\/samarali.com\/fr\/wp-json\/wp\/v2\/media?parent=37116"}],"curies":[{"name":"wp","href":"https:\/\/api.w.org\/{rel}","templated":true}]}}