{"id":37054,"date":"2026-02-15T18:25:12","date_gmt":"2026-02-15T17:25:12","guid":{"rendered":"https:\/\/samarali.com\/clause-de-non-responsabilite-concernant-les-produits\/"},"modified":"2026-02-15T18:33:13","modified_gmt":"2026-02-15T17:33:13","slug":"clause-de-non-responsabilite-concernant-les-produits","status":"publish","type":"page","link":"https:\/\/samarali.com\/fr\/clause-de-non-responsabilite-concernant-les-produits\/","title":{"rendered":"Clause de non-responsabilit\u00e9 concernant les produits"},"content":{"rendered":"\t\t<div data-elementor-type=\"wp-page\" data-elementor-id=\"37054\" class=\"elementor elementor-37054 elementor-37012\">\n\t\t\t\t<div class=\"elementor-element elementor-element-24d04fd6 e-flex e-con-boxed e-con e-parent\" data-id=\"24d04fd6\" data-element_type=\"container\">\n\t\t\t\t\t<div class=\"e-con-inner\">\n\t\t\t\t<div class=\"elementor-element elementor-element-2864ccd9 elementor-widget elementor-widget-text-editor\" data-id=\"2864ccd9\" data-element_type=\"widget\" data-widget_type=\"text-editor.default\">\n\t\t\t\t<div class=\"elementor-widget-container\">\n\t\t\t\t\t\t\t\t\t<h3>Avis de non-responsabilit\u00e9 concernant l\u2019utilisation du produit<\/h3>\n<p style=\"margin-bottom: 20px;\">\nSamarali vend des produits de yoga et de fitness destin\u00e9s au bien-\u00eatre g\u00e9n\u00e9ral et \u00e0 l\u2019exercice.\n<\/p>\n\n<ul style=\"margin-bottom: 28px;\">\n  <li>Les produits ne sont pas des dispositifs m\u00e9dicaux.<\/li>\n  <li>Utilisez les produits de mani\u00e8re responsable et conform\u00e9ment aux instructions.<\/li>\n  <li>Consultez un professionnel de la sant\u00e9 avant d\u2019entreprendre de nouveaux exercices.<\/li>\n  <li>Samarali n\u2019est pas responsable des blessures caus\u00e9es par une utilisation inappropri\u00e9e, une mauvaise utilisation ou le non-respect des consignes de s\u00e9curit\u00e9.<\/li>\n<\/ul>\n\n<h3>Hygi\u00e8ne et s\u00e9curit\u00e9<\/h3>\n<p style=\"margin-bottom: 28px;\">\nLes v\u00eatements et le mat\u00e9riel de yoga doivent \u00eatre utilis\u00e9s de mani\u00e8re hygi\u00e9nique et responsable.\n<\/p>\n\t\t\t\t\t\t\t\t<\/div>\n\t\t\t\t<\/div>\n\t\t\t\t\t<\/div>\n\t\t\t\t<\/div>\n\t\t\t\t<\/div>\n\t\t","protected":false},"excerpt":{"rendered":"<p>Avis de non-responsabilit\u00e9 concernant l\u2019utilisation du produit Samarali vend des produits de yoga et de fitness destin\u00e9s au bien-\u00eatre g\u00e9n\u00e9ral et \u00e0 l\u2019exercice. Les produits ne sont pas des dispositifs m\u00e9dicaux. Utilisez les produits de mani\u00e8re responsable et conform\u00e9ment aux instructions. Consultez un professionnel de la sant\u00e9 avant d\u2019entreprendre de nouveaux exercices. Samarali n\u2019est pas [&hellip;]<\/p>\n","protected":false},"author":4,"featured_media":0,"parent":0,"menu_order":0,"comment_status":"closed","ping_status":"closed","template":"","meta":{"_acf_changed":false,"inline_featured_image":false,"footnotes":""},"class_list":["post-37054","page","type-page","status-publish","hentry"],"acf":[],"yoast_head":"<!-- This site is optimized with the Yoast SEO Premium plugin v27.5 (Yoast SEO v27.5) - https:\/\/yoast.com\/product\/yoast-seo-premium-wordpress\/ -->\n<title>Clause de non-responsabilit\u00e9 concernant les produits - Samarali<\/title>\n<meta name=\"robots\" content=\"index, follow, max-snippet:-1, max-image-preview:large, max-video-preview:-1\" \/>\n<link rel=\"canonical\" href=\"https:\/\/samarali.com\/fr\/clause-de-non-responsabilite-concernant-les-produits\/\" \/>\n<meta property=\"og:locale\" content=\"fr_FR\" \/>\n<meta property=\"og:type\" content=\"article\" \/>\n<meta property=\"og:title\" content=\"Clause de non-responsabilit\u00e9 concernant les produits\" \/>\n<meta property=\"og:description\" content=\"Avis de non-responsabilit\u00e9 concernant l\u2019utilisation du produit Samarali vend des produits de yoga et de fitness destin\u00e9s au bien-\u00eatre g\u00e9n\u00e9ral et \u00e0 l\u2019exercice. Les produits ne sont pas des dispositifs m\u00e9dicaux. Utilisez les produits de mani\u00e8re responsable et conform\u00e9ment aux instructions. Consultez un professionnel de la sant\u00e9 avant d\u2019entreprendre de nouveaux exercices. Samarali n\u2019est pas [&hellip;]\" \/>\n<meta property=\"og:url\" content=\"https:\/\/samarali.com\/fr\/clause-de-non-responsabilite-concernant-les-produits\/\" \/>\n<meta property=\"og:site_name\" content=\"Samarali\" \/>\n<meta property=\"article:publisher\" content=\"https:\/\/www.facebook.com\/samaraliyoga\" \/>\n<meta property=\"article:modified_time\" content=\"2026-02-15T17:33:13+00:00\" \/>\n<meta property=\"og:image\" content=\"https:\/\/samarali.com\/wp-content\/uploads\/2024\/09\/Natural-rubber-yoga-mats-prune-and-dark-green_16.jpg\" \/>\n\t<meta property=\"og:image:width\" content=\"1000\" \/>\n\t<meta property=\"og:image:height\" content=\"1000\" \/>\n\t<meta property=\"og:image:type\" content=\"image\/jpeg\" \/>\n<meta name=\"twitter:card\" content=\"summary_large_image\" \/>\n<meta name=\"twitter:label1\" content=\"Dur\u00e9e de lecture estim\u00e9e\" \/>\n\t<meta name=\"twitter:data1\" content=\"1 minute\" \/>\n<script type=\"application\/ld+json\" class=\"yoast-schema-graph\">{\"@context\":\"https:\\\/\\\/schema.org\",\"@graph\":[{\"@type\":\"WebPage\",\"@id\":\"https:\\\/\\\/samarali.com\\\/fr\\\/clause-de-non-responsabilite-concernant-les-produits\\\/\",\"url\":\"https:\\\/\\\/samarali.com\\\/fr\\\/clause-de-non-responsabilite-concernant-les-produits\\\/\",\"name\":\"Clause de non-responsabilit\u00e9 concernant les produits - Samarali\",\"isPartOf\":{\"@id\":\"https:\\\/\\\/samarali.com\\\/fr\\\/#website\"},\"datePublished\":\"2026-02-15T17:25:12+00:00\",\"dateModified\":\"2026-02-15T17:33:13+00:00\",\"breadcrumb\":{\"@id\":\"https:\\\/\\\/samarali.com\\\/fr\\\/clause-de-non-responsabilite-concernant-les-produits\\\/#breadcrumb\"},\"inLanguage\":\"fr-FR\",\"potentialAction\":[{\"@type\":\"ReadAction\",\"target\":[\"https:\\\/\\\/samarali.com\\\/fr\\\/clause-de-non-responsabilite-concernant-les-produits\\\/\"]}]},{\"@type\":\"BreadcrumbList\",\"@id\":\"https:\\\/\\\/samarali.com\\\/fr\\\/clause-de-non-responsabilite-concernant-les-produits\\\/#breadcrumb\",\"itemListElement\":[{\"@type\":\"ListItem\",\"position\":1,\"name\":\"Accueil\",\"item\":\"https:\\\/\\\/samarali.com\\\/fr\\\/accueil\\\/\"},{\"@type\":\"ListItem\",\"position\":2,\"name\":\"Clause de non-responsabilit\u00e9 concernant les produits\"}]},{\"@type\":\"WebSite\",\"@id\":\"https:\\\/\\\/samarali.com\\\/fr\\\/#website\",\"url\":\"https:\\\/\\\/samarali.com\\\/fr\\\/\",\"name\":\"Samarali\",\"description\":\"Samarali est une marque de yoga et de style de vie durable bas\u00e9e aux Pays-Bas.\",\"publisher\":{\"@id\":\"https:\\\/\\\/samarali.com\\\/fr\\\/#organization\"},\"potentialAction\":[{\"@type\":\"SearchAction\",\"target\":{\"@type\":\"EntryPoint\",\"urlTemplate\":\"https:\\\/\\\/samarali.com\\\/fr\\\/?s={search_term_string}\"},\"query-input\":{\"@type\":\"PropertyValueSpecification\",\"valueRequired\":true,\"valueName\":\"search_term_string\"}}],\"inLanguage\":\"fr-FR\"},{\"@type\":\"Organization\",\"@id\":\"https:\\\/\\\/samarali.com\\\/fr\\\/#organization\",\"name\":\"Samarali\",\"url\":\"https:\\\/\\\/samarali.com\\\/fr\\\/\",\"logo\":{\"@type\":\"ImageObject\",\"inLanguage\":\"fr-FR\",\"@id\":\"https:\\\/\\\/samarali.com\\\/fr\\\/#\\\/schema\\\/logo\\\/image\\\/\",\"url\":\"https:\\\/\\\/samarali.com\\\/wp-content\\\/uploads\\\/2024\\\/05\\\/cropped-samarali-icon.png\",\"contentUrl\":\"https:\\\/\\\/samarali.com\\\/wp-content\\\/uploads\\\/2024\\\/05\\\/cropped-samarali-icon.png\",\"width\":512,\"height\":512,\"caption\":\"Samarali\"},\"image\":{\"@id\":\"https:\\\/\\\/samarali.com\\\/fr\\\/#\\\/schema\\\/logo\\\/image\\\/\"},\"sameAs\":[\"https:\\\/\\\/www.facebook.com\\\/samaraliyoga\",\"https:\\\/\\\/www.linkedin.com\\\/company\\\/69563155\\\/\",\"https:\\\/\\\/www.instagram.com\\\/samaraliyoga\\\/\",\"https:\\\/\\\/nl.pinterest.com\\\/Samaraliyoga\\\/\"],\"description\":\"Samarali is a sustainable yoga and lifestyle brand based in the Netherlands\",\"email\":\"info@samarali.com\",\"legalName\":\"Samarali B.V.\",\"vatID\":\"NL859820324B01\",\"numberOfEmployees\":{\"@type\":\"QuantitativeValue\",\"minValue\":\"1\",\"maxValue\":\"10\"}}]}<\/script>\n<!-- \/ Yoast SEO Premium plugin. -->","yoast_head_json":{"title":"Clause de non-responsabilit\u00e9 concernant les produits - Samarali","robots":{"index":"index","follow":"follow","max-snippet":"max-snippet:-1","max-image-preview":"max-image-preview:large","max-video-preview":"max-video-preview:-1"},"canonical":"https:\/\/samarali.com\/fr\/clause-de-non-responsabilite-concernant-les-produits\/","og_locale":"fr_FR","og_type":"article","og_title":"Clause de non-responsabilit\u00e9 concernant les produits","og_description":"Avis de non-responsabilit\u00e9 concernant l\u2019utilisation du produit Samarali vend des produits de yoga et de fitness destin\u00e9s au bien-\u00eatre g\u00e9n\u00e9ral et \u00e0 l\u2019exercice. Les produits ne sont pas des dispositifs m\u00e9dicaux. Utilisez les produits de mani\u00e8re responsable et conform\u00e9ment aux instructions. Consultez un professionnel de la sant\u00e9 avant d\u2019entreprendre de nouveaux exercices. Samarali n\u2019est pas [&hellip;]","og_url":"https:\/\/samarali.com\/fr\/clause-de-non-responsabilite-concernant-les-produits\/","og_site_name":"Samarali","article_publisher":"https:\/\/www.facebook.com\/samaraliyoga","article_modified_time":"2026-02-15T17:33:13+00:00","og_image":[{"width":1000,"height":1000,"url":"https:\/\/samarali.com\/wp-content\/uploads\/2024\/09\/Natural-rubber-yoga-mats-prune-and-dark-green_16.jpg","type":"image\/jpeg"}],"twitter_card":"summary_large_image","twitter_misc":{"Dur\u00e9e de lecture estim\u00e9e":"1 minute"},"schema":{"@context":"https:\/\/schema.org","@graph":[{"@type":"WebPage","@id":"https:\/\/samarali.com\/fr\/clause-de-non-responsabilite-concernant-les-produits\/","url":"https:\/\/samarali.com\/fr\/clause-de-non-responsabilite-concernant-les-produits\/","name":"Clause de non-responsabilit\u00e9 concernant les produits - Samarali","isPartOf":{"@id":"https:\/\/samarali.com\/fr\/#website"},"datePublished":"2026-02-15T17:25:12+00:00","dateModified":"2026-02-15T17:33:13+00:00","breadcrumb":{"@id":"https:\/\/samarali.com\/fr\/clause-de-non-responsabilite-concernant-les-produits\/#breadcrumb"},"inLanguage":"fr-FR","potentialAction":[{"@type":"ReadAction","target":["https:\/\/samarali.com\/fr\/clause-de-non-responsabilite-concernant-les-produits\/"]}]},{"@type":"BreadcrumbList","@id":"https:\/\/samarali.com\/fr\/clause-de-non-responsabilite-concernant-les-produits\/#breadcrumb","itemListElement":[{"@type":"ListItem","position":1,"name":"Accueil","item":"https:\/\/samarali.com\/fr\/accueil\/"},{"@type":"ListItem","position":2,"name":"Clause de non-responsabilit\u00e9 concernant les produits"}]},{"@type":"WebSite","@id":"https:\/\/samarali.com\/fr\/#website","url":"https:\/\/samarali.com\/fr\/","name":"Samarali","description":"Samarali est une marque de yoga et de style de vie durable bas\u00e9e aux Pays-Bas.","publisher":{"@id":"https:\/\/samarali.com\/fr\/#organization"},"potentialAction":[{"@type":"SearchAction","target":{"@type":"EntryPoint","urlTemplate":"https:\/\/samarali.com\/fr\/?s={search_term_string}"},"query-input":{"@type":"PropertyValueSpecification","valueRequired":true,"valueName":"search_term_string"}}],"inLanguage":"fr-FR"},{"@type":"Organization","@id":"https:\/\/samarali.com\/fr\/#organization","name":"Samarali","url":"https:\/\/samarali.com\/fr\/","logo":{"@type":"ImageObject","inLanguage":"fr-FR","@id":"https:\/\/samarali.com\/fr\/#\/schema\/logo\/image\/","url":"https:\/\/samarali.com\/wp-content\/uploads\/2024\/05\/cropped-samarali-icon.png","contentUrl":"https:\/\/samarali.com\/wp-content\/uploads\/2024\/05\/cropped-samarali-icon.png","width":512,"height":512,"caption":"Samarali"},"image":{"@id":"https:\/\/samarali.com\/fr\/#\/schema\/logo\/image\/"},"sameAs":["https:\/\/www.facebook.com\/samaraliyoga","https:\/\/www.linkedin.com\/company\/69563155\/","https:\/\/www.instagram.com\/samaraliyoga\/","https:\/\/nl.pinterest.com\/Samaraliyoga\/"],"description":"Samarali is a sustainable yoga and lifestyle brand based in the Netherlands","email":"info@samarali.com","legalName":"Samarali B.V.","vatID":"NL859820324B01","numberOfEmployees":{"@type":"QuantitativeValue","minValue":"1","maxValue":"10"}}]}},"jetpack_sharing_enabled":true,"_links":{"self":[{"href":"https:\/\/samarali.com\/fr\/wp-json\/wp\/v2\/pages\/37054","targetHints":{"allow":["GET"]}}],"collection":[{"href":"https:\/\/samarali.com\/fr\/wp-json\/wp\/v2\/pages"}],"about":[{"href":"https:\/\/samarali.com\/fr\/wp-json\/wp\/v2\/types\/page"}],"author":[{"embeddable":true,"href":"https:\/\/samarali.com\/fr\/wp-json\/wp\/v2\/users\/4"}],"replies":[{"embeddable":true,"href":"https:\/\/samarali.com\/fr\/wp-json\/wp\/v2\/comments?post=37054"}],"version-history":[{"count":1,"href":"https:\/\/samarali.com\/fr\/wp-json\/wp\/v2\/pages\/37054\/revisions"}],"predecessor-version":[{"id":37055,"href":"https:\/\/samarali.com\/fr\/wp-json\/wp\/v2\/pages\/37054\/revisions\/37055"}],"wp:attachment":[{"href":"https:\/\/samarali.com\/fr\/wp-json\/wp\/v2\/media?parent=37054"}],"curies":[{"name":"wp","href":"https:\/\/api.w.org\/{rel}","templated":true}]}}