{"id":37034,"date":"2026-02-15T18:19:49","date_gmt":"2026-02-15T17:19:49","guid":{"rendered":"https:\/\/samarali.com\/politique-dexpedition\/"},"modified":"2026-02-15T18:32:22","modified_gmt":"2026-02-15T17:32:22","slug":"politique-dexpedition","status":"publish","type":"page","link":"https:\/\/samarali.com\/fr\/politique-dexpedition\/","title":{"rendered":"Politique d&rsquo;exp\u00e9dition"},"content":{"rendered":"\t\t<div data-elementor-type=\"wp-page\" data-elementor-id=\"37034\" class=\"elementor elementor-37034 elementor-36999\">\n\t\t\t\t<div class=\"elementor-element elementor-element-5f3e1884 e-flex e-con-boxed e-con e-parent\" data-id=\"5f3e1884\" data-element_type=\"container\">\n\t\t\t\t\t<div class=\"e-con-inner\">\n\t\t\t\t<div class=\"elementor-element elementor-element-4d7cfe12 elementor-widget elementor-widget-text-editor\" data-id=\"4d7cfe12\" data-element_type=\"widget\" data-widget_type=\"text-editor.default\">\n\t\t\t\t<div class=\"elementor-widget-container\">\n\t\t\t\t\t\t\t\t\t<h3>D\u00e9lai de traitement<\/h3>\n<p>Les commandes sont trait\u00e9es dans un d\u00e9lai de 1 \u00e0 3 jours ouvrables.<\/p>\n\n<h3>D\u00e9lais de livraison<\/h3>\n<p>Les d\u00e9lais de livraison estim\u00e9s d\u00e9pendent de la destination et du transporteur.<\/p>\n\n<h3>Frais d&rsquo;exp\u00e9dition<\/h3>\n<p>Les frais d&rsquo;exp\u00e9dition sont calcul\u00e9s au moment du paiement.<\/p>\n\n<h3>Adresse incorrecte<\/h3>\n<p>Les clients sont tenus de fournir des informations correctes sur l&rsquo;exp\u00e9dition.<\/p>\n\n<h3>Colis perdus ou retard\u00e9s<\/h3>\n<p>Contactez-nous si votre colis est retard\u00e9. Nous travaillerons avec le transporteur pour r\u00e9soudre le probl\u00e8me.<\/p>\n\n<h3>Commandes internationales<\/h3>\n<p>Les clients sont responsables des droits de douane et des taxes d&rsquo;importation pour les envois en dehors de l&rsquo;UE.<\/p>\n\t\t\t\t\t\t\t\t<\/div>\n\t\t\t\t<\/div>\n\t\t\t\t\t<\/div>\n\t\t\t\t<\/div>\n\t\t\t\t<\/div>\n\t\t","protected":false},"excerpt":{"rendered":"<p>D\u00e9lai de traitement Les commandes sont trait\u00e9es dans un d\u00e9lai de 1 \u00e0 3 jours ouvrables. D\u00e9lais de livraison Les d\u00e9lais de livraison estim\u00e9s d\u00e9pendent de la destination et du transporteur. Frais d&rsquo;exp\u00e9dition Les frais d&rsquo;exp\u00e9dition sont calcul\u00e9s au moment du paiement. Adresse incorrecte Les clients sont tenus de fournir des informations correctes sur l&rsquo;exp\u00e9dition. [&hellip;]<\/p>\n","protected":false},"author":4,"featured_media":0,"parent":0,"menu_order":0,"comment_status":"closed","ping_status":"closed","template":"","meta":{"_acf_changed":false,"_improvement_type_select":"improve_an_existing","_thumb_yes_seoaic":false,"_frame_yes_seoaic":false,"seoaic_generate_description":"","seoaic_improve_instructions_prompt":"","seoaic_rollback_content_improvement":"","seoaic_idea_thumbnail_generator":"","thumbnail_generated":false,"thumbnail_generate_prompt":"","seoaic_article_description":"","inline_featured_image":false,"footnotes":""},"class_list":["post-37034","page","type-page","status-publish","hentry"],"acf":[],"yoast_head":"<!-- This site is optimized with the Yoast SEO Premium plugin v27.4 (Yoast SEO v27.4) - https:\/\/yoast.com\/product\/yoast-seo-premium-wordpress\/ -->\n<title>Politique d&#039;exp\u00e9dition - Samarali<\/title>\n<meta name=\"robots\" content=\"index, follow, max-snippet:-1, max-image-preview:large, max-video-preview:-1\" \/>\n<link rel=\"canonical\" href=\"https:\/\/samarali.com\/fr\/politique-dexpedition\/\" \/>\n<meta property=\"og:locale\" content=\"fr_FR\" \/>\n<meta property=\"og:type\" content=\"article\" \/>\n<meta property=\"og:title\" content=\"Politique d&#039;exp\u00e9dition\" \/>\n<meta property=\"og:description\" content=\"D\u00e9lai de traitement Les commandes sont trait\u00e9es dans un d\u00e9lai de 1 \u00e0 3 jours ouvrables. D\u00e9lais de livraison Les d\u00e9lais de livraison estim\u00e9s d\u00e9pendent de la destination et du transporteur. Frais d&rsquo;exp\u00e9dition Les frais d&rsquo;exp\u00e9dition sont calcul\u00e9s au moment du paiement. Adresse incorrecte Les clients sont tenus de fournir des informations correctes sur l&rsquo;exp\u00e9dition. [&hellip;]\" \/>\n<meta property=\"og:url\" content=\"https:\/\/samarali.com\/fr\/politique-dexpedition\/\" \/>\n<meta property=\"og:site_name\" content=\"Samarali\" \/>\n<meta property=\"article:publisher\" content=\"https:\/\/www.facebook.com\/samaraliyoga\" \/>\n<meta property=\"article:modified_time\" content=\"2026-02-15T17:32:22+00:00\" \/>\n<meta property=\"og:image\" content=\"https:\/\/samarali.com\/wp-content\/uploads\/2024\/09\/Natural-rubber-yoga-mats-prune-and-dark-green_16.jpg\" \/>\n\t<meta property=\"og:image:width\" content=\"1000\" \/>\n\t<meta property=\"og:image:height\" content=\"1000\" \/>\n\t<meta property=\"og:image:type\" content=\"image\/jpeg\" \/>\n<meta name=\"twitter:card\" content=\"summary_large_image\" \/>\n<meta name=\"twitter:label1\" content=\"Dur\u00e9e de lecture estim\u00e9e\" \/>\n\t<meta name=\"twitter:data1\" content=\"1 minute\" \/>\n<script type=\"application\/ld+json\" class=\"yoast-schema-graph\">{\"@context\":\"https:\\\/\\\/schema.org\",\"@graph\":[{\"@type\":\"WebPage\",\"@id\":\"https:\\\/\\\/samarali.com\\\/fr\\\/politique-dexpedition\\\/\",\"url\":\"https:\\\/\\\/samarali.com\\\/fr\\\/politique-dexpedition\\\/\",\"name\":\"Politique d'exp\u00e9dition - Samarali\",\"isPartOf\":{\"@id\":\"https:\\\/\\\/samarali.com\\\/fr\\\/#website\"},\"datePublished\":\"2026-02-15T17:19:49+00:00\",\"dateModified\":\"2026-02-15T17:32:22+00:00\",\"breadcrumb\":{\"@id\":\"https:\\\/\\\/samarali.com\\\/fr\\\/politique-dexpedition\\\/#breadcrumb\"},\"inLanguage\":\"fr-FR\",\"potentialAction\":[{\"@type\":\"ReadAction\",\"target\":[\"https:\\\/\\\/samarali.com\\\/fr\\\/politique-dexpedition\\\/\"]}]},{\"@type\":\"BreadcrumbList\",\"@id\":\"https:\\\/\\\/samarali.com\\\/fr\\\/politique-dexpedition\\\/#breadcrumb\",\"itemListElement\":[{\"@type\":\"ListItem\",\"position\":1,\"name\":\"Accueil\",\"item\":\"https:\\\/\\\/samarali.com\\\/fr\\\/accueil\\\/\"},{\"@type\":\"ListItem\",\"position\":2,\"name\":\"Politique d&#8217;exp\u00e9dition\"}]},{\"@type\":\"WebSite\",\"@id\":\"https:\\\/\\\/samarali.com\\\/fr\\\/#website\",\"url\":\"https:\\\/\\\/samarali.com\\\/fr\\\/\",\"name\":\"Samarali\",\"description\":\"Samarali est une marque de yoga et de style de vie durable bas\u00e9e aux Pays-Bas.\",\"publisher\":{\"@id\":\"https:\\\/\\\/samarali.com\\\/fr\\\/#organization\"},\"potentialAction\":[{\"@type\":\"SearchAction\",\"target\":{\"@type\":\"EntryPoint\",\"urlTemplate\":\"https:\\\/\\\/samarali.com\\\/fr\\\/?s={search_term_string}\"},\"query-input\":{\"@type\":\"PropertyValueSpecification\",\"valueRequired\":true,\"valueName\":\"search_term_string\"}}],\"inLanguage\":\"fr-FR\"},{\"@type\":\"Organization\",\"@id\":\"https:\\\/\\\/samarali.com\\\/fr\\\/#organization\",\"name\":\"Samarali\",\"url\":\"https:\\\/\\\/samarali.com\\\/fr\\\/\",\"logo\":{\"@type\":\"ImageObject\",\"inLanguage\":\"fr-FR\",\"@id\":\"https:\\\/\\\/samarali.com\\\/fr\\\/#\\\/schema\\\/logo\\\/image\\\/\",\"url\":\"https:\\\/\\\/samarali.com\\\/wp-content\\\/uploads\\\/2024\\\/05\\\/cropped-samarali-icon.png\",\"contentUrl\":\"https:\\\/\\\/samarali.com\\\/wp-content\\\/uploads\\\/2024\\\/05\\\/cropped-samarali-icon.png\",\"width\":512,\"height\":512,\"caption\":\"Samarali\"},\"image\":{\"@id\":\"https:\\\/\\\/samarali.com\\\/fr\\\/#\\\/schema\\\/logo\\\/image\\\/\"},\"sameAs\":[\"https:\\\/\\\/www.facebook.com\\\/samaraliyoga\",\"https:\\\/\\\/www.linkedin.com\\\/company\\\/69563155\\\/\",\"https:\\\/\\\/www.instagram.com\\\/samaraliyoga\\\/\",\"https:\\\/\\\/nl.pinterest.com\\\/Samaraliyoga\\\/\"],\"description\":\"Samarali is a sustainable yoga and lifestyle brand based in the Netherlands\",\"email\":\"info@samarali.com\",\"legalName\":\"Samarali B.V.\",\"vatID\":\"NL859820324B01\",\"numberOfEmployees\":{\"@type\":\"QuantitativeValue\",\"minValue\":\"1\",\"maxValue\":\"10\"}}]}<\/script>\n<!-- \/ Yoast SEO Premium plugin. -->","yoast_head_json":{"title":"Politique d'exp\u00e9dition - Samarali","robots":{"index":"index","follow":"follow","max-snippet":"max-snippet:-1","max-image-preview":"max-image-preview:large","max-video-preview":"max-video-preview:-1"},"canonical":"https:\/\/samarali.com\/fr\/politique-dexpedition\/","og_locale":"fr_FR","og_type":"article","og_title":"Politique d'exp\u00e9dition","og_description":"D\u00e9lai de traitement Les commandes sont trait\u00e9es dans un d\u00e9lai de 1 \u00e0 3 jours ouvrables. D\u00e9lais de livraison Les d\u00e9lais de livraison estim\u00e9s d\u00e9pendent de la destination et du transporteur. Frais d&rsquo;exp\u00e9dition Les frais d&rsquo;exp\u00e9dition sont calcul\u00e9s au moment du paiement. Adresse incorrecte Les clients sont tenus de fournir des informations correctes sur l&rsquo;exp\u00e9dition. [&hellip;]","og_url":"https:\/\/samarali.com\/fr\/politique-dexpedition\/","og_site_name":"Samarali","article_publisher":"https:\/\/www.facebook.com\/samaraliyoga","article_modified_time":"2026-02-15T17:32:22+00:00","og_image":[{"width":1000,"height":1000,"url":"https:\/\/samarali.com\/wp-content\/uploads\/2024\/09\/Natural-rubber-yoga-mats-prune-and-dark-green_16.jpg","type":"image\/jpeg"}],"twitter_card":"summary_large_image","twitter_misc":{"Dur\u00e9e de lecture estim\u00e9e":"1 minute"},"schema":{"@context":"https:\/\/schema.org","@graph":[{"@type":"WebPage","@id":"https:\/\/samarali.com\/fr\/politique-dexpedition\/","url":"https:\/\/samarali.com\/fr\/politique-dexpedition\/","name":"Politique d'exp\u00e9dition - Samarali","isPartOf":{"@id":"https:\/\/samarali.com\/fr\/#website"},"datePublished":"2026-02-15T17:19:49+00:00","dateModified":"2026-02-15T17:32:22+00:00","breadcrumb":{"@id":"https:\/\/samarali.com\/fr\/politique-dexpedition\/#breadcrumb"},"inLanguage":"fr-FR","potentialAction":[{"@type":"ReadAction","target":["https:\/\/samarali.com\/fr\/politique-dexpedition\/"]}]},{"@type":"BreadcrumbList","@id":"https:\/\/samarali.com\/fr\/politique-dexpedition\/#breadcrumb","itemListElement":[{"@type":"ListItem","position":1,"name":"Accueil","item":"https:\/\/samarali.com\/fr\/accueil\/"},{"@type":"ListItem","position":2,"name":"Politique d&#8217;exp\u00e9dition"}]},{"@type":"WebSite","@id":"https:\/\/samarali.com\/fr\/#website","url":"https:\/\/samarali.com\/fr\/","name":"Samarali","description":"Samarali est une marque de yoga et de style de vie durable bas\u00e9e aux Pays-Bas.","publisher":{"@id":"https:\/\/samarali.com\/fr\/#organization"},"potentialAction":[{"@type":"SearchAction","target":{"@type":"EntryPoint","urlTemplate":"https:\/\/samarali.com\/fr\/?s={search_term_string}"},"query-input":{"@type":"PropertyValueSpecification","valueRequired":true,"valueName":"search_term_string"}}],"inLanguage":"fr-FR"},{"@type":"Organization","@id":"https:\/\/samarali.com\/fr\/#organization","name":"Samarali","url":"https:\/\/samarali.com\/fr\/","logo":{"@type":"ImageObject","inLanguage":"fr-FR","@id":"https:\/\/samarali.com\/fr\/#\/schema\/logo\/image\/","url":"https:\/\/samarali.com\/wp-content\/uploads\/2024\/05\/cropped-samarali-icon.png","contentUrl":"https:\/\/samarali.com\/wp-content\/uploads\/2024\/05\/cropped-samarali-icon.png","width":512,"height":512,"caption":"Samarali"},"image":{"@id":"https:\/\/samarali.com\/fr\/#\/schema\/logo\/image\/"},"sameAs":["https:\/\/www.facebook.com\/samaraliyoga","https:\/\/www.linkedin.com\/company\/69563155\/","https:\/\/www.instagram.com\/samaraliyoga\/","https:\/\/nl.pinterest.com\/Samaraliyoga\/"],"description":"Samarali is a sustainable yoga and lifestyle brand based in the Netherlands","email":"info@samarali.com","legalName":"Samarali B.V.","vatID":"NL859820324B01","numberOfEmployees":{"@type":"QuantitativeValue","minValue":"1","maxValue":"10"}}]}},"jetpack_sharing_enabled":true,"_links":{"self":[{"href":"https:\/\/samarali.com\/fr\/wp-json\/wp\/v2\/pages\/37034","targetHints":{"allow":["GET"]}}],"collection":[{"href":"https:\/\/samarali.com\/fr\/wp-json\/wp\/v2\/pages"}],"about":[{"href":"https:\/\/samarali.com\/fr\/wp-json\/wp\/v2\/types\/page"}],"author":[{"embeddable":true,"href":"https:\/\/samarali.com\/fr\/wp-json\/wp\/v2\/users\/4"}],"replies":[{"embeddable":true,"href":"https:\/\/samarali.com\/fr\/wp-json\/wp\/v2\/comments?post=37034"}],"version-history":[{"count":1,"href":"https:\/\/samarali.com\/fr\/wp-json\/wp\/v2\/pages\/37034\/revisions"}],"predecessor-version":[{"id":37035,"href":"https:\/\/samarali.com\/fr\/wp-json\/wp\/v2\/pages\/37034\/revisions\/37035"}],"wp:attachment":[{"href":"https:\/\/samarali.com\/fr\/wp-json\/wp\/v2\/media?parent=37034"}],"curies":[{"name":"wp","href":"https:\/\/api.w.org\/{rel}","templated":true}]}}