{"id":37021,"date":"2026-02-15T18:10:36","date_gmt":"2026-02-15T17:10:36","guid":{"rendered":"https:\/\/samarali.com\/politique-de-retour-et-de-remboursement\/"},"modified":"2026-02-15T18:31:10","modified_gmt":"2026-02-15T17:31:10","slug":"politique-de-retour-et-de-remboursement","status":"publish","type":"page","link":"https:\/\/samarali.com\/fr\/politique-de-retour-et-de-remboursement\/","title":{"rendered":"Politique de retour et de remboursement"},"content":{"rendered":"\t\t<div data-elementor-type=\"wp-page\" data-elementor-id=\"37021\" class=\"elementor elementor-37021 elementor-36991\">\n\t\t\t\t<div class=\"elementor-element elementor-element-4bd2b0c7 e-flex e-con-boxed e-con e-parent\" data-id=\"4bd2b0c7\" data-element_type=\"container\">\n\t\t\t\t\t<div class=\"e-con-inner\">\n\t\t\t\t<div class=\"elementor-element elementor-element-58c0f06f elementor-widget elementor-widget-text-editor\" data-id=\"58c0f06f\" data-element_type=\"widget\" data-widget_type=\"text-editor.default\">\n\t\t\t\t<div class=\"elementor-widget-container\">\n\t\t\t\t\t\t\t\t\t<p><strong>Derni\u00e8re mise \u00e0 jour :<\/strong> 11.02.2026<\/p><p><strong>Entreprise :<\/strong> Samarali<\/p><p><strong>Adresse de l&rsquo;entreprise :<\/strong> Bolkruid, 3068 DJ Rotterdam, Pays-Bas<\/p><p><strong>Courriel :<\/strong> <a href=\"mailto:support@samarali.com\">support@samarali.com<\/a><\/p><p>Cette politique est conforme \u00e0 la r\u00e9glementation europ\u00e9enne en mati\u00e8re de protection des consommateurs et \u00e0 la l\u00e9gislation n\u00e9erlandaise.<\/p><h3>1. Droit de retrait statutaire de l&rsquo;UE (14 jours)<\/h3><p>En vertu de la l\u00e9gislation europ\u00e9enne, les consommateurs ont le droit de se r\u00e9tracter dans un d\u00e9lai de 14 jours sans donner de raison.<\/p><ul><li>Le d\u00e9lai de r\u00e9tractation expire 14 jours apr\u00e8s la date de r\u00e9ception des biens (ou du dernier article dans les commandes multiarticles).<\/li><li>Pour exercer ce droit, notifiez-nous par e-mail \u00e0 <a href=\"mailto:info@samarali.com\">info@samarali.com<\/a> en indiquant votre num\u00e9ro de commande.<\/li><\/ul><p><strong>Important :<\/strong><\/p><ul><li>Les frais de livraison standard \u00e0 l&rsquo;\u00e9tranger sont rembours\u00e9s si le droit de r\u00e9tractation l\u00e9gal est exerc\u00e9.<\/li><li>Les frais de retour sont \u00e0 la charge du client, sauf si l&rsquo;article est d\u00e9fectueux ou mal livr\u00e9.<\/li><li>Toute perte de valeur due \u00e0 une manipulation d\u00e9passant ce qui est n\u00e9cessaire pour l&rsquo;inspection peut \u00eatre d\u00e9duite.<\/li><\/ul><h3>2. Politique de retour volontaire de 30 jours de Samarali<\/h3><p>Nous offrons une p\u00e9riode de retour de 30 jours \u00e0 compter de la date de r\u00e9ception de votre commande.<\/p><ul><li>Les retours effectu\u00e9s apr\u00e8s le d\u00e9lai l\u00e9gal de r\u00e9tractation de 14 jours rel\u00e8vent de cette politique volontaire.<\/li><li>Seule la valeur du produit \u00e9ligible est rembours\u00e9e ; les frais d&rsquo;exp\u00e9dition initiaux ne sont pas remboursables.<\/li><li>Les frais de retour sont \u00e0 la charge du client et ne sont pas rembours\u00e9s.<\/li><\/ul><h3>3. R\u00e8gles relatives \u00e0 l&rsquo;\u00e9tat et \u00e0 l&rsquo;hygi\u00e8ne des produits<\/h3><h4>3.1 Entretien des v\u00eatements et produits textiles et d&rsquo;usage<\/h4><p>Les v\u00eatements vendus par Samarali sont destin\u00e9s \u00e0 \u00eatre essay\u00e9s et inspect\u00e9s de mani\u00e8re standard, comparable \u00e0 ce qui se passerait raisonnablement dans un environnement physique de vente au d\u00e9tail.<\/p><p>Les \u00e9l\u00e9ments suivants sont consid\u00e9r\u00e9s comme des manipulations excessives d\u00e9passant le cadre d&rsquo;une inspection normale :<\/p><ul><li>Le port de v\u00eatements pendant les s\u00e9ances d&rsquo;entra\u00eenement, les sessions de formation ou les \u00e9v\u00e9nements<\/li><li>Lavage, s\u00e9chage, repassage ou modification d&rsquo;articles<\/li><li>Pr\u00e9sence d&rsquo;odeurs, de taches, de traces de d\u00e9odorant, de maquillage, de poils humains ou d&rsquo;animaux.<\/li><li>Enl\u00e8vement, endommagement ou remplacement des \u00e9tiquettes ou de l&#8217;emballage d&rsquo;origine<\/li><\/ul><p>Les articles retourn\u00e9s dans cet \u00e9tat peuvent :<\/p><ul><li>faire l&rsquo;objet d&rsquo;une r\u00e9duction du montant du remboursement pour tenir compte de la perte de valeur, ou<\/li><li>sera refus\u00e9e si le produit n&rsquo;est plus en \u00e9tat d&rsquo;\u00eatre revendu.<\/li><\/ul><p>Cette politique est appliqu\u00e9e conform\u00e9ment \u00e0 la l\u00e9gislation europ\u00e9enne sur la protection des consommateurs en ce qui concerne la diminution de la valeur r\u00e9sultant de la manipulation.<br>au-del\u00e0 de ce qui est n\u00e9cessaire pour \u00e9tablir la nature, les caract\u00e9ristiques et le fonctionnement des biens.<\/p><h4>3.2 Hygi\u00e8ne et s\u00e9curit\u00e9 de l&rsquo;\u00e9quipement de yoga<\/h4><p>Pour des raisons de s\u00e9curit\u00e9 et d&rsquo;hygi\u00e8ne, le mat\u00e9riel et les accessoires de yoga et de m\u00e9ditation doivent \u00eatre<\/p><ul><li>Non utilis\u00e9 et hygi\u00e9niquement propre<\/li><li>Renvoy\u00e9 dans l&#8217;emballage d&rsquo;origine avec tous les accessoires intacts<\/li><li>Exempt de sueur, de salet\u00e9 ou de dommages<\/li><li>Pas de lavage, de s\u00e9chage, de repassage ou de modification d&rsquo;articles<\/li><li>Absence d&rsquo;odeurs, de taches, de poils humains ou d&rsquo;animaux.<\/li><li>Enl\u00e8vement, endommagement ou remplacement des \u00e9tiquettes ou de l&#8217;emballage d&rsquo;origine<\/li><\/ul><p>Les articles qui ne satisfont pas \u00e0 ces exigences peuvent<\/p><ul><li>recevoir un remboursement r\u00e9duit en fonction de la perte de valeur, ou<\/li><li>\u00eatre refus\u00e9e si elle n&rsquo;est plus revendable<\/li><\/ul><h3>4. Pr\u00e9vention des abus en mati\u00e8re de retour<\/h3><p>Pour \u00e9viter les abus :<\/p><ul><li>Les tentatives r\u00e9p\u00e9t\u00e9es d&rsquo;utilisation et de retour d&rsquo;articles (\u00ab\u00a0wear &amp; return\u00a0\u00bb) peuvent faire l&rsquo;objet d&rsquo;une enqu\u00eate.<\/li><li>Les remboursements peuvent \u00eatre r\u00e9duits ou refus\u00e9s pour les articles ayant fait l&rsquo;objet d&rsquo;une utilisation excessive, au-del\u00e0 de l&rsquo;inspection normale de la taille et de l&rsquo;ajustement.<\/li><\/ul><p>Cette disposition est pleinement conforme au droit europ\u00e9en de la consommation concernant la \u00ab\u00a0perte de valeur due \u00e0 une manipulation allant au-del\u00e0 de ce qui est n\u00e9cessaire pour \u00e9tablir\u00a0\u00bb.<br>la nature, les caract\u00e9ristiques et le fonctionnement des biens\u00a0\u00bb.<\/p><h3>5. Processus de retour<\/h3><ol><li>Contactez <a href=\"mailto:info@samarali.com\">info@samarali.com<\/a> en indiquant votre num\u00e9ro de commande et votre demande de retour.<\/li><li>Emballez solidement l&rsquo;article.<\/li><li>Joignez votre num\u00e9ro de commande \u00e0 l&rsquo;int\u00e9rieur du colis.<\/li><li>Envoyez la d\u00e9claration \u00e0 l&rsquo;adresse suivante<br>Samarali<br>Bolkruid 19<br>3068 DJ Rotterdam<br>Les Pays-Bas<\/li><\/ol><p>Utilisez une m\u00e9thode d&rsquo;exp\u00e9dition avec suivi ; nous ne sommes pas responsables des retours perdus.<\/p><h3>6. Inspection et remboursement<\/h3><ul><li>Les articles retourn\u00e9s sont inspect\u00e9s pour v\u00e9rifier qu&rsquo;ils sont en bon \u00e9tat, hygi\u00e9niques et complets.<\/li><li>Les remboursements (apr\u00e8s toute d\u00e9duction n\u00e9cessaire) sont effectu\u00e9s dans un d\u00e9lai de 14 jours sur la base du mode de paiement initial.<\/li><li>Les frais de retour et les frais de livraison d&rsquo;origine ne sont pas rembours\u00e9s dans le cadre de la politique de retour volontaire de 30 jours.<\/li><\/ul><h3>7. Articles d\u00e9fectueux ou incorrects<\/h3><p>Si votre article est d\u00e9fectueux, endommag\u00e9 ou incorrect :<\/p><ul><li>Contactez imm\u00e9diatement <a href=\"mailto:info@samarali.com\">info@samarali.com<\/a> avec des photos et votre num\u00e9ro de commande.<\/li><li>Nous vous proposerons une solution conforme \u00e0 la l\u00e9gislation europ\u00e9enne, y compris la prise en charge des frais de retour, le cas \u00e9ch\u00e9ant.<\/li><\/ul><h3>8. Articles non retournables<\/h3><p>Sauf en cas de d\u00e9fectuosit\u00e9, les articles suivants ne peuvent \u00eatre retourn\u00e9s :<\/p><ul><li>Articles personnalis\u00e9s ou sur mesure<\/li><li>Articles sensibles \u00e0 l&rsquo;hygi\u00e8ne une fois descell\u00e9s<\/li><li>Derniers articles en vente<\/li><\/ul><h3>9. Formulaire de retrait standard de l&rsquo;UE<\/h3><p><em>(Ne remplissez et ne renvoyez ce formulaire que si vous souhaitez r\u00e9silier le contrat)<\/em><\/p><p><strong>A :<\/strong> Samarali, Bolkruid 19, 3068 DJ Rotterdam, Pays-Bas<br><strong>Courriel :<\/strong> <a href=\"mailto:info@samarali.com\">info@samarali.com<\/a><\/p><p>Je\/Nous () notifie\/notifions par la pr\u00e9sente que je\/nous () nous retirons de mon\/notre (*) contrat de vente des biens suivants :<\/p><ul><li>Command\u00e9 le () \/ Re\u00e7u le ()<\/li><li>Num\u00e9ro de commande :<\/li><li>Nom du\/des consommateur(s) :<\/li><li>Adresse du\/des consommateur(s) :<\/li><li>Signature du\/des consommateur(s) (uniquement si sur papier) :<\/li><li>Date :<\/li><\/ul><p><em>(*) Rayer les mentions inutiles<\/em><\/p>\t\t\t\t\t\t\t\t<\/div>\n\t\t\t\t<\/div>\n\t\t\t\t\t<\/div>\n\t\t\t\t<\/div>\n\t\t\t\t<\/div>\n\t\t","protected":false},"excerpt":{"rendered":"<p>Derni\u00e8re mise \u00e0 jour : 11.02.2026 Entreprise : Samarali Adresse de l&rsquo;entreprise : Bolkruid, 3068 DJ Rotterdam, Pays-Bas Courriel : support@samarali.com Cette politique est conforme \u00e0 la r\u00e9glementation europ\u00e9enne en mati\u00e8re de protection des consommateurs et \u00e0 la l\u00e9gislation n\u00e9erlandaise. 1. Droit de retrait statutaire de l&rsquo;UE (14 jours) En vertu de la l\u00e9gislation europ\u00e9enne, [&hellip;]<\/p>\n","protected":false},"author":4,"featured_media":0,"parent":0,"menu_order":0,"comment_status":"closed","ping_status":"closed","template":"","meta":{"_acf_changed":false,"_improvement_type_select":"improve_an_existing","_thumb_yes_seoaic":false,"_frame_yes_seoaic":false,"seoaic_generate_description":"","seoaic_improve_instructions_prompt":"","seoaic_rollback_content_improvement":"","seoaic_idea_thumbnail_generator":"","thumbnail_generated":false,"thumbnail_generate_prompt":"","seoaic_article_description":"","inline_featured_image":false,"footnotes":""},"class_list":["post-37021","page","type-page","status-publish","hentry"],"acf":[],"yoast_head":"<!-- This site is optimized with the Yoast SEO Premium plugin v27.4 (Yoast SEO v27.4) - https:\/\/yoast.com\/product\/yoast-seo-premium-wordpress\/ -->\n<title>Politique de retour et de remboursement - Samarali<\/title>\n<meta name=\"robots\" content=\"index, follow, max-snippet:-1, max-image-preview:large, max-video-preview:-1\" \/>\n<link rel=\"canonical\" href=\"https:\/\/samarali.com\/fr\/politique-de-retour-et-de-remboursement\/\" \/>\n<meta property=\"og:locale\" content=\"fr_FR\" \/>\n<meta property=\"og:type\" content=\"article\" \/>\n<meta property=\"og:title\" content=\"Politique de retour et de remboursement\" \/>\n<meta property=\"og:description\" content=\"Derni\u00e8re mise \u00e0 jour : 11.02.2026 Entreprise : Samarali Adresse de l&rsquo;entreprise : Bolkruid, 3068 DJ Rotterdam, Pays-Bas Courriel : support@samarali.com Cette politique est conforme \u00e0 la r\u00e9glementation europ\u00e9enne en mati\u00e8re de protection des consommateurs et \u00e0 la l\u00e9gislation n\u00e9erlandaise. 1. Droit de retrait statutaire de l&rsquo;UE (14 jours) En vertu de la l\u00e9gislation europ\u00e9enne, [&hellip;]\" \/>\n<meta property=\"og:url\" content=\"https:\/\/samarali.com\/fr\/politique-de-retour-et-de-remboursement\/\" \/>\n<meta property=\"og:site_name\" content=\"Samarali\" \/>\n<meta property=\"article:publisher\" content=\"https:\/\/www.facebook.com\/samaraliyoga\" \/>\n<meta property=\"article:modified_time\" content=\"2026-02-15T17:31:10+00:00\" \/>\n<meta property=\"og:image\" content=\"https:\/\/samarali.com\/wp-content\/uploads\/2024\/09\/Natural-rubber-yoga-mats-prune-and-dark-green_16.jpg\" \/>\n\t<meta property=\"og:image:width\" content=\"1000\" \/>\n\t<meta property=\"og:image:height\" content=\"1000\" \/>\n\t<meta property=\"og:image:type\" content=\"image\/jpeg\" \/>\n<meta name=\"twitter:card\" content=\"summary_large_image\" \/>\n<meta name=\"twitter:label1\" content=\"Dur\u00e9e de lecture estim\u00e9e\" \/>\n\t<meta name=\"twitter:data1\" content=\"5 minutes\" \/>\n<script type=\"application\/ld+json\" class=\"yoast-schema-graph\">{\"@context\":\"https:\\\/\\\/schema.org\",\"@graph\":[{\"@type\":\"WebPage\",\"@id\":\"https:\\\/\\\/samarali.com\\\/fr\\\/politique-de-retour-et-de-remboursement\\\/\",\"url\":\"https:\\\/\\\/samarali.com\\\/fr\\\/politique-de-retour-et-de-remboursement\\\/\",\"name\":\"Politique de retour et de remboursement - Samarali\",\"isPartOf\":{\"@id\":\"https:\\\/\\\/samarali.com\\\/fr\\\/#website\"},\"datePublished\":\"2026-02-15T17:10:36+00:00\",\"dateModified\":\"2026-02-15T17:31:10+00:00\",\"breadcrumb\":{\"@id\":\"https:\\\/\\\/samarali.com\\\/fr\\\/politique-de-retour-et-de-remboursement\\\/#breadcrumb\"},\"inLanguage\":\"fr-FR\",\"potentialAction\":[{\"@type\":\"ReadAction\",\"target\":[\"https:\\\/\\\/samarali.com\\\/fr\\\/politique-de-retour-et-de-remboursement\\\/\"]}]},{\"@type\":\"BreadcrumbList\",\"@id\":\"https:\\\/\\\/samarali.com\\\/fr\\\/politique-de-retour-et-de-remboursement\\\/#breadcrumb\",\"itemListElement\":[{\"@type\":\"ListItem\",\"position\":1,\"name\":\"Accueil\",\"item\":\"https:\\\/\\\/samarali.com\\\/fr\\\/accueil\\\/\"},{\"@type\":\"ListItem\",\"position\":2,\"name\":\"Politique de retour et de remboursement\"}]},{\"@type\":\"WebSite\",\"@id\":\"https:\\\/\\\/samarali.com\\\/fr\\\/#website\",\"url\":\"https:\\\/\\\/samarali.com\\\/fr\\\/\",\"name\":\"Samarali\",\"description\":\"Samarali est une marque de yoga et de style de vie durable bas\u00e9e aux Pays-Bas.\",\"publisher\":{\"@id\":\"https:\\\/\\\/samarali.com\\\/fr\\\/#organization\"},\"potentialAction\":[{\"@type\":\"SearchAction\",\"target\":{\"@type\":\"EntryPoint\",\"urlTemplate\":\"https:\\\/\\\/samarali.com\\\/fr\\\/?s={search_term_string}\"},\"query-input\":{\"@type\":\"PropertyValueSpecification\",\"valueRequired\":true,\"valueName\":\"search_term_string\"}}],\"inLanguage\":\"fr-FR\"},{\"@type\":\"Organization\",\"@id\":\"https:\\\/\\\/samarali.com\\\/fr\\\/#organization\",\"name\":\"Samarali\",\"url\":\"https:\\\/\\\/samarali.com\\\/fr\\\/\",\"logo\":{\"@type\":\"ImageObject\",\"inLanguage\":\"fr-FR\",\"@id\":\"https:\\\/\\\/samarali.com\\\/fr\\\/#\\\/schema\\\/logo\\\/image\\\/\",\"url\":\"https:\\\/\\\/samarali.com\\\/wp-content\\\/uploads\\\/2024\\\/05\\\/cropped-samarali-icon.png\",\"contentUrl\":\"https:\\\/\\\/samarali.com\\\/wp-content\\\/uploads\\\/2024\\\/05\\\/cropped-samarali-icon.png\",\"width\":512,\"height\":512,\"caption\":\"Samarali\"},\"image\":{\"@id\":\"https:\\\/\\\/samarali.com\\\/fr\\\/#\\\/schema\\\/logo\\\/image\\\/\"},\"sameAs\":[\"https:\\\/\\\/www.facebook.com\\\/samaraliyoga\",\"https:\\\/\\\/www.linkedin.com\\\/company\\\/69563155\\\/\",\"https:\\\/\\\/www.instagram.com\\\/samaraliyoga\\\/\",\"https:\\\/\\\/nl.pinterest.com\\\/Samaraliyoga\\\/\"],\"description\":\"Samarali is a sustainable yoga and lifestyle brand based in the Netherlands\",\"email\":\"info@samarali.com\",\"legalName\":\"Samarali B.V.\",\"vatID\":\"NL859820324B01\",\"numberOfEmployees\":{\"@type\":\"QuantitativeValue\",\"minValue\":\"1\",\"maxValue\":\"10\"}}]}<\/script>\n<!-- \/ Yoast SEO Premium plugin. -->","yoast_head_json":{"title":"Politique de retour et de remboursement - Samarali","robots":{"index":"index","follow":"follow","max-snippet":"max-snippet:-1","max-image-preview":"max-image-preview:large","max-video-preview":"max-video-preview:-1"},"canonical":"https:\/\/samarali.com\/fr\/politique-de-retour-et-de-remboursement\/","og_locale":"fr_FR","og_type":"article","og_title":"Politique de retour et de remboursement","og_description":"Derni\u00e8re mise \u00e0 jour : 11.02.2026 Entreprise : Samarali Adresse de l&rsquo;entreprise : Bolkruid, 3068 DJ Rotterdam, Pays-Bas Courriel : support@samarali.com Cette politique est conforme \u00e0 la r\u00e9glementation europ\u00e9enne en mati\u00e8re de protection des consommateurs et \u00e0 la l\u00e9gislation n\u00e9erlandaise. 1. Droit de retrait statutaire de l&rsquo;UE (14 jours) En vertu de la l\u00e9gislation europ\u00e9enne, [&hellip;]","og_url":"https:\/\/samarali.com\/fr\/politique-de-retour-et-de-remboursement\/","og_site_name":"Samarali","article_publisher":"https:\/\/www.facebook.com\/samaraliyoga","article_modified_time":"2026-02-15T17:31:10+00:00","og_image":[{"width":1000,"height":1000,"url":"https:\/\/samarali.com\/wp-content\/uploads\/2024\/09\/Natural-rubber-yoga-mats-prune-and-dark-green_16.jpg","type":"image\/jpeg"}],"twitter_card":"summary_large_image","twitter_misc":{"Dur\u00e9e de lecture estim\u00e9e":"5 minutes"},"schema":{"@context":"https:\/\/schema.org","@graph":[{"@type":"WebPage","@id":"https:\/\/samarali.com\/fr\/politique-de-retour-et-de-remboursement\/","url":"https:\/\/samarali.com\/fr\/politique-de-retour-et-de-remboursement\/","name":"Politique de retour et de remboursement - Samarali","isPartOf":{"@id":"https:\/\/samarali.com\/fr\/#website"},"datePublished":"2026-02-15T17:10:36+00:00","dateModified":"2026-02-15T17:31:10+00:00","breadcrumb":{"@id":"https:\/\/samarali.com\/fr\/politique-de-retour-et-de-remboursement\/#breadcrumb"},"inLanguage":"fr-FR","potentialAction":[{"@type":"ReadAction","target":["https:\/\/samarali.com\/fr\/politique-de-retour-et-de-remboursement\/"]}]},{"@type":"BreadcrumbList","@id":"https:\/\/samarali.com\/fr\/politique-de-retour-et-de-remboursement\/#breadcrumb","itemListElement":[{"@type":"ListItem","position":1,"name":"Accueil","item":"https:\/\/samarali.com\/fr\/accueil\/"},{"@type":"ListItem","position":2,"name":"Politique de retour et de remboursement"}]},{"@type":"WebSite","@id":"https:\/\/samarali.com\/fr\/#website","url":"https:\/\/samarali.com\/fr\/","name":"Samarali","description":"Samarali est une marque de yoga et de style de vie durable bas\u00e9e aux Pays-Bas.","publisher":{"@id":"https:\/\/samarali.com\/fr\/#organization"},"potentialAction":[{"@type":"SearchAction","target":{"@type":"EntryPoint","urlTemplate":"https:\/\/samarali.com\/fr\/?s={search_term_string}"},"query-input":{"@type":"PropertyValueSpecification","valueRequired":true,"valueName":"search_term_string"}}],"inLanguage":"fr-FR"},{"@type":"Organization","@id":"https:\/\/samarali.com\/fr\/#organization","name":"Samarali","url":"https:\/\/samarali.com\/fr\/","logo":{"@type":"ImageObject","inLanguage":"fr-FR","@id":"https:\/\/samarali.com\/fr\/#\/schema\/logo\/image\/","url":"https:\/\/samarali.com\/wp-content\/uploads\/2024\/05\/cropped-samarali-icon.png","contentUrl":"https:\/\/samarali.com\/wp-content\/uploads\/2024\/05\/cropped-samarali-icon.png","width":512,"height":512,"caption":"Samarali"},"image":{"@id":"https:\/\/samarali.com\/fr\/#\/schema\/logo\/image\/"},"sameAs":["https:\/\/www.facebook.com\/samaraliyoga","https:\/\/www.linkedin.com\/company\/69563155\/","https:\/\/www.instagram.com\/samaraliyoga\/","https:\/\/nl.pinterest.com\/Samaraliyoga\/"],"description":"Samarali is a sustainable yoga and lifestyle brand based in the Netherlands","email":"info@samarali.com","legalName":"Samarali B.V.","vatID":"NL859820324B01","numberOfEmployees":{"@type":"QuantitativeValue","minValue":"1","maxValue":"10"}}]}},"jetpack_sharing_enabled":true,"_links":{"self":[{"href":"https:\/\/samarali.com\/fr\/wp-json\/wp\/v2\/pages\/37021","targetHints":{"allow":["GET"]}}],"collection":[{"href":"https:\/\/samarali.com\/fr\/wp-json\/wp\/v2\/pages"}],"about":[{"href":"https:\/\/samarali.com\/fr\/wp-json\/wp\/v2\/types\/page"}],"author":[{"embeddable":true,"href":"https:\/\/samarali.com\/fr\/wp-json\/wp\/v2\/users\/4"}],"replies":[{"embeddable":true,"href":"https:\/\/samarali.com\/fr\/wp-json\/wp\/v2\/comments?post=37021"}],"version-history":[{"count":1,"href":"https:\/\/samarali.com\/fr\/wp-json\/wp\/v2\/pages\/37021\/revisions"}],"predecessor-version":[{"id":37025,"href":"https:\/\/samarali.com\/fr\/wp-json\/wp\/v2\/pages\/37021\/revisions\/37025"}],"wp:attachment":[{"href":"https:\/\/samarali.com\/fr\/wp-json\/wp\/v2\/media?parent=37021"}],"curies":[{"name":"wp","href":"https:\/\/api.w.org\/{rel}","templated":true}]}}