{"id":27455,"date":"2020-10-13T09:00:26","date_gmt":"2020-10-13T07:00:26","guid":{"rendered":"https:\/\/samarali.com\/a-propos-de-nous\/"},"modified":"2024-10-14T13:50:59","modified_gmt":"2024-10-14T11:50:59","slug":"a-propos-de-nous","status":"publish","type":"page","link":"https:\/\/samarali.com\/fr\/a-propos-de-nous\/","title":{"rendered":"A propos de nous"},"content":{"rendered":"\t\t<div data-elementor-type=\"wp-page\" data-elementor-id=\"27455\" class=\"elementor elementor-27455 elementor-633\">\n\t\t\t\t\t\t<section class=\"elementor-section elementor-top-section elementor-element elementor-element-a9435d9 elementor-section-boxed elementor-section-height-default elementor-section-height-default\" data-id=\"a9435d9\" data-element_type=\"section\">\n\t\t\t\t\t\t<div class=\"elementor-container elementor-column-gap-extended\">\n\t\t\t\t\t<div class=\"elementor-column elementor-col-50 elementor-top-column elementor-element elementor-element-0f3eef1\" data-id=\"0f3eef1\" data-element_type=\"column\">\n\t\t\t<div class=\"elementor-widget-wrap elementor-element-populated\">\n\t\t\t\t\t\t<div class=\"elementor-element elementor-element-57f1c50 elementor-widget elementor-widget-heading\" data-id=\"57f1c50\" data-element_type=\"widget\" data-widget_type=\"heading.default\">\n\t\t\t\t<div class=\"elementor-widget-container\">\n\t\t\t\t\t<h6 class=\"elementor-heading-title elementor-size-default\">histoire<\/h6>\t\t\t\t<\/div>\n\t\t\t\t<\/div>\n\t\t\t\t<div class=\"elementor-element elementor-element-b2daf09 elementor-widget elementor-widget-heading\" data-id=\"b2daf09\" data-element_type=\"widget\" data-widget_type=\"heading.default\">\n\t\t\t\t<div class=\"elementor-widget-container\">\n\t\t\t\t\t<h3 class=\"elementor-heading-title elementor-size-default\">\u00c0 propos des \u00c9tats-Unis<\/h3>\t\t\t\t<\/div>\n\t\t\t\t<\/div>\n\t\t\t\t<div class=\"elementor-element elementor-element-20f4454 elementor-widget elementor-widget-text-editor\" data-id=\"20f4454\" data-element_type=\"widget\" data-widget_type=\"text-editor.default\">\n\t\t\t\t<div class=\"elementor-widget-container\">\n\t\t\t\t\t\t\t\t\t<p>Je m&rsquo;appelle Nodira, je suis n\u00e9e et j&rsquo;ai grandi dans la vibrante capitale de l&rsquo;Ouzb\u00e9kistan, Tachkent.<br \/>\nD\u00e8s mon plus jeune \u00e2ge, j&rsquo;ai \u00e9t\u00e9 passionn\u00e9e par l&rsquo;exercice physique et la danse, passant la plupart de mon temps \u00e0 l&rsquo;ext\u00e9rieur, entour\u00e9e par la nature.<br \/>\nCe lien profond avec le plein air a fait du sport et de la nature mes principales sources d&rsquo;\u00e9nergie et de motivation.  <\/p>\n\t\t\t\t\t\t\t\t<\/div>\n\t\t\t\t<\/div>\n\t\t\t\t<div class=\"elementor-element elementor-element-31617f0 elementor-widget__width-initial elementor-widget elementor-widget-text-editor\" data-id=\"31617f0\" data-element_type=\"widget\" data-widget_type=\"text-editor.default\">\n\t\t\t\t<div class=\"elementor-widget-container\">\n\t\t\t\t\t\t\t\t\t<h4><b>D\u00e9couverte du yoga<\/b><\/h4>\n<p>D&rsquo;un naturel curieux, j&rsquo;ai explor\u00e9 de nombreux sports diff\u00e9rents tout au long de ma vie.<br \/>\nUn jour, je suis tomb\u00e9e sur le yoga et cela m&rsquo;a ouvert un tout nouveau monde.<br \/>\nLe yoga m&rsquo;a aid\u00e9e \u00e0 devenir plus attentive, plus patiente et plus consciente de moi-m\u00eame.<br \/>\nJ&rsquo;en suis tomb\u00e9e amoureuse instantan\u00e9ment et j&rsquo;ai commenc\u00e9 \u00e0 pratiquer des asanas simples qui sont rapidement devenues une partie essentielle de ma routine quotidienne.     <\/p>\n\t\t\t\t\t\t\t\t<\/div>\n\t\t\t\t<\/div>\n\t\t\t\t\t<\/div>\n\t\t<\/div>\n\t\t\t\t<div class=\"elementor-column elementor-col-50 elementor-top-column elementor-element elementor-element-2ca6e37\" data-id=\"2ca6e37\" data-element_type=\"column\">\n\t\t\t<div class=\"elementor-widget-wrap elementor-element-populated\">\n\t\t\t\t\t\t<div class=\"elementor-element elementor-element-19a047b elementor-widget elementor-widget-image\" data-id=\"19a047b\" data-element_type=\"widget\" data-widget_type=\"image.default\">\n\t\t\t\t<div class=\"elementor-widget-container\">\n\t\t\t\t\t\t\t\t\t\t\t\t\t\t\t<img fetchpriority=\"high\" decoding=\"async\" width=\"640\" height=\"640\" src=\"https:\/\/samarali.com\/wp-content\/uploads\/2024\/09\/Samarali-6.jpg\" class=\"attachment-large size-large wp-image-26439\" alt=\"About Us  About\" srcset=\"https:\/\/samarali.com\/wp-content\/uploads\/2024\/09\/Samarali-6.jpg 1000w, https:\/\/samarali.com\/wp-content\/uploads\/2024\/09\/Samarali-6-300x300.jpg 300w, https:\/\/samarali.com\/wp-content\/uploads\/2024\/09\/Samarali-6-150x150.jpg 150w, https:\/\/samarali.com\/wp-content\/uploads\/2024\/09\/Samarali-6-768x768.jpg 768w, https:\/\/samarali.com\/wp-content\/uploads\/2024\/09\/Samarali-6-500x500.jpg 500w, https:\/\/samarali.com\/wp-content\/uploads\/2024\/09\/Samarali-6-670x670.jpg 670w, https:\/\/samarali.com\/wp-content\/uploads\/2024\/09\/Samarali-6-130x130.jpg 130w, https:\/\/samarali.com\/wp-content\/uploads\/2024\/09\/Samarali-6-50x50.jpg 50w, https:\/\/samarali.com\/wp-content\/uploads\/2024\/09\/Samarali-6-100x100.jpg 100w\" sizes=\"(max-width: 640px) 100vw, 640px\" \/>\t\t\t\t\t\t\t\t\t\t\t\t\t\t\t<\/div>\n\t\t\t\t<\/div>\n\t\t\t\t\t<\/div>\n\t\t<\/div>\n\t\t\t\t\t<\/div>\n\t\t<\/section>\n\t\t\t\t<section class=\"elementor-section elementor-top-section elementor-element elementor-element-aa9529d elementor-section-boxed elementor-section-height-default elementor-section-height-default\" data-id=\"aa9529d\" data-element_type=\"section\">\n\t\t\t\t\t\t<div class=\"elementor-container elementor-column-gap-extended\">\n\t\t\t\t\t<div class=\"elementor-column elementor-col-50 elementor-top-column elementor-element elementor-element-925596a\" data-id=\"925596a\" data-element_type=\"column\">\n\t\t\t<div class=\"elementor-widget-wrap elementor-element-populated\">\n\t\t\t\t\t\t<div class=\"elementor-element elementor-element-0873476 elementor-widget elementor-widget-image\" data-id=\"0873476\" data-element_type=\"widget\" data-widget_type=\"image.default\">\n\t\t\t\t<div class=\"elementor-widget-container\">\n\t\t\t\t\t\t\t\t\t\t\t\t\t\t\t<img decoding=\"async\" width=\"640\" height=\"640\" src=\"https:\/\/samarali.com\/wp-content\/uploads\/2024\/08\/Samarali-yoga-bags.jpg\" class=\"attachment-large size-large wp-image-24980\" alt=\"Sac de tapis de yoga Sac de tapis de yoga Sac de tapis de yoga Sac de tapis de yoga Sac de tapis de yoga Sac de tapis de yoga Sac de tapis de yoga Sac de tapis de yoga Sac de tapis de yoga Sac de yoga en li\u00e8ge et sac \u00e0 dos en li\u00e8ge Sac de tapis de yoga Sac de tapis de yoga Sac de tapis de yoga Sac de tapis de yoga Sac de tapis de yoga Sac de tapis de yoga Sac de tapis de yoga Sac de tapis de yoga Sac de tapis de yoga Sac de tapis de yoga Sac de tapis de yoga Sac de tapis de yoga Sac de tapis de yoga\" srcset=\"https:\/\/samarali.com\/wp-content\/uploads\/2024\/08\/Samarali-yoga-bags.jpg 1000w, https:\/\/samarali.com\/wp-content\/uploads\/2024\/08\/Samarali-yoga-bags-300x300.jpg 300w, https:\/\/samarali.com\/wp-content\/uploads\/2024\/08\/Samarali-yoga-bags-150x150.jpg 150w, https:\/\/samarali.com\/wp-content\/uploads\/2024\/08\/Samarali-yoga-bags-768x768.jpg 768w, https:\/\/samarali.com\/wp-content\/uploads\/2024\/08\/Samarali-yoga-bags-500x500.jpg 500w, https:\/\/samarali.com\/wp-content\/uploads\/2024\/08\/Samarali-yoga-bags-670x670.jpg 670w, https:\/\/samarali.com\/wp-content\/uploads\/2024\/08\/Samarali-yoga-bags-130x130.jpg 130w, https:\/\/samarali.com\/wp-content\/uploads\/2024\/08\/Samarali-yoga-bags-50x50.jpg 50w, https:\/\/samarali.com\/wp-content\/uploads\/2024\/08\/Samarali-yoga-bags-100x100.jpg 100w\" sizes=\"(max-width: 640px) 100vw, 640px\" \/>\t\t\t\t\t\t\t\t\t\t\t\t\t\t\t<\/div>\n\t\t\t\t<\/div>\n\t\t\t\t\t<\/div>\n\t\t<\/div>\n\t\t\t\t<div class=\"elementor-column elementor-col-50 elementor-top-column elementor-element elementor-element-5612fee\" data-id=\"5612fee\" data-element_type=\"column\">\n\t\t\t<div class=\"elementor-widget-wrap elementor-element-populated\">\n\t\t\t\t\t\t<div class=\"elementor-element elementor-element-ed70999 elementor-widget elementor-widget-text-editor\" data-id=\"ed70999\" data-element_type=\"widget\" data-widget_type=\"text-editor.default\">\n\t\t\t\t<div class=\"elementor-widget-container\">\n\t\t\t\t\t\t\t\t\t<h4><span style=\"white-space-collapse: preserve;\"><b>La passion des produits de yoga durables  <\/b><\/span><\/h4>\n<p><span style=\"white-space-collapse: preserve;\">Au fur et \u00e0 mesure que ma passion pour le yoga s&rsquo;intensifiait, j&rsquo;ai commenc\u00e9 \u00e0 chercher des produits durables pour am\u00e9liorer ma pratique.<br \/>\nCependant, j&rsquo;ai eu du mal \u00e0 trouver des outils de yoga \u00e9cologiques et de haute qualit\u00e9 qui correspondaient \u00e0 mes valeurs.<br \/>\nC&rsquo;est ainsi qu&rsquo;est n\u00e9e l&rsquo;id\u00e9e de cr\u00e9er une entreprise dans laquelle je pourrais cr\u00e9er de beaux produits durables, inspir\u00e9s par des designs uniques d&rsquo;Asie centrale, tout en respectant l&rsquo;environnement.    <\/span><\/p>\n\t\t\t\t\t\t\t\t<\/div>\n\t\t\t\t<\/div>\n\t\t\t\t<div class=\"elementor-element elementor-element-2c01c8e elementor-widget elementor-widget-text-editor\" data-id=\"2c01c8e\" data-element_type=\"widget\" data-widget_type=\"text-editor.default\">\n\t\t\t\t<div class=\"elementor-widget-container\">\n\t\t\t\t\t\t\t\t\t<h4><span style=\"white-space-collapse: preserve;\"><b>Vision et objectifs de l&rsquo;entreprise<\/b> <\/span><\/h4>\n<p><span style=\"white-space-collapse: preserve;\">Chez Samarali, notre vision est de cr\u00e9er des outils de yoga de haute qualit\u00e9 qui honorent le riche h\u00e9ritage de l&rsquo;Asie centrale tout en donnant la priorit\u00e9 \u00e0 la conscience \u00e9cologique.<br \/>\nNos produits pr\u00e9sentent des designs remarquables, refl\u00e9tant \u00e0 la fois la beaut\u00e9 culturelle et notre profond engagement en faveur du d\u00e9veloppement durable.<br \/>\n\u00c0 chaque \u00e9tape, nous nous effor\u00e7ons d&rsquo;innover et de nous am\u00e9liorer continuellement, afin de garantir que notre voyage vers un avenir plus durable ne s&rsquo;arr\u00eate jamais.  <\/span><\/p>\n\t\t\t\t\t\t\t\t<\/div>\n\t\t\t\t<\/div>\n\t\t\t\t\t<\/div>\n\t\t<\/div>\n\t\t\t\t\t<\/div>\n\t\t<\/section>\n\t\t<div class=\"elementor-element elementor-element-291e833 e-flex e-con-boxed e-con e-parent\" data-id=\"291e833\" data-element_type=\"container\">\n\t\t\t\t\t<div class=\"e-con-inner\">\n\t\t<div class=\"elementor-element elementor-element-6813fdc e-con-full e-flex e-con e-child\" data-id=\"6813fdc\" data-element_type=\"container\">\n\t\t\t\t<div class=\"elementor-element elementor-element-742e2a8 elementor-widget elementor-widget-text-editor\" data-id=\"742e2a8\" data-element_type=\"widget\" data-widget_type=\"text-editor.default\">\n\t\t\t\t<div class=\"elementor-widget-container\">\n\t\t\t\t\t\t\t\t\t<h4>Impact sur la communaut\u00e9 et l&rsquo;environnement<\/h4>\n<p>Nous nous engageons \u00e0 avoir un impact positif, non seulement \u00e0 travers nos produits, mais aussi en soutenant les \u00e9co-charit\u00e9s qui \u0153uvrent \u00e0 la protection de notre plan\u00e8te.<\/p>\n<p>Merci de faire partie de ce voyage.<br \/>\nEnsemble, nous pouvons cr\u00e9er un avenir plus durable et plus beau, un produit \u00e0 la fois.<br \/>\n\u00c0 bient\u00f4t !  <\/p>\n<p>A bient\u00f4t !  <\/p>\n<p>Nodira<\/p>\n<p>Fondateur et PDG de Samarali<\/p>\n<\/p>\n<div> <\/div>\n\t\t\t\t\t\t\t\t<\/div>\n\t\t\t\t<\/div>\n\t\t\t\t<\/div>\n\t\t<div class=\"elementor-element elementor-element-cb6b391 e-con-full e-flex e-con e-child\" data-id=\"cb6b391\" data-element_type=\"container\">\n\t\t\t\t<div class=\"elementor-element elementor-element-8c69622 elementor-widget elementor-widget-image\" data-id=\"8c69622\" data-element_type=\"widget\" data-widget_type=\"image.default\">\n\t\t\t\t<div class=\"elementor-widget-container\">\n\t\t\t\t\t\t\t\t\t\t\t\t\t\t\t<img decoding=\"async\" width=\"640\" height=\"640\" src=\"https:\/\/samarali.com\/wp-content\/uploads\/2024\/09\/Samarali-9.jpg\" class=\"attachment-large size-large wp-image-26434\" alt=\"About Us  About\" srcset=\"https:\/\/samarali.com\/wp-content\/uploads\/2024\/09\/Samarali-9.jpg 1000w, https:\/\/samarali.com\/wp-content\/uploads\/2024\/09\/Samarali-9-300x300.jpg 300w, https:\/\/samarali.com\/wp-content\/uploads\/2024\/09\/Samarali-9-150x150.jpg 150w, https:\/\/samarali.com\/wp-content\/uploads\/2024\/09\/Samarali-9-768x768.jpg 768w, https:\/\/samarali.com\/wp-content\/uploads\/2024\/09\/Samarali-9-500x500.jpg 500w, https:\/\/samarali.com\/wp-content\/uploads\/2024\/09\/Samarali-9-670x670.jpg 670w, https:\/\/samarali.com\/wp-content\/uploads\/2024\/09\/Samarali-9-130x130.jpg 130w, https:\/\/samarali.com\/wp-content\/uploads\/2024\/09\/Samarali-9-50x50.jpg 50w, https:\/\/samarali.com\/wp-content\/uploads\/2024\/09\/Samarali-9-100x100.jpg 100w\" sizes=\"(max-width: 640px) 100vw, 640px\" \/>\t\t\t\t\t\t\t\t\t\t\t\t\t\t\t<\/div>\n\t\t\t\t<\/div>\n\t\t\t\t<\/div>\n\t\t\t\t\t<\/div>\n\t\t\t\t<\/div>\n\t\t\t\t<section class=\"elementor-section elementor-top-section elementor-element elementor-element-40b30cb elementor-section-boxed elementor-section-height-default elementor-section-height-default\" data-id=\"40b30cb\" data-element_type=\"section\">\n\t\t\t\t\t\t<div class=\"elementor-container elementor-column-gap-extended\">\n\t\t\t\t\t<div class=\"elementor-column elementor-col-100 elementor-top-column elementor-element elementor-element-19bed29\" data-id=\"19bed29\" data-element_type=\"column\">\n\t\t\t<div class=\"elementor-widget-wrap elementor-element-populated\">\n\t\t\t\t\t\t\t<\/div>\n\t\t<\/div>\n\t\t\t\t\t<\/div>\n\t\t<\/section>\n\t\t\t\t<\/div>\n\t\t","protected":false},"excerpt":{"rendered":"<p>histoire \u00c0 propos des \u00c9tats-Unis Je m&rsquo;appelle Nodira, je suis n\u00e9e et j&rsquo;ai grandi dans la vibrante capitale de l&rsquo;Ouzb\u00e9kistan, Tachkent. D\u00e8s mon plus jeune \u00e2ge, j&rsquo;ai \u00e9t\u00e9 passionn\u00e9e par l&rsquo;exercice physique et la danse, passant la plupart de mon temps \u00e0 l&rsquo;ext\u00e9rieur, entour\u00e9e par la nature. Ce lien profond avec le plein air a [&hellip;]<\/p>\n","protected":false},"author":1,"featured_media":0,"parent":0,"menu_order":0,"comment_status":"closed","ping_status":"closed","template":"","meta":{"_acf_changed":false,"_improvement_type_select":"improve_an_existing","_thumb_yes_seoaic":false,"_frame_yes_seoaic":false,"seoaic_generate_description":"","seoaic_improve_instructions_prompt":"","seoaic_rollback_content_improvement":"","seoaic_idea_thumbnail_generator":"","thumbnail_generated":false,"thumbnail_generate_prompt":"","seoaic_article_description":"","inline_featured_image":false,"footnotes":""},"class_list":["post-27455","page","type-page","status-publish","hentry"],"acf":[],"yoast_head":"<!-- This site is optimized with the Yoast SEO Premium plugin v27.3 (Yoast SEO v27.3) - https:\/\/yoast.com\/product\/yoast-seo-premium-wordpress\/ -->\n<title>A propos de nous - Samarali<\/title>\n<meta name=\"description\" content=\"D\u00e9couvrez l&#039;histoire de notre passion pour le yoga et les produits durables. D\u00e9couvrez comment tout a commenc\u00e9 avec le voyage de Nodira depuis l&#039;Ouzb\u00e9kistan vers une pratique attentive du yoga.\" \/>\n<meta name=\"robots\" content=\"index, follow, max-snippet:-1, max-image-preview:large, max-video-preview:-1\" \/>\n<link rel=\"canonical\" href=\"https:\/\/samarali.com\/fr\/a-propos-de-nous\/\" \/>\n<meta property=\"og:locale\" content=\"fr_FR\" \/>\n<meta property=\"og:type\" content=\"article\" \/>\n<meta property=\"og:title\" content=\"A propos de nous\" \/>\n<meta property=\"og:description\" content=\"D\u00e9couvrez l&#039;histoire de notre passion pour le yoga et les produits durables. D\u00e9couvrez comment tout a commenc\u00e9 avec le voyage de Nodira depuis l&#039;Ouzb\u00e9kistan vers une pratique attentive du yoga.\" \/>\n<meta property=\"og:url\" content=\"https:\/\/samarali.com\/fr\/a-propos-de-nous\/\" \/>\n<meta property=\"og:site_name\" content=\"Samarali\" \/>\n<meta property=\"article:publisher\" content=\"https:\/\/www.facebook.com\/samaraliyoga\" \/>\n<meta property=\"article:modified_time\" content=\"2024-10-14T11:50:59+00:00\" \/>\n<meta property=\"og:image\" content=\"https:\/\/samarali.com\/wp-content\/uploads\/2024\/09\/Samarali-6.jpg\" \/>\n\t<meta property=\"og:image:width\" content=\"1000\" \/>\n\t<meta property=\"og:image:height\" content=\"1000\" \/>\n\t<meta property=\"og:image:type\" content=\"image\/jpeg\" \/>\n<meta name=\"twitter:card\" content=\"summary_large_image\" \/>\n<meta name=\"twitter:label1\" content=\"Dur\u00e9e de lecture estim\u00e9e\" \/>\n\t<meta name=\"twitter:data1\" content=\"2 minutes\" \/>\n<script type=\"application\/ld+json\" class=\"yoast-schema-graph\">{\"@context\":\"https:\\\/\\\/schema.org\",\"@graph\":[{\"@type\":\"WebPage\",\"@id\":\"https:\\\/\\\/samarali.com\\\/fr\\\/a-propos-de-nous\\\/\",\"url\":\"https:\\\/\\\/samarali.com\\\/fr\\\/a-propos-de-nous\\\/\",\"name\":\"A propos de nous - Samarali\",\"isPartOf\":{\"@id\":\"https:\\\/\\\/samarali.com\\\/fr\\\/#website\"},\"primaryImageOfPage\":{\"@id\":\"https:\\\/\\\/samarali.com\\\/fr\\\/a-propos-de-nous\\\/#primaryimage\"},\"image\":{\"@id\":\"https:\\\/\\\/samarali.com\\\/fr\\\/a-propos-de-nous\\\/#primaryimage\"},\"thumbnailUrl\":\"https:\\\/\\\/samarali.com\\\/wp-content\\\/uploads\\\/2024\\\/09\\\/Samarali-6.jpg\",\"datePublished\":\"2020-10-13T07:00:26+00:00\",\"dateModified\":\"2024-10-14T11:50:59+00:00\",\"description\":\"D\u00e9couvrez l'histoire de notre passion pour le yoga et les produits durables. D\u00e9couvrez comment tout a commenc\u00e9 avec le voyage de Nodira depuis l'Ouzb\u00e9kistan vers une pratique attentive du yoga.\",\"breadcrumb\":{\"@id\":\"https:\\\/\\\/samarali.com\\\/fr\\\/a-propos-de-nous\\\/#breadcrumb\"},\"inLanguage\":\"fr-FR\",\"potentialAction\":[{\"@type\":\"ReadAction\",\"target\":[\"https:\\\/\\\/samarali.com\\\/fr\\\/a-propos-de-nous\\\/\"]}]},{\"@type\":\"ImageObject\",\"inLanguage\":\"fr-FR\",\"@id\":\"https:\\\/\\\/samarali.com\\\/fr\\\/a-propos-de-nous\\\/#primaryimage\",\"url\":\"https:\\\/\\\/samarali.com\\\/wp-content\\\/uploads\\\/2024\\\/09\\\/Samarali-6.jpg\",\"contentUrl\":\"https:\\\/\\\/samarali.com\\\/wp-content\\\/uploads\\\/2024\\\/09\\\/Samarali-6.jpg\"},{\"@type\":\"BreadcrumbList\",\"@id\":\"https:\\\/\\\/samarali.com\\\/fr\\\/a-propos-de-nous\\\/#breadcrumb\",\"itemListElement\":[{\"@type\":\"ListItem\",\"position\":1,\"name\":\"Accueil\",\"item\":\"https:\\\/\\\/samarali.com\\\/fr\\\/accueil\\\/\"},{\"@type\":\"ListItem\",\"position\":2,\"name\":\"A propos de nous\"}]},{\"@type\":\"WebSite\",\"@id\":\"https:\\\/\\\/samarali.com\\\/fr\\\/#website\",\"url\":\"https:\\\/\\\/samarali.com\\\/fr\\\/\",\"name\":\"Samarali\",\"description\":\"Samarali est une marque de yoga et de style de vie durable bas\u00e9e aux Pays-Bas.\",\"publisher\":{\"@id\":\"https:\\\/\\\/samarali.com\\\/fr\\\/#organization\"},\"potentialAction\":[{\"@type\":\"SearchAction\",\"target\":{\"@type\":\"EntryPoint\",\"urlTemplate\":\"https:\\\/\\\/samarali.com\\\/fr\\\/?s={search_term_string}\"},\"query-input\":{\"@type\":\"PropertyValueSpecification\",\"valueRequired\":true,\"valueName\":\"search_term_string\"}}],\"inLanguage\":\"fr-FR\"},{\"@type\":\"Organization\",\"@id\":\"https:\\\/\\\/samarali.com\\\/fr\\\/#organization\",\"name\":\"Samarali\",\"url\":\"https:\\\/\\\/samarali.com\\\/fr\\\/\",\"logo\":{\"@type\":\"ImageObject\",\"inLanguage\":\"fr-FR\",\"@id\":\"https:\\\/\\\/samarali.com\\\/fr\\\/#\\\/schema\\\/logo\\\/image\\\/\",\"url\":\"https:\\\/\\\/samarali.com\\\/wp-content\\\/uploads\\\/2024\\\/05\\\/cropped-samarali-icon.png\",\"contentUrl\":\"https:\\\/\\\/samarali.com\\\/wp-content\\\/uploads\\\/2024\\\/05\\\/cropped-samarali-icon.png\",\"width\":512,\"height\":512,\"caption\":\"Samarali\"},\"image\":{\"@id\":\"https:\\\/\\\/samarali.com\\\/fr\\\/#\\\/schema\\\/logo\\\/image\\\/\"},\"sameAs\":[\"https:\\\/\\\/www.facebook.com\\\/samaraliyoga\",\"https:\\\/\\\/www.linkedin.com\\\/company\\\/69563155\\\/\",\"https:\\\/\\\/www.instagram.com\\\/samaraliyoga\\\/\",\"https:\\\/\\\/nl.pinterest.com\\\/Samaraliyoga\\\/\"],\"description\":\"Samarali is a sustainable yoga and lifestyle brand based in the Netherlands\",\"email\":\"info@samarali.com\",\"legalName\":\"Samarali B.V.\",\"vatID\":\"NL859820324B01\",\"numberOfEmployees\":{\"@type\":\"QuantitativeValue\",\"minValue\":\"1\",\"maxValue\":\"10\"}}]}<\/script>\n<!-- \/ Yoast SEO Premium plugin. -->","yoast_head_json":{"title":"A propos de nous - Samarali","description":"D\u00e9couvrez l'histoire de notre passion pour le yoga et les produits durables. D\u00e9couvrez comment tout a commenc\u00e9 avec le voyage de Nodira depuis l'Ouzb\u00e9kistan vers une pratique attentive du yoga.","robots":{"index":"index","follow":"follow","max-snippet":"max-snippet:-1","max-image-preview":"max-image-preview:large","max-video-preview":"max-video-preview:-1"},"canonical":"https:\/\/samarali.com\/fr\/a-propos-de-nous\/","og_locale":"fr_FR","og_type":"article","og_title":"A propos de nous","og_description":"D\u00e9couvrez l'histoire de notre passion pour le yoga et les produits durables. D\u00e9couvrez comment tout a commenc\u00e9 avec le voyage de Nodira depuis l'Ouzb\u00e9kistan vers une pratique attentive du yoga.","og_url":"https:\/\/samarali.com\/fr\/a-propos-de-nous\/","og_site_name":"Samarali","article_publisher":"https:\/\/www.facebook.com\/samaraliyoga","article_modified_time":"2024-10-14T11:50:59+00:00","og_image":[{"width":1000,"height":1000,"url":"https:\/\/samarali.com\/wp-content\/uploads\/2024\/09\/Samarali-6.jpg","type":"image\/jpeg"}],"twitter_card":"summary_large_image","twitter_misc":{"Dur\u00e9e de lecture estim\u00e9e":"2 minutes"},"schema":{"@context":"https:\/\/schema.org","@graph":[{"@type":"WebPage","@id":"https:\/\/samarali.com\/fr\/a-propos-de-nous\/","url":"https:\/\/samarali.com\/fr\/a-propos-de-nous\/","name":"A propos de nous - Samarali","isPartOf":{"@id":"https:\/\/samarali.com\/fr\/#website"},"primaryImageOfPage":{"@id":"https:\/\/samarali.com\/fr\/a-propos-de-nous\/#primaryimage"},"image":{"@id":"https:\/\/samarali.com\/fr\/a-propos-de-nous\/#primaryimage"},"thumbnailUrl":"https:\/\/samarali.com\/wp-content\/uploads\/2024\/09\/Samarali-6.jpg","datePublished":"2020-10-13T07:00:26+00:00","dateModified":"2024-10-14T11:50:59+00:00","description":"D\u00e9couvrez l'histoire de notre passion pour le yoga et les produits durables. D\u00e9couvrez comment tout a commenc\u00e9 avec le voyage de Nodira depuis l'Ouzb\u00e9kistan vers une pratique attentive du yoga.","breadcrumb":{"@id":"https:\/\/samarali.com\/fr\/a-propos-de-nous\/#breadcrumb"},"inLanguage":"fr-FR","potentialAction":[{"@type":"ReadAction","target":["https:\/\/samarali.com\/fr\/a-propos-de-nous\/"]}]},{"@type":"ImageObject","inLanguage":"fr-FR","@id":"https:\/\/samarali.com\/fr\/a-propos-de-nous\/#primaryimage","url":"https:\/\/samarali.com\/wp-content\/uploads\/2024\/09\/Samarali-6.jpg","contentUrl":"https:\/\/samarali.com\/wp-content\/uploads\/2024\/09\/Samarali-6.jpg"},{"@type":"BreadcrumbList","@id":"https:\/\/samarali.com\/fr\/a-propos-de-nous\/#breadcrumb","itemListElement":[{"@type":"ListItem","position":1,"name":"Accueil","item":"https:\/\/samarali.com\/fr\/accueil\/"},{"@type":"ListItem","position":2,"name":"A propos de nous"}]},{"@type":"WebSite","@id":"https:\/\/samarali.com\/fr\/#website","url":"https:\/\/samarali.com\/fr\/","name":"Samarali","description":"Samarali est une marque de yoga et de style de vie durable bas\u00e9e aux Pays-Bas.","publisher":{"@id":"https:\/\/samarali.com\/fr\/#organization"},"potentialAction":[{"@type":"SearchAction","target":{"@type":"EntryPoint","urlTemplate":"https:\/\/samarali.com\/fr\/?s={search_term_string}"},"query-input":{"@type":"PropertyValueSpecification","valueRequired":true,"valueName":"search_term_string"}}],"inLanguage":"fr-FR"},{"@type":"Organization","@id":"https:\/\/samarali.com\/fr\/#organization","name":"Samarali","url":"https:\/\/samarali.com\/fr\/","logo":{"@type":"ImageObject","inLanguage":"fr-FR","@id":"https:\/\/samarali.com\/fr\/#\/schema\/logo\/image\/","url":"https:\/\/samarali.com\/wp-content\/uploads\/2024\/05\/cropped-samarali-icon.png","contentUrl":"https:\/\/samarali.com\/wp-content\/uploads\/2024\/05\/cropped-samarali-icon.png","width":512,"height":512,"caption":"Samarali"},"image":{"@id":"https:\/\/samarali.com\/fr\/#\/schema\/logo\/image\/"},"sameAs":["https:\/\/www.facebook.com\/samaraliyoga","https:\/\/www.linkedin.com\/company\/69563155\/","https:\/\/www.instagram.com\/samaraliyoga\/","https:\/\/nl.pinterest.com\/Samaraliyoga\/"],"description":"Samarali is a sustainable yoga and lifestyle brand based in the Netherlands","email":"info@samarali.com","legalName":"Samarali B.V.","vatID":"NL859820324B01","numberOfEmployees":{"@type":"QuantitativeValue","minValue":"1","maxValue":"10"}}]}},"jetpack_sharing_enabled":true,"_links":{"self":[{"href":"https:\/\/samarali.com\/fr\/wp-json\/wp\/v2\/pages\/27455","targetHints":{"allow":["GET"]}}],"collection":[{"href":"https:\/\/samarali.com\/fr\/wp-json\/wp\/v2\/pages"}],"about":[{"href":"https:\/\/samarali.com\/fr\/wp-json\/wp\/v2\/types\/page"}],"author":[{"embeddable":true,"href":"https:\/\/samarali.com\/fr\/wp-json\/wp\/v2\/users\/1"}],"replies":[{"embeddable":true,"href":"https:\/\/samarali.com\/fr\/wp-json\/wp\/v2\/comments?post=27455"}],"version-history":[{"count":7,"href":"https:\/\/samarali.com\/fr\/wp-json\/wp\/v2\/pages\/27455\/revisions"}],"predecessor-version":[{"id":31848,"href":"https:\/\/samarali.com\/fr\/wp-json\/wp\/v2\/pages\/27455\/revisions\/31848"}],"wp:attachment":[{"href":"https:\/\/samarali.com\/fr\/wp-json\/wp\/v2\/media?parent=27455"}],"curies":[{"name":"wp","href":"https:\/\/api.w.org\/{rel}","templated":true}]}}