{"id":27377,"date":"2024-07-04T08:12:01","date_gmt":"2024-07-04T08:12:01","guid":{"rendered":"https:\/\/samarali.com\/programme-de-vente-en-gros\/"},"modified":"2024-10-07T13:48:22","modified_gmt":"2024-10-07T11:48:22","slug":"programme-de-vente-en-gros","status":"publish","type":"page","link":"https:\/\/samarali.com\/fr\/programme-de-vente-en-gros\/","title":{"rendered":"Programme de vente en gros"},"content":{"rendered":"\t\t<div data-elementor-type=\"wp-page\" data-elementor-id=\"27377\" class=\"elementor elementor-27377 elementor-14424\">\n\t\t\t\t\t\t<section class=\"elementor-section elementor-top-section elementor-element elementor-element-04b4079 elementor-section-boxed elementor-section-height-default elementor-section-height-default\" data-id=\"04b4079\" data-element_type=\"section\">\n\t\t\t\t\t\t<div class=\"elementor-container elementor-column-gap-extended\">\n\t\t\t\t\t<div class=\"elementor-column elementor-col-50 elementor-top-column elementor-element elementor-element-8114dbf\" data-id=\"8114dbf\" data-element_type=\"column\">\n\t\t\t<div class=\"elementor-widget-wrap elementor-element-populated\">\n\t\t\t\t\t\t<div class=\"elementor-element elementor-element-ad80d57 elementor-widget elementor-widget-heading\" data-id=\"ad80d57\" data-element_type=\"widget\" data-widget_type=\"heading.default\">\n\t\t\t\t<div class=\"elementor-widget-container\">\n\t\t\t\t\t<h6 class=\"elementor-heading-title elementor-size-default\">Commerce de gros\n<\/h6>\t\t\t\t<\/div>\n\t\t\t\t<\/div>\n\t\t\t\t<div class=\"elementor-element elementor-element-2e2efb3 elementor-widget elementor-widget-heading\" data-id=\"2e2efb3\" data-element_type=\"widget\" data-widget_type=\"heading.default\">\n\t\t\t\t<div class=\"elementor-widget-container\">\n\t\t\t\t\t<h3 class=\"elementor-heading-title elementor-size-default\">Programme<\/h3>\t\t\t\t<\/div>\n\t\t\t\t<\/div>\n\t\t\t\t<div class=\"elementor-element elementor-element-6a413c7 elementor-widget elementor-widget-text-editor\" data-id=\"6a413c7\" data-element_type=\"widget\" data-widget_type=\"text-editor.default\">\n\t\t\t\t<div class=\"elementor-widget-container\">\n\t\t\t\t\t\t\t\t\t<div style=\"text-align: left;\">\n<p>Chez Samarali, nous proposons une large gamme de produits de yoga et de style de vie \u00e9thiques et de haute qualit\u00e9 dans le cadre de notre programme de vente en gros.<br \/>\nQue vous souhaitiez approvisionner un studio de yoga, une boutique ou un \u00e9tablissement d&rsquo;enseignement, nous vous couvrons, o\u00f9 que vous soyez dans le monde. <\/p>\n<p>Gr\u00e2ce \u00e0 notre programme de vente en gros, vous pouvez b\u00e9n\u00e9ficier de prix comp\u00e9titifs et de remises importantes sur les commandes en gros de nos produits de yoga respectueux de l&rsquo;environnement.<br \/>\nCe programme est ouvert aux distributeurs, d\u00e9taillants, entreprises et \u00e9v\u00e9nements du monde entier. <\/p>\n<p>\u00cates-vous pr\u00eat \u00e0 proposer des produits de yoga durables \u00e0 vos clients ?<br \/>\nSi c&rsquo;est le cas, remplissez le formulaire ci-dessous et nous vous contacterons dans les jours qui suivent. <\/p>\n<\/div>\n\t\t\t\t\t\t\t\t<\/div>\n\t\t\t\t<\/div>\n\t\t\t\t\t<\/div>\n\t\t<\/div>\n\t\t\t\t<div class=\"elementor-column elementor-col-50 elementor-top-column elementor-element elementor-element-a3fd29a\" data-id=\"a3fd29a\" data-element_type=\"column\">\n\t\t\t<div class=\"elementor-widget-wrap elementor-element-populated\">\n\t\t\t\t<div class=\"elementor-element elementor-element-a1a056d e-flex e-con-boxed e-con e-parent\" data-id=\"a1a056d\" data-element_type=\"container\">\n\t\t\t\t\t<div class=\"e-con-inner\">\n\t\t\t\t<div class=\"elementor-element elementor-element-f6c1448 elementor-widget elementor-widget-text-editor\" data-id=\"f6c1448\" data-element_type=\"widget\" data-widget_type=\"text-editor.default\">\n\t\t\t\t<div class=\"elementor-widget-container\">\n\t\t\t\t\t\t\t\t\t<p style=\"text-align: center;\"><strong>T\u00e9l\u00e9chargez notre catalogue de produits<\/strong><\/p>\n\t\t\t\t\t\t\t\t<\/div>\n\t\t\t\t<\/div>\n\t\t\t\t<div class=\"elementor-element elementor-element-edf0331 elementor-widget elementor-widget-text-editor\" data-id=\"edf0331\" data-element_type=\"widget\" data-widget_type=\"text-editor.default\">\n\t\t\t\t<div class=\"elementor-widget-container\">\n\t\t\t\t\t\t\t\t\t<div class=\"et_pb_promo_description\">\n<p class=\"et_pb_module_header\" style=\"text-align: center;\">Curieux de d\u00e9couvrir les produits de yoga durable que nous proposons ?<br \/>\nCliquez ici pour explorer notre gamme compl\u00e8te de produits et trouver les articles parfaits pour votre entreprise. <\/p>\n<\/div>\n\t\t\t\t\t\t\t\t<\/div>\n\t\t\t\t<\/div>\n\t\t\t\t<div class=\"elementor-element elementor-element-0d821b2 elementor-align-center elementor-widget elementor-widget-razzi-button\" data-id=\"0d821b2\" data-element_type=\"widget\" data-widget_type=\"razzi-button.default\">\n\t\t\t\t<div class=\"elementor-widget-container\">\n\t\t\t\t\t        <a href=\"\/wp-content\/uploads\/2024\/09\/Samarali-Product-Catalogue-EN.pdf\" class=\"razzi-button-link razzi-button\">\n\t\t\t\t\t<span class=\"razzi-button-text\">T\u00e9l\u00e9charger<\/span>\t\t            <span class=\"razzi-svg-icon razzi-align-icon-right\">\n\t\t\t\t<svg xmlns=\"http:\/\/www.w3.org\/2000\/svg\" width=\"20\" height=\"20\" viewBox=\"0 0 20 20\" fill=\"none\"><g clip-path=\"url(#clip0_84_976)\"><path d=\"M3.125 10H16.875\" stroke=\"white\" stroke-width=\"2\" stroke-linecap=\"round\" stroke-linejoin=\"round\"><\/path><path d=\"M11.25 4.375L16.875 10L11.25 15.625\" stroke=\"white\" stroke-width=\"2\" stroke-linecap=\"round\" stroke-linejoin=\"round\"><\/path><\/g><defs><clipPath id=\"clip0_84_976\"><rect width=\"20\" height=\"20\" fill=\"white\"><\/rect><\/clipPath><\/defs><\/svg>\t\t\t<\/span>\n\t\t\t\t        <\/a>\n\t\t\t\t\t\t<\/div>\n\t\t\t\t<\/div>\n\t\t\t\t\t<\/div>\n\t\t\t\t<\/div>\n\t\t\t\t\t<\/div>\n\t\t<\/div>\n\t\t\t\t\t<\/div>\n\t\t<\/section>\n\t\t<div class=\"elementor-element elementor-element-ec15a14 e-flex e-con-boxed e-con e-parent\" data-id=\"ec15a14\" data-element_type=\"container\">\n\t\t\t\t\t<div class=\"e-con-inner\">\n\t\t\t\t<div class=\"elementor-element elementor-element-b20eb64 elementor-widget elementor-widget-heading\" data-id=\"b20eb64\" data-element_type=\"widget\" data-widget_type=\"heading.default\">\n\t\t\t\t<div class=\"elementor-widget-container\">\n\t\t\t\t\t<h6 class=\"elementor-heading-title elementor-size-default\">Commerce de gros\n<\/h6>\t\t\t\t<\/div>\n\t\t\t\t<\/div>\n\t\t\t\t<div class=\"elementor-element elementor-element-3e116ab elementor-widget elementor-widget-heading\" data-id=\"3e116ab\" data-element_type=\"widget\" data-widget_type=\"heading.default\">\n\t\t\t\t<div class=\"elementor-widget-container\">\n\t\t\t\t\t<h3 class=\"elementor-heading-title elementor-size-default\">Inscription<\/h3>\t\t\t\t<\/div>\n\t\t\t\t<\/div>\n\t\t\t\t\t<\/div>\n\t\t\t\t<\/div>\n\t\t<div class=\"elementor-element elementor-element-392d6bb e-flex e-con-boxed e-con e-parent\" data-id=\"392d6bb\" data-element_type=\"container\">\n\t\t\t\t\t<div class=\"e-con-inner\">\n\t\t\t\t<div class=\"elementor-element elementor-element-f541074 elementor-widget elementor-widget-razzi-contact-form-7\" data-id=\"f541074\" data-element_type=\"widget\" data-widget_type=\"razzi-contact-form-7.default\">\n\t\t\t\t<div class=\"elementor-widget-container\">\n\t\t\t\t\t\t\t<div class=\"razzi-contact-form-7\">\r\n\t\t\t\n<div class=\"wpcf7 no-js\" id=\"wpcf7-f27518-o1\" lang=\"fr-FR\" dir=\"ltr\" data-wpcf7-id=\"27518\">\n<div class=\"screen-reader-response\"><p role=\"status\" aria-live=\"polite\" aria-atomic=\"true\"><\/p> <ul><\/ul><\/div>\n<form action=\"\/fr\/wp-json\/wp\/v2\/pages\/27377#wpcf7-f27518-o1\" method=\"post\" class=\"wpcf7-form init\" aria-label=\"Formulaire de contact\" novalidate=\"novalidate\" data-status=\"init\">\n<fieldset class=\"hidden-fields-container\"><input type=\"hidden\" name=\"_wpcf7\" value=\"27518\" \/><input type=\"hidden\" name=\"_wpcf7_version\" value=\"6.1.5\" \/><input type=\"hidden\" name=\"_wpcf7_locale\" value=\"fr_FR\" \/><input type=\"hidden\" name=\"_wpcf7_unit_tag\" value=\"wpcf7-f27518-o1\" \/><input type=\"hidden\" name=\"_wpcf7_container_post\" value=\"0\" \/><input type=\"hidden\" name=\"_wpcf7_posted_data_hash\" value=\"\" \/>\n<\/fieldset>\n<div class=\"row-flex\">\n\t<div class=\"col-flex col-flex-xs-12 col-flex-sm-6 col-flex-md-6\">\n\t\t<p><span class=\"wpcf7-form-control-wrap\" data-name=\"name-123\"><input size=\"40\" maxlength=\"400\" class=\"wpcf7-form-control wpcf7-text wpcf7-validates-as-required\" aria-required=\"true\" aria-invalid=\"false\" placeholder=\"Votre nom *\" value=\"\" type=\"text\" name=\"name-123\" \/><\/span>\n\t\t<\/p>\n\t<\/div>\n\t<div class=\"col-flex col-flex-xs-12 col-flex-sm-6 col-flex-md-6\">\n\t\t<p><span class=\"wpcf7-form-control-wrap\" data-name=\"email-845\"><input size=\"40\" maxlength=\"400\" class=\"wpcf7-form-control wpcf7-email wpcf7-validates-as-required wpcf7-text wpcf7-validates-as-email\" aria-required=\"true\" aria-invalid=\"false\" placeholder=\"Votre Email *\" value=\"\" type=\"email\" name=\"email-845\" \/><\/span>\n\t\t<\/p>\n\t<\/div>\n<\/div>\n<div class=\"row-flex\">\n\t<div class=\"col-flex col-flex-xs-12 col-flex-sm-6 col-flex-md-6\">\n\t\t<p><span class=\"wpcf7-form-control-wrap\" data-name=\"phone\"><input size=\"40\" maxlength=\"400\" class=\"wpcf7-form-control wpcf7-text wpcf7-validates-as-required\" aria-required=\"true\" aria-invalid=\"false\" placeholder=\"T\u00e9l\u00e9phone *\" value=\"\" type=\"text\" name=\"phone\" \/><\/span>\n\t\t<\/p>\n\t<\/div>\n\t<div class=\"col-flex col-flex-xs-12 col-flex-sm-6 col-flex-md-6\">\n\t\t<p><span class=\"wpcf7-form-control-wrap\" data-name=\"website\"><input size=\"40\" maxlength=\"400\" class=\"wpcf7-form-control wpcf7-text\" aria-invalid=\"false\" placeholder=\"Site web\" value=\"\" type=\"text\" name=\"website\" \/><\/span>\n\t\t<\/p>\n\t<\/div>\n<\/div>\n<div class=\"row-flex\">\n\t<div class=\"col-flex col-flex-xs-12 col-flex-sm-6 col-flex-md-6\">\n\t\t<p><span class=\"wpcf7-form-control-wrap\" data-name=\"company\"><input size=\"40\" maxlength=\"400\" class=\"wpcf7-form-control wpcf7-text wpcf7-validates-as-required\" aria-required=\"true\" aria-invalid=\"false\" placeholder=\"Nom de l&#039;entreprise *\" value=\"\" type=\"text\" name=\"company\" \/><\/span>\n\t\t<\/p>\n\t<\/div>\n\t<div class=\"col-flex col-flex-xs-12 col-flex-sm-6 col-flex-md-6\">\n\t\t<p><span class=\"wpcf7-form-control-wrap\" data-name=\"vat\"><input size=\"40\" maxlength=\"400\" class=\"wpcf7-form-control wpcf7-text wpcf7-validates-as-required\" aria-required=\"true\" aria-invalid=\"false\" placeholder=\"Num\u00e9ro de TVA \/ ID FISCAL\" value=\"\" type=\"text\" name=\"vat\" \/><\/span>\n\t\t<\/p>\n\t<\/div>\n<\/div>\n<div class=\"row-flex\">\n\t<div class=\"col-flex col-flex-xs-12 col-flex-sm-6 col-flex-md-6\">\n\t\t<p><span class=\"wpcf7-form-control-wrap\" data-name=\"address\"><input size=\"40\" maxlength=\"400\" class=\"wpcf7-form-control wpcf7-text wpcf7-validates-as-required\" aria-required=\"true\" aria-invalid=\"false\" placeholder=\"Adresse *\" value=\"\" type=\"text\" name=\"address\" \/><\/span>\n\t\t<\/p>\n\t<\/div>\n\t<div class=\"col-flex col-flex-xs-12 col-flex-sm-6 col-flex-md-6\">\n\t\t<p><span class=\"wpcf7-form-control-wrap\" data-name=\"address2\"><input size=\"40\" maxlength=\"400\" class=\"wpcf7-form-control wpcf7-text\" aria-invalid=\"false\" placeholder=\"Ligne d&#039;adresse 2\" value=\"\" type=\"text\" name=\"address2\" \/><\/span>\n\t\t<\/p>\n\t<\/div>\n<\/div>\n<div class=\"row-flex\">\n\t<div class=\"col-flex col-flex-xs-12 col-flex-sm-6 col-flex-md-6\">\n\t\t<p><span class=\"wpcf7-form-control-wrap\" data-name=\"city\"><input size=\"40\" maxlength=\"400\" class=\"wpcf7-form-control wpcf7-text wpcf7-validates-as-required\" aria-required=\"true\" aria-invalid=\"false\" placeholder=\"Ville *\" value=\"\" type=\"text\" name=\"city\" \/><\/span>\n\t\t<\/p>\n\t<\/div>\n\t<div class=\"col-flex col-flex-xs-12 col-flex-sm-6 col-flex-md-6\">\n\t\t<p><span class=\"wpcf7-form-control-wrap\" data-name=\"state\"><input size=\"40\" maxlength=\"400\" class=\"wpcf7-form-control wpcf7-text\" aria-invalid=\"false\" placeholder=\"\u00c9tat \/ Province \/ R\u00e9gion\" value=\"\" type=\"text\" name=\"state\" \/><\/span>\n\t\t<\/p>\n\t<\/div>\n<\/div>\n<div class=\"row-flex\">\n\t<div class=\"col-flex col-flex-xs-12 col-flex-sm-6 col-flex-md-6\">\n\t\t<p><span class=\"wpcf7-form-control-wrap\" data-name=\"country\"><input size=\"40\" maxlength=\"400\" class=\"wpcf7-form-control wpcf7-text wpcf7-validates-as-required\" aria-required=\"true\" aria-invalid=\"false\" placeholder=\"Pays *\" value=\"\" type=\"text\" name=\"country\" \/><\/span>\n\t\t<\/p>\n\t<\/div>\n\t<div class=\"col-flex col-flex-xs-12 col-flex-sm-6 col-flex-md-6\">\n\t\t<p><span class=\"wpcf7-form-control-wrap\" data-name=\"state\"><input size=\"40\" maxlength=\"400\" class=\"wpcf7-form-control wpcf7-text wpcf7-validates-as-required\" aria-required=\"true\" aria-invalid=\"false\" placeholder=\"Code postal *\" value=\"\" type=\"text\" name=\"state\" \/><\/span>\n\t\t<\/p>\n\t<\/div>\n<\/div>\n<div class=\"row-flex\">\n\t<div class=\"col-flex col-flex-xs-12 col-flex-sm-6 col-flex-md-6\">\n\t\t<p><span class=\"wpcf7-form-control-wrap\" data-name=\"type\"><select class=\"wpcf7-form-control wpcf7-select wpcf7-validates-as-required\" aria-required=\"true\" aria-invalid=\"false\" name=\"type\"><option value=\"Type d&#039;entreprise *\">Type d&#039;entreprise *<\/option><option value=\"Studio de yoga\">Studio de yoga<\/option><option value=\"Gymnase\/centre de remise en forme\">Gymnase\/centre de remise en forme<\/option><option value=\"H\u00f4tel\/Spa\/Bien-\u00eatre\">H\u00f4tel\/Spa\/Bien-\u00eatre<\/option><option value=\"D\u00e9taillant\">D\u00e9taillant<\/option><option value=\"Distributeur\">Distributeur<\/option><option value=\"Autre\">Autre<\/option><\/select><\/span>\n\t\t<\/p>\n\t<\/div>\n\t<div class=\"col-flex col-flex-xs-12 col-flex-sm-6 col-flex-md-6\">\n\t\t<p><span class=\"wpcf7-form-control-wrap\" data-name=\"hear\"><select class=\"wpcf7-form-control wpcf7-select wpcf7-validates-as-required\" aria-required=\"true\" aria-invalid=\"false\" name=\"hear\"><option value=\"Comment avez-vous entendu parler de nous ? *\">Comment avez-vous entendu parler de nous ? *<\/option><option value=\"Produit Samarali usag\u00e9\">Produit Samarali usag\u00e9<\/option><option value=\"Moteur de recherche\">Moteur de recherche<\/option><option value=\"Recommand\u00e9 par un ami\/studio\">Recommand\u00e9 par un ami\/studio<\/option><option value=\"Salon professionnel\">Salon professionnel<\/option><option value=\"Autre\">Autre<\/option><\/select><\/span>\n\t\t<\/p>\n\t<\/div>\n<\/div>\n<p><span class=\"wpcf7-form-control-wrap\" data-name=\"textarea-595\"><textarea cols=\"40\" rows=\"10\" maxlength=\"2000\" class=\"wpcf7-form-control wpcf7-textarea wpcf7-validates-as-required\" aria-required=\"true\" aria-invalid=\"false\" placeholder=\"Avez-vous d&#039;autres commentaires ou questions ? *\" name=\"textarea-595\"><\/textarea><\/span>\n<\/p>\n<p><input class=\"wpcf7-form-control wpcf7-submit has-spinner\" type=\"submit\" value=\"Envoyer\" \/>\n<\/p><div class=\"wpcf7-response-output\" aria-hidden=\"true\"><\/div>\n<\/form>\n<\/div>\n\t\t<\/div>\r\n\t\t\t\t\t\t<\/div>\n\t\t\t\t<\/div>\n\t\t\t\t\t<\/div>\n\t\t\t\t<\/div>\n\t\t\t\t<\/div>\n\t\t","protected":false},"excerpt":{"rendered":"<p>Commerce de gros Programme Chez Samarali, nous proposons une large gamme de produits de yoga et de style de vie \u00e9thiques et de haute qualit\u00e9 dans le cadre de notre programme de vente en gros. Que vous souhaitiez approvisionner un studio de yoga, une boutique ou un \u00e9tablissement d&rsquo;enseignement, nous vous couvrons, o\u00f9 que vous [&hellip;]<\/p>\n","protected":false},"author":2,"featured_media":0,"parent":0,"menu_order":0,"comment_status":"closed","ping_status":"closed","template":"","meta":{"_acf_changed":false,"_improvement_type_select":"improve_an_existing","_thumb_yes_seoaic":false,"_frame_yes_seoaic":false,"seoaic_generate_description":"","seoaic_improve_instructions_prompt":"","seoaic_rollback_content_improvement":"","seoaic_idea_thumbnail_generator":"","thumbnail_generated":false,"thumbnail_generate_prompt":"","seoaic_article_description":"","inline_featured_image":false,"footnotes":""},"class_list":["post-27377","page","type-page","status-publish","hentry"],"acf":[],"yoast_head":"<!-- This site is optimized with the Yoast SEO Premium plugin v27.3 (Yoast SEO v27.3) - https:\/\/yoast.com\/product\/yoast-seo-premium-wordpress\/ -->\n<title>Programme de vente en gros - Samarali<\/title>\n<meta name=\"description\" content=\"D\u00e9couvrez notre programme de vente en gros et faites le plein de produits de yoga et de style de vie fabriqu\u00e9s de mani\u00e8re \u00e9thique. B\u00e9n\u00e9ficiez de prix comp\u00e9titifs et de remises importantes sur les commandes en gros.\" \/>\n<meta name=\"robots\" content=\"index, follow, max-snippet:-1, max-image-preview:large, max-video-preview:-1\" \/>\n<link rel=\"canonical\" href=\"https:\/\/samarali.com\/fr\/programme-de-vente-en-gros\/\" \/>\n<meta property=\"og:locale\" content=\"fr_FR\" \/>\n<meta property=\"og:type\" content=\"article\" \/>\n<meta property=\"og:title\" content=\"Programme de vente en gros\" \/>\n<meta property=\"og:description\" content=\"D\u00e9couvrez notre programme de vente en gros et faites le plein de produits de yoga et de style de vie fabriqu\u00e9s de mani\u00e8re \u00e9thique. B\u00e9n\u00e9ficiez de prix comp\u00e9titifs et de remises importantes sur les commandes en gros.\" \/>\n<meta property=\"og:url\" content=\"https:\/\/samarali.com\/fr\/programme-de-vente-en-gros\/\" \/>\n<meta property=\"og:site_name\" content=\"Samarali\" \/>\n<meta property=\"article:publisher\" content=\"https:\/\/www.facebook.com\/samaraliyoga\" \/>\n<meta property=\"article:modified_time\" content=\"2024-10-07T11:48:22+00:00\" \/>\n<meta property=\"og:image\" content=\"https:\/\/samarali.com\/wp-content\/uploads\/2024\/09\/Natural-rubber-yoga-mats-prune-and-dark-green_16.jpg\" \/>\n\t<meta property=\"og:image:width\" content=\"1000\" \/>\n\t<meta property=\"og:image:height\" content=\"1000\" \/>\n\t<meta property=\"og:image:type\" content=\"image\/jpeg\" \/>\n<meta name=\"twitter:card\" content=\"summary_large_image\" \/>\n<meta name=\"twitter:label1\" content=\"Dur\u00e9e de lecture estim\u00e9e\" \/>\n\t<meta name=\"twitter:data1\" content=\"1 minute\" \/>\n<script type=\"application\/ld+json\" class=\"yoast-schema-graph\">{\"@context\":\"https:\\\/\\\/schema.org\",\"@graph\":[{\"@type\":\"WebPage\",\"@id\":\"https:\\\/\\\/samarali.com\\\/fr\\\/programme-de-vente-en-gros\\\/\",\"url\":\"https:\\\/\\\/samarali.com\\\/fr\\\/programme-de-vente-en-gros\\\/\",\"name\":\"Programme de vente en gros - Samarali\",\"isPartOf\":{\"@id\":\"https:\\\/\\\/samarali.com\\\/fr\\\/#website\"},\"datePublished\":\"2024-07-04T08:12:01+00:00\",\"dateModified\":\"2024-10-07T11:48:22+00:00\",\"description\":\"D\u00e9couvrez notre programme de vente en gros et faites le plein de produits de yoga et de style de vie fabriqu\u00e9s de mani\u00e8re \u00e9thique. B\u00e9n\u00e9ficiez de prix comp\u00e9titifs et de remises importantes sur les commandes en gros.\",\"breadcrumb\":{\"@id\":\"https:\\\/\\\/samarali.com\\\/fr\\\/programme-de-vente-en-gros\\\/#breadcrumb\"},\"inLanguage\":\"fr-FR\",\"potentialAction\":[{\"@type\":\"ReadAction\",\"target\":[\"https:\\\/\\\/samarali.com\\\/fr\\\/programme-de-vente-en-gros\\\/\"]}]},{\"@type\":\"BreadcrumbList\",\"@id\":\"https:\\\/\\\/samarali.com\\\/fr\\\/programme-de-vente-en-gros\\\/#breadcrumb\",\"itemListElement\":[{\"@type\":\"ListItem\",\"position\":1,\"name\":\"Accueil\",\"item\":\"https:\\\/\\\/samarali.com\\\/fr\\\/accueil\\\/\"},{\"@type\":\"ListItem\",\"position\":2,\"name\":\"Programme de vente en gros\"}]},{\"@type\":\"WebSite\",\"@id\":\"https:\\\/\\\/samarali.com\\\/fr\\\/#website\",\"url\":\"https:\\\/\\\/samarali.com\\\/fr\\\/\",\"name\":\"Samarali\",\"description\":\"Samarali est une marque de yoga et de style de vie durable bas\u00e9e aux Pays-Bas.\",\"publisher\":{\"@id\":\"https:\\\/\\\/samarali.com\\\/fr\\\/#organization\"},\"potentialAction\":[{\"@type\":\"SearchAction\",\"target\":{\"@type\":\"EntryPoint\",\"urlTemplate\":\"https:\\\/\\\/samarali.com\\\/fr\\\/?s={search_term_string}\"},\"query-input\":{\"@type\":\"PropertyValueSpecification\",\"valueRequired\":true,\"valueName\":\"search_term_string\"}}],\"inLanguage\":\"fr-FR\"},{\"@type\":\"Organization\",\"@id\":\"https:\\\/\\\/samarali.com\\\/fr\\\/#organization\",\"name\":\"Samarali\",\"url\":\"https:\\\/\\\/samarali.com\\\/fr\\\/\",\"logo\":{\"@type\":\"ImageObject\",\"inLanguage\":\"fr-FR\",\"@id\":\"https:\\\/\\\/samarali.com\\\/fr\\\/#\\\/schema\\\/logo\\\/image\\\/\",\"url\":\"https:\\\/\\\/samarali.com\\\/wp-content\\\/uploads\\\/2024\\\/05\\\/cropped-samarali-icon.png\",\"contentUrl\":\"https:\\\/\\\/samarali.com\\\/wp-content\\\/uploads\\\/2024\\\/05\\\/cropped-samarali-icon.png\",\"width\":512,\"height\":512,\"caption\":\"Samarali\"},\"image\":{\"@id\":\"https:\\\/\\\/samarali.com\\\/fr\\\/#\\\/schema\\\/logo\\\/image\\\/\"},\"sameAs\":[\"https:\\\/\\\/www.facebook.com\\\/samaraliyoga\",\"https:\\\/\\\/www.linkedin.com\\\/company\\\/69563155\\\/\",\"https:\\\/\\\/www.instagram.com\\\/samaraliyoga\\\/\",\"https:\\\/\\\/nl.pinterest.com\\\/Samaraliyoga\\\/\"],\"description\":\"Samarali is a sustainable yoga and lifestyle brand based in the Netherlands\",\"email\":\"info@samarali.com\",\"legalName\":\"Samarali B.V.\",\"vatID\":\"NL859820324B01\",\"numberOfEmployees\":{\"@type\":\"QuantitativeValue\",\"minValue\":\"1\",\"maxValue\":\"10\"}}]}<\/script>\n<!-- \/ Yoast SEO Premium plugin. -->","yoast_head_json":{"title":"Programme de vente en gros - Samarali","description":"D\u00e9couvrez notre programme de vente en gros et faites le plein de produits de yoga et de style de vie fabriqu\u00e9s de mani\u00e8re \u00e9thique. B\u00e9n\u00e9ficiez de prix comp\u00e9titifs et de remises importantes sur les commandes en gros.","robots":{"index":"index","follow":"follow","max-snippet":"max-snippet:-1","max-image-preview":"max-image-preview:large","max-video-preview":"max-video-preview:-1"},"canonical":"https:\/\/samarali.com\/fr\/programme-de-vente-en-gros\/","og_locale":"fr_FR","og_type":"article","og_title":"Programme de vente en gros","og_description":"D\u00e9couvrez notre programme de vente en gros et faites le plein de produits de yoga et de style de vie fabriqu\u00e9s de mani\u00e8re \u00e9thique. B\u00e9n\u00e9ficiez de prix comp\u00e9titifs et de remises importantes sur les commandes en gros.","og_url":"https:\/\/samarali.com\/fr\/programme-de-vente-en-gros\/","og_site_name":"Samarali","article_publisher":"https:\/\/www.facebook.com\/samaraliyoga","article_modified_time":"2024-10-07T11:48:22+00:00","og_image":[{"width":1000,"height":1000,"url":"https:\/\/samarali.com\/wp-content\/uploads\/2024\/09\/Natural-rubber-yoga-mats-prune-and-dark-green_16.jpg","type":"image\/jpeg"}],"twitter_card":"summary_large_image","twitter_misc":{"Dur\u00e9e de lecture estim\u00e9e":"1 minute"},"schema":{"@context":"https:\/\/schema.org","@graph":[{"@type":"WebPage","@id":"https:\/\/samarali.com\/fr\/programme-de-vente-en-gros\/","url":"https:\/\/samarali.com\/fr\/programme-de-vente-en-gros\/","name":"Programme de vente en gros - Samarali","isPartOf":{"@id":"https:\/\/samarali.com\/fr\/#website"},"datePublished":"2024-07-04T08:12:01+00:00","dateModified":"2024-10-07T11:48:22+00:00","description":"D\u00e9couvrez notre programme de vente en gros et faites le plein de produits de yoga et de style de vie fabriqu\u00e9s de mani\u00e8re \u00e9thique. B\u00e9n\u00e9ficiez de prix comp\u00e9titifs et de remises importantes sur les commandes en gros.","breadcrumb":{"@id":"https:\/\/samarali.com\/fr\/programme-de-vente-en-gros\/#breadcrumb"},"inLanguage":"fr-FR","potentialAction":[{"@type":"ReadAction","target":["https:\/\/samarali.com\/fr\/programme-de-vente-en-gros\/"]}]},{"@type":"BreadcrumbList","@id":"https:\/\/samarali.com\/fr\/programme-de-vente-en-gros\/#breadcrumb","itemListElement":[{"@type":"ListItem","position":1,"name":"Accueil","item":"https:\/\/samarali.com\/fr\/accueil\/"},{"@type":"ListItem","position":2,"name":"Programme de vente en gros"}]},{"@type":"WebSite","@id":"https:\/\/samarali.com\/fr\/#website","url":"https:\/\/samarali.com\/fr\/","name":"Samarali","description":"Samarali est une marque de yoga et de style de vie durable bas\u00e9e aux Pays-Bas.","publisher":{"@id":"https:\/\/samarali.com\/fr\/#organization"},"potentialAction":[{"@type":"SearchAction","target":{"@type":"EntryPoint","urlTemplate":"https:\/\/samarali.com\/fr\/?s={search_term_string}"},"query-input":{"@type":"PropertyValueSpecification","valueRequired":true,"valueName":"search_term_string"}}],"inLanguage":"fr-FR"},{"@type":"Organization","@id":"https:\/\/samarali.com\/fr\/#organization","name":"Samarali","url":"https:\/\/samarali.com\/fr\/","logo":{"@type":"ImageObject","inLanguage":"fr-FR","@id":"https:\/\/samarali.com\/fr\/#\/schema\/logo\/image\/","url":"https:\/\/samarali.com\/wp-content\/uploads\/2024\/05\/cropped-samarali-icon.png","contentUrl":"https:\/\/samarali.com\/wp-content\/uploads\/2024\/05\/cropped-samarali-icon.png","width":512,"height":512,"caption":"Samarali"},"image":{"@id":"https:\/\/samarali.com\/fr\/#\/schema\/logo\/image\/"},"sameAs":["https:\/\/www.facebook.com\/samaraliyoga","https:\/\/www.linkedin.com\/company\/69563155\/","https:\/\/www.instagram.com\/samaraliyoga\/","https:\/\/nl.pinterest.com\/Samaraliyoga\/"],"description":"Samarali is a sustainable yoga and lifestyle brand based in the Netherlands","email":"info@samarali.com","legalName":"Samarali B.V.","vatID":"NL859820324B01","numberOfEmployees":{"@type":"QuantitativeValue","minValue":"1","maxValue":"10"}}]}},"jetpack_sharing_enabled":true,"_links":{"self":[{"href":"https:\/\/samarali.com\/fr\/wp-json\/wp\/v2\/pages\/27377","targetHints":{"allow":["GET"]}}],"collection":[{"href":"https:\/\/samarali.com\/fr\/wp-json\/wp\/v2\/pages"}],"about":[{"href":"https:\/\/samarali.com\/fr\/wp-json\/wp\/v2\/types\/page"}],"author":[{"embeddable":true,"href":"https:\/\/samarali.com\/fr\/wp-json\/wp\/v2\/users\/2"}],"replies":[{"embeddable":true,"href":"https:\/\/samarali.com\/fr\/wp-json\/wp\/v2\/comments?post=27377"}],"version-history":[{"count":4,"href":"https:\/\/samarali.com\/fr\/wp-json\/wp\/v2\/pages\/27377\/revisions"}],"predecessor-version":[{"id":30896,"href":"https:\/\/samarali.com\/fr\/wp-json\/wp\/v2\/pages\/27377\/revisions\/30896"}],"wp:attachment":[{"href":"https:\/\/samarali.com\/fr\/wp-json\/wp\/v2\/media?parent=27377"}],"curies":[{"name":"wp","href":"https:\/\/api.w.org\/{rel}","templated":true}]}}