{"id":27333,"date":"2024-07-04T12:20:50","date_gmt":"2024-07-04T10:20:50","guid":{"rendered":"https:\/\/samarali.com\/programme-daffiliation\/"},"modified":"2025-03-16T12:35:11","modified_gmt":"2025-03-16T11:35:11","slug":"programme-daffiliation","status":"publish","type":"page","link":"https:\/\/samarali.com\/fr\/programme-daffiliation\/","title":{"rendered":"Programme d&rsquo;affiliation"},"content":{"rendered":"\t\t<div data-elementor-type=\"wp-page\" data-elementor-id=\"27333\" class=\"elementor elementor-27333 elementor-14579\">\n\t\t\t\t\t\t<section class=\"elementor-section elementor-top-section elementor-element elementor-element-0c224ae elementor-section-boxed elementor-section-height-default elementor-section-height-default\" data-id=\"0c224ae\" data-element_type=\"section\">\n\t\t\t\t\t\t<div class=\"elementor-container elementor-column-gap-extended\">\n\t\t\t\t\t<div class=\"elementor-column elementor-col-50 elementor-top-column elementor-element elementor-element-51b91c1\" data-id=\"51b91c1\" data-element_type=\"column\">\n\t\t\t<div class=\"elementor-widget-wrap elementor-element-populated\">\n\t\t\t\t\t\t<div class=\"elementor-element elementor-element-2b441bd elementor-widget elementor-widget-image\" data-id=\"2b441bd\" data-element_type=\"widget\" data-widget_type=\"image.default\">\n\t\t\t\t<div class=\"elementor-widget-container\">\n\t\t\t\t\t\t\t\t\t\t\t\t\t\t\t<img fetchpriority=\"high\" decoding=\"async\" width=\"640\" height=\"427\" src=\"https:\/\/samarali.com\/wp-content\/uploads\/2024\/07\/Winish-DSC_4276-1024x683.jpg\" class=\"attachment-large size-large wp-image-14612\" alt=\"Programme d&#039;affiliation\" srcset=\"https:\/\/samarali.com\/wp-content\/uploads\/2024\/07\/Winish-DSC_4276-1024x683.jpg 1024w, https:\/\/samarali.com\/wp-content\/uploads\/2024\/07\/Winish-DSC_4276-scaled-670x447.jpg 670w, https:\/\/samarali.com\/wp-content\/uploads\/2024\/07\/Winish-DSC_4276-300x200.jpg 300w, https:\/\/samarali.com\/wp-content\/uploads\/2024\/07\/Winish-DSC_4276-768x512.jpg 768w, https:\/\/samarali.com\/wp-content\/uploads\/2024\/07\/Winish-DSC_4276-1536x1024.jpg 1536w, https:\/\/samarali.com\/wp-content\/uploads\/2024\/07\/Winish-DSC_4276-2048x1365.jpg 2048w, https:\/\/samarali.com\/wp-content\/uploads\/2024\/07\/Winish-DSC_4276-1320x880.jpg 1320w\" sizes=\"(max-width: 640px) 100vw, 640px\" \/>\t\t\t\t\t\t\t\t\t\t\t\t\t\t\t<\/div>\n\t\t\t\t<\/div>\n\t\t\t\t\t<\/div>\n\t\t<\/div>\n\t\t\t\t<div class=\"elementor-column elementor-col-50 elementor-top-column elementor-element elementor-element-4e85892\" data-id=\"4e85892\" data-element_type=\"column\">\n\t\t\t<div class=\"elementor-widget-wrap elementor-element-populated\">\n\t\t\t\t\t\t<div class=\"elementor-element elementor-element-f494397 elementor-widget elementor-widget-heading\" data-id=\"f494397\" data-element_type=\"widget\" data-widget_type=\"heading.default\">\n\t\t\t\t<div class=\"elementor-widget-container\">\n\t\t\t\t\t<h6 class=\"elementor-heading-title elementor-size-default\">Affiliation<\/h6>\t\t\t\t<\/div>\n\t\t\t\t<\/div>\n\t\t\t\t<div class=\"elementor-element elementor-element-27e61eb elementor-widget elementor-widget-heading\" data-id=\"27e61eb\" data-element_type=\"widget\" data-widget_type=\"heading.default\">\n\t\t\t\t<div class=\"elementor-widget-container\">\n\t\t\t\t\t<h3 class=\"elementor-heading-title elementor-size-default\">Programme<\/h3>\t\t\t\t<\/div>\n\t\t\t\t<\/div>\n\t\t\t\t<div class=\"elementor-element elementor-element-e7f8918 elementor-widget elementor-widget-text-editor\" data-id=\"e7f8918\" data-element_type=\"widget\" data-widget_type=\"text-editor.default\">\n\t\t\t\t<div class=\"elementor-widget-container\">\n\t\t\t\t\t\t\t\t\t<p>Vous \u00eates un blogueur passionn\u00e9, un influenceur, un professeur de yoga ou tout simplement un passionn\u00e9 de nos produits ? Voici votre chance de partager votre amour pour Samarali avec votre r\u00e9seau ou vos amis en devenant un affili\u00e9 de la marque Samarali. <\/p>\n<p>Et, bien s\u00fbr, il y a quelque chose pour vous aussi ! En tant qu&rsquo;affili\u00e9 de Samarali, vous serez r\u00e9compens\u00e9 pour la promotion de nos produits de yoga respectueux de l&rsquo;environnement et magnifiquement con\u00e7us, tout en contribuant \u00e0 faire conna\u00eetre le d\u00e9veloppement durable. <\/p>\n<p>Pr\u00eat \u00e0 nous rejoindre dans cette aventure ? Cr\u00e9ons ensemble un avenir meilleur ! <\/p>\n\t\t\t\t\t\t\t\t<\/div>\n\t\t\t\t<\/div>\n\t\t\t\t\t<\/div>\n\t\t<\/div>\n\t\t\t\t\t<\/div>\n\t\t<\/section>\n\t\t\t\t<section class=\"elementor-section elementor-top-section elementor-element elementor-element-0bc8b2f elementor-section-boxed elementor-section-height-default elementor-section-height-default\" data-id=\"0bc8b2f\" data-element_type=\"section\">\n\t\t\t\t\t\t<div class=\"elementor-container elementor-column-gap-extended\">\n\t\t\t\t\t<div class=\"elementor-column elementor-col-50 elementor-top-column elementor-element elementor-element-817c1bb\" data-id=\"817c1bb\" data-element_type=\"column\">\n\t\t\t<div class=\"elementor-widget-wrap elementor-element-populated\">\n\t\t\t\t\t\t<div class=\"elementor-element elementor-element-61d4d1b elementor-widget elementor-widget-heading\" data-id=\"61d4d1b\" data-element_type=\"widget\" data-widget_type=\"heading.default\">\n\t\t\t\t<div class=\"elementor-widget-container\">\n\t\t\t\t\t<h6 class=\"elementor-heading-title elementor-size-default\">Comment<\/h6>\t\t\t\t<\/div>\n\t\t\t\t<\/div>\n\t\t\t\t<div class=\"elementor-element elementor-element-c5ff098 elementor-widget elementor-widget-heading\" data-id=\"c5ff098\" data-element_type=\"widget\" data-widget_type=\"heading.default\">\n\t\t\t\t<div class=\"elementor-widget-container\">\n\t\t\t\t\t<h3 class=\"elementor-heading-title elementor-size-default\">cela fonctionne-t-il ?<\/h3>\t\t\t\t<\/div>\n\t\t\t\t<\/div>\n\t\t\t\t<div class=\"elementor-element elementor-element-7d8584c elementor-widget elementor-widget-text-editor\" data-id=\"7d8584c\" data-element_type=\"widget\" data-widget_type=\"text-editor.default\">\n\t\t\t\t<div class=\"elementor-widget-container\">\n\t\t\t\t\t\t\t\t\t<p>Nous sommes heureux de vous accueillir dans notre programme d&rsquo;affiliation ! Nous nous engageons \u00e0 la transparence dans notre collaboration, en vous fournissant un tableau de bord personnalis\u00e9 pour suivre les r\u00e9f\u00e9rences, g\u00e9rer les commissions, et plus encore. Voici comment fonctionne notre programme d&rsquo;affiliation :<\/p>\n<p><b>Comment cela fonctionne-t-il ?<\/b><\/p>\n<ol>\n<li><strong style=\"\">Inscription<\/strong>: Commencez par remplir le <strong><a href=\"https:\/\/samarali.com\/fr\/programme-daffiliation\/devenir-un-affilie\/\"><u>Formulaire d&rsquo;inscription d&rsquo;un affili\u00e9<\/u><\/a><\/strong>.<\/li>\n<li><strong style=\"\">Acc\u00e8s au tableau de bord<\/strong>: Une fois votre demande approuv\u00e9e, vous recevrez un lien vers votre tableau de bord personnalis\u00e9. Cela vous permettra de consulter les statistiques des clients qui ont visit\u00e9 notre site en utilisant votre lien ou code de parrainage unique.<\/li>\n<li><strong>Remise et commission<\/strong>:<br>&nbsp; &nbsp; &nbsp; &nbsp;o Les clients que vous recommandez recevront une r\u00e9duction de 10 % sur leur premier achat.<br>&nbsp; &nbsp; &nbsp; &nbsp;o Vous percevez une commission de 10 % sur chaque achat effectu\u00e9 par vos filleuls.<\/li>\n<li><strong>Suivi de la recommandation<\/strong>: Les commandes effectu\u00e9es via votre lien de parrainage (avec ou sans code promo) sont suivies et affich\u00e9es dans votre tableau de bord personnalis\u00e9.<\/li>\n<li><strong>R\u00e9compenses pour les r\u00e9alisations<\/strong>: Les affili\u00e9s qui atteignent des objectifs sp\u00e9cifiques (d\u00e9taill\u00e9s dans votre tableau de bord) peuvent pr\u00e9tendre \u00e0 des r\u00e9compenses suppl\u00e9mentaires.<\/li>\n<li><strong>Mat\u00e9riel promotionnel personnalis\u00e9<\/strong>: Vous avez besoin d&rsquo;images pour vos promotions ? Contactez-nous \u00e0 l&rsquo;adresse info@samarali.com, et nous vous les fournirons.<\/li>\n<\/ol>\n<p>Vous \u00eates pr\u00eat \u00e0 commencer ? Suivez ce lien pour vous inscrire <strong><a href=\"https:\/\/samarali.com\/fr\/programme-daffiliation\/devenir-un-affilie\/\"><u>FORMULAIRE D&rsquo;INSCRIPTION POUR LES AFFILI\u00c9S<\/u><\/a><\/strong><\/p>\t\t\t\t\t\t\t\t<\/div>\n\t\t\t\t<\/div>\n\t\t\t\t\t<\/div>\n\t\t<\/div>\n\t\t\t\t<div class=\"elementor-column elementor-col-50 elementor-top-column elementor-element elementor-element-c4139c2\" data-id=\"c4139c2\" data-element_type=\"column\">\n\t\t\t<div class=\"elementor-widget-wrap elementor-element-populated\">\n\t\t\t\t\t\t<div class=\"elementor-element elementor-element-3305b9d elementor-widget elementor-widget-image\" data-id=\"3305b9d\" data-element_type=\"widget\" data-widget_type=\"image.default\">\n\t\t\t\t<div class=\"elementor-widget-container\">\n\t\t\t\t\t\t\t\t\t\t\t\t\t\t\t<img decoding=\"async\" width=\"640\" height=\"640\" src=\"https:\/\/samarali.com\/wp-content\/uploads\/2024\/07\/1200-x-1200-Jumpsuit-Atlantic-1024x1024.jpg\" class=\"attachment-large size-large wp-image-14627\" alt=\"Programme d&#039;affiliation Programme d&#039;affiliation\" srcset=\"https:\/\/samarali.com\/wp-content\/uploads\/2024\/07\/1200-x-1200-Jumpsuit-Atlantic-1024x1024.jpg 1024w, https:\/\/samarali.com\/wp-content\/uploads\/2024\/07\/1200-x-1200-Jumpsuit-Atlantic-500x500.jpg 500w, https:\/\/samarali.com\/wp-content\/uploads\/2024\/07\/1200-x-1200-Jumpsuit-Atlantic-130x130.jpg 130w, https:\/\/samarali.com\/wp-content\/uploads\/2024\/07\/1200-x-1200-Jumpsuit-Atlantic-670x670.jpg 670w, https:\/\/samarali.com\/wp-content\/uploads\/2024\/07\/1200-x-1200-Jumpsuit-Atlantic-300x300.jpg 300w, https:\/\/samarali.com\/wp-content\/uploads\/2024\/07\/1200-x-1200-Jumpsuit-Atlantic-150x150.jpg 150w, https:\/\/samarali.com\/wp-content\/uploads\/2024\/07\/1200-x-1200-Jumpsuit-Atlantic-768x768.jpg 768w, https:\/\/samarali.com\/wp-content\/uploads\/2024\/07\/1200-x-1200-Jumpsuit-Atlantic-50x50.jpg 50w, https:\/\/samarali.com\/wp-content\/uploads\/2024\/07\/1200-x-1200-Jumpsuit-Atlantic-100x100.jpg 100w, https:\/\/samarali.com\/wp-content\/uploads\/2024\/07\/1200-x-1200-Jumpsuit-Atlantic.jpg 1200w\" sizes=\"(max-width: 640px) 100vw, 640px\" \/>\t\t\t\t\t\t\t\t\t\t\t\t\t\t\t<\/div>\n\t\t\t\t<\/div>\n\t\t\t\t\t<\/div>\n\t\t<\/div>\n\t\t\t\t\t<\/div>\n\t\t<\/section>\n\t\t\t\t<\/div>\n\t\t","protected":false},"excerpt":{"rendered":"<p>Affiliation Programme Vous \u00eates un blogueur passionn\u00e9, un influenceur, un professeur de yoga ou tout simplement un passionn\u00e9 de nos produits ? Voici votre chance de partager votre amour pour Samarali avec votre r\u00e9seau ou vos amis en devenant un affili\u00e9 de la marque Samarali. Et, bien s\u00fbr, il y a quelque chose pour vous [&hellip;]<\/p>\n","protected":false},"author":2,"featured_media":0,"parent":0,"menu_order":0,"comment_status":"closed","ping_status":"closed","template":"","meta":{"_acf_changed":false,"_improvement_type_select":"improve_an_existing","_thumb_yes_seoaic":false,"_frame_yes_seoaic":false,"seoaic_generate_description":"","seoaic_improve_instructions_prompt":"","seoaic_rollback_content_improvement":"","seoaic_idea_thumbnail_generator":"","thumbnail_generated":false,"thumbnail_generate_prompt":"","seoaic_article_description":"","inline_featured_image":false,"footnotes":""},"class_list":["post-27333","page","type-page","status-publish","hentry"],"acf":[],"yoast_head":"<!-- This site is optimized with the Yoast SEO Premium plugin v27.3 (Yoast SEO v27.3) - https:\/\/yoast.com\/product\/yoast-seo-premium-wordpress\/ -->\n<title>Programme d&#039;affiliation - Samarali<\/title>\n<meta name=\"description\" content=\"Rejoignez le programme d&#039;affiliation de Samarali et gagnez des r\u00e9compenses tout en faisant conna\u00eetre nos produits de yoga durables et magnifiquement con\u00e7us.\" \/>\n<meta name=\"robots\" content=\"index, follow, max-snippet:-1, max-image-preview:large, max-video-preview:-1\" \/>\n<link rel=\"canonical\" href=\"https:\/\/samarali.com\/fr\/programme-daffiliation\/\" \/>\n<meta property=\"og:locale\" content=\"fr_FR\" \/>\n<meta property=\"og:type\" content=\"article\" \/>\n<meta property=\"og:title\" content=\"Programme d&#039;affiliation\" \/>\n<meta property=\"og:description\" content=\"Rejoignez le programme d&#039;affiliation de Samarali et gagnez des r\u00e9compenses tout en faisant conna\u00eetre nos produits de yoga durables et magnifiquement con\u00e7us.\" \/>\n<meta property=\"og:url\" content=\"https:\/\/samarali.com\/fr\/programme-daffiliation\/\" \/>\n<meta property=\"og:site_name\" content=\"Samarali\" \/>\n<meta property=\"article:publisher\" content=\"https:\/\/www.facebook.com\/samaraliyoga\" \/>\n<meta property=\"article:modified_time\" content=\"2025-03-16T11:35:11+00:00\" \/>\n<meta property=\"og:image\" content=\"https:\/\/samarali.com\/wp-content\/uploads\/2024\/07\/Winish-DSC_4276-scaled.jpg\" \/>\n\t<meta property=\"og:image:width\" content=\"2560\" \/>\n\t<meta property=\"og:image:height\" content=\"1707\" \/>\n\t<meta property=\"og:image:type\" content=\"image\/jpeg\" \/>\n<meta name=\"twitter:card\" content=\"summary_large_image\" \/>\n<meta name=\"twitter:label1\" content=\"Dur\u00e9e de lecture estim\u00e9e\" \/>\n\t<meta name=\"twitter:data1\" content=\"2 minutes\" \/>\n<script type=\"application\/ld+json\" class=\"yoast-schema-graph\">{\"@context\":\"https:\\\/\\\/schema.org\",\"@graph\":[{\"@type\":\"WebPage\",\"@id\":\"https:\\\/\\\/samarali.com\\\/fr\\\/programme-daffiliation\\\/\",\"url\":\"https:\\\/\\\/samarali.com\\\/fr\\\/programme-daffiliation\\\/\",\"name\":\"Programme d'affiliation - Samarali\",\"isPartOf\":{\"@id\":\"https:\\\/\\\/samarali.com\\\/fr\\\/#website\"},\"primaryImageOfPage\":{\"@id\":\"https:\\\/\\\/samarali.com\\\/fr\\\/programme-daffiliation\\\/#primaryimage\"},\"image\":{\"@id\":\"https:\\\/\\\/samarali.com\\\/fr\\\/programme-daffiliation\\\/#primaryimage\"},\"thumbnailUrl\":\"https:\\\/\\\/samarali.com\\\/wp-content\\\/uploads\\\/2024\\\/07\\\/Winish-DSC_4276-1024x683.jpg\",\"datePublished\":\"2024-07-04T10:20:50+00:00\",\"dateModified\":\"2025-03-16T11:35:11+00:00\",\"description\":\"Rejoignez le programme d'affiliation de Samarali et gagnez des r\u00e9compenses tout en faisant conna\u00eetre nos produits de yoga durables et magnifiquement con\u00e7us.\",\"breadcrumb\":{\"@id\":\"https:\\\/\\\/samarali.com\\\/fr\\\/programme-daffiliation\\\/#breadcrumb\"},\"inLanguage\":\"fr-FR\",\"potentialAction\":[{\"@type\":\"ReadAction\",\"target\":[\"https:\\\/\\\/samarali.com\\\/fr\\\/programme-daffiliation\\\/\"]}]},{\"@type\":\"ImageObject\",\"inLanguage\":\"fr-FR\",\"@id\":\"https:\\\/\\\/samarali.com\\\/fr\\\/programme-daffiliation\\\/#primaryimage\",\"url\":\"https:\\\/\\\/samarali.com\\\/wp-content\\\/uploads\\\/2024\\\/07\\\/Winish-DSC_4276-1024x683.jpg\",\"contentUrl\":\"https:\\\/\\\/samarali.com\\\/wp-content\\\/uploads\\\/2024\\\/07\\\/Winish-DSC_4276-1024x683.jpg\"},{\"@type\":\"BreadcrumbList\",\"@id\":\"https:\\\/\\\/samarali.com\\\/fr\\\/programme-daffiliation\\\/#breadcrumb\",\"itemListElement\":[{\"@type\":\"ListItem\",\"position\":1,\"name\":\"Accueil\",\"item\":\"https:\\\/\\\/samarali.com\\\/fr\\\/accueil\\\/\"},{\"@type\":\"ListItem\",\"position\":2,\"name\":\"Programme d&#8217;affiliation\"}]},{\"@type\":\"WebSite\",\"@id\":\"https:\\\/\\\/samarali.com\\\/fr\\\/#website\",\"url\":\"https:\\\/\\\/samarali.com\\\/fr\\\/\",\"name\":\"Samarali\",\"description\":\"Samarali est une marque de yoga et de style de vie durable bas\u00e9e aux Pays-Bas.\",\"publisher\":{\"@id\":\"https:\\\/\\\/samarali.com\\\/fr\\\/#organization\"},\"potentialAction\":[{\"@type\":\"SearchAction\",\"target\":{\"@type\":\"EntryPoint\",\"urlTemplate\":\"https:\\\/\\\/samarali.com\\\/fr\\\/?s={search_term_string}\"},\"query-input\":{\"@type\":\"PropertyValueSpecification\",\"valueRequired\":true,\"valueName\":\"search_term_string\"}}],\"inLanguage\":\"fr-FR\"},{\"@type\":\"Organization\",\"@id\":\"https:\\\/\\\/samarali.com\\\/fr\\\/#organization\",\"name\":\"Samarali\",\"url\":\"https:\\\/\\\/samarali.com\\\/fr\\\/\",\"logo\":{\"@type\":\"ImageObject\",\"inLanguage\":\"fr-FR\",\"@id\":\"https:\\\/\\\/samarali.com\\\/fr\\\/#\\\/schema\\\/logo\\\/image\\\/\",\"url\":\"https:\\\/\\\/samarali.com\\\/wp-content\\\/uploads\\\/2024\\\/05\\\/cropped-samarali-icon.png\",\"contentUrl\":\"https:\\\/\\\/samarali.com\\\/wp-content\\\/uploads\\\/2024\\\/05\\\/cropped-samarali-icon.png\",\"width\":512,\"height\":512,\"caption\":\"Samarali\"},\"image\":{\"@id\":\"https:\\\/\\\/samarali.com\\\/fr\\\/#\\\/schema\\\/logo\\\/image\\\/\"},\"sameAs\":[\"https:\\\/\\\/www.facebook.com\\\/samaraliyoga\",\"https:\\\/\\\/www.linkedin.com\\\/company\\\/69563155\\\/\",\"https:\\\/\\\/www.instagram.com\\\/samaraliyoga\\\/\",\"https:\\\/\\\/nl.pinterest.com\\\/Samaraliyoga\\\/\"],\"description\":\"Samarali is a sustainable yoga and lifestyle brand based in the Netherlands\",\"email\":\"info@samarali.com\",\"legalName\":\"Samarali B.V.\",\"vatID\":\"NL859820324B01\",\"numberOfEmployees\":{\"@type\":\"QuantitativeValue\",\"minValue\":\"1\",\"maxValue\":\"10\"}}]}<\/script>\n<!-- \/ Yoast SEO Premium plugin. -->","yoast_head_json":{"title":"Programme d'affiliation - Samarali","description":"Rejoignez le programme d'affiliation de Samarali et gagnez des r\u00e9compenses tout en faisant conna\u00eetre nos produits de yoga durables et magnifiquement con\u00e7us.","robots":{"index":"index","follow":"follow","max-snippet":"max-snippet:-1","max-image-preview":"max-image-preview:large","max-video-preview":"max-video-preview:-1"},"canonical":"https:\/\/samarali.com\/fr\/programme-daffiliation\/","og_locale":"fr_FR","og_type":"article","og_title":"Programme d'affiliation","og_description":"Rejoignez le programme d'affiliation de Samarali et gagnez des r\u00e9compenses tout en faisant conna\u00eetre nos produits de yoga durables et magnifiquement con\u00e7us.","og_url":"https:\/\/samarali.com\/fr\/programme-daffiliation\/","og_site_name":"Samarali","article_publisher":"https:\/\/www.facebook.com\/samaraliyoga","article_modified_time":"2025-03-16T11:35:11+00:00","og_image":[{"width":2560,"height":1707,"url":"https:\/\/samarali.com\/wp-content\/uploads\/2024\/07\/Winish-DSC_4276-scaled.jpg","type":"image\/jpeg"}],"twitter_card":"summary_large_image","twitter_misc":{"Dur\u00e9e de lecture estim\u00e9e":"2 minutes"},"schema":{"@context":"https:\/\/schema.org","@graph":[{"@type":"WebPage","@id":"https:\/\/samarali.com\/fr\/programme-daffiliation\/","url":"https:\/\/samarali.com\/fr\/programme-daffiliation\/","name":"Programme d'affiliation - Samarali","isPartOf":{"@id":"https:\/\/samarali.com\/fr\/#website"},"primaryImageOfPage":{"@id":"https:\/\/samarali.com\/fr\/programme-daffiliation\/#primaryimage"},"image":{"@id":"https:\/\/samarali.com\/fr\/programme-daffiliation\/#primaryimage"},"thumbnailUrl":"https:\/\/samarali.com\/wp-content\/uploads\/2024\/07\/Winish-DSC_4276-1024x683.jpg","datePublished":"2024-07-04T10:20:50+00:00","dateModified":"2025-03-16T11:35:11+00:00","description":"Rejoignez le programme d'affiliation de Samarali et gagnez des r\u00e9compenses tout en faisant conna\u00eetre nos produits de yoga durables et magnifiquement con\u00e7us.","breadcrumb":{"@id":"https:\/\/samarali.com\/fr\/programme-daffiliation\/#breadcrumb"},"inLanguage":"fr-FR","potentialAction":[{"@type":"ReadAction","target":["https:\/\/samarali.com\/fr\/programme-daffiliation\/"]}]},{"@type":"ImageObject","inLanguage":"fr-FR","@id":"https:\/\/samarali.com\/fr\/programme-daffiliation\/#primaryimage","url":"https:\/\/samarali.com\/wp-content\/uploads\/2024\/07\/Winish-DSC_4276-1024x683.jpg","contentUrl":"https:\/\/samarali.com\/wp-content\/uploads\/2024\/07\/Winish-DSC_4276-1024x683.jpg"},{"@type":"BreadcrumbList","@id":"https:\/\/samarali.com\/fr\/programme-daffiliation\/#breadcrumb","itemListElement":[{"@type":"ListItem","position":1,"name":"Accueil","item":"https:\/\/samarali.com\/fr\/accueil\/"},{"@type":"ListItem","position":2,"name":"Programme d&#8217;affiliation"}]},{"@type":"WebSite","@id":"https:\/\/samarali.com\/fr\/#website","url":"https:\/\/samarali.com\/fr\/","name":"Samarali","description":"Samarali est une marque de yoga et de style de vie durable bas\u00e9e aux Pays-Bas.","publisher":{"@id":"https:\/\/samarali.com\/fr\/#organization"},"potentialAction":[{"@type":"SearchAction","target":{"@type":"EntryPoint","urlTemplate":"https:\/\/samarali.com\/fr\/?s={search_term_string}"},"query-input":{"@type":"PropertyValueSpecification","valueRequired":true,"valueName":"search_term_string"}}],"inLanguage":"fr-FR"},{"@type":"Organization","@id":"https:\/\/samarali.com\/fr\/#organization","name":"Samarali","url":"https:\/\/samarali.com\/fr\/","logo":{"@type":"ImageObject","inLanguage":"fr-FR","@id":"https:\/\/samarali.com\/fr\/#\/schema\/logo\/image\/","url":"https:\/\/samarali.com\/wp-content\/uploads\/2024\/05\/cropped-samarali-icon.png","contentUrl":"https:\/\/samarali.com\/wp-content\/uploads\/2024\/05\/cropped-samarali-icon.png","width":512,"height":512,"caption":"Samarali"},"image":{"@id":"https:\/\/samarali.com\/fr\/#\/schema\/logo\/image\/"},"sameAs":["https:\/\/www.facebook.com\/samaraliyoga","https:\/\/www.linkedin.com\/company\/69563155\/","https:\/\/www.instagram.com\/samaraliyoga\/","https:\/\/nl.pinterest.com\/Samaraliyoga\/"],"description":"Samarali is a sustainable yoga and lifestyle brand based in the Netherlands","email":"info@samarali.com","legalName":"Samarali B.V.","vatID":"NL859820324B01","numberOfEmployees":{"@type":"QuantitativeValue","minValue":"1","maxValue":"10"}}]}},"jetpack_sharing_enabled":true,"_links":{"self":[{"href":"https:\/\/samarali.com\/fr\/wp-json\/wp\/v2\/pages\/27333","targetHints":{"allow":["GET"]}}],"collection":[{"href":"https:\/\/samarali.com\/fr\/wp-json\/wp\/v2\/pages"}],"about":[{"href":"https:\/\/samarali.com\/fr\/wp-json\/wp\/v2\/types\/page"}],"author":[{"embeddable":true,"href":"https:\/\/samarali.com\/fr\/wp-json\/wp\/v2\/users\/2"}],"replies":[{"embeddable":true,"href":"https:\/\/samarali.com\/fr\/wp-json\/wp\/v2\/comments?post=27333"}],"version-history":[{"count":10,"href":"https:\/\/samarali.com\/fr\/wp-json\/wp\/v2\/pages\/27333\/revisions"}],"predecessor-version":[{"id":33369,"href":"https:\/\/samarali.com\/fr\/wp-json\/wp\/v2\/pages\/27333\/revisions\/33369"}],"wp:attachment":[{"href":"https:\/\/samarali.com\/fr\/wp-json\/wp\/v2\/media?parent=27333"}],"curies":[{"name":"wp","href":"https:\/\/api.w.org\/{rel}","templated":true}]}}