{"id":33882,"date":"2025-10-04T09:51:46","date_gmt":"2025-10-04T07:51:46","guid":{"rendered":"https:\/\/samarali.com\/product\/bio-baumwollteppich-fuer-yoga\/"},"modified":"2026-01-31T09:39:14","modified_gmt":"2026-01-31T08:39:14","slug":"bio-baumwollteppich-fuer-yoga","status":"publish","type":"product","link":"https:\/\/samarali.com\/de\/produkt\/bio-baumwollteppich-fuer-yoga\/","title":{"rendered":"Bio-Baumwollteppich f\u00fcr Yoga"},"content":{"rendered":"<h5>Umweltfreundlich und nachhaltig<\/h5>\n<p>Hergestellt aus GOTS-zertifizierter Bio-Baumwolle &#8211; erf\u00fcllt die h\u00f6chsten Umwelt- und Sozialstandards. Die Azo-freien Farbstoffe sind ungiftig und hautfreundlich, perfekt f\u00fcr umweltbewusste Yogis, die eine Praxis w\u00fcnschen, die sowohl f\u00fcr den K\u00f6rper als auch f\u00fcr den Planeten schonend ist.<\/p>\n<h5>Komfort und Unterst\u00fctzung<\/h5>\n<p>Dieser gewebte Teppich wurde f\u00fcr langsame Yoga-, Meditations- und Entspannungs\u00fcbungen entwickelt und bietet sanfte Polsterung und zuverl\u00e4ssige Stabilit\u00e4t. Es unterst\u00fctzt sitzende Haltungen, Dehnungen am Boden und lang gehaltene Posen, ohne zu verrutschen, und hilft Ihnen, w\u00e4hrend Ihrer Praxis geerdet und konzentriert zu bleiben.<\/p>\n<h5>Vielseitig zu Hause einsetzbar<\/h5>\n<p>Dieser Teppich eignet sich nicht nur f\u00fcr Yoga, sondern ist auch ein sch\u00f6ner, farbenfroher Akzent in jedem Raum. Die Auswahl reicht von beruhigenden, ged\u00e4mpften T\u00f6nen bis hin zu lebhaften, energiegeladenen Farben. So k\u00f6nnen Sie einen Teppich ausw\u00e4hlen, der Ihren pers\u00f6nlichen Stil und Ihren Raum erg\u00e4nzt. Dank seiner rollbaren und faltbaren Konstruktion l\u00e4sst er sich leicht schichten, rollen oder in Ihrem Haus bewegen.<\/p>\n<h5>Pflegeleicht<\/h5>\n<p>Waschen Sie es vorsichtig in der Maschine und lassen Sie es an der Luft trocknen, um die Weichheit und Haltbarkeit der Bio-Fasern zu erhalten. Detaillierte Pflegeanweisungen finden Sie auf den Produktetiketten, die dem Teppich beiliegen, um eine lang anhaltende Qualit\u00e4t und Leistung zu gew\u00e4hrleisten.<\/p>\n","protected":false},"excerpt":{"rendered":"<p>Verbessern Sie Ihre Yoga-Praxis mit unseren Teppichen aus Bio-Baumwolle, die in leuchtenden Farben erh\u00e4ltlich sind &#8211; perfekt f\u00fcr Yin, Hatha, Meditation oder als stilvolle Wohndekoration.<\/p>\n","protected":false},"featured_media":33883,"comment_status":"closed","ping_status":"closed","template":"","meta":{"_acf_changed":false,"_improvement_type_select":"improve_an_existing","_thumb_yes_seoaic":false,"_frame_yes_seoaic":false,"seoaic_generate_description":"","seoaic_improve_instructions_prompt":"","seoaic_rollback_content_improvement":"","seoaic_idea_thumbnail_generator":"","thumbnail_generated":false,"thumbnail_generate_prompt":"","seoaic_article_description":"","inline_featured_image":false},"product_cat":[321,336],"product_tag":[],"class_list":{"0":"post-33882","1":"product","2":"type-product","3":"status-publish","4":"has-post-thumbnail","6":"product_cat-yoga-de","7":"product_cat-yoga-matten","9":"first","10":"instock","11":"shipping-taxable","12":"purchasable","13":"product-type-variable"},"acf":[],"yoast_head":"<!-- This site is optimized with the Yoast SEO Premium plugin v27.4 (Yoast SEO v27.4) - https:\/\/yoast.com\/product\/yoast-seo-premium-wordpress\/ -->\n<title>Bio-Baumwollteppich f\u00fcr Yoga - Samarali<\/title>\n<meta name=\"description\" content=\"Setzen Sie auf Umweltbewusstsein mit unserer Bio-Yogamatte aus GOTS-zertifizierter Baumwolle - f\u00fcr den Planeten und Ihre Praxis. Erleben Sie Komfort noch heute!\" \/>\n<meta name=\"robots\" content=\"index, follow, max-snippet:-1, max-image-preview:large, max-video-preview:-1\" \/>\n<link rel=\"canonical\" href=\"https:\/\/samarali.com\/de\/produkt\/bio-baumwollteppich-fuer-yoga\/\" \/>\n<meta property=\"og:locale\" content=\"de_DE\" \/>\n<meta property=\"og:type\" content=\"article\" \/>\n<meta property=\"og:title\" content=\"Bio-Baumwollteppich f\u00fcr Yoga - Samarali\" \/>\n<meta property=\"og:description\" content=\"Setzen Sie auf Umweltbewusstsein mit unserer Bio-Yogamatte aus GOTS-zertifizierter Baumwolle - f\u00fcr den Planeten und Ihre Praxis. Erleben Sie Komfort noch heute!\" \/>\n<meta property=\"og:url\" content=\"https:\/\/samarali.com\/de\/produkt\/bio-baumwollteppich-fuer-yoga\/\" \/>\n<meta property=\"og:site_name\" content=\"Samarali\" \/>\n<meta property=\"article:publisher\" content=\"https:\/\/www.facebook.com\/samaraliyoga\" \/>\n<meta property=\"article:modified_time\" content=\"2026-01-31T08:39:14+00:00\" \/>\n<meta property=\"og:image\" content=\"https:\/\/samarali.com\/wp-content\/uploads\/2025\/10\/Cotton-rug-Ocean-Mist-blue-mix-2.jpg\" \/>\n\t<meta property=\"og:image:width\" content=\"1000\" \/>\n\t<meta property=\"og:image:height\" content=\"1000\" \/>\n\t<meta property=\"og:image:type\" content=\"image\/jpeg\" \/>\n<meta name=\"twitter:card\" content=\"summary_large_image\" \/>\n<meta name=\"twitter:label1\" content=\"Verf\u00fcgbarkeit\" \/>\n\t<meta name=\"twitter:data1\" content=\"Auf Lager\" \/>\n<script type=\"application\/ld+json\" class=\"yoast-schema-graph\">{\"@context\":\"https:\\\/\\\/schema.org\",\"@graph\":[{\"@type\":\"WebPage\",\"@id\":\"https:\\\/\\\/samarali.com\\\/de\\\/produkt\\\/bio-baumwollteppich-fuer-yoga\\\/\",\"url\":\"https:\\\/\\\/samarali.com\\\/de\\\/produkt\\\/bio-baumwollteppich-fuer-yoga\\\/\",\"name\":\"Bio-Baumwollteppich f\u00fcr Yoga - Samarali\",\"isPartOf\":{\"@id\":\"https:\\\/\\\/samarali.com\\\/de\\\/#website\"},\"primaryImageOfPage\":{\"@id\":\"https:\\\/\\\/samarali.com\\\/de\\\/produkt\\\/bio-baumwollteppich-fuer-yoga\\\/#primaryimage\"},\"image\":{\"@id\":\"https:\\\/\\\/samarali.com\\\/de\\\/produkt\\\/bio-baumwollteppich-fuer-yoga\\\/#primaryimage\"},\"thumbnailUrl\":\"https:\\\/\\\/samarali.com\\\/wp-content\\\/uploads\\\/2025\\\/10\\\/Cotton-rug-Ocean-Mist-blue-mix-2.jpg\",\"datePublished\":\"2025-10-04T07:51:46+00:00\",\"dateModified\":\"2026-01-31T08:39:14+00:00\",\"description\":\"Setzen Sie auf Umweltbewusstsein mit unserer Bio-Yogamatte aus GOTS-zertifizierter Baumwolle - f\u00fcr den Planeten und Ihre Praxis. Erleben Sie Komfort noch heute!\",\"breadcrumb\":{\"@id\":\"https:\\\/\\\/samarali.com\\\/de\\\/produkt\\\/bio-baumwollteppich-fuer-yoga\\\/#breadcrumb\"},\"inLanguage\":\"de\",\"potentialAction\":[{\"@type\":\"ReadAction\",\"target\":[\"https:\\\/\\\/samarali.com\\\/de\\\/produkt\\\/bio-baumwollteppich-fuer-yoga\\\/\"]}]},{\"@type\":\"ImageObject\",\"inLanguage\":\"de\",\"@id\":\"https:\\\/\\\/samarali.com\\\/de\\\/produkt\\\/bio-baumwollteppich-fuer-yoga\\\/#primaryimage\",\"url\":\"https:\\\/\\\/samarali.com\\\/wp-content\\\/uploads\\\/2025\\\/10\\\/Cotton-rug-Ocean-Mist-blue-mix-2.jpg\",\"contentUrl\":\"https:\\\/\\\/samarali.com\\\/wp-content\\\/uploads\\\/2025\\\/10\\\/Cotton-rug-Ocean-Mist-blue-mix-2.jpg\",\"width\":1000,\"height\":1000,\"caption\":\"Baumwollteppich Ocean Mist (Blau-Mix) 2\"},{\"@type\":\"BreadcrumbList\",\"@id\":\"https:\\\/\\\/samarali.com\\\/de\\\/produkt\\\/bio-baumwollteppich-fuer-yoga\\\/#breadcrumb\",\"itemListElement\":[{\"@type\":\"ListItem\",\"position\":1,\"name\":\"Startseite\",\"item\":\"https:\\\/\\\/samarali.com\\\/de\\\/startseite\\\/\"},{\"@type\":\"ListItem\",\"position\":2,\"name\":\"Shop\",\"item\":\"https:\\\/\\\/samarali.com\\\/de\\\/shop\\\/\"},{\"@type\":\"ListItem\",\"position\":3,\"name\":\"Bio-Baumwollteppich f\u00fcr Yoga\"}]},{\"@type\":\"WebSite\",\"@id\":\"https:\\\/\\\/samarali.com\\\/de\\\/#website\",\"url\":\"https:\\\/\\\/samarali.com\\\/de\\\/\",\"name\":\"Samarali\",\"description\":\"Samarali ist eine nachhaltige Yoga- und Lifestyle-Marke mit Sitz in den Niederlanden\",\"publisher\":{\"@id\":\"https:\\\/\\\/samarali.com\\\/de\\\/#organization\"},\"potentialAction\":[{\"@type\":\"SearchAction\",\"target\":{\"@type\":\"EntryPoint\",\"urlTemplate\":\"https:\\\/\\\/samarali.com\\\/de\\\/?s={search_term_string}\"},\"query-input\":{\"@type\":\"PropertyValueSpecification\",\"valueRequired\":true,\"valueName\":\"search_term_string\"}}],\"inLanguage\":\"de\"},{\"@type\":\"Organization\",\"@id\":\"https:\\\/\\\/samarali.com\\\/de\\\/#organization\",\"name\":\"Samarali\",\"url\":\"https:\\\/\\\/samarali.com\\\/de\\\/\",\"logo\":{\"@type\":\"ImageObject\",\"inLanguage\":\"de\",\"@id\":\"https:\\\/\\\/samarali.com\\\/de\\\/#\\\/schema\\\/logo\\\/image\\\/\",\"url\":\"https:\\\/\\\/samarali.com\\\/wp-content\\\/uploads\\\/2024\\\/05\\\/cropped-samarali-icon.png\",\"contentUrl\":\"https:\\\/\\\/samarali.com\\\/wp-content\\\/uploads\\\/2024\\\/05\\\/cropped-samarali-icon.png\",\"width\":512,\"height\":512,\"caption\":\"Samarali\"},\"image\":{\"@id\":\"https:\\\/\\\/samarali.com\\\/de\\\/#\\\/schema\\\/logo\\\/image\\\/\"},\"sameAs\":[\"https:\\\/\\\/www.facebook.com\\\/samaraliyoga\",\"https:\\\/\\\/www.linkedin.com\\\/company\\\/69563155\\\/\",\"https:\\\/\\\/www.instagram.com\\\/samaraliyoga\\\/\",\"https:\\\/\\\/nl.pinterest.com\\\/Samaraliyoga\\\/\"],\"description\":\"Samarali is a sustainable yoga and lifestyle brand based in the Netherlands\",\"email\":\"info@samarali.com\",\"legalName\":\"Samarali B.V.\",\"vatID\":\"NL859820324B01\",\"numberOfEmployees\":{\"@type\":\"QuantitativeValue\",\"minValue\":\"1\",\"maxValue\":\"10\"}}]}<\/script>\n<meta property=\"og:availability\" content=\"instock\" \/>\n<meta property=\"product:availability\" content=\"instock\" \/>\n<meta property=\"product:condition\" content=\"new\" \/>\n<!-- \/ Yoast SEO Premium plugin. -->","yoast_head_json":{"title":"Bio-Baumwollteppich f\u00fcr Yoga - Samarali","description":"Setzen Sie auf Umweltbewusstsein mit unserer Bio-Yogamatte aus GOTS-zertifizierter Baumwolle - f\u00fcr den Planeten und Ihre Praxis. Erleben Sie Komfort noch heute!","robots":{"index":"index","follow":"follow","max-snippet":"max-snippet:-1","max-image-preview":"max-image-preview:large","max-video-preview":"max-video-preview:-1"},"canonical":"https:\/\/samarali.com\/de\/produkt\/bio-baumwollteppich-fuer-yoga\/","og_locale":"de_DE","og_type":"article","og_title":"Bio-Baumwollteppich f\u00fcr Yoga - Samarali","og_description":"Setzen Sie auf Umweltbewusstsein mit unserer Bio-Yogamatte aus GOTS-zertifizierter Baumwolle - f\u00fcr den Planeten und Ihre Praxis. Erleben Sie Komfort noch heute!","og_url":"https:\/\/samarali.com\/de\/produkt\/bio-baumwollteppich-fuer-yoga\/","og_site_name":"Samarali","article_publisher":"https:\/\/www.facebook.com\/samaraliyoga","article_modified_time":"2026-01-31T08:39:14+00:00","og_image":[{"width":1000,"height":1000,"url":"https:\/\/samarali.com\/wp-content\/uploads\/2025\/10\/Cotton-rug-Ocean-Mist-blue-mix-2.jpg","type":"image\/jpeg"}],"twitter_card":"summary_large_image","twitter_misc":{"Verf\u00fcgbarkeit":"Auf Lager"},"schema":{"@context":"https:\/\/schema.org","@graph":[{"@type":"WebPage","@id":"https:\/\/samarali.com\/de\/produkt\/bio-baumwollteppich-fuer-yoga\/","url":"https:\/\/samarali.com\/de\/produkt\/bio-baumwollteppich-fuer-yoga\/","name":"Bio-Baumwollteppich f\u00fcr Yoga - Samarali","isPartOf":{"@id":"https:\/\/samarali.com\/de\/#website"},"primaryImageOfPage":{"@id":"https:\/\/samarali.com\/de\/produkt\/bio-baumwollteppich-fuer-yoga\/#primaryimage"},"image":{"@id":"https:\/\/samarali.com\/de\/produkt\/bio-baumwollteppich-fuer-yoga\/#primaryimage"},"thumbnailUrl":"https:\/\/samarali.com\/wp-content\/uploads\/2025\/10\/Cotton-rug-Ocean-Mist-blue-mix-2.jpg","datePublished":"2025-10-04T07:51:46+00:00","dateModified":"2026-01-31T08:39:14+00:00","description":"Setzen Sie auf Umweltbewusstsein mit unserer Bio-Yogamatte aus GOTS-zertifizierter Baumwolle - f\u00fcr den Planeten und Ihre Praxis. Erleben Sie Komfort noch heute!","breadcrumb":{"@id":"https:\/\/samarali.com\/de\/produkt\/bio-baumwollteppich-fuer-yoga\/#breadcrumb"},"inLanguage":"de","potentialAction":[{"@type":"ReadAction","target":["https:\/\/samarali.com\/de\/produkt\/bio-baumwollteppich-fuer-yoga\/"]}]},{"@type":"ImageObject","inLanguage":"de","@id":"https:\/\/samarali.com\/de\/produkt\/bio-baumwollteppich-fuer-yoga\/#primaryimage","url":"https:\/\/samarali.com\/wp-content\/uploads\/2025\/10\/Cotton-rug-Ocean-Mist-blue-mix-2.jpg","contentUrl":"https:\/\/samarali.com\/wp-content\/uploads\/2025\/10\/Cotton-rug-Ocean-Mist-blue-mix-2.jpg","width":1000,"height":1000,"caption":"Baumwollteppich Ocean Mist (Blau-Mix) 2"},{"@type":"BreadcrumbList","@id":"https:\/\/samarali.com\/de\/produkt\/bio-baumwollteppich-fuer-yoga\/#breadcrumb","itemListElement":[{"@type":"ListItem","position":1,"name":"Startseite","item":"https:\/\/samarali.com\/de\/startseite\/"},{"@type":"ListItem","position":2,"name":"Shop","item":"https:\/\/samarali.com\/de\/shop\/"},{"@type":"ListItem","position":3,"name":"Bio-Baumwollteppich f\u00fcr Yoga"}]},{"@type":"WebSite","@id":"https:\/\/samarali.com\/de\/#website","url":"https:\/\/samarali.com\/de\/","name":"Samarali","description":"Samarali ist eine nachhaltige Yoga- und Lifestyle-Marke mit Sitz in den Niederlanden","publisher":{"@id":"https:\/\/samarali.com\/de\/#organization"},"potentialAction":[{"@type":"SearchAction","target":{"@type":"EntryPoint","urlTemplate":"https:\/\/samarali.com\/de\/?s={search_term_string}"},"query-input":{"@type":"PropertyValueSpecification","valueRequired":true,"valueName":"search_term_string"}}],"inLanguage":"de"},{"@type":"Organization","@id":"https:\/\/samarali.com\/de\/#organization","name":"Samarali","url":"https:\/\/samarali.com\/de\/","logo":{"@type":"ImageObject","inLanguage":"de","@id":"https:\/\/samarali.com\/de\/#\/schema\/logo\/image\/","url":"https:\/\/samarali.com\/wp-content\/uploads\/2024\/05\/cropped-samarali-icon.png","contentUrl":"https:\/\/samarali.com\/wp-content\/uploads\/2024\/05\/cropped-samarali-icon.png","width":512,"height":512,"caption":"Samarali"},"image":{"@id":"https:\/\/samarali.com\/de\/#\/schema\/logo\/image\/"},"sameAs":["https:\/\/www.facebook.com\/samaraliyoga","https:\/\/www.linkedin.com\/company\/69563155\/","https:\/\/www.instagram.com\/samaraliyoga\/","https:\/\/nl.pinterest.com\/Samaraliyoga\/"],"description":"Samarali is a sustainable yoga and lifestyle brand based in the Netherlands","email":"info@samarali.com","legalName":"Samarali B.V.","vatID":"NL859820324B01","numberOfEmployees":{"@type":"QuantitativeValue","minValue":"1","maxValue":"10"}}]},"og_availability":"instock","product_availability":"instock","product_condition":"new"},"jetpack_sharing_enabled":true,"_links":{"self":[{"href":"https:\/\/samarali.com\/de\/wp-json\/wp\/v2\/product\/33882","targetHints":{"allow":["GET"]}}],"collection":[{"href":"https:\/\/samarali.com\/de\/wp-json\/wp\/v2\/product"}],"about":[{"href":"https:\/\/samarali.com\/de\/wp-json\/wp\/v2\/types\/product"}],"replies":[{"embeddable":true,"href":"https:\/\/samarali.com\/de\/wp-json\/wp\/v2\/comments?post=33882"}],"version-history":[{"count":0,"href":"https:\/\/samarali.com\/de\/wp-json\/wp\/v2\/product\/33882\/revisions"}],"wp:featuredmedia":[{"embeddable":true,"href":"https:\/\/samarali.com\/de\/wp-json\/wp\/v2\/media\/33883"}],"wp:attachment":[{"href":"https:\/\/samarali.com\/de\/wp-json\/wp\/v2\/media?parent=33882"}],"wp:term":[{"taxonomy":"product_cat","embeddable":true,"href":"https:\/\/samarali.com\/de\/wp-json\/wp\/v2\/product_cat?post=33882"},{"taxonomy":"product_tag","embeddable":true,"href":"https:\/\/samarali.com\/de\/wp-json\/wp\/v2\/product_tag?post=33882"}],"curies":[{"name":"wp","href":"https:\/\/api.w.org\/{rel}","templated":true}]}}