{"id":32465,"date":"2024-10-15T11:14:56","date_gmt":"2024-10-15T09:14:56","guid":{"rendered":"https:\/\/samarali.com\/product\/yoga-nackenkissen\/"},"modified":"2025-12-25T16:41:52","modified_gmt":"2025-12-25T15:41:52","slug":"yoga-nackenkissen","status":"publish","type":"product","link":"https:\/\/samarali.com\/de\/produkt\/yoga-nackenkissen\/","title":{"rendered":"Yoga Nackenkissen"},"content":{"rendered":"<p>Manche Menschen brauchen eine zus\u00e4tzliche Polsterung unter ihrem Kopf, wenn sie Yin Yoga, Yoga Nidra oder andere Entspannungs\u00fcbungen praktizieren. Unsere Yogakissen bieten sanfte Unterst\u00fctzung nicht nur f\u00fcr beruhigende Posen, sondern auch f\u00fcr aktivere Praktiken wie die Planke, den Kopfstand, den Schulterstand und den herabschauenden Hund. Diese Haltungen k\u00f6nnen einen erheblichen Druck auf die Arme und Schultern aus\u00fcben, insbesondere bei Anf\u00e4ngern, und die richtige Unterst\u00fctzung kann einen gro\u00dfen Unterschied machen.<\/p>\n<p>Jedes Yogakissen wird aus 100% Bio-Baumwolle hergestellt und ist GOTS-zertifiziert. Dank eines diskreten seitlichen Rei\u00dfverschlusses k\u00f6nnen Sie den \u00e4u\u00dferen Bezug zum Waschen leicht abnehmen, damit Ihr Kissen frisch und sauber bleibt. Die F\u00fcllung besteht aus nachhaltig geernteten Kapokfasern, die eine weiche und dennoch stabile Unterst\u00fctzung bieten.<\/p>\n<p>Unsere Savasana-Kissen gibt es in einer Vielzahl von leuchtenden Farben &#8211; w\u00e4hlen Sie das Kissen, das Sie am meisten inspiriert und Ihre Praxis bereichert!<\/p>\n","protected":false},"excerpt":{"rendered":"<p>Unsere Savasana-Kissen wurden entwickelt, um die Entspannung zu f\u00f6rdern und eine zuverl\u00e4ssige Unterst\u00fctzung w\u00e4hrend der Asanas zu bieten.<\/p>\n<div id=\"gtx-trans\" style=\"position: absolute; left: -10px; top: -8.8px;\">\n<div class=\"gtx-trans-icon\"><\/div>\n<\/div>\n","protected":false},"featured_media":33735,"comment_status":"open","ping_status":"closed","template":"","meta":{"_acf_changed":false,"_improvement_type_select":"improve_an_existing","_thumb_yes_seoaic":false,"_frame_yes_seoaic":false,"seoaic_generate_description":"","seoaic_improve_instructions_prompt":"","seoaic_rollback_content_improvement":"","seoaic_idea_thumbnail_generator":"","thumbnail_generated":false,"thumbnail_generate_prompt":"","seoaic_article_description":"","inline_featured_image":false},"product_cat":[321,347],"product_tag":[],"class_list":{"0":"post-32465","1":"product","2":"type-product","3":"status-publish","4":"has-post-thumbnail","6":"product_cat-yoga-de","7":"product_cat-zubehor","9":"first","10":"instock","11":"shipping-taxable","12":"purchasable","13":"product-type-variable","14":"has-default-attributes"},"acf":[],"yoast_head":"<!-- This site is optimized with the Yoast SEO Premium plugin v27.3 (Yoast SEO v27.3) - https:\/\/yoast.com\/product\/yoast-seo-premium-wordpress\/ -->\n<title>Yoga Nackenkissen - Samarali<\/title>\n<meta name=\"description\" content=\"Erh\u00f6hen Sie Ihre Praxis mit unserem Yoga-Nackenkissen, das Sie bei beruhigenden Posen optimal unterst\u00fctzt. Perfekt f\u00fcr Anf\u00e4nger und erfahrene Yogis gleicherma\u00dfen!\" \/>\n<meta name=\"robots\" content=\"index, follow, max-snippet:-1, max-image-preview:large, max-video-preview:-1\" \/>\n<link rel=\"canonical\" href=\"https:\/\/samarali.com\/de\/produkt\/yoga-nackenkissen\/\" \/>\n<meta property=\"og:locale\" content=\"de_DE\" \/>\n<meta property=\"og:type\" content=\"article\" \/>\n<meta property=\"og:title\" content=\"Yoga Nackenkissen - Samarali\" \/>\n<meta property=\"og:description\" content=\"Erh\u00f6hen Sie Ihre Praxis mit unserem Yoga-Nackenkissen, das Sie bei beruhigenden Posen optimal unterst\u00fctzt. Perfekt f\u00fcr Anf\u00e4nger und erfahrene Yogis gleicherma\u00dfen!\" \/>\n<meta property=\"og:url\" content=\"https:\/\/samarali.com\/de\/produkt\/yoga-nackenkissen\/\" \/>\n<meta property=\"og:site_name\" content=\"Samarali\" \/>\n<meta property=\"article:publisher\" content=\"https:\/\/www.facebook.com\/samaraliyoga\" \/>\n<meta property=\"article:modified_time\" content=\"2025-12-25T15:41:52+00:00\" \/>\n<meta property=\"og:image\" content=\"https:\/\/samarali.com\/wp-content\/uploads\/2025\/10\/Yoga-neck-pillow-blue-6.jpg\" \/>\n\t<meta property=\"og:image:width\" content=\"1000\" \/>\n\t<meta property=\"og:image:height\" content=\"1000\" \/>\n\t<meta property=\"og:image:type\" content=\"image\/jpeg\" \/>\n<meta name=\"twitter:card\" content=\"summary_large_image\" \/>\n<meta name=\"twitter:label1\" content=\"Verf\u00fcgbarkeit\" \/>\n\t<meta name=\"twitter:data1\" content=\"Auf Lager\" \/>\n<script type=\"application\/ld+json\" class=\"yoast-schema-graph\">{\"@context\":\"https:\\\/\\\/schema.org\",\"@graph\":[{\"@type\":\"WebPage\",\"@id\":\"https:\\\/\\\/samarali.com\\\/de\\\/produkt\\\/yoga-nackenkissen\\\/\",\"url\":\"https:\\\/\\\/samarali.com\\\/de\\\/produkt\\\/yoga-nackenkissen\\\/\",\"name\":\"Yoga Nackenkissen - Samarali\",\"isPartOf\":{\"@id\":\"https:\\\/\\\/samarali.com\\\/de\\\/#website\"},\"primaryImageOfPage\":{\"@id\":\"https:\\\/\\\/samarali.com\\\/de\\\/produkt\\\/yoga-nackenkissen\\\/#primaryimage\"},\"image\":{\"@id\":\"https:\\\/\\\/samarali.com\\\/de\\\/produkt\\\/yoga-nackenkissen\\\/#primaryimage\"},\"thumbnailUrl\":\"https:\\\/\\\/samarali.com\\\/wp-content\\\/uploads\\\/2025\\\/10\\\/Yoga-neck-pillow-blue-6.jpg\",\"datePublished\":\"2024-10-15T09:14:56+00:00\",\"dateModified\":\"2025-12-25T15:41:52+00:00\",\"description\":\"Erh\u00f6hen Sie Ihre Praxis mit unserem Yoga-Nackenkissen, das Sie bei beruhigenden Posen optimal unterst\u00fctzt. Perfekt f\u00fcr Anf\u00e4nger und erfahrene Yogis gleicherma\u00dfen!\",\"breadcrumb\":{\"@id\":\"https:\\\/\\\/samarali.com\\\/de\\\/produkt\\\/yoga-nackenkissen\\\/#breadcrumb\"},\"inLanguage\":\"de\",\"potentialAction\":[{\"@type\":\"ReadAction\",\"target\":[\"https:\\\/\\\/samarali.com\\\/de\\\/produkt\\\/yoga-nackenkissen\\\/\"]}]},{\"@type\":\"ImageObject\",\"inLanguage\":\"de\",\"@id\":\"https:\\\/\\\/samarali.com\\\/de\\\/produkt\\\/yoga-nackenkissen\\\/#primaryimage\",\"url\":\"https:\\\/\\\/samarali.com\\\/wp-content\\\/uploads\\\/2025\\\/10\\\/Yoga-neck-pillow-blue-6.jpg\",\"contentUrl\":\"https:\\\/\\\/samarali.com\\\/wp-content\\\/uploads\\\/2025\\\/10\\\/Yoga-neck-pillow-blue-6.jpg\",\"width\":1000,\"height\":1000,\"caption\":\"Yoga Nackenkissen blau 6\"},{\"@type\":\"BreadcrumbList\",\"@id\":\"https:\\\/\\\/samarali.com\\\/de\\\/produkt\\\/yoga-nackenkissen\\\/#breadcrumb\",\"itemListElement\":[{\"@type\":\"ListItem\",\"position\":1,\"name\":\"Startseite\",\"item\":\"https:\\\/\\\/samarali.com\\\/de\\\/startseite\\\/\"},{\"@type\":\"ListItem\",\"position\":2,\"name\":\"Shop\",\"item\":\"https:\\\/\\\/samarali.com\\\/de\\\/shop\\\/\"},{\"@type\":\"ListItem\",\"position\":3,\"name\":\"Yoga Nackenkissen\"}]},{\"@type\":\"WebSite\",\"@id\":\"https:\\\/\\\/samarali.com\\\/de\\\/#website\",\"url\":\"https:\\\/\\\/samarali.com\\\/de\\\/\",\"name\":\"Samarali\",\"description\":\"Samarali ist eine nachhaltige Yoga- und Lifestyle-Marke mit Sitz in den Niederlanden\",\"publisher\":{\"@id\":\"https:\\\/\\\/samarali.com\\\/de\\\/#organization\"},\"potentialAction\":[{\"@type\":\"SearchAction\",\"target\":{\"@type\":\"EntryPoint\",\"urlTemplate\":\"https:\\\/\\\/samarali.com\\\/de\\\/?s={search_term_string}\"},\"query-input\":{\"@type\":\"PropertyValueSpecification\",\"valueRequired\":true,\"valueName\":\"search_term_string\"}}],\"inLanguage\":\"de\"},{\"@type\":\"Organization\",\"@id\":\"https:\\\/\\\/samarali.com\\\/de\\\/#organization\",\"name\":\"Samarali\",\"url\":\"https:\\\/\\\/samarali.com\\\/de\\\/\",\"logo\":{\"@type\":\"ImageObject\",\"inLanguage\":\"de\",\"@id\":\"https:\\\/\\\/samarali.com\\\/de\\\/#\\\/schema\\\/logo\\\/image\\\/\",\"url\":\"https:\\\/\\\/samarali.com\\\/wp-content\\\/uploads\\\/2024\\\/05\\\/cropped-samarali-icon.png\",\"contentUrl\":\"https:\\\/\\\/samarali.com\\\/wp-content\\\/uploads\\\/2024\\\/05\\\/cropped-samarali-icon.png\",\"width\":512,\"height\":512,\"caption\":\"Samarali\"},\"image\":{\"@id\":\"https:\\\/\\\/samarali.com\\\/de\\\/#\\\/schema\\\/logo\\\/image\\\/\"},\"sameAs\":[\"https:\\\/\\\/www.facebook.com\\\/samaraliyoga\",\"https:\\\/\\\/www.linkedin.com\\\/company\\\/69563155\\\/\",\"https:\\\/\\\/www.instagram.com\\\/samaraliyoga\\\/\",\"https:\\\/\\\/nl.pinterest.com\\\/Samaraliyoga\\\/\"],\"description\":\"Samarali is a sustainable yoga and lifestyle brand based in the Netherlands\",\"email\":\"info@samarali.com\",\"legalName\":\"Samarali B.V.\",\"vatID\":\"NL859820324B01\",\"numberOfEmployees\":{\"@type\":\"QuantitativeValue\",\"minValue\":\"1\",\"maxValue\":\"10\"}}]}<\/script>\n<meta property=\"og:availability\" content=\"instock\" \/>\n<meta property=\"product:availability\" content=\"instock\" \/>\n<meta property=\"product:condition\" content=\"new\" \/>\n<!-- \/ Yoast SEO Premium plugin. -->","yoast_head_json":{"title":"Yoga Nackenkissen - Samarali","description":"Erh\u00f6hen Sie Ihre Praxis mit unserem Yoga-Nackenkissen, das Sie bei beruhigenden Posen optimal unterst\u00fctzt. Perfekt f\u00fcr Anf\u00e4nger und erfahrene Yogis gleicherma\u00dfen!","robots":{"index":"index","follow":"follow","max-snippet":"max-snippet:-1","max-image-preview":"max-image-preview:large","max-video-preview":"max-video-preview:-1"},"canonical":"https:\/\/samarali.com\/de\/produkt\/yoga-nackenkissen\/","og_locale":"de_DE","og_type":"article","og_title":"Yoga Nackenkissen - Samarali","og_description":"Erh\u00f6hen Sie Ihre Praxis mit unserem Yoga-Nackenkissen, das Sie bei beruhigenden Posen optimal unterst\u00fctzt. Perfekt f\u00fcr Anf\u00e4nger und erfahrene Yogis gleicherma\u00dfen!","og_url":"https:\/\/samarali.com\/de\/produkt\/yoga-nackenkissen\/","og_site_name":"Samarali","article_publisher":"https:\/\/www.facebook.com\/samaraliyoga","article_modified_time":"2025-12-25T15:41:52+00:00","og_image":[{"width":1000,"height":1000,"url":"https:\/\/samarali.com\/wp-content\/uploads\/2025\/10\/Yoga-neck-pillow-blue-6.jpg","type":"image\/jpeg"}],"twitter_card":"summary_large_image","twitter_misc":{"Verf\u00fcgbarkeit":"Auf Lager"},"schema":{"@context":"https:\/\/schema.org","@graph":[{"@type":"WebPage","@id":"https:\/\/samarali.com\/de\/produkt\/yoga-nackenkissen\/","url":"https:\/\/samarali.com\/de\/produkt\/yoga-nackenkissen\/","name":"Yoga Nackenkissen - Samarali","isPartOf":{"@id":"https:\/\/samarali.com\/de\/#website"},"primaryImageOfPage":{"@id":"https:\/\/samarali.com\/de\/produkt\/yoga-nackenkissen\/#primaryimage"},"image":{"@id":"https:\/\/samarali.com\/de\/produkt\/yoga-nackenkissen\/#primaryimage"},"thumbnailUrl":"https:\/\/samarali.com\/wp-content\/uploads\/2025\/10\/Yoga-neck-pillow-blue-6.jpg","datePublished":"2024-10-15T09:14:56+00:00","dateModified":"2025-12-25T15:41:52+00:00","description":"Erh\u00f6hen Sie Ihre Praxis mit unserem Yoga-Nackenkissen, das Sie bei beruhigenden Posen optimal unterst\u00fctzt. Perfekt f\u00fcr Anf\u00e4nger und erfahrene Yogis gleicherma\u00dfen!","breadcrumb":{"@id":"https:\/\/samarali.com\/de\/produkt\/yoga-nackenkissen\/#breadcrumb"},"inLanguage":"de","potentialAction":[{"@type":"ReadAction","target":["https:\/\/samarali.com\/de\/produkt\/yoga-nackenkissen\/"]}]},{"@type":"ImageObject","inLanguage":"de","@id":"https:\/\/samarali.com\/de\/produkt\/yoga-nackenkissen\/#primaryimage","url":"https:\/\/samarali.com\/wp-content\/uploads\/2025\/10\/Yoga-neck-pillow-blue-6.jpg","contentUrl":"https:\/\/samarali.com\/wp-content\/uploads\/2025\/10\/Yoga-neck-pillow-blue-6.jpg","width":1000,"height":1000,"caption":"Yoga Nackenkissen blau 6"},{"@type":"BreadcrumbList","@id":"https:\/\/samarali.com\/de\/produkt\/yoga-nackenkissen\/#breadcrumb","itemListElement":[{"@type":"ListItem","position":1,"name":"Startseite","item":"https:\/\/samarali.com\/de\/startseite\/"},{"@type":"ListItem","position":2,"name":"Shop","item":"https:\/\/samarali.com\/de\/shop\/"},{"@type":"ListItem","position":3,"name":"Yoga Nackenkissen"}]},{"@type":"WebSite","@id":"https:\/\/samarali.com\/de\/#website","url":"https:\/\/samarali.com\/de\/","name":"Samarali","description":"Samarali ist eine nachhaltige Yoga- und Lifestyle-Marke mit Sitz in den Niederlanden","publisher":{"@id":"https:\/\/samarali.com\/de\/#organization"},"potentialAction":[{"@type":"SearchAction","target":{"@type":"EntryPoint","urlTemplate":"https:\/\/samarali.com\/de\/?s={search_term_string}"},"query-input":{"@type":"PropertyValueSpecification","valueRequired":true,"valueName":"search_term_string"}}],"inLanguage":"de"},{"@type":"Organization","@id":"https:\/\/samarali.com\/de\/#organization","name":"Samarali","url":"https:\/\/samarali.com\/de\/","logo":{"@type":"ImageObject","inLanguage":"de","@id":"https:\/\/samarali.com\/de\/#\/schema\/logo\/image\/","url":"https:\/\/samarali.com\/wp-content\/uploads\/2024\/05\/cropped-samarali-icon.png","contentUrl":"https:\/\/samarali.com\/wp-content\/uploads\/2024\/05\/cropped-samarali-icon.png","width":512,"height":512,"caption":"Samarali"},"image":{"@id":"https:\/\/samarali.com\/de\/#\/schema\/logo\/image\/"},"sameAs":["https:\/\/www.facebook.com\/samaraliyoga","https:\/\/www.linkedin.com\/company\/69563155\/","https:\/\/www.instagram.com\/samaraliyoga\/","https:\/\/nl.pinterest.com\/Samaraliyoga\/"],"description":"Samarali is a sustainable yoga and lifestyle brand based in the Netherlands","email":"info@samarali.com","legalName":"Samarali B.V.","vatID":"NL859820324B01","numberOfEmployees":{"@type":"QuantitativeValue","minValue":"1","maxValue":"10"}}]},"og_availability":"instock","product_availability":"instock","product_condition":"new"},"jetpack_sharing_enabled":true,"_links":{"self":[{"href":"https:\/\/samarali.com\/de\/wp-json\/wp\/v2\/product\/32465","targetHints":{"allow":["GET"]}}],"collection":[{"href":"https:\/\/samarali.com\/de\/wp-json\/wp\/v2\/product"}],"about":[{"href":"https:\/\/samarali.com\/de\/wp-json\/wp\/v2\/types\/product"}],"replies":[{"embeddable":true,"href":"https:\/\/samarali.com\/de\/wp-json\/wp\/v2\/comments?post=32465"}],"version-history":[{"count":1,"href":"https:\/\/samarali.com\/de\/wp-json\/wp\/v2\/product\/32465\/revisions"}],"predecessor-version":[{"id":33830,"href":"https:\/\/samarali.com\/de\/wp-json\/wp\/v2\/product\/32465\/revisions\/33830"}],"wp:featuredmedia":[{"embeddable":true,"href":"https:\/\/samarali.com\/de\/wp-json\/wp\/v2\/media\/33735"}],"wp:attachment":[{"href":"https:\/\/samarali.com\/de\/wp-json\/wp\/v2\/media?parent=32465"}],"wp:term":[{"taxonomy":"product_cat","embeddable":true,"href":"https:\/\/samarali.com\/de\/wp-json\/wp\/v2\/product_cat?post=32465"},{"taxonomy":"product_tag","embeddable":true,"href":"https:\/\/samarali.com\/de\/wp-json\/wp\/v2\/product_tag?post=32465"}],"curies":[{"name":"wp","href":"https:\/\/api.w.org\/{rel}","templated":true}]}}