{"id":29236,"date":"2024-08-08T08:58:53","date_gmt":"2024-08-08T08:58:53","guid":{"rendered":"https:\/\/samarali.com\/product\/jumpsuit-oceana\/"},"modified":"2025-01-06T13:42:50","modified_gmt":"2025-01-06T12:42:50","slug":"jumpsuit-oceana","status":"publish","type":"product","link":"https:\/\/samarali.com\/de\/produkt\/jumpsuit-oceana\/","title":{"rendered":"Jumpsuit Oceana"},"content":{"rendered":"<p>Unsere Jumpsuit-Kollektion wurde mit Bedacht f\u00fcr alle Arten von Yoga, Fitness\u00fcbungen und Alltagskleidung entworfen. Diese in der Ukraine ethisch produzierten Jumpsuits werden aus OEKO-Tex-zertifizierten Stoffen hergestellt. Die Weichheit und Dehnbarkeit des Stoffes machen diese Jumpsuits unglaublich angenehm zu tragen und ideal f\u00fcr langsame und aktive Yoga- oder Fitness\u00fcbungen. Dar\u00fcber hinaus atmet das baumwollreiche Material mit Ihrem K\u00f6rper mit und bietet selbst bei den anspruchsvollsten Trainingseinheiten maximalen Komfort. Erleben Sie unvergleichlichen Komfort und Stil mit dem Jumpsuit Oceana.<\/p>\n<p>Im Gegensatz zu anderer Sportkleidung, bei der Sie Ihre Hosen oder Shorts w\u00e4hrend intensiver \u00dcbungen wie Power Yoga st\u00e4ndig anpassen m\u00fcssen, bleiben unsere Jumpsuits perfekt an ihrem Platz, so dass Sie sich ganz auf Ihre Praxis konzentrieren k\u00f6nnen.<\/p>\n<p>Die Models auf den Bildern tragen die unten angegebenen Gr\u00f6\u00dfen. So k\u00f6nnen Sie sich ein besseres Bild davon machen, wie die Jumpsuits f\u00fcr verschiedene K\u00f6rpertypen passen.<\/p>\n<ul>\n<li>F\u00fcr Gr\u00f6\u00dfe L: H\u00f6he 173, 102 x 82 x 112 (Oberweite x Taille x H\u00fcfte)<\/li>\n<li>F\u00fcr Gr\u00f6\u00dfe XS: K\u00f6rpergr\u00f6\u00dfe 165, 81 x 62 x 90 (Oberweite x Taille x H\u00fcfte)<\/li>\n<\/ul>\n<p><strong>Waschanleitung<\/strong><\/p>\n<ul>\n<li>Mit \u00e4hnlichen Farben waschen<\/li>\n<li>Waschen Sie es in kaltem Wasser (bis zu 30\u00b0C) im Schonwaschgang.<\/li>\n<\/ul>\n","protected":false},"excerpt":{"rendered":"<p>Erleben Sie ultimativen Komfort und Stil mit dem Jumpsuit Oceana. Unsere Jumpsuits wurden f\u00fcr Yoga, Fitness und den Alltag entworfen, sind ethisch produziert und unglaublich weich und dehnbar.<\/p>\n","protected":false},"featured_media":23315,"comment_status":"open","ping_status":"closed","template":"","meta":{"_acf_changed":false,"_improvement_type_select":"improve_an_existing","_thumb_yes_seoaic":false,"_frame_yes_seoaic":false,"seoaic_generate_description":"","seoaic_improve_instructions_prompt":"","seoaic_rollback_content_improvement":"","seoaic_idea_thumbnail_generator":"","thumbnail_generated":false,"thumbnail_generate_prompt":"","seoaic_article_description":"","inline_featured_image":false},"product_cat":[218],"product_tag":[],"class_list":{"0":"post-29236","1":"product","2":"type-product","3":"status-publish","4":"has-post-thumbnail","6":"product_cat-kleidung","8":"first","9":"instock","10":"shipping-taxable","11":"purchasable","12":"product-type-variable"},"acf":[],"yoast_head":"<!-- This site is optimized with the Yoast SEO Premium plugin v27.3 (Yoast SEO v27.3) - https:\/\/yoast.com\/product\/yoast-seo-premium-wordpress\/ -->\n<title>Jumpsuit Oceana - Samarali<\/title>\n<meta name=\"description\" content=\"Erleben Sie ultimativen Komfort mit dem Jumpsuit Oceana. Unsere Jumpsuits wurden f\u00fcr Yoga und den Alltag entworfen und sind unglaublich weich und dehnbar.\" \/>\n<meta name=\"robots\" content=\"index, follow, max-snippet:-1, max-image-preview:large, max-video-preview:-1\" \/>\n<link rel=\"canonical\" href=\"https:\/\/samarali.com\/de\/produkt\/jumpsuit-oceana\/\" \/>\n<meta property=\"og:locale\" content=\"de_DE\" \/>\n<meta property=\"og:type\" content=\"article\" \/>\n<meta property=\"og:title\" content=\"Jumpsuit Oceana - Samarali\" \/>\n<meta property=\"og:description\" content=\"Erleben Sie ultimativen Komfort mit dem Jumpsuit Oceana. Unsere Jumpsuits wurden f\u00fcr Yoga und den Alltag entworfen und sind unglaublich weich und dehnbar.\" \/>\n<meta property=\"og:url\" content=\"https:\/\/samarali.com\/de\/produkt\/jumpsuit-oceana\/\" \/>\n<meta property=\"og:site_name\" content=\"Samarali\" \/>\n<meta property=\"article:publisher\" content=\"https:\/\/www.facebook.com\/samaraliyoga\" \/>\n<meta property=\"article:modified_time\" content=\"2025-01-06T12:42:50+00:00\" \/>\n<meta property=\"og:image\" content=\"https:\/\/samarali.com\/wp-content\/uploads\/2024\/08\/Jumpsuit-Oceana-Black-L-XXL-2.jpg\" \/>\n\t<meta property=\"og:image:width\" content=\"830\" \/>\n\t<meta property=\"og:image:height\" content=\"830\" \/>\n\t<meta property=\"og:image:type\" content=\"image\/jpeg\" \/>\n<meta name=\"twitter:card\" content=\"summary_large_image\" \/>\n<meta name=\"twitter:label1\" content=\"Verf\u00fcgbarkeit\" \/>\n\t<meta name=\"twitter:data1\" content=\"Auf Lager\" \/>\n<script type=\"application\/ld+json\" class=\"yoast-schema-graph\">{\"@context\":\"https:\\\/\\\/schema.org\",\"@graph\":[{\"@type\":\"WebPage\",\"@id\":\"https:\\\/\\\/samarali.com\\\/de\\\/produkt\\\/jumpsuit-oceana\\\/\",\"url\":\"https:\\\/\\\/samarali.com\\\/de\\\/produkt\\\/jumpsuit-oceana\\\/\",\"name\":\"Jumpsuit Oceana - Samarali\",\"isPartOf\":{\"@id\":\"https:\\\/\\\/samarali.com\\\/de\\\/#website\"},\"primaryImageOfPage\":{\"@id\":\"https:\\\/\\\/samarali.com\\\/de\\\/produkt\\\/jumpsuit-oceana\\\/#primaryimage\"},\"image\":{\"@id\":\"https:\\\/\\\/samarali.com\\\/de\\\/produkt\\\/jumpsuit-oceana\\\/#primaryimage\"},\"thumbnailUrl\":\"https:\\\/\\\/samarali.com\\\/wp-content\\\/uploads\\\/2024\\\/08\\\/Jumpsuit-Oceana-Black-L-XXL-2.jpg\",\"datePublished\":\"2024-08-08T08:58:53+00:00\",\"dateModified\":\"2025-01-06T12:42:50+00:00\",\"description\":\"Erleben Sie ultimativen Komfort mit dem Jumpsuit Oceana. Unsere Jumpsuits wurden f\u00fcr Yoga und den Alltag entworfen und sind unglaublich weich und dehnbar.\",\"breadcrumb\":{\"@id\":\"https:\\\/\\\/samarali.com\\\/de\\\/produkt\\\/jumpsuit-oceana\\\/#breadcrumb\"},\"inLanguage\":\"de\",\"potentialAction\":[{\"@type\":\"ReadAction\",\"target\":[\"https:\\\/\\\/samarali.com\\\/de\\\/produkt\\\/jumpsuit-oceana\\\/\"]}]},{\"@type\":\"ImageObject\",\"inLanguage\":\"de\",\"@id\":\"https:\\\/\\\/samarali.com\\\/de\\\/produkt\\\/jumpsuit-oceana\\\/#primaryimage\",\"url\":\"https:\\\/\\\/samarali.com\\\/wp-content\\\/uploads\\\/2024\\\/08\\\/Jumpsuit-Oceana-Black-L-XXL-2.jpg\",\"contentUrl\":\"https:\\\/\\\/samarali.com\\\/wp-content\\\/uploads\\\/2024\\\/08\\\/Jumpsuit-Oceana-Black-L-XXL-2.jpg\",\"width\":830,\"height\":830,\"caption\":\"Jumpsuit Oceana Schwarz L XXL 2\"},{\"@type\":\"BreadcrumbList\",\"@id\":\"https:\\\/\\\/samarali.com\\\/de\\\/produkt\\\/jumpsuit-oceana\\\/#breadcrumb\",\"itemListElement\":[{\"@type\":\"ListItem\",\"position\":1,\"name\":\"Startseite\",\"item\":\"https:\\\/\\\/samarali.com\\\/de\\\/startseite\\\/\"},{\"@type\":\"ListItem\",\"position\":2,\"name\":\"Shop\",\"item\":\"https:\\\/\\\/samarali.com\\\/de\\\/shop\\\/\"},{\"@type\":\"ListItem\",\"position\":3,\"name\":\"Jumpsuit Oceana\"}]},{\"@type\":\"WebSite\",\"@id\":\"https:\\\/\\\/samarali.com\\\/de\\\/#website\",\"url\":\"https:\\\/\\\/samarali.com\\\/de\\\/\",\"name\":\"Samarali\",\"description\":\"Samarali ist eine nachhaltige Yoga- und Lifestyle-Marke mit Sitz in den Niederlanden\",\"publisher\":{\"@id\":\"https:\\\/\\\/samarali.com\\\/de\\\/#organization\"},\"potentialAction\":[{\"@type\":\"SearchAction\",\"target\":{\"@type\":\"EntryPoint\",\"urlTemplate\":\"https:\\\/\\\/samarali.com\\\/de\\\/?s={search_term_string}\"},\"query-input\":{\"@type\":\"PropertyValueSpecification\",\"valueRequired\":true,\"valueName\":\"search_term_string\"}}],\"inLanguage\":\"de\"},{\"@type\":\"Organization\",\"@id\":\"https:\\\/\\\/samarali.com\\\/de\\\/#organization\",\"name\":\"Samarali\",\"url\":\"https:\\\/\\\/samarali.com\\\/de\\\/\",\"logo\":{\"@type\":\"ImageObject\",\"inLanguage\":\"de\",\"@id\":\"https:\\\/\\\/samarali.com\\\/de\\\/#\\\/schema\\\/logo\\\/image\\\/\",\"url\":\"https:\\\/\\\/samarali.com\\\/wp-content\\\/uploads\\\/2024\\\/05\\\/cropped-samarali-icon.png\",\"contentUrl\":\"https:\\\/\\\/samarali.com\\\/wp-content\\\/uploads\\\/2024\\\/05\\\/cropped-samarali-icon.png\",\"width\":512,\"height\":512,\"caption\":\"Samarali\"},\"image\":{\"@id\":\"https:\\\/\\\/samarali.com\\\/de\\\/#\\\/schema\\\/logo\\\/image\\\/\"},\"sameAs\":[\"https:\\\/\\\/www.facebook.com\\\/samaraliyoga\",\"https:\\\/\\\/www.linkedin.com\\\/company\\\/69563155\\\/\",\"https:\\\/\\\/www.instagram.com\\\/samaraliyoga\\\/\",\"https:\\\/\\\/nl.pinterest.com\\\/Samaraliyoga\\\/\"],\"description\":\"Samarali is a sustainable yoga and lifestyle brand based in the Netherlands\",\"email\":\"info@samarali.com\",\"legalName\":\"Samarali B.V.\",\"vatID\":\"NL859820324B01\",\"numberOfEmployees\":{\"@type\":\"QuantitativeValue\",\"minValue\":\"1\",\"maxValue\":\"10\"}}]}<\/script>\n<meta property=\"og:availability\" content=\"instock\" \/>\n<meta property=\"product:availability\" content=\"instock\" \/>\n<meta property=\"product:condition\" content=\"new\" \/>\n<!-- \/ Yoast SEO Premium plugin. -->","yoast_head_json":{"title":"Jumpsuit Oceana - Samarali","description":"Erleben Sie ultimativen Komfort mit dem Jumpsuit Oceana. Unsere Jumpsuits wurden f\u00fcr Yoga und den Alltag entworfen und sind unglaublich weich und dehnbar.","robots":{"index":"index","follow":"follow","max-snippet":"max-snippet:-1","max-image-preview":"max-image-preview:large","max-video-preview":"max-video-preview:-1"},"canonical":"https:\/\/samarali.com\/de\/produkt\/jumpsuit-oceana\/","og_locale":"de_DE","og_type":"article","og_title":"Jumpsuit Oceana - Samarali","og_description":"Erleben Sie ultimativen Komfort mit dem Jumpsuit Oceana. Unsere Jumpsuits wurden f\u00fcr Yoga und den Alltag entworfen und sind unglaublich weich und dehnbar.","og_url":"https:\/\/samarali.com\/de\/produkt\/jumpsuit-oceana\/","og_site_name":"Samarali","article_publisher":"https:\/\/www.facebook.com\/samaraliyoga","article_modified_time":"2025-01-06T12:42:50+00:00","og_image":[{"width":830,"height":830,"url":"https:\/\/samarali.com\/wp-content\/uploads\/2024\/08\/Jumpsuit-Oceana-Black-L-XXL-2.jpg","type":"image\/jpeg"}],"twitter_card":"summary_large_image","twitter_misc":{"Verf\u00fcgbarkeit":"Auf Lager"},"schema":{"@context":"https:\/\/schema.org","@graph":[{"@type":"WebPage","@id":"https:\/\/samarali.com\/de\/produkt\/jumpsuit-oceana\/","url":"https:\/\/samarali.com\/de\/produkt\/jumpsuit-oceana\/","name":"Jumpsuit Oceana - Samarali","isPartOf":{"@id":"https:\/\/samarali.com\/de\/#website"},"primaryImageOfPage":{"@id":"https:\/\/samarali.com\/de\/produkt\/jumpsuit-oceana\/#primaryimage"},"image":{"@id":"https:\/\/samarali.com\/de\/produkt\/jumpsuit-oceana\/#primaryimage"},"thumbnailUrl":"https:\/\/samarali.com\/wp-content\/uploads\/2024\/08\/Jumpsuit-Oceana-Black-L-XXL-2.jpg","datePublished":"2024-08-08T08:58:53+00:00","dateModified":"2025-01-06T12:42:50+00:00","description":"Erleben Sie ultimativen Komfort mit dem Jumpsuit Oceana. Unsere Jumpsuits wurden f\u00fcr Yoga und den Alltag entworfen und sind unglaublich weich und dehnbar.","breadcrumb":{"@id":"https:\/\/samarali.com\/de\/produkt\/jumpsuit-oceana\/#breadcrumb"},"inLanguage":"de","potentialAction":[{"@type":"ReadAction","target":["https:\/\/samarali.com\/de\/produkt\/jumpsuit-oceana\/"]}]},{"@type":"ImageObject","inLanguage":"de","@id":"https:\/\/samarali.com\/de\/produkt\/jumpsuit-oceana\/#primaryimage","url":"https:\/\/samarali.com\/wp-content\/uploads\/2024\/08\/Jumpsuit-Oceana-Black-L-XXL-2.jpg","contentUrl":"https:\/\/samarali.com\/wp-content\/uploads\/2024\/08\/Jumpsuit-Oceana-Black-L-XXL-2.jpg","width":830,"height":830,"caption":"Jumpsuit Oceana Schwarz L XXL 2"},{"@type":"BreadcrumbList","@id":"https:\/\/samarali.com\/de\/produkt\/jumpsuit-oceana\/#breadcrumb","itemListElement":[{"@type":"ListItem","position":1,"name":"Startseite","item":"https:\/\/samarali.com\/de\/startseite\/"},{"@type":"ListItem","position":2,"name":"Shop","item":"https:\/\/samarali.com\/de\/shop\/"},{"@type":"ListItem","position":3,"name":"Jumpsuit Oceana"}]},{"@type":"WebSite","@id":"https:\/\/samarali.com\/de\/#website","url":"https:\/\/samarali.com\/de\/","name":"Samarali","description":"Samarali ist eine nachhaltige Yoga- und Lifestyle-Marke mit Sitz in den Niederlanden","publisher":{"@id":"https:\/\/samarali.com\/de\/#organization"},"potentialAction":[{"@type":"SearchAction","target":{"@type":"EntryPoint","urlTemplate":"https:\/\/samarali.com\/de\/?s={search_term_string}"},"query-input":{"@type":"PropertyValueSpecification","valueRequired":true,"valueName":"search_term_string"}}],"inLanguage":"de"},{"@type":"Organization","@id":"https:\/\/samarali.com\/de\/#organization","name":"Samarali","url":"https:\/\/samarali.com\/de\/","logo":{"@type":"ImageObject","inLanguage":"de","@id":"https:\/\/samarali.com\/de\/#\/schema\/logo\/image\/","url":"https:\/\/samarali.com\/wp-content\/uploads\/2024\/05\/cropped-samarali-icon.png","contentUrl":"https:\/\/samarali.com\/wp-content\/uploads\/2024\/05\/cropped-samarali-icon.png","width":512,"height":512,"caption":"Samarali"},"image":{"@id":"https:\/\/samarali.com\/de\/#\/schema\/logo\/image\/"},"sameAs":["https:\/\/www.facebook.com\/samaraliyoga","https:\/\/www.linkedin.com\/company\/69563155\/","https:\/\/www.instagram.com\/samaraliyoga\/","https:\/\/nl.pinterest.com\/Samaraliyoga\/"],"description":"Samarali is a sustainable yoga and lifestyle brand based in the Netherlands","email":"info@samarali.com","legalName":"Samarali B.V.","vatID":"NL859820324B01","numberOfEmployees":{"@type":"QuantitativeValue","minValue":"1","maxValue":"10"}}]},"og_availability":"instock","product_availability":"instock","product_condition":"new"},"jetpack_sharing_enabled":true,"_links":{"self":[{"href":"https:\/\/samarali.com\/de\/wp-json\/wp\/v2\/product\/29236","targetHints":{"allow":["GET"]}}],"collection":[{"href":"https:\/\/samarali.com\/de\/wp-json\/wp\/v2\/product"}],"about":[{"href":"https:\/\/samarali.com\/de\/wp-json\/wp\/v2\/types\/product"}],"replies":[{"embeddable":true,"href":"https:\/\/samarali.com\/de\/wp-json\/wp\/v2\/comments?post=29236"}],"version-history":[{"count":1,"href":"https:\/\/samarali.com\/de\/wp-json\/wp\/v2\/product\/29236\/revisions"}],"predecessor-version":[{"id":32832,"href":"https:\/\/samarali.com\/de\/wp-json\/wp\/v2\/product\/29236\/revisions\/32832"}],"wp:featuredmedia":[{"embeddable":true,"href":"https:\/\/samarali.com\/de\/wp-json\/wp\/v2\/media\/23315"}],"wp:attachment":[{"href":"https:\/\/samarali.com\/de\/wp-json\/wp\/v2\/media?parent=29236"}],"wp:term":[{"taxonomy":"product_cat","embeddable":true,"href":"https:\/\/samarali.com\/de\/wp-json\/wp\/v2\/product_cat?post=29236"},{"taxonomy":"product_tag","embeddable":true,"href":"https:\/\/samarali.com\/de\/wp-json\/wp\/v2\/product_tag?post=29236"}],"curies":[{"name":"wp","href":"https:\/\/api.w.org\/{rel}","templated":true}]}}