{"id":29056,"date":"2024-08-07T15:09:31","date_gmt":"2024-08-07T15:09:31","guid":{"rendered":"https:\/\/samarali.com\/product\/jumpsuit-aphrodite\/"},"modified":"2025-01-01T00:04:41","modified_gmt":"2024-12-31T23:04:41","slug":"jumpsuit-aphrodite","status":"publish","type":"product","link":"https:\/\/samarali.com\/de\/produkt\/jumpsuit-aphrodite\/","title":{"rendered":"Jumpsuit Aphrodite"},"content":{"rendered":"<p>Unsere Kollektion von Jumpsuits ist f\u00fcr alle Arten von Yoga, Fitnessaktivit\u00e4ten und Alltagskleidung geeignet. Diese in der Ukraine nach ethischen Grunds\u00e4tzen hergestellten Jumpsuits werden aus OEKO-Tex-zertifizierten Materialien gefertigt, die sowohl Qualit\u00e4t als auch Nachhaltigkeit gew\u00e4hrleisten. Um unseren hohen Anspr\u00fcchen gerecht zu werden, wurden sie von unserem Team und der Yogi-Community rigoros getestet. Entdecken Sie die perfekte Balance aus Komfort, Stil und Nachhaltigkeit mit unserem Jumpsuit Aphrodite.<\/p>\n<p>Die Gr\u00f6\u00dfen der Modelle auf den Bildern<\/p>\n<ul>\n<li>F\u00fcr Gr\u00f6\u00dfe XL: K\u00f6rpergr\u00f6\u00dfe 170, 110 x 83 x 112 (Oberweite x Taille x H\u00fcfte)<\/li>\n<li>F\u00fcr Gr\u00f6\u00dfe S: K\u00f6rpergr\u00f6\u00dfe 173, 93 x 65 x 94 (Oberweite x Taille x H\u00fcfte)<\/li>\n<\/ul>\n","protected":false},"excerpt":{"rendered":"<p>Entdecken Sie den perfekten Jumpsuit Aphrodite f\u00fcr Yoga und den Alltag. Hergestellt in der Ukraine mit OEKO-Tex-zertifizierten Materialien f\u00fcr Qualit\u00e4t und Nachhaltigkeit.<\/p>\n","protected":false},"featured_media":22565,"comment_status":"open","ping_status":"closed","template":"","meta":{"_acf_changed":false,"_improvement_type_select":"improve_an_existing","_thumb_yes_seoaic":false,"_frame_yes_seoaic":false,"seoaic_generate_description":"","seoaic_improve_instructions_prompt":"","seoaic_rollback_content_improvement":"","seoaic_idea_thumbnail_generator":"","thumbnail_generated":false,"thumbnail_generate_prompt":"","seoaic_article_description":"","inline_featured_image":false},"product_cat":[218],"product_tag":[],"class_list":{"0":"post-29056","1":"product","2":"type-product","3":"status-publish","4":"has-post-thumbnail","6":"product_cat-kleidung","8":"first","9":"instock","10":"shipping-taxable","11":"purchasable","12":"product-type-variable"},"acf":[],"yoast_head":"<!-- This site is optimized with the Yoast SEO Premium plugin v27.3 (Yoast SEO v27.3) - https:\/\/yoast.com\/product\/yoast-seo-premium-wordpress\/ -->\n<title>Jumpsuit Aphrodite - Samarali<\/title>\n<meta name=\"description\" content=\"Entdecken Sie den perfekten Jumpsuit Aphrodite f\u00fcr Yoga und den Alltag. Hergestellt in der Ukraine mit OEKO-Tex-zertifizierten Materialien f\u00fcr Qualit\u00e4t und Nachhaltigkeit.\" \/>\n<meta name=\"robots\" content=\"index, follow, max-snippet:-1, max-image-preview:large, max-video-preview:-1\" \/>\n<link rel=\"canonical\" href=\"https:\/\/samarali.com\/de\/produkt\/jumpsuit-aphrodite\/\" \/>\n<meta property=\"og:locale\" content=\"de_DE\" \/>\n<meta property=\"og:type\" content=\"article\" \/>\n<meta property=\"og:title\" content=\"Jumpsuit Aphrodite - Samarali\" \/>\n<meta property=\"og:description\" content=\"Entdecken Sie den perfekten Jumpsuit Aphrodite f\u00fcr Yoga und den Alltag. Hergestellt in der Ukraine mit OEKO-Tex-zertifizierten Materialien f\u00fcr Qualit\u00e4t und Nachhaltigkeit.\" \/>\n<meta property=\"og:url\" content=\"https:\/\/samarali.com\/de\/produkt\/jumpsuit-aphrodite\/\" \/>\n<meta property=\"og:site_name\" content=\"Samarali\" \/>\n<meta property=\"article:publisher\" content=\"https:\/\/www.facebook.com\/samaraliyoga\" \/>\n<meta property=\"article:modified_time\" content=\"2024-12-31T23:04:41+00:00\" \/>\n<meta property=\"og:image\" content=\"https:\/\/samarali.com\/wp-content\/uploads\/2024\/08\/Yogis-in-beautiful-outfit-600x600-1.jpg\" \/>\n\t<meta property=\"og:image:width\" content=\"600\" \/>\n\t<meta property=\"og:image:height\" content=\"600\" \/>\n\t<meta property=\"og:image:type\" content=\"image\/jpeg\" \/>\n<meta name=\"twitter:card\" content=\"summary_large_image\" \/>\n<meta name=\"twitter:label1\" content=\"Verf\u00fcgbarkeit\" \/>\n\t<meta name=\"twitter:data1\" content=\"Auf Lager\" \/>\n<script type=\"application\/ld+json\" class=\"yoast-schema-graph\">{\"@context\":\"https:\\\/\\\/schema.org\",\"@graph\":[{\"@type\":\"WebPage\",\"@id\":\"https:\\\/\\\/samarali.com\\\/de\\\/produkt\\\/jumpsuit-aphrodite\\\/\",\"url\":\"https:\\\/\\\/samarali.com\\\/de\\\/produkt\\\/jumpsuit-aphrodite\\\/\",\"name\":\"Jumpsuit Aphrodite - Samarali\",\"isPartOf\":{\"@id\":\"https:\\\/\\\/samarali.com\\\/de\\\/#website\"},\"primaryImageOfPage\":{\"@id\":\"https:\\\/\\\/samarali.com\\\/de\\\/produkt\\\/jumpsuit-aphrodite\\\/#primaryimage\"},\"image\":{\"@id\":\"https:\\\/\\\/samarali.com\\\/de\\\/produkt\\\/jumpsuit-aphrodite\\\/#primaryimage\"},\"thumbnailUrl\":\"https:\\\/\\\/samarali.com\\\/wp-content\\\/uploads\\\/2024\\\/08\\\/Yogis-in-beautiful-outfit-600x600-1.jpg\",\"datePublished\":\"2024-08-07T15:09:31+00:00\",\"dateModified\":\"2024-12-31T23:04:41+00:00\",\"description\":\"Entdecken Sie den perfekten Jumpsuit Aphrodite f\u00fcr Yoga und den Alltag. Hergestellt in der Ukraine mit OEKO-Tex-zertifizierten Materialien f\u00fcr Qualit\u00e4t und Nachhaltigkeit.\",\"breadcrumb\":{\"@id\":\"https:\\\/\\\/samarali.com\\\/de\\\/produkt\\\/jumpsuit-aphrodite\\\/#breadcrumb\"},\"inLanguage\":\"de\",\"potentialAction\":[{\"@type\":\"ReadAction\",\"target\":[\"https:\\\/\\\/samarali.com\\\/de\\\/produkt\\\/jumpsuit-aphrodite\\\/\"]}]},{\"@type\":\"ImageObject\",\"inLanguage\":\"de\",\"@id\":\"https:\\\/\\\/samarali.com\\\/de\\\/produkt\\\/jumpsuit-aphrodite\\\/#primaryimage\",\"url\":\"https:\\\/\\\/samarali.com\\\/wp-content\\\/uploads\\\/2024\\\/08\\\/Yogis-in-beautiful-outfit-600x600-1.jpg\",\"contentUrl\":\"https:\\\/\\\/samarali.com\\\/wp-content\\\/uploads\\\/2024\\\/08\\\/Yogis-in-beautiful-outfit-600x600-1.jpg\",\"width\":600,\"height\":600,\"caption\":\"Yogis in sch\u00f6nem Outfit 600x600 1\"},{\"@type\":\"BreadcrumbList\",\"@id\":\"https:\\\/\\\/samarali.com\\\/de\\\/produkt\\\/jumpsuit-aphrodite\\\/#breadcrumb\",\"itemListElement\":[{\"@type\":\"ListItem\",\"position\":1,\"name\":\"Startseite\",\"item\":\"https:\\\/\\\/samarali.com\\\/de\\\/startseite\\\/\"},{\"@type\":\"ListItem\",\"position\":2,\"name\":\"Shop\",\"item\":\"https:\\\/\\\/samarali.com\\\/de\\\/shop\\\/\"},{\"@type\":\"ListItem\",\"position\":3,\"name\":\"Jumpsuit Aphrodite\"}]},{\"@type\":\"WebSite\",\"@id\":\"https:\\\/\\\/samarali.com\\\/de\\\/#website\",\"url\":\"https:\\\/\\\/samarali.com\\\/de\\\/\",\"name\":\"Samarali\",\"description\":\"Samarali ist eine nachhaltige Yoga- und Lifestyle-Marke mit Sitz in den Niederlanden\",\"publisher\":{\"@id\":\"https:\\\/\\\/samarali.com\\\/de\\\/#organization\"},\"potentialAction\":[{\"@type\":\"SearchAction\",\"target\":{\"@type\":\"EntryPoint\",\"urlTemplate\":\"https:\\\/\\\/samarali.com\\\/de\\\/?s={search_term_string}\"},\"query-input\":{\"@type\":\"PropertyValueSpecification\",\"valueRequired\":true,\"valueName\":\"search_term_string\"}}],\"inLanguage\":\"de\"},{\"@type\":\"Organization\",\"@id\":\"https:\\\/\\\/samarali.com\\\/de\\\/#organization\",\"name\":\"Samarali\",\"url\":\"https:\\\/\\\/samarali.com\\\/de\\\/\",\"logo\":{\"@type\":\"ImageObject\",\"inLanguage\":\"de\",\"@id\":\"https:\\\/\\\/samarali.com\\\/de\\\/#\\\/schema\\\/logo\\\/image\\\/\",\"url\":\"https:\\\/\\\/samarali.com\\\/wp-content\\\/uploads\\\/2024\\\/05\\\/cropped-samarali-icon.png\",\"contentUrl\":\"https:\\\/\\\/samarali.com\\\/wp-content\\\/uploads\\\/2024\\\/05\\\/cropped-samarali-icon.png\",\"width\":512,\"height\":512,\"caption\":\"Samarali\"},\"image\":{\"@id\":\"https:\\\/\\\/samarali.com\\\/de\\\/#\\\/schema\\\/logo\\\/image\\\/\"},\"sameAs\":[\"https:\\\/\\\/www.facebook.com\\\/samaraliyoga\",\"https:\\\/\\\/www.linkedin.com\\\/company\\\/69563155\\\/\",\"https:\\\/\\\/www.instagram.com\\\/samaraliyoga\\\/\",\"https:\\\/\\\/nl.pinterest.com\\\/Samaraliyoga\\\/\"],\"description\":\"Samarali is a sustainable yoga and lifestyle brand based in the Netherlands\",\"email\":\"info@samarali.com\",\"legalName\":\"Samarali B.V.\",\"vatID\":\"NL859820324B01\",\"numberOfEmployees\":{\"@type\":\"QuantitativeValue\",\"minValue\":\"1\",\"maxValue\":\"10\"}}]}<\/script>\n<meta property=\"og:availability\" content=\"instock\" \/>\n<meta property=\"product:availability\" content=\"instock\" \/>\n<meta property=\"product:condition\" content=\"new\" \/>\n<!-- \/ Yoast SEO Premium plugin. -->","yoast_head_json":{"title":"Jumpsuit Aphrodite - Samarali","description":"Entdecken Sie den perfekten Jumpsuit Aphrodite f\u00fcr Yoga und den Alltag. Hergestellt in der Ukraine mit OEKO-Tex-zertifizierten Materialien f\u00fcr Qualit\u00e4t und Nachhaltigkeit.","robots":{"index":"index","follow":"follow","max-snippet":"max-snippet:-1","max-image-preview":"max-image-preview:large","max-video-preview":"max-video-preview:-1"},"canonical":"https:\/\/samarali.com\/de\/produkt\/jumpsuit-aphrodite\/","og_locale":"de_DE","og_type":"article","og_title":"Jumpsuit Aphrodite - Samarali","og_description":"Entdecken Sie den perfekten Jumpsuit Aphrodite f\u00fcr Yoga und den Alltag. Hergestellt in der Ukraine mit OEKO-Tex-zertifizierten Materialien f\u00fcr Qualit\u00e4t und Nachhaltigkeit.","og_url":"https:\/\/samarali.com\/de\/produkt\/jumpsuit-aphrodite\/","og_site_name":"Samarali","article_publisher":"https:\/\/www.facebook.com\/samaraliyoga","article_modified_time":"2024-12-31T23:04:41+00:00","og_image":[{"width":600,"height":600,"url":"https:\/\/samarali.com\/wp-content\/uploads\/2024\/08\/Yogis-in-beautiful-outfit-600x600-1.jpg","type":"image\/jpeg"}],"twitter_card":"summary_large_image","twitter_misc":{"Verf\u00fcgbarkeit":"Auf Lager"},"schema":{"@context":"https:\/\/schema.org","@graph":[{"@type":"WebPage","@id":"https:\/\/samarali.com\/de\/produkt\/jumpsuit-aphrodite\/","url":"https:\/\/samarali.com\/de\/produkt\/jumpsuit-aphrodite\/","name":"Jumpsuit Aphrodite - Samarali","isPartOf":{"@id":"https:\/\/samarali.com\/de\/#website"},"primaryImageOfPage":{"@id":"https:\/\/samarali.com\/de\/produkt\/jumpsuit-aphrodite\/#primaryimage"},"image":{"@id":"https:\/\/samarali.com\/de\/produkt\/jumpsuit-aphrodite\/#primaryimage"},"thumbnailUrl":"https:\/\/samarali.com\/wp-content\/uploads\/2024\/08\/Yogis-in-beautiful-outfit-600x600-1.jpg","datePublished":"2024-08-07T15:09:31+00:00","dateModified":"2024-12-31T23:04:41+00:00","description":"Entdecken Sie den perfekten Jumpsuit Aphrodite f\u00fcr Yoga und den Alltag. Hergestellt in der Ukraine mit OEKO-Tex-zertifizierten Materialien f\u00fcr Qualit\u00e4t und Nachhaltigkeit.","breadcrumb":{"@id":"https:\/\/samarali.com\/de\/produkt\/jumpsuit-aphrodite\/#breadcrumb"},"inLanguage":"de","potentialAction":[{"@type":"ReadAction","target":["https:\/\/samarali.com\/de\/produkt\/jumpsuit-aphrodite\/"]}]},{"@type":"ImageObject","inLanguage":"de","@id":"https:\/\/samarali.com\/de\/produkt\/jumpsuit-aphrodite\/#primaryimage","url":"https:\/\/samarali.com\/wp-content\/uploads\/2024\/08\/Yogis-in-beautiful-outfit-600x600-1.jpg","contentUrl":"https:\/\/samarali.com\/wp-content\/uploads\/2024\/08\/Yogis-in-beautiful-outfit-600x600-1.jpg","width":600,"height":600,"caption":"Yogis in sch\u00f6nem Outfit 600x600 1"},{"@type":"BreadcrumbList","@id":"https:\/\/samarali.com\/de\/produkt\/jumpsuit-aphrodite\/#breadcrumb","itemListElement":[{"@type":"ListItem","position":1,"name":"Startseite","item":"https:\/\/samarali.com\/de\/startseite\/"},{"@type":"ListItem","position":2,"name":"Shop","item":"https:\/\/samarali.com\/de\/shop\/"},{"@type":"ListItem","position":3,"name":"Jumpsuit Aphrodite"}]},{"@type":"WebSite","@id":"https:\/\/samarali.com\/de\/#website","url":"https:\/\/samarali.com\/de\/","name":"Samarali","description":"Samarali ist eine nachhaltige Yoga- und Lifestyle-Marke mit Sitz in den Niederlanden","publisher":{"@id":"https:\/\/samarali.com\/de\/#organization"},"potentialAction":[{"@type":"SearchAction","target":{"@type":"EntryPoint","urlTemplate":"https:\/\/samarali.com\/de\/?s={search_term_string}"},"query-input":{"@type":"PropertyValueSpecification","valueRequired":true,"valueName":"search_term_string"}}],"inLanguage":"de"},{"@type":"Organization","@id":"https:\/\/samarali.com\/de\/#organization","name":"Samarali","url":"https:\/\/samarali.com\/de\/","logo":{"@type":"ImageObject","inLanguage":"de","@id":"https:\/\/samarali.com\/de\/#\/schema\/logo\/image\/","url":"https:\/\/samarali.com\/wp-content\/uploads\/2024\/05\/cropped-samarali-icon.png","contentUrl":"https:\/\/samarali.com\/wp-content\/uploads\/2024\/05\/cropped-samarali-icon.png","width":512,"height":512,"caption":"Samarali"},"image":{"@id":"https:\/\/samarali.com\/de\/#\/schema\/logo\/image\/"},"sameAs":["https:\/\/www.facebook.com\/samaraliyoga","https:\/\/www.linkedin.com\/company\/69563155\/","https:\/\/www.instagram.com\/samaraliyoga\/","https:\/\/nl.pinterest.com\/Samaraliyoga\/"],"description":"Samarali is a sustainable yoga and lifestyle brand based in the Netherlands","email":"info@samarali.com","legalName":"Samarali B.V.","vatID":"NL859820324B01","numberOfEmployees":{"@type":"QuantitativeValue","minValue":"1","maxValue":"10"}}]},"og_availability":"instock","product_availability":"instock","product_condition":"new"},"jetpack_sharing_enabled":true,"_links":{"self":[{"href":"https:\/\/samarali.com\/de\/wp-json\/wp\/v2\/product\/29056","targetHints":{"allow":["GET"]}}],"collection":[{"href":"https:\/\/samarali.com\/de\/wp-json\/wp\/v2\/product"}],"about":[{"href":"https:\/\/samarali.com\/de\/wp-json\/wp\/v2\/types\/product"}],"replies":[{"embeddable":true,"href":"https:\/\/samarali.com\/de\/wp-json\/wp\/v2\/comments?post=29056"}],"version-history":[{"count":1,"href":"https:\/\/samarali.com\/de\/wp-json\/wp\/v2\/product\/29056\/revisions"}],"predecessor-version":[{"id":32694,"href":"https:\/\/samarali.com\/de\/wp-json\/wp\/v2\/product\/29056\/revisions\/32694"}],"wp:featuredmedia":[{"embeddable":true,"href":"https:\/\/samarali.com\/de\/wp-json\/wp\/v2\/media\/22565"}],"wp:attachment":[{"href":"https:\/\/samarali.com\/de\/wp-json\/wp\/v2\/media?parent=29056"}],"wp:term":[{"taxonomy":"product_cat","embeddable":true,"href":"https:\/\/samarali.com\/de\/wp-json\/wp\/v2\/product_cat?post=29056"},{"taxonomy":"product_tag","embeddable":true,"href":"https:\/\/samarali.com\/de\/wp-json\/wp\/v2\/product_tag?post=29056"}],"curies":[{"name":"wp","href":"https:\/\/api.w.org\/{rel}","templated":true}]}}