{"id":29055,"date":"2024-08-07T17:18:42","date_gmt":"2024-08-07T17:18:42","guid":{"rendered":"https:\/\/samarali.com\/product\/jumpsuit-azalee\/"},"modified":"2025-01-06T13:43:23","modified_gmt":"2025-01-06T12:43:23","slug":"jumpsuit-azalee","status":"publish","type":"product","link":"https:\/\/samarali.com\/de\/produkt\/jumpsuit-azalee\/","title":{"rendered":"Jumpsuit Azalee"},"content":{"rendered":"<p>Der Azalea tie-dye Jumpsuit ist f\u00fcr jeden geeignet und bietet sowohl Stil als auch Komfort. Sein Design betont Ihren K\u00f6rperbau und sorgt gleichzeitig f\u00fcr hervorragenden Komfort.<\/p>\n<p><strong>Modellgr\u00f6\u00dfen:<\/strong><\/p>\n<ul>\n<li>Gr\u00f6\u00dfe XL: H\u00f6he 170 cm, Oberweite 110 cm, Taille 83 cm, H\u00fcfte 112 cm<\/li>\n<li>Gr\u00f6\u00dfe S: Gr\u00f6\u00dfe 173 cm, Oberweite 93 cm, Taille 65 cm, H\u00fcfte 94 cm<\/li>\n<\/ul>\n<p>Bei Samarali verwenden wir nur die besten Materialien aus ethischen Quellen, um ein erstklassiges Erlebnis zu gew\u00e4hrleisten. Der Azalea Overall aus 90% OEKO-Tex-zertifizierter Baumwolle und 10% Elastan ist unglaublich weich und atmungsaktiv. Das Elasthan sorgt daf\u00fcr, dass der Jumpsuit w\u00e4hrend Ihrer \u00dcbungen an Ort und Stelle bleibt, w\u00e4hrend seine leuchtende Farbe ihn zu einem auff\u00e4lligen Teil f\u00fcr jede Yogastunde macht.<\/p>\n<p>Wir haben diesen Jumpsuit sorgf\u00e4ltig f\u00fcr eine einfache Pflege entworfen. Waschen Sie es einfach mit \u00e4hnlichen Farben in kaltem Wasser (bis zu 30\u00b0C) im Schonwaschgang. Die hochwertigen Materialien sorgen daf\u00fcr, dass der Overall knackig und langlebig bleibt, ohne Anzeichen von Verschlei\u00df zu zeigen.<\/p>\n<p>&nbsp;<\/p>\n","protected":false},"excerpt":{"rendered":"<p>Erleben Sie die perfekte Kombination aus Stil und Komfort mit dem Azalea tie-dye Jumpsuit. Verbessern Sie Ihr Modespiel mit diesem umwerfenden St\u00fcck.<\/p>\n","protected":false},"featured_media":22733,"comment_status":"open","ping_status":"closed","template":"","meta":{"_acf_changed":false,"_improvement_type_select":"improve_an_existing","_thumb_yes_seoaic":false,"_frame_yes_seoaic":false,"seoaic_generate_description":"","seoaic_improve_instructions_prompt":"","seoaic_rollback_content_improvement":"","seoaic_idea_thumbnail_generator":"","thumbnail_generated":false,"thumbnail_generate_prompt":"","seoaic_article_description":"","inline_featured_image":false},"product_cat":[218],"product_tag":[],"class_list":{"0":"post-29055","1":"product","2":"type-product","3":"status-publish","4":"has-post-thumbnail","6":"product_cat-kleidung","8":"first","9":"instock","10":"shipping-taxable","11":"purchasable","12":"product-type-variable"},"acf":[],"yoast_head":"<!-- This site is optimized with the Yoast SEO Premium plugin v27.3 (Yoast SEO v27.3) - https:\/\/yoast.com\/product\/yoast-seo-premium-wordpress\/ -->\n<title>Jumpsuit Azalee - Samarali<\/title>\n<meta name=\"description\" content=\"Erleben Sie die perfekte Kombination aus Stil und Komfort mit dem Azalea tie-dye Jumpsuit. Verbessern Sie Ihr Modespiel mit diesem umwerfenden St\u00fcck. Jetzt einkaufen!\" \/>\n<meta name=\"robots\" content=\"index, follow, max-snippet:-1, max-image-preview:large, max-video-preview:-1\" \/>\n<link rel=\"canonical\" href=\"https:\/\/samarali.com\/de\/produkt\/jumpsuit-azalee\/\" \/>\n<meta property=\"og:locale\" content=\"de_DE\" \/>\n<meta property=\"og:type\" content=\"article\" \/>\n<meta property=\"og:title\" content=\"Jumpsuit Azalee - Samarali\" \/>\n<meta property=\"og:description\" content=\"Erleben Sie die perfekte Kombination aus Stil und Komfort mit dem Azalea tie-dye Jumpsuit. Verbessern Sie Ihr Modespiel mit diesem umwerfenden St\u00fcck. Jetzt einkaufen!\" \/>\n<meta property=\"og:url\" content=\"https:\/\/samarali.com\/de\/produkt\/jumpsuit-azalee\/\" \/>\n<meta property=\"og:site_name\" content=\"Samarali\" \/>\n<meta property=\"article:publisher\" content=\"https:\/\/www.facebook.com\/samaraliyoga\" \/>\n<meta property=\"article:modified_time\" content=\"2025-01-06T12:43:23+00:00\" \/>\n<meta property=\"og:image\" content=\"https:\/\/samarali.com\/wp-content\/uploads\/2024\/08\/Tie-Dye-Jumpsuit-Azalea-15.jpg\" \/>\n\t<meta property=\"og:image:width\" content=\"1000\" \/>\n\t<meta property=\"og:image:height\" content=\"1000\" \/>\n\t<meta property=\"og:image:type\" content=\"image\/jpeg\" \/>\n<meta name=\"twitter:card\" content=\"summary_large_image\" \/>\n<meta name=\"twitter:label1\" content=\"Verf\u00fcgbarkeit\" \/>\n\t<meta name=\"twitter:data1\" content=\"Auf Lager\" \/>\n<script type=\"application\/ld+json\" class=\"yoast-schema-graph\">{\"@context\":\"https:\\\/\\\/schema.org\",\"@graph\":[{\"@type\":\"WebPage\",\"@id\":\"https:\\\/\\\/samarali.com\\\/de\\\/produkt\\\/jumpsuit-azalee\\\/\",\"url\":\"https:\\\/\\\/samarali.com\\\/de\\\/produkt\\\/jumpsuit-azalee\\\/\",\"name\":\"Jumpsuit Azalee - Samarali\",\"isPartOf\":{\"@id\":\"https:\\\/\\\/samarali.com\\\/de\\\/#website\"},\"primaryImageOfPage\":{\"@id\":\"https:\\\/\\\/samarali.com\\\/de\\\/produkt\\\/jumpsuit-azalee\\\/#primaryimage\"},\"image\":{\"@id\":\"https:\\\/\\\/samarali.com\\\/de\\\/produkt\\\/jumpsuit-azalee\\\/#primaryimage\"},\"thumbnailUrl\":\"https:\\\/\\\/samarali.com\\\/wp-content\\\/uploads\\\/2024\\\/08\\\/Tie-Dye-Jumpsuit-Azalea-15.jpg\",\"datePublished\":\"2024-08-07T17:18:42+00:00\",\"dateModified\":\"2025-01-06T12:43:23+00:00\",\"description\":\"Erleben Sie die perfekte Kombination aus Stil und Komfort mit dem Azalea tie-dye Jumpsuit. Verbessern Sie Ihr Modespiel mit diesem umwerfenden St\u00fcck. Jetzt einkaufen!\",\"breadcrumb\":{\"@id\":\"https:\\\/\\\/samarali.com\\\/de\\\/produkt\\\/jumpsuit-azalee\\\/#breadcrumb\"},\"inLanguage\":\"de\",\"potentialAction\":[{\"@type\":\"ReadAction\",\"target\":[\"https:\\\/\\\/samarali.com\\\/de\\\/produkt\\\/jumpsuit-azalee\\\/\"]}]},{\"@type\":\"ImageObject\",\"inLanguage\":\"de\",\"@id\":\"https:\\\/\\\/samarali.com\\\/de\\\/produkt\\\/jumpsuit-azalee\\\/#primaryimage\",\"url\":\"https:\\\/\\\/samarali.com\\\/wp-content\\\/uploads\\\/2024\\\/08\\\/Tie-Dye-Jumpsuit-Azalea-15.jpg\",\"contentUrl\":\"https:\\\/\\\/samarali.com\\\/wp-content\\\/uploads\\\/2024\\\/08\\\/Tie-Dye-Jumpsuit-Azalea-15.jpg\",\"width\":1000,\"height\":1000,\"caption\":\"Tie Dye Jumpsuit Azalea 15\"},{\"@type\":\"BreadcrumbList\",\"@id\":\"https:\\\/\\\/samarali.com\\\/de\\\/produkt\\\/jumpsuit-azalee\\\/#breadcrumb\",\"itemListElement\":[{\"@type\":\"ListItem\",\"position\":1,\"name\":\"Startseite\",\"item\":\"https:\\\/\\\/samarali.com\\\/de\\\/startseite\\\/\"},{\"@type\":\"ListItem\",\"position\":2,\"name\":\"Shop\",\"item\":\"https:\\\/\\\/samarali.com\\\/de\\\/shop\\\/\"},{\"@type\":\"ListItem\",\"position\":3,\"name\":\"Jumpsuit Azalee\"}]},{\"@type\":\"WebSite\",\"@id\":\"https:\\\/\\\/samarali.com\\\/de\\\/#website\",\"url\":\"https:\\\/\\\/samarali.com\\\/de\\\/\",\"name\":\"Samarali\",\"description\":\"Samarali ist eine nachhaltige Yoga- und Lifestyle-Marke mit Sitz in den Niederlanden\",\"publisher\":{\"@id\":\"https:\\\/\\\/samarali.com\\\/de\\\/#organization\"},\"potentialAction\":[{\"@type\":\"SearchAction\",\"target\":{\"@type\":\"EntryPoint\",\"urlTemplate\":\"https:\\\/\\\/samarali.com\\\/de\\\/?s={search_term_string}\"},\"query-input\":{\"@type\":\"PropertyValueSpecification\",\"valueRequired\":true,\"valueName\":\"search_term_string\"}}],\"inLanguage\":\"de\"},{\"@type\":\"Organization\",\"@id\":\"https:\\\/\\\/samarali.com\\\/de\\\/#organization\",\"name\":\"Samarali\",\"url\":\"https:\\\/\\\/samarali.com\\\/de\\\/\",\"logo\":{\"@type\":\"ImageObject\",\"inLanguage\":\"de\",\"@id\":\"https:\\\/\\\/samarali.com\\\/de\\\/#\\\/schema\\\/logo\\\/image\\\/\",\"url\":\"https:\\\/\\\/samarali.com\\\/wp-content\\\/uploads\\\/2024\\\/05\\\/cropped-samarali-icon.png\",\"contentUrl\":\"https:\\\/\\\/samarali.com\\\/wp-content\\\/uploads\\\/2024\\\/05\\\/cropped-samarali-icon.png\",\"width\":512,\"height\":512,\"caption\":\"Samarali\"},\"image\":{\"@id\":\"https:\\\/\\\/samarali.com\\\/de\\\/#\\\/schema\\\/logo\\\/image\\\/\"},\"sameAs\":[\"https:\\\/\\\/www.facebook.com\\\/samaraliyoga\",\"https:\\\/\\\/www.linkedin.com\\\/company\\\/69563155\\\/\",\"https:\\\/\\\/www.instagram.com\\\/samaraliyoga\\\/\",\"https:\\\/\\\/nl.pinterest.com\\\/Samaraliyoga\\\/\"],\"description\":\"Samarali is a sustainable yoga and lifestyle brand based in the Netherlands\",\"email\":\"info@samarali.com\",\"legalName\":\"Samarali B.V.\",\"vatID\":\"NL859820324B01\",\"numberOfEmployees\":{\"@type\":\"QuantitativeValue\",\"minValue\":\"1\",\"maxValue\":\"10\"}}]}<\/script>\n<meta property=\"og:availability\" content=\"instock\" \/>\n<meta property=\"product:availability\" content=\"instock\" \/>\n<meta property=\"product:condition\" content=\"new\" \/>\n<!-- \/ Yoast SEO Premium plugin. -->","yoast_head_json":{"title":"Jumpsuit Azalee - Samarali","description":"Erleben Sie die perfekte Kombination aus Stil und Komfort mit dem Azalea tie-dye Jumpsuit. Verbessern Sie Ihr Modespiel mit diesem umwerfenden St\u00fcck. Jetzt einkaufen!","robots":{"index":"index","follow":"follow","max-snippet":"max-snippet:-1","max-image-preview":"max-image-preview:large","max-video-preview":"max-video-preview:-1"},"canonical":"https:\/\/samarali.com\/de\/produkt\/jumpsuit-azalee\/","og_locale":"de_DE","og_type":"article","og_title":"Jumpsuit Azalee - Samarali","og_description":"Erleben Sie die perfekte Kombination aus Stil und Komfort mit dem Azalea tie-dye Jumpsuit. Verbessern Sie Ihr Modespiel mit diesem umwerfenden St\u00fcck. Jetzt einkaufen!","og_url":"https:\/\/samarali.com\/de\/produkt\/jumpsuit-azalee\/","og_site_name":"Samarali","article_publisher":"https:\/\/www.facebook.com\/samaraliyoga","article_modified_time":"2025-01-06T12:43:23+00:00","og_image":[{"width":1000,"height":1000,"url":"https:\/\/samarali.com\/wp-content\/uploads\/2024\/08\/Tie-Dye-Jumpsuit-Azalea-15.jpg","type":"image\/jpeg"}],"twitter_card":"summary_large_image","twitter_misc":{"Verf\u00fcgbarkeit":"Auf Lager"},"schema":{"@context":"https:\/\/schema.org","@graph":[{"@type":"WebPage","@id":"https:\/\/samarali.com\/de\/produkt\/jumpsuit-azalee\/","url":"https:\/\/samarali.com\/de\/produkt\/jumpsuit-azalee\/","name":"Jumpsuit Azalee - Samarali","isPartOf":{"@id":"https:\/\/samarali.com\/de\/#website"},"primaryImageOfPage":{"@id":"https:\/\/samarali.com\/de\/produkt\/jumpsuit-azalee\/#primaryimage"},"image":{"@id":"https:\/\/samarali.com\/de\/produkt\/jumpsuit-azalee\/#primaryimage"},"thumbnailUrl":"https:\/\/samarali.com\/wp-content\/uploads\/2024\/08\/Tie-Dye-Jumpsuit-Azalea-15.jpg","datePublished":"2024-08-07T17:18:42+00:00","dateModified":"2025-01-06T12:43:23+00:00","description":"Erleben Sie die perfekte Kombination aus Stil und Komfort mit dem Azalea tie-dye Jumpsuit. Verbessern Sie Ihr Modespiel mit diesem umwerfenden St\u00fcck. Jetzt einkaufen!","breadcrumb":{"@id":"https:\/\/samarali.com\/de\/produkt\/jumpsuit-azalee\/#breadcrumb"},"inLanguage":"de","potentialAction":[{"@type":"ReadAction","target":["https:\/\/samarali.com\/de\/produkt\/jumpsuit-azalee\/"]}]},{"@type":"ImageObject","inLanguage":"de","@id":"https:\/\/samarali.com\/de\/produkt\/jumpsuit-azalee\/#primaryimage","url":"https:\/\/samarali.com\/wp-content\/uploads\/2024\/08\/Tie-Dye-Jumpsuit-Azalea-15.jpg","contentUrl":"https:\/\/samarali.com\/wp-content\/uploads\/2024\/08\/Tie-Dye-Jumpsuit-Azalea-15.jpg","width":1000,"height":1000,"caption":"Tie Dye Jumpsuit Azalea 15"},{"@type":"BreadcrumbList","@id":"https:\/\/samarali.com\/de\/produkt\/jumpsuit-azalee\/#breadcrumb","itemListElement":[{"@type":"ListItem","position":1,"name":"Startseite","item":"https:\/\/samarali.com\/de\/startseite\/"},{"@type":"ListItem","position":2,"name":"Shop","item":"https:\/\/samarali.com\/de\/shop\/"},{"@type":"ListItem","position":3,"name":"Jumpsuit Azalee"}]},{"@type":"WebSite","@id":"https:\/\/samarali.com\/de\/#website","url":"https:\/\/samarali.com\/de\/","name":"Samarali","description":"Samarali ist eine nachhaltige Yoga- und Lifestyle-Marke mit Sitz in den Niederlanden","publisher":{"@id":"https:\/\/samarali.com\/de\/#organization"},"potentialAction":[{"@type":"SearchAction","target":{"@type":"EntryPoint","urlTemplate":"https:\/\/samarali.com\/de\/?s={search_term_string}"},"query-input":{"@type":"PropertyValueSpecification","valueRequired":true,"valueName":"search_term_string"}}],"inLanguage":"de"},{"@type":"Organization","@id":"https:\/\/samarali.com\/de\/#organization","name":"Samarali","url":"https:\/\/samarali.com\/de\/","logo":{"@type":"ImageObject","inLanguage":"de","@id":"https:\/\/samarali.com\/de\/#\/schema\/logo\/image\/","url":"https:\/\/samarali.com\/wp-content\/uploads\/2024\/05\/cropped-samarali-icon.png","contentUrl":"https:\/\/samarali.com\/wp-content\/uploads\/2024\/05\/cropped-samarali-icon.png","width":512,"height":512,"caption":"Samarali"},"image":{"@id":"https:\/\/samarali.com\/de\/#\/schema\/logo\/image\/"},"sameAs":["https:\/\/www.facebook.com\/samaraliyoga","https:\/\/www.linkedin.com\/company\/69563155\/","https:\/\/www.instagram.com\/samaraliyoga\/","https:\/\/nl.pinterest.com\/Samaraliyoga\/"],"description":"Samarali is a sustainable yoga and lifestyle brand based in the Netherlands","email":"info@samarali.com","legalName":"Samarali B.V.","vatID":"NL859820324B01","numberOfEmployees":{"@type":"QuantitativeValue","minValue":"1","maxValue":"10"}}]},"og_availability":"instock","product_availability":"instock","product_condition":"new"},"jetpack_sharing_enabled":true,"_links":{"self":[{"href":"https:\/\/samarali.com\/de\/wp-json\/wp\/v2\/product\/29055","targetHints":{"allow":["GET"]}}],"collection":[{"href":"https:\/\/samarali.com\/de\/wp-json\/wp\/v2\/product"}],"about":[{"href":"https:\/\/samarali.com\/de\/wp-json\/wp\/v2\/types\/product"}],"replies":[{"embeddable":true,"href":"https:\/\/samarali.com\/de\/wp-json\/wp\/v2\/comments?post=29055"}],"version-history":[{"count":1,"href":"https:\/\/samarali.com\/de\/wp-json\/wp\/v2\/product\/29055\/revisions"}],"predecessor-version":[{"id":32862,"href":"https:\/\/samarali.com\/de\/wp-json\/wp\/v2\/product\/29055\/revisions\/32862"}],"wp:featuredmedia":[{"embeddable":true,"href":"https:\/\/samarali.com\/de\/wp-json\/wp\/v2\/media\/22733"}],"wp:attachment":[{"href":"https:\/\/samarali.com\/de\/wp-json\/wp\/v2\/media?parent=29055"}],"wp:term":[{"taxonomy":"product_cat","embeddable":true,"href":"https:\/\/samarali.com\/de\/wp-json\/wp\/v2\/product_cat?post=29055"},{"taxonomy":"product_tag","embeddable":true,"href":"https:\/\/samarali.com\/de\/wp-json\/wp\/v2\/product_tag?post=29055"}],"curies":[{"name":"wp","href":"https:\/\/api.w.org\/{rel}","templated":true}]}}