{"id":28990,"date":"2024-08-07T13:36:47","date_gmt":"2024-08-07T11:36:47","guid":{"rendered":"https:\/\/samarali.com\/product\/geschenkgutscheine\/"},"modified":"2024-08-07T13:36:47","modified_gmt":"2024-08-07T13:36:47","slug":"geschenkgutscheine","status":"publish","type":"product","link":"https:\/\/samarali.com\/de\/produkt\/geschenkgutscheine\/","title":{"rendered":"Geschenkgutscheine"},"content":{"rendered":"<p>Wenn Sie auf der Suche nach dem perfekten Geschenk f\u00fcr jemanden sind, der gerne Sport treibt, sind unsere Geschenkgutscheine die ideale L\u00f6sung!<br \/>\nUnsere Gutscheine sind in Betr\u00e4gen von 25, 50, 100 und 150 Euro erh\u00e4ltlich und sind ein durchdachtes Geschenk f\u00fcr jeden Fitnessbegeisterten.<br \/>\nIn unserem Bestreben, Abfall zu vermeiden, bieten wir elektronische Gutscheine an, die Ihnen sofort nach dem Kauf zugeschickt werden.  <\/p>\n","protected":false},"excerpt":{"rendered":"<h5>Wie funktionieren unsere Geschenkgutscheine?<\/h5>\n<ul>\n<li>Sie geben eine Bestellung auf, wie Sie es normalerweise beim Kauf eines Produkts tun w\u00fcrden.<\/li>\n<li>Innerhalb von 2-3 Stunden senden wir Ihnen den digitalen Geschenkgutschein per E-Mail mit einem eindeutigen Code, den Sie an der Kasse verwenden k\u00f6nnen.<\/li>\n<li>Jeder gesendete Code kann nur einmal verwendet werden, so dass Sie den Code als Geschenk an Ihre Lieben weitergeben k\u00f6nnen.<\/li>\n<\/ul>\n<div class=\"et_pb_module et_pb_wc_description et_pb_wc_description_2 et_pb_bg_layout_light et_pb_text_align_left\">\n<div class=\"et_pb_module_inner\">  Wenn Sie Fragen haben, lassen Sie es uns bitte wissen.  <\/div>\n<\/div>\n","protected":false},"featured_media":22035,"comment_status":"open","ping_status":"closed","template":"","meta":{"_acf_changed":false,"_improvement_type_select":"improve_an_existing","_thumb_yes_seoaic":false,"_frame_yes_seoaic":false,"seoaic_generate_description":"","seoaic_improve_instructions_prompt":"","seoaic_rollback_content_improvement":"","seoaic_idea_thumbnail_generator":"","thumbnail_generated":false,"thumbnail_generate_prompt":"","seoaic_article_description":"","inline_featured_image":false},"product_cat":[392,347],"product_tag":[],"class_list":{"0":"post-28990","1":"product","2":"type-product","3":"status-publish","4":"has-post-thumbnail","6":"product_cat-gutscheine","7":"product_cat-zubehor","9":"first","10":"instock","11":"shipping-taxable","12":"purchasable","13":"product-type-variable"},"acf":[],"yoast_head":"<!-- This site is optimized with the Yoast SEO Premium plugin v27.3 (Yoast SEO v27.3) - https:\/\/yoast.com\/product\/yoast-seo-premium-wordpress\/ -->\n<title>Geschenkgutscheine - Samarali<\/title>\n<meta name=\"robots\" content=\"index, follow, max-snippet:-1, max-image-preview:large, max-video-preview:-1\" \/>\n<link rel=\"canonical\" href=\"https:\/\/samarali.com\/de\/produkt\/geschenkgutscheine\/\" \/>\n<meta property=\"og:locale\" content=\"de_DE\" \/>\n<meta property=\"og:type\" content=\"article\" \/>\n<meta property=\"og:title\" content=\"Geschenkgutscheine - Samarali\" \/>\n<meta property=\"og:description\" content=\"Wie funktionieren unsere Geschenkgutscheine?  Sie geben eine Bestellung auf, wie Sie es normalerweise beim Kauf eines Produkts tun w\u00fcrden.  Innerhalb von 2-3 Stunden senden wir Ihnen den digitalen Geschenkgutschein per E-Mail mit einem eindeutigen Code, den Sie an der Kasse verwenden k\u00f6nnen.  Jeder gesendete Code kann nur einmal verwendet werden, so dass Sie den Code als Geschenk an Ihre Lieben weitergeben k\u00f6nnen.   Wenn Sie Fragen haben, lassen Sie es uns bitte wissen.\" \/>\n<meta property=\"og:url\" content=\"https:\/\/samarali.com\/de\/produkt\/geschenkgutscheine\/\" \/>\n<meta property=\"og:site_name\" content=\"Samarali\" \/>\n<meta property=\"article:publisher\" content=\"https:\/\/www.facebook.com\/samaraliyoga\" \/>\n<meta property=\"article:modified_time\" content=\"2024-08-07T13:36:47+00:00\" \/>\n<meta property=\"og:image\" content=\"https:\/\/samarali.com\/wp-content\/uploads\/2024\/08\/Vaucher-100.jpg\" \/>\n\t<meta property=\"og:image:width\" content=\"830\" \/>\n\t<meta property=\"og:image:height\" content=\"830\" \/>\n\t<meta property=\"og:image:type\" content=\"image\/jpeg\" \/>\n<meta name=\"twitter:card\" content=\"summary_large_image\" \/>\n<meta name=\"twitter:label1\" content=\"Verf\u00fcgbarkeit\" \/>\n\t<meta name=\"twitter:data1\" content=\"Auf Lager\" \/>\n<script type=\"application\/ld+json\" class=\"yoast-schema-graph\">{\"@context\":\"https:\\\/\\\/schema.org\",\"@graph\":[{\"@type\":\"WebPage\",\"@id\":\"https:\\\/\\\/samarali.com\\\/de\\\/produkt\\\/geschenkgutscheine\\\/\",\"url\":\"https:\\\/\\\/samarali.com\\\/de\\\/produkt\\\/geschenkgutscheine\\\/\",\"name\":\"Geschenkgutscheine - Samarali\",\"isPartOf\":{\"@id\":\"https:\\\/\\\/samarali.com\\\/de\\\/#website\"},\"primaryImageOfPage\":{\"@id\":\"https:\\\/\\\/samarali.com\\\/de\\\/produkt\\\/geschenkgutscheine\\\/#primaryimage\"},\"image\":{\"@id\":\"https:\\\/\\\/samarali.com\\\/de\\\/produkt\\\/geschenkgutscheine\\\/#primaryimage\"},\"thumbnailUrl\":\"https:\\\/\\\/samarali.com\\\/wp-content\\\/uploads\\\/2024\\\/08\\\/Vaucher-100.jpg\",\"datePublished\":\"2024-08-07T11:36:47+00:00\",\"dateModified\":\"2024-08-07T13:36:47+00:00\",\"breadcrumb\":{\"@id\":\"https:\\\/\\\/samarali.com\\\/de\\\/produkt\\\/geschenkgutscheine\\\/#breadcrumb\"},\"inLanguage\":\"de\",\"potentialAction\":[{\"@type\":\"ReadAction\",\"target\":[\"https:\\\/\\\/samarali.com\\\/de\\\/produkt\\\/geschenkgutscheine\\\/\"]}]},{\"@type\":\"ImageObject\",\"inLanguage\":\"de\",\"@id\":\"https:\\\/\\\/samarali.com\\\/de\\\/produkt\\\/geschenkgutscheine\\\/#primaryimage\",\"url\":\"https:\\\/\\\/samarali.com\\\/wp-content\\\/uploads\\\/2024\\\/08\\\/Vaucher-100.jpg\",\"contentUrl\":\"https:\\\/\\\/samarali.com\\\/wp-content\\\/uploads\\\/2024\\\/08\\\/Vaucher-100.jpg\",\"width\":830,\"height\":830,\"caption\":\"Vaucher 100\"},{\"@type\":\"BreadcrumbList\",\"@id\":\"https:\\\/\\\/samarali.com\\\/de\\\/produkt\\\/geschenkgutscheine\\\/#breadcrumb\",\"itemListElement\":[{\"@type\":\"ListItem\",\"position\":1,\"name\":\"Startseite\",\"item\":\"https:\\\/\\\/samarali.com\\\/de\\\/startseite\\\/\"},{\"@type\":\"ListItem\",\"position\":2,\"name\":\"Shop\",\"item\":\"https:\\\/\\\/samarali.com\\\/de\\\/shop\\\/\"},{\"@type\":\"ListItem\",\"position\":3,\"name\":\"Geschenkgutscheine\"}]},{\"@type\":\"WebSite\",\"@id\":\"https:\\\/\\\/samarali.com\\\/de\\\/#website\",\"url\":\"https:\\\/\\\/samarali.com\\\/de\\\/\",\"name\":\"Samarali\",\"description\":\"Samarali ist eine nachhaltige Yoga- und Lifestyle-Marke mit Sitz in den Niederlanden\",\"publisher\":{\"@id\":\"https:\\\/\\\/samarali.com\\\/de\\\/#organization\"},\"potentialAction\":[{\"@type\":\"SearchAction\",\"target\":{\"@type\":\"EntryPoint\",\"urlTemplate\":\"https:\\\/\\\/samarali.com\\\/de\\\/?s={search_term_string}\"},\"query-input\":{\"@type\":\"PropertyValueSpecification\",\"valueRequired\":true,\"valueName\":\"search_term_string\"}}],\"inLanguage\":\"de\"},{\"@type\":\"Organization\",\"@id\":\"https:\\\/\\\/samarali.com\\\/de\\\/#organization\",\"name\":\"Samarali\",\"url\":\"https:\\\/\\\/samarali.com\\\/de\\\/\",\"logo\":{\"@type\":\"ImageObject\",\"inLanguage\":\"de\",\"@id\":\"https:\\\/\\\/samarali.com\\\/de\\\/#\\\/schema\\\/logo\\\/image\\\/\",\"url\":\"https:\\\/\\\/samarali.com\\\/wp-content\\\/uploads\\\/2024\\\/05\\\/cropped-samarali-icon.png\",\"contentUrl\":\"https:\\\/\\\/samarali.com\\\/wp-content\\\/uploads\\\/2024\\\/05\\\/cropped-samarali-icon.png\",\"width\":512,\"height\":512,\"caption\":\"Samarali\"},\"image\":{\"@id\":\"https:\\\/\\\/samarali.com\\\/de\\\/#\\\/schema\\\/logo\\\/image\\\/\"},\"sameAs\":[\"https:\\\/\\\/www.facebook.com\\\/samaraliyoga\",\"https:\\\/\\\/www.linkedin.com\\\/company\\\/69563155\\\/\",\"https:\\\/\\\/www.instagram.com\\\/samaraliyoga\\\/\",\"https:\\\/\\\/nl.pinterest.com\\\/Samaraliyoga\\\/\"],\"description\":\"Samarali is a sustainable yoga and lifestyle brand based in the Netherlands\",\"email\":\"info@samarali.com\",\"legalName\":\"Samarali B.V.\",\"vatID\":\"NL859820324B01\",\"numberOfEmployees\":{\"@type\":\"QuantitativeValue\",\"minValue\":\"1\",\"maxValue\":\"10\"}}]}<\/script>\n<meta property=\"og:availability\" content=\"instock\" \/>\n<meta property=\"product:availability\" content=\"instock\" \/>\n<meta property=\"product:retailer_item_id\" content=\"11127\" \/>\n<meta property=\"product:condition\" content=\"new\" \/>\n<!-- \/ Yoast SEO Premium plugin. -->","yoast_head_json":{"title":"Geschenkgutscheine - Samarali","robots":{"index":"index","follow":"follow","max-snippet":"max-snippet:-1","max-image-preview":"max-image-preview:large","max-video-preview":"max-video-preview:-1"},"canonical":"https:\/\/samarali.com\/de\/produkt\/geschenkgutscheine\/","og_locale":"de_DE","og_type":"article","og_title":"Geschenkgutscheine - Samarali","og_description":"Wie funktionieren unsere Geschenkgutscheine?  Sie geben eine Bestellung auf, wie Sie es normalerweise beim Kauf eines Produkts tun w\u00fcrden.  Innerhalb von 2-3 Stunden senden wir Ihnen den digitalen Geschenkgutschein per E-Mail mit einem eindeutigen Code, den Sie an der Kasse verwenden k\u00f6nnen.  Jeder gesendete Code kann nur einmal verwendet werden, so dass Sie den Code als Geschenk an Ihre Lieben weitergeben k\u00f6nnen.   Wenn Sie Fragen haben, lassen Sie es uns bitte wissen.","og_url":"https:\/\/samarali.com\/de\/produkt\/geschenkgutscheine\/","og_site_name":"Samarali","article_publisher":"https:\/\/www.facebook.com\/samaraliyoga","article_modified_time":"2024-08-07T13:36:47+00:00","og_image":[{"width":830,"height":830,"url":"https:\/\/samarali.com\/wp-content\/uploads\/2024\/08\/Vaucher-100.jpg","type":"image\/jpeg"}],"twitter_card":"summary_large_image","twitter_misc":{"Verf\u00fcgbarkeit":"Auf Lager"},"schema":{"@context":"https:\/\/schema.org","@graph":[{"@type":"WebPage","@id":"https:\/\/samarali.com\/de\/produkt\/geschenkgutscheine\/","url":"https:\/\/samarali.com\/de\/produkt\/geschenkgutscheine\/","name":"Geschenkgutscheine - Samarali","isPartOf":{"@id":"https:\/\/samarali.com\/de\/#website"},"primaryImageOfPage":{"@id":"https:\/\/samarali.com\/de\/produkt\/geschenkgutscheine\/#primaryimage"},"image":{"@id":"https:\/\/samarali.com\/de\/produkt\/geschenkgutscheine\/#primaryimage"},"thumbnailUrl":"https:\/\/samarali.com\/wp-content\/uploads\/2024\/08\/Vaucher-100.jpg","datePublished":"2024-08-07T11:36:47+00:00","dateModified":"2024-08-07T13:36:47+00:00","breadcrumb":{"@id":"https:\/\/samarali.com\/de\/produkt\/geschenkgutscheine\/#breadcrumb"},"inLanguage":"de","potentialAction":[{"@type":"ReadAction","target":["https:\/\/samarali.com\/de\/produkt\/geschenkgutscheine\/"]}]},{"@type":"ImageObject","inLanguage":"de","@id":"https:\/\/samarali.com\/de\/produkt\/geschenkgutscheine\/#primaryimage","url":"https:\/\/samarali.com\/wp-content\/uploads\/2024\/08\/Vaucher-100.jpg","contentUrl":"https:\/\/samarali.com\/wp-content\/uploads\/2024\/08\/Vaucher-100.jpg","width":830,"height":830,"caption":"Vaucher 100"},{"@type":"BreadcrumbList","@id":"https:\/\/samarali.com\/de\/produkt\/geschenkgutscheine\/#breadcrumb","itemListElement":[{"@type":"ListItem","position":1,"name":"Startseite","item":"https:\/\/samarali.com\/de\/startseite\/"},{"@type":"ListItem","position":2,"name":"Shop","item":"https:\/\/samarali.com\/de\/shop\/"},{"@type":"ListItem","position":3,"name":"Geschenkgutscheine"}]},{"@type":"WebSite","@id":"https:\/\/samarali.com\/de\/#website","url":"https:\/\/samarali.com\/de\/","name":"Samarali","description":"Samarali ist eine nachhaltige Yoga- und Lifestyle-Marke mit Sitz in den Niederlanden","publisher":{"@id":"https:\/\/samarali.com\/de\/#organization"},"potentialAction":[{"@type":"SearchAction","target":{"@type":"EntryPoint","urlTemplate":"https:\/\/samarali.com\/de\/?s={search_term_string}"},"query-input":{"@type":"PropertyValueSpecification","valueRequired":true,"valueName":"search_term_string"}}],"inLanguage":"de"},{"@type":"Organization","@id":"https:\/\/samarali.com\/de\/#organization","name":"Samarali","url":"https:\/\/samarali.com\/de\/","logo":{"@type":"ImageObject","inLanguage":"de","@id":"https:\/\/samarali.com\/de\/#\/schema\/logo\/image\/","url":"https:\/\/samarali.com\/wp-content\/uploads\/2024\/05\/cropped-samarali-icon.png","contentUrl":"https:\/\/samarali.com\/wp-content\/uploads\/2024\/05\/cropped-samarali-icon.png","width":512,"height":512,"caption":"Samarali"},"image":{"@id":"https:\/\/samarali.com\/de\/#\/schema\/logo\/image\/"},"sameAs":["https:\/\/www.facebook.com\/samaraliyoga","https:\/\/www.linkedin.com\/company\/69563155\/","https:\/\/www.instagram.com\/samaraliyoga\/","https:\/\/nl.pinterest.com\/Samaraliyoga\/"],"description":"Samarali is a sustainable yoga and lifestyle brand based in the Netherlands","email":"info@samarali.com","legalName":"Samarali B.V.","vatID":"NL859820324B01","numberOfEmployees":{"@type":"QuantitativeValue","minValue":"1","maxValue":"10"}}]},"og_availability":"instock","product_availability":"instock","product_retailer_item_id":"11127","product_condition":"new"},"jetpack_sharing_enabled":true,"_links":{"self":[{"href":"https:\/\/samarali.com\/de\/wp-json\/wp\/v2\/product\/28990","targetHints":{"allow":["GET"]}}],"collection":[{"href":"https:\/\/samarali.com\/de\/wp-json\/wp\/v2\/product"}],"about":[{"href":"https:\/\/samarali.com\/de\/wp-json\/wp\/v2\/types\/product"}],"replies":[{"embeddable":true,"href":"https:\/\/samarali.com\/de\/wp-json\/wp\/v2\/comments?post=28990"}],"version-history":[{"count":0,"href":"https:\/\/samarali.com\/de\/wp-json\/wp\/v2\/product\/28990\/revisions"}],"wp:featuredmedia":[{"embeddable":true,"href":"https:\/\/samarali.com\/de\/wp-json\/wp\/v2\/media\/22035"}],"wp:attachment":[{"href":"https:\/\/samarali.com\/de\/wp-json\/wp\/v2\/media?parent=28990"}],"wp:term":[{"taxonomy":"product_cat","embeddable":true,"href":"https:\/\/samarali.com\/de\/wp-json\/wp\/v2\/product_cat?post=28990"},{"taxonomy":"product_tag","embeddable":true,"href":"https:\/\/samarali.com\/de\/wp-json\/wp\/v2\/product_tag?post=28990"}],"curies":[{"name":"wp","href":"https:\/\/api.w.org\/{rel}","templated":true}]}}