{"id":28727,"date":"2024-08-01T15:37:02","date_gmt":"2024-08-01T13:37:02","guid":{"rendered":"https:\/\/samarali.com\/product\/erdnuss-massage-ball\/"},"modified":"2026-01-31T09:39:11","modified_gmt":"2026-01-31T08:39:11","slug":"erdnuss-massage-ball","status":"publish","type":"product","link":"https:\/\/samarali.com\/de\/produkt\/erdnuss-massage-ball\/","title":{"rendered":"Erdnuss Massage Ball"},"content":{"rendered":"<p>Wenn es darum geht, Verspannungen und Steifheit in Ihren Muskeln zu l\u00f6sen, brauchen Sie etwas Revolution\u00e4res.<br \/>\nUnser Erdnuss-Massageball wurde nicht nur entwickelt, um Schmerzen zu lindern, sondern auch, um die Blutzirkulation zu verbessern.<br \/>\nWir sind davon \u00fcberzeugt, dass diese Eigenschaften einen wesentlichen Unterschied in Ihrem Gesamterlebnis ausmachen!<br \/>\nSein einzigartiges Design erm\u00f6glicht es Ihnen, selbst die am schwersten zug\u00e4nglichen Muskeln zu erreichen und effektiv auf die Bereiche einzuwirken, in denen Sie Verspannungen oder Knoten sp\u00fcren.<br \/>\nEr ist besonders effektiv im Nacken und im R\u00fccken &#8211; Bereiche, die schnell zu Verspannungen neigen.<br \/>\nDie regelm\u00e4\u00dfige Anwendung des Kork-Erdnuss-Massageballs kann auch die Blutzirkulation und die Muskelflexibilit\u00e4t verbessern, was ihn zu einem idealen Hilfsmittel f\u00fcr diejenigen macht, die ihre sportliche Leistung verbessern m\u00f6chten.<br \/>\nSie k\u00f6nnen ihn vor oder nach dem Training verwenden. Der Korkball aktiviert die Muskeln schnell und w\u00e4rmt sie selbst bei intensivstem Training auf, w\u00e4hrend er sie nach stundenlanger k\u00f6rperlicher Bet\u00e4tigung entspannt.<br \/>\nDer Erdnuss-Massageball ist unglaublich vielseitig &#8211; Sie k\u00f6nnen ihn im Sitzen auf einem Stuhl, auf einer Matte, im Bett oder sogar auf dem Boden liegend verwenden, so dass Sie die Vorteile einer Tiefenmassage in jeder Umgebung genie\u00dfen k\u00f6nnen.<br \/>\nEr ist au\u00dferdem leicht zu reinigen, da Sie ihn nach dem Gebrauch einfach mit einem feuchten Handtuch abwischen k\u00f6nnen.<br \/>\nAu\u00dferdem ist das Ger\u00e4t frei von Giftstoffen, so dass eine regelm\u00e4\u00dfige Anwendung v\u00f6llig unbedenklich ist.         <\/p>\n","protected":false},"excerpt":{"rendered":"<p>Wenn es darum geht, Verspannungen und Steifheit in Ihren Muskeln zu l\u00f6sen, brauchen Sie etwas Revolution\u00e4res. Unser Erdnuss-Massageball wurde nicht nur entwickelt, um Schmerzen zu lindern, sondern auch, um die Blutzirkulation zu verbessern. Wir sind davon \u00fcberzeugt, dass diese Eigenschaften einen wesentlichen Unterschied in Ihrem Gesamterlebnis ausmachen! Sein einzigartiges Design erm\u00f6glicht es Ihnen, selbst die [&hellip;]<\/p>\n","protected":false},"featured_media":18928,"comment_status":"open","ping_status":"closed","template":"","meta":{"_acf_changed":false,"_improvement_type_select":"improve_an_existing","_thumb_yes_seoaic":false,"_frame_yes_seoaic":false,"seoaic_generate_description":"","seoaic_improve_instructions_prompt":"","seoaic_rollback_content_improvement":"","seoaic_idea_thumbnail_generator":"","thumbnail_generated":false,"thumbnail_generate_prompt":"","seoaic_article_description":"","inline_featured_image":false},"product_cat":[359,321,346,347],"product_tag":[],"class_list":{"0":"post-28727","1":"product","2":"type-product","3":"status-publish","4":"has-post-thumbnail","6":"product_cat-massage-de","7":"product_cat-yoga-de","8":"product_cat-yoga-zubehor","9":"product_cat-zubehor","11":"first","12":"onbackorder","13":"sale","14":"shipping-taxable","15":"purchasable","16":"product-type-simple"},"acf":[],"yoast_head":"<!-- This site is optimized with the Yoast SEO Premium plugin v27.4 (Yoast SEO v27.4) - https:\/\/yoast.com\/product\/yoast-seo-premium-wordpress\/ -->\n<title>Erdnuss Massage Ball - Samarali<\/title>\n<meta name=\"robots\" content=\"index, follow, max-snippet:-1, max-image-preview:large, max-video-preview:-1\" \/>\n<link rel=\"canonical\" href=\"https:\/\/samarali.com\/de\/produkt\/erdnuss-massage-ball\/\" \/>\n<meta property=\"og:locale\" content=\"de_DE\" \/>\n<meta property=\"og:type\" content=\"article\" \/>\n<meta property=\"og:title\" content=\"Erdnuss Massage Ball - Samarali\" \/>\n<meta property=\"og:description\" content=\"Wenn es darum geht, Verspannungen und Steifheit in Ihren Muskeln zu l\u00f6sen, brauchen Sie etwas Revolution\u00e4res. Unser Erdnuss-Massageball wurde nicht nur entwickelt, um Schmerzen zu lindern, sondern auch, um die Blutzirkulation zu verbessern. Wir sind davon \u00fcberzeugt, dass diese Eigenschaften einen wesentlichen Unterschied in Ihrem Gesamterlebnis ausmachen! Sein einzigartiges Design erm\u00f6glicht es Ihnen, selbst die [&hellip;]\" \/>\n<meta property=\"og:url\" content=\"https:\/\/samarali.com\/de\/produkt\/erdnuss-massage-ball\/\" \/>\n<meta property=\"og:site_name\" content=\"Samarali\" \/>\n<meta property=\"article:publisher\" content=\"https:\/\/www.facebook.com\/samaraliyoga\" \/>\n<meta property=\"article:modified_time\" content=\"2026-01-31T08:39:11+00:00\" \/>\n<meta property=\"og:image\" content=\"https:\/\/samarali.com\/wp-content\/uploads\/2024\/08\/Peanut-massage_01.jpg\" \/>\n\t<meta property=\"og:image:width\" content=\"1000\" \/>\n\t<meta property=\"og:image:height\" content=\"1000\" \/>\n\t<meta property=\"og:image:type\" content=\"image\/jpeg\" \/>\n<meta name=\"twitter:card\" content=\"summary_large_image\" \/>\n<meta name=\"twitter:label1\" content=\"Preis\" \/>\n\t<meta name=\"twitter:data1\" content=\"&euro;&nbsp;11,99\" \/>\n\t<meta name=\"twitter:label2\" content=\"Verf\u00fcgbarkeit\" \/>\n\t<meta name=\"twitter:data2\" content=\"bei Nachbestellung\" \/>\n<script type=\"application\/ld+json\" class=\"yoast-schema-graph\">{\"@context\":\"https:\\\/\\\/schema.org\",\"@graph\":[{\"@type\":\"WebPage\",\"@id\":\"https:\\\/\\\/samarali.com\\\/de\\\/produkt\\\/erdnuss-massage-ball\\\/\",\"url\":\"https:\\\/\\\/samarali.com\\\/de\\\/produkt\\\/erdnuss-massage-ball\\\/\",\"name\":\"Erdnuss Massage Ball - Samarali\",\"isPartOf\":{\"@id\":\"https:\\\/\\\/samarali.com\\\/de\\\/#website\"},\"primaryImageOfPage\":{\"@id\":\"https:\\\/\\\/samarali.com\\\/de\\\/produkt\\\/erdnuss-massage-ball\\\/#primaryimage\"},\"image\":{\"@id\":\"https:\\\/\\\/samarali.com\\\/de\\\/produkt\\\/erdnuss-massage-ball\\\/#primaryimage\"},\"thumbnailUrl\":\"https:\\\/\\\/samarali.com\\\/wp-content\\\/uploads\\\/2024\\\/08\\\/Peanut-massage_01.jpg\",\"datePublished\":\"2024-08-01T13:37:02+00:00\",\"dateModified\":\"2026-01-31T08:39:11+00:00\",\"breadcrumb\":{\"@id\":\"https:\\\/\\\/samarali.com\\\/de\\\/produkt\\\/erdnuss-massage-ball\\\/#breadcrumb\"},\"inLanguage\":\"de\",\"potentialAction\":[{\"@type\":\"ReadAction\",\"target\":[\"https:\\\/\\\/samarali.com\\\/de\\\/produkt\\\/erdnuss-massage-ball\\\/\"]}]},{\"@type\":\"ImageObject\",\"inLanguage\":\"de\",\"@id\":\"https:\\\/\\\/samarali.com\\\/de\\\/produkt\\\/erdnuss-massage-ball\\\/#primaryimage\",\"url\":\"https:\\\/\\\/samarali.com\\\/wp-content\\\/uploads\\\/2024\\\/08\\\/Peanut-massage_01.jpg\",\"contentUrl\":\"https:\\\/\\\/samarali.com\\\/wp-content\\\/uploads\\\/2024\\\/08\\\/Peanut-massage_01.jpg\",\"width\":1000,\"height\":1000,\"caption\":\"Peanut massage 01\"},{\"@type\":\"BreadcrumbList\",\"@id\":\"https:\\\/\\\/samarali.com\\\/de\\\/produkt\\\/erdnuss-massage-ball\\\/#breadcrumb\",\"itemListElement\":[{\"@type\":\"ListItem\",\"position\":1,\"name\":\"Startseite\",\"item\":\"https:\\\/\\\/samarali.com\\\/de\\\/startseite\\\/\"},{\"@type\":\"ListItem\",\"position\":2,\"name\":\"Shop\",\"item\":\"https:\\\/\\\/samarali.com\\\/de\\\/shop\\\/\"},{\"@type\":\"ListItem\",\"position\":3,\"name\":\"Erdnuss Massage Ball\"}]},{\"@type\":\"WebSite\",\"@id\":\"https:\\\/\\\/samarali.com\\\/de\\\/#website\",\"url\":\"https:\\\/\\\/samarali.com\\\/de\\\/\",\"name\":\"Samarali\",\"description\":\"Samarali ist eine nachhaltige Yoga- und Lifestyle-Marke mit Sitz in den Niederlanden\",\"publisher\":{\"@id\":\"https:\\\/\\\/samarali.com\\\/de\\\/#organization\"},\"potentialAction\":[{\"@type\":\"SearchAction\",\"target\":{\"@type\":\"EntryPoint\",\"urlTemplate\":\"https:\\\/\\\/samarali.com\\\/de\\\/?s={search_term_string}\"},\"query-input\":{\"@type\":\"PropertyValueSpecification\",\"valueRequired\":true,\"valueName\":\"search_term_string\"}}],\"inLanguage\":\"de\"},{\"@type\":\"Organization\",\"@id\":\"https:\\\/\\\/samarali.com\\\/de\\\/#organization\",\"name\":\"Samarali\",\"url\":\"https:\\\/\\\/samarali.com\\\/de\\\/\",\"logo\":{\"@type\":\"ImageObject\",\"inLanguage\":\"de\",\"@id\":\"https:\\\/\\\/samarali.com\\\/de\\\/#\\\/schema\\\/logo\\\/image\\\/\",\"url\":\"https:\\\/\\\/samarali.com\\\/wp-content\\\/uploads\\\/2024\\\/05\\\/cropped-samarali-icon.png\",\"contentUrl\":\"https:\\\/\\\/samarali.com\\\/wp-content\\\/uploads\\\/2024\\\/05\\\/cropped-samarali-icon.png\",\"width\":512,\"height\":512,\"caption\":\"Samarali\"},\"image\":{\"@id\":\"https:\\\/\\\/samarali.com\\\/de\\\/#\\\/schema\\\/logo\\\/image\\\/\"},\"sameAs\":[\"https:\\\/\\\/www.facebook.com\\\/samaraliyoga\",\"https:\\\/\\\/www.linkedin.com\\\/company\\\/69563155\\\/\",\"https:\\\/\\\/www.instagram.com\\\/samaraliyoga\\\/\",\"https:\\\/\\\/nl.pinterest.com\\\/Samaraliyoga\\\/\"],\"description\":\"Samarali is a sustainable yoga and lifestyle brand based in the Netherlands\",\"email\":\"info@samarali.com\",\"legalName\":\"Samarali B.V.\",\"vatID\":\"NL859820324B01\",\"numberOfEmployees\":{\"@type\":\"QuantitativeValue\",\"minValue\":\"1\",\"maxValue\":\"10\"}}]}<\/script>\n<meta property=\"product:price:amount\" content=\"11.99\" \/>\n<meta property=\"product:price:currency\" content=\"EUR\" \/>\n<meta property=\"og:availability\" content=\"backorder\" \/>\n<meta property=\"product:availability\" content=\"available for order\" \/>\n<meta property=\"product:retailer_item_id\" content=\"11702\" \/>\n<meta property=\"product:condition\" content=\"new\" \/>\n<!-- \/ Yoast SEO Premium plugin. -->","yoast_head_json":{"title":"Erdnuss Massage Ball - Samarali","robots":{"index":"index","follow":"follow","max-snippet":"max-snippet:-1","max-image-preview":"max-image-preview:large","max-video-preview":"max-video-preview:-1"},"canonical":"https:\/\/samarali.com\/de\/produkt\/erdnuss-massage-ball\/","og_locale":"de_DE","og_type":"article","og_title":"Erdnuss Massage Ball - Samarali","og_description":"Wenn es darum geht, Verspannungen und Steifheit in Ihren Muskeln zu l\u00f6sen, brauchen Sie etwas Revolution\u00e4res. Unser Erdnuss-Massageball wurde nicht nur entwickelt, um Schmerzen zu lindern, sondern auch, um die Blutzirkulation zu verbessern. Wir sind davon \u00fcberzeugt, dass diese Eigenschaften einen wesentlichen Unterschied in Ihrem Gesamterlebnis ausmachen! Sein einzigartiges Design erm\u00f6glicht es Ihnen, selbst die [&hellip;]","og_url":"https:\/\/samarali.com\/de\/produkt\/erdnuss-massage-ball\/","og_site_name":"Samarali","article_publisher":"https:\/\/www.facebook.com\/samaraliyoga","article_modified_time":"2026-01-31T08:39:11+00:00","og_image":[{"width":1000,"height":1000,"url":"https:\/\/samarali.com\/wp-content\/uploads\/2024\/08\/Peanut-massage_01.jpg","type":"image\/jpeg"}],"twitter_card":"summary_large_image","twitter_misc":{"Preis":"&euro;&nbsp;11,99","Verf\u00fcgbarkeit":"bei Nachbestellung"},"schema":{"@context":"https:\/\/schema.org","@graph":[{"@type":"WebPage","@id":"https:\/\/samarali.com\/de\/produkt\/erdnuss-massage-ball\/","url":"https:\/\/samarali.com\/de\/produkt\/erdnuss-massage-ball\/","name":"Erdnuss Massage Ball - Samarali","isPartOf":{"@id":"https:\/\/samarali.com\/de\/#website"},"primaryImageOfPage":{"@id":"https:\/\/samarali.com\/de\/produkt\/erdnuss-massage-ball\/#primaryimage"},"image":{"@id":"https:\/\/samarali.com\/de\/produkt\/erdnuss-massage-ball\/#primaryimage"},"thumbnailUrl":"https:\/\/samarali.com\/wp-content\/uploads\/2024\/08\/Peanut-massage_01.jpg","datePublished":"2024-08-01T13:37:02+00:00","dateModified":"2026-01-31T08:39:11+00:00","breadcrumb":{"@id":"https:\/\/samarali.com\/de\/produkt\/erdnuss-massage-ball\/#breadcrumb"},"inLanguage":"de","potentialAction":[{"@type":"ReadAction","target":["https:\/\/samarali.com\/de\/produkt\/erdnuss-massage-ball\/"]}]},{"@type":"ImageObject","inLanguage":"de","@id":"https:\/\/samarali.com\/de\/produkt\/erdnuss-massage-ball\/#primaryimage","url":"https:\/\/samarali.com\/wp-content\/uploads\/2024\/08\/Peanut-massage_01.jpg","contentUrl":"https:\/\/samarali.com\/wp-content\/uploads\/2024\/08\/Peanut-massage_01.jpg","width":1000,"height":1000,"caption":"Peanut massage 01"},{"@type":"BreadcrumbList","@id":"https:\/\/samarali.com\/de\/produkt\/erdnuss-massage-ball\/#breadcrumb","itemListElement":[{"@type":"ListItem","position":1,"name":"Startseite","item":"https:\/\/samarali.com\/de\/startseite\/"},{"@type":"ListItem","position":2,"name":"Shop","item":"https:\/\/samarali.com\/de\/shop\/"},{"@type":"ListItem","position":3,"name":"Erdnuss Massage Ball"}]},{"@type":"WebSite","@id":"https:\/\/samarali.com\/de\/#website","url":"https:\/\/samarali.com\/de\/","name":"Samarali","description":"Samarali ist eine nachhaltige Yoga- und Lifestyle-Marke mit Sitz in den Niederlanden","publisher":{"@id":"https:\/\/samarali.com\/de\/#organization"},"potentialAction":[{"@type":"SearchAction","target":{"@type":"EntryPoint","urlTemplate":"https:\/\/samarali.com\/de\/?s={search_term_string}"},"query-input":{"@type":"PropertyValueSpecification","valueRequired":true,"valueName":"search_term_string"}}],"inLanguage":"de"},{"@type":"Organization","@id":"https:\/\/samarali.com\/de\/#organization","name":"Samarali","url":"https:\/\/samarali.com\/de\/","logo":{"@type":"ImageObject","inLanguage":"de","@id":"https:\/\/samarali.com\/de\/#\/schema\/logo\/image\/","url":"https:\/\/samarali.com\/wp-content\/uploads\/2024\/05\/cropped-samarali-icon.png","contentUrl":"https:\/\/samarali.com\/wp-content\/uploads\/2024\/05\/cropped-samarali-icon.png","width":512,"height":512,"caption":"Samarali"},"image":{"@id":"https:\/\/samarali.com\/de\/#\/schema\/logo\/image\/"},"sameAs":["https:\/\/www.facebook.com\/samaraliyoga","https:\/\/www.linkedin.com\/company\/69563155\/","https:\/\/www.instagram.com\/samaraliyoga\/","https:\/\/nl.pinterest.com\/Samaraliyoga\/"],"description":"Samarali is a sustainable yoga and lifestyle brand based in the Netherlands","email":"info@samarali.com","legalName":"Samarali B.V.","vatID":"NL859820324B01","numberOfEmployees":{"@type":"QuantitativeValue","minValue":"1","maxValue":"10"}}]},"product_price_amount":"11.99","product_price_currency":"EUR","og_availability":"backorder","product_availability":"available for order","product_retailer_item_id":"11702","product_condition":"new"},"jetpack_sharing_enabled":true,"_links":{"self":[{"href":"https:\/\/samarali.com\/de\/wp-json\/wp\/v2\/product\/28727","targetHints":{"allow":["GET"]}}],"collection":[{"href":"https:\/\/samarali.com\/de\/wp-json\/wp\/v2\/product"}],"about":[{"href":"https:\/\/samarali.com\/de\/wp-json\/wp\/v2\/types\/product"}],"replies":[{"embeddable":true,"href":"https:\/\/samarali.com\/de\/wp-json\/wp\/v2\/comments?post=28727"}],"version-history":[{"count":0,"href":"https:\/\/samarali.com\/de\/wp-json\/wp\/v2\/product\/28727\/revisions"}],"wp:featuredmedia":[{"embeddable":true,"href":"https:\/\/samarali.com\/de\/wp-json\/wp\/v2\/media\/18928"}],"wp:attachment":[{"href":"https:\/\/samarali.com\/de\/wp-json\/wp\/v2\/media?parent=28727"}],"wp:term":[{"taxonomy":"product_cat","embeddable":true,"href":"https:\/\/samarali.com\/de\/wp-json\/wp\/v2\/product_cat?post=28727"},{"taxonomy":"product_tag","embeddable":true,"href":"https:\/\/samarali.com\/de\/wp-json\/wp\/v2\/product_tag?post=28727"}],"curies":[{"name":"wp","href":"https:\/\/api.w.org\/{rel}","templated":true}]}}