{"id":28722,"date":"2024-08-01T15:15:29","date_gmt":"2024-08-01T13:15:29","guid":{"rendered":"https:\/\/samarali.com\/product\/yoga-bloecke-aus-kork-2-stueck\/"},"modified":"2025-01-06T13:44:24","modified_gmt":"2025-01-06T12:44:24","slug":"yoga-bloecke-aus-kork-2-stueck","status":"publish","type":"product","link":"https:\/\/samarali.com\/de\/produkt\/yoga-bloecke-aus-kork-2-stueck\/","title":{"rendered":"Yoga-Bl\u00f6cke aus Kork (2 St\u00fcck)"},"content":{"rendered":"<p>Wenn Sie neu im Yoga sind, sind unsere Kork-Yogabl\u00f6cke von unsch\u00e4tzbarem Wert, da sie au\u00dfergew\u00f6hnliche Stabilit\u00e4t und Zug\u00e4nglichkeit bieten. Traditionell sind Yoga-Bl\u00f6cke rechteckige Requisiten, die oft aus Schaumstoff hergestellt werden, aber mit dem Wandel zu nachhaltigeren Praktiken wird Kork schnell zur bevorzugten Wahl. Unsere Bl\u00f6cke haben abgerundete Kanten f\u00fcr einen einfachen Griff und gew\u00e4hrleisten sowohl Zug\u00e4nglichkeit als auch Stabilit\u00e4t w\u00e4hrend Ihres Trainings.<\/p>\n<p>Obwohl Yoga-Requisiten f\u00fcr <a href=\"https:\/\/samarali.eu\/yoga-for-beginners\/\">Anf\u00e4nger<\/a> gedacht sind, bedeutet das nicht, dass erfahrene Yogis sie nicht verwenden k\u00f6nnen. Yoga-Bl\u00f6cke aus Kork helfen n\u00e4mlich dabei, die Posen zu stabilisieren, so dass sie f\u00fcr Menschen mit unterschiedlichen K\u00f6rpertypen und Yogastufen leichter zug\u00e4nglich sind. Dar\u00fcber hinaus k\u00f6nnen sie auch verwendet werden, um <strong><a href=\"https:\/\/samarali.eu\/how-to-improve-flexibility-with-yoga\/\">Vertiefung von Dehnungen<\/a><\/strong> und andere komplexere Posen. Zum Beispiel lassen sich mit Kork-Yogabl\u00f6cken gest\u00fctzte R\u00fcckbeugen und Br\u00fcckenhaltungen viel leichter ausf\u00fchren &#8211; und das sind nur einige davon!<\/p>\n<p>Tats\u00e4chlich sind die meisten Yoga-Bl\u00f6cke traditionell aus Schaumstoff gefertigt. Schaumstoff ist jedoch nicht das hautfreundlichste oder haltbarste Material, und es entspricht auch nicht unserer Mission bei Samarali. Deshalb haben wir unsere Yogabl\u00f6cke aus Kork entworfen, einer umweltfreundlicheren Alternative. Unsere Yoga-Bl\u00f6cke aus Kork haben au\u00dferdem antimikrobielle Eigenschaften und sind frei von Chemikalien, Latex und PVC, was sie schonend f\u00fcr den K\u00f6rper macht. Au\u00dferdem sind diese Bl\u00f6cke robust und rutschfest, so dass sie fest an ihrem Platz bleiben, egal wie komplex Ihre Asanas werden.<\/p>\n","protected":false},"excerpt":{"rendered":"<p>Unsere Yoga-Bl\u00f6cke aus Kork bieten Stabilit\u00e4t und Zug\u00e4nglichkeit f\u00fcr alle Niveaus und helfen, Dehnungen zu vertiefen und Posen zu unterst\u00fctzen. Umweltfreundlich und antimikrobiell, sind sie eine nachhaltige, rutschfeste Alternative zu herk\u00f6mmlichen Schaumstoffbl\u00f6cken.<\/p>\n","protected":false},"featured_media":18876,"comment_status":"open","ping_status":"closed","template":"","meta":{"_acf_changed":false,"_improvement_type_select":"improve_an_existing","_thumb_yes_seoaic":false,"_frame_yes_seoaic":false,"seoaic_generate_description":"","seoaic_improve_instructions_prompt":"","seoaic_rollback_content_improvement":"","seoaic_idea_thumbnail_generator":"","thumbnail_generated":false,"thumbnail_generate_prompt":"","seoaic_article_description":"","inline_featured_image":false},"product_cat":[321,356,346,347],"product_tag":[],"class_list":{"0":"post-28722","1":"product","2":"type-product","3":"status-publish","4":"has-post-thumbnail","6":"product_cat-yoga-de","7":"product_cat-yoga-blocke","8":"product_cat-yoga-zubehor","9":"product_cat-zubehor","11":"first","12":"instock","13":"shipping-taxable","14":"purchasable","15":"product-type-simple"},"acf":[],"yoast_head":"<!-- This site is optimized with the Yoast SEO Premium plugin v27.3 (Yoast SEO v27.3) - https:\/\/yoast.com\/product\/yoast-seo-premium-wordpress\/ -->\n<title>Yoga-Bl\u00f6cke aus Kork (2 St\u00fcck) - Samarali<\/title>\n<meta name=\"description\" content=\"Die Yogabl\u00f6cke aus Kork bieten Stabilit\u00e4t und Zug\u00e4nglichkeit f\u00fcr alle Niveaus und helfen, Dehnungen zu vertiefen und Posen zu unterst\u00fctzen. Umweltfreundlich und antimikrobiell.\" \/>\n<meta name=\"robots\" content=\"index, follow, max-snippet:-1, max-image-preview:large, max-video-preview:-1\" \/>\n<link rel=\"canonical\" href=\"https:\/\/samarali.com\/de\/produkt\/yoga-bloecke-aus-kork-2-stueck\/\" \/>\n<meta property=\"og:locale\" content=\"de_DE\" \/>\n<meta property=\"og:type\" content=\"article\" \/>\n<meta property=\"og:title\" content=\"Yoga-Bl\u00f6cke aus Kork (2 St\u00fcck) - Samarali\" \/>\n<meta property=\"og:description\" content=\"Die Yogabl\u00f6cke aus Kork bieten Stabilit\u00e4t und Zug\u00e4nglichkeit f\u00fcr alle Niveaus und helfen, Dehnungen zu vertiefen und Posen zu unterst\u00fctzen. Umweltfreundlich und antimikrobiell.\" \/>\n<meta property=\"og:url\" content=\"https:\/\/samarali.com\/de\/produkt\/yoga-bloecke-aus-kork-2-stueck\/\" \/>\n<meta property=\"og:site_name\" content=\"Samarali\" \/>\n<meta property=\"article:publisher\" content=\"https:\/\/www.facebook.com\/samaraliyoga\" \/>\n<meta property=\"article:modified_time\" content=\"2025-01-06T12:44:24+00:00\" \/>\n<meta property=\"og:image\" content=\"https:\/\/samarali.com\/wp-content\/uploads\/2024\/08\/Untitled-11-1.jpg\" \/>\n\t<meta property=\"og:image:width\" content=\"830\" \/>\n\t<meta property=\"og:image:height\" content=\"830\" \/>\n\t<meta property=\"og:image:type\" content=\"image\/jpeg\" \/>\n<meta name=\"twitter:card\" content=\"summary_large_image\" \/>\n<meta name=\"twitter:label1\" content=\"Preis\" \/>\n\t<meta name=\"twitter:data1\" content=\"&euro;&nbsp;27,95\" \/>\n\t<meta name=\"twitter:label2\" content=\"Verf\u00fcgbarkeit\" \/>\n\t<meta name=\"twitter:data2\" content=\"Auf Lager\" \/>\n<script type=\"application\/ld+json\" class=\"yoast-schema-graph\">{\"@context\":\"https:\\\/\\\/schema.org\",\"@graph\":[{\"@type\":\"WebPage\",\"@id\":\"https:\\\/\\\/samarali.com\\\/de\\\/produkt\\\/yoga-bloecke-aus-kork-2-stueck\\\/\",\"url\":\"https:\\\/\\\/samarali.com\\\/de\\\/produkt\\\/yoga-bloecke-aus-kork-2-stueck\\\/\",\"name\":\"Yoga-Bl\u00f6cke aus Kork (2 St\u00fcck) - Samarali\",\"isPartOf\":{\"@id\":\"https:\\\/\\\/samarali.com\\\/de\\\/#website\"},\"primaryImageOfPage\":{\"@id\":\"https:\\\/\\\/samarali.com\\\/de\\\/produkt\\\/yoga-bloecke-aus-kork-2-stueck\\\/#primaryimage\"},\"image\":{\"@id\":\"https:\\\/\\\/samarali.com\\\/de\\\/produkt\\\/yoga-bloecke-aus-kork-2-stueck\\\/#primaryimage\"},\"thumbnailUrl\":\"https:\\\/\\\/samarali.com\\\/wp-content\\\/uploads\\\/2024\\\/08\\\/Untitled-11-1.jpg\",\"datePublished\":\"2024-08-01T13:15:29+00:00\",\"dateModified\":\"2025-01-06T12:44:24+00:00\",\"description\":\"Die Yogabl\u00f6cke aus Kork bieten Stabilit\u00e4t und Zug\u00e4nglichkeit f\u00fcr alle Niveaus und helfen, Dehnungen zu vertiefen und Posen zu unterst\u00fctzen. Umweltfreundlich und antimikrobiell.\",\"breadcrumb\":{\"@id\":\"https:\\\/\\\/samarali.com\\\/de\\\/produkt\\\/yoga-bloecke-aus-kork-2-stueck\\\/#breadcrumb\"},\"inLanguage\":\"de\",\"potentialAction\":[{\"@type\":\"ReadAction\",\"target\":[\"https:\\\/\\\/samarali.com\\\/de\\\/produkt\\\/yoga-bloecke-aus-kork-2-stueck\\\/\"]}]},{\"@type\":\"ImageObject\",\"inLanguage\":\"de\",\"@id\":\"https:\\\/\\\/samarali.com\\\/de\\\/produkt\\\/yoga-bloecke-aus-kork-2-stueck\\\/#primaryimage\",\"url\":\"https:\\\/\\\/samarali.com\\\/wp-content\\\/uploads\\\/2024\\\/08\\\/Untitled-11-1.jpg\",\"contentUrl\":\"https:\\\/\\\/samarali.com\\\/wp-content\\\/uploads\\\/2024\\\/08\\\/Untitled-11-1.jpg\",\"width\":830,\"height\":830,\"caption\":\"Unbetitelt 11 1\"},{\"@type\":\"BreadcrumbList\",\"@id\":\"https:\\\/\\\/samarali.com\\\/de\\\/produkt\\\/yoga-bloecke-aus-kork-2-stueck\\\/#breadcrumb\",\"itemListElement\":[{\"@type\":\"ListItem\",\"position\":1,\"name\":\"Startseite\",\"item\":\"https:\\\/\\\/samarali.com\\\/de\\\/startseite\\\/\"},{\"@type\":\"ListItem\",\"position\":2,\"name\":\"Shop\",\"item\":\"https:\\\/\\\/samarali.com\\\/de\\\/shop\\\/\"},{\"@type\":\"ListItem\",\"position\":3,\"name\":\"Yoga-Bl\u00f6cke aus Kork (2 St\u00fcck)\"}]},{\"@type\":\"WebSite\",\"@id\":\"https:\\\/\\\/samarali.com\\\/de\\\/#website\",\"url\":\"https:\\\/\\\/samarali.com\\\/de\\\/\",\"name\":\"Samarali\",\"description\":\"Samarali ist eine nachhaltige Yoga- und Lifestyle-Marke mit Sitz in den Niederlanden\",\"publisher\":{\"@id\":\"https:\\\/\\\/samarali.com\\\/de\\\/#organization\"},\"potentialAction\":[{\"@type\":\"SearchAction\",\"target\":{\"@type\":\"EntryPoint\",\"urlTemplate\":\"https:\\\/\\\/samarali.com\\\/de\\\/?s={search_term_string}\"},\"query-input\":{\"@type\":\"PropertyValueSpecification\",\"valueRequired\":true,\"valueName\":\"search_term_string\"}}],\"inLanguage\":\"de\"},{\"@type\":\"Organization\",\"@id\":\"https:\\\/\\\/samarali.com\\\/de\\\/#organization\",\"name\":\"Samarali\",\"url\":\"https:\\\/\\\/samarali.com\\\/de\\\/\",\"logo\":{\"@type\":\"ImageObject\",\"inLanguage\":\"de\",\"@id\":\"https:\\\/\\\/samarali.com\\\/de\\\/#\\\/schema\\\/logo\\\/image\\\/\",\"url\":\"https:\\\/\\\/samarali.com\\\/wp-content\\\/uploads\\\/2024\\\/05\\\/cropped-samarali-icon.png\",\"contentUrl\":\"https:\\\/\\\/samarali.com\\\/wp-content\\\/uploads\\\/2024\\\/05\\\/cropped-samarali-icon.png\",\"width\":512,\"height\":512,\"caption\":\"Samarali\"},\"image\":{\"@id\":\"https:\\\/\\\/samarali.com\\\/de\\\/#\\\/schema\\\/logo\\\/image\\\/\"},\"sameAs\":[\"https:\\\/\\\/www.facebook.com\\\/samaraliyoga\",\"https:\\\/\\\/www.linkedin.com\\\/company\\\/69563155\\\/\",\"https:\\\/\\\/www.instagram.com\\\/samaraliyoga\\\/\",\"https:\\\/\\\/nl.pinterest.com\\\/Samaraliyoga\\\/\"],\"description\":\"Samarali is a sustainable yoga and lifestyle brand based in the Netherlands\",\"email\":\"info@samarali.com\",\"legalName\":\"Samarali B.V.\",\"vatID\":\"NL859820324B01\",\"numberOfEmployees\":{\"@type\":\"QuantitativeValue\",\"minValue\":\"1\",\"maxValue\":\"10\"}}]}<\/script>\n<meta property=\"product:price:amount\" content=\"27.95\" \/>\n<meta property=\"product:price:currency\" content=\"EUR\" \/>\n<meta property=\"og:availability\" content=\"instock\" \/>\n<meta property=\"product:availability\" content=\"instock\" \/>\n<meta property=\"product:retailer_item_id\" content=\"11116\" \/>\n<meta property=\"product:condition\" content=\"new\" \/>\n<!-- \/ Yoast SEO Premium plugin. -->","yoast_head_json":{"title":"Yoga-Bl\u00f6cke aus Kork (2 St\u00fcck) - Samarali","description":"Die Yogabl\u00f6cke aus Kork bieten Stabilit\u00e4t und Zug\u00e4nglichkeit f\u00fcr alle Niveaus und helfen, Dehnungen zu vertiefen und Posen zu unterst\u00fctzen. Umweltfreundlich und antimikrobiell.","robots":{"index":"index","follow":"follow","max-snippet":"max-snippet:-1","max-image-preview":"max-image-preview:large","max-video-preview":"max-video-preview:-1"},"canonical":"https:\/\/samarali.com\/de\/produkt\/yoga-bloecke-aus-kork-2-stueck\/","og_locale":"de_DE","og_type":"article","og_title":"Yoga-Bl\u00f6cke aus Kork (2 St\u00fcck) - Samarali","og_description":"Die Yogabl\u00f6cke aus Kork bieten Stabilit\u00e4t und Zug\u00e4nglichkeit f\u00fcr alle Niveaus und helfen, Dehnungen zu vertiefen und Posen zu unterst\u00fctzen. Umweltfreundlich und antimikrobiell.","og_url":"https:\/\/samarali.com\/de\/produkt\/yoga-bloecke-aus-kork-2-stueck\/","og_site_name":"Samarali","article_publisher":"https:\/\/www.facebook.com\/samaraliyoga","article_modified_time":"2025-01-06T12:44:24+00:00","og_image":[{"width":830,"height":830,"url":"https:\/\/samarali.com\/wp-content\/uploads\/2024\/08\/Untitled-11-1.jpg","type":"image\/jpeg"}],"twitter_card":"summary_large_image","twitter_misc":{"Preis":"&euro;&nbsp;27,95","Verf\u00fcgbarkeit":"Auf Lager"},"schema":{"@context":"https:\/\/schema.org","@graph":[{"@type":"WebPage","@id":"https:\/\/samarali.com\/de\/produkt\/yoga-bloecke-aus-kork-2-stueck\/","url":"https:\/\/samarali.com\/de\/produkt\/yoga-bloecke-aus-kork-2-stueck\/","name":"Yoga-Bl\u00f6cke aus Kork (2 St\u00fcck) - Samarali","isPartOf":{"@id":"https:\/\/samarali.com\/de\/#website"},"primaryImageOfPage":{"@id":"https:\/\/samarali.com\/de\/produkt\/yoga-bloecke-aus-kork-2-stueck\/#primaryimage"},"image":{"@id":"https:\/\/samarali.com\/de\/produkt\/yoga-bloecke-aus-kork-2-stueck\/#primaryimage"},"thumbnailUrl":"https:\/\/samarali.com\/wp-content\/uploads\/2024\/08\/Untitled-11-1.jpg","datePublished":"2024-08-01T13:15:29+00:00","dateModified":"2025-01-06T12:44:24+00:00","description":"Die Yogabl\u00f6cke aus Kork bieten Stabilit\u00e4t und Zug\u00e4nglichkeit f\u00fcr alle Niveaus und helfen, Dehnungen zu vertiefen und Posen zu unterst\u00fctzen. Umweltfreundlich und antimikrobiell.","breadcrumb":{"@id":"https:\/\/samarali.com\/de\/produkt\/yoga-bloecke-aus-kork-2-stueck\/#breadcrumb"},"inLanguage":"de","potentialAction":[{"@type":"ReadAction","target":["https:\/\/samarali.com\/de\/produkt\/yoga-bloecke-aus-kork-2-stueck\/"]}]},{"@type":"ImageObject","inLanguage":"de","@id":"https:\/\/samarali.com\/de\/produkt\/yoga-bloecke-aus-kork-2-stueck\/#primaryimage","url":"https:\/\/samarali.com\/wp-content\/uploads\/2024\/08\/Untitled-11-1.jpg","contentUrl":"https:\/\/samarali.com\/wp-content\/uploads\/2024\/08\/Untitled-11-1.jpg","width":830,"height":830,"caption":"Unbetitelt 11 1"},{"@type":"BreadcrumbList","@id":"https:\/\/samarali.com\/de\/produkt\/yoga-bloecke-aus-kork-2-stueck\/#breadcrumb","itemListElement":[{"@type":"ListItem","position":1,"name":"Startseite","item":"https:\/\/samarali.com\/de\/startseite\/"},{"@type":"ListItem","position":2,"name":"Shop","item":"https:\/\/samarali.com\/de\/shop\/"},{"@type":"ListItem","position":3,"name":"Yoga-Bl\u00f6cke aus Kork (2 St\u00fcck)"}]},{"@type":"WebSite","@id":"https:\/\/samarali.com\/de\/#website","url":"https:\/\/samarali.com\/de\/","name":"Samarali","description":"Samarali ist eine nachhaltige Yoga- und Lifestyle-Marke mit Sitz in den Niederlanden","publisher":{"@id":"https:\/\/samarali.com\/de\/#organization"},"potentialAction":[{"@type":"SearchAction","target":{"@type":"EntryPoint","urlTemplate":"https:\/\/samarali.com\/de\/?s={search_term_string}"},"query-input":{"@type":"PropertyValueSpecification","valueRequired":true,"valueName":"search_term_string"}}],"inLanguage":"de"},{"@type":"Organization","@id":"https:\/\/samarali.com\/de\/#organization","name":"Samarali","url":"https:\/\/samarali.com\/de\/","logo":{"@type":"ImageObject","inLanguage":"de","@id":"https:\/\/samarali.com\/de\/#\/schema\/logo\/image\/","url":"https:\/\/samarali.com\/wp-content\/uploads\/2024\/05\/cropped-samarali-icon.png","contentUrl":"https:\/\/samarali.com\/wp-content\/uploads\/2024\/05\/cropped-samarali-icon.png","width":512,"height":512,"caption":"Samarali"},"image":{"@id":"https:\/\/samarali.com\/de\/#\/schema\/logo\/image\/"},"sameAs":["https:\/\/www.facebook.com\/samaraliyoga","https:\/\/www.linkedin.com\/company\/69563155\/","https:\/\/www.instagram.com\/samaraliyoga\/","https:\/\/nl.pinterest.com\/Samaraliyoga\/"],"description":"Samarali is a sustainable yoga and lifestyle brand based in the Netherlands","email":"info@samarali.com","legalName":"Samarali B.V.","vatID":"NL859820324B01","numberOfEmployees":{"@type":"QuantitativeValue","minValue":"1","maxValue":"10"}}]},"product_price_amount":"27.95","product_price_currency":"EUR","og_availability":"instock","product_availability":"instock","product_retailer_item_id":"11116","product_condition":"new"},"jetpack_sharing_enabled":true,"_links":{"self":[{"href":"https:\/\/samarali.com\/de\/wp-json\/wp\/v2\/product\/28722","targetHints":{"allow":["GET"]}}],"collection":[{"href":"https:\/\/samarali.com\/de\/wp-json\/wp\/v2\/product"}],"about":[{"href":"https:\/\/samarali.com\/de\/wp-json\/wp\/v2\/types\/product"}],"replies":[{"embeddable":true,"href":"https:\/\/samarali.com\/de\/wp-json\/wp\/v2\/comments?post=28722"}],"version-history":[{"count":1,"href":"https:\/\/samarali.com\/de\/wp-json\/wp\/v2\/product\/28722\/revisions"}],"predecessor-version":[{"id":32903,"href":"https:\/\/samarali.com\/de\/wp-json\/wp\/v2\/product\/28722\/revisions\/32903"}],"wp:featuredmedia":[{"embeddable":true,"href":"https:\/\/samarali.com\/de\/wp-json\/wp\/v2\/media\/18876"}],"wp:attachment":[{"href":"https:\/\/samarali.com\/de\/wp-json\/wp\/v2\/media?parent=28722"}],"wp:term":[{"taxonomy":"product_cat","embeddable":true,"href":"https:\/\/samarali.com\/de\/wp-json\/wp\/v2\/product_cat?post=28722"},{"taxonomy":"product_tag","embeddable":true,"href":"https:\/\/samarali.com\/de\/wp-json\/wp\/v2\/product_tag?post=28722"}],"curies":[{"name":"wp","href":"https:\/\/api.w.org\/{rel}","templated":true}]}}