{"id":28719,"date":"2024-08-01T15:29:12","date_gmt":"2024-08-01T13:29:12","guid":{"rendered":"https:\/\/samarali.com\/product\/massageball-aus-kork\/"},"modified":"2025-01-06T13:44:29","modified_gmt":"2025-01-06T12:44:29","slug":"massageball-aus-kork","status":"publish","type":"product","link":"https:\/\/samarali.com\/de\/produkt\/massageball-aus-kork\/","title":{"rendered":"Massageball aus Kork"},"content":{"rendered":"<p>Erleichtern Sie sich den Muskelkater nach einem intensiven Training oder nach langem Sitzen am Schreibtisch mit unserem Massageball aus Kork.<\/p>\n<ul>\n<li>Perfekt, um an schwer zug\u00e4ngliche Stellen zu gelangen und bestimmte Triggerpunkte zu lokalisieren<\/li>\n<li>Ein Massageball ist ideal, um Ihre Muskeln aufzuwecken, die Durchblutung zu f\u00f6rdern und die Erholung zu beschleunigen.<\/li>\n<li>Dieser Ball kann praktisch jeden Teil Ihres K\u00f6rpers massieren und entspannen.<\/li>\n<li>Er kann Schmerzpunkte leicht anvisieren und eine Tiefengewebsmassage dort durchf\u00fchren, wo Sie sie am meisten brauchen.<\/li>\n<\/ul>\n<p>Der Korkmassageball kann auch in Kombination mit einem <strong><a href=\"https:\/\/samarali.eu\/product-category\/yoga\/yin-yoga-sets\/\">Yin Yoga<\/a><\/strong> Praxis verwendet werden, um Muskel- und Faszienknoten im Nacken, im oberen und unteren R\u00fccken und im Ges\u00e4\u00df zu l\u00f6sen. Durch die kontinuierliche Anwendung dieses Korkmassageballs lernen Sie, Verspannungen, Schmerzen und im K\u00f6rper gespeicherte emotionale Energie zu l\u00f6sen. Mit dem Kork-Massageball k\u00f6nnen Sie sich leichter entspannen, als Sie vielleicht denken.<\/p>\n<p>Wenn Sie einen Triggerpunkt-Massageball in Ihre Fitnessroutine einbauen, kann das viele Vorteile mit sich bringen, wie z.B. die Bek\u00e4mpfung von Plantarfasziitis oder die Verbesserung von Flexibilit\u00e4t und Blutzirkulation. Die Massageb\u00e4lle sind erschwinglich und klein genug, um in einen Koffer oder eine Handtasche zu passen, egal wohin Sie gehen. Sie k\u00f6nnen es an Ihrem Schreibtisch aufbewahren, um sich daran zu erinnern, eine Pause einzulegen und Muskelverspannungen zu l\u00f6sen, die durch schlechte K\u00f6rperhaltung oder Stress entstanden sind. Sie k\u00f6nnen es vor dem Training verwenden, um Ihre Muskeln zu aktivieren, oder danach, um die Erholung der steifen Muskeln zu unterst\u00fctzen. Sie k\u00f6nnen sie fast \u00fcberall verwenden, z.B. an der Wand, auf der R\u00fcckenlehne eines Stuhls oder auf dem Boden.<\/p>\n<p>Die Verwendung eines Massageballs ist sehr einfach. Sie m\u00fcssen den Ball \u00fcber die Muskeln rollen, in denen Sie die Verspannung sp\u00fcren. Dadurch wird der Blutfluss in diesem Bereich erh\u00f6ht, die Durchblutung verbessert und Schmerzen und Steifheit beseitigt.<\/p>\n<p>Die Samarali Massageb\u00e4lle werden aus recyceltem Kork hergestellt. Sie sind leicht und lassen sich einfach \u00fcberallhin mitnehmen, ins B\u00fcro oder in den Urlaub.<\/p>\n","protected":false},"excerpt":{"rendered":"<p>L\u00f6sen Sie Muskelverspannungen und f\u00f6rdern Sie die Erholung mit unserem Kork-Massageball. Sie eignet sich perfekt f\u00fcr die Behandlung von Triggerpunkten und f\u00f6rdert die Durchblutung und Flexibilit\u00e4t. Kompakt und umweltfreundlich ist er ideal f\u00fcr den Einsatz \u00fcberall und jederzeit.<\/p>\n","protected":false},"featured_media":18910,"comment_status":"open","ping_status":"closed","template":"","meta":{"_acf_changed":false,"_improvement_type_select":"improve_an_existing","_thumb_yes_seoaic":false,"_frame_yes_seoaic":false,"seoaic_generate_description":"","seoaic_improve_instructions_prompt":"","seoaic_rollback_content_improvement":"","seoaic_idea_thumbnail_generator":"","thumbnail_generated":false,"thumbnail_generate_prompt":"","seoaic_article_description":"","inline_featured_image":false},"product_cat":[359,321,346,347],"product_tag":[],"class_list":{"0":"post-28719","1":"product","2":"type-product","3":"status-publish","4":"has-post-thumbnail","6":"product_cat-massage-de","7":"product_cat-yoga-de","8":"product_cat-yoga-zubehor","9":"product_cat-zubehor","11":"first","12":"instock","13":"shipping-taxable","14":"purchasable","15":"product-type-simple"},"acf":[],"yoast_head":"<!-- This site is optimized with the Yoast SEO Premium plugin v27.3 (Yoast SEO v27.3) - https:\/\/yoast.com\/product\/yoast-seo-premium-wordpress\/ -->\n<title>Massageball aus Kork - Samarali<\/title>\n<meta name=\"description\" content=\"Massageball aus Kork. Sie eignet sich perfekt f\u00fcr die Behandlung von Triggerpunkten und f\u00f6rdert die Durchblutung und Flexibilit\u00e4t. Kompakt und umweltfreundlich.\" \/>\n<meta name=\"robots\" content=\"index, follow, max-snippet:-1, max-image-preview:large, max-video-preview:-1\" \/>\n<link rel=\"canonical\" href=\"https:\/\/samarali.com\/de\/produkt\/massageball-aus-kork\/\" \/>\n<meta property=\"og:locale\" content=\"de_DE\" \/>\n<meta property=\"og:type\" content=\"article\" \/>\n<meta property=\"og:title\" content=\"Massageball aus Kork - Samarali\" \/>\n<meta property=\"og:description\" content=\"Massageball aus Kork. Sie eignet sich perfekt f\u00fcr die Behandlung von Triggerpunkten und f\u00f6rdert die Durchblutung und Flexibilit\u00e4t. Kompakt und umweltfreundlich.\" \/>\n<meta property=\"og:url\" content=\"https:\/\/samarali.com\/de\/produkt\/massageball-aus-kork\/\" \/>\n<meta property=\"og:site_name\" content=\"Samarali\" \/>\n<meta property=\"article:publisher\" content=\"https:\/\/www.facebook.com\/samaraliyoga\" \/>\n<meta property=\"article:modified_time\" content=\"2025-01-06T12:44:29+00:00\" \/>\n<meta property=\"og:image\" content=\"https:\/\/samarali.com\/wp-content\/uploads\/2024\/08\/Untitled-12.jpg\" \/>\n\t<meta property=\"og:image:width\" content=\"1080\" \/>\n\t<meta property=\"og:image:height\" content=\"1080\" \/>\n\t<meta property=\"og:image:type\" content=\"image\/jpeg\" \/>\n<meta name=\"twitter:card\" content=\"summary_large_image\" \/>\n<meta name=\"twitter:label1\" content=\"Preis\" \/>\n\t<meta name=\"twitter:data1\" content=\"&euro;&nbsp;15,95\" \/>\n\t<meta name=\"twitter:label2\" content=\"Verf\u00fcgbarkeit\" \/>\n\t<meta name=\"twitter:data2\" content=\"Auf Lager\" \/>\n<script type=\"application\/ld+json\" class=\"yoast-schema-graph\">{\"@context\":\"https:\\\/\\\/schema.org\",\"@graph\":[{\"@type\":\"WebPage\",\"@id\":\"https:\\\/\\\/samarali.com\\\/de\\\/produkt\\\/massageball-aus-kork\\\/\",\"url\":\"https:\\\/\\\/samarali.com\\\/de\\\/produkt\\\/massageball-aus-kork\\\/\",\"name\":\"Massageball aus Kork - Samarali\",\"isPartOf\":{\"@id\":\"https:\\\/\\\/samarali.com\\\/de\\\/#website\"},\"primaryImageOfPage\":{\"@id\":\"https:\\\/\\\/samarali.com\\\/de\\\/produkt\\\/massageball-aus-kork\\\/#primaryimage\"},\"image\":{\"@id\":\"https:\\\/\\\/samarali.com\\\/de\\\/produkt\\\/massageball-aus-kork\\\/#primaryimage\"},\"thumbnailUrl\":\"https:\\\/\\\/samarali.com\\\/wp-content\\\/uploads\\\/2024\\\/08\\\/Untitled-12.jpg\",\"datePublished\":\"2024-08-01T13:29:12+00:00\",\"dateModified\":\"2025-01-06T12:44:29+00:00\",\"description\":\"Massageball aus Kork. Sie eignet sich perfekt f\u00fcr die Behandlung von Triggerpunkten und f\u00f6rdert die Durchblutung und Flexibilit\u00e4t. Kompakt und umweltfreundlich.\",\"breadcrumb\":{\"@id\":\"https:\\\/\\\/samarali.com\\\/de\\\/produkt\\\/massageball-aus-kork\\\/#breadcrumb\"},\"inLanguage\":\"de\",\"potentialAction\":[{\"@type\":\"ReadAction\",\"target\":[\"https:\\\/\\\/samarali.com\\\/de\\\/produkt\\\/massageball-aus-kork\\\/\"]}]},{\"@type\":\"ImageObject\",\"inLanguage\":\"de\",\"@id\":\"https:\\\/\\\/samarali.com\\\/de\\\/produkt\\\/massageball-aus-kork\\\/#primaryimage\",\"url\":\"https:\\\/\\\/samarali.com\\\/wp-content\\\/uploads\\\/2024\\\/08\\\/Untitled-12.jpg\",\"contentUrl\":\"https:\\\/\\\/samarali.com\\\/wp-content\\\/uploads\\\/2024\\\/08\\\/Untitled-12.jpg\",\"width\":1080,\"height\":1080,\"caption\":\"Unbetitelt 12\"},{\"@type\":\"BreadcrumbList\",\"@id\":\"https:\\\/\\\/samarali.com\\\/de\\\/produkt\\\/massageball-aus-kork\\\/#breadcrumb\",\"itemListElement\":[{\"@type\":\"ListItem\",\"position\":1,\"name\":\"Startseite\",\"item\":\"https:\\\/\\\/samarali.com\\\/de\\\/startseite\\\/\"},{\"@type\":\"ListItem\",\"position\":2,\"name\":\"Shop\",\"item\":\"https:\\\/\\\/samarali.com\\\/de\\\/shop\\\/\"},{\"@type\":\"ListItem\",\"position\":3,\"name\":\"Massageball aus Kork\"}]},{\"@type\":\"WebSite\",\"@id\":\"https:\\\/\\\/samarali.com\\\/de\\\/#website\",\"url\":\"https:\\\/\\\/samarali.com\\\/de\\\/\",\"name\":\"Samarali\",\"description\":\"Samarali ist eine nachhaltige Yoga- und Lifestyle-Marke mit Sitz in den Niederlanden\",\"publisher\":{\"@id\":\"https:\\\/\\\/samarali.com\\\/de\\\/#organization\"},\"potentialAction\":[{\"@type\":\"SearchAction\",\"target\":{\"@type\":\"EntryPoint\",\"urlTemplate\":\"https:\\\/\\\/samarali.com\\\/de\\\/?s={search_term_string}\"},\"query-input\":{\"@type\":\"PropertyValueSpecification\",\"valueRequired\":true,\"valueName\":\"search_term_string\"}}],\"inLanguage\":\"de\"},{\"@type\":\"Organization\",\"@id\":\"https:\\\/\\\/samarali.com\\\/de\\\/#organization\",\"name\":\"Samarali\",\"url\":\"https:\\\/\\\/samarali.com\\\/de\\\/\",\"logo\":{\"@type\":\"ImageObject\",\"inLanguage\":\"de\",\"@id\":\"https:\\\/\\\/samarali.com\\\/de\\\/#\\\/schema\\\/logo\\\/image\\\/\",\"url\":\"https:\\\/\\\/samarali.com\\\/wp-content\\\/uploads\\\/2024\\\/05\\\/cropped-samarali-icon.png\",\"contentUrl\":\"https:\\\/\\\/samarali.com\\\/wp-content\\\/uploads\\\/2024\\\/05\\\/cropped-samarali-icon.png\",\"width\":512,\"height\":512,\"caption\":\"Samarali\"},\"image\":{\"@id\":\"https:\\\/\\\/samarali.com\\\/de\\\/#\\\/schema\\\/logo\\\/image\\\/\"},\"sameAs\":[\"https:\\\/\\\/www.facebook.com\\\/samaraliyoga\",\"https:\\\/\\\/www.linkedin.com\\\/company\\\/69563155\\\/\",\"https:\\\/\\\/www.instagram.com\\\/samaraliyoga\\\/\",\"https:\\\/\\\/nl.pinterest.com\\\/Samaraliyoga\\\/\"],\"description\":\"Samarali is a sustainable yoga and lifestyle brand based in the Netherlands\",\"email\":\"info@samarali.com\",\"legalName\":\"Samarali B.V.\",\"vatID\":\"NL859820324B01\",\"numberOfEmployees\":{\"@type\":\"QuantitativeValue\",\"minValue\":\"1\",\"maxValue\":\"10\"}}]}<\/script>\n<meta property=\"product:price:amount\" content=\"15.95\" \/>\n<meta property=\"product:price:currency\" content=\"EUR\" \/>\n<meta property=\"og:availability\" content=\"instock\" \/>\n<meta property=\"product:availability\" content=\"instock\" \/>\n<meta property=\"product:retailer_item_id\" content=\"11118\" \/>\n<meta property=\"product:condition\" content=\"new\" \/>\n<!-- \/ Yoast SEO Premium plugin. -->","yoast_head_json":{"title":"Massageball aus Kork - Samarali","description":"Massageball aus Kork. Sie eignet sich perfekt f\u00fcr die Behandlung von Triggerpunkten und f\u00f6rdert die Durchblutung und Flexibilit\u00e4t. Kompakt und umweltfreundlich.","robots":{"index":"index","follow":"follow","max-snippet":"max-snippet:-1","max-image-preview":"max-image-preview:large","max-video-preview":"max-video-preview:-1"},"canonical":"https:\/\/samarali.com\/de\/produkt\/massageball-aus-kork\/","og_locale":"de_DE","og_type":"article","og_title":"Massageball aus Kork - Samarali","og_description":"Massageball aus Kork. Sie eignet sich perfekt f\u00fcr die Behandlung von Triggerpunkten und f\u00f6rdert die Durchblutung und Flexibilit\u00e4t. Kompakt und umweltfreundlich.","og_url":"https:\/\/samarali.com\/de\/produkt\/massageball-aus-kork\/","og_site_name":"Samarali","article_publisher":"https:\/\/www.facebook.com\/samaraliyoga","article_modified_time":"2025-01-06T12:44:29+00:00","og_image":[{"width":1080,"height":1080,"url":"https:\/\/samarali.com\/wp-content\/uploads\/2024\/08\/Untitled-12.jpg","type":"image\/jpeg"}],"twitter_card":"summary_large_image","twitter_misc":{"Preis":"&euro;&nbsp;15,95","Verf\u00fcgbarkeit":"Auf Lager"},"schema":{"@context":"https:\/\/schema.org","@graph":[{"@type":"WebPage","@id":"https:\/\/samarali.com\/de\/produkt\/massageball-aus-kork\/","url":"https:\/\/samarali.com\/de\/produkt\/massageball-aus-kork\/","name":"Massageball aus Kork - Samarali","isPartOf":{"@id":"https:\/\/samarali.com\/de\/#website"},"primaryImageOfPage":{"@id":"https:\/\/samarali.com\/de\/produkt\/massageball-aus-kork\/#primaryimage"},"image":{"@id":"https:\/\/samarali.com\/de\/produkt\/massageball-aus-kork\/#primaryimage"},"thumbnailUrl":"https:\/\/samarali.com\/wp-content\/uploads\/2024\/08\/Untitled-12.jpg","datePublished":"2024-08-01T13:29:12+00:00","dateModified":"2025-01-06T12:44:29+00:00","description":"Massageball aus Kork. Sie eignet sich perfekt f\u00fcr die Behandlung von Triggerpunkten und f\u00f6rdert die Durchblutung und Flexibilit\u00e4t. Kompakt und umweltfreundlich.","breadcrumb":{"@id":"https:\/\/samarali.com\/de\/produkt\/massageball-aus-kork\/#breadcrumb"},"inLanguage":"de","potentialAction":[{"@type":"ReadAction","target":["https:\/\/samarali.com\/de\/produkt\/massageball-aus-kork\/"]}]},{"@type":"ImageObject","inLanguage":"de","@id":"https:\/\/samarali.com\/de\/produkt\/massageball-aus-kork\/#primaryimage","url":"https:\/\/samarali.com\/wp-content\/uploads\/2024\/08\/Untitled-12.jpg","contentUrl":"https:\/\/samarali.com\/wp-content\/uploads\/2024\/08\/Untitled-12.jpg","width":1080,"height":1080,"caption":"Unbetitelt 12"},{"@type":"BreadcrumbList","@id":"https:\/\/samarali.com\/de\/produkt\/massageball-aus-kork\/#breadcrumb","itemListElement":[{"@type":"ListItem","position":1,"name":"Startseite","item":"https:\/\/samarali.com\/de\/startseite\/"},{"@type":"ListItem","position":2,"name":"Shop","item":"https:\/\/samarali.com\/de\/shop\/"},{"@type":"ListItem","position":3,"name":"Massageball aus Kork"}]},{"@type":"WebSite","@id":"https:\/\/samarali.com\/de\/#website","url":"https:\/\/samarali.com\/de\/","name":"Samarali","description":"Samarali ist eine nachhaltige Yoga- und Lifestyle-Marke mit Sitz in den Niederlanden","publisher":{"@id":"https:\/\/samarali.com\/de\/#organization"},"potentialAction":[{"@type":"SearchAction","target":{"@type":"EntryPoint","urlTemplate":"https:\/\/samarali.com\/de\/?s={search_term_string}"},"query-input":{"@type":"PropertyValueSpecification","valueRequired":true,"valueName":"search_term_string"}}],"inLanguage":"de"},{"@type":"Organization","@id":"https:\/\/samarali.com\/de\/#organization","name":"Samarali","url":"https:\/\/samarali.com\/de\/","logo":{"@type":"ImageObject","inLanguage":"de","@id":"https:\/\/samarali.com\/de\/#\/schema\/logo\/image\/","url":"https:\/\/samarali.com\/wp-content\/uploads\/2024\/05\/cropped-samarali-icon.png","contentUrl":"https:\/\/samarali.com\/wp-content\/uploads\/2024\/05\/cropped-samarali-icon.png","width":512,"height":512,"caption":"Samarali"},"image":{"@id":"https:\/\/samarali.com\/de\/#\/schema\/logo\/image\/"},"sameAs":["https:\/\/www.facebook.com\/samaraliyoga","https:\/\/www.linkedin.com\/company\/69563155\/","https:\/\/www.instagram.com\/samaraliyoga\/","https:\/\/nl.pinterest.com\/Samaraliyoga\/"],"description":"Samarali is a sustainable yoga and lifestyle brand based in the Netherlands","email":"info@samarali.com","legalName":"Samarali B.V.","vatID":"NL859820324B01","numberOfEmployees":{"@type":"QuantitativeValue","minValue":"1","maxValue":"10"}}]},"product_price_amount":"15.95","product_price_currency":"EUR","og_availability":"instock","product_availability":"instock","product_retailer_item_id":"11118","product_condition":"new"},"jetpack_sharing_enabled":true,"_links":{"self":[{"href":"https:\/\/samarali.com\/de\/wp-json\/wp\/v2\/product\/28719","targetHints":{"allow":["GET"]}}],"collection":[{"href":"https:\/\/samarali.com\/de\/wp-json\/wp\/v2\/product"}],"about":[{"href":"https:\/\/samarali.com\/de\/wp-json\/wp\/v2\/types\/product"}],"replies":[{"embeddable":true,"href":"https:\/\/samarali.com\/de\/wp-json\/wp\/v2\/comments?post=28719"}],"version-history":[{"count":1,"href":"https:\/\/samarali.com\/de\/wp-json\/wp\/v2\/product\/28719\/revisions"}],"predecessor-version":[{"id":32910,"href":"https:\/\/samarali.com\/de\/wp-json\/wp\/v2\/product\/28719\/revisions\/32910"}],"wp:featuredmedia":[{"embeddable":true,"href":"https:\/\/samarali.com\/de\/wp-json\/wp\/v2\/media\/18910"}],"wp:attachment":[{"href":"https:\/\/samarali.com\/de\/wp-json\/wp\/v2\/media?parent=28719"}],"wp:term":[{"taxonomy":"product_cat","embeddable":true,"href":"https:\/\/samarali.com\/de\/wp-json\/wp\/v2\/product_cat?post=28719"},{"taxonomy":"product_tag","embeddable":true,"href":"https:\/\/samarali.com\/de\/wp-json\/wp\/v2\/product_tag?post=28719"}],"curies":[{"name":"wp","href":"https:\/\/api.w.org\/{rel}","templated":true}]}}