{"id":28696,"date":"2024-08-01T12:42:15","date_gmt":"2024-08-01T10:42:15","guid":{"rendered":"https:\/\/samarali.com\/product\/yogariemen-aus-bio-baumwolle\/"},"modified":"2025-01-06T13:44:07","modified_gmt":"2025-01-06T12:44:07","slug":"yogariemen-aus-bio-baumwolle","status":"publish","type":"product","link":"https:\/\/samarali.com\/de\/produkt\/yogariemen-aus-bio-baumwolle\/","title":{"rendered":"Yogariemen aus Bio-Baumwolle"},"content":{"rendered":"<p>Ganz gleich, ob Sie gerade erst mit Ihrer Yogapraxis beginnen oder schon fortgeschritten sind, ein Yogagurt ist eines der wichtigsten Yoga-Accessoires. Es hilft Ihnen bei der tiefen Dehnung und verbessert Ihre Flexibilit\u00e4t. Unsere Yogagurte wurden entwickelt, um Ihre Dehn\u00fcbungen bequemer und entspannender zu machen und gleichzeitig Ihre Flexibilit\u00e4t bei regelm\u00e4\u00dfiger Asana-Praxis zu verbessern. Diese robusten B\u00e4nder werden aus 100% Bio-Baumwolle hergestellt und sind GOTS-zertifiziert. Dank der D-f\u00f6rmigen Metallschnallen l\u00e4sst sich der Gurt leicht verstellen, so dass Sie in jeder gew\u00fcnschten Pose Halt finden.<\/p>\n<p><strong>Produktpflege:<\/strong><\/p>\n<ul>\n<li>Yogagurte k\u00f6nnen in der Waschmaschine im Schonwaschgang bei niedriger Temperatur oder maximal 30 Grad Celsius gewaschen werden.<\/li>\n<li>Mit \u00e4hnlichen Farben waschen<\/li>\n<li>An der Luft trocknen oder im W\u00e4schetrockner trocknen<\/li>\n<li>B\u00fcgeleisen mit mittlerer Temperatur<\/li>\n<\/ul>\n","protected":false},"excerpt":{"rendered":"<p>Verbessern Sie Ihre Flexibilit\u00e4t mit unserem Yogagurt aus 100% Bio-Baumwolle. Es ist ideal f\u00fcr tiefe Dehnungen und Unterst\u00fctzung und verf\u00fcgt \u00fcber verstellbare D-f\u00f6rmige Metallschnallen. Langlebig, umweltfreundlich und pflegeleicht.<\/p>\n","protected":false},"featured_media":18550,"comment_status":"open","ping_status":"closed","template":"","meta":{"_acf_changed":false,"_improvement_type_select":"improve_an_existing","_thumb_yes_seoaic":false,"_frame_yes_seoaic":false,"seoaic_generate_description":"","seoaic_improve_instructions_prompt":"","seoaic_rollback_content_improvement":"","seoaic_idea_thumbnail_generator":"","thumbnail_generated":false,"thumbnail_generate_prompt":"","seoaic_article_description":"","inline_featured_image":false},"product_cat":[348,321,346,347],"product_tag":[],"class_list":{"0":"post-28696","1":"product","2":"type-product","3":"status-publish","4":"has-post-thumbnail","6":"product_cat-taschen","7":"product_cat-yoga-de","8":"product_cat-yoga-zubehor","9":"product_cat-zubehor","11":"first","12":"instock","13":"shipping-taxable","14":"purchasable","15":"product-type-variable"},"acf":[],"yoast_head":"<!-- This site is optimized with the Yoast SEO Premium plugin v27.3 (Yoast SEO v27.3) - https:\/\/yoast.com\/product\/yoast-seo-premium-wordpress\/ -->\n<title>Yogariemen aus Bio-Baumwolle - Samarali<\/title>\n<meta name=\"description\" content=\"Yoga-Gurt aus Baumwolle. Es ist ideal f\u00fcr tiefe Dehnungen und Unterst\u00fctzung und verf\u00fcgt \u00fcber verstellbare D-f\u00f6rmige Metallschnallen. Langlebig, umweltfreundlich und pflegeleicht.\" \/>\n<meta name=\"robots\" content=\"index, follow, max-snippet:-1, max-image-preview:large, max-video-preview:-1\" \/>\n<link rel=\"canonical\" href=\"https:\/\/samarali.com\/de\/produkt\/yogariemen-aus-bio-baumwolle\/\" \/>\n<meta property=\"og:locale\" content=\"de_DE\" \/>\n<meta property=\"og:type\" content=\"article\" \/>\n<meta property=\"og:title\" content=\"Yogariemen aus Bio-Baumwolle - Samarali\" \/>\n<meta property=\"og:description\" content=\"Yoga-Gurt aus Baumwolle. Es ist ideal f\u00fcr tiefe Dehnungen und Unterst\u00fctzung und verf\u00fcgt \u00fcber verstellbare D-f\u00f6rmige Metallschnallen. Langlebig, umweltfreundlich und pflegeleicht.\" \/>\n<meta property=\"og:url\" content=\"https:\/\/samarali.com\/de\/produkt\/yogariemen-aus-bio-baumwolle\/\" \/>\n<meta property=\"og:site_name\" content=\"Samarali\" \/>\n<meta property=\"article:publisher\" content=\"https:\/\/www.facebook.com\/samaraliyoga\" \/>\n<meta property=\"article:modified_time\" content=\"2025-01-06T12:44:07+00:00\" \/>\n<meta property=\"og:image\" content=\"https:\/\/samarali.com\/wp-content\/uploads\/2024\/08\/Yoga-straps-All-colors_2-600x600-1.jpg\" \/>\n\t<meta property=\"og:image:width\" content=\"600\" \/>\n\t<meta property=\"og:image:height\" content=\"600\" \/>\n\t<meta property=\"og:image:type\" content=\"image\/jpeg\" \/>\n<meta name=\"twitter:card\" content=\"summary_large_image\" \/>\n<meta name=\"twitter:label1\" content=\"Verf\u00fcgbarkeit\" \/>\n\t<meta name=\"twitter:data1\" content=\"Auf Lager\" \/>\n<script type=\"application\/ld+json\" class=\"yoast-schema-graph\">{\"@context\":\"https:\\\/\\\/schema.org\",\"@graph\":[{\"@type\":\"WebPage\",\"@id\":\"https:\\\/\\\/samarali.com\\\/de\\\/produkt\\\/yogariemen-aus-bio-baumwolle\\\/\",\"url\":\"https:\\\/\\\/samarali.com\\\/de\\\/produkt\\\/yogariemen-aus-bio-baumwolle\\\/\",\"name\":\"Yogariemen aus Bio-Baumwolle - Samarali\",\"isPartOf\":{\"@id\":\"https:\\\/\\\/samarali.com\\\/de\\\/#website\"},\"primaryImageOfPage\":{\"@id\":\"https:\\\/\\\/samarali.com\\\/de\\\/produkt\\\/yogariemen-aus-bio-baumwolle\\\/#primaryimage\"},\"image\":{\"@id\":\"https:\\\/\\\/samarali.com\\\/de\\\/produkt\\\/yogariemen-aus-bio-baumwolle\\\/#primaryimage\"},\"thumbnailUrl\":\"https:\\\/\\\/samarali.com\\\/wp-content\\\/uploads\\\/2024\\\/08\\\/Yoga-straps-All-colors_2-600x600-1.jpg\",\"datePublished\":\"2024-08-01T10:42:15+00:00\",\"dateModified\":\"2025-01-06T12:44:07+00:00\",\"description\":\"Yoga-Gurt aus Baumwolle. Es ist ideal f\u00fcr tiefe Dehnungen und Unterst\u00fctzung und verf\u00fcgt \u00fcber verstellbare D-f\u00f6rmige Metallschnallen. Langlebig, umweltfreundlich und pflegeleicht.\",\"breadcrumb\":{\"@id\":\"https:\\\/\\\/samarali.com\\\/de\\\/produkt\\\/yogariemen-aus-bio-baumwolle\\\/#breadcrumb\"},\"inLanguage\":\"de\",\"potentialAction\":[{\"@type\":\"ReadAction\",\"target\":[\"https:\\\/\\\/samarali.com\\\/de\\\/produkt\\\/yogariemen-aus-bio-baumwolle\\\/\"]}]},{\"@type\":\"ImageObject\",\"inLanguage\":\"de\",\"@id\":\"https:\\\/\\\/samarali.com\\\/de\\\/produkt\\\/yogariemen-aus-bio-baumwolle\\\/#primaryimage\",\"url\":\"https:\\\/\\\/samarali.com\\\/wp-content\\\/uploads\\\/2024\\\/08\\\/Yoga-straps-All-colors_2-600x600-1.jpg\",\"contentUrl\":\"https:\\\/\\\/samarali.com\\\/wp-content\\\/uploads\\\/2024\\\/08\\\/Yoga-straps-All-colors_2-600x600-1.jpg\",\"width\":600,\"height\":600,\"caption\":\"Yogagurte Alle Farben 2 600x600 1\"},{\"@type\":\"BreadcrumbList\",\"@id\":\"https:\\\/\\\/samarali.com\\\/de\\\/produkt\\\/yogariemen-aus-bio-baumwolle\\\/#breadcrumb\",\"itemListElement\":[{\"@type\":\"ListItem\",\"position\":1,\"name\":\"Startseite\",\"item\":\"https:\\\/\\\/samarali.com\\\/de\\\/startseite\\\/\"},{\"@type\":\"ListItem\",\"position\":2,\"name\":\"Shop\",\"item\":\"https:\\\/\\\/samarali.com\\\/de\\\/shop\\\/\"},{\"@type\":\"ListItem\",\"position\":3,\"name\":\"Yogariemen aus Bio-Baumwolle\"}]},{\"@type\":\"WebSite\",\"@id\":\"https:\\\/\\\/samarali.com\\\/de\\\/#website\",\"url\":\"https:\\\/\\\/samarali.com\\\/de\\\/\",\"name\":\"Samarali\",\"description\":\"Samarali ist eine nachhaltige Yoga- und Lifestyle-Marke mit Sitz in den Niederlanden\",\"publisher\":{\"@id\":\"https:\\\/\\\/samarali.com\\\/de\\\/#organization\"},\"potentialAction\":[{\"@type\":\"SearchAction\",\"target\":{\"@type\":\"EntryPoint\",\"urlTemplate\":\"https:\\\/\\\/samarali.com\\\/de\\\/?s={search_term_string}\"},\"query-input\":{\"@type\":\"PropertyValueSpecification\",\"valueRequired\":true,\"valueName\":\"search_term_string\"}}],\"inLanguage\":\"de\"},{\"@type\":\"Organization\",\"@id\":\"https:\\\/\\\/samarali.com\\\/de\\\/#organization\",\"name\":\"Samarali\",\"url\":\"https:\\\/\\\/samarali.com\\\/de\\\/\",\"logo\":{\"@type\":\"ImageObject\",\"inLanguage\":\"de\",\"@id\":\"https:\\\/\\\/samarali.com\\\/de\\\/#\\\/schema\\\/logo\\\/image\\\/\",\"url\":\"https:\\\/\\\/samarali.com\\\/wp-content\\\/uploads\\\/2024\\\/05\\\/cropped-samarali-icon.png\",\"contentUrl\":\"https:\\\/\\\/samarali.com\\\/wp-content\\\/uploads\\\/2024\\\/05\\\/cropped-samarali-icon.png\",\"width\":512,\"height\":512,\"caption\":\"Samarali\"},\"image\":{\"@id\":\"https:\\\/\\\/samarali.com\\\/de\\\/#\\\/schema\\\/logo\\\/image\\\/\"},\"sameAs\":[\"https:\\\/\\\/www.facebook.com\\\/samaraliyoga\",\"https:\\\/\\\/www.linkedin.com\\\/company\\\/69563155\\\/\",\"https:\\\/\\\/www.instagram.com\\\/samaraliyoga\\\/\",\"https:\\\/\\\/nl.pinterest.com\\\/Samaraliyoga\\\/\"],\"description\":\"Samarali is a sustainable yoga and lifestyle brand based in the Netherlands\",\"email\":\"info@samarali.com\",\"legalName\":\"Samarali B.V.\",\"vatID\":\"NL859820324B01\",\"numberOfEmployees\":{\"@type\":\"QuantitativeValue\",\"minValue\":\"1\",\"maxValue\":\"10\"}}]}<\/script>\n<meta property=\"og:availability\" content=\"instock\" \/>\n<meta property=\"product:availability\" content=\"instock\" \/>\n<meta property=\"product:condition\" content=\"new\" \/>\n<!-- \/ Yoast SEO Premium plugin. -->","yoast_head_json":{"title":"Yogariemen aus Bio-Baumwolle - Samarali","description":"Yoga-Gurt aus Baumwolle. Es ist ideal f\u00fcr tiefe Dehnungen und Unterst\u00fctzung und verf\u00fcgt \u00fcber verstellbare D-f\u00f6rmige Metallschnallen. Langlebig, umweltfreundlich und pflegeleicht.","robots":{"index":"index","follow":"follow","max-snippet":"max-snippet:-1","max-image-preview":"max-image-preview:large","max-video-preview":"max-video-preview:-1"},"canonical":"https:\/\/samarali.com\/de\/produkt\/yogariemen-aus-bio-baumwolle\/","og_locale":"de_DE","og_type":"article","og_title":"Yogariemen aus Bio-Baumwolle - Samarali","og_description":"Yoga-Gurt aus Baumwolle. Es ist ideal f\u00fcr tiefe Dehnungen und Unterst\u00fctzung und verf\u00fcgt \u00fcber verstellbare D-f\u00f6rmige Metallschnallen. Langlebig, umweltfreundlich und pflegeleicht.","og_url":"https:\/\/samarali.com\/de\/produkt\/yogariemen-aus-bio-baumwolle\/","og_site_name":"Samarali","article_publisher":"https:\/\/www.facebook.com\/samaraliyoga","article_modified_time":"2025-01-06T12:44:07+00:00","og_image":[{"width":600,"height":600,"url":"https:\/\/samarali.com\/wp-content\/uploads\/2024\/08\/Yoga-straps-All-colors_2-600x600-1.jpg","type":"image\/jpeg"}],"twitter_card":"summary_large_image","twitter_misc":{"Verf\u00fcgbarkeit":"Auf Lager"},"schema":{"@context":"https:\/\/schema.org","@graph":[{"@type":"WebPage","@id":"https:\/\/samarali.com\/de\/produkt\/yogariemen-aus-bio-baumwolle\/","url":"https:\/\/samarali.com\/de\/produkt\/yogariemen-aus-bio-baumwolle\/","name":"Yogariemen aus Bio-Baumwolle - Samarali","isPartOf":{"@id":"https:\/\/samarali.com\/de\/#website"},"primaryImageOfPage":{"@id":"https:\/\/samarali.com\/de\/produkt\/yogariemen-aus-bio-baumwolle\/#primaryimage"},"image":{"@id":"https:\/\/samarali.com\/de\/produkt\/yogariemen-aus-bio-baumwolle\/#primaryimage"},"thumbnailUrl":"https:\/\/samarali.com\/wp-content\/uploads\/2024\/08\/Yoga-straps-All-colors_2-600x600-1.jpg","datePublished":"2024-08-01T10:42:15+00:00","dateModified":"2025-01-06T12:44:07+00:00","description":"Yoga-Gurt aus Baumwolle. Es ist ideal f\u00fcr tiefe Dehnungen und Unterst\u00fctzung und verf\u00fcgt \u00fcber verstellbare D-f\u00f6rmige Metallschnallen. Langlebig, umweltfreundlich und pflegeleicht.","breadcrumb":{"@id":"https:\/\/samarali.com\/de\/produkt\/yogariemen-aus-bio-baumwolle\/#breadcrumb"},"inLanguage":"de","potentialAction":[{"@type":"ReadAction","target":["https:\/\/samarali.com\/de\/produkt\/yogariemen-aus-bio-baumwolle\/"]}]},{"@type":"ImageObject","inLanguage":"de","@id":"https:\/\/samarali.com\/de\/produkt\/yogariemen-aus-bio-baumwolle\/#primaryimage","url":"https:\/\/samarali.com\/wp-content\/uploads\/2024\/08\/Yoga-straps-All-colors_2-600x600-1.jpg","contentUrl":"https:\/\/samarali.com\/wp-content\/uploads\/2024\/08\/Yoga-straps-All-colors_2-600x600-1.jpg","width":600,"height":600,"caption":"Yogagurte Alle Farben 2 600x600 1"},{"@type":"BreadcrumbList","@id":"https:\/\/samarali.com\/de\/produkt\/yogariemen-aus-bio-baumwolle\/#breadcrumb","itemListElement":[{"@type":"ListItem","position":1,"name":"Startseite","item":"https:\/\/samarali.com\/de\/startseite\/"},{"@type":"ListItem","position":2,"name":"Shop","item":"https:\/\/samarali.com\/de\/shop\/"},{"@type":"ListItem","position":3,"name":"Yogariemen aus Bio-Baumwolle"}]},{"@type":"WebSite","@id":"https:\/\/samarali.com\/de\/#website","url":"https:\/\/samarali.com\/de\/","name":"Samarali","description":"Samarali ist eine nachhaltige Yoga- und Lifestyle-Marke mit Sitz in den Niederlanden","publisher":{"@id":"https:\/\/samarali.com\/de\/#organization"},"potentialAction":[{"@type":"SearchAction","target":{"@type":"EntryPoint","urlTemplate":"https:\/\/samarali.com\/de\/?s={search_term_string}"},"query-input":{"@type":"PropertyValueSpecification","valueRequired":true,"valueName":"search_term_string"}}],"inLanguage":"de"},{"@type":"Organization","@id":"https:\/\/samarali.com\/de\/#organization","name":"Samarali","url":"https:\/\/samarali.com\/de\/","logo":{"@type":"ImageObject","inLanguage":"de","@id":"https:\/\/samarali.com\/de\/#\/schema\/logo\/image\/","url":"https:\/\/samarali.com\/wp-content\/uploads\/2024\/05\/cropped-samarali-icon.png","contentUrl":"https:\/\/samarali.com\/wp-content\/uploads\/2024\/05\/cropped-samarali-icon.png","width":512,"height":512,"caption":"Samarali"},"image":{"@id":"https:\/\/samarali.com\/de\/#\/schema\/logo\/image\/"},"sameAs":["https:\/\/www.facebook.com\/samaraliyoga","https:\/\/www.linkedin.com\/company\/69563155\/","https:\/\/www.instagram.com\/samaraliyoga\/","https:\/\/nl.pinterest.com\/Samaraliyoga\/"],"description":"Samarali is a sustainable yoga and lifestyle brand based in the Netherlands","email":"info@samarali.com","legalName":"Samarali B.V.","vatID":"NL859820324B01","numberOfEmployees":{"@type":"QuantitativeValue","minValue":"1","maxValue":"10"}}]},"og_availability":"instock","product_availability":"instock","product_condition":"new"},"jetpack_sharing_enabled":true,"_links":{"self":[{"href":"https:\/\/samarali.com\/de\/wp-json\/wp\/v2\/product\/28696","targetHints":{"allow":["GET"]}}],"collection":[{"href":"https:\/\/samarali.com\/de\/wp-json\/wp\/v2\/product"}],"about":[{"href":"https:\/\/samarali.com\/de\/wp-json\/wp\/v2\/types\/product"}],"replies":[{"embeddable":true,"href":"https:\/\/samarali.com\/de\/wp-json\/wp\/v2\/comments?post=28696"}],"version-history":[{"count":1,"href":"https:\/\/samarali.com\/de\/wp-json\/wp\/v2\/product\/28696\/revisions"}],"predecessor-version":[{"id":32893,"href":"https:\/\/samarali.com\/de\/wp-json\/wp\/v2\/product\/28696\/revisions\/32893"}],"wp:featuredmedia":[{"embeddable":true,"href":"https:\/\/samarali.com\/de\/wp-json\/wp\/v2\/media\/18550"}],"wp:attachment":[{"href":"https:\/\/samarali.com\/de\/wp-json\/wp\/v2\/media?parent=28696"}],"wp:term":[{"taxonomy":"product_cat","embeddable":true,"href":"https:\/\/samarali.com\/de\/wp-json\/wp\/v2\/product_cat?post=28696"},{"taxonomy":"product_tag","embeddable":true,"href":"https:\/\/samarali.com\/de\/wp-json\/wp\/v2\/product_tag?post=28696"}],"curies":[{"name":"wp","href":"https:\/\/api.w.org\/{rel}","templated":true}]}}