{"id":28661,"date":"2024-08-01T14:08:29","date_gmt":"2024-08-01T12:08:29","guid":{"rendered":"https:\/\/samarali.com\/product\/kork-yoga-matte-riemen\/"},"modified":"2024-12-02T00:03:16","modified_gmt":"2024-12-01T23:03:16","slug":"kork-yoga-matte-riemen","status":"publish","type":"product","link":"https:\/\/samarali.com\/de\/produkt\/kork-yoga-matte-riemen\/","title":{"rendered":"Kork Yoga Matte Riemen"},"content":{"rendered":"<p>Unser Yogamattengurt aus Kork ist eine umweltbewusste Alternative und eine Bereicherung f\u00fcr Yoga-Enthusiasten, denen die Umwelt am Herzen liegt.<br \/>\nDer Gurt ist aus 100% Kork gefertigt, einem biologisch abbaubaren Material, das leicht und strapazierf\u00e4hig ist, sich aber auch weich anf\u00fchlt.<br \/>\nDas Material ist auch sehr bequem &#8211; Sie werden den Gurt nie wieder an Ihrem Hintern sp\u00fcren!<br \/>\nSie k\u00f6nnen die L\u00e4nge des Riemens an Ihre Yogamatte und Ihre K\u00f6rpergr\u00f6\u00dfe anpassen.<br \/>\nDie Schnalle sorgt daf\u00fcr, dass der Yogamattengurt genau so lang bleibt, wie Sie ihn brauchen, und h\u00e4lt die Matte an ihrem Platz, wenn Sie sie zu Ihrem \u00dcbungsplatz transportieren.<br \/>\nUnser Korkriemen wird in Portugal hergestellt, einem Land, das f\u00fcr seine Handwerkskunst und sein Engagement f\u00fcr Qualit\u00e4t bekannt ist.<br \/>\nDer Tragegurt ist individuell anpassbar, d.h. er kann Yogamatten in verschiedenen Gr\u00f6\u00dfen aufnehmen.<br \/>\nAu\u00dferdem k\u00f6nnen Sie ihn an Ihre K\u00f6rpergr\u00f6\u00dfe anpassen, so dass Sie sich beim Tragen nicht \u00fcberanstrengen m\u00fcssen.<br \/>\nDer Korkriemen ist nicht auf das Tragen Ihrer Matte beschr\u00e4nkt.<br \/>\nEr ist ein multifunktionales Accessoire, das Ihnen in verschiedenen Positionen Halt und Unterst\u00fctzung bietet.<br \/>\nGanz gleich, ob Sie an Ihrer Beweglichkeit, Ihrer Ausrichtung oder Ihrem Gleichgewicht arbeiten, dieser Gurt kann Ihnen helfen!<br \/>\nDie Pflege des Korkriemens ist einfach.<br \/>\nWischen Sie es nach jedem Gebrauch mit einem feuchten Tuch und milder Seife ab, um es frisch und sauber zu halten.<br \/>\nDie nat\u00fcrlichen Eigenschaften von Kork machen ihn resistent gegen Schimmel, Mehltau und Ger\u00fcche, so dass es nicht viel zu pflegen gibt!             <\/p>\n","protected":false},"excerpt":{"rendered":"<p>Unser Yogamattengurt aus Kork ist eine umweltbewusste Alternative und eine Bereicherung f\u00fcr Yoga-Enthusiasten, denen die Umwelt am Herzen liegt. Der Gurt ist aus 100% Kork gefertigt, einem biologisch abbaubaren Material, das leicht und strapazierf\u00e4hig ist, sich aber auch weich anf\u00fchlt. Das Material ist auch sehr bequem &#8211; Sie werden den Gurt nie wieder an Ihrem [&hellip;]<\/p>\n","protected":false},"featured_media":18426,"comment_status":"open","ping_status":"closed","template":"","meta":{"_acf_changed":false,"_improvement_type_select":"improve_an_existing","_thumb_yes_seoaic":false,"_frame_yes_seoaic":false,"seoaic_generate_description":"","seoaic_improve_instructions_prompt":"","seoaic_rollback_content_improvement":"","seoaic_idea_thumbnail_generator":"","thumbnail_generated":false,"thumbnail_generate_prompt":"","seoaic_article_description":"","inline_featured_image":false},"product_cat":[348,321,346,347],"product_tag":[],"class_list":{"0":"post-28661","1":"product","2":"type-product","3":"status-publish","4":"has-post-thumbnail","6":"product_cat-taschen","7":"product_cat-yoga-de","8":"product_cat-yoga-zubehor","9":"product_cat-zubehor","11":"first","12":"instock","13":"shipping-taxable","14":"purchasable","15":"product-type-simple"},"acf":[],"yoast_head":"<!-- This site is optimized with the Yoast SEO Premium plugin v27.3 (Yoast SEO v27.3) - https:\/\/yoast.com\/product\/yoast-seo-premium-wordpress\/ -->\n<title>Kork Yoga Matte Riemen - Samarali<\/title>\n<meta name=\"robots\" content=\"index, follow, max-snippet:-1, max-image-preview:large, max-video-preview:-1\" \/>\n<link rel=\"canonical\" href=\"https:\/\/samarali.com\/de\/produkt\/kork-yoga-matte-riemen\/\" \/>\n<meta property=\"og:locale\" content=\"de_DE\" \/>\n<meta property=\"og:type\" content=\"article\" \/>\n<meta property=\"og:title\" content=\"Kork Yoga Matte Riemen - Samarali\" \/>\n<meta property=\"og:description\" content=\"Unser Yogamattengurt aus Kork ist eine umweltbewusste Alternative und eine Bereicherung f\u00fcr Yoga-Enthusiasten, denen die Umwelt am Herzen liegt. Der Gurt ist aus 100% Kork gefertigt, einem biologisch abbaubaren Material, das leicht und strapazierf\u00e4hig ist, sich aber auch weich anf\u00fchlt. Das Material ist auch sehr bequem &#8211; Sie werden den Gurt nie wieder an Ihrem [&hellip;]\" \/>\n<meta property=\"og:url\" content=\"https:\/\/samarali.com\/de\/produkt\/kork-yoga-matte-riemen\/\" \/>\n<meta property=\"og:site_name\" content=\"Samarali\" \/>\n<meta property=\"article:publisher\" content=\"https:\/\/www.facebook.com\/samaraliyoga\" \/>\n<meta property=\"article:modified_time\" content=\"2024-12-01T23:03:16+00:00\" \/>\n<meta property=\"og:image\" content=\"https:\/\/samarali.com\/wp-content\/uploads\/2024\/08\/Cork-yoga-strap_3.jpg\" \/>\n\t<meta property=\"og:image:width\" content=\"1000\" \/>\n\t<meta property=\"og:image:height\" content=\"1000\" \/>\n\t<meta property=\"og:image:type\" content=\"image\/jpeg\" \/>\n<meta name=\"twitter:card\" content=\"summary_large_image\" \/>\n<meta name=\"twitter:label1\" content=\"Preis\" \/>\n\t<meta name=\"twitter:data1\" content=\"&euro;&nbsp;32,00\" \/>\n\t<meta name=\"twitter:label2\" content=\"Verf\u00fcgbarkeit\" \/>\n\t<meta name=\"twitter:data2\" content=\"Auf Lager\" \/>\n<script type=\"application\/ld+json\" class=\"yoast-schema-graph\">{\"@context\":\"https:\\\/\\\/schema.org\",\"@graph\":[{\"@type\":\"WebPage\",\"@id\":\"https:\\\/\\\/samarali.com\\\/de\\\/produkt\\\/kork-yoga-matte-riemen\\\/\",\"url\":\"https:\\\/\\\/samarali.com\\\/de\\\/produkt\\\/kork-yoga-matte-riemen\\\/\",\"name\":\"Kork Yoga Matte Riemen - Samarali\",\"isPartOf\":{\"@id\":\"https:\\\/\\\/samarali.com\\\/de\\\/#website\"},\"primaryImageOfPage\":{\"@id\":\"https:\\\/\\\/samarali.com\\\/de\\\/produkt\\\/kork-yoga-matte-riemen\\\/#primaryimage\"},\"image\":{\"@id\":\"https:\\\/\\\/samarali.com\\\/de\\\/produkt\\\/kork-yoga-matte-riemen\\\/#primaryimage\"},\"thumbnailUrl\":\"https:\\\/\\\/samarali.com\\\/wp-content\\\/uploads\\\/2024\\\/08\\\/Cork-yoga-strap_3.jpg\",\"datePublished\":\"2024-08-01T12:08:29+00:00\",\"dateModified\":\"2024-12-01T23:03:16+00:00\",\"breadcrumb\":{\"@id\":\"https:\\\/\\\/samarali.com\\\/de\\\/produkt\\\/kork-yoga-matte-riemen\\\/#breadcrumb\"},\"inLanguage\":\"de\",\"potentialAction\":[{\"@type\":\"ReadAction\",\"target\":[\"https:\\\/\\\/samarali.com\\\/de\\\/produkt\\\/kork-yoga-matte-riemen\\\/\"]}]},{\"@type\":\"ImageObject\",\"inLanguage\":\"de\",\"@id\":\"https:\\\/\\\/samarali.com\\\/de\\\/produkt\\\/kork-yoga-matte-riemen\\\/#primaryimage\",\"url\":\"https:\\\/\\\/samarali.com\\\/wp-content\\\/uploads\\\/2024\\\/08\\\/Cork-yoga-strap_3.jpg\",\"contentUrl\":\"https:\\\/\\\/samarali.com\\\/wp-content\\\/uploads\\\/2024\\\/08\\\/Cork-yoga-strap_3.jpg\",\"width\":1000,\"height\":1000,\"caption\":\"Cork yoga strap 3\"},{\"@type\":\"BreadcrumbList\",\"@id\":\"https:\\\/\\\/samarali.com\\\/de\\\/produkt\\\/kork-yoga-matte-riemen\\\/#breadcrumb\",\"itemListElement\":[{\"@type\":\"ListItem\",\"position\":1,\"name\":\"Startseite\",\"item\":\"https:\\\/\\\/samarali.com\\\/de\\\/startseite\\\/\"},{\"@type\":\"ListItem\",\"position\":2,\"name\":\"Shop\",\"item\":\"https:\\\/\\\/samarali.com\\\/de\\\/shop\\\/\"},{\"@type\":\"ListItem\",\"position\":3,\"name\":\"Kork Yoga Matte Riemen\"}]},{\"@type\":\"WebSite\",\"@id\":\"https:\\\/\\\/samarali.com\\\/de\\\/#website\",\"url\":\"https:\\\/\\\/samarali.com\\\/de\\\/\",\"name\":\"Samarali\",\"description\":\"Samarali ist eine nachhaltige Yoga- und Lifestyle-Marke mit Sitz in den Niederlanden\",\"publisher\":{\"@id\":\"https:\\\/\\\/samarali.com\\\/de\\\/#organization\"},\"potentialAction\":[{\"@type\":\"SearchAction\",\"target\":{\"@type\":\"EntryPoint\",\"urlTemplate\":\"https:\\\/\\\/samarali.com\\\/de\\\/?s={search_term_string}\"},\"query-input\":{\"@type\":\"PropertyValueSpecification\",\"valueRequired\":true,\"valueName\":\"search_term_string\"}}],\"inLanguage\":\"de\"},{\"@type\":\"Organization\",\"@id\":\"https:\\\/\\\/samarali.com\\\/de\\\/#organization\",\"name\":\"Samarali\",\"url\":\"https:\\\/\\\/samarali.com\\\/de\\\/\",\"logo\":{\"@type\":\"ImageObject\",\"inLanguage\":\"de\",\"@id\":\"https:\\\/\\\/samarali.com\\\/de\\\/#\\\/schema\\\/logo\\\/image\\\/\",\"url\":\"https:\\\/\\\/samarali.com\\\/wp-content\\\/uploads\\\/2024\\\/05\\\/cropped-samarali-icon.png\",\"contentUrl\":\"https:\\\/\\\/samarali.com\\\/wp-content\\\/uploads\\\/2024\\\/05\\\/cropped-samarali-icon.png\",\"width\":512,\"height\":512,\"caption\":\"Samarali\"},\"image\":{\"@id\":\"https:\\\/\\\/samarali.com\\\/de\\\/#\\\/schema\\\/logo\\\/image\\\/\"},\"sameAs\":[\"https:\\\/\\\/www.facebook.com\\\/samaraliyoga\",\"https:\\\/\\\/www.linkedin.com\\\/company\\\/69563155\\\/\",\"https:\\\/\\\/www.instagram.com\\\/samaraliyoga\\\/\",\"https:\\\/\\\/nl.pinterest.com\\\/Samaraliyoga\\\/\"],\"description\":\"Samarali is a sustainable yoga and lifestyle brand based in the Netherlands\",\"email\":\"info@samarali.com\",\"legalName\":\"Samarali B.V.\",\"vatID\":\"NL859820324B01\",\"numberOfEmployees\":{\"@type\":\"QuantitativeValue\",\"minValue\":\"1\",\"maxValue\":\"10\"}}]}<\/script>\n<meta property=\"product:price:amount\" content=\"32.00\" \/>\n<meta property=\"product:price:currency\" content=\"EUR\" \/>\n<meta property=\"og:availability\" content=\"instock\" \/>\n<meta property=\"product:availability\" content=\"instock\" \/>\n<meta property=\"product:retailer_item_id\" content=\"11692\" \/>\n<meta property=\"product:condition\" content=\"new\" \/>\n<!-- \/ Yoast SEO Premium plugin. -->","yoast_head_json":{"title":"Kork Yoga Matte Riemen - Samarali","robots":{"index":"index","follow":"follow","max-snippet":"max-snippet:-1","max-image-preview":"max-image-preview:large","max-video-preview":"max-video-preview:-1"},"canonical":"https:\/\/samarali.com\/de\/produkt\/kork-yoga-matte-riemen\/","og_locale":"de_DE","og_type":"article","og_title":"Kork Yoga Matte Riemen - Samarali","og_description":"Unser Yogamattengurt aus Kork ist eine umweltbewusste Alternative und eine Bereicherung f\u00fcr Yoga-Enthusiasten, denen die Umwelt am Herzen liegt. Der Gurt ist aus 100% Kork gefertigt, einem biologisch abbaubaren Material, das leicht und strapazierf\u00e4hig ist, sich aber auch weich anf\u00fchlt. Das Material ist auch sehr bequem &#8211; Sie werden den Gurt nie wieder an Ihrem [&hellip;]","og_url":"https:\/\/samarali.com\/de\/produkt\/kork-yoga-matte-riemen\/","og_site_name":"Samarali","article_publisher":"https:\/\/www.facebook.com\/samaraliyoga","article_modified_time":"2024-12-01T23:03:16+00:00","og_image":[{"width":1000,"height":1000,"url":"https:\/\/samarali.com\/wp-content\/uploads\/2024\/08\/Cork-yoga-strap_3.jpg","type":"image\/jpeg"}],"twitter_card":"summary_large_image","twitter_misc":{"Preis":"&euro;&nbsp;32,00","Verf\u00fcgbarkeit":"Auf Lager"},"schema":{"@context":"https:\/\/schema.org","@graph":[{"@type":"WebPage","@id":"https:\/\/samarali.com\/de\/produkt\/kork-yoga-matte-riemen\/","url":"https:\/\/samarali.com\/de\/produkt\/kork-yoga-matte-riemen\/","name":"Kork Yoga Matte Riemen - Samarali","isPartOf":{"@id":"https:\/\/samarali.com\/de\/#website"},"primaryImageOfPage":{"@id":"https:\/\/samarali.com\/de\/produkt\/kork-yoga-matte-riemen\/#primaryimage"},"image":{"@id":"https:\/\/samarali.com\/de\/produkt\/kork-yoga-matte-riemen\/#primaryimage"},"thumbnailUrl":"https:\/\/samarali.com\/wp-content\/uploads\/2024\/08\/Cork-yoga-strap_3.jpg","datePublished":"2024-08-01T12:08:29+00:00","dateModified":"2024-12-01T23:03:16+00:00","breadcrumb":{"@id":"https:\/\/samarali.com\/de\/produkt\/kork-yoga-matte-riemen\/#breadcrumb"},"inLanguage":"de","potentialAction":[{"@type":"ReadAction","target":["https:\/\/samarali.com\/de\/produkt\/kork-yoga-matte-riemen\/"]}]},{"@type":"ImageObject","inLanguage":"de","@id":"https:\/\/samarali.com\/de\/produkt\/kork-yoga-matte-riemen\/#primaryimage","url":"https:\/\/samarali.com\/wp-content\/uploads\/2024\/08\/Cork-yoga-strap_3.jpg","contentUrl":"https:\/\/samarali.com\/wp-content\/uploads\/2024\/08\/Cork-yoga-strap_3.jpg","width":1000,"height":1000,"caption":"Cork yoga strap 3"},{"@type":"BreadcrumbList","@id":"https:\/\/samarali.com\/de\/produkt\/kork-yoga-matte-riemen\/#breadcrumb","itemListElement":[{"@type":"ListItem","position":1,"name":"Startseite","item":"https:\/\/samarali.com\/de\/startseite\/"},{"@type":"ListItem","position":2,"name":"Shop","item":"https:\/\/samarali.com\/de\/shop\/"},{"@type":"ListItem","position":3,"name":"Kork Yoga Matte Riemen"}]},{"@type":"WebSite","@id":"https:\/\/samarali.com\/de\/#website","url":"https:\/\/samarali.com\/de\/","name":"Samarali","description":"Samarali ist eine nachhaltige Yoga- und Lifestyle-Marke mit Sitz in den Niederlanden","publisher":{"@id":"https:\/\/samarali.com\/de\/#organization"},"potentialAction":[{"@type":"SearchAction","target":{"@type":"EntryPoint","urlTemplate":"https:\/\/samarali.com\/de\/?s={search_term_string}"},"query-input":{"@type":"PropertyValueSpecification","valueRequired":true,"valueName":"search_term_string"}}],"inLanguage":"de"},{"@type":"Organization","@id":"https:\/\/samarali.com\/de\/#organization","name":"Samarali","url":"https:\/\/samarali.com\/de\/","logo":{"@type":"ImageObject","inLanguage":"de","@id":"https:\/\/samarali.com\/de\/#\/schema\/logo\/image\/","url":"https:\/\/samarali.com\/wp-content\/uploads\/2024\/05\/cropped-samarali-icon.png","contentUrl":"https:\/\/samarali.com\/wp-content\/uploads\/2024\/05\/cropped-samarali-icon.png","width":512,"height":512,"caption":"Samarali"},"image":{"@id":"https:\/\/samarali.com\/de\/#\/schema\/logo\/image\/"},"sameAs":["https:\/\/www.facebook.com\/samaraliyoga","https:\/\/www.linkedin.com\/company\/69563155\/","https:\/\/www.instagram.com\/samaraliyoga\/","https:\/\/nl.pinterest.com\/Samaraliyoga\/"],"description":"Samarali is a sustainable yoga and lifestyle brand based in the Netherlands","email":"info@samarali.com","legalName":"Samarali B.V.","vatID":"NL859820324B01","numberOfEmployees":{"@type":"QuantitativeValue","minValue":"1","maxValue":"10"}}]},"product_price_amount":"32.00","product_price_currency":"EUR","og_availability":"instock","product_availability":"instock","product_retailer_item_id":"11692","product_condition":"new"},"jetpack_sharing_enabled":true,"_links":{"self":[{"href":"https:\/\/samarali.com\/de\/wp-json\/wp\/v2\/product\/28661","targetHints":{"allow":["GET"]}}],"collection":[{"href":"https:\/\/samarali.com\/de\/wp-json\/wp\/v2\/product"}],"about":[{"href":"https:\/\/samarali.com\/de\/wp-json\/wp\/v2\/types\/product"}],"replies":[{"embeddable":true,"href":"https:\/\/samarali.com\/de\/wp-json\/wp\/v2\/comments?post=28661"}],"version-history":[{"count":1,"href":"https:\/\/samarali.com\/de\/wp-json\/wp\/v2\/product\/28661\/revisions"}],"predecessor-version":[{"id":31802,"href":"https:\/\/samarali.com\/de\/wp-json\/wp\/v2\/product\/28661\/revisions\/31802"}],"wp:featuredmedia":[{"embeddable":true,"href":"https:\/\/samarali.com\/de\/wp-json\/wp\/v2\/media\/18426"}],"wp:attachment":[{"href":"https:\/\/samarali.com\/de\/wp-json\/wp\/v2\/media?parent=28661"}],"wp:term":[{"taxonomy":"product_cat","embeddable":true,"href":"https:\/\/samarali.com\/de\/wp-json\/wp\/v2\/product_cat?post=28661"},{"taxonomy":"product_tag","embeddable":true,"href":"https:\/\/samarali.com\/de\/wp-json\/wp\/v2\/product_tag?post=28661"}],"curies":[{"name":"wp","href":"https:\/\/api.w.org\/{rel}","templated":true}]}}