{"id":28654,"date":"2024-07-31T14:42:31","date_gmt":"2024-07-31T12:42:31","guid":{"rendered":"https:\/\/samarali.com\/product\/klassisches-yoga-set-fuer-fortgeschrittene\/"},"modified":"2025-07-21T10:43:53","modified_gmt":"2025-07-21T08:43:53","slug":"klassisches-yoga-set-fuer-fortgeschrittene","status":"publish","type":"product","link":"https:\/\/samarali.com\/de\/produkt\/klassisches-yoga-set-fuer-fortgeschrittene\/","title":{"rendered":"Klassisches Yoga-Set f\u00fcr Fortgeschrittene"},"content":{"rendered":"<p>Das Classic Advanced Yoga Set bietet alles, was Sie brauchen, um Ihre Yoga-Reise zu beginnen oder Ihre Praxis zu erweitern. Dieses Set enth\u00e4lt unsere charakteristische Kork-Yogamatte mit einem Baumwollriemen, zwei Kork-Yogabl\u00f6cke und eine praktische Tragetasche. Dieses Set ist sowohl f\u00fcr Anf\u00e4nger als auch f\u00fcr erfahrene Yogis geeignet und kombiniert Qualit\u00e4t, Komfort und Stil, um Ihre Praxis bei jedem Schritt zu unterst\u00fctzen.<\/p>\n<p><strong>Yoga-Matte aus Kork<\/strong><br \/>\nUnsere Kork-Yogamatte wird aus hochwertigen, umweltfreundlichen Materialien hergestellt, darunter Naturkork und Gummi. Es dient als \u00f6kologische Alternative zu synthetischen Matten und bietet eine atmungsaktive, weiche und hautfreundliche Oberfl\u00e4che. Dank seiner antimikrobiellen Eigenschaften wirkt es effektiv gegen Schwei\u00df und Geruch und ist damit ideal f\u00fcr intensive Yoga-Sessions. Diese Matte ist besonders griffig, vor allem wenn sie nass ist. Sie ist perfekt f\u00fcr aktives und hei\u00dfes Yoga.<\/p>\n<p><strong>Trageriemen<\/strong><br \/>\nIm Lieferumfang der Matte ist ein praktischer Tragegurt enthalten, mit dem Sie Ihre Yogamatte m\u00fchelos \u00fcberallhin mitnehmen k\u00f6nnen.<\/p>\n<p><strong>Yoga-Block<\/strong><br \/>\nEin Yogablock ist ein unverzichtbares Accessoire f\u00fcr Yoga und Pilates, das in verschiedenen Posen wichtige Unterst\u00fctzung bietet. Unser Yogablock ist mit einer breiten Oberfl\u00e4che f\u00fcr Stabilit\u00e4t bei Armbalancen und zur Unterst\u00fctzung des R\u00fcckens bei \u00dcbungen in R\u00fcckenlage konzipiert. Er ist leicht, hat eine rutschfeste Oberfl\u00e4che und abgerundete Kanten, liegt gut in der Hand und verhindert Druckstellen.<\/p>\n<p><strong>Yoga Matte Tragetasche<\/strong><br \/>\nUnsere Yogamattentasche ist aus hochwertigem portugiesischem Kork gefertigt, der f\u00fcr seine Langlebigkeit und seine pflegeleichten Eigenschaften bekannt ist. Die nat\u00fcrliche Textur von Kork verleiht Ihrer Activewear einen eleganten Touch. Diese weiche, leichte und au\u00dfergew\u00f6hnlich bequeme Tasche eignet sich perfekt f\u00fcr den Transport Ihrer Matte ins Studio oder sogar f\u00fcr Reisen. Au\u00dferdem ist sie komplett wasserdicht, so dass Ihre Matte auch bei Regen trocken bleibt.<\/p>\n","protected":false},"excerpt":{"rendered":"<p>Beginnen oder erweitern Sie Ihre Yogapraxis mit dem Classic Advanced Yoga Set, bestehend aus einer Kork-Yogamatte, einem Baumwollgurt, zwei Korkbl\u00f6cken und einer wasserdichten Tragetasche. Umweltfreundlich, langlebig und perfekt f\u00fcr alle Niveaus.<\/p>\n<div id=\"gtx-trans\" style=\"position: absolute;left: -67px;top: -8.8px\">\n<div class=\"gtx-trans-icon\"><\/div>\n<\/div>\n","protected":false},"featured_media":17509,"comment_status":"open","ping_status":"closed","template":"","meta":{"_acf_changed":false,"_improvement_type_select":"improve_an_existing","_thumb_yes_seoaic":false,"_frame_yes_seoaic":false,"seoaic_generate_description":"","seoaic_improve_instructions_prompt":"","seoaic_rollback_content_improvement":"","seoaic_idea_thumbnail_generator":"","thumbnail_generated":false,"thumbnail_generate_prompt":"","seoaic_article_description":"","inline_featured_image":false},"product_cat":[321,322],"product_tag":[],"class_list":{"0":"post-28654","1":"product","2":"type-product","3":"status-publish","4":"has-post-thumbnail","6":"product_cat-yoga-de","7":"product_cat-yoga-sets-de","9":"first","10":"instock","11":"shipping-taxable","12":"purchasable","13":"product-type-simple"},"acf":[],"yoast_head":"<!-- This site is optimized with the Yoast SEO Premium plugin v27.5 (Yoast SEO v27.5) - https:\/\/yoast.com\/product\/yoast-seo-premium-wordpress\/ -->\n<title>Klassisches Yoga-Set f\u00fcr Fortgeschrittene - Samarali<\/title>\n<meta name=\"description\" content=\"Verbessern Sie Ihre Yogapraxis mit dem Classic Advanced Yoga Set, bestehend aus einer Kork-Yogamatte, einem Baumwollgurt, zwei Korkbl\u00f6cken und einer wasserdichten Tragetasche.\" \/>\n<meta name=\"robots\" content=\"index, follow, max-snippet:-1, max-image-preview:large, max-video-preview:-1\" \/>\n<link rel=\"canonical\" href=\"https:\/\/samarali.com\/de\/produkt\/klassisches-yoga-set-fuer-fortgeschrittene\/\" \/>\n<meta property=\"og:locale\" content=\"de_DE\" \/>\n<meta property=\"og:type\" content=\"article\" \/>\n<meta property=\"og:title\" content=\"Klassisches Yoga-Set f\u00fcr Fortgeschrittene - Samarali\" \/>\n<meta property=\"og:description\" content=\"Verbessern Sie Ihre Yogapraxis mit dem Classic Advanced Yoga Set, bestehend aus einer Kork-Yogamatte, einem Baumwollgurt, zwei Korkbl\u00f6cken und einer wasserdichten Tragetasche.\" \/>\n<meta property=\"og:url\" content=\"https:\/\/samarali.com\/de\/produkt\/klassisches-yoga-set-fuer-fortgeschrittene\/\" \/>\n<meta property=\"og:site_name\" content=\"Samarali\" \/>\n<meta property=\"article:publisher\" content=\"https:\/\/www.facebook.com\/samaraliyoga\" \/>\n<meta property=\"article:modified_time\" content=\"2025-07-21T08:43:53+00:00\" \/>\n<meta property=\"og:image\" content=\"https:\/\/samarali.com\/wp-content\/uploads\/2024\/07\/Classic-advanced-yoga-set.jpg\" \/>\n\t<meta property=\"og:image:width\" content=\"1000\" \/>\n\t<meta property=\"og:image:height\" content=\"1000\" \/>\n\t<meta property=\"og:image:type\" content=\"image\/jpeg\" \/>\n<meta name=\"twitter:card\" content=\"summary_large_image\" \/>\n<meta name=\"twitter:label1\" content=\"Preis\" \/>\n\t<meta name=\"twitter:data1\" content=\"&euro;&nbsp;165,00\" \/>\n\t<meta name=\"twitter:label2\" content=\"Verf\u00fcgbarkeit\" \/>\n\t<meta name=\"twitter:data2\" content=\"Auf Lager\" \/>\n<script type=\"application\/ld+json\" class=\"yoast-schema-graph\">{\"@context\":\"https:\\\/\\\/schema.org\",\"@graph\":[{\"@type\":\"WebPage\",\"@id\":\"https:\\\/\\\/samarali.com\\\/de\\\/produkt\\\/klassisches-yoga-set-fuer-fortgeschrittene\\\/\",\"url\":\"https:\\\/\\\/samarali.com\\\/de\\\/produkt\\\/klassisches-yoga-set-fuer-fortgeschrittene\\\/\",\"name\":\"Klassisches Yoga-Set f\u00fcr Fortgeschrittene - Samarali\",\"isPartOf\":{\"@id\":\"https:\\\/\\\/samarali.com\\\/de\\\/#website\"},\"primaryImageOfPage\":{\"@id\":\"https:\\\/\\\/samarali.com\\\/de\\\/produkt\\\/klassisches-yoga-set-fuer-fortgeschrittene\\\/#primaryimage\"},\"image\":{\"@id\":\"https:\\\/\\\/samarali.com\\\/de\\\/produkt\\\/klassisches-yoga-set-fuer-fortgeschrittene\\\/#primaryimage\"},\"thumbnailUrl\":\"https:\\\/\\\/samarali.com\\\/wp-content\\\/uploads\\\/2024\\\/07\\\/Classic-advanced-yoga-set.jpg\",\"datePublished\":\"2024-07-31T12:42:31+00:00\",\"dateModified\":\"2025-07-21T08:43:53+00:00\",\"description\":\"Verbessern Sie Ihre Yogapraxis mit dem Classic Advanced Yoga Set, bestehend aus einer Kork-Yogamatte, einem Baumwollgurt, zwei Korkbl\u00f6cken und einer wasserdichten Tragetasche.\",\"breadcrumb\":{\"@id\":\"https:\\\/\\\/samarali.com\\\/de\\\/produkt\\\/klassisches-yoga-set-fuer-fortgeschrittene\\\/#breadcrumb\"},\"inLanguage\":\"de\",\"potentialAction\":[{\"@type\":\"ReadAction\",\"target\":[\"https:\\\/\\\/samarali.com\\\/de\\\/produkt\\\/klassisches-yoga-set-fuer-fortgeschrittene\\\/\"]}]},{\"@type\":\"ImageObject\",\"inLanguage\":\"de\",\"@id\":\"https:\\\/\\\/samarali.com\\\/de\\\/produkt\\\/klassisches-yoga-set-fuer-fortgeschrittene\\\/#primaryimage\",\"url\":\"https:\\\/\\\/samarali.com\\\/wp-content\\\/uploads\\\/2024\\\/07\\\/Classic-advanced-yoga-set.jpg\",\"contentUrl\":\"https:\\\/\\\/samarali.com\\\/wp-content\\\/uploads\\\/2024\\\/07\\\/Classic-advanced-yoga-set.jpg\",\"width\":1000,\"height\":1000,\"caption\":\"Klassisches Yoga-Set f\u00fcr Fortgeschrittene\"},{\"@type\":\"BreadcrumbList\",\"@id\":\"https:\\\/\\\/samarali.com\\\/de\\\/produkt\\\/klassisches-yoga-set-fuer-fortgeschrittene\\\/#breadcrumb\",\"itemListElement\":[{\"@type\":\"ListItem\",\"position\":1,\"name\":\"Startseite\",\"item\":\"https:\\\/\\\/samarali.com\\\/de\\\/startseite\\\/\"},{\"@type\":\"ListItem\",\"position\":2,\"name\":\"Shop\",\"item\":\"https:\\\/\\\/samarali.com\\\/de\\\/shop\\\/\"},{\"@type\":\"ListItem\",\"position\":3,\"name\":\"Klassisches Yoga-Set f\u00fcr Fortgeschrittene\"}]},{\"@type\":\"WebSite\",\"@id\":\"https:\\\/\\\/samarali.com\\\/de\\\/#website\",\"url\":\"https:\\\/\\\/samarali.com\\\/de\\\/\",\"name\":\"Samarali\",\"description\":\"Samarali ist eine nachhaltige Yoga- und Lifestyle-Marke mit Sitz in den Niederlanden\",\"publisher\":{\"@id\":\"https:\\\/\\\/samarali.com\\\/de\\\/#organization\"},\"potentialAction\":[{\"@type\":\"SearchAction\",\"target\":{\"@type\":\"EntryPoint\",\"urlTemplate\":\"https:\\\/\\\/samarali.com\\\/de\\\/?s={search_term_string}\"},\"query-input\":{\"@type\":\"PropertyValueSpecification\",\"valueRequired\":true,\"valueName\":\"search_term_string\"}}],\"inLanguage\":\"de\"},{\"@type\":\"Organization\",\"@id\":\"https:\\\/\\\/samarali.com\\\/de\\\/#organization\",\"name\":\"Samarali\",\"url\":\"https:\\\/\\\/samarali.com\\\/de\\\/\",\"logo\":{\"@type\":\"ImageObject\",\"inLanguage\":\"de\",\"@id\":\"https:\\\/\\\/samarali.com\\\/de\\\/#\\\/schema\\\/logo\\\/image\\\/\",\"url\":\"https:\\\/\\\/samarali.com\\\/wp-content\\\/uploads\\\/2024\\\/05\\\/cropped-samarali-icon.png\",\"contentUrl\":\"https:\\\/\\\/samarali.com\\\/wp-content\\\/uploads\\\/2024\\\/05\\\/cropped-samarali-icon.png\",\"width\":512,\"height\":512,\"caption\":\"Samarali\"},\"image\":{\"@id\":\"https:\\\/\\\/samarali.com\\\/de\\\/#\\\/schema\\\/logo\\\/image\\\/\"},\"sameAs\":[\"https:\\\/\\\/www.facebook.com\\\/samaraliyoga\",\"https:\\\/\\\/www.linkedin.com\\\/company\\\/69563155\\\/\",\"https:\\\/\\\/www.instagram.com\\\/samaraliyoga\\\/\",\"https:\\\/\\\/nl.pinterest.com\\\/Samaraliyoga\\\/\"],\"description\":\"Samarali is a sustainable yoga and lifestyle brand based in the Netherlands\",\"email\":\"info@samarali.com\",\"legalName\":\"Samarali B.V.\",\"vatID\":\"NL859820324B01\",\"numberOfEmployees\":{\"@type\":\"QuantitativeValue\",\"minValue\":\"1\",\"maxValue\":\"10\"}}]}<\/script>\n<meta property=\"product:price:amount\" content=\"165.00\" \/>\n<meta property=\"product:price:currency\" content=\"EUR\" \/>\n<meta property=\"og:availability\" content=\"instock\" \/>\n<meta property=\"product:availability\" content=\"instock\" \/>\n<meta property=\"product:retailer_item_id\" content=\"11120\" \/>\n<meta property=\"product:condition\" content=\"new\" \/>\n<!-- \/ Yoast SEO Premium plugin. -->","yoast_head_json":{"title":"Klassisches Yoga-Set f\u00fcr Fortgeschrittene - Samarali","description":"Verbessern Sie Ihre Yogapraxis mit dem Classic Advanced Yoga Set, bestehend aus einer Kork-Yogamatte, einem Baumwollgurt, zwei Korkbl\u00f6cken und einer wasserdichten Tragetasche.","robots":{"index":"index","follow":"follow","max-snippet":"max-snippet:-1","max-image-preview":"max-image-preview:large","max-video-preview":"max-video-preview:-1"},"canonical":"https:\/\/samarali.com\/de\/produkt\/klassisches-yoga-set-fuer-fortgeschrittene\/","og_locale":"de_DE","og_type":"article","og_title":"Klassisches Yoga-Set f\u00fcr Fortgeschrittene - Samarali","og_description":"Verbessern Sie Ihre Yogapraxis mit dem Classic Advanced Yoga Set, bestehend aus einer Kork-Yogamatte, einem Baumwollgurt, zwei Korkbl\u00f6cken und einer wasserdichten Tragetasche.","og_url":"https:\/\/samarali.com\/de\/produkt\/klassisches-yoga-set-fuer-fortgeschrittene\/","og_site_name":"Samarali","article_publisher":"https:\/\/www.facebook.com\/samaraliyoga","article_modified_time":"2025-07-21T08:43:53+00:00","og_image":[{"width":1000,"height":1000,"url":"https:\/\/samarali.com\/wp-content\/uploads\/2024\/07\/Classic-advanced-yoga-set.jpg","type":"image\/jpeg"}],"twitter_card":"summary_large_image","twitter_misc":{"Preis":"&euro;&nbsp;165,00","Verf\u00fcgbarkeit":"Auf Lager"},"schema":{"@context":"https:\/\/schema.org","@graph":[{"@type":"WebPage","@id":"https:\/\/samarali.com\/de\/produkt\/klassisches-yoga-set-fuer-fortgeschrittene\/","url":"https:\/\/samarali.com\/de\/produkt\/klassisches-yoga-set-fuer-fortgeschrittene\/","name":"Klassisches Yoga-Set f\u00fcr Fortgeschrittene - Samarali","isPartOf":{"@id":"https:\/\/samarali.com\/de\/#website"},"primaryImageOfPage":{"@id":"https:\/\/samarali.com\/de\/produkt\/klassisches-yoga-set-fuer-fortgeschrittene\/#primaryimage"},"image":{"@id":"https:\/\/samarali.com\/de\/produkt\/klassisches-yoga-set-fuer-fortgeschrittene\/#primaryimage"},"thumbnailUrl":"https:\/\/samarali.com\/wp-content\/uploads\/2024\/07\/Classic-advanced-yoga-set.jpg","datePublished":"2024-07-31T12:42:31+00:00","dateModified":"2025-07-21T08:43:53+00:00","description":"Verbessern Sie Ihre Yogapraxis mit dem Classic Advanced Yoga Set, bestehend aus einer Kork-Yogamatte, einem Baumwollgurt, zwei Korkbl\u00f6cken und einer wasserdichten Tragetasche.","breadcrumb":{"@id":"https:\/\/samarali.com\/de\/produkt\/klassisches-yoga-set-fuer-fortgeschrittene\/#breadcrumb"},"inLanguage":"de","potentialAction":[{"@type":"ReadAction","target":["https:\/\/samarali.com\/de\/produkt\/klassisches-yoga-set-fuer-fortgeschrittene\/"]}]},{"@type":"ImageObject","inLanguage":"de","@id":"https:\/\/samarali.com\/de\/produkt\/klassisches-yoga-set-fuer-fortgeschrittene\/#primaryimage","url":"https:\/\/samarali.com\/wp-content\/uploads\/2024\/07\/Classic-advanced-yoga-set.jpg","contentUrl":"https:\/\/samarali.com\/wp-content\/uploads\/2024\/07\/Classic-advanced-yoga-set.jpg","width":1000,"height":1000,"caption":"Klassisches Yoga-Set f\u00fcr Fortgeschrittene"},{"@type":"BreadcrumbList","@id":"https:\/\/samarali.com\/de\/produkt\/klassisches-yoga-set-fuer-fortgeschrittene\/#breadcrumb","itemListElement":[{"@type":"ListItem","position":1,"name":"Startseite","item":"https:\/\/samarali.com\/de\/startseite\/"},{"@type":"ListItem","position":2,"name":"Shop","item":"https:\/\/samarali.com\/de\/shop\/"},{"@type":"ListItem","position":3,"name":"Klassisches Yoga-Set f\u00fcr Fortgeschrittene"}]},{"@type":"WebSite","@id":"https:\/\/samarali.com\/de\/#website","url":"https:\/\/samarali.com\/de\/","name":"Samarali","description":"Samarali ist eine nachhaltige Yoga- und Lifestyle-Marke mit Sitz in den Niederlanden","publisher":{"@id":"https:\/\/samarali.com\/de\/#organization"},"potentialAction":[{"@type":"SearchAction","target":{"@type":"EntryPoint","urlTemplate":"https:\/\/samarali.com\/de\/?s={search_term_string}"},"query-input":{"@type":"PropertyValueSpecification","valueRequired":true,"valueName":"search_term_string"}}],"inLanguage":"de"},{"@type":"Organization","@id":"https:\/\/samarali.com\/de\/#organization","name":"Samarali","url":"https:\/\/samarali.com\/de\/","logo":{"@type":"ImageObject","inLanguage":"de","@id":"https:\/\/samarali.com\/de\/#\/schema\/logo\/image\/","url":"https:\/\/samarali.com\/wp-content\/uploads\/2024\/05\/cropped-samarali-icon.png","contentUrl":"https:\/\/samarali.com\/wp-content\/uploads\/2024\/05\/cropped-samarali-icon.png","width":512,"height":512,"caption":"Samarali"},"image":{"@id":"https:\/\/samarali.com\/de\/#\/schema\/logo\/image\/"},"sameAs":["https:\/\/www.facebook.com\/samaraliyoga","https:\/\/www.linkedin.com\/company\/69563155\/","https:\/\/www.instagram.com\/samaraliyoga\/","https:\/\/nl.pinterest.com\/Samaraliyoga\/"],"description":"Samarali is a sustainable yoga and lifestyle brand based in the Netherlands","email":"info@samarali.com","legalName":"Samarali B.V.","vatID":"NL859820324B01","numberOfEmployees":{"@type":"QuantitativeValue","minValue":"1","maxValue":"10"}}]},"product_price_amount":"165.00","product_price_currency":"EUR","og_availability":"instock","product_availability":"instock","product_retailer_item_id":"11120","product_condition":"new"},"jetpack_sharing_enabled":true,"_links":{"self":[{"href":"https:\/\/samarali.com\/de\/wp-json\/wp\/v2\/product\/28654","targetHints":{"allow":["GET"]}}],"collection":[{"href":"https:\/\/samarali.com\/de\/wp-json\/wp\/v2\/product"}],"about":[{"href":"https:\/\/samarali.com\/de\/wp-json\/wp\/v2\/types\/product"}],"replies":[{"embeddable":true,"href":"https:\/\/samarali.com\/de\/wp-json\/wp\/v2\/comments?post=28654"}],"version-history":[{"count":1,"href":"https:\/\/samarali.com\/de\/wp-json\/wp\/v2\/product\/28654\/revisions"}],"predecessor-version":[{"id":32841,"href":"https:\/\/samarali.com\/de\/wp-json\/wp\/v2\/product\/28654\/revisions\/32841"}],"wp:featuredmedia":[{"embeddable":true,"href":"https:\/\/samarali.com\/de\/wp-json\/wp\/v2\/media\/17509"}],"wp:attachment":[{"href":"https:\/\/samarali.com\/de\/wp-json\/wp\/v2\/media?parent=28654"}],"wp:term":[{"taxonomy":"product_cat","embeddable":true,"href":"https:\/\/samarali.com\/de\/wp-json\/wp\/v2\/product_cat?post=28654"},{"taxonomy":"product_tag","embeddable":true,"href":"https:\/\/samarali.com\/de\/wp-json\/wp\/v2\/product_tag?post=28654"}],"curies":[{"name":"wp","href":"https:\/\/api.w.org\/{rel}","templated":true}]}}