{"id":28649,"date":"2024-07-31T13:35:22","date_gmt":"2024-07-31T11:35:22","guid":{"rendered":"https:\/\/samarali.com\/product\/yogamatte-sonnenfinsternis\/"},"modified":"2025-07-23T10:53:42","modified_gmt":"2025-07-23T08:53:42","slug":"yogamatte-sonnenfinsternis","status":"publish","type":"product","link":"https:\/\/samarali.com\/de\/produkt\/yogamatte-sonnenfinsternis\/","title":{"rendered":"Yogamatte Sonnenfinsternis"},"content":{"rendered":"<p>Genie\u00dfen Sie Ihre Asanas mit unserer umweltfreundlichen und hochwertigen Sun Eclipse Yogamatte aus Kork.<br \/>\nDiese Matte wurde entwickelt, um Ihre \u00dcbungen zu unterst\u00fctzen und Ihre Praxis zu verbessern. Sie bietet die perfekte Mischung aus Komfort, Stabilit\u00e4t und Nachhaltigkeit, damit Sie Ihr Yoga auf die n\u00e4chste Stufe heben k\u00f6nnen.<br \/>\nDie Sun Eclipse Kork-Yogamatte eliminiert dank der antibakteriellen Eigenschaften von Kork auf nat\u00fcrliche Weise Keime, Bakterien und Ger\u00fcche, so dass Sie sie nicht nach jeder \u00dcbung reinigen m\u00fcssen.<br \/>\nDas macht sie ideal f\u00fcr das Training zu Hause, denn sie hinterl\u00e4sst keine unangenehmen Ger\u00fcche auf Ihrem Boden oder Teppich.<br \/>\nEine gelegentliche Pflege wird jedoch empfohlen &#8211; bespr\u00fchen Sie sie einfach mit einer Mischung aus Wasser und Apfelessig, um sie frisch zu halten.<br \/>\nDie Korkoberfl\u00e4che der Matte bietet au\u00dfergew\u00f6hnlichen Grip, besonders wenn Feuchtigkeit vorhanden ist.<br \/>\nWenn Sie schwitzen, setzt der Kork Suberin frei, eine wachsartige Substanz, die die Bodenhaftung verbessert.<br \/>\nEgal, ob Sie an einer Hot Yoga- oder Ashtanga-Stunde teilnehmen, die Matte wird nicht rutschig.<br \/>\nSie k\u00f6nnen die Griffigkeit sogar noch erh\u00f6hen, indem Sie Ihre H\u00e4nde und F\u00fc\u00dfe vor der Stunde leicht mit Wasser bespr\u00fchen.<br \/>\nMit einer Dicke von 4 mm bietet diese Yogamatte optimale D\u00e4mpfung f\u00fcr Ihre Knie, F\u00fc\u00dfe und Gelenke.<br \/>\nDie einzigartige Molekularstruktur des Korks absorbiert St\u00f6\u00dfe und kehrt schnell wieder in seine urspr\u00fcngliche Form zur\u00fcck, so dass eine perfekte Balance zwischen Stabilit\u00e4t und Flexibilit\u00e4t entsteht.<br \/>\nDas Design der Matte wird mit einem Laserdruckverfahren hergestellt, das frei von Chemikalien ist und sicherstellt, dass das Design intakt bleibt und nicht mit der Zeit verblasst. <\/p>\n","protected":false},"excerpt":{"rendered":"<p>Erweitern Sie Ihre Praxis mit der umweltfreundlichen Sun Eclipse Yogamatte aus Kork. Mit nat\u00fcrlichen antibakteriellen Eigenschaften und verbesserter Griffigkeit bei Schwei\u00df bietet diese 4 mm dicke Matte Stabilit\u00e4t, Komfort und Nachhaltigkeit f\u00fcr alle Ihre Trainingseinheiten.<\/p>\n","protected":false},"featured_media":17420,"comment_status":"open","ping_status":"closed","template":"","meta":{"_acf_changed":false,"_improvement_type_select":"improve_an_existing","_thumb_yes_seoaic":false,"_frame_yes_seoaic":false,"seoaic_generate_description":"","seoaic_improve_instructions_prompt":"","seoaic_rollback_content_improvement":"","seoaic_idea_thumbnail_generator":"","thumbnail_generated":false,"thumbnail_generate_prompt":"","seoaic_article_description":"","inline_featured_image":false},"product_cat":[321,336],"product_tag":[],"class_list":{"0":"post-28649","1":"product","2":"type-product","3":"status-publish","4":"has-post-thumbnail","6":"product_cat-yoga-de","7":"product_cat-yoga-matten","9":"first","10":"instock","11":"shipping-taxable","12":"purchasable","13":"product-type-simple"},"acf":[],"yoast_head":"<!-- This site is optimized with the Yoast SEO Premium plugin v27.3 (Yoast SEO v27.3) - https:\/\/yoast.com\/product\/yoast-seo-premium-wordpress\/ -->\n<title>Umweltfreundliche Sun Eclipse Kork Yoga-Matte f\u00fcr Komfort<\/title>\n<meta name=\"description\" content=\"Erweitern Sie Ihre Yoga-Praxis mit unserer Sun Eclipse Korkmatte. Genie\u00dfen Sie Stabilit\u00e4t, Komfort und nat\u00fcrliche, antibakterielle Eigenschaften f\u00fcr ein frisches Training.\" \/>\n<meta name=\"robots\" content=\"index, follow, max-snippet:-1, max-image-preview:large, max-video-preview:-1\" \/>\n<link rel=\"canonical\" href=\"https:\/\/samarali.com\/de\/produkt\/yogamatte-sonnenfinsternis\/\" \/>\n<meta property=\"og:locale\" content=\"de_DE\" \/>\n<meta property=\"og:type\" content=\"article\" \/>\n<meta property=\"og:title\" content=\"Sun Eclipse Kork Yoga-Matte: Komfort &amp; Stabilit\u00e4t\" \/>\n<meta property=\"og:description\" content=\"Verbessern Sie Ihre Yoga-Sitzungen mit unserer umweltfreundlichen Korkmatte.\" \/>\n<meta property=\"og:url\" content=\"https:\/\/samarali.com\/de\/produkt\/yogamatte-sonnenfinsternis\/\" \/>\n<meta property=\"og:site_name\" content=\"Samarali\" \/>\n<meta property=\"article:publisher\" content=\"https:\/\/www.facebook.com\/samaraliyoga\" \/>\n<meta property=\"article:modified_time\" content=\"2025-07-23T08:53:42+00:00\" \/>\n<meta property=\"og:image\" content=\"https:\/\/samarali.com\/wp-content\/uploads\/2024\/07\/sam-sun-eclipse-yoga-mat-01.jpg\" \/>\n\t<meta property=\"og:image:width\" content=\"830\" \/>\n\t<meta property=\"og:image:height\" content=\"830\" \/>\n\t<meta property=\"og:image:type\" content=\"image\/jpeg\" \/>\n<meta name=\"twitter:card\" content=\"summary_large_image\" \/>\n<meta name=\"twitter:title\" content=\"Sun Eclipse Kork Yoga-Matte: Komfort &amp; Stabilit\u00e4t\" \/>\n<meta name=\"twitter:description\" content=\"Verbessern Sie Ihre Yoga-Sitzungen mit unserer umweltfreundlichen Korkmatte.\" \/>\n<meta name=\"twitter:label1\" content=\"Preis\" \/>\n\t<meta name=\"twitter:data1\" content=\"&euro;&nbsp;79,00\" \/>\n\t<meta name=\"twitter:label2\" content=\"Verf\u00fcgbarkeit\" \/>\n\t<meta name=\"twitter:data2\" content=\"Auf Lager\" \/>\n<script type=\"application\/ld+json\" class=\"yoast-schema-graph\">{\"@context\":\"https:\\\/\\\/schema.org\",\"@graph\":[{\"@type\":\"WebPage\",\"@id\":\"https:\\\/\\\/samarali.com\\\/de\\\/produkt\\\/yogamatte-sonnenfinsternis\\\/\",\"url\":\"https:\\\/\\\/samarali.com\\\/de\\\/produkt\\\/yogamatte-sonnenfinsternis\\\/\",\"name\":\"Umweltfreundliche Sun Eclipse Kork Yoga-Matte f\u00fcr Komfort\",\"isPartOf\":{\"@id\":\"https:\\\/\\\/samarali.com\\\/de\\\/#website\"},\"primaryImageOfPage\":{\"@id\":\"https:\\\/\\\/samarali.com\\\/de\\\/produkt\\\/yogamatte-sonnenfinsternis\\\/#primaryimage\"},\"image\":{\"@id\":\"https:\\\/\\\/samarali.com\\\/de\\\/produkt\\\/yogamatte-sonnenfinsternis\\\/#primaryimage\"},\"thumbnailUrl\":\"https:\\\/\\\/samarali.com\\\/wp-content\\\/uploads\\\/2024\\\/07\\\/sam-sun-eclipse-yoga-mat-01.jpg\",\"datePublished\":\"2024-07-31T11:35:22+00:00\",\"dateModified\":\"2025-07-23T08:53:42+00:00\",\"description\":\"Erweitern Sie Ihre Yoga-Praxis mit unserer Sun Eclipse Korkmatte. Genie\u00dfen Sie Stabilit\u00e4t, Komfort und nat\u00fcrliche, antibakterielle Eigenschaften f\u00fcr ein frisches Training.\",\"breadcrumb\":{\"@id\":\"https:\\\/\\\/samarali.com\\\/de\\\/produkt\\\/yogamatte-sonnenfinsternis\\\/#breadcrumb\"},\"inLanguage\":\"de\",\"potentialAction\":[{\"@type\":\"ReadAction\",\"target\":[\"https:\\\/\\\/samarali.com\\\/de\\\/produkt\\\/yogamatte-sonnenfinsternis\\\/\"]}]},{\"@type\":\"ImageObject\",\"inLanguage\":\"de\",\"@id\":\"https:\\\/\\\/samarali.com\\\/de\\\/produkt\\\/yogamatte-sonnenfinsternis\\\/#primaryimage\",\"url\":\"https:\\\/\\\/samarali.com\\\/wp-content\\\/uploads\\\/2024\\\/07\\\/sam-sun-eclipse-yoga-mat-01.jpg\",\"contentUrl\":\"https:\\\/\\\/samarali.com\\\/wp-content\\\/uploads\\\/2024\\\/07\\\/sam-sun-eclipse-yoga-mat-01.jpg\",\"width\":830,\"height\":830,\"caption\":\"sam Sonne Sonnenfinsternis Yogamatte 01\"},{\"@type\":\"BreadcrumbList\",\"@id\":\"https:\\\/\\\/samarali.com\\\/de\\\/produkt\\\/yogamatte-sonnenfinsternis\\\/#breadcrumb\",\"itemListElement\":[{\"@type\":\"ListItem\",\"position\":1,\"name\":\"Startseite\",\"item\":\"https:\\\/\\\/samarali.com\\\/de\\\/startseite\\\/\"},{\"@type\":\"ListItem\",\"position\":2,\"name\":\"Shop\",\"item\":\"https:\\\/\\\/samarali.com\\\/de\\\/shop\\\/\"},{\"@type\":\"ListItem\",\"position\":3,\"name\":\"Yogamatte Sonnenfinsternis\"}]},{\"@type\":\"WebSite\",\"@id\":\"https:\\\/\\\/samarali.com\\\/de\\\/#website\",\"url\":\"https:\\\/\\\/samarali.com\\\/de\\\/\",\"name\":\"Samarali\",\"description\":\"Samarali ist eine nachhaltige Yoga- und Lifestyle-Marke mit Sitz in den Niederlanden\",\"publisher\":{\"@id\":\"https:\\\/\\\/samarali.com\\\/de\\\/#organization\"},\"potentialAction\":[{\"@type\":\"SearchAction\",\"target\":{\"@type\":\"EntryPoint\",\"urlTemplate\":\"https:\\\/\\\/samarali.com\\\/de\\\/?s={search_term_string}\"},\"query-input\":{\"@type\":\"PropertyValueSpecification\",\"valueRequired\":true,\"valueName\":\"search_term_string\"}}],\"inLanguage\":\"de\"},{\"@type\":\"Organization\",\"@id\":\"https:\\\/\\\/samarali.com\\\/de\\\/#organization\",\"name\":\"Samarali\",\"url\":\"https:\\\/\\\/samarali.com\\\/de\\\/\",\"logo\":{\"@type\":\"ImageObject\",\"inLanguage\":\"de\",\"@id\":\"https:\\\/\\\/samarali.com\\\/de\\\/#\\\/schema\\\/logo\\\/image\\\/\",\"url\":\"https:\\\/\\\/samarali.com\\\/wp-content\\\/uploads\\\/2024\\\/05\\\/cropped-samarali-icon.png\",\"contentUrl\":\"https:\\\/\\\/samarali.com\\\/wp-content\\\/uploads\\\/2024\\\/05\\\/cropped-samarali-icon.png\",\"width\":512,\"height\":512,\"caption\":\"Samarali\"},\"image\":{\"@id\":\"https:\\\/\\\/samarali.com\\\/de\\\/#\\\/schema\\\/logo\\\/image\\\/\"},\"sameAs\":[\"https:\\\/\\\/www.facebook.com\\\/samaraliyoga\",\"https:\\\/\\\/www.linkedin.com\\\/company\\\/69563155\\\/\",\"https:\\\/\\\/www.instagram.com\\\/samaraliyoga\\\/\",\"https:\\\/\\\/nl.pinterest.com\\\/Samaraliyoga\\\/\"],\"description\":\"Samarali is a sustainable yoga and lifestyle brand based in the Netherlands\",\"email\":\"info@samarali.com\",\"legalName\":\"Samarali B.V.\",\"vatID\":\"NL859820324B01\",\"numberOfEmployees\":{\"@type\":\"QuantitativeValue\",\"minValue\":\"1\",\"maxValue\":\"10\"}}]}<\/script>\n<meta property=\"product:price:amount\" content=\"79.00\" \/>\n<meta property=\"product:price:currency\" content=\"EUR\" \/>\n<meta property=\"og:availability\" content=\"instock\" \/>\n<meta property=\"product:availability\" content=\"instock\" \/>\n<meta property=\"product:retailer_item_id\" content=\"11112\" \/>\n<meta property=\"product:condition\" content=\"new\" \/>\n<!-- \/ Yoast SEO Premium plugin. -->","yoast_head_json":{"title":"Umweltfreundliche Sun Eclipse Kork Yoga-Matte f\u00fcr Komfort","description":"Erweitern Sie Ihre Yoga-Praxis mit unserer Sun Eclipse Korkmatte. Genie\u00dfen Sie Stabilit\u00e4t, Komfort und nat\u00fcrliche, antibakterielle Eigenschaften f\u00fcr ein frisches Training.","robots":{"index":"index","follow":"follow","max-snippet":"max-snippet:-1","max-image-preview":"max-image-preview:large","max-video-preview":"max-video-preview:-1"},"canonical":"https:\/\/samarali.com\/de\/produkt\/yogamatte-sonnenfinsternis\/","og_locale":"de_DE","og_type":"article","og_title":"Sun Eclipse Kork Yoga-Matte: Komfort & Stabilit\u00e4t","og_description":"Verbessern Sie Ihre Yoga-Sitzungen mit unserer umweltfreundlichen Korkmatte.","og_url":"https:\/\/samarali.com\/de\/produkt\/yogamatte-sonnenfinsternis\/","og_site_name":"Samarali","article_publisher":"https:\/\/www.facebook.com\/samaraliyoga","article_modified_time":"2025-07-23T08:53:42+00:00","og_image":[{"width":830,"height":830,"url":"https:\/\/samarali.com\/wp-content\/uploads\/2024\/07\/sam-sun-eclipse-yoga-mat-01.jpg","type":"image\/jpeg"}],"twitter_card":"summary_large_image","twitter_title":"Sun Eclipse Kork Yoga-Matte: Komfort & Stabilit\u00e4t","twitter_description":"Verbessern Sie Ihre Yoga-Sitzungen mit unserer umweltfreundlichen Korkmatte.","twitter_misc":{"Preis":"&euro;&nbsp;79,00","Verf\u00fcgbarkeit":"Auf Lager"},"schema":{"@context":"https:\/\/schema.org","@graph":[{"@type":"WebPage","@id":"https:\/\/samarali.com\/de\/produkt\/yogamatte-sonnenfinsternis\/","url":"https:\/\/samarali.com\/de\/produkt\/yogamatte-sonnenfinsternis\/","name":"Umweltfreundliche Sun Eclipse Kork Yoga-Matte f\u00fcr Komfort","isPartOf":{"@id":"https:\/\/samarali.com\/de\/#website"},"primaryImageOfPage":{"@id":"https:\/\/samarali.com\/de\/produkt\/yogamatte-sonnenfinsternis\/#primaryimage"},"image":{"@id":"https:\/\/samarali.com\/de\/produkt\/yogamatte-sonnenfinsternis\/#primaryimage"},"thumbnailUrl":"https:\/\/samarali.com\/wp-content\/uploads\/2024\/07\/sam-sun-eclipse-yoga-mat-01.jpg","datePublished":"2024-07-31T11:35:22+00:00","dateModified":"2025-07-23T08:53:42+00:00","description":"Erweitern Sie Ihre Yoga-Praxis mit unserer Sun Eclipse Korkmatte. Genie\u00dfen Sie Stabilit\u00e4t, Komfort und nat\u00fcrliche, antibakterielle Eigenschaften f\u00fcr ein frisches Training.","breadcrumb":{"@id":"https:\/\/samarali.com\/de\/produkt\/yogamatte-sonnenfinsternis\/#breadcrumb"},"inLanguage":"de","potentialAction":[{"@type":"ReadAction","target":["https:\/\/samarali.com\/de\/produkt\/yogamatte-sonnenfinsternis\/"]}]},{"@type":"ImageObject","inLanguage":"de","@id":"https:\/\/samarali.com\/de\/produkt\/yogamatte-sonnenfinsternis\/#primaryimage","url":"https:\/\/samarali.com\/wp-content\/uploads\/2024\/07\/sam-sun-eclipse-yoga-mat-01.jpg","contentUrl":"https:\/\/samarali.com\/wp-content\/uploads\/2024\/07\/sam-sun-eclipse-yoga-mat-01.jpg","width":830,"height":830,"caption":"sam Sonne Sonnenfinsternis Yogamatte 01"},{"@type":"BreadcrumbList","@id":"https:\/\/samarali.com\/de\/produkt\/yogamatte-sonnenfinsternis\/#breadcrumb","itemListElement":[{"@type":"ListItem","position":1,"name":"Startseite","item":"https:\/\/samarali.com\/de\/startseite\/"},{"@type":"ListItem","position":2,"name":"Shop","item":"https:\/\/samarali.com\/de\/shop\/"},{"@type":"ListItem","position":3,"name":"Yogamatte Sonnenfinsternis"}]},{"@type":"WebSite","@id":"https:\/\/samarali.com\/de\/#website","url":"https:\/\/samarali.com\/de\/","name":"Samarali","description":"Samarali ist eine nachhaltige Yoga- und Lifestyle-Marke mit Sitz in den Niederlanden","publisher":{"@id":"https:\/\/samarali.com\/de\/#organization"},"potentialAction":[{"@type":"SearchAction","target":{"@type":"EntryPoint","urlTemplate":"https:\/\/samarali.com\/de\/?s={search_term_string}"},"query-input":{"@type":"PropertyValueSpecification","valueRequired":true,"valueName":"search_term_string"}}],"inLanguage":"de"},{"@type":"Organization","@id":"https:\/\/samarali.com\/de\/#organization","name":"Samarali","url":"https:\/\/samarali.com\/de\/","logo":{"@type":"ImageObject","inLanguage":"de","@id":"https:\/\/samarali.com\/de\/#\/schema\/logo\/image\/","url":"https:\/\/samarali.com\/wp-content\/uploads\/2024\/05\/cropped-samarali-icon.png","contentUrl":"https:\/\/samarali.com\/wp-content\/uploads\/2024\/05\/cropped-samarali-icon.png","width":512,"height":512,"caption":"Samarali"},"image":{"@id":"https:\/\/samarali.com\/de\/#\/schema\/logo\/image\/"},"sameAs":["https:\/\/www.facebook.com\/samaraliyoga","https:\/\/www.linkedin.com\/company\/69563155\/","https:\/\/www.instagram.com\/samaraliyoga\/","https:\/\/nl.pinterest.com\/Samaraliyoga\/"],"description":"Samarali is a sustainable yoga and lifestyle brand based in the Netherlands","email":"info@samarali.com","legalName":"Samarali B.V.","vatID":"NL859820324B01","numberOfEmployees":{"@type":"QuantitativeValue","minValue":"1","maxValue":"10"}}]},"product_price_amount":"79.00","product_price_currency":"EUR","og_availability":"instock","product_availability":"instock","product_retailer_item_id":"11112","product_condition":"new"},"jetpack_sharing_enabled":true,"_links":{"self":[{"href":"https:\/\/samarali.com\/de\/wp-json\/wp\/v2\/product\/28649","targetHints":{"allow":["GET"]}}],"collection":[{"href":"https:\/\/samarali.com\/de\/wp-json\/wp\/v2\/product"}],"about":[{"href":"https:\/\/samarali.com\/de\/wp-json\/wp\/v2\/types\/product"}],"replies":[{"embeddable":true,"href":"https:\/\/samarali.com\/de\/wp-json\/wp\/v2\/comments?post=28649"}],"version-history":[{"count":1,"href":"https:\/\/samarali.com\/de\/wp-json\/wp\/v2\/product\/28649\/revisions"}],"predecessor-version":[{"id":32869,"href":"https:\/\/samarali.com\/de\/wp-json\/wp\/v2\/product\/28649\/revisions\/32869"}],"wp:featuredmedia":[{"embeddable":true,"href":"https:\/\/samarali.com\/de\/wp-json\/wp\/v2\/media\/17420"}],"wp:attachment":[{"href":"https:\/\/samarali.com\/de\/wp-json\/wp\/v2\/media?parent=28649"}],"wp:term":[{"taxonomy":"product_cat","embeddable":true,"href":"https:\/\/samarali.com\/de\/wp-json\/wp\/v2\/product_cat?post=28649"},{"taxonomy":"product_tag","embeddable":true,"href":"https:\/\/samarali.com\/de\/wp-json\/wp\/v2\/product_tag?post=28649"}],"curies":[{"name":"wp","href":"https:\/\/api.w.org\/{rel}","templated":true}]}}