{"id":28643,"date":"2024-07-31T14:20:11","date_gmt":"2024-07-31T12:20:11","guid":{"rendered":"https:\/\/samarali.com\/product\/klassisches-yoga-set\/"},"modified":"2026-02-25T23:19:04","modified_gmt":"2026-02-25T22:19:04","slug":"klassisches-yoga-set","status":"publish","type":"product","link":"https:\/\/samarali.com\/de\/produkt\/klassisches-yoga-set\/","title":{"rendered":"Klassisches Yoga-Set"},"content":{"rendered":"<p>Unser Classic Yoga Set enth\u00e4lt alle wichtigen Ger\u00e4te, um Ihre Yoga- oder Pilates-Routine zu starten. Es ist perfekt f\u00fcr Anf\u00e4nger und Fortgeschrittene gleicherma\u00dfen geeignet.<\/p>\n<div class=\"et_pb_row et_pb_row_9\">\n<div class=\"et_pb_column et_pb_column_4_4 et_pb_column_17 et_pb_css_mix_blend_mode_passthrough et-last-child\">\n<div class=\"et_pb_with_border et_pb_module et_pb_wc_tabs et_pb_wc_tabs_1 et_pb_tabs \">\n<div class=\"et_pb_all_tabs\">\n<div class=\"et_pb_tab clearfix et_pb_active_content et-pb-active-slide\">\n<div class=\"et_pb_tab_content\">\n<p>Alle unsere Produkte werden ausschlie\u00dflich aus umweltfreundlichen Materialien hergestellt. Unsere Yogamatten haben eine biologisch abbaubare Korkoberfl\u00e4che und eine recycelbare Gummibasis, wodurch sie atmungsaktiv, weich und sanft zur Haut sind.<span style=\"color: var(--rz-text-color);font-family: var(--rz-font-family-primary)\">Die Yogabl\u00f6cke sind ein unverzichtbares Hilfsmittel, um Ihre Praxis zu verbessern. Sie bieten reichlich Unterst\u00fctzung f\u00fcr Arm-Balance-\u00dcbungen und den unteren R\u00fccken w\u00e4hrend der R\u00fcckenlage.<br \/>\nEr ist leicht, hat eine rutschfeste Oberfl\u00e4che und abgerundete Kanten f\u00fcr einen bequemen Griff, der Druckstellen verhindert.<br \/>\nMit dem mitgelieferten Tragegurt k\u00f6nnen Sie Ihre Yogamatte \u00fcberallhin mitnehmen.  <\/span><\/p>\n<\/div>\n<\/div>\n<\/div>\n<\/div>\n<\/div>\n<\/div>\n","protected":false},"excerpt":{"rendered":"<p>Starten Sie Ihre Yoga- oder Pilates-Routine mit unserem umweltfreundlichen Classic Yoga Set. Mit einer Yogamatte aus Kork, st\u00fctzenden Bl\u00f6cken und einem Tragegurt ist dieses Set perfekt f\u00fcr alle Niveaus und verbindet Komfort und Nachhaltigkeit.<\/p>\n","protected":false},"featured_media":17460,"comment_status":"open","ping_status":"closed","template":"","meta":{"_acf_changed":false,"_improvement_type_select":"improve_an_existing","_thumb_yes_seoaic":false,"_frame_yes_seoaic":false,"seoaic_generate_description":"","seoaic_improve_instructions_prompt":"","seoaic_rollback_content_improvement":"","seoaic_idea_thumbnail_generator":"","thumbnail_generated":false,"thumbnail_generate_prompt":"","seoaic_article_description":"","inline_featured_image":false},"product_cat":[321,322],"product_tag":[],"class_list":{"0":"post-28643","1":"product","2":"type-product","3":"status-publish","4":"has-post-thumbnail","6":"product_cat-yoga-de","7":"product_cat-yoga-sets-de","9":"first","10":"instock","11":"shipping-taxable","12":"purchasable","13":"product-type-simple"},"acf":[],"yoast_head":"<!-- This site is optimized with the Yoast SEO Premium plugin v27.3 (Yoast SEO v27.3) - https:\/\/yoast.com\/product\/yoast-seo-premium-wordpress\/ -->\n<title>Klassisches Yoga-Set - Samarali<\/title>\n<meta name=\"description\" content=\"Starten Sie Ihre Yoga- oder Pilates-Routine mit unserem umweltfreundlichen Classic Yoga Set. Ausgestattet mit einer Kork-Yogamatte, st\u00fctzenden Bl\u00f6cken und einem Tragegurt.\" \/>\n<meta name=\"robots\" content=\"index, follow, max-snippet:-1, max-image-preview:large, max-video-preview:-1\" \/>\n<link rel=\"canonical\" href=\"https:\/\/samarali.com\/de\/produkt\/klassisches-yoga-set\/\" \/>\n<meta property=\"og:locale\" content=\"de_DE\" \/>\n<meta property=\"og:type\" content=\"article\" \/>\n<meta property=\"og:title\" content=\"Klassisches Yoga-Set - Samarali\" \/>\n<meta property=\"og:description\" content=\"Starten Sie Ihre Yoga- oder Pilates-Routine mit unserem umweltfreundlichen Classic Yoga Set. Ausgestattet mit einer Kork-Yogamatte, st\u00fctzenden Bl\u00f6cken und einem Tragegurt.\" \/>\n<meta property=\"og:url\" content=\"https:\/\/samarali.com\/de\/produkt\/klassisches-yoga-set\/\" \/>\n<meta property=\"og:site_name\" content=\"Samarali\" \/>\n<meta property=\"article:publisher\" content=\"https:\/\/www.facebook.com\/samaraliyoga\" \/>\n<meta property=\"article:modified_time\" content=\"2026-02-25T22:19:04+00:00\" \/>\n<meta property=\"og:image\" content=\"https:\/\/samarali.com\/wp-content\/uploads\/2024\/07\/Untitled-4.jpg\" \/>\n\t<meta property=\"og:image:width\" content=\"1200\" \/>\n\t<meta property=\"og:image:height\" content=\"1200\" \/>\n\t<meta property=\"og:image:type\" content=\"image\/jpeg\" \/>\n<meta name=\"twitter:card\" content=\"summary_large_image\" \/>\n<meta name=\"twitter:label1\" content=\"Preis\" \/>\n\t<meta name=\"twitter:data1\" content=\"&euro;&nbsp;99,00\" \/>\n\t<meta name=\"twitter:label2\" content=\"Verf\u00fcgbarkeit\" \/>\n\t<meta name=\"twitter:data2\" content=\"Auf Lager\" \/>\n<script type=\"application\/ld+json\" class=\"yoast-schema-graph\">{\"@context\":\"https:\\\/\\\/schema.org\",\"@graph\":[{\"@type\":\"WebPage\",\"@id\":\"https:\\\/\\\/samarali.com\\\/de\\\/produkt\\\/klassisches-yoga-set\\\/\",\"url\":\"https:\\\/\\\/samarali.com\\\/de\\\/produkt\\\/klassisches-yoga-set\\\/\",\"name\":\"Klassisches Yoga-Set - Samarali\",\"isPartOf\":{\"@id\":\"https:\\\/\\\/samarali.com\\\/de\\\/#website\"},\"primaryImageOfPage\":{\"@id\":\"https:\\\/\\\/samarali.com\\\/de\\\/produkt\\\/klassisches-yoga-set\\\/#primaryimage\"},\"image\":{\"@id\":\"https:\\\/\\\/samarali.com\\\/de\\\/produkt\\\/klassisches-yoga-set\\\/#primaryimage\"},\"thumbnailUrl\":\"https:\\\/\\\/samarali.com\\\/wp-content\\\/uploads\\\/2024\\\/07\\\/Untitled-4.jpg\",\"datePublished\":\"2024-07-31T12:20:11+00:00\",\"dateModified\":\"2026-02-25T22:19:04+00:00\",\"description\":\"Starten Sie Ihre Yoga- oder Pilates-Routine mit unserem umweltfreundlichen Classic Yoga Set. Ausgestattet mit einer Kork-Yogamatte, st\u00fctzenden Bl\u00f6cken und einem Tragegurt.\",\"breadcrumb\":{\"@id\":\"https:\\\/\\\/samarali.com\\\/de\\\/produkt\\\/klassisches-yoga-set\\\/#breadcrumb\"},\"inLanguage\":\"de\",\"potentialAction\":[{\"@type\":\"ReadAction\",\"target\":[\"https:\\\/\\\/samarali.com\\\/de\\\/produkt\\\/klassisches-yoga-set\\\/\"]}]},{\"@type\":\"ImageObject\",\"inLanguage\":\"de\",\"@id\":\"https:\\\/\\\/samarali.com\\\/de\\\/produkt\\\/klassisches-yoga-set\\\/#primaryimage\",\"url\":\"https:\\\/\\\/samarali.com\\\/wp-content\\\/uploads\\\/2024\\\/07\\\/Untitled-4.jpg\",\"contentUrl\":\"https:\\\/\\\/samarali.com\\\/wp-content\\\/uploads\\\/2024\\\/07\\\/Untitled-4.jpg\",\"width\":1200,\"height\":1200,\"caption\":\"Unbetitelt 4\"},{\"@type\":\"BreadcrumbList\",\"@id\":\"https:\\\/\\\/samarali.com\\\/de\\\/produkt\\\/klassisches-yoga-set\\\/#breadcrumb\",\"itemListElement\":[{\"@type\":\"ListItem\",\"position\":1,\"name\":\"Startseite\",\"item\":\"https:\\\/\\\/samarali.com\\\/de\\\/startseite\\\/\"},{\"@type\":\"ListItem\",\"position\":2,\"name\":\"Shop\",\"item\":\"https:\\\/\\\/samarali.com\\\/de\\\/shop\\\/\"},{\"@type\":\"ListItem\",\"position\":3,\"name\":\"Klassisches Yoga-Set\"}]},{\"@type\":\"WebSite\",\"@id\":\"https:\\\/\\\/samarali.com\\\/de\\\/#website\",\"url\":\"https:\\\/\\\/samarali.com\\\/de\\\/\",\"name\":\"Samarali\",\"description\":\"Samarali ist eine nachhaltige Yoga- und Lifestyle-Marke mit Sitz in den Niederlanden\",\"publisher\":{\"@id\":\"https:\\\/\\\/samarali.com\\\/de\\\/#organization\"},\"potentialAction\":[{\"@type\":\"SearchAction\",\"target\":{\"@type\":\"EntryPoint\",\"urlTemplate\":\"https:\\\/\\\/samarali.com\\\/de\\\/?s={search_term_string}\"},\"query-input\":{\"@type\":\"PropertyValueSpecification\",\"valueRequired\":true,\"valueName\":\"search_term_string\"}}],\"inLanguage\":\"de\"},{\"@type\":\"Organization\",\"@id\":\"https:\\\/\\\/samarali.com\\\/de\\\/#organization\",\"name\":\"Samarali\",\"url\":\"https:\\\/\\\/samarali.com\\\/de\\\/\",\"logo\":{\"@type\":\"ImageObject\",\"inLanguage\":\"de\",\"@id\":\"https:\\\/\\\/samarali.com\\\/de\\\/#\\\/schema\\\/logo\\\/image\\\/\",\"url\":\"https:\\\/\\\/samarali.com\\\/wp-content\\\/uploads\\\/2024\\\/05\\\/cropped-samarali-icon.png\",\"contentUrl\":\"https:\\\/\\\/samarali.com\\\/wp-content\\\/uploads\\\/2024\\\/05\\\/cropped-samarali-icon.png\",\"width\":512,\"height\":512,\"caption\":\"Samarali\"},\"image\":{\"@id\":\"https:\\\/\\\/samarali.com\\\/de\\\/#\\\/schema\\\/logo\\\/image\\\/\"},\"sameAs\":[\"https:\\\/\\\/www.facebook.com\\\/samaraliyoga\",\"https:\\\/\\\/www.linkedin.com\\\/company\\\/69563155\\\/\",\"https:\\\/\\\/www.instagram.com\\\/samaraliyoga\\\/\",\"https:\\\/\\\/nl.pinterest.com\\\/Samaraliyoga\\\/\"],\"description\":\"Samarali is a sustainable yoga and lifestyle brand based in the Netherlands\",\"email\":\"info@samarali.com\",\"legalName\":\"Samarali B.V.\",\"vatID\":\"NL859820324B01\",\"numberOfEmployees\":{\"@type\":\"QuantitativeValue\",\"minValue\":\"1\",\"maxValue\":\"10\"}}]}<\/script>\n<meta property=\"product:price:amount\" content=\"99.00\" \/>\n<meta property=\"product:price:currency\" content=\"EUR\" \/>\n<meta property=\"og:availability\" content=\"instock\" \/>\n<meta property=\"product:availability\" content=\"instock\" \/>\n<meta property=\"product:retailer_item_id\" content=\"11119\" \/>\n<meta property=\"product:condition\" content=\"new\" \/>\n<!-- \/ Yoast SEO Premium plugin. -->","yoast_head_json":{"title":"Klassisches Yoga-Set - Samarali","description":"Starten Sie Ihre Yoga- oder Pilates-Routine mit unserem umweltfreundlichen Classic Yoga Set. Ausgestattet mit einer Kork-Yogamatte, st\u00fctzenden Bl\u00f6cken und einem Tragegurt.","robots":{"index":"index","follow":"follow","max-snippet":"max-snippet:-1","max-image-preview":"max-image-preview:large","max-video-preview":"max-video-preview:-1"},"canonical":"https:\/\/samarali.com\/de\/produkt\/klassisches-yoga-set\/","og_locale":"de_DE","og_type":"article","og_title":"Klassisches Yoga-Set - Samarali","og_description":"Starten Sie Ihre Yoga- oder Pilates-Routine mit unserem umweltfreundlichen Classic Yoga Set. Ausgestattet mit einer Kork-Yogamatte, st\u00fctzenden Bl\u00f6cken und einem Tragegurt.","og_url":"https:\/\/samarali.com\/de\/produkt\/klassisches-yoga-set\/","og_site_name":"Samarali","article_publisher":"https:\/\/www.facebook.com\/samaraliyoga","article_modified_time":"2026-02-25T22:19:04+00:00","og_image":[{"width":1200,"height":1200,"url":"https:\/\/samarali.com\/wp-content\/uploads\/2024\/07\/Untitled-4.jpg","type":"image\/jpeg"}],"twitter_card":"summary_large_image","twitter_misc":{"Preis":"&euro;&nbsp;99,00","Verf\u00fcgbarkeit":"Auf Lager"},"schema":{"@context":"https:\/\/schema.org","@graph":[{"@type":"WebPage","@id":"https:\/\/samarali.com\/de\/produkt\/klassisches-yoga-set\/","url":"https:\/\/samarali.com\/de\/produkt\/klassisches-yoga-set\/","name":"Klassisches Yoga-Set - Samarali","isPartOf":{"@id":"https:\/\/samarali.com\/de\/#website"},"primaryImageOfPage":{"@id":"https:\/\/samarali.com\/de\/produkt\/klassisches-yoga-set\/#primaryimage"},"image":{"@id":"https:\/\/samarali.com\/de\/produkt\/klassisches-yoga-set\/#primaryimage"},"thumbnailUrl":"https:\/\/samarali.com\/wp-content\/uploads\/2024\/07\/Untitled-4.jpg","datePublished":"2024-07-31T12:20:11+00:00","dateModified":"2026-02-25T22:19:04+00:00","description":"Starten Sie Ihre Yoga- oder Pilates-Routine mit unserem umweltfreundlichen Classic Yoga Set. Ausgestattet mit einer Kork-Yogamatte, st\u00fctzenden Bl\u00f6cken und einem Tragegurt.","breadcrumb":{"@id":"https:\/\/samarali.com\/de\/produkt\/klassisches-yoga-set\/#breadcrumb"},"inLanguage":"de","potentialAction":[{"@type":"ReadAction","target":["https:\/\/samarali.com\/de\/produkt\/klassisches-yoga-set\/"]}]},{"@type":"ImageObject","inLanguage":"de","@id":"https:\/\/samarali.com\/de\/produkt\/klassisches-yoga-set\/#primaryimage","url":"https:\/\/samarali.com\/wp-content\/uploads\/2024\/07\/Untitled-4.jpg","contentUrl":"https:\/\/samarali.com\/wp-content\/uploads\/2024\/07\/Untitled-4.jpg","width":1200,"height":1200,"caption":"Unbetitelt 4"},{"@type":"BreadcrumbList","@id":"https:\/\/samarali.com\/de\/produkt\/klassisches-yoga-set\/#breadcrumb","itemListElement":[{"@type":"ListItem","position":1,"name":"Startseite","item":"https:\/\/samarali.com\/de\/startseite\/"},{"@type":"ListItem","position":2,"name":"Shop","item":"https:\/\/samarali.com\/de\/shop\/"},{"@type":"ListItem","position":3,"name":"Klassisches Yoga-Set"}]},{"@type":"WebSite","@id":"https:\/\/samarali.com\/de\/#website","url":"https:\/\/samarali.com\/de\/","name":"Samarali","description":"Samarali ist eine nachhaltige Yoga- und Lifestyle-Marke mit Sitz in den Niederlanden","publisher":{"@id":"https:\/\/samarali.com\/de\/#organization"},"potentialAction":[{"@type":"SearchAction","target":{"@type":"EntryPoint","urlTemplate":"https:\/\/samarali.com\/de\/?s={search_term_string}"},"query-input":{"@type":"PropertyValueSpecification","valueRequired":true,"valueName":"search_term_string"}}],"inLanguage":"de"},{"@type":"Organization","@id":"https:\/\/samarali.com\/de\/#organization","name":"Samarali","url":"https:\/\/samarali.com\/de\/","logo":{"@type":"ImageObject","inLanguage":"de","@id":"https:\/\/samarali.com\/de\/#\/schema\/logo\/image\/","url":"https:\/\/samarali.com\/wp-content\/uploads\/2024\/05\/cropped-samarali-icon.png","contentUrl":"https:\/\/samarali.com\/wp-content\/uploads\/2024\/05\/cropped-samarali-icon.png","width":512,"height":512,"caption":"Samarali"},"image":{"@id":"https:\/\/samarali.com\/de\/#\/schema\/logo\/image\/"},"sameAs":["https:\/\/www.facebook.com\/samaraliyoga","https:\/\/www.linkedin.com\/company\/69563155\/","https:\/\/www.instagram.com\/samaraliyoga\/","https:\/\/nl.pinterest.com\/Samaraliyoga\/"],"description":"Samarali is a sustainable yoga and lifestyle brand based in the Netherlands","email":"info@samarali.com","legalName":"Samarali B.V.","vatID":"NL859820324B01","numberOfEmployees":{"@type":"QuantitativeValue","minValue":"1","maxValue":"10"}}]},"product_price_amount":"99.00","product_price_currency":"EUR","og_availability":"instock","product_availability":"instock","product_retailer_item_id":"11119","product_condition":"new"},"jetpack_sharing_enabled":true,"_links":{"self":[{"href":"https:\/\/samarali.com\/de\/wp-json\/wp\/v2\/product\/28643","targetHints":{"allow":["GET"]}}],"collection":[{"href":"https:\/\/samarali.com\/de\/wp-json\/wp\/v2\/product"}],"about":[{"href":"https:\/\/samarali.com\/de\/wp-json\/wp\/v2\/types\/product"}],"replies":[{"embeddable":true,"href":"https:\/\/samarali.com\/de\/wp-json\/wp\/v2\/comments?post=28643"}],"version-history":[{"count":1,"href":"https:\/\/samarali.com\/de\/wp-json\/wp\/v2\/product\/28643\/revisions"}],"predecessor-version":[{"id":32875,"href":"https:\/\/samarali.com\/de\/wp-json\/wp\/v2\/product\/28643\/revisions\/32875"}],"wp:featuredmedia":[{"embeddable":true,"href":"https:\/\/samarali.com\/de\/wp-json\/wp\/v2\/media\/17460"}],"wp:attachment":[{"href":"https:\/\/samarali.com\/de\/wp-json\/wp\/v2\/media?parent=28643"}],"wp:term":[{"taxonomy":"product_cat","embeddable":true,"href":"https:\/\/samarali.com\/de\/wp-json\/wp\/v2\/product_cat?post=28643"},{"taxonomy":"product_tag","embeddable":true,"href":"https:\/\/samarali.com\/de\/wp-json\/wp\/v2\/product_tag?post=28643"}],"curies":[{"name":"wp","href":"https:\/\/api.w.org\/{rel}","templated":true}]}}