{"id":28624,"date":"2024-07-31T08:41:03","date_gmt":"2024-07-31T06:41:03","guid":{"rendered":"https:\/\/samarali.com\/product\/naturkautschuk-yoga-matte\/"},"modified":"2026-02-13T12:52:27","modified_gmt":"2026-02-13T11:52:27","slug":"naturkautschuk-yoga-matte","status":"publish","type":"product","link":"https:\/\/samarali.com\/de\/produkt\/naturkautschuk-yoga-matte\/","title":{"rendered":"Naturkautschuk Yoga-Matte"},"content":{"rendered":"<p>Genie\u00dfen Sie die Bewegungsfreiheit mit unseren brandneuen Yogamatten aus Naturkautschuk.<br \/>\nDiese Matten eignen sich sowohl f\u00fcr Anf\u00e4nger als auch f\u00fcr erfahrene Yogis und bieten hervorragenden Halt w\u00e4hrend der Asanas.<br \/>\nDiese Yogamatte ist aus Naturkautschuk hergestellt und bietet eine \u00f6kologische L\u00f6sung f\u00fcr Ihre Praxis.<br \/>\nSie kombiniert Funktionalit\u00e4t, Stabilit\u00e4t und Komfort und ist damit ideal f\u00fcr alle Yogis.<br \/>\nDie Matte ist leicht und einfach zu transportieren. Die Ober- und Unterseite bestehen aus demselben Material, so dass Sie auf beiden Seiten \u00fcben k\u00f6nnen, was die Stabilit\u00e4t und Haltbarkeit erh\u00f6ht.<br \/>\nSie bietet eine hervorragende D\u00e4mpfung und st\u00fctzt Ihre Knie und H\u00fcften w\u00e4hrend der Praxis.<br \/>\nUm Ihre Naturkautschuk-Yogamatte zu reinigen, verwenden Sie ein feuchtes Tuch oder wischen Sie sie mit einem mit Wasser verd\u00fcnnten Essigreiniger ab.<br \/>\nLassen Sie die Matte vollst\u00e4ndig trocknen, bevor Sie sie wieder in ihre urspr\u00fcngliche Form rollen.<br \/>\nWaschen Sie sie NICHT in der Waschmaschine und verwenden Sie keine Seife zur Reinigung.<br \/>\nHalten Sie sie au\u00dferdem von direktem Sonnenlicht fern.<br \/>\nBitte beachten Sie, dass aufgrund des Naturkautschuks, der f\u00fcr die Herstellung dieser Matten verwendet wird, anfangs ein leichter Geruch auftreten kann, der sich jedoch mit der Zeit verfl\u00fcchtigt.          <\/p>\n","protected":false},"excerpt":{"rendered":"<p>Genie\u00dfen Sie die Bewegungsfreiheit mit unseren brandneuen Yogamatten aus Naturkautschuk. Diese Matten eignen sich sowohl f\u00fcr Anf\u00e4nger als auch f\u00fcr erfahrene Yogis und bieten hervorragenden Halt w\u00e4hrend der Asanas. Diese Yogamatte ist aus Naturkautschuk hergestellt und bietet eine \u00f6kologische L\u00f6sung f\u00fcr Ihre Praxis. Sie kombiniert Funktionalit\u00e4t, Stabilit\u00e4t und Komfort und ist damit ideal f\u00fcr alle [&hellip;]<\/p>\n","protected":false},"featured_media":17394,"comment_status":"open","ping_status":"closed","template":"","meta":{"_acf_changed":false,"_improvement_type_select":"improve_an_existing","_thumb_yes_seoaic":false,"_frame_yes_seoaic":false,"seoaic_generate_description":"","seoaic_improve_instructions_prompt":"","seoaic_rollback_content_improvement":"","seoaic_idea_thumbnail_generator":"","thumbnail_generated":false,"thumbnail_generate_prompt":"","seoaic_article_description":"","inline_featured_image":false},"product_cat":[321,336],"product_tag":[],"class_list":{"0":"post-28624","1":"product","2":"type-product","3":"status-publish","4":"has-post-thumbnail","6":"product_cat-yoga-de","7":"product_cat-yoga-matten","9":"first","10":"instock","11":"shipping-taxable","12":"purchasable","13":"product-type-variable"},"acf":[],"yoast_head":"<!-- This site is optimized with the Yoast SEO Premium plugin v27.3 (Yoast SEO v27.3) - https:\/\/yoast.com\/product\/yoast-seo-premium-wordpress\/ -->\n<title>Naturkautschuk Yoga-Matte - Samarali<\/title>\n<meta name=\"robots\" content=\"index, follow, max-snippet:-1, max-image-preview:large, max-video-preview:-1\" \/>\n<link rel=\"canonical\" href=\"https:\/\/samarali.com\/de\/produkt\/naturkautschuk-yoga-matte\/\" \/>\n<meta property=\"og:locale\" content=\"de_DE\" \/>\n<meta property=\"og:type\" content=\"article\" \/>\n<meta property=\"og:title\" content=\"Naturkautschuk Yoga-Matte - Samarali\" \/>\n<meta property=\"og:description\" content=\"Genie\u00dfen Sie die Bewegungsfreiheit mit unseren brandneuen Yogamatten aus Naturkautschuk. Diese Matten eignen sich sowohl f\u00fcr Anf\u00e4nger als auch f\u00fcr erfahrene Yogis und bieten hervorragenden Halt w\u00e4hrend der Asanas. Diese Yogamatte ist aus Naturkautschuk hergestellt und bietet eine \u00f6kologische L\u00f6sung f\u00fcr Ihre Praxis. Sie kombiniert Funktionalit\u00e4t, Stabilit\u00e4t und Komfort und ist damit ideal f\u00fcr alle [&hellip;]\" \/>\n<meta property=\"og:url\" content=\"https:\/\/samarali.com\/de\/produkt\/naturkautschuk-yoga-matte\/\" \/>\n<meta property=\"og:site_name\" content=\"Samarali\" \/>\n<meta property=\"article:publisher\" content=\"https:\/\/www.facebook.com\/samaraliyoga\" \/>\n<meta property=\"article:modified_time\" content=\"2026-02-13T11:52:27+00:00\" \/>\n<meta property=\"og:image\" content=\"https:\/\/samarali.com\/wp-content\/uploads\/2024\/07\/Rabber-mat-Dark-green_8.jpg\" \/>\n\t<meta property=\"og:image:width\" content=\"1000\" \/>\n\t<meta property=\"og:image:height\" content=\"1000\" \/>\n\t<meta property=\"og:image:type\" content=\"image\/jpeg\" \/>\n<meta name=\"twitter:card\" content=\"summary_large_image\" \/>\n<meta name=\"twitter:label1\" content=\"Verf\u00fcgbarkeit\" \/>\n\t<meta name=\"twitter:data1\" content=\"Auf Lager\" \/>\n<script type=\"application\/ld+json\" class=\"yoast-schema-graph\">{\"@context\":\"https:\\\/\\\/schema.org\",\"@graph\":[{\"@type\":\"WebPage\",\"@id\":\"https:\\\/\\\/samarali.com\\\/de\\\/produkt\\\/naturkautschuk-yoga-matte\\\/\",\"url\":\"https:\\\/\\\/samarali.com\\\/de\\\/produkt\\\/naturkautschuk-yoga-matte\\\/\",\"name\":\"Naturkautschuk Yoga-Matte - Samarali\",\"isPartOf\":{\"@id\":\"https:\\\/\\\/samarali.com\\\/de\\\/#website\"},\"primaryImageOfPage\":{\"@id\":\"https:\\\/\\\/samarali.com\\\/de\\\/produkt\\\/naturkautschuk-yoga-matte\\\/#primaryimage\"},\"image\":{\"@id\":\"https:\\\/\\\/samarali.com\\\/de\\\/produkt\\\/naturkautschuk-yoga-matte\\\/#primaryimage\"},\"thumbnailUrl\":\"https:\\\/\\\/samarali.com\\\/wp-content\\\/uploads\\\/2024\\\/07\\\/Rabber-mat-Dark-green_8.jpg\",\"datePublished\":\"2024-07-31T06:41:03+00:00\",\"dateModified\":\"2026-02-13T11:52:27+00:00\",\"breadcrumb\":{\"@id\":\"https:\\\/\\\/samarali.com\\\/de\\\/produkt\\\/naturkautschuk-yoga-matte\\\/#breadcrumb\"},\"inLanguage\":\"de\",\"potentialAction\":[{\"@type\":\"ReadAction\",\"target\":[\"https:\\\/\\\/samarali.com\\\/de\\\/produkt\\\/naturkautschuk-yoga-matte\\\/\"]}]},{\"@type\":\"ImageObject\",\"inLanguage\":\"de\",\"@id\":\"https:\\\/\\\/samarali.com\\\/de\\\/produkt\\\/naturkautschuk-yoga-matte\\\/#primaryimage\",\"url\":\"https:\\\/\\\/samarali.com\\\/wp-content\\\/uploads\\\/2024\\\/07\\\/Rabber-mat-Dark-green_8.jpg\",\"contentUrl\":\"https:\\\/\\\/samarali.com\\\/wp-content\\\/uploads\\\/2024\\\/07\\\/Rabber-mat-Dark-green_8.jpg\",\"width\":1000,\"height\":1000,\"caption\":\"Rabber mat Dark green 8\"},{\"@type\":\"BreadcrumbList\",\"@id\":\"https:\\\/\\\/samarali.com\\\/de\\\/produkt\\\/naturkautschuk-yoga-matte\\\/#breadcrumb\",\"itemListElement\":[{\"@type\":\"ListItem\",\"position\":1,\"name\":\"Startseite\",\"item\":\"https:\\\/\\\/samarali.com\\\/de\\\/startseite\\\/\"},{\"@type\":\"ListItem\",\"position\":2,\"name\":\"Shop\",\"item\":\"https:\\\/\\\/samarali.com\\\/de\\\/shop\\\/\"},{\"@type\":\"ListItem\",\"position\":3,\"name\":\"Naturkautschuk Yoga-Matte\"}]},{\"@type\":\"WebSite\",\"@id\":\"https:\\\/\\\/samarali.com\\\/de\\\/#website\",\"url\":\"https:\\\/\\\/samarali.com\\\/de\\\/\",\"name\":\"Samarali\",\"description\":\"Samarali ist eine nachhaltige Yoga- und Lifestyle-Marke mit Sitz in den Niederlanden\",\"publisher\":{\"@id\":\"https:\\\/\\\/samarali.com\\\/de\\\/#organization\"},\"potentialAction\":[{\"@type\":\"SearchAction\",\"target\":{\"@type\":\"EntryPoint\",\"urlTemplate\":\"https:\\\/\\\/samarali.com\\\/de\\\/?s={search_term_string}\"},\"query-input\":{\"@type\":\"PropertyValueSpecification\",\"valueRequired\":true,\"valueName\":\"search_term_string\"}}],\"inLanguage\":\"de\"},{\"@type\":\"Organization\",\"@id\":\"https:\\\/\\\/samarali.com\\\/de\\\/#organization\",\"name\":\"Samarali\",\"url\":\"https:\\\/\\\/samarali.com\\\/de\\\/\",\"logo\":{\"@type\":\"ImageObject\",\"inLanguage\":\"de\",\"@id\":\"https:\\\/\\\/samarali.com\\\/de\\\/#\\\/schema\\\/logo\\\/image\\\/\",\"url\":\"https:\\\/\\\/samarali.com\\\/wp-content\\\/uploads\\\/2024\\\/05\\\/cropped-samarali-icon.png\",\"contentUrl\":\"https:\\\/\\\/samarali.com\\\/wp-content\\\/uploads\\\/2024\\\/05\\\/cropped-samarali-icon.png\",\"width\":512,\"height\":512,\"caption\":\"Samarali\"},\"image\":{\"@id\":\"https:\\\/\\\/samarali.com\\\/de\\\/#\\\/schema\\\/logo\\\/image\\\/\"},\"sameAs\":[\"https:\\\/\\\/www.facebook.com\\\/samaraliyoga\",\"https:\\\/\\\/www.linkedin.com\\\/company\\\/69563155\\\/\",\"https:\\\/\\\/www.instagram.com\\\/samaraliyoga\\\/\",\"https:\\\/\\\/nl.pinterest.com\\\/Samaraliyoga\\\/\"],\"description\":\"Samarali is a sustainable yoga and lifestyle brand based in the Netherlands\",\"email\":\"info@samarali.com\",\"legalName\":\"Samarali B.V.\",\"vatID\":\"NL859820324B01\",\"numberOfEmployees\":{\"@type\":\"QuantitativeValue\",\"minValue\":\"1\",\"maxValue\":\"10\"}}]}<\/script>\n<meta property=\"og:availability\" content=\"instock\" \/>\n<meta property=\"product:availability\" content=\"instock\" \/>\n<meta property=\"product:condition\" content=\"new\" \/>\n<!-- \/ Yoast SEO Premium plugin. -->","yoast_head_json":{"title":"Naturkautschuk Yoga-Matte - Samarali","robots":{"index":"index","follow":"follow","max-snippet":"max-snippet:-1","max-image-preview":"max-image-preview:large","max-video-preview":"max-video-preview:-1"},"canonical":"https:\/\/samarali.com\/de\/produkt\/naturkautschuk-yoga-matte\/","og_locale":"de_DE","og_type":"article","og_title":"Naturkautschuk Yoga-Matte - Samarali","og_description":"Genie\u00dfen Sie die Bewegungsfreiheit mit unseren brandneuen Yogamatten aus Naturkautschuk. Diese Matten eignen sich sowohl f\u00fcr Anf\u00e4nger als auch f\u00fcr erfahrene Yogis und bieten hervorragenden Halt w\u00e4hrend der Asanas. Diese Yogamatte ist aus Naturkautschuk hergestellt und bietet eine \u00f6kologische L\u00f6sung f\u00fcr Ihre Praxis. Sie kombiniert Funktionalit\u00e4t, Stabilit\u00e4t und Komfort und ist damit ideal f\u00fcr alle [&hellip;]","og_url":"https:\/\/samarali.com\/de\/produkt\/naturkautschuk-yoga-matte\/","og_site_name":"Samarali","article_publisher":"https:\/\/www.facebook.com\/samaraliyoga","article_modified_time":"2026-02-13T11:52:27+00:00","og_image":[{"width":1000,"height":1000,"url":"https:\/\/samarali.com\/wp-content\/uploads\/2024\/07\/Rabber-mat-Dark-green_8.jpg","type":"image\/jpeg"}],"twitter_card":"summary_large_image","twitter_misc":{"Verf\u00fcgbarkeit":"Auf Lager"},"schema":{"@context":"https:\/\/schema.org","@graph":[{"@type":"WebPage","@id":"https:\/\/samarali.com\/de\/produkt\/naturkautschuk-yoga-matte\/","url":"https:\/\/samarali.com\/de\/produkt\/naturkautschuk-yoga-matte\/","name":"Naturkautschuk Yoga-Matte - Samarali","isPartOf":{"@id":"https:\/\/samarali.com\/de\/#website"},"primaryImageOfPage":{"@id":"https:\/\/samarali.com\/de\/produkt\/naturkautschuk-yoga-matte\/#primaryimage"},"image":{"@id":"https:\/\/samarali.com\/de\/produkt\/naturkautschuk-yoga-matte\/#primaryimage"},"thumbnailUrl":"https:\/\/samarali.com\/wp-content\/uploads\/2024\/07\/Rabber-mat-Dark-green_8.jpg","datePublished":"2024-07-31T06:41:03+00:00","dateModified":"2026-02-13T11:52:27+00:00","breadcrumb":{"@id":"https:\/\/samarali.com\/de\/produkt\/naturkautschuk-yoga-matte\/#breadcrumb"},"inLanguage":"de","potentialAction":[{"@type":"ReadAction","target":["https:\/\/samarali.com\/de\/produkt\/naturkautschuk-yoga-matte\/"]}]},{"@type":"ImageObject","inLanguage":"de","@id":"https:\/\/samarali.com\/de\/produkt\/naturkautschuk-yoga-matte\/#primaryimage","url":"https:\/\/samarali.com\/wp-content\/uploads\/2024\/07\/Rabber-mat-Dark-green_8.jpg","contentUrl":"https:\/\/samarali.com\/wp-content\/uploads\/2024\/07\/Rabber-mat-Dark-green_8.jpg","width":1000,"height":1000,"caption":"Rabber mat Dark green 8"},{"@type":"BreadcrumbList","@id":"https:\/\/samarali.com\/de\/produkt\/naturkautschuk-yoga-matte\/#breadcrumb","itemListElement":[{"@type":"ListItem","position":1,"name":"Startseite","item":"https:\/\/samarali.com\/de\/startseite\/"},{"@type":"ListItem","position":2,"name":"Shop","item":"https:\/\/samarali.com\/de\/shop\/"},{"@type":"ListItem","position":3,"name":"Naturkautschuk Yoga-Matte"}]},{"@type":"WebSite","@id":"https:\/\/samarali.com\/de\/#website","url":"https:\/\/samarali.com\/de\/","name":"Samarali","description":"Samarali ist eine nachhaltige Yoga- und Lifestyle-Marke mit Sitz in den Niederlanden","publisher":{"@id":"https:\/\/samarali.com\/de\/#organization"},"potentialAction":[{"@type":"SearchAction","target":{"@type":"EntryPoint","urlTemplate":"https:\/\/samarali.com\/de\/?s={search_term_string}"},"query-input":{"@type":"PropertyValueSpecification","valueRequired":true,"valueName":"search_term_string"}}],"inLanguage":"de"},{"@type":"Organization","@id":"https:\/\/samarali.com\/de\/#organization","name":"Samarali","url":"https:\/\/samarali.com\/de\/","logo":{"@type":"ImageObject","inLanguage":"de","@id":"https:\/\/samarali.com\/de\/#\/schema\/logo\/image\/","url":"https:\/\/samarali.com\/wp-content\/uploads\/2024\/05\/cropped-samarali-icon.png","contentUrl":"https:\/\/samarali.com\/wp-content\/uploads\/2024\/05\/cropped-samarali-icon.png","width":512,"height":512,"caption":"Samarali"},"image":{"@id":"https:\/\/samarali.com\/de\/#\/schema\/logo\/image\/"},"sameAs":["https:\/\/www.facebook.com\/samaraliyoga","https:\/\/www.linkedin.com\/company\/69563155\/","https:\/\/www.instagram.com\/samaraliyoga\/","https:\/\/nl.pinterest.com\/Samaraliyoga\/"],"description":"Samarali is a sustainable yoga and lifestyle brand based in the Netherlands","email":"info@samarali.com","legalName":"Samarali B.V.","vatID":"NL859820324B01","numberOfEmployees":{"@type":"QuantitativeValue","minValue":"1","maxValue":"10"}}]},"og_availability":"instock","product_availability":"instock","product_condition":"new"},"jetpack_sharing_enabled":true,"_links":{"self":[{"href":"https:\/\/samarali.com\/de\/wp-json\/wp\/v2\/product\/28624","targetHints":{"allow":["GET"]}}],"collection":[{"href":"https:\/\/samarali.com\/de\/wp-json\/wp\/v2\/product"}],"about":[{"href":"https:\/\/samarali.com\/de\/wp-json\/wp\/v2\/types\/product"}],"replies":[{"embeddable":true,"href":"https:\/\/samarali.com\/de\/wp-json\/wp\/v2\/comments?post=28624"}],"version-history":[{"count":1,"href":"https:\/\/samarali.com\/de\/wp-json\/wp\/v2\/product\/28624\/revisions"}],"predecessor-version":[{"id":31801,"href":"https:\/\/samarali.com\/de\/wp-json\/wp\/v2\/product\/28624\/revisions\/31801"}],"wp:featuredmedia":[{"embeddable":true,"href":"https:\/\/samarali.com\/de\/wp-json\/wp\/v2\/media\/17394"}],"wp:attachment":[{"href":"https:\/\/samarali.com\/de\/wp-json\/wp\/v2\/media?parent=28624"}],"wp:term":[{"taxonomy":"product_cat","embeddable":true,"href":"https:\/\/samarali.com\/de\/wp-json\/wp\/v2\/product_cat?post=28624"},{"taxonomy":"product_tag","embeddable":true,"href":"https:\/\/samarali.com\/de\/wp-json\/wp\/v2\/product_tag?post=28624"}],"curies":[{"name":"wp","href":"https:\/\/api.w.org\/{rel}","templated":true}]}}