{"id":28617,"date":"2020-12-28T11:00:41","date_gmt":"2020-12-28T10:00:41","guid":{"rendered":"https:\/\/samarali.com\/product\/yogamatte-aus-baumwolle\/"},"modified":"2025-12-25T17:53:32","modified_gmt":"2025-12-25T16:53:32","slug":"yogamatte-aus-baumwolle","status":"publish","type":"product","link":"https:\/\/samarali.com\/de\/produkt\/yogamatte-aus-baumwolle\/","title":{"rendered":"Yogamatte aus Baumwolle"},"content":{"rendered":"<p>Unsere Yogamatte aus Baumwolle wurde entwickelt, um Komfort und Entspannung zu bieten. Sie ist die perfekte Wahl f\u00fcr alle, die w\u00e4hrend ihrer Praxis reichlich Polsterung ben\u00f6tigen.<br \/>\nDiese Matte aus biologisch angebauter Baumwolle ist ideal f\u00fcr Restorative Yoga, Yoga Nidra, Meditation und Yin Yoga.<br \/>\nDie Baumwollmatte ist perfekt f\u00fcr Ihre Praxis und eignet sich hervorragend f\u00fcr Reisen und zur Entspannung.<br \/>\nIhre Dicke bietet eine hervorragende Polsterung und sorgt daf\u00fcr, dass Ihre langsamen Yoga\u00fcbungen sowohl bequem als auch angenehm sind.<br \/>\nBei der Verwendung im Freien absorbiert die dichte Wollf\u00fcllung im Inneren effektiv alle Unebenheiten, so dass Sie die Unebenheiten unter Ihnen kaum sp\u00fcren.<br \/>\nDas macht die Matte zu einem idealen Begleiter f\u00fcr Yoga, Meditation, Reisen und Aktivit\u00e4ten im Freien. <strong>Baumwollmattenschichten<\/strong> Diese Yogamatte aus Baumwolle besteht aus zwei Schichten.<br \/>\nDie \u00e4u\u00dfere Schicht besteht aus einem dicken Segeltuch aus Bio-Baumwolle, das sanft zur Haut, langlebig und rei\u00dffest ist.<br \/>\nF\u00fcr eine einfache Pflege verf\u00fcgt der Bezug \u00fcber einen Rei\u00dfverschluss, mit dem Sie die innere Matte herausnehmen k\u00f6nnen, um den Bezug zu waschen oder die Wollmatte zu l\u00fcften.<br \/>\nDie innere Schicht besteht aus gestepptem Wollvlies, das ein Gleichgewicht zwischen Weichheit und Festigkeit bietet.<br \/>\nDar\u00fcber hinaus sorgt die Wollf\u00fcllung f\u00fcr ein effektives Geruchs- und Feuchtigkeitsmanagement und verbessert so Ihr Gesamterlebnis. <strong>Trageschlaufen<\/strong> Diese Yogamatte ist an einem Ende mit zwei Schn\u00fcren befestigt, so dass Sie sie bequem transportieren oder aufbewahren k\u00f6nnen.<br \/>\nWenn Sie bereit sind, an einen neuen Ort zu gehen, rollen Sie die Matte einfach zusammen und befestigen Sie die Schlaufen um die aufgerollte Matte.<br \/>\nDiese integrierten Schlaufen machen zus\u00e4tzliche Tragegurte \u00fcberfl\u00fcssig und sorgen daf\u00fcr, dass alles, was Sie brauchen, bereits in der Matte selbst integriert ist.           <\/p>\n","protected":false},"excerpt":{"rendered":"<p>Unsere Yogamatte aus Baumwolle wurde entwickelt, um Komfort und Entspannung zu bieten. Sie ist die perfekte Wahl f\u00fcr alle, die w\u00e4hrend ihrer Praxis reichlich Polsterung ben\u00f6tigen. Diese Matte aus biologisch angebauter Baumwolle ist ideal f\u00fcr Restorative Yoga, Yoga Nidra, Meditation und Yin Yoga. Die Baumwollmatte ist perfekt f\u00fcr Ihre Praxis und eignet sich hervorragend f\u00fcr [&hellip;]<\/p>\n","protected":false},"featured_media":13679,"comment_status":"open","ping_status":"closed","template":"","meta":{"_acf_changed":false,"_improvement_type_select":"improve_an_existing","_thumb_yes_seoaic":false,"_frame_yes_seoaic":false,"seoaic_generate_description":"","seoaic_improve_instructions_prompt":"","seoaic_rollback_content_improvement":"","seoaic_idea_thumbnail_generator":"","thumbnail_generated":false,"thumbnail_generate_prompt":"","seoaic_article_description":"","inline_featured_image":false},"product_cat":[321,336],"product_tag":[],"class_list":{"0":"post-28617","1":"product","2":"type-product","3":"status-publish","4":"has-post-thumbnail","6":"product_cat-yoga-de","7":"product_cat-yoga-matten","9":"first","10":"instock","11":"shipping-taxable","12":"purchasable","13":"product-type-variable"},"acf":[],"yoast_head":"<!-- This site is optimized with the Yoast SEO Premium plugin v27.3 (Yoast SEO v27.3) - https:\/\/yoast.com\/product\/yoast-seo-premium-wordpress\/ -->\n<title>Yogamatte aus Baumwolle - Samarali<\/title>\n<meta name=\"robots\" content=\"index, follow, max-snippet:-1, max-image-preview:large, max-video-preview:-1\" \/>\n<link rel=\"canonical\" href=\"https:\/\/samarali.com\/de\/produkt\/yogamatte-aus-baumwolle\/\" \/>\n<meta property=\"og:locale\" content=\"de_DE\" \/>\n<meta property=\"og:type\" content=\"article\" \/>\n<meta property=\"og:title\" content=\"Yogamatte aus Baumwolle - Samarali\" \/>\n<meta property=\"og:description\" content=\"Unsere Yogamatte aus Baumwolle wurde entwickelt, um Komfort und Entspannung zu bieten. Sie ist die perfekte Wahl f\u00fcr alle, die w\u00e4hrend ihrer Praxis reichlich Polsterung ben\u00f6tigen. Diese Matte aus biologisch angebauter Baumwolle ist ideal f\u00fcr Restorative Yoga, Yoga Nidra, Meditation und Yin Yoga. Die Baumwollmatte ist perfekt f\u00fcr Ihre Praxis und eignet sich hervorragend f\u00fcr [&hellip;]\" \/>\n<meta property=\"og:url\" content=\"https:\/\/samarali.com\/de\/produkt\/yogamatte-aus-baumwolle\/\" \/>\n<meta property=\"og:site_name\" content=\"Samarali\" \/>\n<meta property=\"article:publisher\" content=\"https:\/\/www.facebook.com\/samaraliyoga\" \/>\n<meta property=\"article:modified_time\" content=\"2025-12-25T16:53:32+00:00\" \/>\n<meta property=\"og:image\" content=\"https:\/\/samarali.com\/wp-content\/uploads\/2020\/12\/Cotton-mat_Chateau-grey_01.jpg\" \/>\n\t<meta property=\"og:image:width\" content=\"1000\" \/>\n\t<meta property=\"og:image:height\" content=\"1000\" \/>\n\t<meta property=\"og:image:type\" content=\"image\/jpeg\" \/>\n<meta name=\"twitter:card\" content=\"summary_large_image\" \/>\n<meta name=\"twitter:label1\" content=\"Verf\u00fcgbarkeit\" \/>\n\t<meta name=\"twitter:data1\" content=\"Auf Lager\" \/>\n<script type=\"application\/ld+json\" class=\"yoast-schema-graph\">{\"@context\":\"https:\\\/\\\/schema.org\",\"@graph\":[{\"@type\":\"WebPage\",\"@id\":\"https:\\\/\\\/samarali.com\\\/de\\\/produkt\\\/yogamatte-aus-baumwolle\\\/\",\"url\":\"https:\\\/\\\/samarali.com\\\/de\\\/produkt\\\/yogamatte-aus-baumwolle\\\/\",\"name\":\"Yogamatte aus Baumwolle - Samarali\",\"isPartOf\":{\"@id\":\"https:\\\/\\\/samarali.com\\\/de\\\/#website\"},\"primaryImageOfPage\":{\"@id\":\"https:\\\/\\\/samarali.com\\\/de\\\/produkt\\\/yogamatte-aus-baumwolle\\\/#primaryimage\"},\"image\":{\"@id\":\"https:\\\/\\\/samarali.com\\\/de\\\/produkt\\\/yogamatte-aus-baumwolle\\\/#primaryimage\"},\"thumbnailUrl\":\"https:\\\/\\\/samarali.com\\\/wp-content\\\/uploads\\\/2020\\\/12\\\/Cotton-mat_Chateau-grey_01.jpg\",\"datePublished\":\"2020-12-28T10:00:41+00:00\",\"dateModified\":\"2025-12-25T16:53:32+00:00\",\"breadcrumb\":{\"@id\":\"https:\\\/\\\/samarali.com\\\/de\\\/produkt\\\/yogamatte-aus-baumwolle\\\/#breadcrumb\"},\"inLanguage\":\"de\",\"potentialAction\":[{\"@type\":\"ReadAction\",\"target\":[\"https:\\\/\\\/samarali.com\\\/de\\\/produkt\\\/yogamatte-aus-baumwolle\\\/\"]}]},{\"@type\":\"ImageObject\",\"inLanguage\":\"de\",\"@id\":\"https:\\\/\\\/samarali.com\\\/de\\\/produkt\\\/yogamatte-aus-baumwolle\\\/#primaryimage\",\"url\":\"https:\\\/\\\/samarali.com\\\/wp-content\\\/uploads\\\/2020\\\/12\\\/Cotton-mat_Chateau-grey_01.jpg\",\"contentUrl\":\"https:\\\/\\\/samarali.com\\\/wp-content\\\/uploads\\\/2020\\\/12\\\/Cotton-mat_Chateau-grey_01.jpg\",\"width\":1000,\"height\":1000,\"caption\":\"Cotton mat Chateau grey 01\"},{\"@type\":\"BreadcrumbList\",\"@id\":\"https:\\\/\\\/samarali.com\\\/de\\\/produkt\\\/yogamatte-aus-baumwolle\\\/#breadcrumb\",\"itemListElement\":[{\"@type\":\"ListItem\",\"position\":1,\"name\":\"Startseite\",\"item\":\"https:\\\/\\\/samarali.com\\\/de\\\/startseite\\\/\"},{\"@type\":\"ListItem\",\"position\":2,\"name\":\"Shop\",\"item\":\"https:\\\/\\\/samarali.com\\\/de\\\/shop\\\/\"},{\"@type\":\"ListItem\",\"position\":3,\"name\":\"Yogamatte aus Baumwolle\"}]},{\"@type\":\"WebSite\",\"@id\":\"https:\\\/\\\/samarali.com\\\/de\\\/#website\",\"url\":\"https:\\\/\\\/samarali.com\\\/de\\\/\",\"name\":\"Samarali\",\"description\":\"Samarali ist eine nachhaltige Yoga- und Lifestyle-Marke mit Sitz in den Niederlanden\",\"publisher\":{\"@id\":\"https:\\\/\\\/samarali.com\\\/de\\\/#organization\"},\"potentialAction\":[{\"@type\":\"SearchAction\",\"target\":{\"@type\":\"EntryPoint\",\"urlTemplate\":\"https:\\\/\\\/samarali.com\\\/de\\\/?s={search_term_string}\"},\"query-input\":{\"@type\":\"PropertyValueSpecification\",\"valueRequired\":true,\"valueName\":\"search_term_string\"}}],\"inLanguage\":\"de\"},{\"@type\":\"Organization\",\"@id\":\"https:\\\/\\\/samarali.com\\\/de\\\/#organization\",\"name\":\"Samarali\",\"url\":\"https:\\\/\\\/samarali.com\\\/de\\\/\",\"logo\":{\"@type\":\"ImageObject\",\"inLanguage\":\"de\",\"@id\":\"https:\\\/\\\/samarali.com\\\/de\\\/#\\\/schema\\\/logo\\\/image\\\/\",\"url\":\"https:\\\/\\\/samarali.com\\\/wp-content\\\/uploads\\\/2024\\\/05\\\/cropped-samarali-icon.png\",\"contentUrl\":\"https:\\\/\\\/samarali.com\\\/wp-content\\\/uploads\\\/2024\\\/05\\\/cropped-samarali-icon.png\",\"width\":512,\"height\":512,\"caption\":\"Samarali\"},\"image\":{\"@id\":\"https:\\\/\\\/samarali.com\\\/de\\\/#\\\/schema\\\/logo\\\/image\\\/\"},\"sameAs\":[\"https:\\\/\\\/www.facebook.com\\\/samaraliyoga\",\"https:\\\/\\\/www.linkedin.com\\\/company\\\/69563155\\\/\",\"https:\\\/\\\/www.instagram.com\\\/samaraliyoga\\\/\",\"https:\\\/\\\/nl.pinterest.com\\\/Samaraliyoga\\\/\"],\"description\":\"Samarali is a sustainable yoga and lifestyle brand based in the Netherlands\",\"email\":\"info@samarali.com\",\"legalName\":\"Samarali B.V.\",\"vatID\":\"NL859820324B01\",\"numberOfEmployees\":{\"@type\":\"QuantitativeValue\",\"minValue\":\"1\",\"maxValue\":\"10\"}}]}<\/script>\n<meta property=\"og:availability\" content=\"instock\" \/>\n<meta property=\"product:availability\" content=\"instock\" \/>\n<meta property=\"product:condition\" content=\"new\" \/>\n<!-- \/ Yoast SEO Premium plugin. -->","yoast_head_json":{"title":"Yogamatte aus Baumwolle - Samarali","robots":{"index":"index","follow":"follow","max-snippet":"max-snippet:-1","max-image-preview":"max-image-preview:large","max-video-preview":"max-video-preview:-1"},"canonical":"https:\/\/samarali.com\/de\/produkt\/yogamatte-aus-baumwolle\/","og_locale":"de_DE","og_type":"article","og_title":"Yogamatte aus Baumwolle - Samarali","og_description":"Unsere Yogamatte aus Baumwolle wurde entwickelt, um Komfort und Entspannung zu bieten. Sie ist die perfekte Wahl f\u00fcr alle, die w\u00e4hrend ihrer Praxis reichlich Polsterung ben\u00f6tigen. Diese Matte aus biologisch angebauter Baumwolle ist ideal f\u00fcr Restorative Yoga, Yoga Nidra, Meditation und Yin Yoga. Die Baumwollmatte ist perfekt f\u00fcr Ihre Praxis und eignet sich hervorragend f\u00fcr [&hellip;]","og_url":"https:\/\/samarali.com\/de\/produkt\/yogamatte-aus-baumwolle\/","og_site_name":"Samarali","article_publisher":"https:\/\/www.facebook.com\/samaraliyoga","article_modified_time":"2025-12-25T16:53:32+00:00","og_image":[{"width":1000,"height":1000,"url":"https:\/\/samarali.com\/wp-content\/uploads\/2020\/12\/Cotton-mat_Chateau-grey_01.jpg","type":"image\/jpeg"}],"twitter_card":"summary_large_image","twitter_misc":{"Verf\u00fcgbarkeit":"Auf Lager"},"schema":{"@context":"https:\/\/schema.org","@graph":[{"@type":"WebPage","@id":"https:\/\/samarali.com\/de\/produkt\/yogamatte-aus-baumwolle\/","url":"https:\/\/samarali.com\/de\/produkt\/yogamatte-aus-baumwolle\/","name":"Yogamatte aus Baumwolle - Samarali","isPartOf":{"@id":"https:\/\/samarali.com\/de\/#website"},"primaryImageOfPage":{"@id":"https:\/\/samarali.com\/de\/produkt\/yogamatte-aus-baumwolle\/#primaryimage"},"image":{"@id":"https:\/\/samarali.com\/de\/produkt\/yogamatte-aus-baumwolle\/#primaryimage"},"thumbnailUrl":"https:\/\/samarali.com\/wp-content\/uploads\/2020\/12\/Cotton-mat_Chateau-grey_01.jpg","datePublished":"2020-12-28T10:00:41+00:00","dateModified":"2025-12-25T16:53:32+00:00","breadcrumb":{"@id":"https:\/\/samarali.com\/de\/produkt\/yogamatte-aus-baumwolle\/#breadcrumb"},"inLanguage":"de","potentialAction":[{"@type":"ReadAction","target":["https:\/\/samarali.com\/de\/produkt\/yogamatte-aus-baumwolle\/"]}]},{"@type":"ImageObject","inLanguage":"de","@id":"https:\/\/samarali.com\/de\/produkt\/yogamatte-aus-baumwolle\/#primaryimage","url":"https:\/\/samarali.com\/wp-content\/uploads\/2020\/12\/Cotton-mat_Chateau-grey_01.jpg","contentUrl":"https:\/\/samarali.com\/wp-content\/uploads\/2020\/12\/Cotton-mat_Chateau-grey_01.jpg","width":1000,"height":1000,"caption":"Cotton mat Chateau grey 01"},{"@type":"BreadcrumbList","@id":"https:\/\/samarali.com\/de\/produkt\/yogamatte-aus-baumwolle\/#breadcrumb","itemListElement":[{"@type":"ListItem","position":1,"name":"Startseite","item":"https:\/\/samarali.com\/de\/startseite\/"},{"@type":"ListItem","position":2,"name":"Shop","item":"https:\/\/samarali.com\/de\/shop\/"},{"@type":"ListItem","position":3,"name":"Yogamatte aus Baumwolle"}]},{"@type":"WebSite","@id":"https:\/\/samarali.com\/de\/#website","url":"https:\/\/samarali.com\/de\/","name":"Samarali","description":"Samarali ist eine nachhaltige Yoga- und Lifestyle-Marke mit Sitz in den Niederlanden","publisher":{"@id":"https:\/\/samarali.com\/de\/#organization"},"potentialAction":[{"@type":"SearchAction","target":{"@type":"EntryPoint","urlTemplate":"https:\/\/samarali.com\/de\/?s={search_term_string}"},"query-input":{"@type":"PropertyValueSpecification","valueRequired":true,"valueName":"search_term_string"}}],"inLanguage":"de"},{"@type":"Organization","@id":"https:\/\/samarali.com\/de\/#organization","name":"Samarali","url":"https:\/\/samarali.com\/de\/","logo":{"@type":"ImageObject","inLanguage":"de","@id":"https:\/\/samarali.com\/de\/#\/schema\/logo\/image\/","url":"https:\/\/samarali.com\/wp-content\/uploads\/2024\/05\/cropped-samarali-icon.png","contentUrl":"https:\/\/samarali.com\/wp-content\/uploads\/2024\/05\/cropped-samarali-icon.png","width":512,"height":512,"caption":"Samarali"},"image":{"@id":"https:\/\/samarali.com\/de\/#\/schema\/logo\/image\/"},"sameAs":["https:\/\/www.facebook.com\/samaraliyoga","https:\/\/www.linkedin.com\/company\/69563155\/","https:\/\/www.instagram.com\/samaraliyoga\/","https:\/\/nl.pinterest.com\/Samaraliyoga\/"],"description":"Samarali is a sustainable yoga and lifestyle brand based in the Netherlands","email":"info@samarali.com","legalName":"Samarali B.V.","vatID":"NL859820324B01","numberOfEmployees":{"@type":"QuantitativeValue","minValue":"1","maxValue":"10"}}]},"og_availability":"instock","product_availability":"instock","product_condition":"new"},"jetpack_sharing_enabled":true,"_links":{"self":[{"href":"https:\/\/samarali.com\/de\/wp-json\/wp\/v2\/product\/28617","targetHints":{"allow":["GET"]}}],"collection":[{"href":"https:\/\/samarali.com\/de\/wp-json\/wp\/v2\/product"}],"about":[{"href":"https:\/\/samarali.com\/de\/wp-json\/wp\/v2\/types\/product"}],"replies":[{"embeddable":true,"href":"https:\/\/samarali.com\/de\/wp-json\/wp\/v2\/comments?post=28617"}],"version-history":[{"count":0,"href":"https:\/\/samarali.com\/de\/wp-json\/wp\/v2\/product\/28617\/revisions"}],"wp:featuredmedia":[{"embeddable":true,"href":"https:\/\/samarali.com\/de\/wp-json\/wp\/v2\/media\/13679"}],"wp:attachment":[{"href":"https:\/\/samarali.com\/de\/wp-json\/wp\/v2\/media?parent=28617"}],"wp:term":[{"taxonomy":"product_cat","embeddable":true,"href":"https:\/\/samarali.com\/de\/wp-json\/wp\/v2\/product_cat?post=28617"},{"taxonomy":"product_tag","embeddable":true,"href":"https:\/\/samarali.com\/de\/wp-json\/wp\/v2\/product_tag?post=28617"}],"curies":[{"name":"wp","href":"https:\/\/api.w.org\/{rel}","templated":true}]}}