{"id":28608,"date":"2024-07-31T09:44:43","date_gmt":"2024-07-31T07:44:43","guid":{"rendered":"https:\/\/samarali.com\/product\/mondfinsternis-yoga-matte\/"},"modified":"2025-07-23T10:18:06","modified_gmt":"2025-07-23T08:18:06","slug":"mondfinsternis-yoga-matte","status":"publish","type":"product","link":"https:\/\/samarali.com\/de\/produkt\/mondfinsternis-yoga-matte\/","title":{"rendered":"Mondfinsternis Yoga-Matte"},"content":{"rendered":"<p>Die Moon Eclipse Kork-Yogamatte ist bekannt f\u00fcr ihre antimikrobiellen Eigenschaften, die sie selbstreinigend und resistent gegen das Wachstum von Schimmel, Bakterien und Ger\u00fcchen machen. Sein ausgezeichneter Grip, der sich bei N\u00e4sse noch verbessert, macht ihn ideal f\u00fcr aktive und hei\u00dfe Yoga-Praktiken. Mit einer Dicke und hohen Dichte, die sowohl Sicherheit als auch Weichheit bieten, ist diese Matte sowohl f\u00fcr Anf\u00e4nger als auch f\u00fcr fortgeschrittene Yogis geeignet.<\/p>\n<p><strong>Umweltfreundlich<\/strong><\/p>\n<p>Die Moon Eclipse Yogamatte ist eine \u00f6kologische Wahl, die vollst\u00e4ndig aus organischen und nat\u00fcrlichen Materialien hergestellt wird. Die Korkschicht ist biologisch abbaubar, und die Gummi-Unterschicht ist recycelbar, was diese Matte zu einer nachhaltigen Alternative zu synthetischen Optionen macht. Au\u00dferdem ist es atmungsaktiv, weich und sanft zur Haut, was Ihr Yoga-Erlebnis verbessert und gleichzeitig die Umweltbelastung minimiert.<\/p>\n<p><strong>Antimikrobielle Eigenschaften<\/strong><\/p>\n<p>Diese Yogamatte verf\u00fcgt \u00fcber selbstreinigende Eigenschaften, wodurch sie auf nat\u00fcrliche Weise antimikrobiell ist. Es ist resistent gegen Bakterien und F\u00e4ulnis und wirkt effektiv gegen Schwei\u00df und Geruch, selbst nach intensivem Training. So bleibt Ihre Matte lange Zeit frisch und hygienisch.<\/p>\n<p><strong>Grip<\/strong><\/p>\n<p>Die Moon Eclipse Matte bietet einen hervorragenden Halt, besonders wenn Sie schwitzen. Die Korkoberfl\u00e4che wird durch Feuchtigkeit griffiger und sorgt f\u00fcr einen sicheren Halt w\u00e4hrend des gesamten Trainings. Dar\u00fcber hinaus absorbieren die d\u00e4mpfenden Eigenschaften der Matte den Druck, anstatt ihn zu verdr\u00e4ngen, und sorgen so f\u00fcr zus\u00e4tzlichen Komfort und Freude bei Ihren \u00dcbungen.<\/p>\n","protected":false},"excerpt":{"rendered":"<p>Erh\u00f6hen Sie Ihre Yogapraxis mit der Moon Eclipse Yogamatte aus Kork, die antimikrobielle und selbstreinigende Eigenschaften und eine au\u00dfergew\u00f6hnliche Griffigkeit aufweist, die sich bei N\u00e4sse verbessert. Er wird aus organischen Materialien hergestellt, ist umweltfreundlich, langlebig und bietet eine hervorragende Polsterung f\u00fcr Komfort und Stabilit\u00e4t.<\/p>\n","protected":false},"featured_media":17127,"comment_status":"open","ping_status":"closed","template":"","meta":{"_acf_changed":false,"_improvement_type_select":"improve_an_existing","_thumb_yes_seoaic":false,"_frame_yes_seoaic":false,"seoaic_generate_description":"","seoaic_improve_instructions_prompt":"","seoaic_rollback_content_improvement":"","seoaic_idea_thumbnail_generator":"","thumbnail_generated":false,"thumbnail_generate_prompt":"","seoaic_article_description":"","inline_featured_image":false},"product_cat":[321,336],"product_tag":[],"class_list":{"0":"post-28608","1":"product","2":"type-product","3":"status-publish","4":"has-post-thumbnail","6":"product_cat-yoga-de","7":"product_cat-yoga-matten","9":"first","10":"instock","11":"shipping-taxable","12":"purchasable","13":"product-type-simple"},"acf":[],"yoast_head":"<!-- This site is optimized with the Yoast SEO Premium plugin v27.3 (Yoast SEO v27.3) - https:\/\/yoast.com\/product\/yoast-seo-premium-wordpress\/ -->\n<title>Mondfinsternis Yoga-Matte - Samarali<\/title>\n<meta name=\"description\" content=\"Mondfinsternis-Yogamatte mit antimikrobiellen, selbstreinigenden Eigenschaften und au\u00dfergew\u00f6hnlicher Griffigkeit, die sich bei N\u00e4sse verbessert. es ist umweltfreundlich.\" \/>\n<meta name=\"robots\" content=\"index, follow, max-snippet:-1, max-image-preview:large, max-video-preview:-1\" \/>\n<link rel=\"canonical\" href=\"https:\/\/samarali.com\/de\/produkt\/mondfinsternis-yoga-matte\/\" \/>\n<meta property=\"og:locale\" content=\"de_DE\" \/>\n<meta property=\"og:type\" content=\"article\" \/>\n<meta property=\"og:title\" content=\"Mondfinsternis Yoga-Matte - Samarali\" \/>\n<meta property=\"og:description\" content=\"Mondfinsternis-Yogamatte mit antimikrobiellen, selbstreinigenden Eigenschaften und au\u00dfergew\u00f6hnlicher Griffigkeit, die sich bei N\u00e4sse verbessert. es ist umweltfreundlich.\" \/>\n<meta property=\"og:url\" content=\"https:\/\/samarali.com\/de\/produkt\/mondfinsternis-yoga-matte\/\" \/>\n<meta property=\"og:site_name\" content=\"Samarali\" \/>\n<meta property=\"article:publisher\" content=\"https:\/\/www.facebook.com\/samaraliyoga\" \/>\n<meta property=\"article:modified_time\" content=\"2025-07-23T08:18:06+00:00\" \/>\n<meta property=\"og:image\" content=\"https:\/\/samarali.com\/wp-content\/uploads\/2024\/07\/sam-moon-eclipse-yoga-mat-01.jpg\" \/>\n\t<meta property=\"og:image:width\" content=\"830\" \/>\n\t<meta property=\"og:image:height\" content=\"830\" \/>\n\t<meta property=\"og:image:type\" content=\"image\/jpeg\" \/>\n<meta name=\"twitter:card\" content=\"summary_large_image\" \/>\n<meta name=\"twitter:label1\" content=\"Preis\" \/>\n\t<meta name=\"twitter:data1\" content=\"&euro;&nbsp;79,00\" \/>\n\t<meta name=\"twitter:label2\" content=\"Verf\u00fcgbarkeit\" \/>\n\t<meta name=\"twitter:data2\" content=\"Auf Lager\" \/>\n<script type=\"application\/ld+json\" class=\"yoast-schema-graph\">{\"@context\":\"https:\\\/\\\/schema.org\",\"@graph\":[{\"@type\":\"WebPage\",\"@id\":\"https:\\\/\\\/samarali.com\\\/de\\\/produkt\\\/mondfinsternis-yoga-matte\\\/\",\"url\":\"https:\\\/\\\/samarali.com\\\/de\\\/produkt\\\/mondfinsternis-yoga-matte\\\/\",\"name\":\"Mondfinsternis Yoga-Matte - Samarali\",\"isPartOf\":{\"@id\":\"https:\\\/\\\/samarali.com\\\/de\\\/#website\"},\"primaryImageOfPage\":{\"@id\":\"https:\\\/\\\/samarali.com\\\/de\\\/produkt\\\/mondfinsternis-yoga-matte\\\/#primaryimage\"},\"image\":{\"@id\":\"https:\\\/\\\/samarali.com\\\/de\\\/produkt\\\/mondfinsternis-yoga-matte\\\/#primaryimage\"},\"thumbnailUrl\":\"https:\\\/\\\/samarali.com\\\/wp-content\\\/uploads\\\/2024\\\/07\\\/sam-moon-eclipse-yoga-mat-01.jpg\",\"datePublished\":\"2024-07-31T07:44:43+00:00\",\"dateModified\":\"2025-07-23T08:18:06+00:00\",\"description\":\"Mondfinsternis-Yogamatte mit antimikrobiellen, selbstreinigenden Eigenschaften und au\u00dfergew\u00f6hnlicher Griffigkeit, die sich bei N\u00e4sse verbessert. es ist umweltfreundlich.\",\"breadcrumb\":{\"@id\":\"https:\\\/\\\/samarali.com\\\/de\\\/produkt\\\/mondfinsternis-yoga-matte\\\/#breadcrumb\"},\"inLanguage\":\"de\",\"potentialAction\":[{\"@type\":\"ReadAction\",\"target\":[\"https:\\\/\\\/samarali.com\\\/de\\\/produkt\\\/mondfinsternis-yoga-matte\\\/\"]}]},{\"@type\":\"ImageObject\",\"inLanguage\":\"de\",\"@id\":\"https:\\\/\\\/samarali.com\\\/de\\\/produkt\\\/mondfinsternis-yoga-matte\\\/#primaryimage\",\"url\":\"https:\\\/\\\/samarali.com\\\/wp-content\\\/uploads\\\/2024\\\/07\\\/sam-moon-eclipse-yoga-mat-01.jpg\",\"contentUrl\":\"https:\\\/\\\/samarali.com\\\/wp-content\\\/uploads\\\/2024\\\/07\\\/sam-moon-eclipse-yoga-mat-01.jpg\",\"width\":830,\"height\":830,\"caption\":\"sam Mond Finsternis Yogamatte 01\"},{\"@type\":\"BreadcrumbList\",\"@id\":\"https:\\\/\\\/samarali.com\\\/de\\\/produkt\\\/mondfinsternis-yoga-matte\\\/#breadcrumb\",\"itemListElement\":[{\"@type\":\"ListItem\",\"position\":1,\"name\":\"Startseite\",\"item\":\"https:\\\/\\\/samarali.com\\\/de\\\/startseite\\\/\"},{\"@type\":\"ListItem\",\"position\":2,\"name\":\"Shop\",\"item\":\"https:\\\/\\\/samarali.com\\\/de\\\/shop\\\/\"},{\"@type\":\"ListItem\",\"position\":3,\"name\":\"Mondfinsternis Yoga-Matte\"}]},{\"@type\":\"WebSite\",\"@id\":\"https:\\\/\\\/samarali.com\\\/de\\\/#website\",\"url\":\"https:\\\/\\\/samarali.com\\\/de\\\/\",\"name\":\"Samarali\",\"description\":\"Samarali ist eine nachhaltige Yoga- und Lifestyle-Marke mit Sitz in den Niederlanden\",\"publisher\":{\"@id\":\"https:\\\/\\\/samarali.com\\\/de\\\/#organization\"},\"potentialAction\":[{\"@type\":\"SearchAction\",\"target\":{\"@type\":\"EntryPoint\",\"urlTemplate\":\"https:\\\/\\\/samarali.com\\\/de\\\/?s={search_term_string}\"},\"query-input\":{\"@type\":\"PropertyValueSpecification\",\"valueRequired\":true,\"valueName\":\"search_term_string\"}}],\"inLanguage\":\"de\"},{\"@type\":\"Organization\",\"@id\":\"https:\\\/\\\/samarali.com\\\/de\\\/#organization\",\"name\":\"Samarali\",\"url\":\"https:\\\/\\\/samarali.com\\\/de\\\/\",\"logo\":{\"@type\":\"ImageObject\",\"inLanguage\":\"de\",\"@id\":\"https:\\\/\\\/samarali.com\\\/de\\\/#\\\/schema\\\/logo\\\/image\\\/\",\"url\":\"https:\\\/\\\/samarali.com\\\/wp-content\\\/uploads\\\/2024\\\/05\\\/cropped-samarali-icon.png\",\"contentUrl\":\"https:\\\/\\\/samarali.com\\\/wp-content\\\/uploads\\\/2024\\\/05\\\/cropped-samarali-icon.png\",\"width\":512,\"height\":512,\"caption\":\"Samarali\"},\"image\":{\"@id\":\"https:\\\/\\\/samarali.com\\\/de\\\/#\\\/schema\\\/logo\\\/image\\\/\"},\"sameAs\":[\"https:\\\/\\\/www.facebook.com\\\/samaraliyoga\",\"https:\\\/\\\/www.linkedin.com\\\/company\\\/69563155\\\/\",\"https:\\\/\\\/www.instagram.com\\\/samaraliyoga\\\/\",\"https:\\\/\\\/nl.pinterest.com\\\/Samaraliyoga\\\/\"],\"description\":\"Samarali is a sustainable yoga and lifestyle brand based in the Netherlands\",\"email\":\"info@samarali.com\",\"legalName\":\"Samarali B.V.\",\"vatID\":\"NL859820324B01\",\"numberOfEmployees\":{\"@type\":\"QuantitativeValue\",\"minValue\":\"1\",\"maxValue\":\"10\"}}]}<\/script>\n<meta property=\"product:price:amount\" content=\"79.00\" \/>\n<meta property=\"product:price:currency\" content=\"EUR\" \/>\n<meta property=\"og:availability\" content=\"instock\" \/>\n<meta property=\"product:availability\" content=\"instock\" \/>\n<meta property=\"product:retailer_item_id\" content=\"11111\" \/>\n<meta property=\"product:condition\" content=\"new\" \/>\n<!-- \/ Yoast SEO Premium plugin. -->","yoast_head_json":{"title":"Mondfinsternis Yoga-Matte - Samarali","description":"Mondfinsternis-Yogamatte mit antimikrobiellen, selbstreinigenden Eigenschaften und au\u00dfergew\u00f6hnlicher Griffigkeit, die sich bei N\u00e4sse verbessert. es ist umweltfreundlich.","robots":{"index":"index","follow":"follow","max-snippet":"max-snippet:-1","max-image-preview":"max-image-preview:large","max-video-preview":"max-video-preview:-1"},"canonical":"https:\/\/samarali.com\/de\/produkt\/mondfinsternis-yoga-matte\/","og_locale":"de_DE","og_type":"article","og_title":"Mondfinsternis Yoga-Matte - Samarali","og_description":"Mondfinsternis-Yogamatte mit antimikrobiellen, selbstreinigenden Eigenschaften und au\u00dfergew\u00f6hnlicher Griffigkeit, die sich bei N\u00e4sse verbessert. es ist umweltfreundlich.","og_url":"https:\/\/samarali.com\/de\/produkt\/mondfinsternis-yoga-matte\/","og_site_name":"Samarali","article_publisher":"https:\/\/www.facebook.com\/samaraliyoga","article_modified_time":"2025-07-23T08:18:06+00:00","og_image":[{"width":830,"height":830,"url":"https:\/\/samarali.com\/wp-content\/uploads\/2024\/07\/sam-moon-eclipse-yoga-mat-01.jpg","type":"image\/jpeg"}],"twitter_card":"summary_large_image","twitter_misc":{"Preis":"&euro;&nbsp;79,00","Verf\u00fcgbarkeit":"Auf Lager"},"schema":{"@context":"https:\/\/schema.org","@graph":[{"@type":"WebPage","@id":"https:\/\/samarali.com\/de\/produkt\/mondfinsternis-yoga-matte\/","url":"https:\/\/samarali.com\/de\/produkt\/mondfinsternis-yoga-matte\/","name":"Mondfinsternis Yoga-Matte - Samarali","isPartOf":{"@id":"https:\/\/samarali.com\/de\/#website"},"primaryImageOfPage":{"@id":"https:\/\/samarali.com\/de\/produkt\/mondfinsternis-yoga-matte\/#primaryimage"},"image":{"@id":"https:\/\/samarali.com\/de\/produkt\/mondfinsternis-yoga-matte\/#primaryimage"},"thumbnailUrl":"https:\/\/samarali.com\/wp-content\/uploads\/2024\/07\/sam-moon-eclipse-yoga-mat-01.jpg","datePublished":"2024-07-31T07:44:43+00:00","dateModified":"2025-07-23T08:18:06+00:00","description":"Mondfinsternis-Yogamatte mit antimikrobiellen, selbstreinigenden Eigenschaften und au\u00dfergew\u00f6hnlicher Griffigkeit, die sich bei N\u00e4sse verbessert. es ist umweltfreundlich.","breadcrumb":{"@id":"https:\/\/samarali.com\/de\/produkt\/mondfinsternis-yoga-matte\/#breadcrumb"},"inLanguage":"de","potentialAction":[{"@type":"ReadAction","target":["https:\/\/samarali.com\/de\/produkt\/mondfinsternis-yoga-matte\/"]}]},{"@type":"ImageObject","inLanguage":"de","@id":"https:\/\/samarali.com\/de\/produkt\/mondfinsternis-yoga-matte\/#primaryimage","url":"https:\/\/samarali.com\/wp-content\/uploads\/2024\/07\/sam-moon-eclipse-yoga-mat-01.jpg","contentUrl":"https:\/\/samarali.com\/wp-content\/uploads\/2024\/07\/sam-moon-eclipse-yoga-mat-01.jpg","width":830,"height":830,"caption":"sam Mond Finsternis Yogamatte 01"},{"@type":"BreadcrumbList","@id":"https:\/\/samarali.com\/de\/produkt\/mondfinsternis-yoga-matte\/#breadcrumb","itemListElement":[{"@type":"ListItem","position":1,"name":"Startseite","item":"https:\/\/samarali.com\/de\/startseite\/"},{"@type":"ListItem","position":2,"name":"Shop","item":"https:\/\/samarali.com\/de\/shop\/"},{"@type":"ListItem","position":3,"name":"Mondfinsternis Yoga-Matte"}]},{"@type":"WebSite","@id":"https:\/\/samarali.com\/de\/#website","url":"https:\/\/samarali.com\/de\/","name":"Samarali","description":"Samarali ist eine nachhaltige Yoga- und Lifestyle-Marke mit Sitz in den Niederlanden","publisher":{"@id":"https:\/\/samarali.com\/de\/#organization"},"potentialAction":[{"@type":"SearchAction","target":{"@type":"EntryPoint","urlTemplate":"https:\/\/samarali.com\/de\/?s={search_term_string}"},"query-input":{"@type":"PropertyValueSpecification","valueRequired":true,"valueName":"search_term_string"}}],"inLanguage":"de"},{"@type":"Organization","@id":"https:\/\/samarali.com\/de\/#organization","name":"Samarali","url":"https:\/\/samarali.com\/de\/","logo":{"@type":"ImageObject","inLanguage":"de","@id":"https:\/\/samarali.com\/de\/#\/schema\/logo\/image\/","url":"https:\/\/samarali.com\/wp-content\/uploads\/2024\/05\/cropped-samarali-icon.png","contentUrl":"https:\/\/samarali.com\/wp-content\/uploads\/2024\/05\/cropped-samarali-icon.png","width":512,"height":512,"caption":"Samarali"},"image":{"@id":"https:\/\/samarali.com\/de\/#\/schema\/logo\/image\/"},"sameAs":["https:\/\/www.facebook.com\/samaraliyoga","https:\/\/www.linkedin.com\/company\/69563155\/","https:\/\/www.instagram.com\/samaraliyoga\/","https:\/\/nl.pinterest.com\/Samaraliyoga\/"],"description":"Samarali is a sustainable yoga and lifestyle brand based in the Netherlands","email":"info@samarali.com","legalName":"Samarali B.V.","vatID":"NL859820324B01","numberOfEmployees":{"@type":"QuantitativeValue","minValue":"1","maxValue":"10"}}]},"product_price_amount":"79.00","product_price_currency":"EUR","og_availability":"instock","product_availability":"instock","product_retailer_item_id":"11111","product_condition":"new"},"jetpack_sharing_enabled":true,"_links":{"self":[{"href":"https:\/\/samarali.com\/de\/wp-json\/wp\/v2\/product\/28608","targetHints":{"allow":["GET"]}}],"collection":[{"href":"https:\/\/samarali.com\/de\/wp-json\/wp\/v2\/product"}],"about":[{"href":"https:\/\/samarali.com\/de\/wp-json\/wp\/v2\/types\/product"}],"replies":[{"embeddable":true,"href":"https:\/\/samarali.com\/de\/wp-json\/wp\/v2\/comments?post=28608"}],"version-history":[{"count":1,"href":"https:\/\/samarali.com\/de\/wp-json\/wp\/v2\/product\/28608\/revisions"}],"predecessor-version":[{"id":32865,"href":"https:\/\/samarali.com\/de\/wp-json\/wp\/v2\/product\/28608\/revisions\/32865"}],"wp:featuredmedia":[{"embeddable":true,"href":"https:\/\/samarali.com\/de\/wp-json\/wp\/v2\/media\/17127"}],"wp:attachment":[{"href":"https:\/\/samarali.com\/de\/wp-json\/wp\/v2\/media?parent=28608"}],"wp:term":[{"taxonomy":"product_cat","embeddable":true,"href":"https:\/\/samarali.com\/de\/wp-json\/wp\/v2\/product_cat?post=28608"},{"taxonomy":"product_tag","embeddable":true,"href":"https:\/\/samarali.com\/de\/wp-json\/wp\/v2\/product_tag?post=28608"}],"curies":[{"name":"wp","href":"https:\/\/api.w.org\/{rel}","templated":true}]}}