{"id":28601,"date":"2024-07-30T21:23:21","date_gmt":"2024-07-30T19:23:21","guid":{"rendered":"https:\/\/samarali.com\/product\/klassische-yogamatte-aus-kork\/"},"modified":"2025-07-19T11:57:22","modified_gmt":"2025-07-19T09:57:22","slug":"klassische-yogamatte-aus-kork","status":"publish","type":"product","link":"https:\/\/samarali.com\/de\/produkt\/klassische-yogamatte-aus-kork\/","title":{"rendered":"Klassische Yogamatte aus Kork"},"content":{"rendered":"<p>Wenn Sie auf der Suche nach einem nachhaltigen Ersatz f\u00fcr Ihre bisherige Yogamatte sind, sind Sie hier genau richtig.<br \/>\nUnsere Kork-Yogamatte wird aus hochwertigen Materialien wie Kork und Naturkautschuk hergestellt und bietet viele Vorteile.<br \/>\nDiese Matte wurde entwickelt, um Ihre Praxis zu verbessern und ist perfekt f\u00fcr Anf\u00e4nger und Fortgeschrittene geeignet.<br \/>\nUnsere Yogamatte ist vollst\u00e4ndig aus nat\u00fcrlichen, nachhaltigen Materialien hergestellt und enth\u00e4lt keine k\u00fcnstlichen Produkte.<br \/>\nDie Oberschicht besteht aus biologisch abbaubarem Kork, die Unterschicht aus recycelbarem Naturkautschuk und das Design ist gelasert.<br \/>\nDiese Matte und unsere anderen Produkte enthalten kein PVC, keine Farbe und keine sch\u00e4dlichen Verbindungen wie Blei.<br \/>\nDas Korkmaterial ist von Natur aus selbstreinigend und verhindert die Bildung von Schwei\u00df und Ger\u00fcchen, selbst nach l\u00e4ngerem Gebrauch.<br \/>\nDiese selbstreinigende Eigenschaft hilft auch, das Wachstum von Bakterien zu verhindern, so dass Ihre Matte frisch und hygienisch bleibt.<br \/>\nDiese Korkmatte ist ideal f\u00fcr hei\u00dfe Yogasitzungen.<br \/>\nDie aus nat\u00fcrlichem Kork hergestellte Matte ist wasserabweisend und wird griffiger, wenn Sie schwitzen, was Ihre Stabilit\u00e4t bei intensiven \u00dcbungen erh\u00f6ht.<br \/>\nDie eingebaute Anti-Rutsch-Funktion des Korkmaterials gibt Ihnen die Sicherheit, die Sie brauchen, um in Ihrem Yogatraining voranzukommen, und sorgt f\u00fcr ein sicheres und komfortables Erlebnis, selbst unter den schwei\u00dftreibendsten Bedingungen.<br \/>\nWir setzen uns auch f\u00fcr eine umweltfreundliche Verpackung ein.<br \/>\nAlle unsere Produkte sind in Papier eingewickelt und werden in Papierverpackungen versandt, was unser Engagement f\u00fcr Nachhaltigkeit unterstreicht.<br \/>\nUm unseren Kohlenstoff-Fu\u00dfabdruck zu minimieren und auf Kohlenstoffneutralit\u00e4t hinzuarbeiten, ermutigen wir Sie, alles zu recyceln.<br \/>\nJede Komponente, von der Matte bis zur Verpackung, ist perfekt recycelbar und steht im Einklang mit unserem Ziel, Abfall zu reduzieren und die Umwelt zu sch\u00fctzen.  <\/p>\n","protected":false},"excerpt":{"rendered":"<p>Steigen Sie um auf unsere nachhaltige Kork-Yogamatte, die aus umweltfreundlichem Kork und Naturkautschuk hergestellt wird. Diese Matte ist von Natur aus selbstreinigend und eignet sich perfekt f\u00fcr Hot Yoga. Sie bietet hervorragenden Halt und Komfort und ist zu 100% recycelbar, von der Matte bis zur Verpackung.<\/p>\n","protected":false},"featured_media":17082,"comment_status":"open","ping_status":"closed","template":"","meta":{"_acf_changed":false,"_improvement_type_select":"improve_an_existing","_thumb_yes_seoaic":false,"_frame_yes_seoaic":false,"seoaic_generate_description":"","seoaic_improve_instructions_prompt":"","seoaic_rollback_content_improvement":"","seoaic_idea_thumbnail_generator":"","thumbnail_generated":false,"thumbnail_generate_prompt":"","seoaic_article_description":"","inline_featured_image":false},"product_cat":[321,336],"product_tag":[],"class_list":{"0":"post-28601","1":"product","2":"type-product","3":"status-publish","4":"has-post-thumbnail","6":"product_cat-yoga-de","7":"product_cat-yoga-matten","9":"first","10":"instock","11":"shipping-taxable","12":"purchasable","13":"product-type-simple"},"acf":[],"yoast_head":"<!-- This site is optimized with the Yoast SEO Premium plugin v27.3 (Yoast SEO v27.3) - https:\/\/yoast.com\/product\/yoast-seo-premium-wordpress\/ -->\n<title>Klassische Yogamatte aus Kork - Samarali<\/title>\n<meta name=\"description\" content=\"Klassische Yogamatte aus Kork. Diese Matte ist selbstreinigend und perfekt. Sie bietet hervorragenden Halt und Komfort und ist zu 100% recycelbar, von der Matte bis zur Verpackung.\" \/>\n<meta name=\"robots\" content=\"index, follow, max-snippet:-1, max-image-preview:large, max-video-preview:-1\" \/>\n<link rel=\"canonical\" href=\"https:\/\/samarali.com\/de\/produkt\/klassische-yogamatte-aus-kork\/\" \/>\n<meta property=\"og:locale\" content=\"de_DE\" \/>\n<meta property=\"og:type\" content=\"article\" \/>\n<meta property=\"og:title\" content=\"Klassische Yogamatte aus Kork - Samarali\" \/>\n<meta property=\"og:description\" content=\"Klassische Yogamatte aus Kork. Diese Matte ist selbstreinigend und perfekt. Sie bietet hervorragenden Halt und Komfort und ist zu 100% recycelbar, von der Matte bis zur Verpackung.\" \/>\n<meta property=\"og:url\" content=\"https:\/\/samarali.com\/de\/produkt\/klassische-yogamatte-aus-kork\/\" \/>\n<meta property=\"og:site_name\" content=\"Samarali\" \/>\n<meta property=\"article:publisher\" content=\"https:\/\/www.facebook.com\/samaraliyoga\" \/>\n<meta property=\"article:modified_time\" content=\"2025-07-19T09:57:22+00:00\" \/>\n<meta property=\"og:image\" content=\"https:\/\/samarali.com\/wp-content\/uploads\/2024\/07\/sam-cork-yoga-01b.jpg\" \/>\n\t<meta property=\"og:image:width\" content=\"830\" \/>\n\t<meta property=\"og:image:height\" content=\"830\" \/>\n\t<meta property=\"og:image:type\" content=\"image\/jpeg\" \/>\n<meta name=\"twitter:card\" content=\"summary_large_image\" \/>\n<meta name=\"twitter:label1\" content=\"Preis\" \/>\n\t<meta name=\"twitter:data1\" content=\"&euro;&nbsp;79,00\" \/>\n\t<meta name=\"twitter:label2\" content=\"Verf\u00fcgbarkeit\" \/>\n\t<meta name=\"twitter:data2\" content=\"Auf Lager\" \/>\n<script type=\"application\/ld+json\" class=\"yoast-schema-graph\">{\"@context\":\"https:\\\/\\\/schema.org\",\"@graph\":[{\"@type\":\"WebPage\",\"@id\":\"https:\\\/\\\/samarali.com\\\/de\\\/produkt\\\/klassische-yogamatte-aus-kork\\\/\",\"url\":\"https:\\\/\\\/samarali.com\\\/de\\\/produkt\\\/klassische-yogamatte-aus-kork\\\/\",\"name\":\"Klassische Yogamatte aus Kork - Samarali\",\"isPartOf\":{\"@id\":\"https:\\\/\\\/samarali.com\\\/de\\\/#website\"},\"primaryImageOfPage\":{\"@id\":\"https:\\\/\\\/samarali.com\\\/de\\\/produkt\\\/klassische-yogamatte-aus-kork\\\/#primaryimage\"},\"image\":{\"@id\":\"https:\\\/\\\/samarali.com\\\/de\\\/produkt\\\/klassische-yogamatte-aus-kork\\\/#primaryimage\"},\"thumbnailUrl\":\"https:\\\/\\\/samarali.com\\\/wp-content\\\/uploads\\\/2024\\\/07\\\/sam-cork-yoga-01b.jpg\",\"datePublished\":\"2024-07-30T19:23:21+00:00\",\"dateModified\":\"2025-07-19T09:57:22+00:00\",\"description\":\"Klassische Yogamatte aus Kork. Diese Matte ist selbstreinigend und perfekt. Sie bietet hervorragenden Halt und Komfort und ist zu 100% recycelbar, von der Matte bis zur Verpackung.\",\"breadcrumb\":{\"@id\":\"https:\\\/\\\/samarali.com\\\/de\\\/produkt\\\/klassische-yogamatte-aus-kork\\\/#breadcrumb\"},\"inLanguage\":\"de\",\"potentialAction\":[{\"@type\":\"ReadAction\",\"target\":[\"https:\\\/\\\/samarali.com\\\/de\\\/produkt\\\/klassische-yogamatte-aus-kork\\\/\"]}]},{\"@type\":\"ImageObject\",\"inLanguage\":\"de\",\"@id\":\"https:\\\/\\\/samarali.com\\\/de\\\/produkt\\\/klassische-yogamatte-aus-kork\\\/#primaryimage\",\"url\":\"https:\\\/\\\/samarali.com\\\/wp-content\\\/uploads\\\/2024\\\/07\\\/sam-cork-yoga-01b.jpg\",\"contentUrl\":\"https:\\\/\\\/samarali.com\\\/wp-content\\\/uploads\\\/2024\\\/07\\\/sam-cork-yoga-01b.jpg\",\"width\":830,\"height\":830,\"caption\":\"Sam Kork Yoga 01b\"},{\"@type\":\"BreadcrumbList\",\"@id\":\"https:\\\/\\\/samarali.com\\\/de\\\/produkt\\\/klassische-yogamatte-aus-kork\\\/#breadcrumb\",\"itemListElement\":[{\"@type\":\"ListItem\",\"position\":1,\"name\":\"Startseite\",\"item\":\"https:\\\/\\\/samarali.com\\\/de\\\/startseite\\\/\"},{\"@type\":\"ListItem\",\"position\":2,\"name\":\"Shop\",\"item\":\"https:\\\/\\\/samarali.com\\\/de\\\/shop\\\/\"},{\"@type\":\"ListItem\",\"position\":3,\"name\":\"Klassische Yogamatte aus Kork\"}]},{\"@type\":\"WebSite\",\"@id\":\"https:\\\/\\\/samarali.com\\\/de\\\/#website\",\"url\":\"https:\\\/\\\/samarali.com\\\/de\\\/\",\"name\":\"Samarali\",\"description\":\"Samarali ist eine nachhaltige Yoga- und Lifestyle-Marke mit Sitz in den Niederlanden\",\"publisher\":{\"@id\":\"https:\\\/\\\/samarali.com\\\/de\\\/#organization\"},\"potentialAction\":[{\"@type\":\"SearchAction\",\"target\":{\"@type\":\"EntryPoint\",\"urlTemplate\":\"https:\\\/\\\/samarali.com\\\/de\\\/?s={search_term_string}\"},\"query-input\":{\"@type\":\"PropertyValueSpecification\",\"valueRequired\":true,\"valueName\":\"search_term_string\"}}],\"inLanguage\":\"de\"},{\"@type\":\"Organization\",\"@id\":\"https:\\\/\\\/samarali.com\\\/de\\\/#organization\",\"name\":\"Samarali\",\"url\":\"https:\\\/\\\/samarali.com\\\/de\\\/\",\"logo\":{\"@type\":\"ImageObject\",\"inLanguage\":\"de\",\"@id\":\"https:\\\/\\\/samarali.com\\\/de\\\/#\\\/schema\\\/logo\\\/image\\\/\",\"url\":\"https:\\\/\\\/samarali.com\\\/wp-content\\\/uploads\\\/2024\\\/05\\\/cropped-samarali-icon.png\",\"contentUrl\":\"https:\\\/\\\/samarali.com\\\/wp-content\\\/uploads\\\/2024\\\/05\\\/cropped-samarali-icon.png\",\"width\":512,\"height\":512,\"caption\":\"Samarali\"},\"image\":{\"@id\":\"https:\\\/\\\/samarali.com\\\/de\\\/#\\\/schema\\\/logo\\\/image\\\/\"},\"sameAs\":[\"https:\\\/\\\/www.facebook.com\\\/samaraliyoga\",\"https:\\\/\\\/www.linkedin.com\\\/company\\\/69563155\\\/\",\"https:\\\/\\\/www.instagram.com\\\/samaraliyoga\\\/\",\"https:\\\/\\\/nl.pinterest.com\\\/Samaraliyoga\\\/\"],\"description\":\"Samarali is a sustainable yoga and lifestyle brand based in the Netherlands\",\"email\":\"info@samarali.com\",\"legalName\":\"Samarali B.V.\",\"vatID\":\"NL859820324B01\",\"numberOfEmployees\":{\"@type\":\"QuantitativeValue\",\"minValue\":\"1\",\"maxValue\":\"10\"}}]}<\/script>\n<meta property=\"product:price:amount\" content=\"79.00\" \/>\n<meta property=\"product:price:currency\" content=\"EUR\" \/>\n<meta property=\"og:availability\" content=\"instock\" \/>\n<meta property=\"product:availability\" content=\"instock\" \/>\n<meta property=\"product:retailer_item_id\" content=\"11113\" \/>\n<meta property=\"product:condition\" content=\"new\" \/>\n<!-- \/ Yoast SEO Premium plugin. -->","yoast_head_json":{"title":"Klassische Yogamatte aus Kork - Samarali","description":"Klassische Yogamatte aus Kork. Diese Matte ist selbstreinigend und perfekt. Sie bietet hervorragenden Halt und Komfort und ist zu 100% recycelbar, von der Matte bis zur Verpackung.","robots":{"index":"index","follow":"follow","max-snippet":"max-snippet:-1","max-image-preview":"max-image-preview:large","max-video-preview":"max-video-preview:-1"},"canonical":"https:\/\/samarali.com\/de\/produkt\/klassische-yogamatte-aus-kork\/","og_locale":"de_DE","og_type":"article","og_title":"Klassische Yogamatte aus Kork - Samarali","og_description":"Klassische Yogamatte aus Kork. Diese Matte ist selbstreinigend und perfekt. Sie bietet hervorragenden Halt und Komfort und ist zu 100% recycelbar, von der Matte bis zur Verpackung.","og_url":"https:\/\/samarali.com\/de\/produkt\/klassische-yogamatte-aus-kork\/","og_site_name":"Samarali","article_publisher":"https:\/\/www.facebook.com\/samaraliyoga","article_modified_time":"2025-07-19T09:57:22+00:00","og_image":[{"width":830,"height":830,"url":"https:\/\/samarali.com\/wp-content\/uploads\/2024\/07\/sam-cork-yoga-01b.jpg","type":"image\/jpeg"}],"twitter_card":"summary_large_image","twitter_misc":{"Preis":"&euro;&nbsp;79,00","Verf\u00fcgbarkeit":"Auf Lager"},"schema":{"@context":"https:\/\/schema.org","@graph":[{"@type":"WebPage","@id":"https:\/\/samarali.com\/de\/produkt\/klassische-yogamatte-aus-kork\/","url":"https:\/\/samarali.com\/de\/produkt\/klassische-yogamatte-aus-kork\/","name":"Klassische Yogamatte aus Kork - Samarali","isPartOf":{"@id":"https:\/\/samarali.com\/de\/#website"},"primaryImageOfPage":{"@id":"https:\/\/samarali.com\/de\/produkt\/klassische-yogamatte-aus-kork\/#primaryimage"},"image":{"@id":"https:\/\/samarali.com\/de\/produkt\/klassische-yogamatte-aus-kork\/#primaryimage"},"thumbnailUrl":"https:\/\/samarali.com\/wp-content\/uploads\/2024\/07\/sam-cork-yoga-01b.jpg","datePublished":"2024-07-30T19:23:21+00:00","dateModified":"2025-07-19T09:57:22+00:00","description":"Klassische Yogamatte aus Kork. Diese Matte ist selbstreinigend und perfekt. Sie bietet hervorragenden Halt und Komfort und ist zu 100% recycelbar, von der Matte bis zur Verpackung.","breadcrumb":{"@id":"https:\/\/samarali.com\/de\/produkt\/klassische-yogamatte-aus-kork\/#breadcrumb"},"inLanguage":"de","potentialAction":[{"@type":"ReadAction","target":["https:\/\/samarali.com\/de\/produkt\/klassische-yogamatte-aus-kork\/"]}]},{"@type":"ImageObject","inLanguage":"de","@id":"https:\/\/samarali.com\/de\/produkt\/klassische-yogamatte-aus-kork\/#primaryimage","url":"https:\/\/samarali.com\/wp-content\/uploads\/2024\/07\/sam-cork-yoga-01b.jpg","contentUrl":"https:\/\/samarali.com\/wp-content\/uploads\/2024\/07\/sam-cork-yoga-01b.jpg","width":830,"height":830,"caption":"Sam Kork Yoga 01b"},{"@type":"BreadcrumbList","@id":"https:\/\/samarali.com\/de\/produkt\/klassische-yogamatte-aus-kork\/#breadcrumb","itemListElement":[{"@type":"ListItem","position":1,"name":"Startseite","item":"https:\/\/samarali.com\/de\/startseite\/"},{"@type":"ListItem","position":2,"name":"Shop","item":"https:\/\/samarali.com\/de\/shop\/"},{"@type":"ListItem","position":3,"name":"Klassische Yogamatte aus Kork"}]},{"@type":"WebSite","@id":"https:\/\/samarali.com\/de\/#website","url":"https:\/\/samarali.com\/de\/","name":"Samarali","description":"Samarali ist eine nachhaltige Yoga- und Lifestyle-Marke mit Sitz in den Niederlanden","publisher":{"@id":"https:\/\/samarali.com\/de\/#organization"},"potentialAction":[{"@type":"SearchAction","target":{"@type":"EntryPoint","urlTemplate":"https:\/\/samarali.com\/de\/?s={search_term_string}"},"query-input":{"@type":"PropertyValueSpecification","valueRequired":true,"valueName":"search_term_string"}}],"inLanguage":"de"},{"@type":"Organization","@id":"https:\/\/samarali.com\/de\/#organization","name":"Samarali","url":"https:\/\/samarali.com\/de\/","logo":{"@type":"ImageObject","inLanguage":"de","@id":"https:\/\/samarali.com\/de\/#\/schema\/logo\/image\/","url":"https:\/\/samarali.com\/wp-content\/uploads\/2024\/05\/cropped-samarali-icon.png","contentUrl":"https:\/\/samarali.com\/wp-content\/uploads\/2024\/05\/cropped-samarali-icon.png","width":512,"height":512,"caption":"Samarali"},"image":{"@id":"https:\/\/samarali.com\/de\/#\/schema\/logo\/image\/"},"sameAs":["https:\/\/www.facebook.com\/samaraliyoga","https:\/\/www.linkedin.com\/company\/69563155\/","https:\/\/www.instagram.com\/samaraliyoga\/","https:\/\/nl.pinterest.com\/Samaraliyoga\/"],"description":"Samarali is a sustainable yoga and lifestyle brand based in the Netherlands","email":"info@samarali.com","legalName":"Samarali B.V.","vatID":"NL859820324B01","numberOfEmployees":{"@type":"QuantitativeValue","minValue":"1","maxValue":"10"}}]},"product_price_amount":"79.00","product_price_currency":"EUR","og_availability":"instock","product_availability":"instock","product_retailer_item_id":"11113","product_condition":"new"},"jetpack_sharing_enabled":true,"_links":{"self":[{"href":"https:\/\/samarali.com\/de\/wp-json\/wp\/v2\/product\/28601","targetHints":{"allow":["GET"]}}],"collection":[{"href":"https:\/\/samarali.com\/de\/wp-json\/wp\/v2\/product"}],"about":[{"href":"https:\/\/samarali.com\/de\/wp-json\/wp\/v2\/types\/product"}],"replies":[{"embeddable":true,"href":"https:\/\/samarali.com\/de\/wp-json\/wp\/v2\/comments?post=28601"}],"version-history":[{"count":1,"href":"https:\/\/samarali.com\/de\/wp-json\/wp\/v2\/product\/28601\/revisions"}],"predecessor-version":[{"id":32866,"href":"https:\/\/samarali.com\/de\/wp-json\/wp\/v2\/product\/28601\/revisions\/32866"}],"wp:featuredmedia":[{"embeddable":true,"href":"https:\/\/samarali.com\/de\/wp-json\/wp\/v2\/media\/17082"}],"wp:attachment":[{"href":"https:\/\/samarali.com\/de\/wp-json\/wp\/v2\/media?parent=28601"}],"wp:term":[{"taxonomy":"product_cat","embeddable":true,"href":"https:\/\/samarali.com\/de\/wp-json\/wp\/v2\/product_cat?post=28601"},{"taxonomy":"product_tag","embeddable":true,"href":"https:\/\/samarali.com\/de\/wp-json\/wp\/v2\/product_tag?post=28601"}],"curies":[{"name":"wp","href":"https:\/\/api.w.org\/{rel}","templated":true}]}}