{"id":28478,"date":"2024-08-01T06:23:58","date_gmt":"2024-08-01T04:23:58","guid":{"rendered":"https:\/\/samarali.com\/product\/yin-yoga-set-sonne\/"},"modified":"2025-07-20T10:53:32","modified_gmt":"2025-07-20T08:53:32","slug":"yin-yoga-set-sonne","status":"publish","type":"product","link":"https:\/\/samarali.com\/de\/produkt\/yin-yoga-set-sonne\/","title":{"rendered":"Yin Yoga Set &#8211; Sonne"},"content":{"rendered":"<p>Unser Yin Yoga Set ist so konzipiert, dass es die tiefgreifenden Dehnungen und den Komfort bietet, den Sie suchen, und Ihnen hilft, ein tiefes Gef\u00fchl von Leichtigkeit und Ruhe zu erlangen.<br \/>\nDieses Set enth\u00e4lt mehrere hochwertige Artikel, die sorgf\u00e4ltig ausgew\u00e4hlt wurden, um Ihre Praxis zu verbessern, indem sie Unterst\u00fctzung bieten und bei der Entspannung helfen &#8211; f\u00fcr eine wahrhaft erholsame Erfahrung.<br \/>\nYin Yoga ist bekannt f\u00fcr seinen langsamen, achtsamen Ansatz, der sich auf tiefe Dehnungen und lang gehaltene Posen konzentriert, die das Bindegewebe wie B\u00e4nder und Faszien ansprechen.<br \/>\nUnser Yin Yoga-Set ist \u00e4u\u00dferst n\u00fctzlich f\u00fcr die Entspannung, die Verbesserung der Flexibilit\u00e4t und die Beruhigung des Geistes.<br \/>\nMit diesen hochwertigen Komponenten wird Ihre Yin Yoga-Praxis aufgewertet und bietet sowohl Komfort als auch Funktionalit\u00e4t. <\/p>\n","protected":false},"excerpt":{"rendered":"<p>Entdecken Sie tiefe Entspannung mit unserem Yin Yoga Set, das f\u00fcr tiefgreifende Dehnungen und Komfort entwickelt wurde. Dieses hochwertige Set wurde entwickelt, um lang gehaltene Posen zu unterst\u00fctzen. Es f\u00f6rdert die Flexibilit\u00e4t und Ruhe und bietet eine wahrhaft erholsame Erfahrung.<\/p>\n","protected":false},"featured_media":17762,"comment_status":"open","ping_status":"closed","template":"","meta":{"_acf_changed":false,"_improvement_type_select":"improve_an_existing","_thumb_yes_seoaic":false,"_frame_yes_seoaic":false,"seoaic_generate_description":"","seoaic_improve_instructions_prompt":"","seoaic_rollback_content_improvement":"","seoaic_idea_thumbnail_generator":"","thumbnail_generated":false,"thumbnail_generate_prompt":"","seoaic_article_description":"","inline_featured_image":false},"product_cat":[332,321],"product_tag":[],"class_list":{"0":"post-28478","1":"product","2":"type-product","3":"status-publish","4":"has-post-thumbnail","6":"product_cat-yin-yoga-sets-de","7":"product_cat-yoga-de","9":"first","10":"instock","11":"shipping-taxable","12":"purchasable","13":"product-type-variable"},"acf":[],"yoast_head":"<!-- This site is optimized with the Yoast SEO Premium plugin v27.3 (Yoast SEO v27.3) - https:\/\/yoast.com\/product\/yoast-seo-premium-wordpress\/ -->\n<title>Yin Yoga Set - Sonne - Samarali<\/title>\n<meta name=\"description\" content=\"Yin Yoga Set. Dieses hochwertige Set wurde entwickelt, um lang gehaltene Posen zu unterst\u00fctzen. Es f\u00f6rdert die Flexibilit\u00e4t und Ruhe und bietet eine wahrhaft erholsame Erfahrung.\" \/>\n<meta name=\"robots\" content=\"index, follow, max-snippet:-1, max-image-preview:large, max-video-preview:-1\" \/>\n<link rel=\"canonical\" href=\"https:\/\/samarali.com\/de\/produkt\/yin-yoga-set-sonne\/\" \/>\n<meta property=\"og:locale\" content=\"de_DE\" \/>\n<meta property=\"og:type\" content=\"article\" \/>\n<meta property=\"og:title\" content=\"Yin Yoga Set - Sonne - Samarali\" \/>\n<meta property=\"og:description\" content=\"Yin Yoga Set. Dieses hochwertige Set wurde entwickelt, um lang gehaltene Posen zu unterst\u00fctzen. Es f\u00f6rdert die Flexibilit\u00e4t und Ruhe und bietet eine wahrhaft erholsame Erfahrung.\" \/>\n<meta property=\"og:url\" content=\"https:\/\/samarali.com\/de\/produkt\/yin-yoga-set-sonne\/\" \/>\n<meta property=\"og:site_name\" content=\"Samarali\" \/>\n<meta property=\"article:publisher\" content=\"https:\/\/www.facebook.com\/samaraliyoga\" \/>\n<meta property=\"article:modified_time\" content=\"2025-07-20T08:53:32+00:00\" \/>\n<meta property=\"og:image\" content=\"https:\/\/samarali.com\/wp-content\/uploads\/2024\/08\/cork-yoga-mat-sunbolster_orange.jpg\" \/>\n\t<meta property=\"og:image:width\" content=\"830\" \/>\n\t<meta property=\"og:image:height\" content=\"830\" \/>\n\t<meta property=\"og:image:type\" content=\"image\/jpeg\" \/>\n<meta name=\"twitter:card\" content=\"summary_large_image\" \/>\n<meta name=\"twitter:label1\" content=\"Verf\u00fcgbarkeit\" \/>\n\t<meta name=\"twitter:data1\" content=\"Auf Lager\" \/>\n<script type=\"application\/ld+json\" class=\"yoast-schema-graph\">{\"@context\":\"https:\\\/\\\/schema.org\",\"@graph\":[{\"@type\":\"WebPage\",\"@id\":\"https:\\\/\\\/samarali.com\\\/de\\\/produkt\\\/yin-yoga-set-sonne\\\/\",\"url\":\"https:\\\/\\\/samarali.com\\\/de\\\/produkt\\\/yin-yoga-set-sonne\\\/\",\"name\":\"Yin Yoga Set - Sonne - Samarali\",\"isPartOf\":{\"@id\":\"https:\\\/\\\/samarali.com\\\/de\\\/#website\"},\"primaryImageOfPage\":{\"@id\":\"https:\\\/\\\/samarali.com\\\/de\\\/produkt\\\/yin-yoga-set-sonne\\\/#primaryimage\"},\"image\":{\"@id\":\"https:\\\/\\\/samarali.com\\\/de\\\/produkt\\\/yin-yoga-set-sonne\\\/#primaryimage\"},\"thumbnailUrl\":\"https:\\\/\\\/samarali.com\\\/wp-content\\\/uploads\\\/2024\\\/08\\\/cork-yoga-mat-sunbolster_orange.jpg\",\"datePublished\":\"2024-08-01T04:23:58+00:00\",\"dateModified\":\"2025-07-20T08:53:32+00:00\",\"description\":\"Yin Yoga Set. Dieses hochwertige Set wurde entwickelt, um lang gehaltene Posen zu unterst\u00fctzen. Es f\u00f6rdert die Flexibilit\u00e4t und Ruhe und bietet eine wahrhaft erholsame Erfahrung.\",\"breadcrumb\":{\"@id\":\"https:\\\/\\\/samarali.com\\\/de\\\/produkt\\\/yin-yoga-set-sonne\\\/#breadcrumb\"},\"inLanguage\":\"de\",\"potentialAction\":[{\"@type\":\"ReadAction\",\"target\":[\"https:\\\/\\\/samarali.com\\\/de\\\/produkt\\\/yin-yoga-set-sonne\\\/\"]}]},{\"@type\":\"ImageObject\",\"inLanguage\":\"de\",\"@id\":\"https:\\\/\\\/samarali.com\\\/de\\\/produkt\\\/yin-yoga-set-sonne\\\/#primaryimage\",\"url\":\"https:\\\/\\\/samarali.com\\\/wp-content\\\/uploads\\\/2024\\\/08\\\/cork-yoga-mat-sunbolster_orange.jpg\",\"contentUrl\":\"https:\\\/\\\/samarali.com\\\/wp-content\\\/uploads\\\/2024\\\/08\\\/cork-yoga-mat-sunbolster_orange.jpg\",\"width\":830,\"height\":830,\"caption\":\"Kork-Yogamatte sunbolster orange\"},{\"@type\":\"BreadcrumbList\",\"@id\":\"https:\\\/\\\/samarali.com\\\/de\\\/produkt\\\/yin-yoga-set-sonne\\\/#breadcrumb\",\"itemListElement\":[{\"@type\":\"ListItem\",\"position\":1,\"name\":\"Startseite\",\"item\":\"https:\\\/\\\/samarali.com\\\/de\\\/startseite\\\/\"},{\"@type\":\"ListItem\",\"position\":2,\"name\":\"Shop\",\"item\":\"https:\\\/\\\/samarali.com\\\/de\\\/shop\\\/\"},{\"@type\":\"ListItem\",\"position\":3,\"name\":\"Yin Yoga Set &#8211; Sonne\"}]},{\"@type\":\"WebSite\",\"@id\":\"https:\\\/\\\/samarali.com\\\/de\\\/#website\",\"url\":\"https:\\\/\\\/samarali.com\\\/de\\\/\",\"name\":\"Samarali\",\"description\":\"Samarali ist eine nachhaltige Yoga- und Lifestyle-Marke mit Sitz in den Niederlanden\",\"publisher\":{\"@id\":\"https:\\\/\\\/samarali.com\\\/de\\\/#organization\"},\"potentialAction\":[{\"@type\":\"SearchAction\",\"target\":{\"@type\":\"EntryPoint\",\"urlTemplate\":\"https:\\\/\\\/samarali.com\\\/de\\\/?s={search_term_string}\"},\"query-input\":{\"@type\":\"PropertyValueSpecification\",\"valueRequired\":true,\"valueName\":\"search_term_string\"}}],\"inLanguage\":\"de\"},{\"@type\":\"Organization\",\"@id\":\"https:\\\/\\\/samarali.com\\\/de\\\/#organization\",\"name\":\"Samarali\",\"url\":\"https:\\\/\\\/samarali.com\\\/de\\\/\",\"logo\":{\"@type\":\"ImageObject\",\"inLanguage\":\"de\",\"@id\":\"https:\\\/\\\/samarali.com\\\/de\\\/#\\\/schema\\\/logo\\\/image\\\/\",\"url\":\"https:\\\/\\\/samarali.com\\\/wp-content\\\/uploads\\\/2024\\\/05\\\/cropped-samarali-icon.png\",\"contentUrl\":\"https:\\\/\\\/samarali.com\\\/wp-content\\\/uploads\\\/2024\\\/05\\\/cropped-samarali-icon.png\",\"width\":512,\"height\":512,\"caption\":\"Samarali\"},\"image\":{\"@id\":\"https:\\\/\\\/samarali.com\\\/de\\\/#\\\/schema\\\/logo\\\/image\\\/\"},\"sameAs\":[\"https:\\\/\\\/www.facebook.com\\\/samaraliyoga\",\"https:\\\/\\\/www.linkedin.com\\\/company\\\/69563155\\\/\",\"https:\\\/\\\/www.instagram.com\\\/samaraliyoga\\\/\",\"https:\\\/\\\/nl.pinterest.com\\\/Samaraliyoga\\\/\"],\"description\":\"Samarali is a sustainable yoga and lifestyle brand based in the Netherlands\",\"email\":\"info@samarali.com\",\"legalName\":\"Samarali B.V.\",\"vatID\":\"NL859820324B01\",\"numberOfEmployees\":{\"@type\":\"QuantitativeValue\",\"minValue\":\"1\",\"maxValue\":\"10\"}}]}<\/script>\n<meta property=\"og:availability\" content=\"instock\" \/>\n<meta property=\"product:availability\" content=\"instock\" \/>\n<meta property=\"product:condition\" content=\"new\" \/>\n<!-- \/ Yoast SEO Premium plugin. -->","yoast_head_json":{"title":"Yin Yoga Set - Sonne - Samarali","description":"Yin Yoga Set. Dieses hochwertige Set wurde entwickelt, um lang gehaltene Posen zu unterst\u00fctzen. Es f\u00f6rdert die Flexibilit\u00e4t und Ruhe und bietet eine wahrhaft erholsame Erfahrung.","robots":{"index":"index","follow":"follow","max-snippet":"max-snippet:-1","max-image-preview":"max-image-preview:large","max-video-preview":"max-video-preview:-1"},"canonical":"https:\/\/samarali.com\/de\/produkt\/yin-yoga-set-sonne\/","og_locale":"de_DE","og_type":"article","og_title":"Yin Yoga Set - Sonne - Samarali","og_description":"Yin Yoga Set. Dieses hochwertige Set wurde entwickelt, um lang gehaltene Posen zu unterst\u00fctzen. Es f\u00f6rdert die Flexibilit\u00e4t und Ruhe und bietet eine wahrhaft erholsame Erfahrung.","og_url":"https:\/\/samarali.com\/de\/produkt\/yin-yoga-set-sonne\/","og_site_name":"Samarali","article_publisher":"https:\/\/www.facebook.com\/samaraliyoga","article_modified_time":"2025-07-20T08:53:32+00:00","og_image":[{"width":830,"height":830,"url":"https:\/\/samarali.com\/wp-content\/uploads\/2024\/08\/cork-yoga-mat-sunbolster_orange.jpg","type":"image\/jpeg"}],"twitter_card":"summary_large_image","twitter_misc":{"Verf\u00fcgbarkeit":"Auf Lager"},"schema":{"@context":"https:\/\/schema.org","@graph":[{"@type":"WebPage","@id":"https:\/\/samarali.com\/de\/produkt\/yin-yoga-set-sonne\/","url":"https:\/\/samarali.com\/de\/produkt\/yin-yoga-set-sonne\/","name":"Yin Yoga Set - Sonne - Samarali","isPartOf":{"@id":"https:\/\/samarali.com\/de\/#website"},"primaryImageOfPage":{"@id":"https:\/\/samarali.com\/de\/produkt\/yin-yoga-set-sonne\/#primaryimage"},"image":{"@id":"https:\/\/samarali.com\/de\/produkt\/yin-yoga-set-sonne\/#primaryimage"},"thumbnailUrl":"https:\/\/samarali.com\/wp-content\/uploads\/2024\/08\/cork-yoga-mat-sunbolster_orange.jpg","datePublished":"2024-08-01T04:23:58+00:00","dateModified":"2025-07-20T08:53:32+00:00","description":"Yin Yoga Set. Dieses hochwertige Set wurde entwickelt, um lang gehaltene Posen zu unterst\u00fctzen. Es f\u00f6rdert die Flexibilit\u00e4t und Ruhe und bietet eine wahrhaft erholsame Erfahrung.","breadcrumb":{"@id":"https:\/\/samarali.com\/de\/produkt\/yin-yoga-set-sonne\/#breadcrumb"},"inLanguage":"de","potentialAction":[{"@type":"ReadAction","target":["https:\/\/samarali.com\/de\/produkt\/yin-yoga-set-sonne\/"]}]},{"@type":"ImageObject","inLanguage":"de","@id":"https:\/\/samarali.com\/de\/produkt\/yin-yoga-set-sonne\/#primaryimage","url":"https:\/\/samarali.com\/wp-content\/uploads\/2024\/08\/cork-yoga-mat-sunbolster_orange.jpg","contentUrl":"https:\/\/samarali.com\/wp-content\/uploads\/2024\/08\/cork-yoga-mat-sunbolster_orange.jpg","width":830,"height":830,"caption":"Kork-Yogamatte sunbolster orange"},{"@type":"BreadcrumbList","@id":"https:\/\/samarali.com\/de\/produkt\/yin-yoga-set-sonne\/#breadcrumb","itemListElement":[{"@type":"ListItem","position":1,"name":"Startseite","item":"https:\/\/samarali.com\/de\/startseite\/"},{"@type":"ListItem","position":2,"name":"Shop","item":"https:\/\/samarali.com\/de\/shop\/"},{"@type":"ListItem","position":3,"name":"Yin Yoga Set &#8211; Sonne"}]},{"@type":"WebSite","@id":"https:\/\/samarali.com\/de\/#website","url":"https:\/\/samarali.com\/de\/","name":"Samarali","description":"Samarali ist eine nachhaltige Yoga- und Lifestyle-Marke mit Sitz in den Niederlanden","publisher":{"@id":"https:\/\/samarali.com\/de\/#organization"},"potentialAction":[{"@type":"SearchAction","target":{"@type":"EntryPoint","urlTemplate":"https:\/\/samarali.com\/de\/?s={search_term_string}"},"query-input":{"@type":"PropertyValueSpecification","valueRequired":true,"valueName":"search_term_string"}}],"inLanguage":"de"},{"@type":"Organization","@id":"https:\/\/samarali.com\/de\/#organization","name":"Samarali","url":"https:\/\/samarali.com\/de\/","logo":{"@type":"ImageObject","inLanguage":"de","@id":"https:\/\/samarali.com\/de\/#\/schema\/logo\/image\/","url":"https:\/\/samarali.com\/wp-content\/uploads\/2024\/05\/cropped-samarali-icon.png","contentUrl":"https:\/\/samarali.com\/wp-content\/uploads\/2024\/05\/cropped-samarali-icon.png","width":512,"height":512,"caption":"Samarali"},"image":{"@id":"https:\/\/samarali.com\/de\/#\/schema\/logo\/image\/"},"sameAs":["https:\/\/www.facebook.com\/samaraliyoga","https:\/\/www.linkedin.com\/company\/69563155\/","https:\/\/www.instagram.com\/samaraliyoga\/","https:\/\/nl.pinterest.com\/Samaraliyoga\/"],"description":"Samarali is a sustainable yoga and lifestyle brand based in the Netherlands","email":"info@samarali.com","legalName":"Samarali B.V.","vatID":"NL859820324B01","numberOfEmployees":{"@type":"QuantitativeValue","minValue":"1","maxValue":"10"}}]},"og_availability":"instock","product_availability":"instock","product_condition":"new"},"jetpack_sharing_enabled":true,"_links":{"self":[{"href":"https:\/\/samarali.com\/de\/wp-json\/wp\/v2\/product\/28478","targetHints":{"allow":["GET"]}}],"collection":[{"href":"https:\/\/samarali.com\/de\/wp-json\/wp\/v2\/product"}],"about":[{"href":"https:\/\/samarali.com\/de\/wp-json\/wp\/v2\/types\/product"}],"replies":[{"embeddable":true,"href":"https:\/\/samarali.com\/de\/wp-json\/wp\/v2\/comments?post=28478"}],"version-history":[{"count":2,"href":"https:\/\/samarali.com\/de\/wp-json\/wp\/v2\/product\/28478\/revisions"}],"predecessor-version":[{"id":32886,"href":"https:\/\/samarali.com\/de\/wp-json\/wp\/v2\/product\/28478\/revisions\/32886"}],"wp:featuredmedia":[{"embeddable":true,"href":"https:\/\/samarali.com\/de\/wp-json\/wp\/v2\/media\/17762"}],"wp:attachment":[{"href":"https:\/\/samarali.com\/de\/wp-json\/wp\/v2\/media?parent=28478"}],"wp:term":[{"taxonomy":"product_cat","embeddable":true,"href":"https:\/\/samarali.com\/de\/wp-json\/wp\/v2\/product_cat?post=28478"},{"taxonomy":"product_tag","embeddable":true,"href":"https:\/\/samarali.com\/de\/wp-json\/wp\/v2\/product_tag?post=28478"}],"curies":[{"name":"wp","href":"https:\/\/api.w.org\/{rel}","templated":true}]}}