{"id":28464,"date":"2024-08-01T08:02:23","date_gmt":"2024-08-01T06:02:23","guid":{"rendered":"https:\/\/samarali.com\/product\/mondschein-yoga-set\/"},"modified":"2025-07-23T10:53:42","modified_gmt":"2025-07-23T08:53:42","slug":"mondschein-yoga-set","status":"publish","type":"product","link":"https:\/\/samarali.com\/de\/produkt\/mondschein-yoga-set\/","title":{"rendered":"Mondschein Yoga Set"},"content":{"rendered":"<p>Bringen Sie Ihre Yoga- und Pilates-Praxis auf die n\u00e4chste Stufe mit unserem erweiterten Yoga-Set-Bundle.<br \/>\nDieses umfassende Set enth\u00e4lt eine strapazierf\u00e4hige Yogamatte aus Kork, st\u00fctzende Yogabl\u00f6cke und unsere hochwertige Yogamattentasche aus Kork.<br \/>\nEs ist f\u00fcr alle Stufen geeignet und bietet die perfekte Balance aus Komfort und Funktionalit\u00e4t. <strong>Kork-Yogamatte<\/strong> Unsere Kork-Yogamatte wird aus hochwertigen, umweltfreundlichen Materialien hergestellt, einer Mischung aus Naturkork und Gummi.<br \/>\nDiese Matte ist eine \u00f6kologische Alternative zu synthetischen Materialien und bietet eine atmungsaktive, weiche und hautfreundliche Oberfl\u00e4che.<br \/>\nDank ihrer antimikrobiellen Eigenschaften wirkt sie effektiv gegen Schwei\u00df und Geruch und ist damit ideal f\u00fcr intensive Yoga-Sitzungen.<br \/>\nDie Matte ist besonders griffig, vor allem wenn sie nass ist, was sie perfekt f\u00fcr aktives und hei\u00dfes Yoga macht. <strong>Trageriemen<\/strong> Im Lieferumfang der Matte ist ein praktischer Trageriemen enthalten, mit dem Sie Ihre Yogamatte problemlos \u00fcberallhin mitnehmen k\u00f6nnen. <strong>Yogablock<\/strong> Ein Yogablock ist ein wichtiges Zubeh\u00f6r f\u00fcr Yoga und Pilates, da er in verschiedenen Posen eine wichtige Unterst\u00fctzung bietet.<br \/>\nUnser Yogablock hat eine breite Oberfl\u00e4che f\u00fcr mehr Stabilit\u00e4t bei Armbalancen und st\u00fctzt den R\u00fccken bei \u00dcbungen in R\u00fcckenlage.<br \/>\nEr ist leicht, hat eine rutschfeste Oberfl\u00e4che und abgerundete Kanten, die einen bequemen Griff gew\u00e4hrleisten und Druckstellen verhindern. <strong>Yogamatten-Tragetasche<\/strong> Unsere Yogamatten-Tragetasche ist aus hochwertigem portugiesischem Kork gefertigt, der f\u00fcr seine Langlebigkeit und Pflegeleichtigkeit bekannt ist.<br \/>\nDie nat\u00fcrliche Textur von Kork verleiht Ihrer Sportkleidung einen eleganten Touch.<br \/>\nDiese weiche, leichte und au\u00dfergew\u00f6hnlich komfortable Tasche ist ideal, um Ihre Matte ins Studio oder auf Reisen mitzunehmen.<br \/>\nAu\u00dferdem ist sie komplett wasserdicht, so dass Ihre Matte auch bei Regen trocken bleibt.          <\/p>\n","protected":false},"excerpt":{"rendered":"<p>Bringen Sie Ihre Yoga- und Pilates-Praxis auf die n\u00e4chste Stufe mit unserem erweiterten Yoga-Set-Bundle. Dieses umfassende Set enth\u00e4lt eine strapazierf\u00e4hige Yogamatte aus Kork, st\u00fctzende Yogabl\u00f6cke und unsere hochwertige Yogamattentasche aus Kork. Es ist f\u00fcr alle Stufen geeignet und bietet die perfekte Balance aus Komfort und Funktionalit\u00e4t. Kork-Yogamatte Unsere Kork-Yogamatte wird aus hochwertigen, umweltfreundlichen Materialien hergestellt, [&hellip;]<\/p>\n","protected":false},"featured_media":17627,"comment_status":"open","ping_status":"closed","template":"","meta":{"_acf_changed":false,"_improvement_type_select":"improve_an_existing","_thumb_yes_seoaic":false,"_frame_yes_seoaic":false,"seoaic_generate_description":"","seoaic_improve_instructions_prompt":"","seoaic_rollback_content_improvement":"","seoaic_idea_thumbnail_generator":"","thumbnail_generated":false,"thumbnail_generate_prompt":"","seoaic_article_description":"","inline_featured_image":false},"product_cat":[321,322],"product_tag":[],"class_list":{"0":"post-28464","1":"product","2":"type-product","3":"status-publish","4":"has-post-thumbnail","6":"product_cat-yoga-de","7":"product_cat-yoga-sets-de","9":"first","10":"instock","11":"shipping-taxable","12":"purchasable","13":"product-type-simple"},"acf":[],"yoast_head":"<!-- This site is optimized with the Yoast SEO Premium plugin v27.4 (Yoast SEO v27.4) - https:\/\/yoast.com\/product\/yoast-seo-premium-wordpress\/ -->\n<title>Mondschein Yoga Set - Samarali<\/title>\n<meta name=\"robots\" content=\"index, follow, max-snippet:-1, max-image-preview:large, max-video-preview:-1\" \/>\n<link rel=\"canonical\" href=\"https:\/\/samarali.com\/de\/produkt\/mondschein-yoga-set\/\" \/>\n<meta property=\"og:locale\" content=\"de_DE\" \/>\n<meta property=\"og:type\" content=\"article\" \/>\n<meta property=\"og:title\" content=\"Mondschein Yoga Set - Samarali\" \/>\n<meta property=\"og:description\" content=\"Bringen Sie Ihre Yoga- und Pilates-Praxis auf die n\u00e4chste Stufe mit unserem erweiterten Yoga-Set-Bundle. Dieses umfassende Set enth\u00e4lt eine strapazierf\u00e4hige Yogamatte aus Kork, st\u00fctzende Yogabl\u00f6cke und unsere hochwertige Yogamattentasche aus Kork. Es ist f\u00fcr alle Stufen geeignet und bietet die perfekte Balance aus Komfort und Funktionalit\u00e4t. Kork-Yogamatte Unsere Kork-Yogamatte wird aus hochwertigen, umweltfreundlichen Materialien hergestellt, [&hellip;]\" \/>\n<meta property=\"og:url\" content=\"https:\/\/samarali.com\/de\/produkt\/mondschein-yoga-set\/\" \/>\n<meta property=\"og:site_name\" content=\"Samarali\" \/>\n<meta property=\"article:publisher\" content=\"https:\/\/www.facebook.com\/samaraliyoga\" \/>\n<meta property=\"article:modified_time\" content=\"2025-07-23T08:53:42+00:00\" \/>\n<meta property=\"og:image\" content=\"https:\/\/samarali.com\/wp-content\/uploads\/2024\/08\/Moonligh-yoga-set.jpg\" \/>\n\t<meta property=\"og:image:width\" content=\"1000\" \/>\n\t<meta property=\"og:image:height\" content=\"1000\" \/>\n\t<meta property=\"og:image:type\" content=\"image\/jpeg\" \/>\n<meta name=\"twitter:card\" content=\"summary_large_image\" \/>\n<meta name=\"twitter:label1\" content=\"Preis\" \/>\n\t<meta name=\"twitter:data1\" content=\"&euro;&nbsp;165,00\" \/>\n\t<meta name=\"twitter:label2\" content=\"Verf\u00fcgbarkeit\" \/>\n\t<meta name=\"twitter:data2\" content=\"Auf Lager\" \/>\n<script type=\"application\/ld+json\" class=\"yoast-schema-graph\">{\"@context\":\"https:\\\/\\\/schema.org\",\"@graph\":[{\"@type\":\"WebPage\",\"@id\":\"https:\\\/\\\/samarali.com\\\/de\\\/produkt\\\/mondschein-yoga-set\\\/\",\"url\":\"https:\\\/\\\/samarali.com\\\/de\\\/produkt\\\/mondschein-yoga-set\\\/\",\"name\":\"Mondschein Yoga Set - Samarali\",\"isPartOf\":{\"@id\":\"https:\\\/\\\/samarali.com\\\/de\\\/#website\"},\"primaryImageOfPage\":{\"@id\":\"https:\\\/\\\/samarali.com\\\/de\\\/produkt\\\/mondschein-yoga-set\\\/#primaryimage\"},\"image\":{\"@id\":\"https:\\\/\\\/samarali.com\\\/de\\\/produkt\\\/mondschein-yoga-set\\\/#primaryimage\"},\"thumbnailUrl\":\"https:\\\/\\\/samarali.com\\\/wp-content\\\/uploads\\\/2024\\\/08\\\/Moonligh-yoga-set.jpg\",\"datePublished\":\"2024-08-01T06:02:23+00:00\",\"dateModified\":\"2025-07-23T08:53:42+00:00\",\"breadcrumb\":{\"@id\":\"https:\\\/\\\/samarali.com\\\/de\\\/produkt\\\/mondschein-yoga-set\\\/#breadcrumb\"},\"inLanguage\":\"de\",\"potentialAction\":[{\"@type\":\"ReadAction\",\"target\":[\"https:\\\/\\\/samarali.com\\\/de\\\/produkt\\\/mondschein-yoga-set\\\/\"]}]},{\"@type\":\"ImageObject\",\"inLanguage\":\"de\",\"@id\":\"https:\\\/\\\/samarali.com\\\/de\\\/produkt\\\/mondschein-yoga-set\\\/#primaryimage\",\"url\":\"https:\\\/\\\/samarali.com\\\/wp-content\\\/uploads\\\/2024\\\/08\\\/Moonligh-yoga-set.jpg\",\"contentUrl\":\"https:\\\/\\\/samarali.com\\\/wp-content\\\/uploads\\\/2024\\\/08\\\/Moonligh-yoga-set.jpg\",\"width\":1000,\"height\":1000,\"caption\":\"Moonligh yoga set\"},{\"@type\":\"BreadcrumbList\",\"@id\":\"https:\\\/\\\/samarali.com\\\/de\\\/produkt\\\/mondschein-yoga-set\\\/#breadcrumb\",\"itemListElement\":[{\"@type\":\"ListItem\",\"position\":1,\"name\":\"Startseite\",\"item\":\"https:\\\/\\\/samarali.com\\\/de\\\/startseite\\\/\"},{\"@type\":\"ListItem\",\"position\":2,\"name\":\"Shop\",\"item\":\"https:\\\/\\\/samarali.com\\\/de\\\/shop\\\/\"},{\"@type\":\"ListItem\",\"position\":3,\"name\":\"Mondschein Yoga Set\"}]},{\"@type\":\"WebSite\",\"@id\":\"https:\\\/\\\/samarali.com\\\/de\\\/#website\",\"url\":\"https:\\\/\\\/samarali.com\\\/de\\\/\",\"name\":\"Samarali\",\"description\":\"Samarali ist eine nachhaltige Yoga- und Lifestyle-Marke mit Sitz in den Niederlanden\",\"publisher\":{\"@id\":\"https:\\\/\\\/samarali.com\\\/de\\\/#organization\"},\"potentialAction\":[{\"@type\":\"SearchAction\",\"target\":{\"@type\":\"EntryPoint\",\"urlTemplate\":\"https:\\\/\\\/samarali.com\\\/de\\\/?s={search_term_string}\"},\"query-input\":{\"@type\":\"PropertyValueSpecification\",\"valueRequired\":true,\"valueName\":\"search_term_string\"}}],\"inLanguage\":\"de\"},{\"@type\":\"Organization\",\"@id\":\"https:\\\/\\\/samarali.com\\\/de\\\/#organization\",\"name\":\"Samarali\",\"url\":\"https:\\\/\\\/samarali.com\\\/de\\\/\",\"logo\":{\"@type\":\"ImageObject\",\"inLanguage\":\"de\",\"@id\":\"https:\\\/\\\/samarali.com\\\/de\\\/#\\\/schema\\\/logo\\\/image\\\/\",\"url\":\"https:\\\/\\\/samarali.com\\\/wp-content\\\/uploads\\\/2024\\\/05\\\/cropped-samarali-icon.png\",\"contentUrl\":\"https:\\\/\\\/samarali.com\\\/wp-content\\\/uploads\\\/2024\\\/05\\\/cropped-samarali-icon.png\",\"width\":512,\"height\":512,\"caption\":\"Samarali\"},\"image\":{\"@id\":\"https:\\\/\\\/samarali.com\\\/de\\\/#\\\/schema\\\/logo\\\/image\\\/\"},\"sameAs\":[\"https:\\\/\\\/www.facebook.com\\\/samaraliyoga\",\"https:\\\/\\\/www.linkedin.com\\\/company\\\/69563155\\\/\",\"https:\\\/\\\/www.instagram.com\\\/samaraliyoga\\\/\",\"https:\\\/\\\/nl.pinterest.com\\\/Samaraliyoga\\\/\"],\"description\":\"Samarali is a sustainable yoga and lifestyle brand based in the Netherlands\",\"email\":\"info@samarali.com\",\"legalName\":\"Samarali B.V.\",\"vatID\":\"NL859820324B01\",\"numberOfEmployees\":{\"@type\":\"QuantitativeValue\",\"minValue\":\"1\",\"maxValue\":\"10\"}}]}<\/script>\n<meta property=\"product:price:amount\" content=\"165.00\" \/>\n<meta property=\"product:price:currency\" content=\"EUR\" \/>\n<meta property=\"og:availability\" content=\"instock\" \/>\n<meta property=\"product:availability\" content=\"instock\" \/>\n<meta property=\"product:retailer_item_id\" content=\"11124\" \/>\n<meta property=\"product:condition\" content=\"new\" \/>\n<!-- \/ Yoast SEO Premium plugin. -->","yoast_head_json":{"title":"Mondschein Yoga Set - Samarali","robots":{"index":"index","follow":"follow","max-snippet":"max-snippet:-1","max-image-preview":"max-image-preview:large","max-video-preview":"max-video-preview:-1"},"canonical":"https:\/\/samarali.com\/de\/produkt\/mondschein-yoga-set\/","og_locale":"de_DE","og_type":"article","og_title":"Mondschein Yoga Set - Samarali","og_description":"Bringen Sie Ihre Yoga- und Pilates-Praxis auf die n\u00e4chste Stufe mit unserem erweiterten Yoga-Set-Bundle. Dieses umfassende Set enth\u00e4lt eine strapazierf\u00e4hige Yogamatte aus Kork, st\u00fctzende Yogabl\u00f6cke und unsere hochwertige Yogamattentasche aus Kork. Es ist f\u00fcr alle Stufen geeignet und bietet die perfekte Balance aus Komfort und Funktionalit\u00e4t. Kork-Yogamatte Unsere Kork-Yogamatte wird aus hochwertigen, umweltfreundlichen Materialien hergestellt, [&hellip;]","og_url":"https:\/\/samarali.com\/de\/produkt\/mondschein-yoga-set\/","og_site_name":"Samarali","article_publisher":"https:\/\/www.facebook.com\/samaraliyoga","article_modified_time":"2025-07-23T08:53:42+00:00","og_image":[{"width":1000,"height":1000,"url":"https:\/\/samarali.com\/wp-content\/uploads\/2024\/08\/Moonligh-yoga-set.jpg","type":"image\/jpeg"}],"twitter_card":"summary_large_image","twitter_misc":{"Preis":"&euro;&nbsp;165,00","Verf\u00fcgbarkeit":"Auf Lager"},"schema":{"@context":"https:\/\/schema.org","@graph":[{"@type":"WebPage","@id":"https:\/\/samarali.com\/de\/produkt\/mondschein-yoga-set\/","url":"https:\/\/samarali.com\/de\/produkt\/mondschein-yoga-set\/","name":"Mondschein Yoga Set - Samarali","isPartOf":{"@id":"https:\/\/samarali.com\/de\/#website"},"primaryImageOfPage":{"@id":"https:\/\/samarali.com\/de\/produkt\/mondschein-yoga-set\/#primaryimage"},"image":{"@id":"https:\/\/samarali.com\/de\/produkt\/mondschein-yoga-set\/#primaryimage"},"thumbnailUrl":"https:\/\/samarali.com\/wp-content\/uploads\/2024\/08\/Moonligh-yoga-set.jpg","datePublished":"2024-08-01T06:02:23+00:00","dateModified":"2025-07-23T08:53:42+00:00","breadcrumb":{"@id":"https:\/\/samarali.com\/de\/produkt\/mondschein-yoga-set\/#breadcrumb"},"inLanguage":"de","potentialAction":[{"@type":"ReadAction","target":["https:\/\/samarali.com\/de\/produkt\/mondschein-yoga-set\/"]}]},{"@type":"ImageObject","inLanguage":"de","@id":"https:\/\/samarali.com\/de\/produkt\/mondschein-yoga-set\/#primaryimage","url":"https:\/\/samarali.com\/wp-content\/uploads\/2024\/08\/Moonligh-yoga-set.jpg","contentUrl":"https:\/\/samarali.com\/wp-content\/uploads\/2024\/08\/Moonligh-yoga-set.jpg","width":1000,"height":1000,"caption":"Moonligh yoga set"},{"@type":"BreadcrumbList","@id":"https:\/\/samarali.com\/de\/produkt\/mondschein-yoga-set\/#breadcrumb","itemListElement":[{"@type":"ListItem","position":1,"name":"Startseite","item":"https:\/\/samarali.com\/de\/startseite\/"},{"@type":"ListItem","position":2,"name":"Shop","item":"https:\/\/samarali.com\/de\/shop\/"},{"@type":"ListItem","position":3,"name":"Mondschein Yoga Set"}]},{"@type":"WebSite","@id":"https:\/\/samarali.com\/de\/#website","url":"https:\/\/samarali.com\/de\/","name":"Samarali","description":"Samarali ist eine nachhaltige Yoga- und Lifestyle-Marke mit Sitz in den Niederlanden","publisher":{"@id":"https:\/\/samarali.com\/de\/#organization"},"potentialAction":[{"@type":"SearchAction","target":{"@type":"EntryPoint","urlTemplate":"https:\/\/samarali.com\/de\/?s={search_term_string}"},"query-input":{"@type":"PropertyValueSpecification","valueRequired":true,"valueName":"search_term_string"}}],"inLanguage":"de"},{"@type":"Organization","@id":"https:\/\/samarali.com\/de\/#organization","name":"Samarali","url":"https:\/\/samarali.com\/de\/","logo":{"@type":"ImageObject","inLanguage":"de","@id":"https:\/\/samarali.com\/de\/#\/schema\/logo\/image\/","url":"https:\/\/samarali.com\/wp-content\/uploads\/2024\/05\/cropped-samarali-icon.png","contentUrl":"https:\/\/samarali.com\/wp-content\/uploads\/2024\/05\/cropped-samarali-icon.png","width":512,"height":512,"caption":"Samarali"},"image":{"@id":"https:\/\/samarali.com\/de\/#\/schema\/logo\/image\/"},"sameAs":["https:\/\/www.facebook.com\/samaraliyoga","https:\/\/www.linkedin.com\/company\/69563155\/","https:\/\/www.instagram.com\/samaraliyoga\/","https:\/\/nl.pinterest.com\/Samaraliyoga\/"],"description":"Samarali is a sustainable yoga and lifestyle brand based in the Netherlands","email":"info@samarali.com","legalName":"Samarali B.V.","vatID":"NL859820324B01","numberOfEmployees":{"@type":"QuantitativeValue","minValue":"1","maxValue":"10"}}]},"product_price_amount":"165.00","product_price_currency":"EUR","og_availability":"instock","product_availability":"instock","product_retailer_item_id":"11124","product_condition":"new"},"jetpack_sharing_enabled":true,"_links":{"self":[{"href":"https:\/\/samarali.com\/de\/wp-json\/wp\/v2\/product\/28464","targetHints":{"allow":["GET"]}}],"collection":[{"href":"https:\/\/samarali.com\/de\/wp-json\/wp\/v2\/product"}],"about":[{"href":"https:\/\/samarali.com\/de\/wp-json\/wp\/v2\/types\/product"}],"replies":[{"embeddable":true,"href":"https:\/\/samarali.com\/de\/wp-json\/wp\/v2\/comments?post=28464"}],"version-history":[{"count":0,"href":"https:\/\/samarali.com\/de\/wp-json\/wp\/v2\/product\/28464\/revisions"}],"wp:featuredmedia":[{"embeddable":true,"href":"https:\/\/samarali.com\/de\/wp-json\/wp\/v2\/media\/17627"}],"wp:attachment":[{"href":"https:\/\/samarali.com\/de\/wp-json\/wp\/v2\/media?parent=28464"}],"wp:term":[{"taxonomy":"product_cat","embeddable":true,"href":"https:\/\/samarali.com\/de\/wp-json\/wp\/v2\/product_cat?post=28464"},{"taxonomy":"product_tag","embeddable":true,"href":"https:\/\/samarali.com\/de\/wp-json\/wp\/v2\/product_tag?post=28464"}],"curies":[{"name":"wp","href":"https:\/\/api.w.org\/{rel}","templated":true}]}}