{"id":28457,"date":"2024-07-31T15:35:05","date_gmt":"2024-07-31T13:35:05","guid":{"rendered":"https:\/\/samarali.com\/product\/sonnenlicht-yoga-set\/"},"modified":"2025-01-06T13:43:57","modified_gmt":"2025-01-06T12:43:57","slug":"sonnenlicht-yoga-set","status":"publish","type":"product","link":"https:\/\/samarali.com\/de\/produkt\/sonnenlicht-yoga-set\/","title":{"rendered":"Sonnenlicht Yoga Set"},"content":{"rendered":"<p>Verbessern Sie Ihre Yoga- und Pilates-Routinen mit unserem Extended Yoga Set Bundle, einer umfassenden Kollektion, die alle Ihre Trainingsanforderungen erf\u00fcllt. Dieses Paket enth\u00e4lt eine strapazierf\u00e4hige Yogamatte aus Kork, st\u00fctzende Yogabl\u00f6cke und eine hochwertige Yogamattentasche aus Kork. Er ist ideal f\u00fcr Praktiker aller Stufen und bietet die perfekte Kombination aus Komfort und Funktionalit\u00e4t.<\/p>\n<p><strong>Yoga-Matte aus Kork<\/strong><br \/>\nUnsere Kork-Yogamatte wird aus hochwertigen, umweltfreundlichen Materialien hergestellt, die Naturkork und Gummi zu einer nachhaltigen Alternative zu synthetischen Matten kombinieren. Seine atmungsaktive, weiche und hautfreundliche Oberfl\u00e4che macht ihn perfekt f\u00fcr intensive Yoga-Sitzungen. Dank ihrer antimikrobiellen Eigenschaften wirkt die Matte effektiv gegen Schwei\u00df und Geruch. Sein au\u00dfergew\u00f6hnlicher Grip, besonders bei N\u00e4sse, macht ihn ideal f\u00fcr aktives und hei\u00dfes Yoga.<\/p>\n<p><strong>Trageriemen<\/strong><br \/>\nDie Matte wird mit einem praktischen Tragegurt geliefert, so dass Sie Ihre Yogamatte problemlos \u00fcberallhin mitnehmen k\u00f6nnen.<\/p>\n<p><strong>Yoga-Block<\/strong><br \/>\nEin Yogablock ist ein unverzichtbares Accessoire f\u00fcr Yoga und Pilates, da er bei einer Vielzahl von Posen eine wichtige St\u00fctze bietet. Unser Yogablock bietet eine breite Oberfl\u00e4che f\u00fcr Stabilit\u00e4t bei Armbalancen und st\u00fctzt den R\u00fccken bei \u00dcbungen in R\u00fcckenlage. Er ist leicht, hat eine rutschfeste Oberfl\u00e4che und abgerundete Kanten, die einen bequemen Griff gew\u00e4hrleisten und Druckstellen verhindern.<\/p>\n<p><strong>Yoga Matte Tragetasche<\/strong><br \/>\nUnsere Yogamatten-Transporttasche ist aus hochwertigem portugiesischem Kork gefertigt, der f\u00fcr seine Langlebigkeit und einfache Pflege bekannt ist. Die nat\u00fcrliche Korktextur verleiht Ihrer Aktivkleidung einen stilvollen Touch. Diese leichte und au\u00dfergew\u00f6hnlich komfortable Tasche eignet sich perfekt f\u00fcr den Transport Ihrer Matte ins Studio oder auf Reisen. Au\u00dferdem ist sie komplett wasserdicht, so dass Ihre Matte auch bei Regen trocken bleibt.<\/p>\n","protected":false},"excerpt":{"rendered":"<p>Erweitern Sie Ihre Praxis mit dem Extended Yoga Set Bundle, das eine strapazierf\u00e4hige Kork-Yogamatte, st\u00fctzende Bl\u00f6cke und eine stilvolle Kork-Tragetasche enth\u00e4lt. Dieses umweltfreundliche Set ist ideal f\u00fcr alle Niveaus und bietet Komfort, Griffigkeit und Bequemlichkeit.<\/p>\n","protected":false},"featured_media":17594,"comment_status":"open","ping_status":"closed","template":"","meta":{"_acf_changed":false,"_improvement_type_select":"improve_an_existing","_thumb_yes_seoaic":false,"_frame_yes_seoaic":false,"seoaic_generate_description":"","seoaic_improve_instructions_prompt":"","seoaic_rollback_content_improvement":"","seoaic_idea_thumbnail_generator":"","thumbnail_generated":false,"thumbnail_generate_prompt":"","seoaic_article_description":"","inline_featured_image":false},"product_cat":[321,322],"product_tag":[],"class_list":{"0":"post-28457","1":"product","2":"type-product","3":"status-publish","4":"has-post-thumbnail","6":"product_cat-yoga-de","7":"product_cat-yoga-sets-de","9":"first","10":"instock","11":"shipping-taxable","12":"purchasable","13":"product-type-simple"},"acf":[],"yoast_head":"<!-- This site is optimized with the Yoast SEO Premium plugin v27.3 (Yoast SEO v27.3) - https:\/\/yoast.com\/product\/yoast-seo-premium-wordpress\/ -->\n<title>Sonnenlicht Yoga Set - Samarali<\/title>\n<meta name=\"description\" content=\"Sunlight Yoga Set, bestehend aus einer strapazierf\u00e4higen Kork-Yogamatte, st\u00fctzenden Bl\u00f6cken und einer stilvollen Kork-Tragetasche. Dieses umweltfreundliche Set ist ideal f\u00fcr alle Niveaus und bietet Komfort, Griffigkeit und Bequemlichkeit.\" \/>\n<meta name=\"robots\" content=\"index, follow, max-snippet:-1, max-image-preview:large, max-video-preview:-1\" \/>\n<link rel=\"canonical\" href=\"https:\/\/samarali.com\/de\/produkt\/sonnenlicht-yoga-set\/\" \/>\n<meta property=\"og:locale\" content=\"de_DE\" \/>\n<meta property=\"og:type\" content=\"article\" \/>\n<meta property=\"og:title\" content=\"Sonnenlicht Yoga Set - Samarali\" \/>\n<meta property=\"og:description\" content=\"Sunlight Yoga Set, bestehend aus einer strapazierf\u00e4higen Kork-Yogamatte, st\u00fctzenden Bl\u00f6cken und einer stilvollen Kork-Tragetasche. Dieses umweltfreundliche Set ist ideal f\u00fcr alle Niveaus und bietet Komfort, Griffigkeit und Bequemlichkeit.\" \/>\n<meta property=\"og:url\" content=\"https:\/\/samarali.com\/de\/produkt\/sonnenlicht-yoga-set\/\" \/>\n<meta property=\"og:site_name\" content=\"Samarali\" \/>\n<meta property=\"article:publisher\" content=\"https:\/\/www.facebook.com\/samaraliyoga\" \/>\n<meta property=\"article:modified_time\" content=\"2025-01-06T12:43:57+00:00\" \/>\n<meta property=\"og:image\" content=\"https:\/\/samarali.com\/wp-content\/uploads\/2024\/07\/Sunlight-yoga-set.jpg\" \/>\n\t<meta property=\"og:image:width\" content=\"1000\" \/>\n\t<meta property=\"og:image:height\" content=\"1000\" \/>\n\t<meta property=\"og:image:type\" content=\"image\/jpeg\" \/>\n<meta name=\"twitter:card\" content=\"summary_large_image\" \/>\n<meta name=\"twitter:label1\" content=\"Preis\" \/>\n\t<meta name=\"twitter:data1\" content=\"&euro;&nbsp;165,00\" \/>\n\t<meta name=\"twitter:label2\" content=\"Verf\u00fcgbarkeit\" \/>\n\t<meta name=\"twitter:data2\" content=\"Auf Lager\" \/>\n<script type=\"application\/ld+json\" class=\"yoast-schema-graph\">{\"@context\":\"https:\\\/\\\/schema.org\",\"@graph\":[{\"@type\":\"WebPage\",\"@id\":\"https:\\\/\\\/samarali.com\\\/de\\\/produkt\\\/sonnenlicht-yoga-set\\\/\",\"url\":\"https:\\\/\\\/samarali.com\\\/de\\\/produkt\\\/sonnenlicht-yoga-set\\\/\",\"name\":\"Sonnenlicht Yoga Set - Samarali\",\"isPartOf\":{\"@id\":\"https:\\\/\\\/samarali.com\\\/de\\\/#website\"},\"primaryImageOfPage\":{\"@id\":\"https:\\\/\\\/samarali.com\\\/de\\\/produkt\\\/sonnenlicht-yoga-set\\\/#primaryimage\"},\"image\":{\"@id\":\"https:\\\/\\\/samarali.com\\\/de\\\/produkt\\\/sonnenlicht-yoga-set\\\/#primaryimage\"},\"thumbnailUrl\":\"https:\\\/\\\/samarali.com\\\/wp-content\\\/uploads\\\/2024\\\/07\\\/Sunlight-yoga-set.jpg\",\"datePublished\":\"2024-07-31T13:35:05+00:00\",\"dateModified\":\"2025-01-06T12:43:57+00:00\",\"description\":\"Sunlight Yoga Set, bestehend aus einer strapazierf\u00e4higen Kork-Yogamatte, st\u00fctzenden Bl\u00f6cken und einer stilvollen Kork-Tragetasche. Dieses umweltfreundliche Set ist ideal f\u00fcr alle Niveaus und bietet Komfort, Griffigkeit und Bequemlichkeit.\",\"breadcrumb\":{\"@id\":\"https:\\\/\\\/samarali.com\\\/de\\\/produkt\\\/sonnenlicht-yoga-set\\\/#breadcrumb\"},\"inLanguage\":\"de\",\"potentialAction\":[{\"@type\":\"ReadAction\",\"target\":[\"https:\\\/\\\/samarali.com\\\/de\\\/produkt\\\/sonnenlicht-yoga-set\\\/\"]}]},{\"@type\":\"ImageObject\",\"inLanguage\":\"de\",\"@id\":\"https:\\\/\\\/samarali.com\\\/de\\\/produkt\\\/sonnenlicht-yoga-set\\\/#primaryimage\",\"url\":\"https:\\\/\\\/samarali.com\\\/wp-content\\\/uploads\\\/2024\\\/07\\\/Sunlight-yoga-set.jpg\",\"contentUrl\":\"https:\\\/\\\/samarali.com\\\/wp-content\\\/uploads\\\/2024\\\/07\\\/Sunlight-yoga-set.jpg\",\"width\":1000,\"height\":1000,\"caption\":\"Sonnenlicht Yoga Set\"},{\"@type\":\"BreadcrumbList\",\"@id\":\"https:\\\/\\\/samarali.com\\\/de\\\/produkt\\\/sonnenlicht-yoga-set\\\/#breadcrumb\",\"itemListElement\":[{\"@type\":\"ListItem\",\"position\":1,\"name\":\"Startseite\",\"item\":\"https:\\\/\\\/samarali.com\\\/de\\\/startseite\\\/\"},{\"@type\":\"ListItem\",\"position\":2,\"name\":\"Shop\",\"item\":\"https:\\\/\\\/samarali.com\\\/de\\\/shop\\\/\"},{\"@type\":\"ListItem\",\"position\":3,\"name\":\"Sonnenlicht Yoga Set\"}]},{\"@type\":\"WebSite\",\"@id\":\"https:\\\/\\\/samarali.com\\\/de\\\/#website\",\"url\":\"https:\\\/\\\/samarali.com\\\/de\\\/\",\"name\":\"Samarali\",\"description\":\"Samarali ist eine nachhaltige Yoga- und Lifestyle-Marke mit Sitz in den Niederlanden\",\"publisher\":{\"@id\":\"https:\\\/\\\/samarali.com\\\/de\\\/#organization\"},\"potentialAction\":[{\"@type\":\"SearchAction\",\"target\":{\"@type\":\"EntryPoint\",\"urlTemplate\":\"https:\\\/\\\/samarali.com\\\/de\\\/?s={search_term_string}\"},\"query-input\":{\"@type\":\"PropertyValueSpecification\",\"valueRequired\":true,\"valueName\":\"search_term_string\"}}],\"inLanguage\":\"de\"},{\"@type\":\"Organization\",\"@id\":\"https:\\\/\\\/samarali.com\\\/de\\\/#organization\",\"name\":\"Samarali\",\"url\":\"https:\\\/\\\/samarali.com\\\/de\\\/\",\"logo\":{\"@type\":\"ImageObject\",\"inLanguage\":\"de\",\"@id\":\"https:\\\/\\\/samarali.com\\\/de\\\/#\\\/schema\\\/logo\\\/image\\\/\",\"url\":\"https:\\\/\\\/samarali.com\\\/wp-content\\\/uploads\\\/2024\\\/05\\\/cropped-samarali-icon.png\",\"contentUrl\":\"https:\\\/\\\/samarali.com\\\/wp-content\\\/uploads\\\/2024\\\/05\\\/cropped-samarali-icon.png\",\"width\":512,\"height\":512,\"caption\":\"Samarali\"},\"image\":{\"@id\":\"https:\\\/\\\/samarali.com\\\/de\\\/#\\\/schema\\\/logo\\\/image\\\/\"},\"sameAs\":[\"https:\\\/\\\/www.facebook.com\\\/samaraliyoga\",\"https:\\\/\\\/www.linkedin.com\\\/company\\\/69563155\\\/\",\"https:\\\/\\\/www.instagram.com\\\/samaraliyoga\\\/\",\"https:\\\/\\\/nl.pinterest.com\\\/Samaraliyoga\\\/\"],\"description\":\"Samarali is a sustainable yoga and lifestyle brand based in the Netherlands\",\"email\":\"info@samarali.com\",\"legalName\":\"Samarali B.V.\",\"vatID\":\"NL859820324B01\",\"numberOfEmployees\":{\"@type\":\"QuantitativeValue\",\"minValue\":\"1\",\"maxValue\":\"10\"}}]}<\/script>\n<meta property=\"product:price:amount\" content=\"165.00\" \/>\n<meta property=\"product:price:currency\" content=\"EUR\" \/>\n<meta property=\"og:availability\" content=\"instock\" \/>\n<meta property=\"product:availability\" content=\"instock\" \/>\n<meta property=\"product:retailer_item_id\" content=\"11122\" \/>\n<meta property=\"product:condition\" content=\"new\" \/>\n<!-- \/ Yoast SEO Premium plugin. -->","yoast_head_json":{"title":"Sonnenlicht Yoga Set - Samarali","description":"Sunlight Yoga Set, bestehend aus einer strapazierf\u00e4higen Kork-Yogamatte, st\u00fctzenden Bl\u00f6cken und einer stilvollen Kork-Tragetasche. Dieses umweltfreundliche Set ist ideal f\u00fcr alle Niveaus und bietet Komfort, Griffigkeit und Bequemlichkeit.","robots":{"index":"index","follow":"follow","max-snippet":"max-snippet:-1","max-image-preview":"max-image-preview:large","max-video-preview":"max-video-preview:-1"},"canonical":"https:\/\/samarali.com\/de\/produkt\/sonnenlicht-yoga-set\/","og_locale":"de_DE","og_type":"article","og_title":"Sonnenlicht Yoga Set - Samarali","og_description":"Sunlight Yoga Set, bestehend aus einer strapazierf\u00e4higen Kork-Yogamatte, st\u00fctzenden Bl\u00f6cken und einer stilvollen Kork-Tragetasche. Dieses umweltfreundliche Set ist ideal f\u00fcr alle Niveaus und bietet Komfort, Griffigkeit und Bequemlichkeit.","og_url":"https:\/\/samarali.com\/de\/produkt\/sonnenlicht-yoga-set\/","og_site_name":"Samarali","article_publisher":"https:\/\/www.facebook.com\/samaraliyoga","article_modified_time":"2025-01-06T12:43:57+00:00","og_image":[{"width":1000,"height":1000,"url":"https:\/\/samarali.com\/wp-content\/uploads\/2024\/07\/Sunlight-yoga-set.jpg","type":"image\/jpeg"}],"twitter_card":"summary_large_image","twitter_misc":{"Preis":"&euro;&nbsp;165,00","Verf\u00fcgbarkeit":"Auf Lager"},"schema":{"@context":"https:\/\/schema.org","@graph":[{"@type":"WebPage","@id":"https:\/\/samarali.com\/de\/produkt\/sonnenlicht-yoga-set\/","url":"https:\/\/samarali.com\/de\/produkt\/sonnenlicht-yoga-set\/","name":"Sonnenlicht Yoga Set - Samarali","isPartOf":{"@id":"https:\/\/samarali.com\/de\/#website"},"primaryImageOfPage":{"@id":"https:\/\/samarali.com\/de\/produkt\/sonnenlicht-yoga-set\/#primaryimage"},"image":{"@id":"https:\/\/samarali.com\/de\/produkt\/sonnenlicht-yoga-set\/#primaryimage"},"thumbnailUrl":"https:\/\/samarali.com\/wp-content\/uploads\/2024\/07\/Sunlight-yoga-set.jpg","datePublished":"2024-07-31T13:35:05+00:00","dateModified":"2025-01-06T12:43:57+00:00","description":"Sunlight Yoga Set, bestehend aus einer strapazierf\u00e4higen Kork-Yogamatte, st\u00fctzenden Bl\u00f6cken und einer stilvollen Kork-Tragetasche. Dieses umweltfreundliche Set ist ideal f\u00fcr alle Niveaus und bietet Komfort, Griffigkeit und Bequemlichkeit.","breadcrumb":{"@id":"https:\/\/samarali.com\/de\/produkt\/sonnenlicht-yoga-set\/#breadcrumb"},"inLanguage":"de","potentialAction":[{"@type":"ReadAction","target":["https:\/\/samarali.com\/de\/produkt\/sonnenlicht-yoga-set\/"]}]},{"@type":"ImageObject","inLanguage":"de","@id":"https:\/\/samarali.com\/de\/produkt\/sonnenlicht-yoga-set\/#primaryimage","url":"https:\/\/samarali.com\/wp-content\/uploads\/2024\/07\/Sunlight-yoga-set.jpg","contentUrl":"https:\/\/samarali.com\/wp-content\/uploads\/2024\/07\/Sunlight-yoga-set.jpg","width":1000,"height":1000,"caption":"Sonnenlicht Yoga Set"},{"@type":"BreadcrumbList","@id":"https:\/\/samarali.com\/de\/produkt\/sonnenlicht-yoga-set\/#breadcrumb","itemListElement":[{"@type":"ListItem","position":1,"name":"Startseite","item":"https:\/\/samarali.com\/de\/startseite\/"},{"@type":"ListItem","position":2,"name":"Shop","item":"https:\/\/samarali.com\/de\/shop\/"},{"@type":"ListItem","position":3,"name":"Sonnenlicht Yoga Set"}]},{"@type":"WebSite","@id":"https:\/\/samarali.com\/de\/#website","url":"https:\/\/samarali.com\/de\/","name":"Samarali","description":"Samarali ist eine nachhaltige Yoga- und Lifestyle-Marke mit Sitz in den Niederlanden","publisher":{"@id":"https:\/\/samarali.com\/de\/#organization"},"potentialAction":[{"@type":"SearchAction","target":{"@type":"EntryPoint","urlTemplate":"https:\/\/samarali.com\/de\/?s={search_term_string}"},"query-input":{"@type":"PropertyValueSpecification","valueRequired":true,"valueName":"search_term_string"}}],"inLanguage":"de"},{"@type":"Organization","@id":"https:\/\/samarali.com\/de\/#organization","name":"Samarali","url":"https:\/\/samarali.com\/de\/","logo":{"@type":"ImageObject","inLanguage":"de","@id":"https:\/\/samarali.com\/de\/#\/schema\/logo\/image\/","url":"https:\/\/samarali.com\/wp-content\/uploads\/2024\/05\/cropped-samarali-icon.png","contentUrl":"https:\/\/samarali.com\/wp-content\/uploads\/2024\/05\/cropped-samarali-icon.png","width":512,"height":512,"caption":"Samarali"},"image":{"@id":"https:\/\/samarali.com\/de\/#\/schema\/logo\/image\/"},"sameAs":["https:\/\/www.facebook.com\/samaraliyoga","https:\/\/www.linkedin.com\/company\/69563155\/","https:\/\/www.instagram.com\/samaraliyoga\/","https:\/\/nl.pinterest.com\/Samaraliyoga\/"],"description":"Samarali is a sustainable yoga and lifestyle brand based in the Netherlands","email":"info@samarali.com","legalName":"Samarali B.V.","vatID":"NL859820324B01","numberOfEmployees":{"@type":"QuantitativeValue","minValue":"1","maxValue":"10"}}]},"product_price_amount":"165.00","product_price_currency":"EUR","og_availability":"instock","product_availability":"instock","product_retailer_item_id":"11122","product_condition":"new"},"jetpack_sharing_enabled":true,"_links":{"self":[{"href":"https:\/\/samarali.com\/de\/wp-json\/wp\/v2\/product\/28457","targetHints":{"allow":["GET"]}}],"collection":[{"href":"https:\/\/samarali.com\/de\/wp-json\/wp\/v2\/product"}],"about":[{"href":"https:\/\/samarali.com\/de\/wp-json\/wp\/v2\/types\/product"}],"replies":[{"embeddable":true,"href":"https:\/\/samarali.com\/de\/wp-json\/wp\/v2\/comments?post=28457"}],"version-history":[{"count":1,"href":"https:\/\/samarali.com\/de\/wp-json\/wp\/v2\/product\/28457\/revisions"}],"predecessor-version":[{"id":32883,"href":"https:\/\/samarali.com\/de\/wp-json\/wp\/v2\/product\/28457\/revisions\/32883"}],"wp:featuredmedia":[{"embeddable":true,"href":"https:\/\/samarali.com\/de\/wp-json\/wp\/v2\/media\/17594"}],"wp:attachment":[{"href":"https:\/\/samarali.com\/de\/wp-json\/wp\/v2\/media?parent=28457"}],"wp:term":[{"taxonomy":"product_cat","embeddable":true,"href":"https:\/\/samarali.com\/de\/wp-json\/wp\/v2\/product_cat?post=28457"},{"taxonomy":"product_tag","embeddable":true,"href":"https:\/\/samarali.com\/de\/wp-json\/wp\/v2\/product_tag?post=28457"}],"curies":[{"name":"wp","href":"https:\/\/api.w.org\/{rel}","templated":true}]}}