{"id":28456,"date":"2024-08-01T07:47:43","date_gmt":"2024-08-01T05:47:43","guid":{"rendered":"https:\/\/samarali.com\/product\/mondaufgang-yoga-set\/"},"modified":"2024-08-01T05:47:43","modified_gmt":"2024-08-01T05:47:43","slug":"mondaufgang-yoga-set","status":"publish","type":"product","link":"https:\/\/samarali.com\/de\/produkt\/mondaufgang-yoga-set\/","title":{"rendered":"Mondaufgang Yoga Set"},"content":{"rendered":"<p>Verwandeln Sie Ihr Yoga- oder Fitnesstraining mit dem Moonrise Yoga Set, das daf\u00fcr entwickelt wurde, jede Sitzung unvergesslich zu machen.<br \/>\nDieses Set ist nicht nur antimikrobiell, sondern auch unglaublich weich auf der Haut und sorgt f\u00fcr maximalen Komfort.<br \/>\nDas Set besteht aus einer strapazierf\u00e4higen Yogamatte aus Kork und st\u00fctzenden Yogabl\u00f6cken und ist damit perfekt f\u00fcr alle Yoga\u00fcbungen geeignet.<br \/>\nEs bietet die ideale Kombination aus Komfort und Funktionalit\u00e4t. <strong>Kork-Yogamatte<\/strong> Unsere Kork-Yogamatte wird aus hochwertigen, umweltfreundlichen Materialien hergestellt, wobei Naturkork und Gummi zu einer umweltbewussten Alternative zu synthetischen Matten verarbeitet werden.<br \/>\nSie bietet eine atmungsaktive, weiche und hautfreundliche Oberfl\u00e4che und ist damit ideal f\u00fcr intensive Yoga-Sitzungen.<br \/>\nDie antimikrobiellen Eigenschaften der Matte verhindern effektiv Schwei\u00df- und Geruchsbildung, w\u00e4hrend ihre hervorragende Griffigkeit &#8211; insbesondere bei N\u00e4sse &#8211; sie perfekt f\u00fcr aktives und hei\u00dfes Yoga macht. <strong>Trageriemen<\/strong> Im Lieferumfang ist ein praktischer Trageriemen enthalten, mit dem Sie Ihre Yogamatte m\u00fchelos \u00fcberallhin mitnehmen k\u00f6nnen, ohne gro\u00dfen Aufwand. <strong>Yogablock<\/strong> Unser Yogablock ist ein unverzichtbares Zubeh\u00f6r f\u00fcr Yoga und Pilates und bietet wichtige Unterst\u00fctzung f\u00fcr verschiedene Posen.<br \/>\nMit seiner breiten Oberfl\u00e4che verbessert er die Stabilit\u00e4t bei Armbalancen und st\u00fctzt den R\u00fccken bei verschiedenen \u00dcbungen.<br \/>\nDer leichte Block verf\u00fcgt \u00fcber eine rutschfeste Oberfl\u00e4che und abgerundete Kanten, die einen bequemen Griff gew\u00e4hrleisten und Druckstellen verhindern.       <\/p>\n","protected":false},"excerpt":{"rendered":"<p>Verwandeln Sie Ihr Yoga- oder Fitnesstraining mit dem Moonrise Yoga Set, das daf\u00fcr entwickelt wurde, jede Sitzung unvergesslich zu machen. Dieses Set ist nicht nur antimikrobiell, sondern auch unglaublich weich auf der Haut und sorgt f\u00fcr maximalen Komfort. Das Set besteht aus einer strapazierf\u00e4higen Yogamatte aus Kork und st\u00fctzenden Yogabl\u00f6cken und ist damit perfekt f\u00fcr [&hellip;]<\/p>\n","protected":false},"featured_media":17609,"comment_status":"open","ping_status":"closed","template":"","meta":{"_acf_changed":false,"_improvement_type_select":"improve_an_existing","_thumb_yes_seoaic":false,"_frame_yes_seoaic":false,"seoaic_generate_description":"","seoaic_improve_instructions_prompt":"","seoaic_rollback_content_improvement":"","seoaic_idea_thumbnail_generator":"","thumbnail_generated":false,"thumbnail_generate_prompt":"","seoaic_article_description":"","inline_featured_image":false},"product_cat":[321,322],"product_tag":[],"class_list":{"0":"post-28456","1":"product","2":"type-product","3":"status-publish","4":"has-post-thumbnail","6":"product_cat-yoga-de","7":"product_cat-yoga-sets-de","9":"first","10":"instock","11":"shipping-taxable","12":"purchasable","13":"product-type-simple"},"acf":[],"yoast_head":"<!-- This site is optimized with the Yoast SEO Premium plugin v27.3 (Yoast SEO v27.3) - https:\/\/yoast.com\/product\/yoast-seo-premium-wordpress\/ -->\n<title>Mondaufgang Yoga Set - Samarali<\/title>\n<meta name=\"robots\" content=\"index, follow, max-snippet:-1, max-image-preview:large, max-video-preview:-1\" \/>\n<link rel=\"canonical\" href=\"https:\/\/samarali.com\/de\/produkt\/mondaufgang-yoga-set\/\" \/>\n<meta property=\"og:locale\" content=\"de_DE\" \/>\n<meta property=\"og:type\" content=\"article\" \/>\n<meta property=\"og:title\" content=\"Mondaufgang Yoga Set - Samarali\" \/>\n<meta property=\"og:description\" content=\"Verwandeln Sie Ihr Yoga- oder Fitnesstraining mit dem Moonrise Yoga Set, das daf\u00fcr entwickelt wurde, jede Sitzung unvergesslich zu machen. Dieses Set ist nicht nur antimikrobiell, sondern auch unglaublich weich auf der Haut und sorgt f\u00fcr maximalen Komfort. Das Set besteht aus einer strapazierf\u00e4higen Yogamatte aus Kork und st\u00fctzenden Yogabl\u00f6cken und ist damit perfekt f\u00fcr [&hellip;]\" \/>\n<meta property=\"og:url\" content=\"https:\/\/samarali.com\/de\/produkt\/mondaufgang-yoga-set\/\" \/>\n<meta property=\"og:site_name\" content=\"Samarali\" \/>\n<meta property=\"article:publisher\" content=\"https:\/\/www.facebook.com\/samaraliyoga\" \/>\n<meta property=\"og:image\" content=\"https:\/\/samarali.com\/wp-content\/uploads\/2024\/08\/Untitled-1.jpg\" \/>\n\t<meta property=\"og:image:width\" content=\"1200\" \/>\n\t<meta property=\"og:image:height\" content=\"1200\" \/>\n\t<meta property=\"og:image:type\" content=\"image\/jpeg\" \/>\n<meta name=\"twitter:card\" content=\"summary_large_image\" \/>\n<meta name=\"twitter:label1\" content=\"Preis\" \/>\n\t<meta name=\"twitter:data1\" content=\"&euro;&nbsp;99,00\" \/>\n\t<meta name=\"twitter:label2\" content=\"Verf\u00fcgbarkeit\" \/>\n\t<meta name=\"twitter:data2\" content=\"Auf Lager\" \/>\n<script type=\"application\/ld+json\" class=\"yoast-schema-graph\">{\"@context\":\"https:\\\/\\\/schema.org\",\"@graph\":[{\"@type\":\"WebPage\",\"@id\":\"https:\\\/\\\/samarali.com\\\/de\\\/produkt\\\/mondaufgang-yoga-set\\\/\",\"url\":\"https:\\\/\\\/samarali.com\\\/de\\\/produkt\\\/mondaufgang-yoga-set\\\/\",\"name\":\"Mondaufgang Yoga Set - Samarali\",\"isPartOf\":{\"@id\":\"https:\\\/\\\/samarali.com\\\/de\\\/#website\"},\"primaryImageOfPage\":{\"@id\":\"https:\\\/\\\/samarali.com\\\/de\\\/produkt\\\/mondaufgang-yoga-set\\\/#primaryimage\"},\"image\":{\"@id\":\"https:\\\/\\\/samarali.com\\\/de\\\/produkt\\\/mondaufgang-yoga-set\\\/#primaryimage\"},\"thumbnailUrl\":\"https:\\\/\\\/samarali.com\\\/wp-content\\\/uploads\\\/2024\\\/08\\\/Untitled-1.jpg\",\"datePublished\":\"2024-08-01T05:47:43+00:00\",\"breadcrumb\":{\"@id\":\"https:\\\/\\\/samarali.com\\\/de\\\/produkt\\\/mondaufgang-yoga-set\\\/#breadcrumb\"},\"inLanguage\":\"de\",\"potentialAction\":[{\"@type\":\"ReadAction\",\"target\":[\"https:\\\/\\\/samarali.com\\\/de\\\/produkt\\\/mondaufgang-yoga-set\\\/\"]}]},{\"@type\":\"ImageObject\",\"inLanguage\":\"de\",\"@id\":\"https:\\\/\\\/samarali.com\\\/de\\\/produkt\\\/mondaufgang-yoga-set\\\/#primaryimage\",\"url\":\"https:\\\/\\\/samarali.com\\\/wp-content\\\/uploads\\\/2024\\\/08\\\/Untitled-1.jpg\",\"contentUrl\":\"https:\\\/\\\/samarali.com\\\/wp-content\\\/uploads\\\/2024\\\/08\\\/Untitled-1.jpg\",\"width\":1200,\"height\":1200,\"caption\":\"Untitled 1\"},{\"@type\":\"BreadcrumbList\",\"@id\":\"https:\\\/\\\/samarali.com\\\/de\\\/produkt\\\/mondaufgang-yoga-set\\\/#breadcrumb\",\"itemListElement\":[{\"@type\":\"ListItem\",\"position\":1,\"name\":\"Startseite\",\"item\":\"https:\\\/\\\/samarali.com\\\/de\\\/startseite\\\/\"},{\"@type\":\"ListItem\",\"position\":2,\"name\":\"Shop\",\"item\":\"https:\\\/\\\/samarali.com\\\/de\\\/shop\\\/\"},{\"@type\":\"ListItem\",\"position\":3,\"name\":\"Mondaufgang Yoga Set\"}]},{\"@type\":\"WebSite\",\"@id\":\"https:\\\/\\\/samarali.com\\\/de\\\/#website\",\"url\":\"https:\\\/\\\/samarali.com\\\/de\\\/\",\"name\":\"Samarali\",\"description\":\"Samarali ist eine nachhaltige Yoga- und Lifestyle-Marke mit Sitz in den Niederlanden\",\"publisher\":{\"@id\":\"https:\\\/\\\/samarali.com\\\/de\\\/#organization\"},\"potentialAction\":[{\"@type\":\"SearchAction\",\"target\":{\"@type\":\"EntryPoint\",\"urlTemplate\":\"https:\\\/\\\/samarali.com\\\/de\\\/?s={search_term_string}\"},\"query-input\":{\"@type\":\"PropertyValueSpecification\",\"valueRequired\":true,\"valueName\":\"search_term_string\"}}],\"inLanguage\":\"de\"},{\"@type\":\"Organization\",\"@id\":\"https:\\\/\\\/samarali.com\\\/de\\\/#organization\",\"name\":\"Samarali\",\"url\":\"https:\\\/\\\/samarali.com\\\/de\\\/\",\"logo\":{\"@type\":\"ImageObject\",\"inLanguage\":\"de\",\"@id\":\"https:\\\/\\\/samarali.com\\\/de\\\/#\\\/schema\\\/logo\\\/image\\\/\",\"url\":\"https:\\\/\\\/samarali.com\\\/wp-content\\\/uploads\\\/2024\\\/05\\\/cropped-samarali-icon.png\",\"contentUrl\":\"https:\\\/\\\/samarali.com\\\/wp-content\\\/uploads\\\/2024\\\/05\\\/cropped-samarali-icon.png\",\"width\":512,\"height\":512,\"caption\":\"Samarali\"},\"image\":{\"@id\":\"https:\\\/\\\/samarali.com\\\/de\\\/#\\\/schema\\\/logo\\\/image\\\/\"},\"sameAs\":[\"https:\\\/\\\/www.facebook.com\\\/samaraliyoga\",\"https:\\\/\\\/www.linkedin.com\\\/company\\\/69563155\\\/\",\"https:\\\/\\\/www.instagram.com\\\/samaraliyoga\\\/\",\"https:\\\/\\\/nl.pinterest.com\\\/Samaraliyoga\\\/\"],\"description\":\"Samarali is a sustainable yoga and lifestyle brand based in the Netherlands\",\"email\":\"info@samarali.com\",\"legalName\":\"Samarali B.V.\",\"vatID\":\"NL859820324B01\",\"numberOfEmployees\":{\"@type\":\"QuantitativeValue\",\"minValue\":\"1\",\"maxValue\":\"10\"}}]}<\/script>\n<meta property=\"product:price:amount\" content=\"99.00\" \/>\n<meta property=\"product:price:currency\" content=\"EUR\" \/>\n<meta property=\"og:availability\" content=\"instock\" \/>\n<meta property=\"product:availability\" content=\"instock\" \/>\n<meta property=\"product:retailer_item_id\" content=\"11123\" \/>\n<meta property=\"product:condition\" content=\"new\" \/>\n<!-- \/ Yoast SEO Premium plugin. -->","yoast_head_json":{"title":"Mondaufgang Yoga Set - Samarali","robots":{"index":"index","follow":"follow","max-snippet":"max-snippet:-1","max-image-preview":"max-image-preview:large","max-video-preview":"max-video-preview:-1"},"canonical":"https:\/\/samarali.com\/de\/produkt\/mondaufgang-yoga-set\/","og_locale":"de_DE","og_type":"article","og_title":"Mondaufgang Yoga Set - Samarali","og_description":"Verwandeln Sie Ihr Yoga- oder Fitnesstraining mit dem Moonrise Yoga Set, das daf\u00fcr entwickelt wurde, jede Sitzung unvergesslich zu machen. Dieses Set ist nicht nur antimikrobiell, sondern auch unglaublich weich auf der Haut und sorgt f\u00fcr maximalen Komfort. Das Set besteht aus einer strapazierf\u00e4higen Yogamatte aus Kork und st\u00fctzenden Yogabl\u00f6cken und ist damit perfekt f\u00fcr [&hellip;]","og_url":"https:\/\/samarali.com\/de\/produkt\/mondaufgang-yoga-set\/","og_site_name":"Samarali","article_publisher":"https:\/\/www.facebook.com\/samaraliyoga","og_image":[{"width":1200,"height":1200,"url":"https:\/\/samarali.com\/wp-content\/uploads\/2024\/08\/Untitled-1.jpg","type":"image\/jpeg"}],"twitter_card":"summary_large_image","twitter_misc":{"Preis":"&euro;&nbsp;99,00","Verf\u00fcgbarkeit":"Auf Lager"},"schema":{"@context":"https:\/\/schema.org","@graph":[{"@type":"WebPage","@id":"https:\/\/samarali.com\/de\/produkt\/mondaufgang-yoga-set\/","url":"https:\/\/samarali.com\/de\/produkt\/mondaufgang-yoga-set\/","name":"Mondaufgang Yoga Set - Samarali","isPartOf":{"@id":"https:\/\/samarali.com\/de\/#website"},"primaryImageOfPage":{"@id":"https:\/\/samarali.com\/de\/produkt\/mondaufgang-yoga-set\/#primaryimage"},"image":{"@id":"https:\/\/samarali.com\/de\/produkt\/mondaufgang-yoga-set\/#primaryimage"},"thumbnailUrl":"https:\/\/samarali.com\/wp-content\/uploads\/2024\/08\/Untitled-1.jpg","datePublished":"2024-08-01T05:47:43+00:00","breadcrumb":{"@id":"https:\/\/samarali.com\/de\/produkt\/mondaufgang-yoga-set\/#breadcrumb"},"inLanguage":"de","potentialAction":[{"@type":"ReadAction","target":["https:\/\/samarali.com\/de\/produkt\/mondaufgang-yoga-set\/"]}]},{"@type":"ImageObject","inLanguage":"de","@id":"https:\/\/samarali.com\/de\/produkt\/mondaufgang-yoga-set\/#primaryimage","url":"https:\/\/samarali.com\/wp-content\/uploads\/2024\/08\/Untitled-1.jpg","contentUrl":"https:\/\/samarali.com\/wp-content\/uploads\/2024\/08\/Untitled-1.jpg","width":1200,"height":1200,"caption":"Untitled 1"},{"@type":"BreadcrumbList","@id":"https:\/\/samarali.com\/de\/produkt\/mondaufgang-yoga-set\/#breadcrumb","itemListElement":[{"@type":"ListItem","position":1,"name":"Startseite","item":"https:\/\/samarali.com\/de\/startseite\/"},{"@type":"ListItem","position":2,"name":"Shop","item":"https:\/\/samarali.com\/de\/shop\/"},{"@type":"ListItem","position":3,"name":"Mondaufgang Yoga Set"}]},{"@type":"WebSite","@id":"https:\/\/samarali.com\/de\/#website","url":"https:\/\/samarali.com\/de\/","name":"Samarali","description":"Samarali ist eine nachhaltige Yoga- und Lifestyle-Marke mit Sitz in den Niederlanden","publisher":{"@id":"https:\/\/samarali.com\/de\/#organization"},"potentialAction":[{"@type":"SearchAction","target":{"@type":"EntryPoint","urlTemplate":"https:\/\/samarali.com\/de\/?s={search_term_string}"},"query-input":{"@type":"PropertyValueSpecification","valueRequired":true,"valueName":"search_term_string"}}],"inLanguage":"de"},{"@type":"Organization","@id":"https:\/\/samarali.com\/de\/#organization","name":"Samarali","url":"https:\/\/samarali.com\/de\/","logo":{"@type":"ImageObject","inLanguage":"de","@id":"https:\/\/samarali.com\/de\/#\/schema\/logo\/image\/","url":"https:\/\/samarali.com\/wp-content\/uploads\/2024\/05\/cropped-samarali-icon.png","contentUrl":"https:\/\/samarali.com\/wp-content\/uploads\/2024\/05\/cropped-samarali-icon.png","width":512,"height":512,"caption":"Samarali"},"image":{"@id":"https:\/\/samarali.com\/de\/#\/schema\/logo\/image\/"},"sameAs":["https:\/\/www.facebook.com\/samaraliyoga","https:\/\/www.linkedin.com\/company\/69563155\/","https:\/\/www.instagram.com\/samaraliyoga\/","https:\/\/nl.pinterest.com\/Samaraliyoga\/"],"description":"Samarali is a sustainable yoga and lifestyle brand based in the Netherlands","email":"info@samarali.com","legalName":"Samarali B.V.","vatID":"NL859820324B01","numberOfEmployees":{"@type":"QuantitativeValue","minValue":"1","maxValue":"10"}}]},"product_price_amount":"99.00","product_price_currency":"EUR","og_availability":"instock","product_availability":"instock","product_retailer_item_id":"11123","product_condition":"new"},"jetpack_sharing_enabled":true,"_links":{"self":[{"href":"https:\/\/samarali.com\/de\/wp-json\/wp\/v2\/product\/28456","targetHints":{"allow":["GET"]}}],"collection":[{"href":"https:\/\/samarali.com\/de\/wp-json\/wp\/v2\/product"}],"about":[{"href":"https:\/\/samarali.com\/de\/wp-json\/wp\/v2\/types\/product"}],"replies":[{"embeddable":true,"href":"https:\/\/samarali.com\/de\/wp-json\/wp\/v2\/comments?post=28456"}],"version-history":[{"count":0,"href":"https:\/\/samarali.com\/de\/wp-json\/wp\/v2\/product\/28456\/revisions"}],"wp:featuredmedia":[{"embeddable":true,"href":"https:\/\/samarali.com\/de\/wp-json\/wp\/v2\/media\/17609"}],"wp:attachment":[{"href":"https:\/\/samarali.com\/de\/wp-json\/wp\/v2\/media?parent=28456"}],"wp:term":[{"taxonomy":"product_cat","embeddable":true,"href":"https:\/\/samarali.com\/de\/wp-json\/wp\/v2\/product_cat?post=28456"},{"taxonomy":"product_tag","embeddable":true,"href":"https:\/\/samarali.com\/de\/wp-json\/wp\/v2\/product_tag?post=28456"}],"curies":[{"name":"wp","href":"https:\/\/api.w.org\/{rel}","templated":true}]}}