{"id":28371,"date":"2024-08-02T11:51:59","date_gmt":"2024-08-02T11:51:59","guid":{"rendered":"https:\/\/samarali.com\/product\/meditationsset-mit-kissen-zafu\/"},"modified":"2025-12-06T12:20:42","modified_gmt":"2025-12-06T11:20:42","slug":"meditationsset-mit-kissen-zafu","status":"publish","type":"product","link":"https:\/\/samarali.com\/de\/produkt\/meditationsset-mit-kissen-zafu\/","title":{"rendered":"Meditationsset mit Kissen Zafu"},"content":{"rendered":"<p>Dieses zweiteilige Set aus Meditationsmatte und Kissen wurde sorgf\u00e4ltig entworfen, um Ihre gesamte Praxis zu verbessern und bietet unvergleichlichen Komfort und Halt. Jedes Set enth\u00e4lt ein rundes Zafu-Kissen und eine rechteckige Zabuton-Matte, die beide sorgf\u00e4ltig hergestellt wurden, um Ihre Meditationssitzungen angenehmer und effektiver zu gestalten.<\/p>\n<p>Die Zabuton-Matte ist mit Filzplatten gef\u00fcllt, die aus recycelten gemischten Fasern, darunter Wolle, Baumwolle und anderen Materialien, hergestellt werden. Diese Fasern werden aus Stoffresten, Endst\u00fccken oder Schnittabf\u00e4llen, die von verschiedenen Fabriken in Indien gesammelt werden, wiederverwendet und tragen so nicht zur Umweltverschmutzung bei. Wolle, ein traditionelles Material, das von Yogis empfohlen wird, eignet sich aufgrund seiner hervorragenden Isolationseigenschaften besonders gut f\u00fcr Meditationsmatten. Es f\u00f6rdert die Durchblutung und verhindert, dass Ihre Beine und F\u00fc\u00dfe bei l\u00e4ngeren Meditationssitzungen taub werden. Au\u00dferdem bietet die Zabuton Matte eine weiche, gepolsterte Oberfl\u00e4che f\u00fcr Ihre Knie und Unterschenkel, die den Druck verringert und den Komfort bei l\u00e4ngerer Meditation erh\u00f6ht. Neben ihren funktionellen Vorteilen verbessert die Zabuton Matte auch die Atmosph\u00e4re Ihres Meditationsraums und schafft eine ruhige und einladende Umgebung, die eine tiefere Konzentration und Ruhe f\u00f6rdert.<\/p>\n<p>Das Zafu-Kissen ist mit Buchweizenschalen gef\u00fcllt, die Ihre H\u00fcften hervorragend st\u00fctzen und daf\u00fcr sorgen, dass Sie w\u00e4hrend Ihrer Meditationspraxis die richtige Haltung einnehmen. Indem das Zafu-Kissen Ihre H\u00fcften anhebt, hilft es Ihnen, Ihre Wirbels\u00e4ule richtig auszurichten. Diese Kombination aus Zabuton und Zafu-Kissen sorgt daf\u00fcr, dass Ihre Meditationserfahrung sowohl bequem als auch angenehm ist.<\/p>\n<p>Alle in diesem Set verwendeten Stoffe bestehen aus 100% Bio-Baumwolle, die nach dem Global Organic Textile Standard (GOTS) zertifiziert ist. Diese Zertifizierung garantiert, dass die Materialien auf umweltfreundliche und sozialvertr\u00e4gliche Weise hergestellt werden und mit den Werten eines achtsamen Lebens \u00fcbereinstimmen. Mit den verschiedenen Farboptionen k\u00f6nnen Sie ein Set ausw\u00e4hlen, das das friedliche und harmonische Ambiente Ihres Meditationsraums erg\u00e4nzt und ihn sowohl sch\u00f6n als auch funktional macht.<\/p>\n","protected":false},"excerpt":{"rendered":"<p>Erleben Sie ultimativen Komfort mit unserem zweiteiligen Meditationsset Zafu und Zabuton aus 100% Bio-Baumwolle. Gef\u00fcllt mit umweltfreundlichen Materialien wie recycelter Wolle und Buchweizenschalen ist es perfekt f\u00fcr eine gute Haltung und Unterst\u00fctzung.<\/p>\n","protected":false},"featured_media":20544,"comment_status":"open","ping_status":"closed","template":"","meta":{"_acf_changed":false,"_improvement_type_select":"improve_an_existing","_thumb_yes_seoaic":false,"_frame_yes_seoaic":false,"seoaic_generate_description":"","seoaic_improve_instructions_prompt":"","seoaic_rollback_content_improvement":"","seoaic_idea_thumbnail_generator":"","thumbnail_generated":false,"thumbnail_generate_prompt":"","seoaic_article_description":"","inline_featured_image":false},"product_cat":[264,300],"product_tag":[],"class_list":{"0":"post-28371","1":"product","2":"type-product","3":"status-publish","4":"has-post-thumbnail","6":"product_cat-meditation-de","7":"product_cat-meditationssets","9":"first","10":"instock","11":"shipping-taxable","12":"purchasable","13":"product-type-variable"},"acf":[],"yoast_head":"<!-- This site is optimized with the Yoast SEO Premium plugin v27.3 (Yoast SEO v27.3) - https:\/\/yoast.com\/product\/yoast-seo-premium-wordpress\/ -->\n<title>Meditationsset mit Kissen Zafu - Samarali<\/title>\n<meta name=\"description\" content=\"Zafu und Zabuton Meditationsset, hergestellt aus 100% Bio-Baumwolle. Gef\u00fcllt mit umweltfreundlichen Materialien wie recycelter Wolle und Buchweizenschalen.\" \/>\n<meta name=\"robots\" content=\"index, follow, max-snippet:-1, max-image-preview:large, max-video-preview:-1\" \/>\n<link rel=\"canonical\" href=\"https:\/\/samarali.com\/de\/produkt\/meditationsset-mit-kissen-zafu\/\" \/>\n<meta property=\"og:locale\" content=\"de_DE\" \/>\n<meta property=\"og:type\" content=\"article\" \/>\n<meta property=\"og:title\" content=\"Meditationsset mit Kissen Zafu - Samarali\" \/>\n<meta property=\"og:description\" content=\"Zafu und Zabuton Meditationsset, hergestellt aus 100% Bio-Baumwolle. Gef\u00fcllt mit umweltfreundlichen Materialien wie recycelter Wolle und Buchweizenschalen.\" \/>\n<meta property=\"og:url\" content=\"https:\/\/samarali.com\/de\/produkt\/meditationsset-mit-kissen-zafu\/\" \/>\n<meta property=\"og:site_name\" content=\"Samarali\" \/>\n<meta property=\"article:publisher\" content=\"https:\/\/www.facebook.com\/samaraliyoga\" \/>\n<meta property=\"article:modified_time\" content=\"2025-12-06T11:20:42+00:00\" \/>\n<meta property=\"og:image\" content=\"https:\/\/samarali.com\/wp-content\/uploads\/2024\/08\/Red_meditation-set_pilled_1.jpg\" \/>\n\t<meta property=\"og:image:width\" content=\"1080\" \/>\n\t<meta property=\"og:image:height\" content=\"1080\" \/>\n\t<meta property=\"og:image:type\" content=\"image\/jpeg\" \/>\n<meta name=\"twitter:card\" content=\"summary_large_image\" \/>\n<meta name=\"twitter:label1\" content=\"Verf\u00fcgbarkeit\" \/>\n\t<meta name=\"twitter:data1\" content=\"Auf Lager\" \/>\n<script type=\"application\/ld+json\" class=\"yoast-schema-graph\">{\"@context\":\"https:\\\/\\\/schema.org\",\"@graph\":[{\"@type\":\"WebPage\",\"@id\":\"https:\\\/\\\/samarali.com\\\/de\\\/produkt\\\/meditationsset-mit-kissen-zafu\\\/\",\"url\":\"https:\\\/\\\/samarali.com\\\/de\\\/produkt\\\/meditationsset-mit-kissen-zafu\\\/\",\"name\":\"Meditationsset mit Kissen Zafu - Samarali\",\"isPartOf\":{\"@id\":\"https:\\\/\\\/samarali.com\\\/de\\\/#website\"},\"primaryImageOfPage\":{\"@id\":\"https:\\\/\\\/samarali.com\\\/de\\\/produkt\\\/meditationsset-mit-kissen-zafu\\\/#primaryimage\"},\"image\":{\"@id\":\"https:\\\/\\\/samarali.com\\\/de\\\/produkt\\\/meditationsset-mit-kissen-zafu\\\/#primaryimage\"},\"thumbnailUrl\":\"https:\\\/\\\/samarali.com\\\/wp-content\\\/uploads\\\/2024\\\/08\\\/Red_meditation-set_pilled_1.jpg\",\"datePublished\":\"2024-08-02T11:51:59+00:00\",\"dateModified\":\"2025-12-06T11:20:42+00:00\",\"description\":\"Zafu und Zabuton Meditationsset, hergestellt aus 100% Bio-Baumwolle. Gef\u00fcllt mit umweltfreundlichen Materialien wie recycelter Wolle und Buchweizenschalen.\",\"breadcrumb\":{\"@id\":\"https:\\\/\\\/samarali.com\\\/de\\\/produkt\\\/meditationsset-mit-kissen-zafu\\\/#breadcrumb\"},\"inLanguage\":\"de\",\"potentialAction\":[{\"@type\":\"ReadAction\",\"target\":[\"https:\\\/\\\/samarali.com\\\/de\\\/produkt\\\/meditationsset-mit-kissen-zafu\\\/\"]}]},{\"@type\":\"ImageObject\",\"inLanguage\":\"de\",\"@id\":\"https:\\\/\\\/samarali.com\\\/de\\\/produkt\\\/meditationsset-mit-kissen-zafu\\\/#primaryimage\",\"url\":\"https:\\\/\\\/samarali.com\\\/wp-content\\\/uploads\\\/2024\\\/08\\\/Red_meditation-set_pilled_1.jpg\",\"contentUrl\":\"https:\\\/\\\/samarali.com\\\/wp-content\\\/uploads\\\/2024\\\/08\\\/Red_meditation-set_pilled_1.jpg\",\"width\":1080,\"height\":1080,\"caption\":\"Rotes Meditationsset gepolstert 1\"},{\"@type\":\"BreadcrumbList\",\"@id\":\"https:\\\/\\\/samarali.com\\\/de\\\/produkt\\\/meditationsset-mit-kissen-zafu\\\/#breadcrumb\",\"itemListElement\":[{\"@type\":\"ListItem\",\"position\":1,\"name\":\"Startseite\",\"item\":\"https:\\\/\\\/samarali.com\\\/de\\\/startseite\\\/\"},{\"@type\":\"ListItem\",\"position\":2,\"name\":\"Shop\",\"item\":\"https:\\\/\\\/samarali.com\\\/de\\\/shop\\\/\"},{\"@type\":\"ListItem\",\"position\":3,\"name\":\"Meditationsset mit Kissen Zafu\"}]},{\"@type\":\"WebSite\",\"@id\":\"https:\\\/\\\/samarali.com\\\/de\\\/#website\",\"url\":\"https:\\\/\\\/samarali.com\\\/de\\\/\",\"name\":\"Samarali\",\"description\":\"Samarali ist eine nachhaltige Yoga- und Lifestyle-Marke mit Sitz in den Niederlanden\",\"publisher\":{\"@id\":\"https:\\\/\\\/samarali.com\\\/de\\\/#organization\"},\"potentialAction\":[{\"@type\":\"SearchAction\",\"target\":{\"@type\":\"EntryPoint\",\"urlTemplate\":\"https:\\\/\\\/samarali.com\\\/de\\\/?s={search_term_string}\"},\"query-input\":{\"@type\":\"PropertyValueSpecification\",\"valueRequired\":true,\"valueName\":\"search_term_string\"}}],\"inLanguage\":\"de\"},{\"@type\":\"Organization\",\"@id\":\"https:\\\/\\\/samarali.com\\\/de\\\/#organization\",\"name\":\"Samarali\",\"url\":\"https:\\\/\\\/samarali.com\\\/de\\\/\",\"logo\":{\"@type\":\"ImageObject\",\"inLanguage\":\"de\",\"@id\":\"https:\\\/\\\/samarali.com\\\/de\\\/#\\\/schema\\\/logo\\\/image\\\/\",\"url\":\"https:\\\/\\\/samarali.com\\\/wp-content\\\/uploads\\\/2024\\\/05\\\/cropped-samarali-icon.png\",\"contentUrl\":\"https:\\\/\\\/samarali.com\\\/wp-content\\\/uploads\\\/2024\\\/05\\\/cropped-samarali-icon.png\",\"width\":512,\"height\":512,\"caption\":\"Samarali\"},\"image\":{\"@id\":\"https:\\\/\\\/samarali.com\\\/de\\\/#\\\/schema\\\/logo\\\/image\\\/\"},\"sameAs\":[\"https:\\\/\\\/www.facebook.com\\\/samaraliyoga\",\"https:\\\/\\\/www.linkedin.com\\\/company\\\/69563155\\\/\",\"https:\\\/\\\/www.instagram.com\\\/samaraliyoga\\\/\",\"https:\\\/\\\/nl.pinterest.com\\\/Samaraliyoga\\\/\"],\"description\":\"Samarali is a sustainable yoga and lifestyle brand based in the Netherlands\",\"email\":\"info@samarali.com\",\"legalName\":\"Samarali B.V.\",\"vatID\":\"NL859820324B01\",\"numberOfEmployees\":{\"@type\":\"QuantitativeValue\",\"minValue\":\"1\",\"maxValue\":\"10\"}}]}<\/script>\n<meta property=\"og:availability\" content=\"instock\" \/>\n<meta property=\"product:availability\" content=\"instock\" \/>\n<meta property=\"product:condition\" content=\"new\" \/>\n<!-- \/ Yoast SEO Premium plugin. -->","yoast_head_json":{"title":"Meditationsset mit Kissen Zafu - Samarali","description":"Zafu und Zabuton Meditationsset, hergestellt aus 100% Bio-Baumwolle. Gef\u00fcllt mit umweltfreundlichen Materialien wie recycelter Wolle und Buchweizenschalen.","robots":{"index":"index","follow":"follow","max-snippet":"max-snippet:-1","max-image-preview":"max-image-preview:large","max-video-preview":"max-video-preview:-1"},"canonical":"https:\/\/samarali.com\/de\/produkt\/meditationsset-mit-kissen-zafu\/","og_locale":"de_DE","og_type":"article","og_title":"Meditationsset mit Kissen Zafu - Samarali","og_description":"Zafu und Zabuton Meditationsset, hergestellt aus 100% Bio-Baumwolle. Gef\u00fcllt mit umweltfreundlichen Materialien wie recycelter Wolle und Buchweizenschalen.","og_url":"https:\/\/samarali.com\/de\/produkt\/meditationsset-mit-kissen-zafu\/","og_site_name":"Samarali","article_publisher":"https:\/\/www.facebook.com\/samaraliyoga","article_modified_time":"2025-12-06T11:20:42+00:00","og_image":[{"width":1080,"height":1080,"url":"https:\/\/samarali.com\/wp-content\/uploads\/2024\/08\/Red_meditation-set_pilled_1.jpg","type":"image\/jpeg"}],"twitter_card":"summary_large_image","twitter_misc":{"Verf\u00fcgbarkeit":"Auf Lager"},"schema":{"@context":"https:\/\/schema.org","@graph":[{"@type":"WebPage","@id":"https:\/\/samarali.com\/de\/produkt\/meditationsset-mit-kissen-zafu\/","url":"https:\/\/samarali.com\/de\/produkt\/meditationsset-mit-kissen-zafu\/","name":"Meditationsset mit Kissen Zafu - Samarali","isPartOf":{"@id":"https:\/\/samarali.com\/de\/#website"},"primaryImageOfPage":{"@id":"https:\/\/samarali.com\/de\/produkt\/meditationsset-mit-kissen-zafu\/#primaryimage"},"image":{"@id":"https:\/\/samarali.com\/de\/produkt\/meditationsset-mit-kissen-zafu\/#primaryimage"},"thumbnailUrl":"https:\/\/samarali.com\/wp-content\/uploads\/2024\/08\/Red_meditation-set_pilled_1.jpg","datePublished":"2024-08-02T11:51:59+00:00","dateModified":"2025-12-06T11:20:42+00:00","description":"Zafu und Zabuton Meditationsset, hergestellt aus 100% Bio-Baumwolle. Gef\u00fcllt mit umweltfreundlichen Materialien wie recycelter Wolle und Buchweizenschalen.","breadcrumb":{"@id":"https:\/\/samarali.com\/de\/produkt\/meditationsset-mit-kissen-zafu\/#breadcrumb"},"inLanguage":"de","potentialAction":[{"@type":"ReadAction","target":["https:\/\/samarali.com\/de\/produkt\/meditationsset-mit-kissen-zafu\/"]}]},{"@type":"ImageObject","inLanguage":"de","@id":"https:\/\/samarali.com\/de\/produkt\/meditationsset-mit-kissen-zafu\/#primaryimage","url":"https:\/\/samarali.com\/wp-content\/uploads\/2024\/08\/Red_meditation-set_pilled_1.jpg","contentUrl":"https:\/\/samarali.com\/wp-content\/uploads\/2024\/08\/Red_meditation-set_pilled_1.jpg","width":1080,"height":1080,"caption":"Rotes Meditationsset gepolstert 1"},{"@type":"BreadcrumbList","@id":"https:\/\/samarali.com\/de\/produkt\/meditationsset-mit-kissen-zafu\/#breadcrumb","itemListElement":[{"@type":"ListItem","position":1,"name":"Startseite","item":"https:\/\/samarali.com\/de\/startseite\/"},{"@type":"ListItem","position":2,"name":"Shop","item":"https:\/\/samarali.com\/de\/shop\/"},{"@type":"ListItem","position":3,"name":"Meditationsset mit Kissen Zafu"}]},{"@type":"WebSite","@id":"https:\/\/samarali.com\/de\/#website","url":"https:\/\/samarali.com\/de\/","name":"Samarali","description":"Samarali ist eine nachhaltige Yoga- und Lifestyle-Marke mit Sitz in den Niederlanden","publisher":{"@id":"https:\/\/samarali.com\/de\/#organization"},"potentialAction":[{"@type":"SearchAction","target":{"@type":"EntryPoint","urlTemplate":"https:\/\/samarali.com\/de\/?s={search_term_string}"},"query-input":{"@type":"PropertyValueSpecification","valueRequired":true,"valueName":"search_term_string"}}],"inLanguage":"de"},{"@type":"Organization","@id":"https:\/\/samarali.com\/de\/#organization","name":"Samarali","url":"https:\/\/samarali.com\/de\/","logo":{"@type":"ImageObject","inLanguage":"de","@id":"https:\/\/samarali.com\/de\/#\/schema\/logo\/image\/","url":"https:\/\/samarali.com\/wp-content\/uploads\/2024\/05\/cropped-samarali-icon.png","contentUrl":"https:\/\/samarali.com\/wp-content\/uploads\/2024\/05\/cropped-samarali-icon.png","width":512,"height":512,"caption":"Samarali"},"image":{"@id":"https:\/\/samarali.com\/de\/#\/schema\/logo\/image\/"},"sameAs":["https:\/\/www.facebook.com\/samaraliyoga","https:\/\/www.linkedin.com\/company\/69563155\/","https:\/\/www.instagram.com\/samaraliyoga\/","https:\/\/nl.pinterest.com\/Samaraliyoga\/"],"description":"Samarali is a sustainable yoga and lifestyle brand based in the Netherlands","email":"info@samarali.com","legalName":"Samarali B.V.","vatID":"NL859820324B01","numberOfEmployees":{"@type":"QuantitativeValue","minValue":"1","maxValue":"10"}}]},"og_availability":"instock","product_availability":"instock","product_condition":"new"},"jetpack_sharing_enabled":true,"_links":{"self":[{"href":"https:\/\/samarali.com\/de\/wp-json\/wp\/v2\/product\/28371","targetHints":{"allow":["GET"]}}],"collection":[{"href":"https:\/\/samarali.com\/de\/wp-json\/wp\/v2\/product"}],"about":[{"href":"https:\/\/samarali.com\/de\/wp-json\/wp\/v2\/types\/product"}],"replies":[{"embeddable":true,"href":"https:\/\/samarali.com\/de\/wp-json\/wp\/v2\/comments?post=28371"}],"version-history":[{"count":2,"href":"https:\/\/samarali.com\/de\/wp-json\/wp\/v2\/product\/28371\/revisions"}],"predecessor-version":[{"id":35245,"href":"https:\/\/samarali.com\/de\/wp-json\/wp\/v2\/product\/28371\/revisions\/35245"}],"wp:featuredmedia":[{"embeddable":true,"href":"https:\/\/samarali.com\/de\/wp-json\/wp\/v2\/media\/20544"}],"wp:attachment":[{"href":"https:\/\/samarali.com\/de\/wp-json\/wp\/v2\/media?parent=28371"}],"wp:term":[{"taxonomy":"product_cat","embeddable":true,"href":"https:\/\/samarali.com\/de\/wp-json\/wp\/v2\/product_cat?post=28371"},{"taxonomy":"product_tag","embeddable":true,"href":"https:\/\/samarali.com\/de\/wp-json\/wp\/v2\/product_tag?post=28371"}],"curies":[{"name":"wp","href":"https:\/\/api.w.org\/{rel}","templated":true}]}}