{"id":28341,"date":"2024-08-07T07:50:35","date_gmt":"2024-08-07T07:50:35","guid":{"rendered":"https:\/\/samarali.com\/product\/zafu-und-zabuton-set-mit-rundem-lotus-kissen\/"},"modified":"2025-12-06T12:22:42","modified_gmt":"2025-12-06T11:22:42","slug":"zafu-und-zabuton-set-mit-rundem-lotus-kissen","status":"publish","type":"product","link":"https:\/\/samarali.com\/de\/produkt\/zafu-und-zabuton-set-mit-rundem-lotus-kissen\/","title":{"rendered":"Zafu und Zabuton Set mit rundem Lotus-Kissen"},"content":{"rendered":"<p>Das Zafu- und Zabuton-Set wurde fachm\u00e4nnisch hergestellt, um maximalen Komfort und Unterst\u00fctzung w\u00e4hrend Ihrer Meditationspraxis zu bieten.<\/p>\n<p>Die Zabuton Matte bietet eine hervorragende Unterst\u00fctzung und Komfort f\u00fcr Ihre Beine, insbesondere f\u00fcr Ihre Kn\u00f6chel und Knie, die bei l\u00e4ngerem Sitzen im Schneidersitz steif werden k\u00f6nnen. Die Vorteile der Zabuton-Matte sind bereits bei der ersten Benutzung sp\u00fcrbar. Der ultimative Komfort wird jedoch erreicht, wenn Sie sie mit unserem Premium-Kissen Round Zafu kombinieren. Das Zafu hebt Ihre H\u00fcften an und f\u00f6rdert so eine aufrechte Haltung ohne Verspannungen. Dieses Kissen l\u00e4sst sich an Ihre K\u00f6rpergr\u00f6\u00dfe und Vorlieben anpassen, damit Sie bequem meditieren k\u00f6nnen. Dank seiner kompakten Gr\u00f6\u00dfe l\u00e4sst sich das Set au\u00dferdem leicht transportieren und verstauen, was es noch praktischer macht.<\/p>\n<p>Die Bez\u00fcge der Meditationsmatte und des Kissens sind aus 100% Bio-Baumwolle hergestellt und GOTS-zertifiziert. Das Zafu-Kissen ist mit Buchweizenschalen gef\u00fcllt, w\u00e4hrend die Zabuton-Matte mit recycelter Wolle und anderen Stoffresten aus verschiedenen Fabriken gef\u00fcllt ist. Diese Materialien, die sonst zur Umweltverschmutzung beigetragen h\u00e4tten, werden wiederverwendet, um dem Produkt ein neues Leben zu geben.<\/p>\n<p>Wir bei Samarali haben es uns zur Aufgabe gemacht, denjenigen, die sich auf erholsame Praktiken einlassen, au\u00dfergew\u00f6hnlichen Komfort und Pflege zu bieten und sie auf ihrem Weg zu Frieden und Selbsterkenntnis zu begleiten. Das Zafu- und Zabuton-Set ist ein wahres Meisterwerk. Es wurde entwickelt, um Ihre Meditationspraxis m\u00fchelos und \u00e4u\u00dferst lohnend zu machen, selbst wenn Ihr Geist rasend ist.<\/p>\n","protected":false},"excerpt":{"rendered":"<p>Erh\u00f6hen Sie Ihre Meditationserfahrung mit unserem Zafu- und Zabuton-Set, das sorgf\u00e4ltig f\u00fcr Komfort, Haltungsausrichtung und nahtlose Integration in jeden Raum entwickelt wurde.<\/p>\n","protected":false},"featured_media":20929,"comment_status":"open","ping_status":"closed","template":"","meta":{"_acf_changed":false,"_improvement_type_select":"improve_an_existing","_thumb_yes_seoaic":false,"_frame_yes_seoaic":false,"seoaic_generate_description":"","seoaic_improve_instructions_prompt":"","seoaic_rollback_content_improvement":"","seoaic_idea_thumbnail_generator":"","thumbnail_generated":false,"thumbnail_generate_prompt":"","seoaic_article_description":"","inline_featured_image":false},"product_cat":[264,300],"product_tag":[],"class_list":{"0":"post-28341","1":"product","2":"type-product","3":"status-publish","4":"has-post-thumbnail","6":"product_cat-meditation-de","7":"product_cat-meditationssets","9":"first","10":"instock","11":"shipping-taxable","12":"purchasable","13":"product-type-variable"},"acf":[],"yoast_head":"<!-- This site is optimized with the Yoast SEO Premium plugin v27.3 (Yoast SEO v27.3) - https:\/\/yoast.com\/product\/yoast-seo-premium-wordpress\/ -->\n<title>Zafu und Zabuton Set mit rundem Lotus-Kissen - Samarali<\/title>\n<meta name=\"description\" content=\"Zafu und Zabuton Set, hergestellt aus Bio-Baumwolle und gef\u00fcllt mit umweltfreundlichen Materialien. Er wurde f\u00fcr Komfort und Haltungsunterst\u00fctzung entwickelt und ist perfekt f\u00fcr jeden Raum.\" \/>\n<meta name=\"robots\" content=\"index, follow, max-snippet:-1, max-image-preview:large, max-video-preview:-1\" \/>\n<link rel=\"canonical\" href=\"https:\/\/samarali.com\/de\/produkt\/zafu-und-zabuton-set-mit-rundem-lotus-kissen\/\" \/>\n<meta property=\"og:locale\" content=\"de_DE\" \/>\n<meta property=\"og:type\" content=\"article\" \/>\n<meta property=\"og:title\" content=\"Zafu und Zabuton Set mit rundem Lotus-Kissen - Samarali\" \/>\n<meta property=\"og:description\" content=\"Zafu und Zabuton Set, hergestellt aus Bio-Baumwolle und gef\u00fcllt mit umweltfreundlichen Materialien. Er wurde f\u00fcr Komfort und Haltungsunterst\u00fctzung entwickelt und ist perfekt f\u00fcr jeden Raum.\" \/>\n<meta property=\"og:url\" content=\"https:\/\/samarali.com\/de\/produkt\/zafu-und-zabuton-set-mit-rundem-lotus-kissen\/\" \/>\n<meta property=\"og:site_name\" content=\"Samarali\" \/>\n<meta property=\"article:publisher\" content=\"https:\/\/www.facebook.com\/samaraliyoga\" \/>\n<meta property=\"article:modified_time\" content=\"2025-12-06T11:22:42+00:00\" \/>\n<meta property=\"og:image\" content=\"https:\/\/samarali.com\/wp-content\/uploads\/2024\/08\/Med-set-with-cushion-Round_Chateau-grey_04.jpg\" \/>\n\t<meta property=\"og:image:width\" content=\"1000\" \/>\n\t<meta property=\"og:image:height\" content=\"1000\" \/>\n\t<meta property=\"og:image:type\" content=\"image\/jpeg\" \/>\n<meta name=\"twitter:card\" content=\"summary_large_image\" \/>\n<meta name=\"twitter:label1\" content=\"Verf\u00fcgbarkeit\" \/>\n\t<meta name=\"twitter:data1\" content=\"Auf Lager\" \/>\n<script type=\"application\/ld+json\" class=\"yoast-schema-graph\">{\"@context\":\"https:\\\/\\\/schema.org\",\"@graph\":[{\"@type\":\"WebPage\",\"@id\":\"https:\\\/\\\/samarali.com\\\/de\\\/produkt\\\/zafu-und-zabuton-set-mit-rundem-lotus-kissen\\\/\",\"url\":\"https:\\\/\\\/samarali.com\\\/de\\\/produkt\\\/zafu-und-zabuton-set-mit-rundem-lotus-kissen\\\/\",\"name\":\"Zafu und Zabuton Set mit rundem Lotus-Kissen - Samarali\",\"isPartOf\":{\"@id\":\"https:\\\/\\\/samarali.com\\\/de\\\/#website\"},\"primaryImageOfPage\":{\"@id\":\"https:\\\/\\\/samarali.com\\\/de\\\/produkt\\\/zafu-und-zabuton-set-mit-rundem-lotus-kissen\\\/#primaryimage\"},\"image\":{\"@id\":\"https:\\\/\\\/samarali.com\\\/de\\\/produkt\\\/zafu-und-zabuton-set-mit-rundem-lotus-kissen\\\/#primaryimage\"},\"thumbnailUrl\":\"https:\\\/\\\/samarali.com\\\/wp-content\\\/uploads\\\/2024\\\/08\\\/Med-set-with-cushion-Round_Chateau-grey_04.jpg\",\"datePublished\":\"2024-08-07T07:50:35+00:00\",\"dateModified\":\"2025-12-06T11:22:42+00:00\",\"description\":\"Zafu und Zabuton Set, hergestellt aus Bio-Baumwolle und gef\u00fcllt mit umweltfreundlichen Materialien. Er wurde f\u00fcr Komfort und Haltungsunterst\u00fctzung entwickelt und ist perfekt f\u00fcr jeden Raum.\",\"breadcrumb\":{\"@id\":\"https:\\\/\\\/samarali.com\\\/de\\\/produkt\\\/zafu-und-zabuton-set-mit-rundem-lotus-kissen\\\/#breadcrumb\"},\"inLanguage\":\"de\",\"potentialAction\":[{\"@type\":\"ReadAction\",\"target\":[\"https:\\\/\\\/samarali.com\\\/de\\\/produkt\\\/zafu-und-zabuton-set-mit-rundem-lotus-kissen\\\/\"]}]},{\"@type\":\"ImageObject\",\"inLanguage\":\"de\",\"@id\":\"https:\\\/\\\/samarali.com\\\/de\\\/produkt\\\/zafu-und-zabuton-set-mit-rundem-lotus-kissen\\\/#primaryimage\",\"url\":\"https:\\\/\\\/samarali.com\\\/wp-content\\\/uploads\\\/2024\\\/08\\\/Med-set-with-cushion-Round_Chateau-grey_04.jpg\",\"contentUrl\":\"https:\\\/\\\/samarali.com\\\/wp-content\\\/uploads\\\/2024\\\/08\\\/Med-set-with-cushion-Round_Chateau-grey_04.jpg\",\"width\":1000,\"height\":1000,\"caption\":\"Med Set mit Kissen Round Chateau grau 04\"},{\"@type\":\"BreadcrumbList\",\"@id\":\"https:\\\/\\\/samarali.com\\\/de\\\/produkt\\\/zafu-und-zabuton-set-mit-rundem-lotus-kissen\\\/#breadcrumb\",\"itemListElement\":[{\"@type\":\"ListItem\",\"position\":1,\"name\":\"Startseite\",\"item\":\"https:\\\/\\\/samarali.com\\\/de\\\/startseite\\\/\"},{\"@type\":\"ListItem\",\"position\":2,\"name\":\"Shop\",\"item\":\"https:\\\/\\\/samarali.com\\\/de\\\/shop\\\/\"},{\"@type\":\"ListItem\",\"position\":3,\"name\":\"Zafu und Zabuton Set mit rundem Lotus-Kissen\"}]},{\"@type\":\"WebSite\",\"@id\":\"https:\\\/\\\/samarali.com\\\/de\\\/#website\",\"url\":\"https:\\\/\\\/samarali.com\\\/de\\\/\",\"name\":\"Samarali\",\"description\":\"Samarali ist eine nachhaltige Yoga- und Lifestyle-Marke mit Sitz in den Niederlanden\",\"publisher\":{\"@id\":\"https:\\\/\\\/samarali.com\\\/de\\\/#organization\"},\"potentialAction\":[{\"@type\":\"SearchAction\",\"target\":{\"@type\":\"EntryPoint\",\"urlTemplate\":\"https:\\\/\\\/samarali.com\\\/de\\\/?s={search_term_string}\"},\"query-input\":{\"@type\":\"PropertyValueSpecification\",\"valueRequired\":true,\"valueName\":\"search_term_string\"}}],\"inLanguage\":\"de\"},{\"@type\":\"Organization\",\"@id\":\"https:\\\/\\\/samarali.com\\\/de\\\/#organization\",\"name\":\"Samarali\",\"url\":\"https:\\\/\\\/samarali.com\\\/de\\\/\",\"logo\":{\"@type\":\"ImageObject\",\"inLanguage\":\"de\",\"@id\":\"https:\\\/\\\/samarali.com\\\/de\\\/#\\\/schema\\\/logo\\\/image\\\/\",\"url\":\"https:\\\/\\\/samarali.com\\\/wp-content\\\/uploads\\\/2024\\\/05\\\/cropped-samarali-icon.png\",\"contentUrl\":\"https:\\\/\\\/samarali.com\\\/wp-content\\\/uploads\\\/2024\\\/05\\\/cropped-samarali-icon.png\",\"width\":512,\"height\":512,\"caption\":\"Samarali\"},\"image\":{\"@id\":\"https:\\\/\\\/samarali.com\\\/de\\\/#\\\/schema\\\/logo\\\/image\\\/\"},\"sameAs\":[\"https:\\\/\\\/www.facebook.com\\\/samaraliyoga\",\"https:\\\/\\\/www.linkedin.com\\\/company\\\/69563155\\\/\",\"https:\\\/\\\/www.instagram.com\\\/samaraliyoga\\\/\",\"https:\\\/\\\/nl.pinterest.com\\\/Samaraliyoga\\\/\"],\"description\":\"Samarali is a sustainable yoga and lifestyle brand based in the Netherlands\",\"email\":\"info@samarali.com\",\"legalName\":\"Samarali B.V.\",\"vatID\":\"NL859820324B01\",\"numberOfEmployees\":{\"@type\":\"QuantitativeValue\",\"minValue\":\"1\",\"maxValue\":\"10\"}}]}<\/script>\n<meta property=\"og:availability\" content=\"instock\" \/>\n<meta property=\"product:availability\" content=\"instock\" \/>\n<meta property=\"product:condition\" content=\"new\" \/>\n<!-- \/ Yoast SEO Premium plugin. -->","yoast_head_json":{"title":"Zafu und Zabuton Set mit rundem Lotus-Kissen - Samarali","description":"Zafu und Zabuton Set, hergestellt aus Bio-Baumwolle und gef\u00fcllt mit umweltfreundlichen Materialien. Er wurde f\u00fcr Komfort und Haltungsunterst\u00fctzung entwickelt und ist perfekt f\u00fcr jeden Raum.","robots":{"index":"index","follow":"follow","max-snippet":"max-snippet:-1","max-image-preview":"max-image-preview:large","max-video-preview":"max-video-preview:-1"},"canonical":"https:\/\/samarali.com\/de\/produkt\/zafu-und-zabuton-set-mit-rundem-lotus-kissen\/","og_locale":"de_DE","og_type":"article","og_title":"Zafu und Zabuton Set mit rundem Lotus-Kissen - Samarali","og_description":"Zafu und Zabuton Set, hergestellt aus Bio-Baumwolle und gef\u00fcllt mit umweltfreundlichen Materialien. Er wurde f\u00fcr Komfort und Haltungsunterst\u00fctzung entwickelt und ist perfekt f\u00fcr jeden Raum.","og_url":"https:\/\/samarali.com\/de\/produkt\/zafu-und-zabuton-set-mit-rundem-lotus-kissen\/","og_site_name":"Samarali","article_publisher":"https:\/\/www.facebook.com\/samaraliyoga","article_modified_time":"2025-12-06T11:22:42+00:00","og_image":[{"width":1000,"height":1000,"url":"https:\/\/samarali.com\/wp-content\/uploads\/2024\/08\/Med-set-with-cushion-Round_Chateau-grey_04.jpg","type":"image\/jpeg"}],"twitter_card":"summary_large_image","twitter_misc":{"Verf\u00fcgbarkeit":"Auf Lager"},"schema":{"@context":"https:\/\/schema.org","@graph":[{"@type":"WebPage","@id":"https:\/\/samarali.com\/de\/produkt\/zafu-und-zabuton-set-mit-rundem-lotus-kissen\/","url":"https:\/\/samarali.com\/de\/produkt\/zafu-und-zabuton-set-mit-rundem-lotus-kissen\/","name":"Zafu und Zabuton Set mit rundem Lotus-Kissen - Samarali","isPartOf":{"@id":"https:\/\/samarali.com\/de\/#website"},"primaryImageOfPage":{"@id":"https:\/\/samarali.com\/de\/produkt\/zafu-und-zabuton-set-mit-rundem-lotus-kissen\/#primaryimage"},"image":{"@id":"https:\/\/samarali.com\/de\/produkt\/zafu-und-zabuton-set-mit-rundem-lotus-kissen\/#primaryimage"},"thumbnailUrl":"https:\/\/samarali.com\/wp-content\/uploads\/2024\/08\/Med-set-with-cushion-Round_Chateau-grey_04.jpg","datePublished":"2024-08-07T07:50:35+00:00","dateModified":"2025-12-06T11:22:42+00:00","description":"Zafu und Zabuton Set, hergestellt aus Bio-Baumwolle und gef\u00fcllt mit umweltfreundlichen Materialien. Er wurde f\u00fcr Komfort und Haltungsunterst\u00fctzung entwickelt und ist perfekt f\u00fcr jeden Raum.","breadcrumb":{"@id":"https:\/\/samarali.com\/de\/produkt\/zafu-und-zabuton-set-mit-rundem-lotus-kissen\/#breadcrumb"},"inLanguage":"de","potentialAction":[{"@type":"ReadAction","target":["https:\/\/samarali.com\/de\/produkt\/zafu-und-zabuton-set-mit-rundem-lotus-kissen\/"]}]},{"@type":"ImageObject","inLanguage":"de","@id":"https:\/\/samarali.com\/de\/produkt\/zafu-und-zabuton-set-mit-rundem-lotus-kissen\/#primaryimage","url":"https:\/\/samarali.com\/wp-content\/uploads\/2024\/08\/Med-set-with-cushion-Round_Chateau-grey_04.jpg","contentUrl":"https:\/\/samarali.com\/wp-content\/uploads\/2024\/08\/Med-set-with-cushion-Round_Chateau-grey_04.jpg","width":1000,"height":1000,"caption":"Med Set mit Kissen Round Chateau grau 04"},{"@type":"BreadcrumbList","@id":"https:\/\/samarali.com\/de\/produkt\/zafu-und-zabuton-set-mit-rundem-lotus-kissen\/#breadcrumb","itemListElement":[{"@type":"ListItem","position":1,"name":"Startseite","item":"https:\/\/samarali.com\/de\/startseite\/"},{"@type":"ListItem","position":2,"name":"Shop","item":"https:\/\/samarali.com\/de\/shop\/"},{"@type":"ListItem","position":3,"name":"Zafu und Zabuton Set mit rundem Lotus-Kissen"}]},{"@type":"WebSite","@id":"https:\/\/samarali.com\/de\/#website","url":"https:\/\/samarali.com\/de\/","name":"Samarali","description":"Samarali ist eine nachhaltige Yoga- und Lifestyle-Marke mit Sitz in den Niederlanden","publisher":{"@id":"https:\/\/samarali.com\/de\/#organization"},"potentialAction":[{"@type":"SearchAction","target":{"@type":"EntryPoint","urlTemplate":"https:\/\/samarali.com\/de\/?s={search_term_string}"},"query-input":{"@type":"PropertyValueSpecification","valueRequired":true,"valueName":"search_term_string"}}],"inLanguage":"de"},{"@type":"Organization","@id":"https:\/\/samarali.com\/de\/#organization","name":"Samarali","url":"https:\/\/samarali.com\/de\/","logo":{"@type":"ImageObject","inLanguage":"de","@id":"https:\/\/samarali.com\/de\/#\/schema\/logo\/image\/","url":"https:\/\/samarali.com\/wp-content\/uploads\/2024\/05\/cropped-samarali-icon.png","contentUrl":"https:\/\/samarali.com\/wp-content\/uploads\/2024\/05\/cropped-samarali-icon.png","width":512,"height":512,"caption":"Samarali"},"image":{"@id":"https:\/\/samarali.com\/de\/#\/schema\/logo\/image\/"},"sameAs":["https:\/\/www.facebook.com\/samaraliyoga","https:\/\/www.linkedin.com\/company\/69563155\/","https:\/\/www.instagram.com\/samaraliyoga\/","https:\/\/nl.pinterest.com\/Samaraliyoga\/"],"description":"Samarali is a sustainable yoga and lifestyle brand based in the Netherlands","email":"info@samarali.com","legalName":"Samarali B.V.","vatID":"NL859820324B01","numberOfEmployees":{"@type":"QuantitativeValue","minValue":"1","maxValue":"10"}}]},"og_availability":"instock","product_availability":"instock","product_condition":"new"},"jetpack_sharing_enabled":true,"_links":{"self":[{"href":"https:\/\/samarali.com\/de\/wp-json\/wp\/v2\/product\/28341","targetHints":{"allow":["GET"]}}],"collection":[{"href":"https:\/\/samarali.com\/de\/wp-json\/wp\/v2\/product"}],"about":[{"href":"https:\/\/samarali.com\/de\/wp-json\/wp\/v2\/types\/product"}],"replies":[{"embeddable":true,"href":"https:\/\/samarali.com\/de\/wp-json\/wp\/v2\/comments?post=28341"}],"version-history":[{"count":2,"href":"https:\/\/samarali.com\/de\/wp-json\/wp\/v2\/product\/28341\/revisions"}],"predecessor-version":[{"id":35248,"href":"https:\/\/samarali.com\/de\/wp-json\/wp\/v2\/product\/28341\/revisions\/35248"}],"wp:featuredmedia":[{"embeddable":true,"href":"https:\/\/samarali.com\/de\/wp-json\/wp\/v2\/media\/20929"}],"wp:attachment":[{"href":"https:\/\/samarali.com\/de\/wp-json\/wp\/v2\/media?parent=28341"}],"wp:term":[{"taxonomy":"product_cat","embeddable":true,"href":"https:\/\/samarali.com\/de\/wp-json\/wp\/v2\/product_cat?post=28341"},{"taxonomy":"product_tag","embeddable":true,"href":"https:\/\/samarali.com\/de\/wp-json\/wp\/v2\/product_tag?post=28341"}],"curies":[{"name":"wp","href":"https:\/\/api.w.org\/{rel}","templated":true}]}}